{"id":54291,"date":"2021-06-07T17:37:27","date_gmt":"2021-06-07T15:37:27","guid":{"rendered":"https:\/\/www.editorialjuventud.es\/un-vagabundo-de-los-mares-del-sur-9788426145963\/"},"modified":"2025-01-22T12:54:24","modified_gmt":"2025-01-22T11:54:24","slug":"el-largo-viaje-9788426145963","status":"publish","type":"product","link":"https:\/\/www.editorialjuventud.es\/ca\/el-largo-viaje-9788426145963\/","title":{"rendered":"El largo viaje"},"content":{"rendered":"<p>En 1968 el peri\u00f3dico The Sunday Times de Londres, propuso organizar una regata en solitario y sin escalas alrededor del mundo a un grupo de navegantes entre los que se encontraba Bernard Moitessier. Nunca se hab\u00eda hecho nada parecido. Aqu\u00ed se inici\u00f3 la ins\u00f3lita historia que se narra en este libro: 37.000 millas marinas para llegar al coraz\u00f3n de un hombre. Esta nueva edici\u00f3n incluye un inestimable pr\u00f3logo de Julio Villar, quien comparti\u00f3 escala (y muchas cosas m\u00e1s) con Moitessier en este largo viaje.<\/p>\n","protected":false},"excerpt":{"rendered":"En 1968 el peri\u00f3dico The Sunday Times de Londres, propuso organizar una regata en solitario y sin escalas alrededor del mundo a un grupo de navegantes entre los que se encontraba Bernard Moitessier. Nunca se hab\u00eda hecho nada parecido. Aqu\u00ed [&hellip;]","protected":false},"featured_media":61441,"template":"","meta":{"_acf_changed":false,"_exactmetrics_skip_tracking":false,"_exactmetrics_sitenote_active":false,"_exactmetrics_sitenote_note":"","_exactmetrics_sitenote_category":0},"product_brand":[],"product_cat":[905,892,1115,1120,1117,893],"product_tag":[],"coleccion":[916,1365,936,1363],"class_list":{"0":"post-54291","1":"product","2":"type-product","3":"status-publish","4":"has-post-thumbnail","6":"product_cat-adulto","7":"product_cat-edades","8":"product_cat-generos","9":"product_cat-nautica","10":"product_cat-no-ficcion-adulto","11":"product_cat-novedades","12":"coleccion-castellano","13":"coleccion-grandes-navegantes-viajes-aventuras-y-expediciones-lecturas-en-torno-al-mar","14":"coleccion-lecturas-en-torno-al-mar","15":"coleccion-viajes-aventuras-y-expediciones-lecturas-en-torno-al-mar","17":"first","18":"instock","19":"taxable","20":"shipping-taxable","21":"purchasable","22":"product-type-simple"},"acf":{"indice":"","autor":"Moitessier, Bernard","codart":"4596","ediciones":"1","encuadernacion":"Rustica","fecha_de_publicacion":"01\/01\/2022","fecha_de_reimpresion":"","novedad":"0","paginas":"428","subtitulo":"","texto_web_adicional":"","autores-libros":[16508],"ilustradores-libros":"","texto_web_novedad":"","orden":"999","portada":"0","texto_web_resaltado":"","traductores-libros":[64882],"descripcion_corta":"","recomendamos":"","mas_vendido":"","idioma-libro":"","color":false,"formato":"","mas_informacion_del_producto":false,"premios":false,"deshabilitar_compra":[],"texto_enlace_cubierta":"","enlace_cubierta":{"ID":61464,"id":61464,"title":"cover UN VAGABUDNO (EAN13).indd","filename":"EL-LARGO-VIAJE.jpg","filesize":311025,"url":"https:\/\/www.editorialjuventud.es\/wp-content\/uploads\/EL-LARGO-VIAJE.jpg","link":"https:\/\/www.editorialjuventud.es\/ca\/?attachment_id=61464","alt":"","author":"50","description":"","caption":"","name":"cover-un-vagabudno-ean13-indd-4","status":"inherit","uploaded_to":54291,"date":"2022-01-05 20:58:23","modified":"2022-01-05 20:58:23","menu_order":0,"mime_type":"image\/jpeg","type":"image","subtype":"jpeg","icon":"https:\/\/www.editorialjuventud.es\/wp-includes\/images\/media\/default.png","width":1710,"height":2480,"sizes":{"thumbnail":"https:\/\/www.editorialjuventud.es\/wp-content\/uploads\/EL-LARGO-VIAJE-200x200.jpg","thumbnail-width":200,"thumbnail-height":200,"medium":"https:\/\/www.editorialjuventud.es\/wp-content\/uploads\/EL-LARGO-VIAJE.jpg","medium-width":1710,"medium-height":2480,"medium_large":"https:\/\/www.editorialjuventud.es\/wp-content\/uploads\/EL-LARGO-VIAJE-768x1114.jpg","medium_large-width":768,"medium_large-height":1114,"large":"https:\/\/www.editorialjuventud.es\/wp-content\/uploads\/EL-LARGO-VIAJE.jpg","large-width":1710,"large-height":2480,"1536x1536":"https:\/\/www.editorialjuventud.es\/wp-content\/uploads\/EL-LARGO-VIAJE.jpg","1536x1536-width":1059,"1536x1536-height":1536,"2048x2048":"https:\/\/www.editorialjuventud.es\/wp-content\/uploads\/EL-LARGO-VIAJE.jpg","2048x2048-width":1412,"2048x2048-height":2048,"woocommerce_thumbnail":"https:\/\/www.editorialjuventud.es\/wp-content\/uploads\/EL-LARGO-VIAJE-350x508.jpg","woocommerce_thumbnail-width":350,"woocommerce_thumbnail-height":508,"woocommerce_single":"https:\/\/www.editorialjuventud.es\/wp-content\/uploads\/EL-LARGO-VIAJE-900x1305.jpg","woocommerce_single-width":900,"woocommerce_single-height":1305,"woocommerce_gallery_thumbnail":"https:\/\/www.editorialjuventud.es\/wp-content\/uploads\/EL-LARGO-VIAJE-100x100.jpg","woocommerce_gallery_thumbnail-width":100,"woocommerce_gallery_thumbnail-height":100,"ppec_logo_image_size":"https:\/\/www.editorialjuventud.es\/wp-content\/uploads\/EL-LARGO-VIAJE.jpg","ppec_logo_image_size-width":41,"ppec_logo_image_size-height":60,"ppec_header_image_size":"https:\/\/www.editorialjuventud.es\/wp-content\/uploads\/EL-LARGO-VIAJE.jpg","ppec_header_image_size-width":62,"ppec_header_image_size-height":90}},"texto_enlace_ficha_tecnica":"","enlace_ficha_tecnica":{"ID":61715,"id":61715,"title":"ElLargoViaje","filename":"ElLargoViaje.pdf","filesize":2077866,"url":"https:\/\/www.editorialjuventud.es\/wp-content\/uploads\/ElLargoViaje.pdf","link":"https:\/\/www.editorialjuventud.es\/ca\/?attachment_id=61715","alt":"","author":"50","description":"","caption":"","name":"ellargoviaje","status":"inherit","uploaded_to":54291,"date":"2022-01-12 10:47:06","modified":"2022-01-12 10:47:06","menu_order":0,"mime_type":"application\/pdf","type":"application","subtype":"pdf","icon":"https:\/\/www.editorialjuventud.es\/wp-includes\/images\/media\/document.png"},"ficheros":false,"titulo-fr":"","texto-fr":""},"yoast_head":"<!-- This site is optimized with the Yoast SEO plugin v27.5 - https:\/\/yoast.com\/product\/yoast-seo-wordpress\/ -->\n<title>El largo viaje - Editorial Juventud<\/title>\n<meta name=\"description\" content=\"En 1968 el peri\u00f3dico The Sunday Times de Londres, propuso organizar una regata en solitario y sin escalas alrededor del mundo a un grupo de navegantes\" \/>\n<meta name=\"robots\" content=\"index, follow, max-snippet:-1, max-image-preview:large, max-video-preview:-1\" \/>\n<link rel=\"canonical\" href=\"https:\/\/www.editorialjuventud.es\/el-largo-viaje-9788426145963\/\" \/>\n<meta property=\"og:locale\" content=\"ca_ES\" \/>\n<meta property=\"og:type\" content=\"article\" \/>\n<meta property=\"og:title\" content=\"El largo viaje - Editorial Juventud\" \/>\n<meta property=\"og:description\" content=\"En 1968 el peri\u00f3dico The Sunday Times de Londres, propuso organizar una regata en solitario y sin escalas alrededor del mundo a un grupo de navegantes\" \/>\n<meta property=\"og:url\" content=\"https:\/\/www.editorialjuventud.es\/el-largo-viaje-9788426145963\/\" \/>\n<meta property=\"og:site_name\" content=\"Editorial Juventud\" \/>\n<meta property=\"article:modified_time\" content=\"2025-01-22T11:54:24+00:00\" \/>\n<meta property=\"og:image\" content=\"https:\/\/www.editorialjuventud.es\/wp-content\/uploads\/9788426145963.jpg\" \/>\n\t<meta property=\"og:image:width\" content=\"410\" \/>\n\t<meta property=\"og:image:height\" content=\"595\" \/>\n\t<meta property=\"og:image:type\" content=\"image\/jpeg\" \/>\n<meta name=\"twitter:card\" content=\"summary_large_image\" \/>\n<script type=\"application\/ld+json\" class=\"yoast-schema-graph\">{\"@context\":\"https:\\\/\\\/schema.org\",\"@graph\":[{\"@type\":\"WebPage\",\"@id\":\"https:\\\/\\\/www.editorialjuventud.es\\\/el-largo-viaje-9788426145963\\\/\",\"url\":\"https:\\\/\\\/www.editorialjuventud.es\\\/el-largo-viaje-9788426145963\\\/\",\"name\":\"El largo viaje - Editorial Juventud\",\"isPartOf\":{\"@id\":\"https:\\\/\\\/www.editorialjuventud.es\\\/#website\"},\"primaryImageOfPage\":{\"@id\":\"https:\\\/\\\/www.editorialjuventud.es\\\/el-largo-viaje-9788426145963\\\/#primaryimage\"},\"image\":{\"@id\":\"https:\\\/\\\/www.editorialjuventud.es\\\/el-largo-viaje-9788426145963\\\/#primaryimage\"},\"thumbnailUrl\":\"https:\\\/\\\/www.editorialjuventud.es\\\/wp-content\\\/uploads\\\/9788426145963.jpg\",\"datePublished\":\"2021-06-07T15:37:27+00:00\",\"dateModified\":\"2025-01-22T11:54:24+00:00\",\"description\":\"En 1968 el peri\u00f3dico The Sunday Times de Londres, propuso organizar una regata en solitario y sin escalas alrededor del mundo a un grupo de navegantes\",\"breadcrumb\":{\"@id\":\"https:\\\/\\\/www.editorialjuventud.es\\\/el-largo-viaje-9788426145963\\\/#breadcrumb\"},\"inLanguage\":\"ca\",\"potentialAction\":[{\"@type\":\"ReadAction\",\"target\":[\"https:\\\/\\\/www.editorialjuventud.es\\\/el-largo-viaje-9788426145963\\\/\"]}]},{\"@type\":\"ImageObject\",\"inLanguage\":\"ca\",\"@id\":\"https:\\\/\\\/www.editorialjuventud.es\\\/el-largo-viaje-9788426145963\\\/#primaryimage\",\"url\":\"https:\\\/\\\/www.editorialjuventud.es\\\/wp-content\\\/uploads\\\/9788426145963.jpg\",\"contentUrl\":\"https:\\\/\\\/www.editorialjuventud.es\\\/wp-content\\\/uploads\\\/9788426145963.jpg\",\"width\":410,\"height\":595,\"caption\":\"9788426145963.jpg\"},{\"@type\":\"BreadcrumbList\",\"@id\":\"https:\\\/\\\/www.editorialjuventud.es\\\/el-largo-viaje-9788426145963\\\/#breadcrumb\",\"itemListElement\":[{\"@type\":\"ListItem\",\"position\":1,\"name\":\"Portada\",\"item\":\"https:\\\/\\\/www.editorialjuventud.es\\\/\"},{\"@type\":\"ListItem\",\"position\":2,\"name\":\"cat\u00e1logo\",\"item\":\"https:\\\/\\\/www.editorialjuventud.es\\\/coleccion\\\/catalogo\\\/\"},{\"@type\":\"ListItem\",\"position\":3,\"name\":\"castellano\",\"item\":\"https:\\\/\\\/www.editorialjuventud.es\\\/coleccion\\\/castellano\\\/\"},{\"@type\":\"ListItem\",\"position\":4,\"name\":\"Lecturas En torno al Mar\",\"item\":\"https:\\\/\\\/www.editorialjuventud.es\\\/coleccion\\\/lecturas-en-torno-al-mar\\\/\"},{\"@type\":\"ListItem\",\"position\":5,\"name\":\"Viajes, Aventuras y Expediciones\",\"item\":\"https:\\\/\\\/www.editorialjuventud.es\\\/coleccion\\\/viajes-aventuras-y-expediciones-lecturas-en-torno-al-mar\\\/\"},{\"@type\":\"ListItem\",\"position\":6,\"name\":\"Grandes Navegantes\",\"item\":\"https:\\\/\\\/www.editorialjuventud.es\\\/coleccion\\\/grandes-navegantes-viajes-aventuras-y-expediciones-lecturas-en-torno-al-mar\\\/\"},{\"@type\":\"ListItem\",\"position\":7,\"name\":\"El largo viaje\"}]},{\"@type\":\"WebSite\",\"@id\":\"https:\\\/\\\/www.editorialjuventud.es\\\/#website\",\"url\":\"https:\\\/\\\/www.editorialjuventud.es\\\/\",\"name\":\"Editorial Juventud\",\"description\":\"\",\"potentialAction\":[{\"@type\":\"SearchAction\",\"target\":{\"@type\":\"EntryPoint\",\"urlTemplate\":\"https:\\\/\\\/www.editorialjuventud.es\\\/?s={search_term_string}\"},\"query-input\":{\"@type\":\"PropertyValueSpecification\",\"valueRequired\":true,\"valueName\":\"search_term_string\"}}],\"inLanguage\":\"ca\"}]}<\/script>\n<!-- \/ Yoast SEO plugin. -->","yoast_head_json":{"title":"El largo viaje - Editorial Juventud","description":"En 1968 el peri\u00f3dico The Sunday Times de Londres, propuso organizar una regata en solitario y sin escalas alrededor del mundo a un grupo de navegantes","robots":{"index":"index","follow":"follow","max-snippet":"max-snippet:-1","max-image-preview":"max-image-preview:large","max-video-preview":"max-video-preview:-1"},"canonical":"https:\/\/www.editorialjuventud.es\/el-largo-viaje-9788426145963\/","og_locale":"ca_ES","og_type":"article","og_title":"El largo viaje - Editorial Juventud","og_description":"En 1968 el peri\u00f3dico The Sunday Times de Londres, propuso organizar una regata en solitario y sin escalas alrededor del mundo a un grupo de navegantes","og_url":"https:\/\/www.editorialjuventud.es\/el-largo-viaje-9788426145963\/","og_site_name":"Editorial Juventud","article_modified_time":"2025-01-22T11:54:24+00:00","og_image":[{"width":410,"height":595,"url":"https:\/\/www.editorialjuventud.es\/wp-content\/uploads\/9788426145963.jpg","type":"image\/jpeg"}],"twitter_card":"summary_large_image","schema":{"@context":"https:\/\/schema.org","@graph":[{"@type":"WebPage","@id":"https:\/\/www.editorialjuventud.es\/el-largo-viaje-9788426145963\/","url":"https:\/\/www.editorialjuventud.es\/el-largo-viaje-9788426145963\/","name":"El largo viaje - Editorial Juventud","isPartOf":{"@id":"https:\/\/www.editorialjuventud.es\/#website"},"primaryImageOfPage":{"@id":"https:\/\/www.editorialjuventud.es\/el-largo-viaje-9788426145963\/#primaryimage"},"image":{"@id":"https:\/\/www.editorialjuventud.es\/el-largo-viaje-9788426145963\/#primaryimage"},"thumbnailUrl":"https:\/\/www.editorialjuventud.es\/wp-content\/uploads\/9788426145963.jpg","datePublished":"2021-06-07T15:37:27+00:00","dateModified":"2025-01-22T11:54:24+00:00","description":"En 1968 el peri\u00f3dico The Sunday Times de Londres, propuso organizar una regata en solitario y sin escalas alrededor del mundo a un grupo de navegantes","breadcrumb":{"@id":"https:\/\/www.editorialjuventud.es\/el-largo-viaje-9788426145963\/#breadcrumb"},"inLanguage":"ca","potentialAction":[{"@type":"ReadAction","target":["https:\/\/www.editorialjuventud.es\/el-largo-viaje-9788426145963\/"]}]},{"@type":"ImageObject","inLanguage":"ca","@id":"https:\/\/www.editorialjuventud.es\/el-largo-viaje-9788426145963\/#primaryimage","url":"https:\/\/www.editorialjuventud.es\/wp-content\/uploads\/9788426145963.jpg","contentUrl":"https:\/\/www.editorialjuventud.es\/wp-content\/uploads\/9788426145963.jpg","width":410,"height":595,"caption":"9788426145963.jpg"},{"@type":"BreadcrumbList","@id":"https:\/\/www.editorialjuventud.es\/el-largo-viaje-9788426145963\/#breadcrumb","itemListElement":[{"@type":"ListItem","position":1,"name":"Portada","item":"https:\/\/www.editorialjuventud.es\/"},{"@type":"ListItem","position":2,"name":"cat\u00e1logo","item":"https:\/\/www.editorialjuventud.es\/coleccion\/catalogo\/"},{"@type":"ListItem","position":3,"name":"castellano","item":"https:\/\/www.editorialjuventud.es\/coleccion\/castellano\/"},{"@type":"ListItem","position":4,"name":"Lecturas En torno al Mar","item":"https:\/\/www.editorialjuventud.es\/coleccion\/lecturas-en-torno-al-mar\/"},{"@type":"ListItem","position":5,"name":"Viajes, Aventuras y Expediciones","item":"https:\/\/www.editorialjuventud.es\/coleccion\/viajes-aventuras-y-expediciones-lecturas-en-torno-al-mar\/"},{"@type":"ListItem","position":6,"name":"Grandes Navegantes","item":"https:\/\/www.editorialjuventud.es\/coleccion\/grandes-navegantes-viajes-aventuras-y-expediciones-lecturas-en-torno-al-mar\/"},{"@type":"ListItem","position":7,"name":"El largo viaje"}]},{"@type":"WebSite","@id":"https:\/\/www.editorialjuventud.es\/#website","url":"https:\/\/www.editorialjuventud.es\/","name":"Editorial Juventud","description":"","potentialAction":[{"@type":"SearchAction","target":{"@type":"EntryPoint","urlTemplate":"https:\/\/www.editorialjuventud.es\/?s={search_term_string}"},"query-input":{"@type":"PropertyValueSpecification","valueRequired":true,"valueName":"search_term_string"}}],"inLanguage":"ca"}]}},"_links":{"self":[{"href":"https:\/\/www.editorialjuventud.es\/ca\/wp-json\/wp\/v2\/product\/54291","targetHints":{"allow":["GET"]}}],"collection":[{"href":"https:\/\/www.editorialjuventud.es\/ca\/wp-json\/wp\/v2\/product"}],"about":[{"href":"https:\/\/www.editorialjuventud.es\/ca\/wp-json\/wp\/v2\/types\/product"}],"wp:featuredmedia":[{"embeddable":true,"href":"https:\/\/www.editorialjuventud.es\/ca\/wp-json\/wp\/v2\/media\/61441"}],"wp:attachment":[{"href":"https:\/\/www.editorialjuventud.es\/ca\/wp-json\/wp\/v2\/media?parent=54291"}],"wp:term":[{"taxonomy":"product_brand","embeddable":true,"href":"https:\/\/www.editorialjuventud.es\/ca\/wp-json\/wp\/v2\/product_brand?post=54291"},{"taxonomy":"product_cat","embeddable":true,"href":"https:\/\/www.editorialjuventud.es\/ca\/wp-json\/wp\/v2\/product_cat?post=54291"},{"taxonomy":"product_tag","embeddable":true,"href":"https:\/\/www.editorialjuventud.es\/ca\/wp-json\/wp\/v2\/product_tag?post=54291"},{"taxonomy":"coleccion","embeddable":true,"href":"https:\/\/www.editorialjuventud.es\/ca\/wp-json\/wp\/v2\/coleccion?post=54291"}],"curies":[{"name":"wp","href":"https:\/\/api.w.org\/{rel}","templated":true}]}}