{"id":54287,"date":"2021-06-07T17:36:43","date_gmt":"2021-06-07T15:36:43","guid":{"rendered":"https:\/\/www.editorialjuventud.es\/el-ultimo-verano-9788426147257\/"},"modified":"2025-01-22T12:45:23","modified_gmt":"2025-01-22T11:45:23","slug":"el-ultimo-verano-9788426147257","status":"publish","type":"product","link":"https:\/\/www.editorialjuventud.es\/ca\/el-ultimo-verano-9788426147257\/","title":{"rendered":"El \u00faltimo verano"},"content":{"rendered":"<p>Un magn\u00edfico \u00e1lbum sin texto que nos narra la historia de c\u00f3mo un ni\u00f1o y su perro saborean cada instante de un verano que se quedar\u00e1 grabado por siempre jam\u00e1s en su memoria.<\/p>\n<p>A veces las personas est\u00e1n tan ocupadas que pasan muchos momentos preciosos sin darse cuenta de que podr\u00edan conservarlos como hermosos recuerdos. Se necesita tiempo para mirar a nuestro alrededor y recordar el valor de la felicidad. Observar en el cielo estrellado la v\u00eda l\u00e1ctea, saltar al agua fr\u00eda de un chapuz\u00f3n, encontrarse con peque\u00f1os peces rayados&#8230; Acercarse en silencio a la madre naturaleza y darse cuenta de la inmensa belleza de la vida.<\/p>\n<p>Con unas ilustraciones exquisitas de estilo oriental, este libro tan especial no trata de explicar c\u00f3mo se siente su protagonista con palabras, sino que invita a los lectores a experimentar y absorber las mismas emociones que siente el chico en cada doble p\u00e1gina. Un libro para todas las edades con una historia que hace que los lectores se concentren en im\u00e1genes y emociones que podemos olvidar f\u00e1cilmente en nuestra ocupada vida diaria.<\/p>\n","protected":false},"excerpt":{"rendered":"Un magn\u00edfico \u00e1lbum sin texto que nos narra la historia de c\u00f3mo un ni\u00f1o y su perro saborean cada instante de un verano que se quedar\u00e1 grabado por siempre jam\u00e1s en su memoria. A veces las personas est\u00e1n tan ocupadas [&hellip;]","protected":false},"featured_media":54288,"template":"","meta":{"_acf_changed":false,"_exactmetrics_skip_tracking":false,"_exactmetrics_sitenote_active":false,"_exactmetrics_sitenote_note":"","_exactmetrics_sitenote_category":0},"product_brand":[],"product_cat":[900,1121,1220,892,1115,1191,893,1128,910,1229],"product_tag":[],"coleccion":[928,916,988],"class_list":{"0":"post-54287","1":"product","2":"type-product","3":"status-publish","4":"has-post-thumbnail","6":"product_cat-a-partir-de-5-anos","7":"product_cat-albumes-ilustrados","8":"product_cat-convivencia-relaciones-interculturales","9":"product_cat-edades","10":"product_cat-generos","11":"product_cat-madres","12":"product_cat-novedades","13":"product_cat-tematica","14":"product_cat-ultimas-novedades","15":"product_cat-vacaciones-viajes","16":"coleccion-albumes-ilustrados","17":"coleccion-castellano","18":"coleccion-convivencia-y-multiculturalidad","20":"first","21":"instock","22":"taxable","23":"shipping-taxable","24":"purchasable","25":"product-type-simple"},"acf":{"indice":"","autor":"Jihyun, Kim","codart":"4725","ediciones":"1","encuadernacion":"Carton\u00e9","fecha_de_publicacion":"01\/06\/2021","fecha_de_reimpresion":"","novedad":"0","paginas":"56","subtitulo":"","texto_web_adicional":"","autores-libros":[54410],"ilustradores-libros":[54410],"texto_web_novedad":"","orden":"999","portada":"0","texto_web_resaltado":"","traductores-libros":[58416],"descripcion_corta":"","recomendamos":"","mas_vendido":"","idioma-libro":"","color":false,"formato":"","mas_informacion_del_producto":false,"premios":false,"deshabilitar_compra":[],"texto_enlace_cubierta":"","enlace_cubierta":{"ID":54433,"id":54433,"title":"9788426147257.jpg","filename":"9788426147257-1.jpg","filesize":140788,"url":"https:\/\/www.editorialjuventud.es\/wp-content\/uploads\/9788426147257-1.jpg","link":"https:\/\/www.editorialjuventud.es\/ca\/?attachment_id=54433","alt":"9788426147257.jpg","author":"13","description":"","caption":"","name":"9788426147257-1-jpg","status":"inherit","uploaded_to":54432,"date":"2021-06-11 10:46:01","modified":"2021-06-11 10:46:02","menu_order":0,"mime_type":"image\/jpeg","type":"image","subtype":"jpeg","icon":"https:\/\/www.editorialjuventud.es\/wp-includes\/images\/media\/default.png","width":852,"height":1200,"sizes":{"thumbnail":"https:\/\/www.editorialjuventud.es\/wp-content\/uploads\/9788426147257-1-200x200.jpg","thumbnail-width":200,"thumbnail-height":200,"medium":"https:\/\/www.editorialjuventud.es\/wp-content\/uploads\/9788426147257-1.jpg","medium-width":852,"medium-height":1200,"medium_large":"https:\/\/www.editorialjuventud.es\/wp-content\/uploads\/9788426147257-1-768x1082.jpg","medium_large-width":768,"medium_large-height":1082,"large":"https:\/\/www.editorialjuventud.es\/wp-content\/uploads\/9788426147257-1.jpg","large-width":852,"large-height":1200,"1536x1536":"https:\/\/www.editorialjuventud.es\/wp-content\/uploads\/9788426147257-1.jpg","1536x1536-width":852,"1536x1536-height":1200,"2048x2048":"https:\/\/www.editorialjuventud.es\/wp-content\/uploads\/9788426147257-1.jpg","2048x2048-width":852,"2048x2048-height":1200,"woocommerce_thumbnail":"https:\/\/www.editorialjuventud.es\/wp-content\/uploads\/9788426147257-1-350x493.jpg","woocommerce_thumbnail-width":350,"woocommerce_thumbnail-height":493,"woocommerce_single":"https:\/\/www.editorialjuventud.es\/wp-content\/uploads\/9788426147257-1.jpg","woocommerce_single-width":852,"woocommerce_single-height":1200,"woocommerce_gallery_thumbnail":"https:\/\/www.editorialjuventud.es\/wp-content\/uploads\/9788426147257-1-100x100.jpg","woocommerce_gallery_thumbnail-width":100,"woocommerce_gallery_thumbnail-height":100,"ppec_logo_image_size":"https:\/\/www.editorialjuventud.es\/wp-content\/uploads\/9788426147257-1.jpg","ppec_logo_image_size-width":43,"ppec_logo_image_size-height":60,"ppec_header_image_size":"https:\/\/www.editorialjuventud.es\/wp-content\/uploads\/9788426147257-1.jpg","ppec_header_image_size-width":64,"ppec_header_image_size-height":90}},"texto_enlace_ficha_tecnica":"","enlace_ficha_tecnica":{"ID":54545,"id":54545,"title":"El U\u0301ltimo Verano","filename":"El-U\u0301ltimo-Verano.pdf","filesize":844937,"url":"https:\/\/www.editorialjuventud.es\/wp-content\/uploads\/El-U\u0301ltimo-Verano.pdf","link":"https:\/\/www.editorialjuventud.es\/ca\/?attachment_id=54545","alt":"","author":"50","description":"","caption":"","name":"el-ultimo-verano","status":"inherit","uploaded_to":54287,"date":"2021-06-14 18:40:26","modified":"2021-06-14 18:40:26","menu_order":0,"mime_type":"application\/pdf","type":"application","subtype":"pdf","icon":"https:\/\/www.editorialjuventud.es\/wp-includes\/images\/media\/document.png"},"ficheros":false,"titulo-fr":"","texto-fr":""},"yoast_head":"<!-- This site is optimized with the Yoast SEO plugin v27.5 - https:\/\/yoast.com\/product\/yoast-seo-wordpress\/ -->\n<title>El \u00faltimo verano - Editorial Juventud<\/title>\n<meta name=\"description\" content=\"Un magn\u00edfico \u00e1lbum sin texto que nos narra la historia de c\u00f3mo un ni\u00f1o y su perro saborean cada instante de un verano que se quedar\u00e1 grabado por siempre\" \/>\n<meta name=\"robots\" content=\"index, follow, max-snippet:-1, max-image-preview:large, max-video-preview:-1\" \/>\n<link rel=\"canonical\" href=\"https:\/\/www.editorialjuventud.es\/el-ultimo-verano-9788426147257\/\" \/>\n<meta property=\"og:locale\" content=\"ca_ES\" \/>\n<meta property=\"og:type\" content=\"article\" \/>\n<meta property=\"og:title\" content=\"El \u00faltimo verano - Editorial Juventud\" \/>\n<meta property=\"og:description\" content=\"Un magn\u00edfico \u00e1lbum sin texto que nos narra la historia de c\u00f3mo un ni\u00f1o y su perro saborean cada instante de un verano que se quedar\u00e1 grabado por siempre\" \/>\n<meta property=\"og:url\" content=\"https:\/\/www.editorialjuventud.es\/el-ultimo-verano-9788426147257\/\" \/>\n<meta property=\"og:site_name\" content=\"Editorial Juventud\" \/>\n<meta property=\"article:modified_time\" content=\"2025-01-22T11:45:23+00:00\" \/>\n<meta property=\"og:image\" content=\"https:\/\/www.editorialjuventud.es\/wp-content\/uploads\/9788426147257202-e1682004338900.jpg\" \/>\n\t<meta property=\"og:image:width\" content=\"852\" \/>\n\t<meta property=\"og:image:height\" content=\"1200\" \/>\n\t<meta property=\"og:image:type\" content=\"image\/jpeg\" \/>\n<meta name=\"twitter:card\" content=\"summary_large_image\" \/>\n<meta name=\"twitter:label1\" content=\"Temps estimat de lectura\" \/>\n\t<meta name=\"twitter:data1\" content=\"1 minut\" \/>\n<script type=\"application\/ld+json\" class=\"yoast-schema-graph\">{\"@context\":\"https:\\\/\\\/schema.org\",\"@graph\":[{\"@type\":\"WebPage\",\"@id\":\"https:\\\/\\\/www.editorialjuventud.es\\\/el-ultimo-verano-9788426147257\\\/\",\"url\":\"https:\\\/\\\/www.editorialjuventud.es\\\/el-ultimo-verano-9788426147257\\\/\",\"name\":\"El \u00faltimo verano - Editorial Juventud\",\"isPartOf\":{\"@id\":\"https:\\\/\\\/www.editorialjuventud.es\\\/#website\"},\"primaryImageOfPage\":{\"@id\":\"https:\\\/\\\/www.editorialjuventud.es\\\/el-ultimo-verano-9788426147257\\\/#primaryimage\"},\"image\":{\"@id\":\"https:\\\/\\\/www.editorialjuventud.es\\\/el-ultimo-verano-9788426147257\\\/#primaryimage\"},\"thumbnailUrl\":\"https:\\\/\\\/www.editorialjuventud.es\\\/wp-content\\\/uploads\\\/9788426147257202-e1682004338900.jpg\",\"datePublished\":\"2021-06-07T15:36:43+00:00\",\"dateModified\":\"2025-01-22T11:45:23+00:00\",\"description\":\"Un magn\u00edfico \u00e1lbum sin texto que nos narra la historia de c\u00f3mo un ni\u00f1o y su perro saborean cada instante de un verano que se quedar\u00e1 grabado por siempre\",\"breadcrumb\":{\"@id\":\"https:\\\/\\\/www.editorialjuventud.es\\\/el-ultimo-verano-9788426147257\\\/#breadcrumb\"},\"inLanguage\":\"ca\",\"potentialAction\":[{\"@type\":\"ReadAction\",\"target\":[\"https:\\\/\\\/www.editorialjuventud.es\\\/el-ultimo-verano-9788426147257\\\/\"]}]},{\"@type\":\"ImageObject\",\"inLanguage\":\"ca\",\"@id\":\"https:\\\/\\\/www.editorialjuventud.es\\\/el-ultimo-verano-9788426147257\\\/#primaryimage\",\"url\":\"https:\\\/\\\/www.editorialjuventud.es\\\/wp-content\\\/uploads\\\/9788426147257202-e1682004338900.jpg\",\"contentUrl\":\"https:\\\/\\\/www.editorialjuventud.es\\\/wp-content\\\/uploads\\\/9788426147257202-e1682004338900.jpg\",\"width\":852,\"height\":1200,\"caption\":\"9788426147257 (2).jpg\"},{\"@type\":\"BreadcrumbList\",\"@id\":\"https:\\\/\\\/www.editorialjuventud.es\\\/el-ultimo-verano-9788426147257\\\/#breadcrumb\",\"itemListElement\":[{\"@type\":\"ListItem\",\"position\":1,\"name\":\"Portada\",\"item\":\"https:\\\/\\\/www.editorialjuventud.es\\\/\"},{\"@type\":\"ListItem\",\"position\":2,\"name\":\"cat\u00e1logo\",\"item\":\"https:\\\/\\\/www.editorialjuventud.es\\\/coleccion\\\/catalogo\\\/\"},{\"@type\":\"ListItem\",\"position\":3,\"name\":\"castellano\",\"item\":\"https:\\\/\\\/www.editorialjuventud.es\\\/coleccion\\\/castellano\\\/\"},{\"@type\":\"ListItem\",\"position\":4,\"name\":\"\u00c1lbumes Ilustrados\",\"item\":\"https:\\\/\\\/www.editorialjuventud.es\\\/coleccion\\\/albumes-ilustrados\\\/\"},{\"@type\":\"ListItem\",\"position\":5,\"name\":\"Convivencia y Multiculturalidad\",\"item\":\"https:\\\/\\\/www.editorialjuventud.es\\\/coleccion\\\/convivencia-y-multiculturalidad\\\/\"},{\"@type\":\"ListItem\",\"position\":6,\"name\":\"El \u00faltimo verano\"}]},{\"@type\":\"WebSite\",\"@id\":\"https:\\\/\\\/www.editorialjuventud.es\\\/#website\",\"url\":\"https:\\\/\\\/www.editorialjuventud.es\\\/\",\"name\":\"Editorial Juventud\",\"description\":\"\",\"potentialAction\":[{\"@type\":\"SearchAction\",\"target\":{\"@type\":\"EntryPoint\",\"urlTemplate\":\"https:\\\/\\\/www.editorialjuventud.es\\\/?s={search_term_string}\"},\"query-input\":{\"@type\":\"PropertyValueSpecification\",\"valueRequired\":true,\"valueName\":\"search_term_string\"}}],\"inLanguage\":\"ca\"}]}<\/script>\n<!-- \/ Yoast SEO plugin. -->","yoast_head_json":{"title":"El \u00faltimo verano - Editorial Juventud","description":"Un magn\u00edfico \u00e1lbum sin texto que nos narra la historia de c\u00f3mo un ni\u00f1o y su perro saborean cada instante de un verano que se quedar\u00e1 grabado por siempre","robots":{"index":"index","follow":"follow","max-snippet":"max-snippet:-1","max-image-preview":"max-image-preview:large","max-video-preview":"max-video-preview:-1"},"canonical":"https:\/\/www.editorialjuventud.es\/el-ultimo-verano-9788426147257\/","og_locale":"ca_ES","og_type":"article","og_title":"El \u00faltimo verano - Editorial Juventud","og_description":"Un magn\u00edfico \u00e1lbum sin texto que nos narra la historia de c\u00f3mo un ni\u00f1o y su perro saborean cada instante de un verano que se quedar\u00e1 grabado por siempre","og_url":"https:\/\/www.editorialjuventud.es\/el-ultimo-verano-9788426147257\/","og_site_name":"Editorial Juventud","article_modified_time":"2025-01-22T11:45:23+00:00","og_image":[{"width":852,"height":1200,"url":"https:\/\/www.editorialjuventud.es\/wp-content\/uploads\/9788426147257202-e1682004338900.jpg","type":"image\/jpeg"}],"twitter_card":"summary_large_image","twitter_misc":{"Temps estimat de lectura":"1 minut"},"schema":{"@context":"https:\/\/schema.org","@graph":[{"@type":"WebPage","@id":"https:\/\/www.editorialjuventud.es\/el-ultimo-verano-9788426147257\/","url":"https:\/\/www.editorialjuventud.es\/el-ultimo-verano-9788426147257\/","name":"El \u00faltimo verano - Editorial Juventud","isPartOf":{"@id":"https:\/\/www.editorialjuventud.es\/#website"},"primaryImageOfPage":{"@id":"https:\/\/www.editorialjuventud.es\/el-ultimo-verano-9788426147257\/#primaryimage"},"image":{"@id":"https:\/\/www.editorialjuventud.es\/el-ultimo-verano-9788426147257\/#primaryimage"},"thumbnailUrl":"https:\/\/www.editorialjuventud.es\/wp-content\/uploads\/9788426147257202-e1682004338900.jpg","datePublished":"2021-06-07T15:36:43+00:00","dateModified":"2025-01-22T11:45:23+00:00","description":"Un magn\u00edfico \u00e1lbum sin texto que nos narra la historia de c\u00f3mo un ni\u00f1o y su perro saborean cada instante de un verano que se quedar\u00e1 grabado por siempre","breadcrumb":{"@id":"https:\/\/www.editorialjuventud.es\/el-ultimo-verano-9788426147257\/#breadcrumb"},"inLanguage":"ca","potentialAction":[{"@type":"ReadAction","target":["https:\/\/www.editorialjuventud.es\/el-ultimo-verano-9788426147257\/"]}]},{"@type":"ImageObject","inLanguage":"ca","@id":"https:\/\/www.editorialjuventud.es\/el-ultimo-verano-9788426147257\/#primaryimage","url":"https:\/\/www.editorialjuventud.es\/wp-content\/uploads\/9788426147257202-e1682004338900.jpg","contentUrl":"https:\/\/www.editorialjuventud.es\/wp-content\/uploads\/9788426147257202-e1682004338900.jpg","width":852,"height":1200,"caption":"9788426147257 (2).jpg"},{"@type":"BreadcrumbList","@id":"https:\/\/www.editorialjuventud.es\/el-ultimo-verano-9788426147257\/#breadcrumb","itemListElement":[{"@type":"ListItem","position":1,"name":"Portada","item":"https:\/\/www.editorialjuventud.es\/"},{"@type":"ListItem","position":2,"name":"cat\u00e1logo","item":"https:\/\/www.editorialjuventud.es\/coleccion\/catalogo\/"},{"@type":"ListItem","position":3,"name":"castellano","item":"https:\/\/www.editorialjuventud.es\/coleccion\/castellano\/"},{"@type":"ListItem","position":4,"name":"\u00c1lbumes Ilustrados","item":"https:\/\/www.editorialjuventud.es\/coleccion\/albumes-ilustrados\/"},{"@type":"ListItem","position":5,"name":"Convivencia y Multiculturalidad","item":"https:\/\/www.editorialjuventud.es\/coleccion\/convivencia-y-multiculturalidad\/"},{"@type":"ListItem","position":6,"name":"El \u00faltimo verano"}]},{"@type":"WebSite","@id":"https:\/\/www.editorialjuventud.es\/#website","url":"https:\/\/www.editorialjuventud.es\/","name":"Editorial Juventud","description":"","potentialAction":[{"@type":"SearchAction","target":{"@type":"EntryPoint","urlTemplate":"https:\/\/www.editorialjuventud.es\/?s={search_term_string}"},"query-input":{"@type":"PropertyValueSpecification","valueRequired":true,"valueName":"search_term_string"}}],"inLanguage":"ca"}]}},"_links":{"self":[{"href":"https:\/\/www.editorialjuventud.es\/ca\/wp-json\/wp\/v2\/product\/54287","targetHints":{"allow":["GET"]}}],"collection":[{"href":"https:\/\/www.editorialjuventud.es\/ca\/wp-json\/wp\/v2\/product"}],"about":[{"href":"https:\/\/www.editorialjuventud.es\/ca\/wp-json\/wp\/v2\/types\/product"}],"wp:featuredmedia":[{"embeddable":true,"href":"https:\/\/www.editorialjuventud.es\/ca\/wp-json\/wp\/v2\/media\/54288"}],"wp:attachment":[{"href":"https:\/\/www.editorialjuventud.es\/ca\/wp-json\/wp\/v2\/media?parent=54287"}],"wp:term":[{"taxonomy":"product_brand","embeddable":true,"href":"https:\/\/www.editorialjuventud.es\/ca\/wp-json\/wp\/v2\/product_brand?post=54287"},{"taxonomy":"product_cat","embeddable":true,"href":"https:\/\/www.editorialjuventud.es\/ca\/wp-json\/wp\/v2\/product_cat?post=54287"},{"taxonomy":"product_tag","embeddable":true,"href":"https:\/\/www.editorialjuventud.es\/ca\/wp-json\/wp\/v2\/product_tag?post=54287"},{"taxonomy":"coleccion","embeddable":true,"href":"https:\/\/www.editorialjuventud.es\/ca\/wp-json\/wp\/v2\/coleccion?post=54287"}],"curies":[{"name":"wp","href":"https:\/\/api.w.org\/{rel}","templated":true}]}}