{"id":5422,"date":"2018-08-24T10:51:24","date_gmt":"2018-08-24T08:51:24","guid":{"rendered":"http:\/\/www.editorialjuventud.es\/vamos-a-tener-un-bebe\/"},"modified":"2025-01-22T13:39:18","modified_gmt":"2025-01-22T12:39:18","slug":"vamos-a-tener-un-bebe-9788426135094","status":"publish","type":"product","link":"https:\/\/www.editorialjuventud.es\/ca\/vamos-a-tener-un-bebe-9788426135094\/","title":{"rendered":"\u00a1Vamos a tener un beb\u00e9!"},"content":{"rendered":"<p>&#8216;Vamos a tener un beb\u00e9&#8217;, explican la madre y el padre a los gemelos Eva y Mart\u00edn. &#8216;El beb\u00e9 est\u00e1 creciendo en la barriga de mam\u00e1.&#8217; Y, claro, ahora quieren saber c\u00f3mo ha llegado a la barriga de su madre. Por eso se explica paso a paso c\u00f3mo nace un beb\u00e9, por qu\u00e9 los hombres y las mujeres, los ni\u00f1os y las ni\u00f1as son diferentes entre s\u00ed; todo aquello que se desarrolla en la barriga de la madre y c\u00f3mo llega el beb\u00e9 al mundo. Libros tem\u00e1ticos ilustrados. Primeros conocimientos sobre el cuerpo. Informaci\u00f3n especializada para ni\u00f1os de preescolar.<\/p>\n","protected":false},"excerpt":{"rendered":"&#8216;Vamos a tener un beb\u00e9&#8217;, explican la madre y el padre a los gemelos Eva y Mart\u00edn. &#8216;El beb\u00e9 est\u00e1 creciendo en la barriga de mam\u00e1.&#8217; Y, claro, ahora quieren saber c\u00f3mo ha llegado a la barriga de su madre. [&hellip;]","protected":false},"featured_media":9255,"template":"","meta":{"_acf_changed":false,"_exactmetrics_skip_tracking":false,"_exactmetrics_sitenote_active":false,"_exactmetrics_sitenote_note":"","_exactmetrics_sitenote_category":0},"product_brand":[],"product_cat":[900,1159,1171,1182,1123,1200,1221],"product_tag":[],"coleccion":[1065],"class_list":{"0":"post-5422","1":"product","2":"type-product","3":"status-publish","4":"has-post-thumbnail","6":"product_cat-a-partir-de-5-anos","7":"product_cat-cuerpo-humano-anatomia","8":"product_cat-embarazo-gestacion","9":"product_cat-hermanos","10":"product_cat-libros-informativos-infantil","11":"product_cat-nacimiento","12":"product_cat-sexualidad","13":"coleccion-mi-cuerpo","15":"first","16":"instock","17":"taxable","18":"shipping-taxable","19":"purchasable","20":"product-type-simple"},"acf":{"autor":"Tielmann - Lieffering","codart":"3509-9","ediciones":"1","encuadernacion":"Carton\u00e9","fecha_de_publicacion":"01\/01\/2010","novedad":"0","paginas":"26","subtitulo":"","texto_web_adicional":"","texto_web_novedad":"","orden":"999","portada":"0","texto_web_resaltado":"","indice":"","autores-libros":[16645],"ilustradores-libros":[17942],"traductores-libros":"","fecha_de_reimpresion":"","descripcion_corta":"","recomendamos":"","mas_vendido":"","idioma-libro":"","color":false,"formato":"","mas_informacion_del_producto":false,"premios":[{"premio":"Capitol Choices Noteworthy Book for Children and Teens","anyo_del_premio":"2011","pais_del_premio":"EE.UU."},{"premio":"Bank Street CBC Best Children's Book of the Year","anyo_del_premio":"2011","pais_del_premio":"EE.UU."},{"premio":"Oppenheim Toy Portfolio Gold Book Award","anyo_del_premio":"2010","pais_del_premio":"EE.UU."},{"premio":"","anyo_del_premio":"","pais_del_premio":""}],"deshabilitar_compra":[],"texto_enlace_cubierta":"","enlace_cubierta":false,"texto_enlace_ficha_tecnica":"","enlace_ficha_tecnica":false,"ficheros":false,"titulo-fr":"","texto-fr":""},"yoast_head":"<!-- This site is optimized with the Yoast SEO plugin v27.5 - https:\/\/yoast.com\/product\/yoast-seo-wordpress\/ -->\n<title>\u00a1Vamos a tener un beb\u00e9! - Editorial Juventud<\/title>\n<meta name=\"description\" content=\"&#039;Vamos a tener un beb\u00e9&#039;, explican la madre y el padre a los gemelos Eva y Mart\u00edn. &#039;El beb\u00e9 est\u00e1 creciendo en la barriga de mam\u00e1.&#039; Y, claro, ahora quieren\" \/>\n<meta name=\"robots\" content=\"index, follow, max-snippet:-1, max-image-preview:large, max-video-preview:-1\" \/>\n<link rel=\"canonical\" href=\"https:\/\/www.editorialjuventud.es\/vamos-a-tener-un-bebe-9788426135094\/\" \/>\n<meta property=\"og:locale\" content=\"ca_ES\" \/>\n<meta property=\"og:type\" content=\"article\" \/>\n<meta property=\"og:title\" content=\"\u00a1Vamos a tener un beb\u00e9! - Editorial Juventud\" \/>\n<meta property=\"og:description\" content=\"&#039;Vamos a tener un beb\u00e9&#039;, explican la madre y el padre a los gemelos Eva y Mart\u00edn. &#039;El beb\u00e9 est\u00e1 creciendo en la barriga de mam\u00e1.&#039; Y, claro, ahora quieren\" \/>\n<meta property=\"og:url\" content=\"https:\/\/www.editorialjuventud.es\/vamos-a-tener-un-bebe-9788426135094\/\" \/>\n<meta property=\"og:site_name\" content=\"Editorial Juventud\" \/>\n<meta property=\"article:modified_time\" content=\"2025-01-22T12:39:18+00:00\" \/>\n<meta property=\"og:image\" content=\"https:\/\/www.editorialjuventud.es\/wp-content\/uploads\/3509.jpg\" \/>\n\t<meta property=\"og:image:width\" content=\"419\" \/>\n\t<meta property=\"og:image:height\" content=\"395\" \/>\n\t<meta property=\"og:image:type\" content=\"image\/jpeg\" \/>\n<meta name=\"twitter:card\" content=\"summary_large_image\" \/>\n<meta name=\"twitter:label1\" content=\"Temps estimat de lectura\" \/>\n\t<meta name=\"twitter:data1\" content=\"1 minut\" \/>\n<script type=\"application\/ld+json\" class=\"yoast-schema-graph\">{\"@context\":\"https:\\\/\\\/schema.org\",\"@graph\":[{\"@type\":\"WebPage\",\"@id\":\"https:\\\/\\\/www.editorialjuventud.es\\\/vamos-a-tener-un-bebe-9788426135094\\\/\",\"url\":\"https:\\\/\\\/www.editorialjuventud.es\\\/vamos-a-tener-un-bebe-9788426135094\\\/\",\"name\":\"\u00a1Vamos a tener un beb\u00e9! - Editorial Juventud\",\"isPartOf\":{\"@id\":\"https:\\\/\\\/www.editorialjuventud.es\\\/#website\"},\"primaryImageOfPage\":{\"@id\":\"https:\\\/\\\/www.editorialjuventud.es\\\/vamos-a-tener-un-bebe-9788426135094\\\/#primaryimage\"},\"image\":{\"@id\":\"https:\\\/\\\/www.editorialjuventud.es\\\/vamos-a-tener-un-bebe-9788426135094\\\/#primaryimage\"},\"thumbnailUrl\":\"https:\\\/\\\/www.editorialjuventud.es\\\/wp-content\\\/uploads\\\/3509.jpg\",\"datePublished\":\"2018-08-24T08:51:24+00:00\",\"dateModified\":\"2025-01-22T12:39:18+00:00\",\"description\":\"'Vamos a tener un beb\u00e9', explican la madre y el padre a los gemelos Eva y Mart\u00edn. 'El beb\u00e9 est\u00e1 creciendo en la barriga de mam\u00e1.' Y, claro, ahora quieren\",\"breadcrumb\":{\"@id\":\"https:\\\/\\\/www.editorialjuventud.es\\\/vamos-a-tener-un-bebe-9788426135094\\\/#breadcrumb\"},\"inLanguage\":\"ca\",\"potentialAction\":[{\"@type\":\"ReadAction\",\"target\":[\"https:\\\/\\\/www.editorialjuventud.es\\\/vamos-a-tener-un-bebe-9788426135094\\\/\"]}]},{\"@type\":\"ImageObject\",\"inLanguage\":\"ca\",\"@id\":\"https:\\\/\\\/www.editorialjuventud.es\\\/vamos-a-tener-un-bebe-9788426135094\\\/#primaryimage\",\"url\":\"https:\\\/\\\/www.editorialjuventud.es\\\/wp-content\\\/uploads\\\/3509.jpg\",\"contentUrl\":\"https:\\\/\\\/www.editorialjuventud.es\\\/wp-content\\\/uploads\\\/3509.jpg\",\"width\":419,\"height\":395,\"caption\":\"3509.jpg\"},{\"@type\":\"BreadcrumbList\",\"@id\":\"https:\\\/\\\/www.editorialjuventud.es\\\/vamos-a-tener-un-bebe-9788426135094\\\/#breadcrumb\",\"itemListElement\":[{\"@type\":\"ListItem\",\"position\":1,\"name\":\"Portada\",\"item\":\"https:\\\/\\\/www.editorialjuventud.es\\\/\"},{\"@type\":\"ListItem\",\"position\":2,\"name\":\"cat\u00e1logo\",\"item\":\"https:\\\/\\\/www.editorialjuventud.es\\\/coleccion\\\/catalogo\\\/\"},{\"@type\":\"ListItem\",\"position\":3,\"name\":\"castellano\",\"item\":\"https:\\\/\\\/www.editorialjuventud.es\\\/coleccion\\\/castellano\\\/\"},{\"@type\":\"ListItem\",\"position\":4,\"name\":\"\u00c1lbumes Ilustrados\",\"item\":\"https:\\\/\\\/www.editorialjuventud.es\\\/coleccion\\\/albumes-ilustrados\\\/\"},{\"@type\":\"ListItem\",\"position\":5,\"name\":\"Conocer y Comprender\",\"item\":\"https:\\\/\\\/www.editorialjuventud.es\\\/coleccion\\\/conocer-y-comprender\\\/\"},{\"@type\":\"ListItem\",\"position\":6,\"name\":\"Mi Cuerpo\",\"item\":\"https:\\\/\\\/www.editorialjuventud.es\\\/coleccion\\\/mi-cuerpo\\\/\"},{\"@type\":\"ListItem\",\"position\":7,\"name\":\"\u00a1Vamos a tener un beb\u00e9!\"}]},{\"@type\":\"WebSite\",\"@id\":\"https:\\\/\\\/www.editorialjuventud.es\\\/#website\",\"url\":\"https:\\\/\\\/www.editorialjuventud.es\\\/\",\"name\":\"Editorial Juventud\",\"description\":\"\",\"potentialAction\":[{\"@type\":\"SearchAction\",\"target\":{\"@type\":\"EntryPoint\",\"urlTemplate\":\"https:\\\/\\\/www.editorialjuventud.es\\\/?s={search_term_string}\"},\"query-input\":{\"@type\":\"PropertyValueSpecification\",\"valueRequired\":true,\"valueName\":\"search_term_string\"}}],\"inLanguage\":\"ca\"}]}<\/script>\n<!-- \/ Yoast SEO plugin. -->","yoast_head_json":{"title":"\u00a1Vamos a tener un beb\u00e9! - Editorial Juventud","description":"'Vamos a tener un beb\u00e9', explican la madre y el padre a los gemelos Eva y Mart\u00edn. 'El beb\u00e9 est\u00e1 creciendo en la barriga de mam\u00e1.' Y, claro, ahora quieren","robots":{"index":"index","follow":"follow","max-snippet":"max-snippet:-1","max-image-preview":"max-image-preview:large","max-video-preview":"max-video-preview:-1"},"canonical":"https:\/\/www.editorialjuventud.es\/vamos-a-tener-un-bebe-9788426135094\/","og_locale":"ca_ES","og_type":"article","og_title":"\u00a1Vamos a tener un beb\u00e9! - Editorial Juventud","og_description":"'Vamos a tener un beb\u00e9', explican la madre y el padre a los gemelos Eva y Mart\u00edn. 'El beb\u00e9 est\u00e1 creciendo en la barriga de mam\u00e1.' Y, claro, ahora quieren","og_url":"https:\/\/www.editorialjuventud.es\/vamos-a-tener-un-bebe-9788426135094\/","og_site_name":"Editorial Juventud","article_modified_time":"2025-01-22T12:39:18+00:00","og_image":[{"width":419,"height":395,"url":"https:\/\/www.editorialjuventud.es\/wp-content\/uploads\/3509.jpg","type":"image\/jpeg"}],"twitter_card":"summary_large_image","twitter_misc":{"Temps estimat de lectura":"1 minut"},"schema":{"@context":"https:\/\/schema.org","@graph":[{"@type":"WebPage","@id":"https:\/\/www.editorialjuventud.es\/vamos-a-tener-un-bebe-9788426135094\/","url":"https:\/\/www.editorialjuventud.es\/vamos-a-tener-un-bebe-9788426135094\/","name":"\u00a1Vamos a tener un beb\u00e9! - Editorial Juventud","isPartOf":{"@id":"https:\/\/www.editorialjuventud.es\/#website"},"primaryImageOfPage":{"@id":"https:\/\/www.editorialjuventud.es\/vamos-a-tener-un-bebe-9788426135094\/#primaryimage"},"image":{"@id":"https:\/\/www.editorialjuventud.es\/vamos-a-tener-un-bebe-9788426135094\/#primaryimage"},"thumbnailUrl":"https:\/\/www.editorialjuventud.es\/wp-content\/uploads\/3509.jpg","datePublished":"2018-08-24T08:51:24+00:00","dateModified":"2025-01-22T12:39:18+00:00","description":"'Vamos a tener un beb\u00e9', explican la madre y el padre a los gemelos Eva y Mart\u00edn. 'El beb\u00e9 est\u00e1 creciendo en la barriga de mam\u00e1.' Y, claro, ahora quieren","breadcrumb":{"@id":"https:\/\/www.editorialjuventud.es\/vamos-a-tener-un-bebe-9788426135094\/#breadcrumb"},"inLanguage":"ca","potentialAction":[{"@type":"ReadAction","target":["https:\/\/www.editorialjuventud.es\/vamos-a-tener-un-bebe-9788426135094\/"]}]},{"@type":"ImageObject","inLanguage":"ca","@id":"https:\/\/www.editorialjuventud.es\/vamos-a-tener-un-bebe-9788426135094\/#primaryimage","url":"https:\/\/www.editorialjuventud.es\/wp-content\/uploads\/3509.jpg","contentUrl":"https:\/\/www.editorialjuventud.es\/wp-content\/uploads\/3509.jpg","width":419,"height":395,"caption":"3509.jpg"},{"@type":"BreadcrumbList","@id":"https:\/\/www.editorialjuventud.es\/vamos-a-tener-un-bebe-9788426135094\/#breadcrumb","itemListElement":[{"@type":"ListItem","position":1,"name":"Portada","item":"https:\/\/www.editorialjuventud.es\/"},{"@type":"ListItem","position":2,"name":"cat\u00e1logo","item":"https:\/\/www.editorialjuventud.es\/coleccion\/catalogo\/"},{"@type":"ListItem","position":3,"name":"castellano","item":"https:\/\/www.editorialjuventud.es\/coleccion\/castellano\/"},{"@type":"ListItem","position":4,"name":"\u00c1lbumes Ilustrados","item":"https:\/\/www.editorialjuventud.es\/coleccion\/albumes-ilustrados\/"},{"@type":"ListItem","position":5,"name":"Conocer y Comprender","item":"https:\/\/www.editorialjuventud.es\/coleccion\/conocer-y-comprender\/"},{"@type":"ListItem","position":6,"name":"Mi Cuerpo","item":"https:\/\/www.editorialjuventud.es\/coleccion\/mi-cuerpo\/"},{"@type":"ListItem","position":7,"name":"\u00a1Vamos a tener un beb\u00e9!"}]},{"@type":"WebSite","@id":"https:\/\/www.editorialjuventud.es\/#website","url":"https:\/\/www.editorialjuventud.es\/","name":"Editorial Juventud","description":"","potentialAction":[{"@type":"SearchAction","target":{"@type":"EntryPoint","urlTemplate":"https:\/\/www.editorialjuventud.es\/?s={search_term_string}"},"query-input":{"@type":"PropertyValueSpecification","valueRequired":true,"valueName":"search_term_string"}}],"inLanguage":"ca"}]}},"_links":{"self":[{"href":"https:\/\/www.editorialjuventud.es\/ca\/wp-json\/wp\/v2\/product\/5422","targetHints":{"allow":["GET"]}}],"collection":[{"href":"https:\/\/www.editorialjuventud.es\/ca\/wp-json\/wp\/v2\/product"}],"about":[{"href":"https:\/\/www.editorialjuventud.es\/ca\/wp-json\/wp\/v2\/types\/product"}],"wp:featuredmedia":[{"embeddable":true,"href":"https:\/\/www.editorialjuventud.es\/ca\/wp-json\/wp\/v2\/media\/9255"}],"wp:attachment":[{"href":"https:\/\/www.editorialjuventud.es\/ca\/wp-json\/wp\/v2\/media?parent=5422"}],"wp:term":[{"taxonomy":"product_brand","embeddable":true,"href":"https:\/\/www.editorialjuventud.es\/ca\/wp-json\/wp\/v2\/product_brand?post=5422"},{"taxonomy":"product_cat","embeddable":true,"href":"https:\/\/www.editorialjuventud.es\/ca\/wp-json\/wp\/v2\/product_cat?post=5422"},{"taxonomy":"product_tag","embeddable":true,"href":"https:\/\/www.editorialjuventud.es\/ca\/wp-json\/wp\/v2\/product_tag?post=5422"},{"taxonomy":"coleccion","embeddable":true,"href":"https:\/\/www.editorialjuventud.es\/ca\/wp-json\/wp\/v2\/coleccion?post=5422"}],"curies":[{"name":"wp","href":"https:\/\/api.w.org\/{rel}","templated":true}]}}