{"id":5421,"date":"2018-08-24T10:51:19","date_gmt":"2018-08-24T08:51:19","guid":{"rendered":"http:\/\/www.editorialjuventud.es\/tot-allo-que-ens-cal-saber-sobre-el-cos-huma\/"},"modified":"2026-03-27T12:25:14","modified_gmt":"2026-03-27T11:25:14","slug":"tot-allo-que-ens-cal-saber-sobre-el-cos-huma-9788426135087","status":"publish","type":"product","link":"https:\/\/www.editorialjuventud.es\/ca\/tot-allo-que-ens-cal-saber-sobre-el-cos-huma-9788426135087\/","title":{"rendered":"Tot all\u00f2 que ens cal saber sobre el  cos hum\u00e0"},"content":{"rendered":"<p>Coneixes el teu cos? Saps per qu\u00e8 et batega el cor o per qu\u00e8 no caus quan et repenges sobre una cama? Saps qu\u00e8 passa amb el panet que et menges per esmorzar un cop te l\u0092has empassat? o per qu\u00e8 no pots sentir-hi amb el nas per\u00f2 si ho pots fer amb les orelles? En aquest llibre podr\u00e0s observar tot el teu cos de cap a peus i esbrinar tot all\u00f2 que pot arribar a fer!<br \/>\nUn llibre sobre els primers coneixements del cos amb informaci\u00f3 especialitzada per a nens de preescolar .<\/p>\n","protected":false},"excerpt":{"rendered":"Coneixes el teu cos? Saps per qu\u00e8 et batega el cor o per qu\u00e8 no caus quan et repenges sobre una cama? Saps qu\u00e8 passa amb el panet que et menges per esmorzar un cop te l\u0092has empassat? o per [&hellip;]","protected":false},"featured_media":15747,"template":"","meta":{"_acf_changed":false,"_exactmetrics_skip_tracking":false,"_exactmetrics_sitenote_active":false,"_exactmetrics_sitenote_note":"","_exactmetrics_sitenote_category":0},"product_brand":[],"product_cat":[900,1159,1123,1128],"product_tag":[],"coleccion":[1036],"class_list":{"0":"post-5421","1":"product","2":"type-product","3":"status-publish","4":"has-post-thumbnail","6":"product_cat-a-partir-de-5-anos","7":"product_cat-cuerpo-humano-anatomia","8":"product_cat-libros-informativos-infantil","9":"product_cat-tematica","10":"coleccion-el-meu-cos","12":"first","13":"instock","14":"taxable","15":"shipping-taxable","16":"purchasable","17":"product-type-simple"},"acf":{"autor":"Tielmann - Moller","codart":"3508-0","ediciones":"1","encuadernacion":"Carton\u00e9","fecha_de_publicacion":"27\/03\/2026","novedad":"0","paginas":"26","subtitulo":"","texto_web_adicional":"","texto_web_novedad":"","orden":"999","portada":"0","texto_web_resaltado":"","indice":"","autores-libros":[16645],"ilustradores-libros":[17942],"traductores-libros":[18276],"descripcion_corta":"","recomendamos":"","mas_vendido":"","idioma-libro":"","color":false,"formato":"","mas_informacion_del_producto":false,"premios":false,"texto_enlace_cubierta":"","enlace_cubierta":false,"texto_enlace_ficha_tecnica":"","enlace_ficha_tecnica":false,"ficheros":false,"titulo-fr":"","texto-fr":""},"yoast_head":"<!-- This site is optimized with the Yoast SEO plugin v27.3 - https:\/\/yoast.com\/product\/yoast-seo-wordpress\/ -->\n<title>Tot all\u00f2 que ens cal saber sobre el cos hum\u00e0 - Editorial Juventud<\/title>\n<meta name=\"description\" content=\"Coneixes el teu cos? Saps per qu\u00e8 et batega el cor o per qu\u00e8 no caus quan et repenges sobre una cama? Saps qu\u00e8 passa amb el panet que et menges per\" \/>\n<meta name=\"robots\" content=\"index, follow, max-snippet:-1, max-image-preview:large, max-video-preview:-1\" \/>\n<link rel=\"canonical\" href=\"https:\/\/www.editorialjuventud.es\/tot-allo-que-ens-cal-saber-sobre-el-cos-huma-9788426135087\/\" \/>\n<meta property=\"og:locale\" content=\"ca_ES\" \/>\n<meta property=\"og:type\" content=\"article\" \/>\n<meta property=\"og:title\" content=\"Tot all\u00f2 que ens cal saber sobre el cos hum\u00e0 - Editorial Juventud\" \/>\n<meta property=\"og:description\" content=\"Coneixes el teu cos? Saps per qu\u00e8 et batega el cor o per qu\u00e8 no caus quan et repenges sobre una cama? Saps qu\u00e8 passa amb el panet que et menges per\" \/>\n<meta property=\"og:url\" content=\"https:\/\/www.editorialjuventud.es\/tot-allo-que-ens-cal-saber-sobre-el-cos-huma-9788426135087\/\" \/>\n<meta property=\"og:site_name\" content=\"Editorial Juventud\" \/>\n<meta property=\"article:modified_time\" content=\"2026-03-27T11:25:14+00:00\" \/>\n<meta property=\"og:image\" content=\"https:\/\/www.editorialjuventud.es\/wp-content\/uploads\/9788426135087.jpg\" \/>\n\t<meta property=\"og:image:width\" content=\"431\" \/>\n\t<meta property=\"og:image:height\" content=\"400\" \/>\n\t<meta property=\"og:image:type\" content=\"image\/jpeg\" \/>\n<meta name=\"twitter:card\" content=\"summary_large_image\" \/>\n<script type=\"application\/ld+json\" class=\"yoast-schema-graph\">{\"@context\":\"https:\\\/\\\/schema.org\",\"@graph\":[{\"@type\":\"WebPage\",\"@id\":\"https:\\\/\\\/www.editorialjuventud.es\\\/tot-allo-que-ens-cal-saber-sobre-el-cos-huma-9788426135087\\\/\",\"url\":\"https:\\\/\\\/www.editorialjuventud.es\\\/tot-allo-que-ens-cal-saber-sobre-el-cos-huma-9788426135087\\\/\",\"name\":\"Tot all\u00f2 que ens cal saber sobre el cos hum\u00e0 - Editorial Juventud\",\"isPartOf\":{\"@id\":\"https:\\\/\\\/www.editorialjuventud.es\\\/#website\"},\"primaryImageOfPage\":{\"@id\":\"https:\\\/\\\/www.editorialjuventud.es\\\/tot-allo-que-ens-cal-saber-sobre-el-cos-huma-9788426135087\\\/#primaryimage\"},\"image\":{\"@id\":\"https:\\\/\\\/www.editorialjuventud.es\\\/tot-allo-que-ens-cal-saber-sobre-el-cos-huma-9788426135087\\\/#primaryimage\"},\"thumbnailUrl\":\"https:\\\/\\\/www.editorialjuventud.es\\\/wp-content\\\/uploads\\\/9788426135087.jpg\",\"datePublished\":\"2018-08-24T08:51:19+00:00\",\"dateModified\":\"2026-03-27T11:25:14+00:00\",\"description\":\"Coneixes el teu cos? Saps per qu\u00e8 et batega el cor o per qu\u00e8 no caus quan et repenges sobre una cama? Saps qu\u00e8 passa amb el panet que et menges per\",\"breadcrumb\":{\"@id\":\"https:\\\/\\\/www.editorialjuventud.es\\\/tot-allo-que-ens-cal-saber-sobre-el-cos-huma-9788426135087\\\/#breadcrumb\"},\"inLanguage\":\"ca\",\"potentialAction\":[{\"@type\":\"ReadAction\",\"target\":[\"https:\\\/\\\/www.editorialjuventud.es\\\/tot-allo-que-ens-cal-saber-sobre-el-cos-huma-9788426135087\\\/\"]}]},{\"@type\":\"ImageObject\",\"inLanguage\":\"ca\",\"@id\":\"https:\\\/\\\/www.editorialjuventud.es\\\/tot-allo-que-ens-cal-saber-sobre-el-cos-huma-9788426135087\\\/#primaryimage\",\"url\":\"https:\\\/\\\/www.editorialjuventud.es\\\/wp-content\\\/uploads\\\/9788426135087.jpg\",\"contentUrl\":\"https:\\\/\\\/www.editorialjuventud.es\\\/wp-content\\\/uploads\\\/9788426135087.jpg\",\"width\":431,\"height\":400,\"caption\":\"9788426135087.jpg\"},{\"@type\":\"BreadcrumbList\",\"@id\":\"https:\\\/\\\/www.editorialjuventud.es\\\/tot-allo-que-ens-cal-saber-sobre-el-cos-huma-9788426135087\\\/#breadcrumb\",\"itemListElement\":[{\"@type\":\"ListItem\",\"position\":1,\"name\":\"Portada\",\"item\":\"https:\\\/\\\/www.editorialjuventud.es\\\/\"},{\"@type\":\"ListItem\",\"position\":2,\"name\":\"cat\u00e1logo\",\"item\":\"https:\\\/\\\/www.editorialjuventud.es\\\/coleccion\\\/catalogo\\\/\"},{\"@type\":\"ListItem\",\"position\":3,\"name\":\"catal\u00e0\",\"item\":\"https:\\\/\\\/www.editorialjuventud.es\\\/coleccion\\\/catala\\\/\"},{\"@type\":\"ListItem\",\"position\":4,\"name\":\"\u00c0lbums Il\u00b7lustrats\",\"item\":\"https:\\\/\\\/www.editorialjuventud.es\\\/coleccion\\\/albums-il%c2%b7lustrats\\\/\"},{\"@type\":\"ListItem\",\"position\":5,\"name\":\"Com i Per qu\u00e8\",\"item\":\"https:\\\/\\\/www.editorialjuventud.es\\\/coleccion\\\/com-i-per-que\\\/\"},{\"@type\":\"ListItem\",\"position\":6,\"name\":\"El Meu Cos\",\"item\":\"https:\\\/\\\/www.editorialjuventud.es\\\/coleccion\\\/el-meu-cos\\\/\"},{\"@type\":\"ListItem\",\"position\":7,\"name\":\"Tot all\u00f2 que ens cal saber sobre el cos hum\u00e0\"}]},{\"@type\":\"WebSite\",\"@id\":\"https:\\\/\\\/www.editorialjuventud.es\\\/#website\",\"url\":\"https:\\\/\\\/www.editorialjuventud.es\\\/\",\"name\":\"Editorial Juventud\",\"description\":\"\",\"potentialAction\":[{\"@type\":\"SearchAction\",\"target\":{\"@type\":\"EntryPoint\",\"urlTemplate\":\"https:\\\/\\\/www.editorialjuventud.es\\\/?s={search_term_string}\"},\"query-input\":{\"@type\":\"PropertyValueSpecification\",\"valueRequired\":true,\"valueName\":\"search_term_string\"}}],\"inLanguage\":\"ca\"}]}<\/script>\n<!-- \/ Yoast SEO plugin. -->","yoast_head_json":{"title":"Tot all\u00f2 que ens cal saber sobre el cos hum\u00e0 - Editorial Juventud","description":"Coneixes el teu cos? Saps per qu\u00e8 et batega el cor o per qu\u00e8 no caus quan et repenges sobre una cama? Saps qu\u00e8 passa amb el panet que et menges per","robots":{"index":"index","follow":"follow","max-snippet":"max-snippet:-1","max-image-preview":"max-image-preview:large","max-video-preview":"max-video-preview:-1"},"canonical":"https:\/\/www.editorialjuventud.es\/tot-allo-que-ens-cal-saber-sobre-el-cos-huma-9788426135087\/","og_locale":"ca_ES","og_type":"article","og_title":"Tot all\u00f2 que ens cal saber sobre el cos hum\u00e0 - Editorial Juventud","og_description":"Coneixes el teu cos? Saps per qu\u00e8 et batega el cor o per qu\u00e8 no caus quan et repenges sobre una cama? Saps qu\u00e8 passa amb el panet que et menges per","og_url":"https:\/\/www.editorialjuventud.es\/tot-allo-que-ens-cal-saber-sobre-el-cos-huma-9788426135087\/","og_site_name":"Editorial Juventud","article_modified_time":"2026-03-27T11:25:14+00:00","og_image":[{"width":431,"height":400,"url":"https:\/\/www.editorialjuventud.es\/wp-content\/uploads\/9788426135087.jpg","type":"image\/jpeg"}],"twitter_card":"summary_large_image","schema":{"@context":"https:\/\/schema.org","@graph":[{"@type":"WebPage","@id":"https:\/\/www.editorialjuventud.es\/tot-allo-que-ens-cal-saber-sobre-el-cos-huma-9788426135087\/","url":"https:\/\/www.editorialjuventud.es\/tot-allo-que-ens-cal-saber-sobre-el-cos-huma-9788426135087\/","name":"Tot all\u00f2 que ens cal saber sobre el cos hum\u00e0 - Editorial Juventud","isPartOf":{"@id":"https:\/\/www.editorialjuventud.es\/#website"},"primaryImageOfPage":{"@id":"https:\/\/www.editorialjuventud.es\/tot-allo-que-ens-cal-saber-sobre-el-cos-huma-9788426135087\/#primaryimage"},"image":{"@id":"https:\/\/www.editorialjuventud.es\/tot-allo-que-ens-cal-saber-sobre-el-cos-huma-9788426135087\/#primaryimage"},"thumbnailUrl":"https:\/\/www.editorialjuventud.es\/wp-content\/uploads\/9788426135087.jpg","datePublished":"2018-08-24T08:51:19+00:00","dateModified":"2026-03-27T11:25:14+00:00","description":"Coneixes el teu cos? Saps per qu\u00e8 et batega el cor o per qu\u00e8 no caus quan et repenges sobre una cama? Saps qu\u00e8 passa amb el panet que et menges per","breadcrumb":{"@id":"https:\/\/www.editorialjuventud.es\/tot-allo-que-ens-cal-saber-sobre-el-cos-huma-9788426135087\/#breadcrumb"},"inLanguage":"ca","potentialAction":[{"@type":"ReadAction","target":["https:\/\/www.editorialjuventud.es\/tot-allo-que-ens-cal-saber-sobre-el-cos-huma-9788426135087\/"]}]},{"@type":"ImageObject","inLanguage":"ca","@id":"https:\/\/www.editorialjuventud.es\/tot-allo-que-ens-cal-saber-sobre-el-cos-huma-9788426135087\/#primaryimage","url":"https:\/\/www.editorialjuventud.es\/wp-content\/uploads\/9788426135087.jpg","contentUrl":"https:\/\/www.editorialjuventud.es\/wp-content\/uploads\/9788426135087.jpg","width":431,"height":400,"caption":"9788426135087.jpg"},{"@type":"BreadcrumbList","@id":"https:\/\/www.editorialjuventud.es\/tot-allo-que-ens-cal-saber-sobre-el-cos-huma-9788426135087\/#breadcrumb","itemListElement":[{"@type":"ListItem","position":1,"name":"Portada","item":"https:\/\/www.editorialjuventud.es\/"},{"@type":"ListItem","position":2,"name":"cat\u00e1logo","item":"https:\/\/www.editorialjuventud.es\/coleccion\/catalogo\/"},{"@type":"ListItem","position":3,"name":"catal\u00e0","item":"https:\/\/www.editorialjuventud.es\/coleccion\/catala\/"},{"@type":"ListItem","position":4,"name":"\u00c0lbums Il\u00b7lustrats","item":"https:\/\/www.editorialjuventud.es\/coleccion\/albums-il%c2%b7lustrats\/"},{"@type":"ListItem","position":5,"name":"Com i Per qu\u00e8","item":"https:\/\/www.editorialjuventud.es\/coleccion\/com-i-per-que\/"},{"@type":"ListItem","position":6,"name":"El Meu Cos","item":"https:\/\/www.editorialjuventud.es\/coleccion\/el-meu-cos\/"},{"@type":"ListItem","position":7,"name":"Tot all\u00f2 que ens cal saber sobre el cos hum\u00e0"}]},{"@type":"WebSite","@id":"https:\/\/www.editorialjuventud.es\/#website","url":"https:\/\/www.editorialjuventud.es\/","name":"Editorial Juventud","description":"","potentialAction":[{"@type":"SearchAction","target":{"@type":"EntryPoint","urlTemplate":"https:\/\/www.editorialjuventud.es\/?s={search_term_string}"},"query-input":{"@type":"PropertyValueSpecification","valueRequired":true,"valueName":"search_term_string"}}],"inLanguage":"ca"}]}},"_links":{"self":[{"href":"https:\/\/www.editorialjuventud.es\/ca\/wp-json\/wp\/v2\/product\/5421","targetHints":{"allow":["GET"]}}],"collection":[{"href":"https:\/\/www.editorialjuventud.es\/ca\/wp-json\/wp\/v2\/product"}],"about":[{"href":"https:\/\/www.editorialjuventud.es\/ca\/wp-json\/wp\/v2\/types\/product"}],"wp:featuredmedia":[{"embeddable":true,"href":"https:\/\/www.editorialjuventud.es\/ca\/wp-json\/wp\/v2\/media\/15747"}],"wp:attachment":[{"href":"https:\/\/www.editorialjuventud.es\/ca\/wp-json\/wp\/v2\/media?parent=5421"}],"wp:term":[{"taxonomy":"product_brand","embeddable":true,"href":"https:\/\/www.editorialjuventud.es\/ca\/wp-json\/wp\/v2\/product_brand?post=5421"},{"taxonomy":"product_cat","embeddable":true,"href":"https:\/\/www.editorialjuventud.es\/ca\/wp-json\/wp\/v2\/product_cat?post=5421"},{"taxonomy":"product_tag","embeddable":true,"href":"https:\/\/www.editorialjuventud.es\/ca\/wp-json\/wp\/v2\/product_tag?post=5421"},{"taxonomy":"coleccion","embeddable":true,"href":"https:\/\/www.editorialjuventud.es\/ca\/wp-json\/wp\/v2\/coleccion?post=5421"}],"curies":[{"name":"wp","href":"https:\/\/api.w.org\/{rel}","templated":true}]}}