{"id":5420,"date":"2018-08-24T12:51:16","date_gmt":"2018-08-24T08:51:16","guid":{"rendered":"http:\/\/www.editorialjuventud.es\/conozcamos-nuestro-cuerpo\/"},"modified":"2025-07-29T10:05:11","modified_gmt":"2025-07-29T08:05:11","slug":"conozcamos-nuestro-cuerpo-9788426135070","status":"publish","type":"product","link":"https:\/\/www.editorialjuventud.es\/ca\/conozcamos-nuestro-cuerpo-9788426135070\/","title":{"rendered":"Conozcamos nuestro cuerpo"},"content":{"rendered":"<p>\u00bfConoces tu cuerpo? \u00bfSabes por qu\u00e9 late el coraz\u00f3n o por qu\u00e9 no caes cuando te apoyas sobre una pierna? \u00bfSabes qu\u00e9 pasa con el bocadillo que te comes para desayunar una vez lo has tragado? \u00bfO por qu\u00e9 no puedes o\u00edr con la nariz pero s\u00ed lo puedes hacer con las orejas? \u00a1En este libro podr\u00e1s observar todo tu cuerpo de pies a cabeza y averiguar todo aquello que puede llegar a hacer! Libros tem\u00e1ticos ilustrados que ofrecen un acercamiento a los primeros conocimientos sobre el cuerpo, con informaci\u00f3n especializada para ni\u00f1os de preescolar.<\/p>\n","protected":false},"excerpt":{"rendered":"\u00bfConoces tu cuerpo? \u00bfSabes por qu\u00e9 late el coraz\u00f3n o por qu\u00e9 no caes cuando te apoyas sobre una pierna? \u00bfSabes qu\u00e9 pasa con el bocadillo que te comes para desayunar una vez lo has tragado? \u00bfO por qu\u00e9 no [&hellip;]","protected":false},"featured_media":9245,"template":"","meta":{"_acf_changed":false,"_exactmetrics_skip_tracking":false,"_exactmetrics_sitenote_active":false,"_exactmetrics_sitenote_note":"","_exactmetrics_sitenote_category":0},"product_brand":[],"product_cat":[900,1159,1123],"product_tag":[],"coleccion":[1065],"class_list":{"0":"post-5420","1":"product","2":"type-product","3":"status-publish","4":"has-post-thumbnail","6":"product_cat-a-partir-de-5-anos","7":"product_cat-cuerpo-humano-anatomia","8":"product_cat-libros-informativos-infantil","9":"coleccion-mi-cuerpo","11":"first","12":"instock","13":"taxable","14":"shipping-taxable","15":"purchasable","16":"product-type-simple"},"acf":{"autor":"Tielmann - Moller","codart":"3507-2","ediciones":"1","encuadernacion":"Carton\u00e9","fecha_de_publicacion":"01\/01\/2010","novedad":"0","paginas":"26","subtitulo":"","texto_web_adicional":"","texto_web_novedad":"","orden":"999","portada":"0","texto_web_resaltado":"","indice":"","autores-libros":[16645],"ilustradores-libros":[17942],"traductores-libros":[18276],"fecha_de_reimpresion":"","descripcion_corta":"","recomendamos":"","mas_vendido":"","idioma-libro":"","color":false,"formato":"","mas_informacion_del_producto":false,"premios":false,"deshabilitar_compra":["deshabilitar"],"texto_enlace_cubierta":"","enlace_cubierta":false,"texto_enlace_ficha_tecnica":"","enlace_ficha_tecnica":false,"ficheros":false,"titulo-fr":"","texto-fr":""},"yoast_head":"<!-- This site is optimized with the Yoast SEO plugin v27.5 - https:\/\/yoast.com\/product\/yoast-seo-wordpress\/ -->\n<title>Conozcamos nuestro cuerpo - Editorial Juventud<\/title>\n<meta name=\"description\" content=\"\u00bfConoces tu cuerpo? \u00bfSabes por qu\u00e9 late el coraz\u00f3n o por qu\u00e9 no caes cuando te apoyas sobre una pierna? \u00bfSabes qu\u00e9 pasa con el bocadillo que te comes para\" \/>\n<meta name=\"robots\" content=\"index, follow, max-snippet:-1, max-image-preview:large, max-video-preview:-1\" \/>\n<link rel=\"canonical\" href=\"https:\/\/www.editorialjuventud.es\/conozcamos-nuestro-cuerpo-9788426135070\/\" \/>\n<meta property=\"og:locale\" content=\"ca_ES\" \/>\n<meta property=\"og:type\" content=\"article\" \/>\n<meta property=\"og:title\" content=\"Conozcamos nuestro cuerpo - Editorial Juventud\" \/>\n<meta property=\"og:description\" content=\"\u00bfConoces tu cuerpo? \u00bfSabes por qu\u00e9 late el coraz\u00f3n o por qu\u00e9 no caes cuando te apoyas sobre una pierna? \u00bfSabes qu\u00e9 pasa con el bocadillo que te comes para\" \/>\n<meta property=\"og:url\" content=\"https:\/\/www.editorialjuventud.es\/conozcamos-nuestro-cuerpo-9788426135070\/\" \/>\n<meta property=\"og:site_name\" content=\"Editorial Juventud\" \/>\n<meta property=\"article:modified_time\" content=\"2025-07-29T08:05:11+00:00\" \/>\n<meta property=\"og:image\" content=\"https:\/\/www.editorialjuventud.es\/wp-content\/uploads\/3507.jpg\" \/>\n\t<meta property=\"og:image:width\" content=\"419\" \/>\n\t<meta property=\"og:image:height\" content=\"400\" \/>\n\t<meta property=\"og:image:type\" content=\"image\/jpeg\" \/>\n<meta name=\"twitter:card\" content=\"summary_large_image\" \/>\n<meta name=\"twitter:label1\" content=\"Temps estimat de lectura\" \/>\n\t<meta name=\"twitter:data1\" content=\"1 minut\" \/>\n<script type=\"application\/ld+json\" class=\"yoast-schema-graph\">{\"@context\":\"https:\\\/\\\/schema.org\",\"@graph\":[{\"@type\":\"WebPage\",\"@id\":\"https:\\\/\\\/www.editorialjuventud.es\\\/conozcamos-nuestro-cuerpo-9788426135070\\\/\",\"url\":\"https:\\\/\\\/www.editorialjuventud.es\\\/conozcamos-nuestro-cuerpo-9788426135070\\\/\",\"name\":\"Conozcamos nuestro cuerpo - Editorial Juventud\",\"isPartOf\":{\"@id\":\"https:\\\/\\\/www.editorialjuventud.es\\\/#website\"},\"primaryImageOfPage\":{\"@id\":\"https:\\\/\\\/www.editorialjuventud.es\\\/conozcamos-nuestro-cuerpo-9788426135070\\\/#primaryimage\"},\"image\":{\"@id\":\"https:\\\/\\\/www.editorialjuventud.es\\\/conozcamos-nuestro-cuerpo-9788426135070\\\/#primaryimage\"},\"thumbnailUrl\":\"https:\\\/\\\/www.editorialjuventud.es\\\/wp-content\\\/uploads\\\/3507.jpg\",\"datePublished\":\"2018-08-24T08:51:16+00:00\",\"dateModified\":\"2025-07-29T08:05:11+00:00\",\"description\":\"\u00bfConoces tu cuerpo? \u00bfSabes por qu\u00e9 late el coraz\u00f3n o por qu\u00e9 no caes cuando te apoyas sobre una pierna? \u00bfSabes qu\u00e9 pasa con el bocadillo que te comes para\",\"breadcrumb\":{\"@id\":\"https:\\\/\\\/www.editorialjuventud.es\\\/conozcamos-nuestro-cuerpo-9788426135070\\\/#breadcrumb\"},\"inLanguage\":\"ca\",\"potentialAction\":[{\"@type\":\"ReadAction\",\"target\":[\"https:\\\/\\\/www.editorialjuventud.es\\\/conozcamos-nuestro-cuerpo-9788426135070\\\/\"]}]},{\"@type\":\"ImageObject\",\"inLanguage\":\"ca\",\"@id\":\"https:\\\/\\\/www.editorialjuventud.es\\\/conozcamos-nuestro-cuerpo-9788426135070\\\/#primaryimage\",\"url\":\"https:\\\/\\\/www.editorialjuventud.es\\\/wp-content\\\/uploads\\\/3507.jpg\",\"contentUrl\":\"https:\\\/\\\/www.editorialjuventud.es\\\/wp-content\\\/uploads\\\/3507.jpg\",\"width\":419,\"height\":400,\"caption\":\"3507.jpg\"},{\"@type\":\"BreadcrumbList\",\"@id\":\"https:\\\/\\\/www.editorialjuventud.es\\\/conozcamos-nuestro-cuerpo-9788426135070\\\/#breadcrumb\",\"itemListElement\":[{\"@type\":\"ListItem\",\"position\":1,\"name\":\"Portada\",\"item\":\"https:\\\/\\\/www.editorialjuventud.es\\\/\"},{\"@type\":\"ListItem\",\"position\":2,\"name\":\"cat\u00e1logo\",\"item\":\"https:\\\/\\\/www.editorialjuventud.es\\\/coleccion\\\/catalogo\\\/\"},{\"@type\":\"ListItem\",\"position\":3,\"name\":\"castellano\",\"item\":\"https:\\\/\\\/www.editorialjuventud.es\\\/coleccion\\\/castellano\\\/\"},{\"@type\":\"ListItem\",\"position\":4,\"name\":\"\u00c1lbumes Ilustrados\",\"item\":\"https:\\\/\\\/www.editorialjuventud.es\\\/coleccion\\\/albumes-ilustrados\\\/\"},{\"@type\":\"ListItem\",\"position\":5,\"name\":\"Conocer y Comprender\",\"item\":\"https:\\\/\\\/www.editorialjuventud.es\\\/coleccion\\\/conocer-y-comprender\\\/\"},{\"@type\":\"ListItem\",\"position\":6,\"name\":\"Mi Cuerpo\",\"item\":\"https:\\\/\\\/www.editorialjuventud.es\\\/coleccion\\\/mi-cuerpo\\\/\"},{\"@type\":\"ListItem\",\"position\":7,\"name\":\"Conozcamos nuestro cuerpo\"}]},{\"@type\":\"WebSite\",\"@id\":\"https:\\\/\\\/www.editorialjuventud.es\\\/#website\",\"url\":\"https:\\\/\\\/www.editorialjuventud.es\\\/\",\"name\":\"Editorial Juventud\",\"description\":\"\",\"potentialAction\":[{\"@type\":\"SearchAction\",\"target\":{\"@type\":\"EntryPoint\",\"urlTemplate\":\"https:\\\/\\\/www.editorialjuventud.es\\\/?s={search_term_string}\"},\"query-input\":{\"@type\":\"PropertyValueSpecification\",\"valueRequired\":true,\"valueName\":\"search_term_string\"}}],\"inLanguage\":\"ca\"}]}<\/script>\n<!-- \/ Yoast SEO plugin. -->","yoast_head_json":{"title":"Conozcamos nuestro cuerpo - Editorial Juventud","description":"\u00bfConoces tu cuerpo? \u00bfSabes por qu\u00e9 late el coraz\u00f3n o por qu\u00e9 no caes cuando te apoyas sobre una pierna? \u00bfSabes qu\u00e9 pasa con el bocadillo que te comes para","robots":{"index":"index","follow":"follow","max-snippet":"max-snippet:-1","max-image-preview":"max-image-preview:large","max-video-preview":"max-video-preview:-1"},"canonical":"https:\/\/www.editorialjuventud.es\/conozcamos-nuestro-cuerpo-9788426135070\/","og_locale":"ca_ES","og_type":"article","og_title":"Conozcamos nuestro cuerpo - Editorial Juventud","og_description":"\u00bfConoces tu cuerpo? \u00bfSabes por qu\u00e9 late el coraz\u00f3n o por qu\u00e9 no caes cuando te apoyas sobre una pierna? \u00bfSabes qu\u00e9 pasa con el bocadillo que te comes para","og_url":"https:\/\/www.editorialjuventud.es\/conozcamos-nuestro-cuerpo-9788426135070\/","og_site_name":"Editorial Juventud","article_modified_time":"2025-07-29T08:05:11+00:00","og_image":[{"width":419,"height":400,"url":"https:\/\/www.editorialjuventud.es\/wp-content\/uploads\/3507.jpg","type":"image\/jpeg"}],"twitter_card":"summary_large_image","twitter_misc":{"Temps estimat de lectura":"1 minut"},"schema":{"@context":"https:\/\/schema.org","@graph":[{"@type":"WebPage","@id":"https:\/\/www.editorialjuventud.es\/conozcamos-nuestro-cuerpo-9788426135070\/","url":"https:\/\/www.editorialjuventud.es\/conozcamos-nuestro-cuerpo-9788426135070\/","name":"Conozcamos nuestro cuerpo - Editorial Juventud","isPartOf":{"@id":"https:\/\/www.editorialjuventud.es\/#website"},"primaryImageOfPage":{"@id":"https:\/\/www.editorialjuventud.es\/conozcamos-nuestro-cuerpo-9788426135070\/#primaryimage"},"image":{"@id":"https:\/\/www.editorialjuventud.es\/conozcamos-nuestro-cuerpo-9788426135070\/#primaryimage"},"thumbnailUrl":"https:\/\/www.editorialjuventud.es\/wp-content\/uploads\/3507.jpg","datePublished":"2018-08-24T08:51:16+00:00","dateModified":"2025-07-29T08:05:11+00:00","description":"\u00bfConoces tu cuerpo? \u00bfSabes por qu\u00e9 late el coraz\u00f3n o por qu\u00e9 no caes cuando te apoyas sobre una pierna? \u00bfSabes qu\u00e9 pasa con el bocadillo que te comes para","breadcrumb":{"@id":"https:\/\/www.editorialjuventud.es\/conozcamos-nuestro-cuerpo-9788426135070\/#breadcrumb"},"inLanguage":"ca","potentialAction":[{"@type":"ReadAction","target":["https:\/\/www.editorialjuventud.es\/conozcamos-nuestro-cuerpo-9788426135070\/"]}]},{"@type":"ImageObject","inLanguage":"ca","@id":"https:\/\/www.editorialjuventud.es\/conozcamos-nuestro-cuerpo-9788426135070\/#primaryimage","url":"https:\/\/www.editorialjuventud.es\/wp-content\/uploads\/3507.jpg","contentUrl":"https:\/\/www.editorialjuventud.es\/wp-content\/uploads\/3507.jpg","width":419,"height":400,"caption":"3507.jpg"},{"@type":"BreadcrumbList","@id":"https:\/\/www.editorialjuventud.es\/conozcamos-nuestro-cuerpo-9788426135070\/#breadcrumb","itemListElement":[{"@type":"ListItem","position":1,"name":"Portada","item":"https:\/\/www.editorialjuventud.es\/"},{"@type":"ListItem","position":2,"name":"cat\u00e1logo","item":"https:\/\/www.editorialjuventud.es\/coleccion\/catalogo\/"},{"@type":"ListItem","position":3,"name":"castellano","item":"https:\/\/www.editorialjuventud.es\/coleccion\/castellano\/"},{"@type":"ListItem","position":4,"name":"\u00c1lbumes Ilustrados","item":"https:\/\/www.editorialjuventud.es\/coleccion\/albumes-ilustrados\/"},{"@type":"ListItem","position":5,"name":"Conocer y Comprender","item":"https:\/\/www.editorialjuventud.es\/coleccion\/conocer-y-comprender\/"},{"@type":"ListItem","position":6,"name":"Mi Cuerpo","item":"https:\/\/www.editorialjuventud.es\/coleccion\/mi-cuerpo\/"},{"@type":"ListItem","position":7,"name":"Conozcamos nuestro cuerpo"}]},{"@type":"WebSite","@id":"https:\/\/www.editorialjuventud.es\/#website","url":"https:\/\/www.editorialjuventud.es\/","name":"Editorial Juventud","description":"","potentialAction":[{"@type":"SearchAction","target":{"@type":"EntryPoint","urlTemplate":"https:\/\/www.editorialjuventud.es\/?s={search_term_string}"},"query-input":{"@type":"PropertyValueSpecification","valueRequired":true,"valueName":"search_term_string"}}],"inLanguage":"ca"}]}},"_links":{"self":[{"href":"https:\/\/www.editorialjuventud.es\/ca\/wp-json\/wp\/v2\/product\/5420","targetHints":{"allow":["GET"]}}],"collection":[{"href":"https:\/\/www.editorialjuventud.es\/ca\/wp-json\/wp\/v2\/product"}],"about":[{"href":"https:\/\/www.editorialjuventud.es\/ca\/wp-json\/wp\/v2\/types\/product"}],"wp:featuredmedia":[{"embeddable":true,"href":"https:\/\/www.editorialjuventud.es\/ca\/wp-json\/wp\/v2\/media\/9245"}],"wp:attachment":[{"href":"https:\/\/www.editorialjuventud.es\/ca\/wp-json\/wp\/v2\/media?parent=5420"}],"wp:term":[{"taxonomy":"product_brand","embeddable":true,"href":"https:\/\/www.editorialjuventud.es\/ca\/wp-json\/wp\/v2\/product_brand?post=5420"},{"taxonomy":"product_cat","embeddable":true,"href":"https:\/\/www.editorialjuventud.es\/ca\/wp-json\/wp\/v2\/product_cat?post=5420"},{"taxonomy":"product_tag","embeddable":true,"href":"https:\/\/www.editorialjuventud.es\/ca\/wp-json\/wp\/v2\/product_tag?post=5420"},{"taxonomy":"coleccion","embeddable":true,"href":"https:\/\/www.editorialjuventud.es\/ca\/wp-json\/wp\/v2\/coleccion?post=5420"}],"curies":[{"name":"wp","href":"https:\/\/api.w.org\/{rel}","templated":true}]}}