{"id":5418,"date":"2018-08-24T12:51:05","date_gmt":"2018-08-24T08:51:05","guid":{"rendered":"http:\/\/www.editorialjuventud.es\/escorbuto\/"},"modified":"2025-07-23T09:36:16","modified_gmt":"2025-07-23T07:36:16","slug":"escorbuto-9788426135056","status":"publish","type":"product","link":"https:\/\/www.editorialjuventud.es\/ca\/escorbuto-9788426135056\/","title":{"rendered":"Escorbuto"},"content":{"rendered":"<p>El escorbuto se cobr\u00f3 grandes facturas durante la era de los grandes veleros y acab\u00f3 matando a m\u00e1s navegantes que todas las batallas navales juntas. Ante la amenaza de la terrible enfermedad, las embarcaciones no se alejaban del puerto y aquellas que lo hac\u00edan estaban condenadas. La ignorancia contumaz de la \u00e9lite m\u00e9dica, que propugnaba teor\u00edas absurdas basadas en investigaciones especulativas e ignoraba las cualidades vitales de los c\u00edtricos, cost\u00f3 miles de vidas y afect\u00f3 el rumbo de muchas batallas navales. La cura del escorbuto merece cualificarse como uno de los grandes logros del ser humano; sin embargo su impacto en la historia ha pasado pr\u00e1cticamente desapercibido. Este libro es el relato detectivesco de un proceso m\u00e9dico, una fascinante historia ver\u00eddica, protagonizada por el m\u00e9dico James Lind, el marino James Cook y el caballero Gilbert Blane, que se emplearon por separado para atajar la temida enfermedad.   \u00b7 La historia de una de las m\u00e1s terribles enfermedades. \u00b7 El relato de un proceso casi detectivesco para atajar la enfermedad.  \u00b7 Un libro que recupera del olvido uno de los grandes logros del ser humano.<\/p>\n","protected":false},"excerpt":{"rendered":"El escorbuto se cobr\u00f3 grandes facturas durante la era de los grandes veleros y acab\u00f3 matando a m\u00e1s navegantes que todas las batallas navales juntas. Ante la amenaza de la terrible enfermedad, las embarcaciones no se alejaban del puerto y [&hellip;]","protected":false},"featured_media":9237,"template":"","meta":{"_acf_changed":false,"_exactmetrics_skip_tracking":false,"_exactmetrics_sitenote_active":false,"_exactmetrics_sitenote_note":"","_exactmetrics_sitenote_category":0},"product_brand":[],"product_cat":[905,1120],"product_tag":[],"coleccion":[1079,916,936,1088],"class_list":{"0":"post-5418","1":"product","2":"type-product","3":"status-publish","4":"has-post-thumbnail","6":"product_cat-adulto","7":"product_cat-nautica","8":"coleccion-astrolabio","9":"coleccion-castellano","10":"coleccion-lecturas-en-torno-al-mar","11":"coleccion-narrativa-maritima-lecturas-entorno-al-mar","13":"first","14":"outofstock","15":"taxable","16":"shipping-taxable","17":"purchasable","18":"product-type-simple"},"acf":{"autor":"Bown","codart":"3505-6","ediciones":"1","encuadernacion":"Geltex","fecha_de_publicacion":"11\/10\/2011","novedad":"0","paginas":"288","subtitulo":"","texto_web_adicional":"","texto_web_novedad":"","orden":"999","portada":"0","texto_web_resaltado":"","autores-libros":[16250],"traductores-libros":[18280]},"yoast_head":"<!-- This site is optimized with the Yoast SEO plugin v27.5 - https:\/\/yoast.com\/product\/yoast-seo-wordpress\/ -->\n<title>Escorbuto - Editorial Juventud<\/title>\n<meta name=\"description\" content=\"El escorbuto se cobr\u00f3 grandes facturas durante la era de los grandes veleros y acab\u00f3 matando a m\u00e1s navegantes que todas las batallas navales juntas. Ante\" \/>\n<meta name=\"robots\" content=\"index, follow, max-snippet:-1, max-image-preview:large, max-video-preview:-1\" \/>\n<link rel=\"canonical\" href=\"https:\/\/www.editorialjuventud.es\/escorbuto-9788426135056\/\" \/>\n<meta property=\"og:locale\" content=\"ca_ES\" \/>\n<meta property=\"og:type\" content=\"article\" \/>\n<meta property=\"og:title\" content=\"Escorbuto - Editorial Juventud\" \/>\n<meta property=\"og:description\" content=\"El escorbuto se cobr\u00f3 grandes facturas durante la era de los grandes veleros y acab\u00f3 matando a m\u00e1s navegantes que todas las batallas navales juntas. Ante\" \/>\n<meta property=\"og:url\" content=\"https:\/\/www.editorialjuventud.es\/escorbuto-9788426135056\/\" \/>\n<meta property=\"og:site_name\" content=\"Editorial Juventud\" \/>\n<meta property=\"article:modified_time\" content=\"2025-07-23T07:36:16+00:00\" \/>\n<meta property=\"og:image\" content=\"https:\/\/www.editorialjuventud.es\/wp-content\/uploads\/3505.jpg\" \/>\n\t<meta property=\"og:image:width\" content=\"296\" \/>\n\t<meta property=\"og:image:height\" content=\"450\" \/>\n\t<meta property=\"og:image:type\" content=\"image\/jpeg\" \/>\n<meta name=\"twitter:card\" content=\"summary_large_image\" \/>\n<meta name=\"twitter:label1\" content=\"Temps estimat de lectura\" \/>\n\t<meta name=\"twitter:data1\" content=\"1 minut\" \/>\n<script type=\"application\/ld+json\" class=\"yoast-schema-graph\">{\"@context\":\"https:\\\/\\\/schema.org\",\"@graph\":[{\"@type\":\"WebPage\",\"@id\":\"https:\\\/\\\/www.editorialjuventud.es\\\/escorbuto-9788426135056\\\/\",\"url\":\"https:\\\/\\\/www.editorialjuventud.es\\\/escorbuto-9788426135056\\\/\",\"name\":\"Escorbuto - Editorial Juventud\",\"isPartOf\":{\"@id\":\"https:\\\/\\\/www.editorialjuventud.es\\\/#website\"},\"primaryImageOfPage\":{\"@id\":\"https:\\\/\\\/www.editorialjuventud.es\\\/escorbuto-9788426135056\\\/#primaryimage\"},\"image\":{\"@id\":\"https:\\\/\\\/www.editorialjuventud.es\\\/escorbuto-9788426135056\\\/#primaryimage\"},\"thumbnailUrl\":\"https:\\\/\\\/www.editorialjuventud.es\\\/wp-content\\\/uploads\\\/3505.jpg\",\"datePublished\":\"2018-08-24T08:51:05+00:00\",\"dateModified\":\"2025-07-23T07:36:16+00:00\",\"description\":\"El escorbuto se cobr\u00f3 grandes facturas durante la era de los grandes veleros y acab\u00f3 matando a m\u00e1s navegantes que todas las batallas navales juntas. Ante\",\"breadcrumb\":{\"@id\":\"https:\\\/\\\/www.editorialjuventud.es\\\/escorbuto-9788426135056\\\/#breadcrumb\"},\"inLanguage\":\"ca\",\"potentialAction\":[{\"@type\":\"ReadAction\",\"target\":[\"https:\\\/\\\/www.editorialjuventud.es\\\/escorbuto-9788426135056\\\/\"]}]},{\"@type\":\"ImageObject\",\"inLanguage\":\"ca\",\"@id\":\"https:\\\/\\\/www.editorialjuventud.es\\\/escorbuto-9788426135056\\\/#primaryimage\",\"url\":\"https:\\\/\\\/www.editorialjuventud.es\\\/wp-content\\\/uploads\\\/3505.jpg\",\"contentUrl\":\"https:\\\/\\\/www.editorialjuventud.es\\\/wp-content\\\/uploads\\\/3505.jpg\",\"width\":296,\"height\":450,\"caption\":\"3505.jpg\"},{\"@type\":\"BreadcrumbList\",\"@id\":\"https:\\\/\\\/www.editorialjuventud.es\\\/escorbuto-9788426135056\\\/#breadcrumb\",\"itemListElement\":[{\"@type\":\"ListItem\",\"position\":1,\"name\":\"Portada\",\"item\":\"https:\\\/\\\/www.editorialjuventud.es\\\/\"},{\"@type\":\"ListItem\",\"position\":2,\"name\":\"cat\u00e1logo\",\"item\":\"https:\\\/\\\/www.editorialjuventud.es\\\/coleccion\\\/catalogo\\\/\"},{\"@type\":\"ListItem\",\"position\":3,\"name\":\"castellano\",\"item\":\"https:\\\/\\\/www.editorialjuventud.es\\\/coleccion\\\/castellano\\\/\"},{\"@type\":\"ListItem\",\"position\":4,\"name\":\"Lecturas En torno al Mar\",\"item\":\"https:\\\/\\\/www.editorialjuventud.es\\\/coleccion\\\/lecturas-en-torno-al-mar\\\/\"},{\"@type\":\"ListItem\",\"position\":5,\"name\":\"Narrativa Mar\u00edtima\",\"item\":\"https:\\\/\\\/www.editorialjuventud.es\\\/ca\\\/coleccion\\\/narrativa-maritima-lecturas-entorno-al-mar\\\/\"},{\"@type\":\"ListItem\",\"position\":6,\"name\":\"Astrolabio\",\"item\":\"https:\\\/\\\/www.editorialjuventud.es\\\/coleccion\\\/astrolabio\\\/\"},{\"@type\":\"ListItem\",\"position\":7,\"name\":\"Escorbuto\"}]},{\"@type\":\"WebSite\",\"@id\":\"https:\\\/\\\/www.editorialjuventud.es\\\/#website\",\"url\":\"https:\\\/\\\/www.editorialjuventud.es\\\/\",\"name\":\"Editorial Juventud\",\"description\":\"\",\"potentialAction\":[{\"@type\":\"SearchAction\",\"target\":{\"@type\":\"EntryPoint\",\"urlTemplate\":\"https:\\\/\\\/www.editorialjuventud.es\\\/?s={search_term_string}\"},\"query-input\":{\"@type\":\"PropertyValueSpecification\",\"valueRequired\":true,\"valueName\":\"search_term_string\"}}],\"inLanguage\":\"ca\"}]}<\/script>\n<!-- \/ Yoast SEO plugin. -->","yoast_head_json":{"title":"Escorbuto - Editorial Juventud","description":"El escorbuto se cobr\u00f3 grandes facturas durante la era de los grandes veleros y acab\u00f3 matando a m\u00e1s navegantes que todas las batallas navales juntas. Ante","robots":{"index":"index","follow":"follow","max-snippet":"max-snippet:-1","max-image-preview":"max-image-preview:large","max-video-preview":"max-video-preview:-1"},"canonical":"https:\/\/www.editorialjuventud.es\/escorbuto-9788426135056\/","og_locale":"ca_ES","og_type":"article","og_title":"Escorbuto - Editorial Juventud","og_description":"El escorbuto se cobr\u00f3 grandes facturas durante la era de los grandes veleros y acab\u00f3 matando a m\u00e1s navegantes que todas las batallas navales juntas. Ante","og_url":"https:\/\/www.editorialjuventud.es\/escorbuto-9788426135056\/","og_site_name":"Editorial Juventud","article_modified_time":"2025-07-23T07:36:16+00:00","og_image":[{"width":296,"height":450,"url":"https:\/\/www.editorialjuventud.es\/wp-content\/uploads\/3505.jpg","type":"image\/jpeg"}],"twitter_card":"summary_large_image","twitter_misc":{"Temps estimat de lectura":"1 minut"},"schema":{"@context":"https:\/\/schema.org","@graph":[{"@type":"WebPage","@id":"https:\/\/www.editorialjuventud.es\/escorbuto-9788426135056\/","url":"https:\/\/www.editorialjuventud.es\/escorbuto-9788426135056\/","name":"Escorbuto - Editorial Juventud","isPartOf":{"@id":"https:\/\/www.editorialjuventud.es\/#website"},"primaryImageOfPage":{"@id":"https:\/\/www.editorialjuventud.es\/escorbuto-9788426135056\/#primaryimage"},"image":{"@id":"https:\/\/www.editorialjuventud.es\/escorbuto-9788426135056\/#primaryimage"},"thumbnailUrl":"https:\/\/www.editorialjuventud.es\/wp-content\/uploads\/3505.jpg","datePublished":"2018-08-24T08:51:05+00:00","dateModified":"2025-07-23T07:36:16+00:00","description":"El escorbuto se cobr\u00f3 grandes facturas durante la era de los grandes veleros y acab\u00f3 matando a m\u00e1s navegantes que todas las batallas navales juntas. Ante","breadcrumb":{"@id":"https:\/\/www.editorialjuventud.es\/escorbuto-9788426135056\/#breadcrumb"},"inLanguage":"ca","potentialAction":[{"@type":"ReadAction","target":["https:\/\/www.editorialjuventud.es\/escorbuto-9788426135056\/"]}]},{"@type":"ImageObject","inLanguage":"ca","@id":"https:\/\/www.editorialjuventud.es\/escorbuto-9788426135056\/#primaryimage","url":"https:\/\/www.editorialjuventud.es\/wp-content\/uploads\/3505.jpg","contentUrl":"https:\/\/www.editorialjuventud.es\/wp-content\/uploads\/3505.jpg","width":296,"height":450,"caption":"3505.jpg"},{"@type":"BreadcrumbList","@id":"https:\/\/www.editorialjuventud.es\/escorbuto-9788426135056\/#breadcrumb","itemListElement":[{"@type":"ListItem","position":1,"name":"Portada","item":"https:\/\/www.editorialjuventud.es\/"},{"@type":"ListItem","position":2,"name":"cat\u00e1logo","item":"https:\/\/www.editorialjuventud.es\/coleccion\/catalogo\/"},{"@type":"ListItem","position":3,"name":"castellano","item":"https:\/\/www.editorialjuventud.es\/coleccion\/castellano\/"},{"@type":"ListItem","position":4,"name":"Lecturas En torno al Mar","item":"https:\/\/www.editorialjuventud.es\/coleccion\/lecturas-en-torno-al-mar\/"},{"@type":"ListItem","position":5,"name":"Narrativa Mar\u00edtima","item":"https:\/\/www.editorialjuventud.es\/ca\/coleccion\/narrativa-maritima-lecturas-entorno-al-mar\/"},{"@type":"ListItem","position":6,"name":"Astrolabio","item":"https:\/\/www.editorialjuventud.es\/coleccion\/astrolabio\/"},{"@type":"ListItem","position":7,"name":"Escorbuto"}]},{"@type":"WebSite","@id":"https:\/\/www.editorialjuventud.es\/#website","url":"https:\/\/www.editorialjuventud.es\/","name":"Editorial Juventud","description":"","potentialAction":[{"@type":"SearchAction","target":{"@type":"EntryPoint","urlTemplate":"https:\/\/www.editorialjuventud.es\/?s={search_term_string}"},"query-input":{"@type":"PropertyValueSpecification","valueRequired":true,"valueName":"search_term_string"}}],"inLanguage":"ca"}]}},"_links":{"self":[{"href":"https:\/\/www.editorialjuventud.es\/ca\/wp-json\/wp\/v2\/product\/5418","targetHints":{"allow":["GET"]}}],"collection":[{"href":"https:\/\/www.editorialjuventud.es\/ca\/wp-json\/wp\/v2\/product"}],"about":[{"href":"https:\/\/www.editorialjuventud.es\/ca\/wp-json\/wp\/v2\/types\/product"}],"wp:featuredmedia":[{"embeddable":true,"href":"https:\/\/www.editorialjuventud.es\/ca\/wp-json\/wp\/v2\/media\/9237"}],"wp:attachment":[{"href":"https:\/\/www.editorialjuventud.es\/ca\/wp-json\/wp\/v2\/media?parent=5418"}],"wp:term":[{"taxonomy":"product_brand","embeddable":true,"href":"https:\/\/www.editorialjuventud.es\/ca\/wp-json\/wp\/v2\/product_brand?post=5418"},{"taxonomy":"product_cat","embeddable":true,"href":"https:\/\/www.editorialjuventud.es\/ca\/wp-json\/wp\/v2\/product_cat?post=5418"},{"taxonomy":"product_tag","embeddable":true,"href":"https:\/\/www.editorialjuventud.es\/ca\/wp-json\/wp\/v2\/product_tag?post=5418"},{"taxonomy":"coleccion","embeddable":true,"href":"https:\/\/www.editorialjuventud.es\/ca\/wp-json\/wp\/v2\/coleccion?post=5418"}],"curies":[{"name":"wp","href":"https:\/\/api.w.org\/{rel}","templated":true}]}}