{"id":5413,"date":"2018-08-24T12:50:37","date_gmt":"2018-08-24T08:50:37","guid":{"rendered":"http:\/\/www.editorialjuventud.es\/un-arco-iris-en-la-oscuridad\/"},"modified":"2025-01-22T13:39:45","modified_gmt":"2025-01-22T12:39:45","slug":"un-arco-iris-en-la-oscuridad-9788426134974","status":"publish","type":"product","link":"https:\/\/www.editorialjuventud.es\/ca\/un-arco-iris-en-la-oscuridad-9788426134974\/","title":{"rendered":"Un arco iris en la oscuridad"},"content":{"rendered":"<p>Esperando a su madre en una aburrida tienda, Ana entabla amistad con Juana, una joven invidente, y su perro lazarillo. Ana le ayudar\u00e1 a elegir ropa, le contar\u00e1 algunos de sus sue\u00f1os y descubrir\u00e1 la sensibilidad art\u00edstica de la joven. Nace una amistad entre de una ni\u00f1a y una invidente. Un \u00e1lbum que ayuda a entender desde una perspectiva positiva la adaptaci\u00f3n de los discapacitados en la sociedad.<\/p>\n","protected":false},"excerpt":{"rendered":"Esperando a su madre en una aburrida tienda, Ana entabla amistad con Juana, una joven invidente, y su perro lazarillo. Ana le ayudar\u00e1 a elegir ropa, le contar\u00e1 algunos de sus sue\u00f1os y descubrir\u00e1 la sensibilidad art\u00edstica de la joven. [&hellip;]","protected":false},"featured_media":9205,"template":"","meta":{"_acf_changed":false,"_exactmetrics_skip_tracking":false,"_exactmetrics_sitenote_active":false,"_exactmetrics_sitenote_note":"","_exactmetrics_sitenote_category":0},"product_brand":[],"product_cat":[900,1121,1163],"product_tag":[],"coleccion":[989],"class_list":{"0":"post-5413","1":"product","2":"type-product","3":"status-publish","4":"has-post-thumbnail","6":"product_cat-a-partir-de-5-anos","7":"product_cat-albumes-ilustrados","8":"product_cat-discapacidad-diversidad-funcional","9":"coleccion-crecer-en-valores","11":"first","12":"instock","13":"taxable","14":"shipping-taxable","15":"purchasable","16":"product-type-simple"},"acf":{"autor":"Coates - Priesley","codart":"3497-1","ediciones":"1","encuadernacion":"Carton\u00e9","fecha_de_publicacion":"09\/12\/2006","novedad":"0","paginas":"32","subtitulo":"","texto_web_adicional":"","texto_web_novedad":"","orden":"999","portada":"0","texto_web_resaltado":"","autores-libros":[16288],"ilustradores-libros":[17992],"traductores-libros":[17687]},"yoast_head":"<!-- This site is optimized with the Yoast SEO plugin v27.5 - https:\/\/yoast.com\/product\/yoast-seo-wordpress\/ -->\n<title>Un arco iris en la oscuridad - Editorial Juventud<\/title>\n<meta name=\"description\" content=\"Esperando a su madre en una aburrida tienda, Ana entabla amistad con Juana, una joven invidente, y su perro lazarillo. Ana le ayudar\u00e1 a elegir ropa, le\" \/>\n<meta name=\"robots\" content=\"index, follow, max-snippet:-1, max-image-preview:large, max-video-preview:-1\" \/>\n<link rel=\"canonical\" href=\"https:\/\/www.editorialjuventud.es\/un-arco-iris-en-la-oscuridad-9788426134974\/\" \/>\n<meta property=\"og:locale\" content=\"ca_ES\" \/>\n<meta property=\"og:type\" content=\"article\" \/>\n<meta property=\"og:title\" content=\"Un arco iris en la oscuridad - Editorial Juventud\" \/>\n<meta property=\"og:description\" content=\"Esperando a su madre en una aburrida tienda, Ana entabla amistad con Juana, una joven invidente, y su perro lazarillo. Ana le ayudar\u00e1 a elegir ropa, le\" \/>\n<meta property=\"og:url\" content=\"https:\/\/www.editorialjuventud.es\/un-arco-iris-en-la-oscuridad-9788426134974\/\" \/>\n<meta property=\"og:site_name\" content=\"Editorial Juventud\" \/>\n<meta property=\"article:modified_time\" content=\"2025-01-22T12:39:45+00:00\" \/>\n<meta property=\"og:image\" content=\"https:\/\/www.editorialjuventud.es\/wp-content\/uploads\/3497.jpg\" \/>\n\t<meta property=\"og:image:width\" content=\"453\" \/>\n\t<meta property=\"og:image:height\" content=\"450\" \/>\n\t<meta property=\"og:image:type\" content=\"image\/jpeg\" \/>\n<meta name=\"twitter:card\" content=\"summary_large_image\" \/>\n<script type=\"application\/ld+json\" class=\"yoast-schema-graph\">{\"@context\":\"https:\\\/\\\/schema.org\",\"@graph\":[{\"@type\":\"WebPage\",\"@id\":\"https:\\\/\\\/www.editorialjuventud.es\\\/un-arco-iris-en-la-oscuridad-9788426134974\\\/\",\"url\":\"https:\\\/\\\/www.editorialjuventud.es\\\/un-arco-iris-en-la-oscuridad-9788426134974\\\/\",\"name\":\"Un arco iris en la oscuridad - Editorial Juventud\",\"isPartOf\":{\"@id\":\"https:\\\/\\\/www.editorialjuventud.es\\\/#website\"},\"primaryImageOfPage\":{\"@id\":\"https:\\\/\\\/www.editorialjuventud.es\\\/un-arco-iris-en-la-oscuridad-9788426134974\\\/#primaryimage\"},\"image\":{\"@id\":\"https:\\\/\\\/www.editorialjuventud.es\\\/un-arco-iris-en-la-oscuridad-9788426134974\\\/#primaryimage\"},\"thumbnailUrl\":\"https:\\\/\\\/www.editorialjuventud.es\\\/wp-content\\\/uploads\\\/3497.jpg\",\"datePublished\":\"2018-08-24T08:50:37+00:00\",\"dateModified\":\"2025-01-22T12:39:45+00:00\",\"description\":\"Esperando a su madre en una aburrida tienda, Ana entabla amistad con Juana, una joven invidente, y su perro lazarillo. Ana le ayudar\u00e1 a elegir ropa, le\",\"breadcrumb\":{\"@id\":\"https:\\\/\\\/www.editorialjuventud.es\\\/un-arco-iris-en-la-oscuridad-9788426134974\\\/#breadcrumb\"},\"inLanguage\":\"ca\",\"potentialAction\":[{\"@type\":\"ReadAction\",\"target\":[\"https:\\\/\\\/www.editorialjuventud.es\\\/un-arco-iris-en-la-oscuridad-9788426134974\\\/\"]}]},{\"@type\":\"ImageObject\",\"inLanguage\":\"ca\",\"@id\":\"https:\\\/\\\/www.editorialjuventud.es\\\/un-arco-iris-en-la-oscuridad-9788426134974\\\/#primaryimage\",\"url\":\"https:\\\/\\\/www.editorialjuventud.es\\\/wp-content\\\/uploads\\\/3497.jpg\",\"contentUrl\":\"https:\\\/\\\/www.editorialjuventud.es\\\/wp-content\\\/uploads\\\/3497.jpg\",\"width\":453,\"height\":450,\"caption\":\"3497.jpg\"},{\"@type\":\"BreadcrumbList\",\"@id\":\"https:\\\/\\\/www.editorialjuventud.es\\\/un-arco-iris-en-la-oscuridad-9788426134974\\\/#breadcrumb\",\"itemListElement\":[{\"@type\":\"ListItem\",\"position\":1,\"name\":\"Portada\",\"item\":\"https:\\\/\\\/www.editorialjuventud.es\\\/\"},{\"@type\":\"ListItem\",\"position\":2,\"name\":\"cat\u00e1logo\",\"item\":\"https:\\\/\\\/www.editorialjuventud.es\\\/coleccion\\\/catalogo\\\/\"},{\"@type\":\"ListItem\",\"position\":3,\"name\":\"castellano\",\"item\":\"https:\\\/\\\/www.editorialjuventud.es\\\/coleccion\\\/castellano\\\/\"},{\"@type\":\"ListItem\",\"position\":4,\"name\":\"\u00c1lbumes Ilustrados\",\"item\":\"https:\\\/\\\/www.editorialjuventud.es\\\/coleccion\\\/albumes-ilustrados\\\/\"},{\"@type\":\"ListItem\",\"position\":5,\"name\":\"Crecer en Valores\",\"item\":\"https:\\\/\\\/www.editorialjuventud.es\\\/coleccion\\\/crecer-en-valores\\\/\"},{\"@type\":\"ListItem\",\"position\":6,\"name\":\"Un arco iris en la oscuridad\"}]},{\"@type\":\"WebSite\",\"@id\":\"https:\\\/\\\/www.editorialjuventud.es\\\/#website\",\"url\":\"https:\\\/\\\/www.editorialjuventud.es\\\/\",\"name\":\"Editorial Juventud\",\"description\":\"\",\"potentialAction\":[{\"@type\":\"SearchAction\",\"target\":{\"@type\":\"EntryPoint\",\"urlTemplate\":\"https:\\\/\\\/www.editorialjuventud.es\\\/?s={search_term_string}\"},\"query-input\":{\"@type\":\"PropertyValueSpecification\",\"valueRequired\":true,\"valueName\":\"search_term_string\"}}],\"inLanguage\":\"ca\"}]}<\/script>\n<!-- \/ Yoast SEO plugin. -->","yoast_head_json":{"title":"Un arco iris en la oscuridad - Editorial Juventud","description":"Esperando a su madre en una aburrida tienda, Ana entabla amistad con Juana, una joven invidente, y su perro lazarillo. Ana le ayudar\u00e1 a elegir ropa, le","robots":{"index":"index","follow":"follow","max-snippet":"max-snippet:-1","max-image-preview":"max-image-preview:large","max-video-preview":"max-video-preview:-1"},"canonical":"https:\/\/www.editorialjuventud.es\/un-arco-iris-en-la-oscuridad-9788426134974\/","og_locale":"ca_ES","og_type":"article","og_title":"Un arco iris en la oscuridad - Editorial Juventud","og_description":"Esperando a su madre en una aburrida tienda, Ana entabla amistad con Juana, una joven invidente, y su perro lazarillo. Ana le ayudar\u00e1 a elegir ropa, le","og_url":"https:\/\/www.editorialjuventud.es\/un-arco-iris-en-la-oscuridad-9788426134974\/","og_site_name":"Editorial Juventud","article_modified_time":"2025-01-22T12:39:45+00:00","og_image":[{"width":453,"height":450,"url":"https:\/\/www.editorialjuventud.es\/wp-content\/uploads\/3497.jpg","type":"image\/jpeg"}],"twitter_card":"summary_large_image","schema":{"@context":"https:\/\/schema.org","@graph":[{"@type":"WebPage","@id":"https:\/\/www.editorialjuventud.es\/un-arco-iris-en-la-oscuridad-9788426134974\/","url":"https:\/\/www.editorialjuventud.es\/un-arco-iris-en-la-oscuridad-9788426134974\/","name":"Un arco iris en la oscuridad - Editorial Juventud","isPartOf":{"@id":"https:\/\/www.editorialjuventud.es\/#website"},"primaryImageOfPage":{"@id":"https:\/\/www.editorialjuventud.es\/un-arco-iris-en-la-oscuridad-9788426134974\/#primaryimage"},"image":{"@id":"https:\/\/www.editorialjuventud.es\/un-arco-iris-en-la-oscuridad-9788426134974\/#primaryimage"},"thumbnailUrl":"https:\/\/www.editorialjuventud.es\/wp-content\/uploads\/3497.jpg","datePublished":"2018-08-24T08:50:37+00:00","dateModified":"2025-01-22T12:39:45+00:00","description":"Esperando a su madre en una aburrida tienda, Ana entabla amistad con Juana, una joven invidente, y su perro lazarillo. Ana le ayudar\u00e1 a elegir ropa, le","breadcrumb":{"@id":"https:\/\/www.editorialjuventud.es\/un-arco-iris-en-la-oscuridad-9788426134974\/#breadcrumb"},"inLanguage":"ca","potentialAction":[{"@type":"ReadAction","target":["https:\/\/www.editorialjuventud.es\/un-arco-iris-en-la-oscuridad-9788426134974\/"]}]},{"@type":"ImageObject","inLanguage":"ca","@id":"https:\/\/www.editorialjuventud.es\/un-arco-iris-en-la-oscuridad-9788426134974\/#primaryimage","url":"https:\/\/www.editorialjuventud.es\/wp-content\/uploads\/3497.jpg","contentUrl":"https:\/\/www.editorialjuventud.es\/wp-content\/uploads\/3497.jpg","width":453,"height":450,"caption":"3497.jpg"},{"@type":"BreadcrumbList","@id":"https:\/\/www.editorialjuventud.es\/un-arco-iris-en-la-oscuridad-9788426134974\/#breadcrumb","itemListElement":[{"@type":"ListItem","position":1,"name":"Portada","item":"https:\/\/www.editorialjuventud.es\/"},{"@type":"ListItem","position":2,"name":"cat\u00e1logo","item":"https:\/\/www.editorialjuventud.es\/coleccion\/catalogo\/"},{"@type":"ListItem","position":3,"name":"castellano","item":"https:\/\/www.editorialjuventud.es\/coleccion\/castellano\/"},{"@type":"ListItem","position":4,"name":"\u00c1lbumes Ilustrados","item":"https:\/\/www.editorialjuventud.es\/coleccion\/albumes-ilustrados\/"},{"@type":"ListItem","position":5,"name":"Crecer en Valores","item":"https:\/\/www.editorialjuventud.es\/coleccion\/crecer-en-valores\/"},{"@type":"ListItem","position":6,"name":"Un arco iris en la oscuridad"}]},{"@type":"WebSite","@id":"https:\/\/www.editorialjuventud.es\/#website","url":"https:\/\/www.editorialjuventud.es\/","name":"Editorial Juventud","description":"","potentialAction":[{"@type":"SearchAction","target":{"@type":"EntryPoint","urlTemplate":"https:\/\/www.editorialjuventud.es\/?s={search_term_string}"},"query-input":{"@type":"PropertyValueSpecification","valueRequired":true,"valueName":"search_term_string"}}],"inLanguage":"ca"}]}},"_links":{"self":[{"href":"https:\/\/www.editorialjuventud.es\/ca\/wp-json\/wp\/v2\/product\/5413","targetHints":{"allow":["GET"]}}],"collection":[{"href":"https:\/\/www.editorialjuventud.es\/ca\/wp-json\/wp\/v2\/product"}],"about":[{"href":"https:\/\/www.editorialjuventud.es\/ca\/wp-json\/wp\/v2\/types\/product"}],"wp:featuredmedia":[{"embeddable":true,"href":"https:\/\/www.editorialjuventud.es\/ca\/wp-json\/wp\/v2\/media\/9205"}],"wp:attachment":[{"href":"https:\/\/www.editorialjuventud.es\/ca\/wp-json\/wp\/v2\/media?parent=5413"}],"wp:term":[{"taxonomy":"product_brand","embeddable":true,"href":"https:\/\/www.editorialjuventud.es\/ca\/wp-json\/wp\/v2\/product_brand?post=5413"},{"taxonomy":"product_cat","embeddable":true,"href":"https:\/\/www.editorialjuventud.es\/ca\/wp-json\/wp\/v2\/product_cat?post=5413"},{"taxonomy":"product_tag","embeddable":true,"href":"https:\/\/www.editorialjuventud.es\/ca\/wp-json\/wp\/v2\/product_tag?post=5413"},{"taxonomy":"coleccion","embeddable":true,"href":"https:\/\/www.editorialjuventud.es\/ca\/wp-json\/wp\/v2\/coleccion?post=5413"}],"curies":[{"name":"wp","href":"https:\/\/api.w.org\/{rel}","templated":true}]}}