{"id":5412,"date":"2018-08-24T12:50:31","date_gmt":"2018-08-24T08:50:31","guid":{"rendered":"http:\/\/www.editorialjuventud.es\/el-rey-atolondrado-y-otros-cuentos-estrafalarios\/"},"modified":"2025-07-22T14:41:09","modified_gmt":"2025-07-22T12:41:09","slug":"el-rey-atolondrado-y-otros-cuentos-estrafalarios-9788426134936","status":"publish","type":"product","link":"https:\/\/www.editorialjuventud.es\/ca\/el-rey-atolondrado-y-otros-cuentos-estrafalarios-9788426134936\/","title":{"rendered":"El rey atolondrado y otros cuentos estrafalarios"},"content":{"rendered":"<p>El Rey Atolondrado y otros 50 cuentos transportan al lector a tierras extra\u00f1as y reinos fabulosos llenos de tristeza y alegr\u00eda, magia y misterio, atolondramiento y aventuras sin fin, donde cualquier cosa puede suceder  y por lo general sucede. Terry Jones es miembro del conocid\u00edsimo e hilarante colectivo Monty Python. Personajes exc\u00e9ntricos, lugares surrealistas ilustrados con maestr\u00eda por Michael Foreman con sus geniales acuarelas.<\/p>\n","protected":false},"excerpt":{"rendered":"El Rey Atolondrado y otros 50 cuentos transportan al lector a tierras extra\u00f1as y reinos fabulosos llenos de tristeza y alegr\u00eda, magia y misterio, atolondramiento y aventuras sin fin, donde cualquier cosa puede suceder y por lo general sucede. Terry [&hellip;]","protected":false},"featured_media":9193,"template":"","meta":{"_acf_changed":false,"_exactmetrics_skip_tracking":false,"_exactmetrics_sitenote_active":false,"_exactmetrics_sitenote_note":"","_exactmetrics_sitenote_category":0},"product_brand":[],"product_cat":[904,1142,1184,1289,1118,1119,908],"product_tag":[],"coleccion":[931],"class_list":{"0":"post-5412","1":"product","2":"type-product","3":"status-publish","4":"has-post-thumbnail","6":"product_cat-a-partir-de-9-anos","7":"product_cat-aventura","8":"product_cat-humor","9":"product_cat-leyendas-cuentos-tradicionales","10":"product_cat-literatura-clasica","11":"product_cat-narrativa-juvenil","12":"product_cat-todas-las-edades","13":"coleccion-cuentos-universales","15":"first","16":"outofstock","17":"taxable","18":"shipping-taxable","19":"purchasable","20":"product-type-simple"},"acf":{"autor":"Jones, Terry","codart":"3493-9","ediciones":"1","encuadernacion":"Geltex","fecha_de_publicacion":"01\/11\/2005","novedad":"0","paginas":"256","subtitulo":"","texto_web_adicional":"","texto_web_novedad":"","orden":"999","portada":"0","texto_web_resaltado":"","autores-libros":[16434],"ilustradores-libros":[17671],"traductores-libros":[17933]},"yoast_head":"<!-- This site is optimized with the Yoast SEO plugin v27.5 - https:\/\/yoast.com\/product\/yoast-seo-wordpress\/ -->\n<title>El rey atolondrado y otros cuentos estrafalarios - Editorial Juventud<\/title>\n<meta name=\"description\" content=\"El Rey Atolondrado y otros 50 cuentos transportan al lector a tierras extra\u00f1as y reinos fabulosos llenos de tristeza y alegr\u00eda, magia y misterio,\" \/>\n<meta name=\"robots\" content=\"index, follow, max-snippet:-1, max-image-preview:large, max-video-preview:-1\" \/>\n<link rel=\"canonical\" href=\"https:\/\/www.editorialjuventud.es\/el-rey-atolondrado-y-otros-cuentos-estrafalarios-9788426134936\/\" \/>\n<meta property=\"og:locale\" content=\"ca_ES\" \/>\n<meta property=\"og:type\" content=\"article\" \/>\n<meta property=\"og:title\" content=\"El rey atolondrado y otros cuentos estrafalarios - Editorial Juventud\" \/>\n<meta property=\"og:description\" content=\"El Rey Atolondrado y otros 50 cuentos transportan al lector a tierras extra\u00f1as y reinos fabulosos llenos de tristeza y alegr\u00eda, magia y misterio,\" \/>\n<meta property=\"og:url\" content=\"https:\/\/www.editorialjuventud.es\/el-rey-atolondrado-y-otros-cuentos-estrafalarios-9788426134936\/\" \/>\n<meta property=\"og:site_name\" content=\"Editorial Juventud\" \/>\n<meta property=\"article:modified_time\" content=\"2025-07-22T12:41:09+00:00\" \/>\n<meta property=\"og:image\" content=\"https:\/\/www.editorialjuventud.es\/wp-content\/uploads\/3493.jpg\" \/>\n\t<meta property=\"og:image:width\" content=\"318\" \/>\n\t<meta property=\"og:image:height\" content=\"400\" \/>\n\t<meta property=\"og:image:type\" content=\"image\/jpeg\" \/>\n<meta name=\"twitter:card\" content=\"summary_large_image\" \/>\n<script type=\"application\/ld+json\" class=\"yoast-schema-graph\">{\"@context\":\"https:\\\/\\\/schema.org\",\"@graph\":[{\"@type\":\"WebPage\",\"@id\":\"https:\\\/\\\/www.editorialjuventud.es\\\/el-rey-atolondrado-y-otros-cuentos-estrafalarios-9788426134936\\\/\",\"url\":\"https:\\\/\\\/www.editorialjuventud.es\\\/el-rey-atolondrado-y-otros-cuentos-estrafalarios-9788426134936\\\/\",\"name\":\"El rey atolondrado y otros cuentos estrafalarios - Editorial Juventud\",\"isPartOf\":{\"@id\":\"https:\\\/\\\/www.editorialjuventud.es\\\/#website\"},\"primaryImageOfPage\":{\"@id\":\"https:\\\/\\\/www.editorialjuventud.es\\\/el-rey-atolondrado-y-otros-cuentos-estrafalarios-9788426134936\\\/#primaryimage\"},\"image\":{\"@id\":\"https:\\\/\\\/www.editorialjuventud.es\\\/el-rey-atolondrado-y-otros-cuentos-estrafalarios-9788426134936\\\/#primaryimage\"},\"thumbnailUrl\":\"https:\\\/\\\/www.editorialjuventud.es\\\/wp-content\\\/uploads\\\/3493.jpg\",\"datePublished\":\"2018-08-24T08:50:31+00:00\",\"dateModified\":\"2025-07-22T12:41:09+00:00\",\"description\":\"El Rey Atolondrado y otros 50 cuentos transportan al lector a tierras extra\u00f1as y reinos fabulosos llenos de tristeza y alegr\u00eda, magia y misterio,\",\"breadcrumb\":{\"@id\":\"https:\\\/\\\/www.editorialjuventud.es\\\/el-rey-atolondrado-y-otros-cuentos-estrafalarios-9788426134936\\\/#breadcrumb\"},\"inLanguage\":\"ca\",\"potentialAction\":[{\"@type\":\"ReadAction\",\"target\":[\"https:\\\/\\\/www.editorialjuventud.es\\\/el-rey-atolondrado-y-otros-cuentos-estrafalarios-9788426134936\\\/\"]}]},{\"@type\":\"ImageObject\",\"inLanguage\":\"ca\",\"@id\":\"https:\\\/\\\/www.editorialjuventud.es\\\/el-rey-atolondrado-y-otros-cuentos-estrafalarios-9788426134936\\\/#primaryimage\",\"url\":\"https:\\\/\\\/www.editorialjuventud.es\\\/wp-content\\\/uploads\\\/3493.jpg\",\"contentUrl\":\"https:\\\/\\\/www.editorialjuventud.es\\\/wp-content\\\/uploads\\\/3493.jpg\",\"width\":318,\"height\":400,\"caption\":\"3493.jpg\"},{\"@type\":\"BreadcrumbList\",\"@id\":\"https:\\\/\\\/www.editorialjuventud.es\\\/el-rey-atolondrado-y-otros-cuentos-estrafalarios-9788426134936\\\/#breadcrumb\",\"itemListElement\":[{\"@type\":\"ListItem\",\"position\":1,\"name\":\"Portada\",\"item\":\"https:\\\/\\\/www.editorialjuventud.es\\\/\"},{\"@type\":\"ListItem\",\"position\":2,\"name\":\"cat\u00e1logo\",\"item\":\"https:\\\/\\\/www.editorialjuventud.es\\\/coleccion\\\/catalogo\\\/\"},{\"@type\":\"ListItem\",\"position\":3,\"name\":\"castellano\",\"item\":\"https:\\\/\\\/www.editorialjuventud.es\\\/coleccion\\\/castellano\\\/\"},{\"@type\":\"ListItem\",\"position\":4,\"name\":\"Cuentos Universales\",\"item\":\"https:\\\/\\\/www.editorialjuventud.es\\\/coleccion\\\/cuentos-universales\\\/\"},{\"@type\":\"ListItem\",\"position\":5,\"name\":\"El rey atolondrado y otros cuentos estrafalarios\"}]},{\"@type\":\"WebSite\",\"@id\":\"https:\\\/\\\/www.editorialjuventud.es\\\/#website\",\"url\":\"https:\\\/\\\/www.editorialjuventud.es\\\/\",\"name\":\"Editorial Juventud\",\"description\":\"\",\"potentialAction\":[{\"@type\":\"SearchAction\",\"target\":{\"@type\":\"EntryPoint\",\"urlTemplate\":\"https:\\\/\\\/www.editorialjuventud.es\\\/?s={search_term_string}\"},\"query-input\":{\"@type\":\"PropertyValueSpecification\",\"valueRequired\":true,\"valueName\":\"search_term_string\"}}],\"inLanguage\":\"ca\"}]}<\/script>\n<!-- \/ Yoast SEO plugin. -->","yoast_head_json":{"title":"El rey atolondrado y otros cuentos estrafalarios - Editorial Juventud","description":"El Rey Atolondrado y otros 50 cuentos transportan al lector a tierras extra\u00f1as y reinos fabulosos llenos de tristeza y alegr\u00eda, magia y misterio,","robots":{"index":"index","follow":"follow","max-snippet":"max-snippet:-1","max-image-preview":"max-image-preview:large","max-video-preview":"max-video-preview:-1"},"canonical":"https:\/\/www.editorialjuventud.es\/el-rey-atolondrado-y-otros-cuentos-estrafalarios-9788426134936\/","og_locale":"ca_ES","og_type":"article","og_title":"El rey atolondrado y otros cuentos estrafalarios - Editorial Juventud","og_description":"El Rey Atolondrado y otros 50 cuentos transportan al lector a tierras extra\u00f1as y reinos fabulosos llenos de tristeza y alegr\u00eda, magia y misterio,","og_url":"https:\/\/www.editorialjuventud.es\/el-rey-atolondrado-y-otros-cuentos-estrafalarios-9788426134936\/","og_site_name":"Editorial Juventud","article_modified_time":"2025-07-22T12:41:09+00:00","og_image":[{"width":318,"height":400,"url":"https:\/\/www.editorialjuventud.es\/wp-content\/uploads\/3493.jpg","type":"image\/jpeg"}],"twitter_card":"summary_large_image","schema":{"@context":"https:\/\/schema.org","@graph":[{"@type":"WebPage","@id":"https:\/\/www.editorialjuventud.es\/el-rey-atolondrado-y-otros-cuentos-estrafalarios-9788426134936\/","url":"https:\/\/www.editorialjuventud.es\/el-rey-atolondrado-y-otros-cuentos-estrafalarios-9788426134936\/","name":"El rey atolondrado y otros cuentos estrafalarios - Editorial Juventud","isPartOf":{"@id":"https:\/\/www.editorialjuventud.es\/#website"},"primaryImageOfPage":{"@id":"https:\/\/www.editorialjuventud.es\/el-rey-atolondrado-y-otros-cuentos-estrafalarios-9788426134936\/#primaryimage"},"image":{"@id":"https:\/\/www.editorialjuventud.es\/el-rey-atolondrado-y-otros-cuentos-estrafalarios-9788426134936\/#primaryimage"},"thumbnailUrl":"https:\/\/www.editorialjuventud.es\/wp-content\/uploads\/3493.jpg","datePublished":"2018-08-24T08:50:31+00:00","dateModified":"2025-07-22T12:41:09+00:00","description":"El Rey Atolondrado y otros 50 cuentos transportan al lector a tierras extra\u00f1as y reinos fabulosos llenos de tristeza y alegr\u00eda, magia y misterio,","breadcrumb":{"@id":"https:\/\/www.editorialjuventud.es\/el-rey-atolondrado-y-otros-cuentos-estrafalarios-9788426134936\/#breadcrumb"},"inLanguage":"ca","potentialAction":[{"@type":"ReadAction","target":["https:\/\/www.editorialjuventud.es\/el-rey-atolondrado-y-otros-cuentos-estrafalarios-9788426134936\/"]}]},{"@type":"ImageObject","inLanguage":"ca","@id":"https:\/\/www.editorialjuventud.es\/el-rey-atolondrado-y-otros-cuentos-estrafalarios-9788426134936\/#primaryimage","url":"https:\/\/www.editorialjuventud.es\/wp-content\/uploads\/3493.jpg","contentUrl":"https:\/\/www.editorialjuventud.es\/wp-content\/uploads\/3493.jpg","width":318,"height":400,"caption":"3493.jpg"},{"@type":"BreadcrumbList","@id":"https:\/\/www.editorialjuventud.es\/el-rey-atolondrado-y-otros-cuentos-estrafalarios-9788426134936\/#breadcrumb","itemListElement":[{"@type":"ListItem","position":1,"name":"Portada","item":"https:\/\/www.editorialjuventud.es\/"},{"@type":"ListItem","position":2,"name":"cat\u00e1logo","item":"https:\/\/www.editorialjuventud.es\/coleccion\/catalogo\/"},{"@type":"ListItem","position":3,"name":"castellano","item":"https:\/\/www.editorialjuventud.es\/coleccion\/castellano\/"},{"@type":"ListItem","position":4,"name":"Cuentos Universales","item":"https:\/\/www.editorialjuventud.es\/coleccion\/cuentos-universales\/"},{"@type":"ListItem","position":5,"name":"El rey atolondrado y otros cuentos estrafalarios"}]},{"@type":"WebSite","@id":"https:\/\/www.editorialjuventud.es\/#website","url":"https:\/\/www.editorialjuventud.es\/","name":"Editorial Juventud","description":"","potentialAction":[{"@type":"SearchAction","target":{"@type":"EntryPoint","urlTemplate":"https:\/\/www.editorialjuventud.es\/?s={search_term_string}"},"query-input":{"@type":"PropertyValueSpecification","valueRequired":true,"valueName":"search_term_string"}}],"inLanguage":"ca"}]}},"_links":{"self":[{"href":"https:\/\/www.editorialjuventud.es\/ca\/wp-json\/wp\/v2\/product\/5412","targetHints":{"allow":["GET"]}}],"collection":[{"href":"https:\/\/www.editorialjuventud.es\/ca\/wp-json\/wp\/v2\/product"}],"about":[{"href":"https:\/\/www.editorialjuventud.es\/ca\/wp-json\/wp\/v2\/types\/product"}],"wp:featuredmedia":[{"embeddable":true,"href":"https:\/\/www.editorialjuventud.es\/ca\/wp-json\/wp\/v2\/media\/9193"}],"wp:attachment":[{"href":"https:\/\/www.editorialjuventud.es\/ca\/wp-json\/wp\/v2\/media?parent=5412"}],"wp:term":[{"taxonomy":"product_brand","embeddable":true,"href":"https:\/\/www.editorialjuventud.es\/ca\/wp-json\/wp\/v2\/product_brand?post=5412"},{"taxonomy":"product_cat","embeddable":true,"href":"https:\/\/www.editorialjuventud.es\/ca\/wp-json\/wp\/v2\/product_cat?post=5412"},{"taxonomy":"product_tag","embeddable":true,"href":"https:\/\/www.editorialjuventud.es\/ca\/wp-json\/wp\/v2\/product_tag?post=5412"},{"taxonomy":"coleccion","embeddable":true,"href":"https:\/\/www.editorialjuventud.es\/ca\/wp-json\/wp\/v2\/coleccion?post=5412"}],"curies":[{"name":"wp","href":"https:\/\/api.w.org\/{rel}","templated":true}]}}