{"id":5392,"date":"2018-08-24T12:47:05","date_gmt":"2018-08-24T08:47:05","guid":{"rendered":"http:\/\/www.editorialjuventud.es\/historia-de-dos-ciudades\/"},"modified":"2024-02-01T09:46:42","modified_gmt":"2024-02-01T08:46:42","slug":"historia-de-dos-ciudades-9788426134677","status":"publish","type":"product","link":"https:\/\/www.editorialjuventud.es\/ca\/historia-de-dos-ciudades-9788426134677\/","title":{"rendered":"Historia de dos ciudades"},"content":{"rendered":"<p>Dickens escribi\u00f3 esta obra inspirada en gran medida en La Revoluci\u00f3n Francesa (1837) de Thomas Carlyle, cuya lectura le hab\u00eda entusiasmado. Tomando como punto de referencia la revoluci\u00f3n francesa, Dickens muestra los problemas sociales y pol\u00edticos de Inglaterra, temiendo que la historia se repitiera en su pa\u00eds natal. En el contraste de estas dos ciudades presentadas, Inglaterra se presenta como la confianza, la tranquilidad, el futuro asegurado, mientras Francia se convierte m\u00e1s y m\u00e1s peligrosa a medida que avanza la novela. Los actos de violencia realizados por el pueblo franc\u00e9s, est\u00e1n dentro de las escenas m\u00e1s memorables del libro. Dickens rechaza la violencia revolucionaria en sus dos formas, tanto es su forma popular, por las masas, como en su forma institucional, el terror de estado.<br \/>\n\u00b7 Una historia conmovedora con personajes que atrapan al lector.<br \/>\n\u00b7 Una exploraci\u00f3n del sufrimiento y el sacrificio humanos.<br \/>\n\u00b7 Un cl\u00e1sico imprescindible.<\/p>\n","protected":false},"excerpt":{"rendered":"Dickens escribi\u00f3 esta obra inspirada en gran medida en La Revoluci\u00f3n Francesa (1837) de Thomas Carlyle, cuya lectura le hab\u00eda entusiasmado. Tomando como punto de referencia la revoluci\u00f3n francesa, Dickens muestra los problemas sociales y pol\u00edticos de Inglaterra, temiendo que [&hellip;]","protected":false},"featured_media":15731,"template":"","meta":{"_acf_changed":false,"_exactmetrics_skip_tracking":false,"_exactmetrics_sitenote_active":false,"_exactmetrics_sitenote_note":"","_exactmetrics_sitenote_category":0},"product_brand":[],"product_cat":[905,892,1115,1118],"product_tag":[],"coleccion":[916,1007,938,1085],"class_list":{"0":"post-5392","1":"product","2":"type-product","3":"status-publish","4":"has-post-thumbnail","6":"product_cat-adulto","7":"product_cat-edades","8":"product_cat-generos","9":"product_cat-literatura-clasica","10":"coleccion-castellano","11":"coleccion-coleccion-z","12":"coleccion-libros-de-bolsillo","13":"coleccion-novela","15":"first","16":"instock","17":"taxable","18":"shipping-taxable","19":"purchasable","20":"product-type-simple"},"acf":{"autor":"DICKENS, CHARLES","codart":"3467-X","ediciones":"0","encuadernacion":"R\u00fastica","fecha_de_publicacion":"01\/01\/2010","novedad":"0","paginas":"482","subtitulo":"","texto_web_adicional":"","texto_web_novedad":"","orden":"999","portada":"0","texto_web_resaltado":"","indice":"","autores-libros":[16326],"ilustradores-libros":"","traductores-libros":[27076],"fecha_de_reimpresion":"","descripcion_corta":"","recomendamos":"","mas_vendido":"","idioma-libro":"","color":false,"formato":"","mas_informacion_del_producto":false,"premios":false,"deshabilitar_compra":["deshabilitar"],"texto_enlace_cubierta":"","enlace_cubierta":false,"texto_enlace_ficha_tecnica":"","enlace_ficha_tecnica":false,"ficheros":false,"titulo-fr":"","texto-fr":""},"yoast_head":"<!-- This site is optimized with the Yoast SEO plugin v27.5 - https:\/\/yoast.com\/product\/yoast-seo-wordpress\/ -->\n<title>Historia de dos ciudades - Editorial Juventud<\/title>\n<meta name=\"description\" content=\"Dickens escribi\u00f3 esta obra inspirada en gran medida en La Revoluci\u00f3n Francesa (1837) de Thomas Carlyle, cuya lectura le hab\u00eda entusiasmado. Tomando como\" \/>\n<meta name=\"robots\" content=\"index, follow, max-snippet:-1, max-image-preview:large, max-video-preview:-1\" \/>\n<link rel=\"canonical\" href=\"https:\/\/www.editorialjuventud.es\/ca\/historia-de-dos-ciudades-9788426134677\/\" \/>\n<meta property=\"og:locale\" content=\"ca_ES\" \/>\n<meta property=\"og:type\" content=\"article\" \/>\n<meta property=\"og:title\" content=\"Historia de dos ciudades - Editorial Juventud\" \/>\n<meta property=\"og:description\" content=\"Dickens escribi\u00f3 esta obra inspirada en gran medida en La Revoluci\u00f3n Francesa (1837) de Thomas Carlyle, cuya lectura le hab\u00eda entusiasmado. Tomando como\" \/>\n<meta property=\"og:url\" content=\"https:\/\/www.editorialjuventud.es\/ca\/historia-de-dos-ciudades-9788426134677\/\" \/>\n<meta property=\"og:site_name\" content=\"Editorial Juventud\" \/>\n<meta property=\"article:modified_time\" content=\"2024-02-01T08:46:42+00:00\" \/>\n<meta property=\"og:image\" content=\"https:\/\/www.editorialjuventud.es\/wp-content\/uploads\/9788426134677.gif\" \/>\n\t<meta property=\"og:image:width\" content=\"247\" \/>\n\t<meta property=\"og:image:height\" content=\"389\" \/>\n\t<meta property=\"og:image:type\" content=\"image\/gif\" \/>\n<meta name=\"twitter:card\" content=\"summary_large_image\" \/>\n<meta name=\"twitter:label1\" content=\"Temps estimat de lectura\" \/>\n\t<meta name=\"twitter:data1\" content=\"1 minut\" \/>\n<script type=\"application\/ld+json\" class=\"yoast-schema-graph\">{\"@context\":\"https:\\\/\\\/schema.org\",\"@graph\":[{\"@type\":\"WebPage\",\"@id\":\"https:\\\/\\\/www.editorialjuventud.es\\\/ca\\\/historia-de-dos-ciudades-9788426134677\\\/\",\"url\":\"https:\\\/\\\/www.editorialjuventud.es\\\/ca\\\/historia-de-dos-ciudades-9788426134677\\\/\",\"name\":\"Historia de dos ciudades - Editorial Juventud\",\"isPartOf\":{\"@id\":\"https:\\\/\\\/www.editorialjuventud.es\\\/#website\"},\"primaryImageOfPage\":{\"@id\":\"https:\\\/\\\/www.editorialjuventud.es\\\/ca\\\/historia-de-dos-ciudades-9788426134677\\\/#primaryimage\"},\"image\":{\"@id\":\"https:\\\/\\\/www.editorialjuventud.es\\\/ca\\\/historia-de-dos-ciudades-9788426134677\\\/#primaryimage\"},\"thumbnailUrl\":\"https:\\\/\\\/www.editorialjuventud.es\\\/wp-content\\\/uploads\\\/9788426134677.gif\",\"datePublished\":\"2018-08-24T08:47:05+00:00\",\"dateModified\":\"2024-02-01T08:46:42+00:00\",\"description\":\"Dickens escribi\u00f3 esta obra inspirada en gran medida en La Revoluci\u00f3n Francesa (1837) de Thomas Carlyle, cuya lectura le hab\u00eda entusiasmado. Tomando como\",\"breadcrumb\":{\"@id\":\"https:\\\/\\\/www.editorialjuventud.es\\\/ca\\\/historia-de-dos-ciudades-9788426134677\\\/#breadcrumb\"},\"inLanguage\":\"ca\",\"potentialAction\":[{\"@type\":\"ReadAction\",\"target\":[\"https:\\\/\\\/www.editorialjuventud.es\\\/ca\\\/historia-de-dos-ciudades-9788426134677\\\/\"]}]},{\"@type\":\"ImageObject\",\"inLanguage\":\"ca\",\"@id\":\"https:\\\/\\\/www.editorialjuventud.es\\\/ca\\\/historia-de-dos-ciudades-9788426134677\\\/#primaryimage\",\"url\":\"https:\\\/\\\/www.editorialjuventud.es\\\/wp-content\\\/uploads\\\/9788426134677.gif\",\"contentUrl\":\"https:\\\/\\\/www.editorialjuventud.es\\\/wp-content\\\/uploads\\\/9788426134677.gif\",\"width\":247,\"height\":389,\"caption\":\"9788426134677.gif\"},{\"@type\":\"BreadcrumbList\",\"@id\":\"https:\\\/\\\/www.editorialjuventud.es\\\/ca\\\/historia-de-dos-ciudades-9788426134677\\\/#breadcrumb\",\"itemListElement\":[{\"@type\":\"ListItem\",\"position\":1,\"name\":\"Portada\",\"item\":\"https:\\\/\\\/www.editorialjuventud.es\\\/\"},{\"@type\":\"ListItem\",\"position\":2,\"name\":\"cat\u00e1logo\",\"item\":\"https:\\\/\\\/www.editorialjuventud.es\\\/coleccion\\\/catalogo\\\/\"},{\"@type\":\"ListItem\",\"position\":3,\"name\":\"castellano\",\"item\":\"https:\\\/\\\/www.editorialjuventud.es\\\/coleccion\\\/castellano\\\/\"},{\"@type\":\"ListItem\",\"position\":4,\"name\":\"Libros de Bolsillo\",\"item\":\"https:\\\/\\\/www.editorialjuventud.es\\\/coleccion\\\/libros-de-bolsillo\\\/\"},{\"@type\":\"ListItem\",\"position\":5,\"name\":\"Colecci\u00f3n Z\",\"item\":\"https:\\\/\\\/www.editorialjuventud.es\\\/coleccion\\\/coleccion-z\\\/\"},{\"@type\":\"ListItem\",\"position\":6,\"name\":\"Novela\",\"item\":\"https:\\\/\\\/www.editorialjuventud.es\\\/coleccion\\\/novela\\\/\"},{\"@type\":\"ListItem\",\"position\":7,\"name\":\"Historia de dos ciudades\"}]},{\"@type\":\"WebSite\",\"@id\":\"https:\\\/\\\/www.editorialjuventud.es\\\/#website\",\"url\":\"https:\\\/\\\/www.editorialjuventud.es\\\/\",\"name\":\"Editorial Juventud\",\"description\":\"\",\"potentialAction\":[{\"@type\":\"SearchAction\",\"target\":{\"@type\":\"EntryPoint\",\"urlTemplate\":\"https:\\\/\\\/www.editorialjuventud.es\\\/?s={search_term_string}\"},\"query-input\":{\"@type\":\"PropertyValueSpecification\",\"valueRequired\":true,\"valueName\":\"search_term_string\"}}],\"inLanguage\":\"ca\"}]}<\/script>\n<!-- \/ Yoast SEO plugin. -->","yoast_head_json":{"title":"Historia de dos ciudades - Editorial Juventud","description":"Dickens escribi\u00f3 esta obra inspirada en gran medida en La Revoluci\u00f3n Francesa (1837) de Thomas Carlyle, cuya lectura le hab\u00eda entusiasmado. Tomando como","robots":{"index":"index","follow":"follow","max-snippet":"max-snippet:-1","max-image-preview":"max-image-preview:large","max-video-preview":"max-video-preview:-1"},"canonical":"https:\/\/www.editorialjuventud.es\/ca\/historia-de-dos-ciudades-9788426134677\/","og_locale":"ca_ES","og_type":"article","og_title":"Historia de dos ciudades - Editorial Juventud","og_description":"Dickens escribi\u00f3 esta obra inspirada en gran medida en La Revoluci\u00f3n Francesa (1837) de Thomas Carlyle, cuya lectura le hab\u00eda entusiasmado. Tomando como","og_url":"https:\/\/www.editorialjuventud.es\/ca\/historia-de-dos-ciudades-9788426134677\/","og_site_name":"Editorial Juventud","article_modified_time":"2024-02-01T08:46:42+00:00","og_image":[{"width":247,"height":389,"url":"https:\/\/www.editorialjuventud.es\/wp-content\/uploads\/9788426134677.gif","type":"image\/gif"}],"twitter_card":"summary_large_image","twitter_misc":{"Temps estimat de lectura":"1 minut"},"schema":{"@context":"https:\/\/schema.org","@graph":[{"@type":"WebPage","@id":"https:\/\/www.editorialjuventud.es\/ca\/historia-de-dos-ciudades-9788426134677\/","url":"https:\/\/www.editorialjuventud.es\/ca\/historia-de-dos-ciudades-9788426134677\/","name":"Historia de dos ciudades - Editorial Juventud","isPartOf":{"@id":"https:\/\/www.editorialjuventud.es\/#website"},"primaryImageOfPage":{"@id":"https:\/\/www.editorialjuventud.es\/ca\/historia-de-dos-ciudades-9788426134677\/#primaryimage"},"image":{"@id":"https:\/\/www.editorialjuventud.es\/ca\/historia-de-dos-ciudades-9788426134677\/#primaryimage"},"thumbnailUrl":"https:\/\/www.editorialjuventud.es\/wp-content\/uploads\/9788426134677.gif","datePublished":"2018-08-24T08:47:05+00:00","dateModified":"2024-02-01T08:46:42+00:00","description":"Dickens escribi\u00f3 esta obra inspirada en gran medida en La Revoluci\u00f3n Francesa (1837) de Thomas Carlyle, cuya lectura le hab\u00eda entusiasmado. Tomando como","breadcrumb":{"@id":"https:\/\/www.editorialjuventud.es\/ca\/historia-de-dos-ciudades-9788426134677\/#breadcrumb"},"inLanguage":"ca","potentialAction":[{"@type":"ReadAction","target":["https:\/\/www.editorialjuventud.es\/ca\/historia-de-dos-ciudades-9788426134677\/"]}]},{"@type":"ImageObject","inLanguage":"ca","@id":"https:\/\/www.editorialjuventud.es\/ca\/historia-de-dos-ciudades-9788426134677\/#primaryimage","url":"https:\/\/www.editorialjuventud.es\/wp-content\/uploads\/9788426134677.gif","contentUrl":"https:\/\/www.editorialjuventud.es\/wp-content\/uploads\/9788426134677.gif","width":247,"height":389,"caption":"9788426134677.gif"},{"@type":"BreadcrumbList","@id":"https:\/\/www.editorialjuventud.es\/ca\/historia-de-dos-ciudades-9788426134677\/#breadcrumb","itemListElement":[{"@type":"ListItem","position":1,"name":"Portada","item":"https:\/\/www.editorialjuventud.es\/"},{"@type":"ListItem","position":2,"name":"cat\u00e1logo","item":"https:\/\/www.editorialjuventud.es\/coleccion\/catalogo\/"},{"@type":"ListItem","position":3,"name":"castellano","item":"https:\/\/www.editorialjuventud.es\/coleccion\/castellano\/"},{"@type":"ListItem","position":4,"name":"Libros de Bolsillo","item":"https:\/\/www.editorialjuventud.es\/coleccion\/libros-de-bolsillo\/"},{"@type":"ListItem","position":5,"name":"Colecci\u00f3n Z","item":"https:\/\/www.editorialjuventud.es\/coleccion\/coleccion-z\/"},{"@type":"ListItem","position":6,"name":"Novela","item":"https:\/\/www.editorialjuventud.es\/coleccion\/novela\/"},{"@type":"ListItem","position":7,"name":"Historia de dos ciudades"}]},{"@type":"WebSite","@id":"https:\/\/www.editorialjuventud.es\/#website","url":"https:\/\/www.editorialjuventud.es\/","name":"Editorial Juventud","description":"","potentialAction":[{"@type":"SearchAction","target":{"@type":"EntryPoint","urlTemplate":"https:\/\/www.editorialjuventud.es\/?s={search_term_string}"},"query-input":{"@type":"PropertyValueSpecification","valueRequired":true,"valueName":"search_term_string"}}],"inLanguage":"ca"}]}},"_links":{"self":[{"href":"https:\/\/www.editorialjuventud.es\/ca\/wp-json\/wp\/v2\/product\/5392","targetHints":{"allow":["GET"]}}],"collection":[{"href":"https:\/\/www.editorialjuventud.es\/ca\/wp-json\/wp\/v2\/product"}],"about":[{"href":"https:\/\/www.editorialjuventud.es\/ca\/wp-json\/wp\/v2\/types\/product"}],"wp:featuredmedia":[{"embeddable":true,"href":"https:\/\/www.editorialjuventud.es\/ca\/wp-json\/wp\/v2\/media\/15731"}],"wp:attachment":[{"href":"https:\/\/www.editorialjuventud.es\/ca\/wp-json\/wp\/v2\/media?parent=5392"}],"wp:term":[{"taxonomy":"product_brand","embeddable":true,"href":"https:\/\/www.editorialjuventud.es\/ca\/wp-json\/wp\/v2\/product_brand?post=5392"},{"taxonomy":"product_cat","embeddable":true,"href":"https:\/\/www.editorialjuventud.es\/ca\/wp-json\/wp\/v2\/product_cat?post=5392"},{"taxonomy":"product_tag","embeddable":true,"href":"https:\/\/www.editorialjuventud.es\/ca\/wp-json\/wp\/v2\/product_tag?post=5392"},{"taxonomy":"coleccion","embeddable":true,"href":"https:\/\/www.editorialjuventud.es\/ca\/wp-json\/wp\/v2\/coleccion?post=5392"}],"curies":[{"name":"wp","href":"https:\/\/api.w.org\/{rel}","templated":true}]}}