{"id":5391,"date":"2018-08-24T10:47:01","date_gmt":"2018-08-24T08:47:01","guid":{"rendered":"http:\/\/www.editorialjuventud.es\/el-compas\/"},"modified":"2025-07-23T09:36:07","modified_gmt":"2025-07-23T07:36:07","slug":"el-compas-9788426134660","status":"publish","type":"product","link":"https:\/\/www.editorialjuventud.es\/ca\/el-compas-9788426134660\/","title":{"rendered":"El comp\u00e1s"},"content":{"rendered":"<p>Esta es la apasionante historia del instrumento de navegaci\u00f3n m\u00e1s importante e todos los tiempos: el comp\u00e1s, nacido de la necesidad de encontrar medios de navegaci\u00f3n fidedignos para recorrer las peligrosas rutas mar\u00edtimas alrededor del globo terrestre. Durante m\u00e1s de mil a\u00f1os, el comp\u00e1s fue el \u00fanico instrumento en el que los marineros confiaban. Daban por sentado que pod\u00eda, como un desde\u00f1oso dios del mundo antiguo, vengarse con naufragios o muertes. Para hacernos consciente de su importancia, Alan Gurney empieza la historia con un espeluznante episodio mar\u00edtimo moderno en el que todos los equipamientos tecnol\u00f3gicos de un yate fallan y la tripulaci\u00f3n tiene que orientarse con las estrellas, y luego retrocede uno siglos atr\u00e1s para explicarnos c\u00f3mo ha evolucionado la navegaci\u00f3n hasta ahora en este aspecto. <br \/>El comp\u00e1s est\u00e1 organizado en orden cronol\u00f3gico, en 21 cap\u00edtulos en los cuales el autor presta una atenci\u00f3n especial a los personajes y temas significativos. Aunque cuente m\u00e1s de mil a\u00f1os de acontecimientos, personajes y barcos, mantiene con destreza el hilo de esta excitante historia de forma amena y apasionante. Gurney da vida al instrumento al que V\u00edctor Hugo llam\u00f3 \u201cel alma del barco&#8217;. La pasi\u00f3n del autor por el mar y sus relatos se percibe a lo largo de todo el libro. <br \/>Alan Gurney es dise\u00f1ador naval, fot\u00f3grafo y escritor. Vive en el condado ingl\u00e9s de Suffolk.<br \/>Una historia fascinante y plagada de infortunios, de los esfuerzos realizados para perfeccionar el m\u00e1s esencial de los instrumentos de navegaci\u00f3n. Un tributo al ingenio humano y a los misterios del mar.<\/p>\n","protected":false},"excerpt":{"rendered":"Esta es la apasionante historia del instrumento de navegaci\u00f3n m\u00e1s importante e todos los tiempos: el comp\u00e1s, nacido de la necesidad de encontrar medios de navegaci\u00f3n fidedignos para recorrer las peligrosas rutas mar\u00edtimas alrededor del globo terrestre. Durante m\u00e1s de [&hellip;]","protected":false},"featured_media":15729,"template":"","meta":{"_acf_changed":false,"_exactmetrics_skip_tracking":false,"_exactmetrics_sitenote_active":false,"_exactmetrics_sitenote_note":"","_exactmetrics_sitenote_category":0},"product_brand":[],"product_cat":[905,1178,1120,1128],"product_tag":[],"coleccion":[1079,936,1088],"class_list":{"0":"post-5391","1":"product","2":"type-product","3":"status-publish","4":"has-post-thumbnail","6":"product_cat-adulto","7":"product_cat-geografia","8":"product_cat-nautica","9":"product_cat-tematica","10":"coleccion-astrolabio","11":"coleccion-lecturas-en-torno-al-mar","12":"coleccion-narrativa-maritima-lecturas-entorno-al-mar","14":"first","15":"outofstock","16":"taxable","17":"shipping-taxable","18":"purchasable","19":"product-type-simple"},"acf":{"autor":"Gurney","codart":"3466-1","ediciones":"1","encuadernacion":"Geltex","fecha_de_publicacion":"14\/06\/2005","novedad":"0","paginas":"300","subtitulo":"","texto_web_adicional":"","texto_web_novedad":"","orden":"999","portada":"0","texto_web_resaltado":"","autores-libros":[16390],"traductores-libros":[18280]},"yoast_head":"<!-- This site is optimized with the Yoast SEO plugin v27.5 - https:\/\/yoast.com\/product\/yoast-seo-wordpress\/ -->\n<title>El comp\u00e1s - Editorial Juventud<\/title>\n<meta name=\"description\" content=\"Esta es la apasionante historia del instrumento de navegaci\u00f3n m\u00e1s importante e todos los tiempos: el comp\u00e1s, nacido de la necesidad de encontrar medios de\" \/>\n<meta name=\"robots\" content=\"index, follow, max-snippet:-1, max-image-preview:large, max-video-preview:-1\" \/>\n<link rel=\"canonical\" href=\"https:\/\/www.editorialjuventud.es\/el-compas-9788426134660\/\" \/>\n<meta property=\"og:locale\" content=\"ca_ES\" \/>\n<meta property=\"og:type\" content=\"article\" \/>\n<meta property=\"og:title\" content=\"El comp\u00e1s - Editorial Juventud\" \/>\n<meta property=\"og:description\" content=\"Esta es la apasionante historia del instrumento de navegaci\u00f3n m\u00e1s importante e todos los tiempos: el comp\u00e1s, nacido de la necesidad de encontrar medios de\" \/>\n<meta property=\"og:url\" content=\"https:\/\/www.editorialjuventud.es\/el-compas-9788426134660\/\" \/>\n<meta property=\"og:site_name\" content=\"Editorial Juventud\" \/>\n<meta property=\"article:modified_time\" content=\"2025-07-23T07:36:07+00:00\" \/>\n<meta property=\"og:image\" content=\"https:\/\/www.editorialjuventud.es\/wp-content\/uploads\/9788426134660.gif\" \/>\n\t<meta property=\"og:image:width\" content=\"268\" \/>\n\t<meta property=\"og:image:height\" content=\"400\" \/>\n\t<meta property=\"og:image:type\" content=\"image\/gif\" \/>\n<meta name=\"twitter:card\" content=\"summary_large_image\" \/>\n<meta name=\"twitter:label1\" content=\"Temps estimat de lectura\" \/>\n\t<meta name=\"twitter:data1\" content=\"1 minut\" \/>\n<script type=\"application\/ld+json\" class=\"yoast-schema-graph\">{\"@context\":\"https:\\\/\\\/schema.org\",\"@graph\":[{\"@type\":\"WebPage\",\"@id\":\"https:\\\/\\\/www.editorialjuventud.es\\\/el-compas-9788426134660\\\/\",\"url\":\"https:\\\/\\\/www.editorialjuventud.es\\\/el-compas-9788426134660\\\/\",\"name\":\"El comp\u00e1s - Editorial Juventud\",\"isPartOf\":{\"@id\":\"https:\\\/\\\/www.editorialjuventud.es\\\/#website\"},\"primaryImageOfPage\":{\"@id\":\"https:\\\/\\\/www.editorialjuventud.es\\\/el-compas-9788426134660\\\/#primaryimage\"},\"image\":{\"@id\":\"https:\\\/\\\/www.editorialjuventud.es\\\/el-compas-9788426134660\\\/#primaryimage\"},\"thumbnailUrl\":\"https:\\\/\\\/www.editorialjuventud.es\\\/wp-content\\\/uploads\\\/9788426134660.gif\",\"datePublished\":\"2018-08-24T08:47:01+00:00\",\"dateModified\":\"2025-07-23T07:36:07+00:00\",\"description\":\"Esta es la apasionante historia del instrumento de navegaci\u00f3n m\u00e1s importante e todos los tiempos: el comp\u00e1s, nacido de la necesidad de encontrar medios de\",\"breadcrumb\":{\"@id\":\"https:\\\/\\\/www.editorialjuventud.es\\\/el-compas-9788426134660\\\/#breadcrumb\"},\"inLanguage\":\"ca\",\"potentialAction\":[{\"@type\":\"ReadAction\",\"target\":[\"https:\\\/\\\/www.editorialjuventud.es\\\/el-compas-9788426134660\\\/\"]}]},{\"@type\":\"ImageObject\",\"inLanguage\":\"ca\",\"@id\":\"https:\\\/\\\/www.editorialjuventud.es\\\/el-compas-9788426134660\\\/#primaryimage\",\"url\":\"https:\\\/\\\/www.editorialjuventud.es\\\/wp-content\\\/uploads\\\/9788426134660.gif\",\"contentUrl\":\"https:\\\/\\\/www.editorialjuventud.es\\\/wp-content\\\/uploads\\\/9788426134660.gif\",\"width\":268,\"height\":400,\"caption\":\"9788426134660.gif\"},{\"@type\":\"BreadcrumbList\",\"@id\":\"https:\\\/\\\/www.editorialjuventud.es\\\/el-compas-9788426134660\\\/#breadcrumb\",\"itemListElement\":[{\"@type\":\"ListItem\",\"position\":1,\"name\":\"Portada\",\"item\":\"https:\\\/\\\/www.editorialjuventud.es\\\/\"},{\"@type\":\"ListItem\",\"position\":2,\"name\":\"cat\u00e1logo\",\"item\":\"https:\\\/\\\/www.editorialjuventud.es\\\/coleccion\\\/catalogo\\\/\"},{\"@type\":\"ListItem\",\"position\":3,\"name\":\"castellano\",\"item\":\"https:\\\/\\\/www.editorialjuventud.es\\\/coleccion\\\/castellano\\\/\"},{\"@type\":\"ListItem\",\"position\":4,\"name\":\"Lecturas En torno al Mar\",\"item\":\"https:\\\/\\\/www.editorialjuventud.es\\\/coleccion\\\/lecturas-en-torno-al-mar\\\/\"},{\"@type\":\"ListItem\",\"position\":5,\"name\":\"Narrativa Mar\u00edtima\",\"item\":\"https:\\\/\\\/www.editorialjuventud.es\\\/ca\\\/coleccion\\\/narrativa-maritima-lecturas-entorno-al-mar\\\/\"},{\"@type\":\"ListItem\",\"position\":6,\"name\":\"Astrolabio\",\"item\":\"https:\\\/\\\/www.editorialjuventud.es\\\/coleccion\\\/astrolabio\\\/\"},{\"@type\":\"ListItem\",\"position\":7,\"name\":\"El comp\u00e1s\"}]},{\"@type\":\"WebSite\",\"@id\":\"https:\\\/\\\/www.editorialjuventud.es\\\/#website\",\"url\":\"https:\\\/\\\/www.editorialjuventud.es\\\/\",\"name\":\"Editorial Juventud\",\"description\":\"\",\"potentialAction\":[{\"@type\":\"SearchAction\",\"target\":{\"@type\":\"EntryPoint\",\"urlTemplate\":\"https:\\\/\\\/www.editorialjuventud.es\\\/?s={search_term_string}\"},\"query-input\":{\"@type\":\"PropertyValueSpecification\",\"valueRequired\":true,\"valueName\":\"search_term_string\"}}],\"inLanguage\":\"ca\"}]}<\/script>\n<!-- \/ Yoast SEO plugin. -->","yoast_head_json":{"title":"El comp\u00e1s - Editorial Juventud","description":"Esta es la apasionante historia del instrumento de navegaci\u00f3n m\u00e1s importante e todos los tiempos: el comp\u00e1s, nacido de la necesidad de encontrar medios de","robots":{"index":"index","follow":"follow","max-snippet":"max-snippet:-1","max-image-preview":"max-image-preview:large","max-video-preview":"max-video-preview:-1"},"canonical":"https:\/\/www.editorialjuventud.es\/el-compas-9788426134660\/","og_locale":"ca_ES","og_type":"article","og_title":"El comp\u00e1s - Editorial Juventud","og_description":"Esta es la apasionante historia del instrumento de navegaci\u00f3n m\u00e1s importante e todos los tiempos: el comp\u00e1s, nacido de la necesidad de encontrar medios de","og_url":"https:\/\/www.editorialjuventud.es\/el-compas-9788426134660\/","og_site_name":"Editorial Juventud","article_modified_time":"2025-07-23T07:36:07+00:00","og_image":[{"width":268,"height":400,"url":"https:\/\/www.editorialjuventud.es\/wp-content\/uploads\/9788426134660.gif","type":"image\/gif"}],"twitter_card":"summary_large_image","twitter_misc":{"Temps estimat de lectura":"1 minut"},"schema":{"@context":"https:\/\/schema.org","@graph":[{"@type":"WebPage","@id":"https:\/\/www.editorialjuventud.es\/el-compas-9788426134660\/","url":"https:\/\/www.editorialjuventud.es\/el-compas-9788426134660\/","name":"El comp\u00e1s - Editorial Juventud","isPartOf":{"@id":"https:\/\/www.editorialjuventud.es\/#website"},"primaryImageOfPage":{"@id":"https:\/\/www.editorialjuventud.es\/el-compas-9788426134660\/#primaryimage"},"image":{"@id":"https:\/\/www.editorialjuventud.es\/el-compas-9788426134660\/#primaryimage"},"thumbnailUrl":"https:\/\/www.editorialjuventud.es\/wp-content\/uploads\/9788426134660.gif","datePublished":"2018-08-24T08:47:01+00:00","dateModified":"2025-07-23T07:36:07+00:00","description":"Esta es la apasionante historia del instrumento de navegaci\u00f3n m\u00e1s importante e todos los tiempos: el comp\u00e1s, nacido de la necesidad de encontrar medios de","breadcrumb":{"@id":"https:\/\/www.editorialjuventud.es\/el-compas-9788426134660\/#breadcrumb"},"inLanguage":"ca","potentialAction":[{"@type":"ReadAction","target":["https:\/\/www.editorialjuventud.es\/el-compas-9788426134660\/"]}]},{"@type":"ImageObject","inLanguage":"ca","@id":"https:\/\/www.editorialjuventud.es\/el-compas-9788426134660\/#primaryimage","url":"https:\/\/www.editorialjuventud.es\/wp-content\/uploads\/9788426134660.gif","contentUrl":"https:\/\/www.editorialjuventud.es\/wp-content\/uploads\/9788426134660.gif","width":268,"height":400,"caption":"9788426134660.gif"},{"@type":"BreadcrumbList","@id":"https:\/\/www.editorialjuventud.es\/el-compas-9788426134660\/#breadcrumb","itemListElement":[{"@type":"ListItem","position":1,"name":"Portada","item":"https:\/\/www.editorialjuventud.es\/"},{"@type":"ListItem","position":2,"name":"cat\u00e1logo","item":"https:\/\/www.editorialjuventud.es\/coleccion\/catalogo\/"},{"@type":"ListItem","position":3,"name":"castellano","item":"https:\/\/www.editorialjuventud.es\/coleccion\/castellano\/"},{"@type":"ListItem","position":4,"name":"Lecturas En torno al Mar","item":"https:\/\/www.editorialjuventud.es\/coleccion\/lecturas-en-torno-al-mar\/"},{"@type":"ListItem","position":5,"name":"Narrativa Mar\u00edtima","item":"https:\/\/www.editorialjuventud.es\/ca\/coleccion\/narrativa-maritima-lecturas-entorno-al-mar\/"},{"@type":"ListItem","position":6,"name":"Astrolabio","item":"https:\/\/www.editorialjuventud.es\/coleccion\/astrolabio\/"},{"@type":"ListItem","position":7,"name":"El comp\u00e1s"}]},{"@type":"WebSite","@id":"https:\/\/www.editorialjuventud.es\/#website","url":"https:\/\/www.editorialjuventud.es\/","name":"Editorial Juventud","description":"","potentialAction":[{"@type":"SearchAction","target":{"@type":"EntryPoint","urlTemplate":"https:\/\/www.editorialjuventud.es\/?s={search_term_string}"},"query-input":{"@type":"PropertyValueSpecification","valueRequired":true,"valueName":"search_term_string"}}],"inLanguage":"ca"}]}},"_links":{"self":[{"href":"https:\/\/www.editorialjuventud.es\/ca\/wp-json\/wp\/v2\/product\/5391","targetHints":{"allow":["GET"]}}],"collection":[{"href":"https:\/\/www.editorialjuventud.es\/ca\/wp-json\/wp\/v2\/product"}],"about":[{"href":"https:\/\/www.editorialjuventud.es\/ca\/wp-json\/wp\/v2\/types\/product"}],"wp:featuredmedia":[{"embeddable":true,"href":"https:\/\/www.editorialjuventud.es\/ca\/wp-json\/wp\/v2\/media\/15729"}],"wp:attachment":[{"href":"https:\/\/www.editorialjuventud.es\/ca\/wp-json\/wp\/v2\/media?parent=5391"}],"wp:term":[{"taxonomy":"product_brand","embeddable":true,"href":"https:\/\/www.editorialjuventud.es\/ca\/wp-json\/wp\/v2\/product_brand?post=5391"},{"taxonomy":"product_cat","embeddable":true,"href":"https:\/\/www.editorialjuventud.es\/ca\/wp-json\/wp\/v2\/product_cat?post=5391"},{"taxonomy":"product_tag","embeddable":true,"href":"https:\/\/www.editorialjuventud.es\/ca\/wp-json\/wp\/v2\/product_tag?post=5391"},{"taxonomy":"coleccion","embeddable":true,"href":"https:\/\/www.editorialjuventud.es\/ca\/wp-json\/wp\/v2\/coleccion?post=5391"}],"curies":[{"name":"wp","href":"https:\/\/api.w.org\/{rel}","templated":true}]}}