{"id":5387,"date":"2018-08-24T10:46:40","date_gmt":"2018-08-24T08:46:40","guid":{"rendered":"http:\/\/www.editorialjuventud.es\/gulliver-viaje-a-liliput\/"},"modified":"2026-04-09T10:15:07","modified_gmt":"2026-04-09T08:15:07","slug":"gulliver-viaje-a-liliput-9788426134585","status":"publish","type":"product","link":"https:\/\/www.editorialjuventud.es\/ca\/gulliver-viaje-a-liliput-9788426134585\/","title":{"rendered":"Gulliver Viaje a Liliput"},"content":{"rendered":"<p>Gulliver, un cirujano embarcado en un nav\u00edo mercante, relata c\u00f3mo se salva milagrosamente de un naufragio. Al llegar, exhausto, a la orilla de una tierra desconocida, cae en un profundo sue\u00f1o. Cuando despierta tiene una desagradable sorpresa: est\u00e1 atado al suelo y no se puede mover. Entonces, una criatura humana diminuta de menos de seis pulgadas se le acerca&#8230; Este encuentro es el comienzo de una gran aventura: \u00a1El viaje de Gulliver a Liliput! Una adaptaci\u00f3n fiel al texto de Swift con ilustraciones a doble p\u00e1gina que sit\u00faan mejor el contexto de la narraci\u00f3n. <\/p>\n","protected":false},"excerpt":{"rendered":"Gulliver, un cirujano embarcado en un nav\u00edo mercante, relata c\u00f3mo se salva milagrosamente de un naufragio. Al llegar, exhausto, a la orilla de una tierra desconocida, cae en un profundo sue\u00f1o. Cuando despierta tiene una desagradable sorpresa: est\u00e1 atado al [&hellip;]","protected":false},"featured_media":9089,"template":"","meta":{"_acf_changed":false,"_exactmetrics_skip_tracking":false,"_exactmetrics_sitenote_active":false,"_exactmetrics_sitenote_note":"","_exactmetrics_sitenote_category":0},"product_brand":[],"product_cat":[902,1121,1142,1143,1193,1128,1229],"product_tag":[],"coleccion":[992],"class_list":{"0":"post-5387","1":"product","2":"type-product","3":"status-publish","4":"has-post-thumbnail","6":"product_cat-a-partir-de-7-anos","7":"product_cat-albumes-ilustrados","8":"product_cat-aventura","9":"product_cat-barcos","10":"product_cat-mar-oceano","11":"product_cat-tematica","12":"product_cat-vacaciones-viajes","13":"coleccion-el-arca-de-los-cuentos","15":"first","16":"outofstock","17":"taxable","18":"shipping-taxable","19":"purchasable","20":"product-type-simple"},"acf":{"autor":"Faulques","codart":"3458-0","ediciones":"1","encuadernacion":"Carton\u00e9","fecha_de_publicacion":"09\/04\/2026","novedad":"0","paginas":"48","subtitulo":"","texto_web_adicional":"","texto_web_novedad":"","orden":"999","portada":"0","texto_web_resaltado":"","autores-libros":[16634],"ilustradores-libros":[17650]},"yoast_head":"<!-- This site is optimized with the Yoast SEO plugin v27.5 - https:\/\/yoast.com\/product\/yoast-seo-wordpress\/ -->\n<title>Gulliver Viaje a Liliput - Editorial Juventud<\/title>\n<meta name=\"description\" content=\"Gulliver, un cirujano embarcado en un nav\u00edo mercante, relata c\u00f3mo se salva milagrosamente de un naufragio. Al llegar, exhausto, a la orilla de una tierra\" \/>\n<meta name=\"robots\" content=\"index, follow, max-snippet:-1, max-image-preview:large, max-video-preview:-1\" \/>\n<link rel=\"canonical\" href=\"https:\/\/www.editorialjuventud.es\/gulliver-viaje-a-liliput-9788426134585\/\" \/>\n<meta property=\"og:locale\" content=\"ca_ES\" \/>\n<meta property=\"og:type\" content=\"article\" \/>\n<meta property=\"og:title\" content=\"Gulliver Viaje a Liliput - Editorial Juventud\" \/>\n<meta property=\"og:description\" content=\"Gulliver, un cirujano embarcado en un nav\u00edo mercante, relata c\u00f3mo se salva milagrosamente de un naufragio. Al llegar, exhausto, a la orilla de una tierra\" \/>\n<meta property=\"og:url\" content=\"https:\/\/www.editorialjuventud.es\/gulliver-viaje-a-liliput-9788426134585\/\" \/>\n<meta property=\"og:site_name\" content=\"Editorial Juventud\" \/>\n<meta property=\"article:modified_time\" content=\"2026-04-09T08:15:07+00:00\" \/>\n<meta property=\"og:image\" content=\"https:\/\/www.editorialjuventud.es\/wp-content\/uploads\/3458.jpg\" \/>\n\t<meta property=\"og:image:width\" content=\"330\" \/>\n\t<meta property=\"og:image:height\" content=\"400\" \/>\n\t<meta property=\"og:image:type\" content=\"image\/jpeg\" \/>\n<meta name=\"twitter:card\" content=\"summary_large_image\" \/>\n<meta name=\"twitter:label1\" content=\"Temps estimat de lectura\" \/>\n\t<meta name=\"twitter:data1\" content=\"1 minut\" \/>\n<script type=\"application\/ld+json\" class=\"yoast-schema-graph\">{\"@context\":\"https:\\\/\\\/schema.org\",\"@graph\":[{\"@type\":\"WebPage\",\"@id\":\"https:\\\/\\\/www.editorialjuventud.es\\\/gulliver-viaje-a-liliput-9788426134585\\\/\",\"url\":\"https:\\\/\\\/www.editorialjuventud.es\\\/gulliver-viaje-a-liliput-9788426134585\\\/\",\"name\":\"Gulliver Viaje a Liliput - Editorial Juventud\",\"isPartOf\":{\"@id\":\"https:\\\/\\\/www.editorialjuventud.es\\\/#website\"},\"primaryImageOfPage\":{\"@id\":\"https:\\\/\\\/www.editorialjuventud.es\\\/gulliver-viaje-a-liliput-9788426134585\\\/#primaryimage\"},\"image\":{\"@id\":\"https:\\\/\\\/www.editorialjuventud.es\\\/gulliver-viaje-a-liliput-9788426134585\\\/#primaryimage\"},\"thumbnailUrl\":\"https:\\\/\\\/www.editorialjuventud.es\\\/wp-content\\\/uploads\\\/3458.jpg\",\"datePublished\":\"2018-08-24T08:46:40+00:00\",\"dateModified\":\"2026-04-09T08:15:07+00:00\",\"description\":\"Gulliver, un cirujano embarcado en un nav\u00edo mercante, relata c\u00f3mo se salva milagrosamente de un naufragio. Al llegar, exhausto, a la orilla de una tierra\",\"breadcrumb\":{\"@id\":\"https:\\\/\\\/www.editorialjuventud.es\\\/gulliver-viaje-a-liliput-9788426134585\\\/#breadcrumb\"},\"inLanguage\":\"ca\",\"potentialAction\":[{\"@type\":\"ReadAction\",\"target\":[\"https:\\\/\\\/www.editorialjuventud.es\\\/gulliver-viaje-a-liliput-9788426134585\\\/\"]}]},{\"@type\":\"ImageObject\",\"inLanguage\":\"ca\",\"@id\":\"https:\\\/\\\/www.editorialjuventud.es\\\/gulliver-viaje-a-liliput-9788426134585\\\/#primaryimage\",\"url\":\"https:\\\/\\\/www.editorialjuventud.es\\\/wp-content\\\/uploads\\\/3458.jpg\",\"contentUrl\":\"https:\\\/\\\/www.editorialjuventud.es\\\/wp-content\\\/uploads\\\/3458.jpg\",\"width\":330,\"height\":400,\"caption\":\"3458.jpg\"},{\"@type\":\"BreadcrumbList\",\"@id\":\"https:\\\/\\\/www.editorialjuventud.es\\\/gulliver-viaje-a-liliput-9788426134585\\\/#breadcrumb\",\"itemListElement\":[{\"@type\":\"ListItem\",\"position\":1,\"name\":\"Portada\",\"item\":\"https:\\\/\\\/www.editorialjuventud.es\\\/\"},{\"@type\":\"ListItem\",\"position\":2,\"name\":\"cat\u00e1logo\",\"item\":\"https:\\\/\\\/www.editorialjuventud.es\\\/coleccion\\\/catalogo\\\/\"},{\"@type\":\"ListItem\",\"position\":3,\"name\":\"castellano\",\"item\":\"https:\\\/\\\/www.editorialjuventud.es\\\/coleccion\\\/castellano\\\/\"},{\"@type\":\"ListItem\",\"position\":4,\"name\":\"\u00c1lbumes Ilustrados\",\"item\":\"https:\\\/\\\/www.editorialjuventud.es\\\/coleccion\\\/albumes-ilustrados\\\/\"},{\"@type\":\"ListItem\",\"position\":5,\"name\":\"El Arca de los Cuentos\",\"item\":\"https:\\\/\\\/www.editorialjuventud.es\\\/coleccion\\\/el-arca-de-los-cuentos\\\/\"},{\"@type\":\"ListItem\",\"position\":6,\"name\":\"Gulliver Viaje a Liliput\"}]},{\"@type\":\"WebSite\",\"@id\":\"https:\\\/\\\/www.editorialjuventud.es\\\/#website\",\"url\":\"https:\\\/\\\/www.editorialjuventud.es\\\/\",\"name\":\"Editorial Juventud\",\"description\":\"\",\"potentialAction\":[{\"@type\":\"SearchAction\",\"target\":{\"@type\":\"EntryPoint\",\"urlTemplate\":\"https:\\\/\\\/www.editorialjuventud.es\\\/?s={search_term_string}\"},\"query-input\":{\"@type\":\"PropertyValueSpecification\",\"valueRequired\":true,\"valueName\":\"search_term_string\"}}],\"inLanguage\":\"ca\"}]}<\/script>\n<!-- \/ Yoast SEO plugin. -->","yoast_head_json":{"title":"Gulliver Viaje a Liliput - Editorial Juventud","description":"Gulliver, un cirujano embarcado en un nav\u00edo mercante, relata c\u00f3mo se salva milagrosamente de un naufragio. Al llegar, exhausto, a la orilla de una tierra","robots":{"index":"index","follow":"follow","max-snippet":"max-snippet:-1","max-image-preview":"max-image-preview:large","max-video-preview":"max-video-preview:-1"},"canonical":"https:\/\/www.editorialjuventud.es\/gulliver-viaje-a-liliput-9788426134585\/","og_locale":"ca_ES","og_type":"article","og_title":"Gulliver Viaje a Liliput - Editorial Juventud","og_description":"Gulliver, un cirujano embarcado en un nav\u00edo mercante, relata c\u00f3mo se salva milagrosamente de un naufragio. Al llegar, exhausto, a la orilla de una tierra","og_url":"https:\/\/www.editorialjuventud.es\/gulliver-viaje-a-liliput-9788426134585\/","og_site_name":"Editorial Juventud","article_modified_time":"2026-04-09T08:15:07+00:00","og_image":[{"width":330,"height":400,"url":"https:\/\/www.editorialjuventud.es\/wp-content\/uploads\/3458.jpg","type":"image\/jpeg"}],"twitter_card":"summary_large_image","twitter_misc":{"Temps estimat de lectura":"1 minut"},"schema":{"@context":"https:\/\/schema.org","@graph":[{"@type":"WebPage","@id":"https:\/\/www.editorialjuventud.es\/gulliver-viaje-a-liliput-9788426134585\/","url":"https:\/\/www.editorialjuventud.es\/gulliver-viaje-a-liliput-9788426134585\/","name":"Gulliver Viaje a Liliput - Editorial Juventud","isPartOf":{"@id":"https:\/\/www.editorialjuventud.es\/#website"},"primaryImageOfPage":{"@id":"https:\/\/www.editorialjuventud.es\/gulliver-viaje-a-liliput-9788426134585\/#primaryimage"},"image":{"@id":"https:\/\/www.editorialjuventud.es\/gulliver-viaje-a-liliput-9788426134585\/#primaryimage"},"thumbnailUrl":"https:\/\/www.editorialjuventud.es\/wp-content\/uploads\/3458.jpg","datePublished":"2018-08-24T08:46:40+00:00","dateModified":"2026-04-09T08:15:07+00:00","description":"Gulliver, un cirujano embarcado en un nav\u00edo mercante, relata c\u00f3mo se salva milagrosamente de un naufragio. Al llegar, exhausto, a la orilla de una tierra","breadcrumb":{"@id":"https:\/\/www.editorialjuventud.es\/gulliver-viaje-a-liliput-9788426134585\/#breadcrumb"},"inLanguage":"ca","potentialAction":[{"@type":"ReadAction","target":["https:\/\/www.editorialjuventud.es\/gulliver-viaje-a-liliput-9788426134585\/"]}]},{"@type":"ImageObject","inLanguage":"ca","@id":"https:\/\/www.editorialjuventud.es\/gulliver-viaje-a-liliput-9788426134585\/#primaryimage","url":"https:\/\/www.editorialjuventud.es\/wp-content\/uploads\/3458.jpg","contentUrl":"https:\/\/www.editorialjuventud.es\/wp-content\/uploads\/3458.jpg","width":330,"height":400,"caption":"3458.jpg"},{"@type":"BreadcrumbList","@id":"https:\/\/www.editorialjuventud.es\/gulliver-viaje-a-liliput-9788426134585\/#breadcrumb","itemListElement":[{"@type":"ListItem","position":1,"name":"Portada","item":"https:\/\/www.editorialjuventud.es\/"},{"@type":"ListItem","position":2,"name":"cat\u00e1logo","item":"https:\/\/www.editorialjuventud.es\/coleccion\/catalogo\/"},{"@type":"ListItem","position":3,"name":"castellano","item":"https:\/\/www.editorialjuventud.es\/coleccion\/castellano\/"},{"@type":"ListItem","position":4,"name":"\u00c1lbumes Ilustrados","item":"https:\/\/www.editorialjuventud.es\/coleccion\/albumes-ilustrados\/"},{"@type":"ListItem","position":5,"name":"El Arca de los Cuentos","item":"https:\/\/www.editorialjuventud.es\/coleccion\/el-arca-de-los-cuentos\/"},{"@type":"ListItem","position":6,"name":"Gulliver Viaje a Liliput"}]},{"@type":"WebSite","@id":"https:\/\/www.editorialjuventud.es\/#website","url":"https:\/\/www.editorialjuventud.es\/","name":"Editorial Juventud","description":"","potentialAction":[{"@type":"SearchAction","target":{"@type":"EntryPoint","urlTemplate":"https:\/\/www.editorialjuventud.es\/?s={search_term_string}"},"query-input":{"@type":"PropertyValueSpecification","valueRequired":true,"valueName":"search_term_string"}}],"inLanguage":"ca"}]}},"_links":{"self":[{"href":"https:\/\/www.editorialjuventud.es\/ca\/wp-json\/wp\/v2\/product\/5387","targetHints":{"allow":["GET"]}}],"collection":[{"href":"https:\/\/www.editorialjuventud.es\/ca\/wp-json\/wp\/v2\/product"}],"about":[{"href":"https:\/\/www.editorialjuventud.es\/ca\/wp-json\/wp\/v2\/types\/product"}],"wp:featuredmedia":[{"embeddable":true,"href":"https:\/\/www.editorialjuventud.es\/ca\/wp-json\/wp\/v2\/media\/9089"}],"wp:attachment":[{"href":"https:\/\/www.editorialjuventud.es\/ca\/wp-json\/wp\/v2\/media?parent=5387"}],"wp:term":[{"taxonomy":"product_brand","embeddable":true,"href":"https:\/\/www.editorialjuventud.es\/ca\/wp-json\/wp\/v2\/product_brand?post=5387"},{"taxonomy":"product_cat","embeddable":true,"href":"https:\/\/www.editorialjuventud.es\/ca\/wp-json\/wp\/v2\/product_cat?post=5387"},{"taxonomy":"product_tag","embeddable":true,"href":"https:\/\/www.editorialjuventud.es\/ca\/wp-json\/wp\/v2\/product_tag?post=5387"},{"taxonomy":"coleccion","embeddable":true,"href":"https:\/\/www.editorialjuventud.es\/ca\/wp-json\/wp\/v2\/coleccion?post=5387"}],"curies":[{"name":"wp","href":"https:\/\/api.w.org\/{rel}","templated":true}]}}