{"id":5384,"date":"2018-08-24T12:46:24","date_gmt":"2018-08-24T08:46:24","guid":{"rendered":"http:\/\/www.editorialjuventud.es\/el-gato-negro-y-otras-narraciones\/"},"modified":"2026-03-12T09:19:14","modified_gmt":"2026-03-12T08:19:14","slug":"el-gato-negro-y-otras-narraciones-extraordinarias-9788426134547","status":"publish","type":"product","link":"https:\/\/www.editorialjuventud.es\/ca\/el-gato-negro-y-otras-narraciones-extraordinarias-9788426134547\/","title":{"rendered":"El gato negro y otras narraciones extraordinarias"},"content":{"rendered":"<p>La gran fuerza imaginativa y la fascinante variedad de los argumentos de Poe explican la gran audiencia de este autor entre los lectores de todas las lenguas. Nadie ha sabido describir m\u00e1s minuciosamente el miedo, analizar y hacer sentir con m\u00e1s intensidad el dolor y las emociones. Esta serie de narraciones extraordinarias esta compuesta por El gato negro, Un relato de las monta\u00f1as melladas, William Wilson, Morella, El hombre de la multitud, Berenice, La conversaci\u00f3n de Eiros y Charmion, La sombra y Eleonora.<br \/>\nUna selecci\u00f3n de cuentos magistrales. Un estudio cr\u00edtico y biogr\u00e1fico introductoria de Charles Baudelaire. Edici\u00f3n \u00edntegra, corregida y revisada.<\/p>\n","protected":false},"excerpt":{"rendered":"La gran fuerza imaginativa y la fascinante variedad de los argumentos de Poe explican la gran audiencia de este autor entre los lectores de todas las lenguas. Nadie ha sabido describir m\u00e1s minuciosamente el miedo, analizar y hacer sentir con [&hellip;]","protected":false},"featured_media":15727,"template":"","meta":{"_acf_changed":false,"_exactmetrics_skip_tracking":false,"_exactmetrics_sitenote_active":false,"_exactmetrics_sitenote_note":"","_exactmetrics_sitenote_category":0},"product_brand":[],"product_cat":[905,892,1115,1118],"product_tag":[],"coleccion":[916,1007,938,1085],"class_list":{"0":"post-5384","1":"product","2":"type-product","3":"status-publish","4":"has-post-thumbnail","6":"product_cat-adulto","7":"product_cat-edades","8":"product_cat-generos","9":"product_cat-literatura-clasica","10":"coleccion-castellano","11":"coleccion-coleccion-z","12":"coleccion-libros-de-bolsillo","13":"coleccion-novela","15":"first","16":"instock","17":"taxable","18":"shipping-taxable","19":"purchasable","20":"product-type-simple"},"acf":{"autor":"POE, EDGAR ALLAN","codart":"3454-8","ediciones":"1","encuadernacion":"Bolsillo","fecha_de_publicacion":"01\/04\/2005","novedad":"0","paginas":"184","subtitulo":"","texto_web_adicional":"","texto_web_novedad":"","orden":"999","portada":"0","texto_web_resaltado":"","indice":"","autores-libros":[16558],"ilustradores-libros":"","traductores-libros":[16530],"fecha_de_reimpresion":"","descripcion_corta":"","recomendamos":"","mas_vendido":"","texto_enlace_cubierta":"","enlace_cubierta":false,"texto_enlace_ficha_tecnica":"","enlace_ficha_tecnica":false,"ficheros":false,"idioma-libro":"","color":false,"formato":"","mas_informacion_del_producto":false,"premios":false,"deshabilitar_compra":["deshabilitar"],"titulo-fr":"","texto-fr":""},"yoast_head":"<!-- This site is optimized with the Yoast SEO plugin v27.5 - https:\/\/yoast.com\/product\/yoast-seo-wordpress\/ -->\n<title>El gato negro y otras narraciones extraordinarias - Editorial Juventud<\/title>\n<meta name=\"description\" content=\"La gran fuerza imaginativa y la fascinante variedad de los argumentos de Poe explican la gran audiencia de este autor entre los lectores de todas las\" \/>\n<meta name=\"robots\" content=\"index, follow, max-snippet:-1, max-image-preview:large, max-video-preview:-1\" \/>\n<link rel=\"canonical\" href=\"https:\/\/www.editorialjuventud.es\/el-gato-negro-y-otras-narraciones-extraordinarias-9788426134547\/\" \/>\n<meta property=\"og:locale\" content=\"ca_ES\" \/>\n<meta property=\"og:type\" content=\"article\" \/>\n<meta property=\"og:title\" content=\"El gato negro y otras narraciones extraordinarias - Editorial Juventud\" \/>\n<meta property=\"og:description\" content=\"La gran fuerza imaginativa y la fascinante variedad de los argumentos de Poe explican la gran audiencia de este autor entre los lectores de todas las\" \/>\n<meta property=\"og:url\" content=\"https:\/\/www.editorialjuventud.es\/el-gato-negro-y-otras-narraciones-extraordinarias-9788426134547\/\" \/>\n<meta property=\"og:site_name\" content=\"Editorial Juventud\" \/>\n<meta property=\"article:modified_time\" content=\"2026-03-12T08:19:14+00:00\" \/>\n<meta property=\"og:image\" content=\"https:\/\/www.editorialjuventud.es\/wp-content\/uploads\/9788426134547.jpg\" \/>\n\t<meta property=\"og:image:width\" content=\"277\" \/>\n\t<meta property=\"og:image:height\" content=\"440\" \/>\n\t<meta property=\"og:image:type\" content=\"image\/jpeg\" \/>\n<meta name=\"twitter:card\" content=\"summary_large_image\" \/>\n<meta name=\"twitter:label1\" content=\"Temps estimat de lectura\" \/>\n\t<meta name=\"twitter:data1\" content=\"1 minut\" \/>\n<script type=\"application\/ld+json\" class=\"yoast-schema-graph\">{\"@context\":\"https:\\\/\\\/schema.org\",\"@graph\":[{\"@type\":\"WebPage\",\"@id\":\"https:\\\/\\\/www.editorialjuventud.es\\\/el-gato-negro-y-otras-narraciones-extraordinarias-9788426134547\\\/\",\"url\":\"https:\\\/\\\/www.editorialjuventud.es\\\/el-gato-negro-y-otras-narraciones-extraordinarias-9788426134547\\\/\",\"name\":\"El gato negro y otras narraciones extraordinarias - Editorial Juventud\",\"isPartOf\":{\"@id\":\"https:\\\/\\\/www.editorialjuventud.es\\\/#website\"},\"primaryImageOfPage\":{\"@id\":\"https:\\\/\\\/www.editorialjuventud.es\\\/el-gato-negro-y-otras-narraciones-extraordinarias-9788426134547\\\/#primaryimage\"},\"image\":{\"@id\":\"https:\\\/\\\/www.editorialjuventud.es\\\/el-gato-negro-y-otras-narraciones-extraordinarias-9788426134547\\\/#primaryimage\"},\"thumbnailUrl\":\"https:\\\/\\\/www.editorialjuventud.es\\\/wp-content\\\/uploads\\\/9788426134547.jpg\",\"datePublished\":\"2018-08-24T08:46:24+00:00\",\"dateModified\":\"2026-03-12T08:19:14+00:00\",\"description\":\"La gran fuerza imaginativa y la fascinante variedad de los argumentos de Poe explican la gran audiencia de este autor entre los lectores de todas las\",\"breadcrumb\":{\"@id\":\"https:\\\/\\\/www.editorialjuventud.es\\\/el-gato-negro-y-otras-narraciones-extraordinarias-9788426134547\\\/#breadcrumb\"},\"inLanguage\":\"ca\",\"potentialAction\":[{\"@type\":\"ReadAction\",\"target\":[\"https:\\\/\\\/www.editorialjuventud.es\\\/el-gato-negro-y-otras-narraciones-extraordinarias-9788426134547\\\/\"]}]},{\"@type\":\"ImageObject\",\"inLanguage\":\"ca\",\"@id\":\"https:\\\/\\\/www.editorialjuventud.es\\\/el-gato-negro-y-otras-narraciones-extraordinarias-9788426134547\\\/#primaryimage\",\"url\":\"https:\\\/\\\/www.editorialjuventud.es\\\/wp-content\\\/uploads\\\/9788426134547.jpg\",\"contentUrl\":\"https:\\\/\\\/www.editorialjuventud.es\\\/wp-content\\\/uploads\\\/9788426134547.jpg\",\"width\":277,\"height\":440,\"caption\":\"9788426134547.jpg\"},{\"@type\":\"BreadcrumbList\",\"@id\":\"https:\\\/\\\/www.editorialjuventud.es\\\/el-gato-negro-y-otras-narraciones-extraordinarias-9788426134547\\\/#breadcrumb\",\"itemListElement\":[{\"@type\":\"ListItem\",\"position\":1,\"name\":\"Portada\",\"item\":\"https:\\\/\\\/www.editorialjuventud.es\\\/\"},{\"@type\":\"ListItem\",\"position\":2,\"name\":\"cat\u00e1logo\",\"item\":\"https:\\\/\\\/www.editorialjuventud.es\\\/coleccion\\\/catalogo\\\/\"},{\"@type\":\"ListItem\",\"position\":3,\"name\":\"castellano\",\"item\":\"https:\\\/\\\/www.editorialjuventud.es\\\/coleccion\\\/castellano\\\/\"},{\"@type\":\"ListItem\",\"position\":4,\"name\":\"Libros de Bolsillo\",\"item\":\"https:\\\/\\\/www.editorialjuventud.es\\\/coleccion\\\/libros-de-bolsillo\\\/\"},{\"@type\":\"ListItem\",\"position\":5,\"name\":\"Colecci\u00f3n Z\",\"item\":\"https:\\\/\\\/www.editorialjuventud.es\\\/coleccion\\\/coleccion-z\\\/\"},{\"@type\":\"ListItem\",\"position\":6,\"name\":\"Novela\",\"item\":\"https:\\\/\\\/www.editorialjuventud.es\\\/coleccion\\\/novela\\\/\"},{\"@type\":\"ListItem\",\"position\":7,\"name\":\"El gato negro y otras narraciones extraordinarias\"}]},{\"@type\":\"WebSite\",\"@id\":\"https:\\\/\\\/www.editorialjuventud.es\\\/#website\",\"url\":\"https:\\\/\\\/www.editorialjuventud.es\\\/\",\"name\":\"Editorial Juventud\",\"description\":\"\",\"potentialAction\":[{\"@type\":\"SearchAction\",\"target\":{\"@type\":\"EntryPoint\",\"urlTemplate\":\"https:\\\/\\\/www.editorialjuventud.es\\\/?s={search_term_string}\"},\"query-input\":{\"@type\":\"PropertyValueSpecification\",\"valueRequired\":true,\"valueName\":\"search_term_string\"}}],\"inLanguage\":\"ca\"}]}<\/script>\n<!-- \/ Yoast SEO plugin. -->","yoast_head_json":{"title":"El gato negro y otras narraciones extraordinarias - Editorial Juventud","description":"La gran fuerza imaginativa y la fascinante variedad de los argumentos de Poe explican la gran audiencia de este autor entre los lectores de todas las","robots":{"index":"index","follow":"follow","max-snippet":"max-snippet:-1","max-image-preview":"max-image-preview:large","max-video-preview":"max-video-preview:-1"},"canonical":"https:\/\/www.editorialjuventud.es\/el-gato-negro-y-otras-narraciones-extraordinarias-9788426134547\/","og_locale":"ca_ES","og_type":"article","og_title":"El gato negro y otras narraciones extraordinarias - Editorial Juventud","og_description":"La gran fuerza imaginativa y la fascinante variedad de los argumentos de Poe explican la gran audiencia de este autor entre los lectores de todas las","og_url":"https:\/\/www.editorialjuventud.es\/el-gato-negro-y-otras-narraciones-extraordinarias-9788426134547\/","og_site_name":"Editorial Juventud","article_modified_time":"2026-03-12T08:19:14+00:00","og_image":[{"width":277,"height":440,"url":"https:\/\/www.editorialjuventud.es\/wp-content\/uploads\/9788426134547.jpg","type":"image\/jpeg"}],"twitter_card":"summary_large_image","twitter_misc":{"Temps estimat de lectura":"1 minut"},"schema":{"@context":"https:\/\/schema.org","@graph":[{"@type":"WebPage","@id":"https:\/\/www.editorialjuventud.es\/el-gato-negro-y-otras-narraciones-extraordinarias-9788426134547\/","url":"https:\/\/www.editorialjuventud.es\/el-gato-negro-y-otras-narraciones-extraordinarias-9788426134547\/","name":"El gato negro y otras narraciones extraordinarias - Editorial Juventud","isPartOf":{"@id":"https:\/\/www.editorialjuventud.es\/#website"},"primaryImageOfPage":{"@id":"https:\/\/www.editorialjuventud.es\/el-gato-negro-y-otras-narraciones-extraordinarias-9788426134547\/#primaryimage"},"image":{"@id":"https:\/\/www.editorialjuventud.es\/el-gato-negro-y-otras-narraciones-extraordinarias-9788426134547\/#primaryimage"},"thumbnailUrl":"https:\/\/www.editorialjuventud.es\/wp-content\/uploads\/9788426134547.jpg","datePublished":"2018-08-24T08:46:24+00:00","dateModified":"2026-03-12T08:19:14+00:00","description":"La gran fuerza imaginativa y la fascinante variedad de los argumentos de Poe explican la gran audiencia de este autor entre los lectores de todas las","breadcrumb":{"@id":"https:\/\/www.editorialjuventud.es\/el-gato-negro-y-otras-narraciones-extraordinarias-9788426134547\/#breadcrumb"},"inLanguage":"ca","potentialAction":[{"@type":"ReadAction","target":["https:\/\/www.editorialjuventud.es\/el-gato-negro-y-otras-narraciones-extraordinarias-9788426134547\/"]}]},{"@type":"ImageObject","inLanguage":"ca","@id":"https:\/\/www.editorialjuventud.es\/el-gato-negro-y-otras-narraciones-extraordinarias-9788426134547\/#primaryimage","url":"https:\/\/www.editorialjuventud.es\/wp-content\/uploads\/9788426134547.jpg","contentUrl":"https:\/\/www.editorialjuventud.es\/wp-content\/uploads\/9788426134547.jpg","width":277,"height":440,"caption":"9788426134547.jpg"},{"@type":"BreadcrumbList","@id":"https:\/\/www.editorialjuventud.es\/el-gato-negro-y-otras-narraciones-extraordinarias-9788426134547\/#breadcrumb","itemListElement":[{"@type":"ListItem","position":1,"name":"Portada","item":"https:\/\/www.editorialjuventud.es\/"},{"@type":"ListItem","position":2,"name":"cat\u00e1logo","item":"https:\/\/www.editorialjuventud.es\/coleccion\/catalogo\/"},{"@type":"ListItem","position":3,"name":"castellano","item":"https:\/\/www.editorialjuventud.es\/coleccion\/castellano\/"},{"@type":"ListItem","position":4,"name":"Libros de Bolsillo","item":"https:\/\/www.editorialjuventud.es\/coleccion\/libros-de-bolsillo\/"},{"@type":"ListItem","position":5,"name":"Colecci\u00f3n Z","item":"https:\/\/www.editorialjuventud.es\/coleccion\/coleccion-z\/"},{"@type":"ListItem","position":6,"name":"Novela","item":"https:\/\/www.editorialjuventud.es\/coleccion\/novela\/"},{"@type":"ListItem","position":7,"name":"El gato negro y otras narraciones extraordinarias"}]},{"@type":"WebSite","@id":"https:\/\/www.editorialjuventud.es\/#website","url":"https:\/\/www.editorialjuventud.es\/","name":"Editorial Juventud","description":"","potentialAction":[{"@type":"SearchAction","target":{"@type":"EntryPoint","urlTemplate":"https:\/\/www.editorialjuventud.es\/?s={search_term_string}"},"query-input":{"@type":"PropertyValueSpecification","valueRequired":true,"valueName":"search_term_string"}}],"inLanguage":"ca"}]}},"_links":{"self":[{"href":"https:\/\/www.editorialjuventud.es\/ca\/wp-json\/wp\/v2\/product\/5384","targetHints":{"allow":["GET"]}}],"collection":[{"href":"https:\/\/www.editorialjuventud.es\/ca\/wp-json\/wp\/v2\/product"}],"about":[{"href":"https:\/\/www.editorialjuventud.es\/ca\/wp-json\/wp\/v2\/types\/product"}],"wp:featuredmedia":[{"embeddable":true,"href":"https:\/\/www.editorialjuventud.es\/ca\/wp-json\/wp\/v2\/media\/15727"}],"wp:attachment":[{"href":"https:\/\/www.editorialjuventud.es\/ca\/wp-json\/wp\/v2\/media?parent=5384"}],"wp:term":[{"taxonomy":"product_brand","embeddable":true,"href":"https:\/\/www.editorialjuventud.es\/ca\/wp-json\/wp\/v2\/product_brand?post=5384"},{"taxonomy":"product_cat","embeddable":true,"href":"https:\/\/www.editorialjuventud.es\/ca\/wp-json\/wp\/v2\/product_cat?post=5384"},{"taxonomy":"product_tag","embeddable":true,"href":"https:\/\/www.editorialjuventud.es\/ca\/wp-json\/wp\/v2\/product_tag?post=5384"},{"taxonomy":"coleccion","embeddable":true,"href":"https:\/\/www.editorialjuventud.es\/ca\/wp-json\/wp\/v2\/coleccion?post=5384"}],"curies":[{"name":"wp","href":"https:\/\/api.w.org\/{rel}","templated":true}]}}