{"id":5379,"date":"2018-08-24T10:46:01","date_gmt":"2018-08-24T08:46:01","guid":{"rendered":"http:\/\/www.editorialjuventud.es\/por-cuatro-esquinitas-de-nada\/"},"modified":"2025-04-15T11:45:13","modified_gmt":"2025-04-15T09:45:13","slug":"por-cuatro-esquinitas-de-nada-9788426134479","status":"publish","type":"product","link":"https:\/\/www.editorialjuventud.es\/ca\/por-cuatro-esquinitas-de-nada-9788426134479\/","title":{"rendered":"Por cuatro esquinitas de nada"},"content":{"rendered":"<p>Cuadradito quiere jugar en casa de sus amigos Redonditos, pero no pasa por la puerta porque\u2026 \u00a1La puerta es redonda como sus amigos! \u00ab\u00a1Tendremos que recortarte las esquinas!\u00bb, le dicen los redonditos. \u00ab\u00a1Oh, no! \u2013dice Cuadradito\u2013 \u00a1Me doler\u00eda mucho!\u00bb \u00bfQu\u00e9 podemos hacer? Cuadradito es diferente. Nunca ser\u00e1 redondo.<br \/>\nUn libro sobre la amistad, la diferencia y la exclusi\u00f3n con una propuesta gr\u00e1fica muy original.<\/p>\n","protected":false},"excerpt":{"rendered":"Cuadradito quiere jugar en casa de sus amigos Redonditos, pero no pasa por la puerta porque\u2026 \u00a1La puerta es redonda como sus amigos! \u00ab\u00a1Tendremos que recortarte las esquinas!\u00bb, le dicen los redonditos. \u00ab\u00a1Oh, no! \u2013dice Cuadradito\u2013 \u00a1Me doler\u00eda mucho!\u00bb \u00bfQu\u00e9 [&hellip;]","protected":false},"featured_media":9065,"template":"","meta":{"_acf_changed":false,"_exactmetrics_skip_tracking":false,"_exactmetrics_sitenote_active":false,"_exactmetrics_sitenote_note":"","_exactmetrics_sitenote_category":0},"product_brand":[],"product_cat":[899,1121,1220,893],"product_tag":[],"coleccion":[988],"class_list":{"0":"post-5379","1":"product","2":"type-product","3":"status-publish","4":"has-post-thumbnail","6":"product_cat-a-partir-de-3-anos","7":"product_cat-albumes-ilustrados","8":"product_cat-convivencia-relaciones-interculturales","9":"product_cat-novedades","10":"coleccion-convivencia-y-multiculturalidad","12":"first","13":"instock","14":"taxable","15":"shipping-taxable","16":"purchasable","17":"product-type-simple"},"acf":{"autor":"Ruillier, J\u00e9r\u00f4me","codart":"3447-5","ediciones":"13","encuadernacion":"Carton\u00e9","fecha_de_publicacion":"01\/03\/2004","novedad":"0","paginas":"32","subtitulo":"","texto_web_adicional":"","texto_web_novedad":"","orden":"999","portada":"0","texto_web_resaltado":"","indice":"","autores-libros":[16591],"ilustradores-libros":[16591],"traductores-libros":[17430],"descripcion_corta":"","recomendamos":"","mas_vendido":"","idioma-libro":"","color":false,"formato":"","mas_informacion_del_producto":false,"premios":false,"texto_enlace_cubierta":"","enlace_cubierta":{"ID":25249,"id":25249,"title":"Cubierta por cuatro esquinitas.indd","filename":"cover-por-cuatro-esquinitas.jpg","filesize":1407255,"url":"https:\/\/www.editorialjuventud.es\/wp-content\/uploads\/cover-por-cuatro-esquinitas.jpg","link":"https:\/\/www.editorialjuventud.es\/ca\/?attachment_id=25249","alt":"","author":"47","description":"","caption":"","name":"cubierta-por-cuatro-esquinitas-indd","status":"inherit","uploaded_to":5379,"date":"2019-05-10 08:22:56","modified":"2019-05-10 08:22:56","menu_order":0,"mime_type":"image\/jpeg","type":"image","subtype":"jpeg","icon":"https:\/\/www.editorialjuventud.es\/wp-includes\/images\/media\/default.png","width":2541,"height":2557,"sizes":{"thumbnail":"https:\/\/www.editorialjuventud.es\/wp-content\/uploads\/cover-por-cuatro-esquinitas-200x200.jpg","thumbnail-width":200,"thumbnail-height":200,"medium":"https:\/\/www.editorialjuventud.es\/wp-content\/uploads\/cover-por-cuatro-esquinitas.jpg","medium-width":2541,"medium-height":2557,"medium_large":"https:\/\/www.editorialjuventud.es\/wp-content\/uploads\/cover-por-cuatro-esquinitas-768x773.jpg","medium_large-width":768,"medium_large-height":773,"large":"https:\/\/www.editorialjuventud.es\/wp-content\/uploads\/cover-por-cuatro-esquinitas.jpg","large-width":2541,"large-height":2557,"1536x1536":"https:\/\/www.editorialjuventud.es\/wp-content\/uploads\/cover-por-cuatro-esquinitas.jpg","1536x1536-width":1526,"1536x1536-height":1536,"2048x2048":"https:\/\/www.editorialjuventud.es\/wp-content\/uploads\/cover-por-cuatro-esquinitas.jpg","2048x2048-width":2035,"2048x2048-height":2048,"woocommerce_thumbnail":"https:\/\/www.editorialjuventud.es\/wp-content\/uploads\/cover-por-cuatro-esquinitas-350x352.jpg","woocommerce_thumbnail-width":350,"woocommerce_thumbnail-height":352,"woocommerce_single":"https:\/\/www.editorialjuventud.es\/wp-content\/uploads\/cover-por-cuatro-esquinitas-900x906.jpg","woocommerce_single-width":900,"woocommerce_single-height":906,"woocommerce_gallery_thumbnail":"https:\/\/www.editorialjuventud.es\/wp-content\/uploads\/cover-por-cuatro-esquinitas-100x100.jpg","woocommerce_gallery_thumbnail-width":100,"woocommerce_gallery_thumbnail-height":100,"ppec_logo_image_size":"https:\/\/www.editorialjuventud.es\/wp-content\/uploads\/cover-por-cuatro-esquinitas.jpg","ppec_logo_image_size-width":60,"ppec_logo_image_size-height":60,"ppec_header_image_size":"https:\/\/www.editorialjuventud.es\/wp-content\/uploads\/cover-por-cuatro-esquinitas.jpg","ppec_header_image_size-width":89,"ppec_header_image_size-height":90}},"texto_enlace_ficha_tecnica":"","enlace_ficha_tecnica":false,"ficheros":false,"titulo-fr":"","texto-fr":"","fecha_de_reimpresion":"01\/09\/2022","deshabilitar_compra":[]},"yoast_head":"<!-- This site is optimized with the Yoast SEO plugin v27.5 - https:\/\/yoast.com\/product\/yoast-seo-wordpress\/ -->\n<title>Por cuatro esquinitas de nada - Editorial Juventud<\/title>\n<meta name=\"description\" content=\"Cuadradito quiere jugar en casa de sus amigos Redonditos, pero no pasa por la puerta porque\u0085 \u00a1La puerta es redonda como sus amigos! \u00ab\u00a1Tendremos que recortarte las esquinas!\u00bb\" \/>\n<meta name=\"robots\" content=\"index, follow, max-snippet:-1, max-image-preview:large, max-video-preview:-1\" \/>\n<link rel=\"canonical\" href=\"https:\/\/www.editorialjuventud.es\/por-cuatro-esquinitas-de-nada-9788426134479\/\" \/>\n<meta property=\"og:locale\" content=\"ca_ES\" \/>\n<meta property=\"og:type\" content=\"article\" \/>\n<meta property=\"og:title\" content=\"Por cuatro esquinitas de nada - Editorial Juventud\" \/>\n<meta property=\"og:description\" content=\"Cuadradito quiere jugar en casa de sus amigos Redonditos, pero no pasa por la puerta porque\u0085 \u00a1La puerta es redonda como sus amigos! \u00ab\u00a1Tendremos que recortarte las esquinas!\u00bb\" \/>\n<meta property=\"og:url\" content=\"https:\/\/www.editorialjuventud.es\/por-cuatro-esquinitas-de-nada-9788426134479\/\" \/>\n<meta property=\"og:site_name\" content=\"Editorial Juventud\" \/>\n<meta property=\"article:modified_time\" content=\"2025-04-15T09:45:13+00:00\" \/>\n<meta property=\"og:image\" content=\"https:\/\/www.editorialjuventud.es\/wp-content\/uploads\/3447.jpg\" \/>\n\t<meta property=\"og:image:width\" content=\"373\" \/>\n\t<meta property=\"og:image:height\" content=\"374\" \/>\n\t<meta property=\"og:image:type\" content=\"image\/jpeg\" \/>\n<meta name=\"twitter:card\" content=\"summary_large_image\" \/>\n<meta name=\"twitter:label1\" content=\"Temps estimat de lectura\" \/>\n\t<meta name=\"twitter:data1\" content=\"1 minut\" \/>\n<script type=\"application\/ld+json\" class=\"yoast-schema-graph\">{\"@context\":\"https:\\\/\\\/schema.org\",\"@graph\":[{\"@type\":\"WebPage\",\"@id\":\"https:\\\/\\\/www.editorialjuventud.es\\\/por-cuatro-esquinitas-de-nada-9788426134479\\\/\",\"url\":\"https:\\\/\\\/www.editorialjuventud.es\\\/por-cuatro-esquinitas-de-nada-9788426134479\\\/\",\"name\":\"Por cuatro esquinitas de nada - Editorial Juventud\",\"isPartOf\":{\"@id\":\"https:\\\/\\\/www.editorialjuventud.es\\\/#website\"},\"primaryImageOfPage\":{\"@id\":\"https:\\\/\\\/www.editorialjuventud.es\\\/por-cuatro-esquinitas-de-nada-9788426134479\\\/#primaryimage\"},\"image\":{\"@id\":\"https:\\\/\\\/www.editorialjuventud.es\\\/por-cuatro-esquinitas-de-nada-9788426134479\\\/#primaryimage\"},\"thumbnailUrl\":\"https:\\\/\\\/www.editorialjuventud.es\\\/wp-content\\\/uploads\\\/3447.jpg\",\"datePublished\":\"2018-08-24T08:46:01+00:00\",\"dateModified\":\"2025-04-15T09:45:13+00:00\",\"description\":\"Cuadradito quiere jugar en casa de sus amigos Redonditos, pero no pasa por la puerta porque\u0085 \u00a1La puerta es redonda como sus amigos! \u00ab\u00a1Tendremos que recortarte las esquinas!\u00bb\",\"breadcrumb\":{\"@id\":\"https:\\\/\\\/www.editorialjuventud.es\\\/por-cuatro-esquinitas-de-nada-9788426134479\\\/#breadcrumb\"},\"inLanguage\":\"ca\",\"potentialAction\":[{\"@type\":\"ReadAction\",\"target\":[\"https:\\\/\\\/www.editorialjuventud.es\\\/por-cuatro-esquinitas-de-nada-9788426134479\\\/\"]}]},{\"@type\":\"ImageObject\",\"inLanguage\":\"ca\",\"@id\":\"https:\\\/\\\/www.editorialjuventud.es\\\/por-cuatro-esquinitas-de-nada-9788426134479\\\/#primaryimage\",\"url\":\"https:\\\/\\\/www.editorialjuventud.es\\\/wp-content\\\/uploads\\\/3447.jpg\",\"contentUrl\":\"https:\\\/\\\/www.editorialjuventud.es\\\/wp-content\\\/uploads\\\/3447.jpg\",\"width\":373,\"height\":374,\"caption\":\"3447.jpg\"},{\"@type\":\"BreadcrumbList\",\"@id\":\"https:\\\/\\\/www.editorialjuventud.es\\\/por-cuatro-esquinitas-de-nada-9788426134479\\\/#breadcrumb\",\"itemListElement\":[{\"@type\":\"ListItem\",\"position\":1,\"name\":\"Portada\",\"item\":\"https:\\\/\\\/www.editorialjuventud.es\\\/\"},{\"@type\":\"ListItem\",\"position\":2,\"name\":\"cat\u00e1logo\",\"item\":\"https:\\\/\\\/www.editorialjuventud.es\\\/coleccion\\\/catalogo\\\/\"},{\"@type\":\"ListItem\",\"position\":3,\"name\":\"castellano\",\"item\":\"https:\\\/\\\/www.editorialjuventud.es\\\/coleccion\\\/castellano\\\/\"},{\"@type\":\"ListItem\",\"position\":4,\"name\":\"\u00c1lbumes Ilustrados\",\"item\":\"https:\\\/\\\/www.editorialjuventud.es\\\/coleccion\\\/albumes-ilustrados\\\/\"},{\"@type\":\"ListItem\",\"position\":5,\"name\":\"Convivencia y Multiculturalidad\",\"item\":\"https:\\\/\\\/www.editorialjuventud.es\\\/coleccion\\\/convivencia-y-multiculturalidad\\\/\"},{\"@type\":\"ListItem\",\"position\":6,\"name\":\"Por cuatro esquinitas de nada\"}]},{\"@type\":\"WebSite\",\"@id\":\"https:\\\/\\\/www.editorialjuventud.es\\\/#website\",\"url\":\"https:\\\/\\\/www.editorialjuventud.es\\\/\",\"name\":\"Editorial Juventud\",\"description\":\"\",\"potentialAction\":[{\"@type\":\"SearchAction\",\"target\":{\"@type\":\"EntryPoint\",\"urlTemplate\":\"https:\\\/\\\/www.editorialjuventud.es\\\/?s={search_term_string}\"},\"query-input\":{\"@type\":\"PropertyValueSpecification\",\"valueRequired\":true,\"valueName\":\"search_term_string\"}}],\"inLanguage\":\"ca\"}]}<\/script>\n<!-- \/ Yoast SEO plugin. -->","yoast_head_json":{"title":"Por cuatro esquinitas de nada - Editorial Juventud","description":"Cuadradito quiere jugar en casa de sus amigos Redonditos, pero no pasa por la puerta porque\u0085 \u00a1La puerta es redonda como sus amigos! \u00ab\u00a1Tendremos que recortarte las esquinas!\u00bb","robots":{"index":"index","follow":"follow","max-snippet":"max-snippet:-1","max-image-preview":"max-image-preview:large","max-video-preview":"max-video-preview:-1"},"canonical":"https:\/\/www.editorialjuventud.es\/por-cuatro-esquinitas-de-nada-9788426134479\/","og_locale":"ca_ES","og_type":"article","og_title":"Por cuatro esquinitas de nada - Editorial Juventud","og_description":"Cuadradito quiere jugar en casa de sus amigos Redonditos, pero no pasa por la puerta porque\u0085 \u00a1La puerta es redonda como sus amigos! \u00ab\u00a1Tendremos que recortarte las esquinas!\u00bb","og_url":"https:\/\/www.editorialjuventud.es\/por-cuatro-esquinitas-de-nada-9788426134479\/","og_site_name":"Editorial Juventud","article_modified_time":"2025-04-15T09:45:13+00:00","og_image":[{"width":373,"height":374,"url":"https:\/\/www.editorialjuventud.es\/wp-content\/uploads\/3447.jpg","type":"image\/jpeg"}],"twitter_card":"summary_large_image","twitter_misc":{"Temps estimat de lectura":"1 minut"},"schema":{"@context":"https:\/\/schema.org","@graph":[{"@type":"WebPage","@id":"https:\/\/www.editorialjuventud.es\/por-cuatro-esquinitas-de-nada-9788426134479\/","url":"https:\/\/www.editorialjuventud.es\/por-cuatro-esquinitas-de-nada-9788426134479\/","name":"Por cuatro esquinitas de nada - Editorial Juventud","isPartOf":{"@id":"https:\/\/www.editorialjuventud.es\/#website"},"primaryImageOfPage":{"@id":"https:\/\/www.editorialjuventud.es\/por-cuatro-esquinitas-de-nada-9788426134479\/#primaryimage"},"image":{"@id":"https:\/\/www.editorialjuventud.es\/por-cuatro-esquinitas-de-nada-9788426134479\/#primaryimage"},"thumbnailUrl":"https:\/\/www.editorialjuventud.es\/wp-content\/uploads\/3447.jpg","datePublished":"2018-08-24T08:46:01+00:00","dateModified":"2025-04-15T09:45:13+00:00","description":"Cuadradito quiere jugar en casa de sus amigos Redonditos, pero no pasa por la puerta porque\u0085 \u00a1La puerta es redonda como sus amigos! \u00ab\u00a1Tendremos que recortarte las esquinas!\u00bb","breadcrumb":{"@id":"https:\/\/www.editorialjuventud.es\/por-cuatro-esquinitas-de-nada-9788426134479\/#breadcrumb"},"inLanguage":"ca","potentialAction":[{"@type":"ReadAction","target":["https:\/\/www.editorialjuventud.es\/por-cuatro-esquinitas-de-nada-9788426134479\/"]}]},{"@type":"ImageObject","inLanguage":"ca","@id":"https:\/\/www.editorialjuventud.es\/por-cuatro-esquinitas-de-nada-9788426134479\/#primaryimage","url":"https:\/\/www.editorialjuventud.es\/wp-content\/uploads\/3447.jpg","contentUrl":"https:\/\/www.editorialjuventud.es\/wp-content\/uploads\/3447.jpg","width":373,"height":374,"caption":"3447.jpg"},{"@type":"BreadcrumbList","@id":"https:\/\/www.editorialjuventud.es\/por-cuatro-esquinitas-de-nada-9788426134479\/#breadcrumb","itemListElement":[{"@type":"ListItem","position":1,"name":"Portada","item":"https:\/\/www.editorialjuventud.es\/"},{"@type":"ListItem","position":2,"name":"cat\u00e1logo","item":"https:\/\/www.editorialjuventud.es\/coleccion\/catalogo\/"},{"@type":"ListItem","position":3,"name":"castellano","item":"https:\/\/www.editorialjuventud.es\/coleccion\/castellano\/"},{"@type":"ListItem","position":4,"name":"\u00c1lbumes Ilustrados","item":"https:\/\/www.editorialjuventud.es\/coleccion\/albumes-ilustrados\/"},{"@type":"ListItem","position":5,"name":"Convivencia y Multiculturalidad","item":"https:\/\/www.editorialjuventud.es\/coleccion\/convivencia-y-multiculturalidad\/"},{"@type":"ListItem","position":6,"name":"Por cuatro esquinitas de nada"}]},{"@type":"WebSite","@id":"https:\/\/www.editorialjuventud.es\/#website","url":"https:\/\/www.editorialjuventud.es\/","name":"Editorial Juventud","description":"","potentialAction":[{"@type":"SearchAction","target":{"@type":"EntryPoint","urlTemplate":"https:\/\/www.editorialjuventud.es\/?s={search_term_string}"},"query-input":{"@type":"PropertyValueSpecification","valueRequired":true,"valueName":"search_term_string"}}],"inLanguage":"ca"}]}},"_links":{"self":[{"href":"https:\/\/www.editorialjuventud.es\/ca\/wp-json\/wp\/v2\/product\/5379","targetHints":{"allow":["GET"]}}],"collection":[{"href":"https:\/\/www.editorialjuventud.es\/ca\/wp-json\/wp\/v2\/product"}],"about":[{"href":"https:\/\/www.editorialjuventud.es\/ca\/wp-json\/wp\/v2\/types\/product"}],"wp:featuredmedia":[{"embeddable":true,"href":"https:\/\/www.editorialjuventud.es\/ca\/wp-json\/wp\/v2\/media\/9065"}],"wp:attachment":[{"href":"https:\/\/www.editorialjuventud.es\/ca\/wp-json\/wp\/v2\/media?parent=5379"}],"wp:term":[{"taxonomy":"product_brand","embeddable":true,"href":"https:\/\/www.editorialjuventud.es\/ca\/wp-json\/wp\/v2\/product_brand?post=5379"},{"taxonomy":"product_cat","embeddable":true,"href":"https:\/\/www.editorialjuventud.es\/ca\/wp-json\/wp\/v2\/product_cat?post=5379"},{"taxonomy":"product_tag","embeddable":true,"href":"https:\/\/www.editorialjuventud.es\/ca\/wp-json\/wp\/v2\/product_tag?post=5379"},{"taxonomy":"coleccion","embeddable":true,"href":"https:\/\/www.editorialjuventud.es\/ca\/wp-json\/wp\/v2\/coleccion?post=5379"}],"curies":[{"name":"wp","href":"https:\/\/api.w.org\/{rel}","templated":true}]}}