{"id":5371,"date":"2018-08-24T12:45:14","date_gmt":"2018-08-24T08:45:14","guid":{"rendered":"http:\/\/www.editorialjuventud.es\/buscadores-de-tesoros\/"},"modified":"2025-01-22T13:40:50","modified_gmt":"2025-01-22T12:40:50","slug":"buscadores-de-tesoros-9788426134356","status":"publish","type":"product","link":"https:\/\/www.editorialjuventud.es\/ca\/buscadores-de-tesoros-9788426134356\/","title":{"rendered":"Buscadores de tesoros"},"content":{"rendered":"<p>Esta selecci\u00f3n pretende recoger algunas muestras de los diferentes momentos de la historia de la pirater\u00eda. Para ello se han seleccionado fragmentos de la obra de algunos de los m\u00e1s c\u00e9lebres creadores de historias de piratas, como Emilio Salgari, Herman Melville, R.L Stevenson, Joseph Conrad o Rafael Sabatini, y con ellos poder acercarnos a \u00e9pocas y lugares que son obligada referencia en este tipo de relatos: a la Malasia colonial inglesa del siglo XIX de la mano de Salgari, a las perdidas islas del Pac\u00edfico, que fueron refugio de navegantes proscritos, de la de Melville o al m\u00edtico Caribe de los siglos XVI y XVII, \u00e9poca dorada de la pirater\u00eda, de la de Walter Scott, Conan Doyle o Sabatini. Los textos seleccionados son, en unos casos, pasajes novelescos con cierta verosimilitud hist\u00f3rica: eso ocurre en El Pirata de Walter Scott o con La isla de Hood, de Herman Melville. No faltan las referencias a semblanzas biogr\u00e1ficas, como la del pirata Sharkey, recreada por Conan Doyle; ni a las fantas\u00edas envueltas en el halo de la leyenda tradicional, como la de los buscadores de tesoros, a los que alude W. Irving, y menos, claro est\u00e1, la acci\u00f3n y la aventura de seres intr\u00e9pidos, cuya ambici\u00f3n los vuelve temerarios unas veces y crueles otras, cuando los empuja la atracci\u00f3n de un tesoro. Relatos que recrean magistralmente un ambiente y algunos aspectos de la vida en el mar. Una aproximaci\u00f3n a aquellos ex\u00f3ticos e inquietantes parajes por los que se mov\u00edan los m\u00edticos piratas de otros tiempos. Edici\u00f3n muy cuidada y magn\u00edficas ilustraciones de \u00c1ngel Dom\u00ednguez.<\/p>\n","protected":false},"excerpt":{"rendered":"Esta selecci\u00f3n pretende recoger algunas muestras de los diferentes momentos de la historia de la pirater\u00eda. Para ello se han seleccionado fragmentos de la obra de algunos de los m\u00e1s c\u00e9lebres creadores de historias de piratas, como Emilio Salgari, Herman [&hellip;]","protected":false},"featured_media":9019,"template":"","meta":{"_acf_changed":false,"_exactmetrics_skip_tracking":false,"_exactmetrics_sitenote_active":false,"_exactmetrics_sitenote_note":"","_exactmetrics_sitenote_category":0},"product_brand":[],"product_cat":[904,1289,1119,1128,908],"product_tag":[],"coleccion":[931],"class_list":{"0":"post-5371","1":"product","2":"type-product","3":"status-publish","4":"has-post-thumbnail","6":"product_cat-a-partir-de-9-anos","7":"product_cat-leyendas-cuentos-tradicionales","8":"product_cat-narrativa-juvenil","9":"product_cat-tematica","10":"product_cat-todas-las-edades","11":"coleccion-cuentos-universales","13":"first","14":"instock","15":"taxable","16":"shipping-taxable","17":"purchasable","18":"product-type-simple"},"acf":{"autor":"Dom\u00ednguez, \u00c1ngel","codart":"3435-1","ediciones":"1","encuadernacion":"Carton\u00e9","fecha_de_publicacion":"01\/01\/2010","novedad":"0","paginas":"250","subtitulo":"","texto_web_adicional":"","texto_web_novedad":"","orden":"999","portada":"0","texto_web_resaltado":"","indice":"","autores-libros":[16260],"ilustradores-libros":[16328],"traductores-libros":"","descripcion_corta":"","recomendamos":"","mas_vendido":"","color":false,"formato":"","mas_informacion_del_producto":false,"premios":false,"texto_enlace_cubierta":"","enlace_cubierta":false,"texto_enlace_ficha_tecnica":"","enlace_ficha_tecnica":false,"ficheros":false,"titulo-fr":"Treasures Hunters. Classical Tales Of Pirates","texto-fr":"<p><img loading=\"lazy\" decoding=\"async\" class=\"aligncenter size-full wp-image-24769\" src=\"http:\/\/www.editorialjuventud.es\/wp-content\/uploads\/12.png\" alt=\"\" width=\"43\" height=\"43\" \/><\/p>\n<p>This selection aims to collect some samples of different episodes of the history of piracy. For this reason, Seve Calleja has selected representative\u00a0 fragments of the work of some of the most famous authors of pirate stories, such as Emilio Salgari, Herman Melville, Robert Louis Stevenson, Joseph Conrad or Rafael Sabatini. With them, we can approach with times and places that are\u00a0 required reference in Pirate literature, such as the English colonial Malaysia of the nineteenth\u00a0century or the mythical Caribbean of the sixteenth and seventeenth centuries.<\/p>\n<hr \/>\n<p><img loading=\"lazy\" decoding=\"async\" class=\"alignnone size-full wp-image-19211\" src=\"http:\/\/www.editorialjuventud.es\/wp-content\/uploads\/Seve-Calleja-1.jpg\" alt=\"\" width=\"136\" height=\"147\" \/><\/p>\n<h2><strong>Seve Calleja<\/strong><\/h2>\n<h6><\/h6>\n<p>is a school teacher, a rec author with some national awards and a researcher at Children\u2019s Literature. He has written critical reviews and teaching articles in different newspapers and magazines and has published many editions of classic books and folk tales selections.<\/p>\n<hr \/>\n<h5><span style=\"color: #008ca9;\"><strong>\u203a\u00a0<span style=\"text-decoration: underline;\"><a href=\"http:\/\/www.editorialjuventud.es\/wp-content\/uploads\/Ficha-FR-Treasures-Hunters.-Classical-tales-of-pirates.pdf\" target=\"_blank\" rel=\"noopener\">Fact Sheet<\/a><\/span><\/strong><\/span><\/h5>\n","idioma-libro":""},"yoast_head":"<!-- This site is optimized with the Yoast SEO plugin v27.3 - https:\/\/yoast.com\/product\/yoast-seo-wordpress\/ -->\n<title>Buscadores de tesoros - Editorial Juventud<\/title>\n<meta name=\"description\" content=\"Esta selecci\u00f3n pretende recoger algunas muestras de los diferentes momentos de la historia de la pirater\u00eda. Para ello se han seleccionado fragmentos de la\" \/>\n<meta name=\"robots\" content=\"index, follow, max-snippet:-1, max-image-preview:large, max-video-preview:-1\" \/>\n<link rel=\"canonical\" href=\"https:\/\/www.editorialjuventud.es\/buscadores-de-tesoros-9788426134356\/\" \/>\n<meta property=\"og:locale\" content=\"ca_ES\" \/>\n<meta property=\"og:type\" content=\"article\" \/>\n<meta property=\"og:title\" content=\"Buscadores de tesoros - Editorial Juventud\" \/>\n<meta property=\"og:description\" content=\"Esta selecci\u00f3n pretende recoger algunas muestras de los diferentes momentos de la historia de la pirater\u00eda. Para ello se han seleccionado fragmentos de la\" \/>\n<meta property=\"og:url\" content=\"https:\/\/www.editorialjuventud.es\/buscadores-de-tesoros-9788426134356\/\" \/>\n<meta property=\"og:site_name\" content=\"Editorial Juventud\" \/>\n<meta property=\"article:modified_time\" content=\"2025-01-22T12:40:50+00:00\" \/>\n<meta property=\"og:image\" content=\"https:\/\/www.editorialjuventud.es\/wp-content\/uploads\/3435.jpg\" \/>\n\t<meta property=\"og:image:width\" content=\"349\" \/>\n\t<meta property=\"og:image:height\" content=\"450\" \/>\n\t<meta property=\"og:image:type\" content=\"image\/jpeg\" \/>\n<meta name=\"twitter:card\" content=\"summary_large_image\" \/>\n<meta name=\"twitter:label1\" content=\"Temps estimat de lectura\" \/>\n\t<meta name=\"twitter:data1\" content=\"1 minut\" \/>\n<script type=\"application\/ld+json\" class=\"yoast-schema-graph\">{\"@context\":\"https:\\\/\\\/schema.org\",\"@graph\":[{\"@type\":\"WebPage\",\"@id\":\"https:\\\/\\\/www.editorialjuventud.es\\\/buscadores-de-tesoros-9788426134356\\\/\",\"url\":\"https:\\\/\\\/www.editorialjuventud.es\\\/buscadores-de-tesoros-9788426134356\\\/\",\"name\":\"Buscadores de tesoros - Editorial Juventud\",\"isPartOf\":{\"@id\":\"https:\\\/\\\/www.editorialjuventud.es\\\/#website\"},\"primaryImageOfPage\":{\"@id\":\"https:\\\/\\\/www.editorialjuventud.es\\\/buscadores-de-tesoros-9788426134356\\\/#primaryimage\"},\"image\":{\"@id\":\"https:\\\/\\\/www.editorialjuventud.es\\\/buscadores-de-tesoros-9788426134356\\\/#primaryimage\"},\"thumbnailUrl\":\"https:\\\/\\\/www.editorialjuventud.es\\\/wp-content\\\/uploads\\\/3435.jpg\",\"datePublished\":\"2018-08-24T08:45:14+00:00\",\"dateModified\":\"2025-01-22T12:40:50+00:00\",\"description\":\"Esta selecci\u00f3n pretende recoger algunas muestras de los diferentes momentos de la historia de la pirater\u00eda. Para ello se han seleccionado fragmentos de la\",\"breadcrumb\":{\"@id\":\"https:\\\/\\\/www.editorialjuventud.es\\\/buscadores-de-tesoros-9788426134356\\\/#breadcrumb\"},\"inLanguage\":\"ca\",\"potentialAction\":[{\"@type\":\"ReadAction\",\"target\":[\"https:\\\/\\\/www.editorialjuventud.es\\\/buscadores-de-tesoros-9788426134356\\\/\"]}]},{\"@type\":\"ImageObject\",\"inLanguage\":\"ca\",\"@id\":\"https:\\\/\\\/www.editorialjuventud.es\\\/buscadores-de-tesoros-9788426134356\\\/#primaryimage\",\"url\":\"https:\\\/\\\/www.editorialjuventud.es\\\/wp-content\\\/uploads\\\/3435.jpg\",\"contentUrl\":\"https:\\\/\\\/www.editorialjuventud.es\\\/wp-content\\\/uploads\\\/3435.jpg\",\"width\":349,\"height\":450,\"caption\":\"3435.jpg\"},{\"@type\":\"BreadcrumbList\",\"@id\":\"https:\\\/\\\/www.editorialjuventud.es\\\/buscadores-de-tesoros-9788426134356\\\/#breadcrumb\",\"itemListElement\":[{\"@type\":\"ListItem\",\"position\":1,\"name\":\"Portada\",\"item\":\"https:\\\/\\\/www.editorialjuventud.es\\\/\"},{\"@type\":\"ListItem\",\"position\":2,\"name\":\"cat\u00e1logo\",\"item\":\"https:\\\/\\\/www.editorialjuventud.es\\\/coleccion\\\/catalogo\\\/\"},{\"@type\":\"ListItem\",\"position\":3,\"name\":\"castellano\",\"item\":\"https:\\\/\\\/www.editorialjuventud.es\\\/coleccion\\\/castellano\\\/\"},{\"@type\":\"ListItem\",\"position\":4,\"name\":\"Cuentos Universales\",\"item\":\"https:\\\/\\\/www.editorialjuventud.es\\\/coleccion\\\/cuentos-universales\\\/\"},{\"@type\":\"ListItem\",\"position\":5,\"name\":\"Buscadores de tesoros\"}]},{\"@type\":\"WebSite\",\"@id\":\"https:\\\/\\\/www.editorialjuventud.es\\\/#website\",\"url\":\"https:\\\/\\\/www.editorialjuventud.es\\\/\",\"name\":\"Editorial Juventud\",\"description\":\"\",\"potentialAction\":[{\"@type\":\"SearchAction\",\"target\":{\"@type\":\"EntryPoint\",\"urlTemplate\":\"https:\\\/\\\/www.editorialjuventud.es\\\/?s={search_term_string}\"},\"query-input\":{\"@type\":\"PropertyValueSpecification\",\"valueRequired\":true,\"valueName\":\"search_term_string\"}}],\"inLanguage\":\"ca\"}]}<\/script>\n<!-- \/ Yoast SEO plugin. -->","yoast_head_json":{"title":"Buscadores de tesoros - Editorial Juventud","description":"Esta selecci\u00f3n pretende recoger algunas muestras de los diferentes momentos de la historia de la pirater\u00eda. Para ello se han seleccionado fragmentos de la","robots":{"index":"index","follow":"follow","max-snippet":"max-snippet:-1","max-image-preview":"max-image-preview:large","max-video-preview":"max-video-preview:-1"},"canonical":"https:\/\/www.editorialjuventud.es\/buscadores-de-tesoros-9788426134356\/","og_locale":"ca_ES","og_type":"article","og_title":"Buscadores de tesoros - Editorial Juventud","og_description":"Esta selecci\u00f3n pretende recoger algunas muestras de los diferentes momentos de la historia de la pirater\u00eda. Para ello se han seleccionado fragmentos de la","og_url":"https:\/\/www.editorialjuventud.es\/buscadores-de-tesoros-9788426134356\/","og_site_name":"Editorial Juventud","article_modified_time":"2025-01-22T12:40:50+00:00","og_image":[{"width":349,"height":450,"url":"https:\/\/www.editorialjuventud.es\/wp-content\/uploads\/3435.jpg","type":"image\/jpeg"}],"twitter_card":"summary_large_image","twitter_misc":{"Temps estimat de lectura":"1 minut"},"schema":{"@context":"https:\/\/schema.org","@graph":[{"@type":"WebPage","@id":"https:\/\/www.editorialjuventud.es\/buscadores-de-tesoros-9788426134356\/","url":"https:\/\/www.editorialjuventud.es\/buscadores-de-tesoros-9788426134356\/","name":"Buscadores de tesoros - Editorial Juventud","isPartOf":{"@id":"https:\/\/www.editorialjuventud.es\/#website"},"primaryImageOfPage":{"@id":"https:\/\/www.editorialjuventud.es\/buscadores-de-tesoros-9788426134356\/#primaryimage"},"image":{"@id":"https:\/\/www.editorialjuventud.es\/buscadores-de-tesoros-9788426134356\/#primaryimage"},"thumbnailUrl":"https:\/\/www.editorialjuventud.es\/wp-content\/uploads\/3435.jpg","datePublished":"2018-08-24T08:45:14+00:00","dateModified":"2025-01-22T12:40:50+00:00","description":"Esta selecci\u00f3n pretende recoger algunas muestras de los diferentes momentos de la historia de la pirater\u00eda. Para ello se han seleccionado fragmentos de la","breadcrumb":{"@id":"https:\/\/www.editorialjuventud.es\/buscadores-de-tesoros-9788426134356\/#breadcrumb"},"inLanguage":"ca","potentialAction":[{"@type":"ReadAction","target":["https:\/\/www.editorialjuventud.es\/buscadores-de-tesoros-9788426134356\/"]}]},{"@type":"ImageObject","inLanguage":"ca","@id":"https:\/\/www.editorialjuventud.es\/buscadores-de-tesoros-9788426134356\/#primaryimage","url":"https:\/\/www.editorialjuventud.es\/wp-content\/uploads\/3435.jpg","contentUrl":"https:\/\/www.editorialjuventud.es\/wp-content\/uploads\/3435.jpg","width":349,"height":450,"caption":"3435.jpg"},{"@type":"BreadcrumbList","@id":"https:\/\/www.editorialjuventud.es\/buscadores-de-tesoros-9788426134356\/#breadcrumb","itemListElement":[{"@type":"ListItem","position":1,"name":"Portada","item":"https:\/\/www.editorialjuventud.es\/"},{"@type":"ListItem","position":2,"name":"cat\u00e1logo","item":"https:\/\/www.editorialjuventud.es\/coleccion\/catalogo\/"},{"@type":"ListItem","position":3,"name":"castellano","item":"https:\/\/www.editorialjuventud.es\/coleccion\/castellano\/"},{"@type":"ListItem","position":4,"name":"Cuentos Universales","item":"https:\/\/www.editorialjuventud.es\/coleccion\/cuentos-universales\/"},{"@type":"ListItem","position":5,"name":"Buscadores de tesoros"}]},{"@type":"WebSite","@id":"https:\/\/www.editorialjuventud.es\/#website","url":"https:\/\/www.editorialjuventud.es\/","name":"Editorial Juventud","description":"","potentialAction":[{"@type":"SearchAction","target":{"@type":"EntryPoint","urlTemplate":"https:\/\/www.editorialjuventud.es\/?s={search_term_string}"},"query-input":{"@type":"PropertyValueSpecification","valueRequired":true,"valueName":"search_term_string"}}],"inLanguage":"ca"}]}},"_links":{"self":[{"href":"https:\/\/www.editorialjuventud.es\/ca\/wp-json\/wp\/v2\/product\/5371","targetHints":{"allow":["GET"]}}],"collection":[{"href":"https:\/\/www.editorialjuventud.es\/ca\/wp-json\/wp\/v2\/product"}],"about":[{"href":"https:\/\/www.editorialjuventud.es\/ca\/wp-json\/wp\/v2\/types\/product"}],"wp:featuredmedia":[{"embeddable":true,"href":"https:\/\/www.editorialjuventud.es\/ca\/wp-json\/wp\/v2\/media\/9019"}],"wp:attachment":[{"href":"https:\/\/www.editorialjuventud.es\/ca\/wp-json\/wp\/v2\/media?parent=5371"}],"wp:term":[{"taxonomy":"product_brand","embeddable":true,"href":"https:\/\/www.editorialjuventud.es\/ca\/wp-json\/wp\/v2\/product_brand?post=5371"},{"taxonomy":"product_cat","embeddable":true,"href":"https:\/\/www.editorialjuventud.es\/ca\/wp-json\/wp\/v2\/product_cat?post=5371"},{"taxonomy":"product_tag","embeddable":true,"href":"https:\/\/www.editorialjuventud.es\/ca\/wp-json\/wp\/v2\/product_tag?post=5371"},{"taxonomy":"coleccion","embeddable":true,"href":"https:\/\/www.editorialjuventud.es\/ca\/wp-json\/wp\/v2\/coleccion?post=5371"}],"curies":[{"name":"wp","href":"https:\/\/api.w.org\/{rel}","templated":true}]}}