{"id":5356,"date":"2018-08-24T10:43:52","date_gmt":"2018-08-24T08:43:52","guid":{"rendered":"http:\/\/www.editorialjuventud.es\/el-petit-edu-te-gana\/"},"modified":"2021-10-21T08:34:16","modified_gmt":"2021-10-21T06:34:16","slug":"el-petit-edu-te-gana-9788426134172","status":"publish","type":"product","link":"https:\/\/www.editorialjuventud.es\/ca\/el-petit-edu-te-gana-9788426134172\/","title":{"rendered":"El petit Edu t\u00e9 gana"},"content":{"rendered":"<p>L&#8217;Edu es posa el pitet, despr\u00e9s s&#8217;asseu a la trona, agafa un plat i una cullera, es menja tot el menjar i es menja un pl\u00e0tan de postres&#8230;<br \/>\nL\u0092Edu \u00e9s com els altres nens: es vesteix, menja, juga, s\u0092embruta, es banya, es fica al llit, per\u00f2 sobretot, apr\u00e8n a parlar i descobreix moltes altres coses. En cada p\u00e0gina d\u0092aquestes petits llibres de cartr\u00f3 trobar\u00e0s paraules, objectes i situacions de la vida quotidiana de l\u0092Edu.<\/p>\n","protected":false},"excerpt":{"rendered":"L&#8217;Edu es posa el pitet, despr\u00e9s s&#8217;asseu a la trona, agafa un plat i una cullera, es menja tot el menjar i es menja un pl\u00e0tan de postres&#8230; L\u0092Edu \u00e9s com els altres nens: es vesteix, menja, juga, s\u0092embruta, es [&hellip;]","protected":false},"featured_media":8925,"template":"","meta":{"_acf_changed":false,"_exactmetrics_skip_tracking":false,"_exactmetrics_sitenote_active":false,"_exactmetrics_sitenote_note":"","_exactmetrics_sitenote_category":0},"product_brand":[],"product_cat":[913,1281,1157,907,892,1115,1122,1128],"product_tag":[],"coleccion":[915,964,920],"class_list":{"0":"post-5356","1":"product","2":"type-product","3":"status-publish","4":"has-post-thumbnail","6":"product_cat-a-partir-de-12-meses","7":"product_cat-aprendizaje","8":"product_cat-crecer","9":"product_cat-de-0-a-2-anos","10":"product_cat-edades","11":"product_cat-generos","12":"product_cat-libros-de-carton","13":"product_cat-tematica","14":"coleccion-catala","15":"coleccion-el-petit-edu-i-la-petita-marina","16":"coleccion-els-meus-primers-llibres","18":"first","19":"instock","20":"taxable","21":"shipping-taxable","22":"purchasable","23":"product-type-simple"},"acf":{"autores-libros":[16235],"ilustradores-libros":[16235],"traductores-libros":[58416]},"yoast_head":"<!-- This site is optimized with the Yoast SEO plugin v27.5 - https:\/\/yoast.com\/product\/yoast-seo-wordpress\/ -->\n<title>El petit Edu t\u00e9 gana - Editorial Juventud<\/title>\n<meta name=\"description\" content=\"L&#039;Edu es posa el pitet, despr\u00e9s s&#039;asseu a la trona, agafa un plat i una cullera, es menja tot el menjar i es menja un pl\u00e0tan de postres... L\u0092Edu \u00e9s com\" \/>\n<meta name=\"robots\" content=\"index, follow, max-snippet:-1, max-image-preview:large, max-video-preview:-1\" \/>\n<link rel=\"canonical\" href=\"https:\/\/www.editorialjuventud.es\/el-petit-edu-te-gana-9788426134172\/\" \/>\n<meta property=\"og:locale\" content=\"ca_ES\" \/>\n<meta property=\"og:type\" content=\"article\" \/>\n<meta property=\"og:title\" content=\"El petit Edu t\u00e9 gana - Editorial Juventud\" \/>\n<meta property=\"og:description\" content=\"L&#039;Edu es posa el pitet, despr\u00e9s s&#039;asseu a la trona, agafa un plat i una cullera, es menja tot el menjar i es menja un pl\u00e0tan de postres... L\u0092Edu \u00e9s com\" \/>\n<meta property=\"og:url\" content=\"https:\/\/www.editorialjuventud.es\/el-petit-edu-te-gana-9788426134172\/\" \/>\n<meta property=\"og:site_name\" content=\"Editorial Juventud\" \/>\n<meta property=\"article:modified_time\" content=\"2021-10-21T06:34:16+00:00\" \/>\n<meta property=\"og:image\" content=\"https:\/\/www.editorialjuventud.es\/wp-content\/uploads\/3417.jpg\" \/>\n\t<meta property=\"og:image:width\" content=\"392\" \/>\n\t<meta property=\"og:image:height\" content=\"394\" \/>\n\t<meta property=\"og:image:type\" content=\"image\/jpeg\" \/>\n<meta name=\"twitter:card\" content=\"summary_large_image\" \/>\n<script type=\"application\/ld+json\" class=\"yoast-schema-graph\">{\"@context\":\"https:\\\/\\\/schema.org\",\"@graph\":[{\"@type\":\"WebPage\",\"@id\":\"https:\\\/\\\/www.editorialjuventud.es\\\/el-petit-edu-te-gana-9788426134172\\\/\",\"url\":\"https:\\\/\\\/www.editorialjuventud.es\\\/el-petit-edu-te-gana-9788426134172\\\/\",\"name\":\"El petit Edu t\u00e9 gana - Editorial Juventud\",\"isPartOf\":{\"@id\":\"https:\\\/\\\/www.editorialjuventud.es\\\/#website\"},\"primaryImageOfPage\":{\"@id\":\"https:\\\/\\\/www.editorialjuventud.es\\\/el-petit-edu-te-gana-9788426134172\\\/#primaryimage\"},\"image\":{\"@id\":\"https:\\\/\\\/www.editorialjuventud.es\\\/el-petit-edu-te-gana-9788426134172\\\/#primaryimage\"},\"thumbnailUrl\":\"https:\\\/\\\/www.editorialjuventud.es\\\/wp-content\\\/uploads\\\/3417.jpg\",\"datePublished\":\"2018-08-24T08:43:52+00:00\",\"dateModified\":\"2021-10-21T06:34:16+00:00\",\"description\":\"L'Edu es posa el pitet, despr\u00e9s s'asseu a la trona, agafa un plat i una cullera, es menja tot el menjar i es menja un pl\u00e0tan de postres... L\u0092Edu \u00e9s com\",\"breadcrumb\":{\"@id\":\"https:\\\/\\\/www.editorialjuventud.es\\\/el-petit-edu-te-gana-9788426134172\\\/#breadcrumb\"},\"inLanguage\":\"ca\",\"potentialAction\":[{\"@type\":\"ReadAction\",\"target\":[\"https:\\\/\\\/www.editorialjuventud.es\\\/el-petit-edu-te-gana-9788426134172\\\/\"]}]},{\"@type\":\"ImageObject\",\"inLanguage\":\"ca\",\"@id\":\"https:\\\/\\\/www.editorialjuventud.es\\\/el-petit-edu-te-gana-9788426134172\\\/#primaryimage\",\"url\":\"https:\\\/\\\/www.editorialjuventud.es\\\/wp-content\\\/uploads\\\/3417.jpg\",\"contentUrl\":\"https:\\\/\\\/www.editorialjuventud.es\\\/wp-content\\\/uploads\\\/3417.jpg\",\"width\":392,\"height\":394,\"caption\":\"3417.jpg\"},{\"@type\":\"BreadcrumbList\",\"@id\":\"https:\\\/\\\/www.editorialjuventud.es\\\/el-petit-edu-te-gana-9788426134172\\\/#breadcrumb\",\"itemListElement\":[{\"@type\":\"ListItem\",\"position\":1,\"name\":\"Portada\",\"item\":\"https:\\\/\\\/www.editorialjuventud.es\\\/\"},{\"@type\":\"ListItem\",\"position\":2,\"name\":\"cat\u00e1logo\",\"item\":\"https:\\\/\\\/www.editorialjuventud.es\\\/coleccion\\\/catalogo\\\/\"},{\"@type\":\"ListItem\",\"position\":3,\"name\":\"catal\u00e0\",\"item\":\"https:\\\/\\\/www.editorialjuventud.es\\\/coleccion\\\/catala\\\/\"},{\"@type\":\"ListItem\",\"position\":4,\"name\":\"Els Meus Primers Llibres\",\"item\":\"https:\\\/\\\/www.editorialjuventud.es\\\/ca\\\/coleccion\\\/els-meus-primers-llibres\\\/\"},{\"@type\":\"ListItem\",\"position\":5,\"name\":\"El Petit Edu i la Petita Marina\",\"item\":\"https:\\\/\\\/www.editorialjuventud.es\\\/coleccion\\\/el-petit-edu-i-la-petita-marina\\\/\"},{\"@type\":\"ListItem\",\"position\":6,\"name\":\"El petit Edu t\u00e9 gana\"}]},{\"@type\":\"WebSite\",\"@id\":\"https:\\\/\\\/www.editorialjuventud.es\\\/#website\",\"url\":\"https:\\\/\\\/www.editorialjuventud.es\\\/\",\"name\":\"Editorial Juventud\",\"description\":\"\",\"potentialAction\":[{\"@type\":\"SearchAction\",\"target\":{\"@type\":\"EntryPoint\",\"urlTemplate\":\"https:\\\/\\\/www.editorialjuventud.es\\\/?s={search_term_string}\"},\"query-input\":{\"@type\":\"PropertyValueSpecification\",\"valueRequired\":true,\"valueName\":\"search_term_string\"}}],\"inLanguage\":\"ca\"}]}<\/script>\n<!-- \/ Yoast SEO plugin. -->","yoast_head_json":{"title":"El petit Edu t\u00e9 gana - Editorial Juventud","description":"L'Edu es posa el pitet, despr\u00e9s s'asseu a la trona, agafa un plat i una cullera, es menja tot el menjar i es menja un pl\u00e0tan de postres... L\u0092Edu \u00e9s com","robots":{"index":"index","follow":"follow","max-snippet":"max-snippet:-1","max-image-preview":"max-image-preview:large","max-video-preview":"max-video-preview:-1"},"canonical":"https:\/\/www.editorialjuventud.es\/el-petit-edu-te-gana-9788426134172\/","og_locale":"ca_ES","og_type":"article","og_title":"El petit Edu t\u00e9 gana - Editorial Juventud","og_description":"L'Edu es posa el pitet, despr\u00e9s s'asseu a la trona, agafa un plat i una cullera, es menja tot el menjar i es menja un pl\u00e0tan de postres... L\u0092Edu \u00e9s com","og_url":"https:\/\/www.editorialjuventud.es\/el-petit-edu-te-gana-9788426134172\/","og_site_name":"Editorial Juventud","article_modified_time":"2021-10-21T06:34:16+00:00","og_image":[{"width":392,"height":394,"url":"https:\/\/www.editorialjuventud.es\/wp-content\/uploads\/3417.jpg","type":"image\/jpeg"}],"twitter_card":"summary_large_image","schema":{"@context":"https:\/\/schema.org","@graph":[{"@type":"WebPage","@id":"https:\/\/www.editorialjuventud.es\/el-petit-edu-te-gana-9788426134172\/","url":"https:\/\/www.editorialjuventud.es\/el-petit-edu-te-gana-9788426134172\/","name":"El petit Edu t\u00e9 gana - Editorial Juventud","isPartOf":{"@id":"https:\/\/www.editorialjuventud.es\/#website"},"primaryImageOfPage":{"@id":"https:\/\/www.editorialjuventud.es\/el-petit-edu-te-gana-9788426134172\/#primaryimage"},"image":{"@id":"https:\/\/www.editorialjuventud.es\/el-petit-edu-te-gana-9788426134172\/#primaryimage"},"thumbnailUrl":"https:\/\/www.editorialjuventud.es\/wp-content\/uploads\/3417.jpg","datePublished":"2018-08-24T08:43:52+00:00","dateModified":"2021-10-21T06:34:16+00:00","description":"L'Edu es posa el pitet, despr\u00e9s s'asseu a la trona, agafa un plat i una cullera, es menja tot el menjar i es menja un pl\u00e0tan de postres... L\u0092Edu \u00e9s com","breadcrumb":{"@id":"https:\/\/www.editorialjuventud.es\/el-petit-edu-te-gana-9788426134172\/#breadcrumb"},"inLanguage":"ca","potentialAction":[{"@type":"ReadAction","target":["https:\/\/www.editorialjuventud.es\/el-petit-edu-te-gana-9788426134172\/"]}]},{"@type":"ImageObject","inLanguage":"ca","@id":"https:\/\/www.editorialjuventud.es\/el-petit-edu-te-gana-9788426134172\/#primaryimage","url":"https:\/\/www.editorialjuventud.es\/wp-content\/uploads\/3417.jpg","contentUrl":"https:\/\/www.editorialjuventud.es\/wp-content\/uploads\/3417.jpg","width":392,"height":394,"caption":"3417.jpg"},{"@type":"BreadcrumbList","@id":"https:\/\/www.editorialjuventud.es\/el-petit-edu-te-gana-9788426134172\/#breadcrumb","itemListElement":[{"@type":"ListItem","position":1,"name":"Portada","item":"https:\/\/www.editorialjuventud.es\/"},{"@type":"ListItem","position":2,"name":"cat\u00e1logo","item":"https:\/\/www.editorialjuventud.es\/coleccion\/catalogo\/"},{"@type":"ListItem","position":3,"name":"catal\u00e0","item":"https:\/\/www.editorialjuventud.es\/coleccion\/catala\/"},{"@type":"ListItem","position":4,"name":"Els Meus Primers Llibres","item":"https:\/\/www.editorialjuventud.es\/ca\/coleccion\/els-meus-primers-llibres\/"},{"@type":"ListItem","position":5,"name":"El Petit Edu i la Petita Marina","item":"https:\/\/www.editorialjuventud.es\/coleccion\/el-petit-edu-i-la-petita-marina\/"},{"@type":"ListItem","position":6,"name":"El petit Edu t\u00e9 gana"}]},{"@type":"WebSite","@id":"https:\/\/www.editorialjuventud.es\/#website","url":"https:\/\/www.editorialjuventud.es\/","name":"Editorial Juventud","description":"","potentialAction":[{"@type":"SearchAction","target":{"@type":"EntryPoint","urlTemplate":"https:\/\/www.editorialjuventud.es\/?s={search_term_string}"},"query-input":{"@type":"PropertyValueSpecification","valueRequired":true,"valueName":"search_term_string"}}],"inLanguage":"ca"}]}},"_links":{"self":[{"href":"https:\/\/www.editorialjuventud.es\/ca\/wp-json\/wp\/v2\/product\/5356","targetHints":{"allow":["GET"]}}],"collection":[{"href":"https:\/\/www.editorialjuventud.es\/ca\/wp-json\/wp\/v2\/product"}],"about":[{"href":"https:\/\/www.editorialjuventud.es\/ca\/wp-json\/wp\/v2\/types\/product"}],"wp:featuredmedia":[{"embeddable":true,"href":"https:\/\/www.editorialjuventud.es\/ca\/wp-json\/wp\/v2\/media\/8925"}],"wp:attachment":[{"href":"https:\/\/www.editorialjuventud.es\/ca\/wp-json\/wp\/v2\/media?parent=5356"}],"wp:term":[{"taxonomy":"product_brand","embeddable":true,"href":"https:\/\/www.editorialjuventud.es\/ca\/wp-json\/wp\/v2\/product_brand?post=5356"},{"taxonomy":"product_cat","embeddable":true,"href":"https:\/\/www.editorialjuventud.es\/ca\/wp-json\/wp\/v2\/product_cat?post=5356"},{"taxonomy":"product_tag","embeddable":true,"href":"https:\/\/www.editorialjuventud.es\/ca\/wp-json\/wp\/v2\/product_tag?post=5356"},{"taxonomy":"coleccion","embeddable":true,"href":"https:\/\/www.editorialjuventud.es\/ca\/wp-json\/wp\/v2\/coleccion?post=5356"}],"curies":[{"name":"wp","href":"https:\/\/api.w.org\/{rel}","templated":true}]}}