{"id":5350,"date":"2018-08-24T12:43:19","date_gmt":"2018-08-24T08:43:19","guid":{"rendered":"http:\/\/www.editorialjuventud.es\/la-copa-america-1851-2003\/"},"modified":"2025-07-23T09:35:10","modified_gmt":"2025-07-23T07:35:10","slug":"la-copa-america-18512003-9788426134103","status":"publish","type":"product","link":"https:\/\/www.editorialjuventud.es\/ca\/la-copa-america-18512003-9788426134103\/","title":{"rendered":"La Copa Am\u00e9rica 1851-2003"},"content":{"rendered":"<p>La copa de Am\u00e9rica es la m\u00e1s prestigiosa regata del mundo en la modalidad de yates transatl\u00e1nticos desde que tuvo lugar la primera competici\u00f3n entre Am\u00e9rica y Gran Breta\u00f1a, en 1851. Este gran libro cuenta la historia de la Copa desde sus inicios y presenta una colecci\u00f3n \u00fanica de pinturas que describen dram\u00e1ticas y sugestivas escenas de cada una de las competiciones desde 1851 hasta el 2003. Los fragmentos ampliados de cada pintura revelan la incre\u00edble atenci\u00f3n del artista por el detalle. Tambi\u00e9n figuran mapas de las rutas y dibujos a l\u00e1piz de cada embarcaci\u00f3n.  El artista, Tim Thompson, empez\u00f3 a pintar el mar cuando viv\u00eda con sus padres en la peque\u00f1a isla de Hern, en las islas anglo normandas y ahora trabaja en su estudio de Cornualles. Su refinada t\u00e9cnica recuerda a otros grandes artistas que, con anterioridad, se han dedicado a las marinas. Sus pinturas, c\u00e9lebres por su soberbia expresi\u00f3n del viento y de la luz, son solicitadas en todo el mundo.  Ranulf Rainer se dedica a la investigaci\u00f3n hist\u00f3rica, es un gran aficionado al mar y pasa mucho tiempo navegando.  Esta magn\u00edfica obra ser\u00e1 sin duda apreciada por todos los que aman el mar y la navegaci\u00f3n. En la edici\u00f3n especial del 2007, cuando la Copa Am\u00e9rica tuvo lugar en Valencia, podemos encontrar contenidos extra y una explicaci\u00f3n de por qu\u00e9 la bah\u00eda valenciana es un lugar id\u00f3neo para disputar regatas.<\/p>\n","protected":false},"excerpt":{"rendered":"La copa de Am\u00e9rica es la m\u00e1s prestigiosa regata del mundo en la modalidad de yates transatl\u00e1nticos desde que tuvo lugar la primera competici\u00f3n entre Am\u00e9rica y Gran Breta\u00f1a, en 1851. Este gran libro cuenta la historia de la Copa [&hellip;]","protected":false},"featured_media":8895,"template":"","meta":{"_acf_changed":false,"_exactmetrics_skip_tracking":false,"_exactmetrics_sitenote_active":false,"_exactmetrics_sitenote_note":"","_exactmetrics_sitenote_category":0},"product_brand":[],"product_cat":[905,1120],"product_tag":[],"coleccion":[936,1088],"class_list":{"0":"post-5350","1":"product","2":"type-product","3":"status-publish","4":"has-post-thumbnail","6":"product_cat-adulto","7":"product_cat-nautica","8":"coleccion-lecturas-en-torno-al-mar","9":"coleccion-narrativa-maritima-lecturas-entorno-al-mar","11":"first","12":"instock","13":"taxable","14":"shipping-taxable","15":"purchasable","16":"product-type-simple"},"acf":{"autor":"Thompson","codart":"3410-6","ediciones":"3","encuadernacion":"Geltex","fecha_de_publicacion":"01\/09\/2003","novedad":"0","paginas":"100","subtitulo":"","texto_web_adicional":"","texto_web_novedad":"","orden":"999","portada":"0","texto_web_resaltado":"","autores-libros":[16575],"ilustradores-libros":[18200],"traductores-libros":[17944]},"yoast_head":"<!-- This site is optimized with the Yoast SEO plugin v27.5 - https:\/\/yoast.com\/product\/yoast-seo-wordpress\/ -->\n<title>La Copa Am\u00e9rica 1851-2003 - Editorial Juventud<\/title>\n<meta name=\"description\" content=\"La copa de Am\u00e9rica es la m\u00e1s prestigiosa regata del mundo en la modalidad de yates transatl\u00e1nticos desde que tuvo lugar la primera competici\u00f3n entre\" \/>\n<meta name=\"robots\" content=\"index, follow, max-snippet:-1, max-image-preview:large, max-video-preview:-1\" \/>\n<link rel=\"canonical\" href=\"https:\/\/www.editorialjuventud.es\/la-copa-america-18512003-9788426134103\/\" \/>\n<meta property=\"og:locale\" content=\"ca_ES\" \/>\n<meta property=\"og:type\" content=\"article\" \/>\n<meta property=\"og:title\" content=\"La Copa Am\u00e9rica 1851-2003 - Editorial Juventud\" \/>\n<meta property=\"og:description\" content=\"La copa de Am\u00e9rica es la m\u00e1s prestigiosa regata del mundo en la modalidad de yates transatl\u00e1nticos desde que tuvo lugar la primera competici\u00f3n entre\" \/>\n<meta property=\"og:url\" content=\"https:\/\/www.editorialjuventud.es\/la-copa-america-18512003-9788426134103\/\" \/>\n<meta property=\"og:site_name\" content=\"Editorial Juventud\" \/>\n<meta property=\"article:modified_time\" content=\"2025-07-23T07:35:10+00:00\" \/>\n<meta property=\"og:image\" content=\"https:\/\/www.editorialjuventud.es\/wp-content\/uploads\/3410.jpg\" \/>\n\t<meta property=\"og:image:width\" content=\"581\" \/>\n\t<meta property=\"og:image:height\" content=\"450\" \/>\n\t<meta property=\"og:image:type\" content=\"image\/jpeg\" \/>\n<meta name=\"twitter:card\" content=\"summary_large_image\" \/>\n<meta name=\"twitter:label1\" content=\"Temps estimat de lectura\" \/>\n\t<meta name=\"twitter:data1\" content=\"1 minut\" \/>\n<script type=\"application\/ld+json\" class=\"yoast-schema-graph\">{\"@context\":\"https:\\\/\\\/schema.org\",\"@graph\":[{\"@type\":\"WebPage\",\"@id\":\"https:\\\/\\\/www.editorialjuventud.es\\\/la-copa-america-18512003-9788426134103\\\/\",\"url\":\"https:\\\/\\\/www.editorialjuventud.es\\\/la-copa-america-18512003-9788426134103\\\/\",\"name\":\"La Copa Am\u00e9rica 1851-2003 - Editorial Juventud\",\"isPartOf\":{\"@id\":\"https:\\\/\\\/www.editorialjuventud.es\\\/#website\"},\"primaryImageOfPage\":{\"@id\":\"https:\\\/\\\/www.editorialjuventud.es\\\/la-copa-america-18512003-9788426134103\\\/#primaryimage\"},\"image\":{\"@id\":\"https:\\\/\\\/www.editorialjuventud.es\\\/la-copa-america-18512003-9788426134103\\\/#primaryimage\"},\"thumbnailUrl\":\"https:\\\/\\\/www.editorialjuventud.es\\\/wp-content\\\/uploads\\\/3410.jpg\",\"datePublished\":\"2018-08-24T08:43:19+00:00\",\"dateModified\":\"2025-07-23T07:35:10+00:00\",\"description\":\"La copa de Am\u00e9rica es la m\u00e1s prestigiosa regata del mundo en la modalidad de yates transatl\u00e1nticos desde que tuvo lugar la primera competici\u00f3n entre\",\"breadcrumb\":{\"@id\":\"https:\\\/\\\/www.editorialjuventud.es\\\/la-copa-america-18512003-9788426134103\\\/#breadcrumb\"},\"inLanguage\":\"ca\",\"potentialAction\":[{\"@type\":\"ReadAction\",\"target\":[\"https:\\\/\\\/www.editorialjuventud.es\\\/la-copa-america-18512003-9788426134103\\\/\"]}]},{\"@type\":\"ImageObject\",\"inLanguage\":\"ca\",\"@id\":\"https:\\\/\\\/www.editorialjuventud.es\\\/la-copa-america-18512003-9788426134103\\\/#primaryimage\",\"url\":\"https:\\\/\\\/www.editorialjuventud.es\\\/wp-content\\\/uploads\\\/3410.jpg\",\"contentUrl\":\"https:\\\/\\\/www.editorialjuventud.es\\\/wp-content\\\/uploads\\\/3410.jpg\",\"width\":581,\"height\":450,\"caption\":\"3410.jpg\"},{\"@type\":\"BreadcrumbList\",\"@id\":\"https:\\\/\\\/www.editorialjuventud.es\\\/la-copa-america-18512003-9788426134103\\\/#breadcrumb\",\"itemListElement\":[{\"@type\":\"ListItem\",\"position\":1,\"name\":\"Portada\",\"item\":\"https:\\\/\\\/www.editorialjuventud.es\\\/\"},{\"@type\":\"ListItem\",\"position\":2,\"name\":\"cat\u00e1logo\",\"item\":\"https:\\\/\\\/www.editorialjuventud.es\\\/coleccion\\\/catalogo\\\/\"},{\"@type\":\"ListItem\",\"position\":3,\"name\":\"castellano\",\"item\":\"https:\\\/\\\/www.editorialjuventud.es\\\/coleccion\\\/castellano\\\/\"},{\"@type\":\"ListItem\",\"position\":4,\"name\":\"Lecturas En torno al Mar\",\"item\":\"https:\\\/\\\/www.editorialjuventud.es\\\/coleccion\\\/lecturas-en-torno-al-mar\\\/\"},{\"@type\":\"ListItem\",\"position\":5,\"name\":\"Narrativa Mar\u00edtima\",\"item\":\"https:\\\/\\\/www.editorialjuventud.es\\\/ca\\\/coleccion\\\/narrativa-maritima-lecturas-entorno-al-mar\\\/\"},{\"@type\":\"ListItem\",\"position\":6,\"name\":\"La Copa Am\u00e9rica 1851-2003\"}]},{\"@type\":\"WebSite\",\"@id\":\"https:\\\/\\\/www.editorialjuventud.es\\\/#website\",\"url\":\"https:\\\/\\\/www.editorialjuventud.es\\\/\",\"name\":\"Editorial Juventud\",\"description\":\"\",\"potentialAction\":[{\"@type\":\"SearchAction\",\"target\":{\"@type\":\"EntryPoint\",\"urlTemplate\":\"https:\\\/\\\/www.editorialjuventud.es\\\/?s={search_term_string}\"},\"query-input\":{\"@type\":\"PropertyValueSpecification\",\"valueRequired\":true,\"valueName\":\"search_term_string\"}}],\"inLanguage\":\"ca\"}]}<\/script>\n<!-- \/ Yoast SEO plugin. -->","yoast_head_json":{"title":"La Copa Am\u00e9rica 1851-2003 - Editorial Juventud","description":"La copa de Am\u00e9rica es la m\u00e1s prestigiosa regata del mundo en la modalidad de yates transatl\u00e1nticos desde que tuvo lugar la primera competici\u00f3n entre","robots":{"index":"index","follow":"follow","max-snippet":"max-snippet:-1","max-image-preview":"max-image-preview:large","max-video-preview":"max-video-preview:-1"},"canonical":"https:\/\/www.editorialjuventud.es\/la-copa-america-18512003-9788426134103\/","og_locale":"ca_ES","og_type":"article","og_title":"La Copa Am\u00e9rica 1851-2003 - Editorial Juventud","og_description":"La copa de Am\u00e9rica es la m\u00e1s prestigiosa regata del mundo en la modalidad de yates transatl\u00e1nticos desde que tuvo lugar la primera competici\u00f3n entre","og_url":"https:\/\/www.editorialjuventud.es\/la-copa-america-18512003-9788426134103\/","og_site_name":"Editorial Juventud","article_modified_time":"2025-07-23T07:35:10+00:00","og_image":[{"width":581,"height":450,"url":"https:\/\/www.editorialjuventud.es\/wp-content\/uploads\/3410.jpg","type":"image\/jpeg"}],"twitter_card":"summary_large_image","twitter_misc":{"Temps estimat de lectura":"1 minut"},"schema":{"@context":"https:\/\/schema.org","@graph":[{"@type":"WebPage","@id":"https:\/\/www.editorialjuventud.es\/la-copa-america-18512003-9788426134103\/","url":"https:\/\/www.editorialjuventud.es\/la-copa-america-18512003-9788426134103\/","name":"La Copa Am\u00e9rica 1851-2003 - Editorial Juventud","isPartOf":{"@id":"https:\/\/www.editorialjuventud.es\/#website"},"primaryImageOfPage":{"@id":"https:\/\/www.editorialjuventud.es\/la-copa-america-18512003-9788426134103\/#primaryimage"},"image":{"@id":"https:\/\/www.editorialjuventud.es\/la-copa-america-18512003-9788426134103\/#primaryimage"},"thumbnailUrl":"https:\/\/www.editorialjuventud.es\/wp-content\/uploads\/3410.jpg","datePublished":"2018-08-24T08:43:19+00:00","dateModified":"2025-07-23T07:35:10+00:00","description":"La copa de Am\u00e9rica es la m\u00e1s prestigiosa regata del mundo en la modalidad de yates transatl\u00e1nticos desde que tuvo lugar la primera competici\u00f3n entre","breadcrumb":{"@id":"https:\/\/www.editorialjuventud.es\/la-copa-america-18512003-9788426134103\/#breadcrumb"},"inLanguage":"ca","potentialAction":[{"@type":"ReadAction","target":["https:\/\/www.editorialjuventud.es\/la-copa-america-18512003-9788426134103\/"]}]},{"@type":"ImageObject","inLanguage":"ca","@id":"https:\/\/www.editorialjuventud.es\/la-copa-america-18512003-9788426134103\/#primaryimage","url":"https:\/\/www.editorialjuventud.es\/wp-content\/uploads\/3410.jpg","contentUrl":"https:\/\/www.editorialjuventud.es\/wp-content\/uploads\/3410.jpg","width":581,"height":450,"caption":"3410.jpg"},{"@type":"BreadcrumbList","@id":"https:\/\/www.editorialjuventud.es\/la-copa-america-18512003-9788426134103\/#breadcrumb","itemListElement":[{"@type":"ListItem","position":1,"name":"Portada","item":"https:\/\/www.editorialjuventud.es\/"},{"@type":"ListItem","position":2,"name":"cat\u00e1logo","item":"https:\/\/www.editorialjuventud.es\/coleccion\/catalogo\/"},{"@type":"ListItem","position":3,"name":"castellano","item":"https:\/\/www.editorialjuventud.es\/coleccion\/castellano\/"},{"@type":"ListItem","position":4,"name":"Lecturas En torno al Mar","item":"https:\/\/www.editorialjuventud.es\/coleccion\/lecturas-en-torno-al-mar\/"},{"@type":"ListItem","position":5,"name":"Narrativa Mar\u00edtima","item":"https:\/\/www.editorialjuventud.es\/ca\/coleccion\/narrativa-maritima-lecturas-entorno-al-mar\/"},{"@type":"ListItem","position":6,"name":"La Copa Am\u00e9rica 1851-2003"}]},{"@type":"WebSite","@id":"https:\/\/www.editorialjuventud.es\/#website","url":"https:\/\/www.editorialjuventud.es\/","name":"Editorial Juventud","description":"","potentialAction":[{"@type":"SearchAction","target":{"@type":"EntryPoint","urlTemplate":"https:\/\/www.editorialjuventud.es\/?s={search_term_string}"},"query-input":{"@type":"PropertyValueSpecification","valueRequired":true,"valueName":"search_term_string"}}],"inLanguage":"ca"}]}},"_links":{"self":[{"href":"https:\/\/www.editorialjuventud.es\/ca\/wp-json\/wp\/v2\/product\/5350","targetHints":{"allow":["GET"]}}],"collection":[{"href":"https:\/\/www.editorialjuventud.es\/ca\/wp-json\/wp\/v2\/product"}],"about":[{"href":"https:\/\/www.editorialjuventud.es\/ca\/wp-json\/wp\/v2\/types\/product"}],"wp:featuredmedia":[{"embeddable":true,"href":"https:\/\/www.editorialjuventud.es\/ca\/wp-json\/wp\/v2\/media\/8895"}],"wp:attachment":[{"href":"https:\/\/www.editorialjuventud.es\/ca\/wp-json\/wp\/v2\/media?parent=5350"}],"wp:term":[{"taxonomy":"product_brand","embeddable":true,"href":"https:\/\/www.editorialjuventud.es\/ca\/wp-json\/wp\/v2\/product_brand?post=5350"},{"taxonomy":"product_cat","embeddable":true,"href":"https:\/\/www.editorialjuventud.es\/ca\/wp-json\/wp\/v2\/product_cat?post=5350"},{"taxonomy":"product_tag","embeddable":true,"href":"https:\/\/www.editorialjuventud.es\/ca\/wp-json\/wp\/v2\/product_tag?post=5350"},{"taxonomy":"coleccion","embeddable":true,"href":"https:\/\/www.editorialjuventud.es\/ca\/wp-json\/wp\/v2\/coleccion?post=5350"}],"curies":[{"name":"wp","href":"https:\/\/api.w.org\/{rel}","templated":true}]}}