{"id":5347,"date":"2018-08-24T10:43:03","date_gmt":"2018-08-24T08:43:03","guid":{"rendered":"http:\/\/www.editorialjuventud.es\/la-nina-que-odiaba-los-libros\/"},"modified":"2026-01-29T15:05:17","modified_gmt":"2026-01-29T14:05:17","slug":"la-nina-que-odiaba-los-libros-9788426134073","status":"publish","type":"product","link":"https:\/\/www.editorialjuventud.es\/ca\/la-nina-que-odiaba-los-libros-9788426134073\/","title":{"rendered":"La ni\u00f1a que odiaba los libros"},"content":{"rendered":"<p>Hab\u00eda una vez una ni\u00f1a llamada Meena que odiaba los libros. Sus padres dejaban libros por todas partes: en los armarios, cajones, escritorios, sillas, mesas, sof\u00e1s y tambi\u00e9n en inmensas monta\u00f1as por los suelos. De modo que, en realidad, los libros la estorbaban.<br \/>Todo cambi\u00f3 el d\u00eda que Max, su gato, se encaram\u00f3 a la pila de libros m\u00e1s alta de la casa: Los libros se cayeron y los personajes y los animales salieron de las p\u00e1ginas dando volteretas, y acabaron en el suelo uno encima del otro. Meena tuvo que volver a colocar cada personaje en su libro, y descubri\u00f3 la fascinaci\u00f3n por las historias.<br \/>primera edicion, 2004<\/p>\n","protected":false},"excerpt":{"rendered":"Hab\u00eda una vez una ni\u00f1a llamada Meena que odiaba los libros. Sus padres dejaban libros por todas partes: en los armarios, cajones, escritorios, sillas, mesas, sof\u00e1s y tambi\u00e9n en inmensas monta\u00f1as por los suelos. De modo que, en realidad, los [&hellip;]","protected":false},"featured_media":15703,"template":"","meta":{"_acf_changed":false,"_exactmetrics_skip_tracking":false,"_exactmetrics_sitenote_active":false,"_exactmetrics_sitenote_note":"","_exactmetrics_sitenote_category":0},"product_brand":[],"product_cat":[900,1121,1144],"product_tag":[],"coleccion":[928,916,1233],"class_list":{"0":"post-5347","1":"product","2":"type-product","3":"status-publish","4":"has-post-thumbnail","6":"product_cat-a-partir-de-5-anos","7":"product_cat-albumes-ilustrados","8":"product_cat-bibliotecas-libros-sobre-libros","9":"coleccion-albumes-ilustrados","10":"coleccion-castellano","11":"coleccion-libros-y-bibliotecas-albumes-ilustrados","13":"first","14":"instock","15":"taxable","16":"shipping-taxable","17":"purchasable","18":"product-type-simple"},"acf":{"autor":"Pawagi-Franson","codart":"3407-6","ediciones":"1","encuadernacion":"Carton\u00e9","fecha_de_publicacion":"01\/02\/2005","novedad":"0","paginas":"32","subtitulo":"","texto_web_adicional":"","texto_web_novedad":"","orden":"999","portada":"0","texto_web_resaltado":"","indice":"","autores-libros":[16540],"ilustradores-libros":[17678],"traductores-libros":[17891],"descripcion_corta":"","recomendamos":"","mas_vendido":"","idioma-libro":"","color":false,"formato":"","mas_informacion_del_producto":false,"premios":false,"texto_enlace_cubierta":"","enlace_cubierta":{"ID":24067,"id":24067,"title":"cover-3407","filename":"cover-3407.jpg","filesize":26090,"url":"https:\/\/www.editorialjuventud.es\/wp-content\/uploads\/cover-3407.jpg","link":"https:\/\/www.editorialjuventud.es\/ca\/?attachment_id=24067","alt":"","author":"47","description":"","caption":"","name":"cover-3407","status":"inherit","uploaded_to":5347,"date":"2019-04-15 10:11:03","modified":"2019-04-15 10:11:03","menu_order":0,"mime_type":"image\/jpeg","type":"image","subtype":"jpeg","icon":"https:\/\/www.editorialjuventud.es\/wp-includes\/images\/media\/default.png","width":354,"height":338,"sizes":{"thumbnail":"https:\/\/www.editorialjuventud.es\/wp-content\/uploads\/cover-3407-200x200.jpg","thumbnail-width":200,"thumbnail-height":200,"medium":"https:\/\/www.editorialjuventud.es\/wp-content\/uploads\/cover-3407.jpg","medium-width":354,"medium-height":338,"medium_large":"https:\/\/www.editorialjuventud.es\/wp-content\/uploads\/cover-3407.jpg","medium_large-width":354,"medium_large-height":338,"large":"https:\/\/www.editorialjuventud.es\/wp-content\/uploads\/cover-3407.jpg","large-width":354,"large-height":338,"1536x1536":"https:\/\/www.editorialjuventud.es\/wp-content\/uploads\/cover-3407.jpg","1536x1536-width":354,"1536x1536-height":338,"2048x2048":"https:\/\/www.editorialjuventud.es\/wp-content\/uploads\/cover-3407.jpg","2048x2048-width":354,"2048x2048-height":338,"woocommerce_thumbnail":"https:\/\/www.editorialjuventud.es\/wp-content\/uploads\/cover-3407-350x334.jpg","woocommerce_thumbnail-width":350,"woocommerce_thumbnail-height":334,"woocommerce_single":"https:\/\/www.editorialjuventud.es\/wp-content\/uploads\/cover-3407.jpg","woocommerce_single-width":354,"woocommerce_single-height":338,"woocommerce_gallery_thumbnail":"https:\/\/www.editorialjuventud.es\/wp-content\/uploads\/cover-3407-100x100.jpg","woocommerce_gallery_thumbnail-width":100,"woocommerce_gallery_thumbnail-height":100,"ppec_logo_image_size":"https:\/\/www.editorialjuventud.es\/wp-content\/uploads\/cover-3407.jpg","ppec_logo_image_size-width":63,"ppec_logo_image_size-height":60,"ppec_header_image_size":"https:\/\/www.editorialjuventud.es\/wp-content\/uploads\/cover-3407.jpg","ppec_header_image_size-width":94,"ppec_header_image_size-height":90}},"texto_enlace_ficha_tecnica":"","enlace_ficha_tecnica":false,"ficheros":false,"titulo-fr":"","texto-fr":""},"yoast_head":"<!-- This site is optimized with the Yoast SEO plugin v27.5 - https:\/\/yoast.com\/product\/yoast-seo-wordpress\/ -->\n<title>La ni\u00f1a que odiaba los libros - Editorial Juventud<\/title>\n<meta name=\"description\" content=\"Hab\u00eda una vez una ni\u00f1a llamada Meena que odiaba los libros. Sus padres dejaban libros por todas partes: en los armarios, cajones, escritorios, sillas,\" \/>\n<meta name=\"robots\" content=\"index, follow, max-snippet:-1, max-image-preview:large, max-video-preview:-1\" \/>\n<link rel=\"canonical\" href=\"https:\/\/www.editorialjuventud.es\/la-nina-que-odiaba-los-libros-9788426134073\/\" \/>\n<meta property=\"og:locale\" content=\"ca_ES\" \/>\n<meta property=\"og:type\" content=\"article\" \/>\n<meta property=\"og:title\" content=\"La ni\u00f1a que odiaba los libros - Editorial Juventud\" \/>\n<meta property=\"og:description\" content=\"Hab\u00eda una vez una ni\u00f1a llamada Meena que odiaba los libros. Sus padres dejaban libros por todas partes: en los armarios, cajones, escritorios, sillas,\" \/>\n<meta property=\"og:url\" content=\"https:\/\/www.editorialjuventud.es\/la-nina-que-odiaba-los-libros-9788426134073\/\" \/>\n<meta property=\"og:site_name\" content=\"Editorial Juventud\" \/>\n<meta property=\"article:modified_time\" content=\"2026-01-29T14:05:17+00:00\" \/>\n<meta property=\"og:image\" content=\"https:\/\/www.editorialjuventud.es\/wp-content\/uploads\/9788426134073.jpg\" \/>\n\t<meta property=\"og:image:width\" content=\"354\" \/>\n\t<meta property=\"og:image:height\" content=\"338\" \/>\n\t<meta property=\"og:image:type\" content=\"image\/jpeg\" \/>\n<meta name=\"twitter:card\" content=\"summary_large_image\" \/>\n<meta name=\"twitter:label1\" content=\"Temps estimat de lectura\" \/>\n\t<meta name=\"twitter:data1\" content=\"1 minut\" \/>\n<script type=\"application\/ld+json\" class=\"yoast-schema-graph\">{\"@context\":\"https:\\\/\\\/schema.org\",\"@graph\":[{\"@type\":\"WebPage\",\"@id\":\"https:\\\/\\\/www.editorialjuventud.es\\\/la-nina-que-odiaba-los-libros-9788426134073\\\/\",\"url\":\"https:\\\/\\\/www.editorialjuventud.es\\\/la-nina-que-odiaba-los-libros-9788426134073\\\/\",\"name\":\"La ni\u00f1a que odiaba los libros - Editorial Juventud\",\"isPartOf\":{\"@id\":\"https:\\\/\\\/www.editorialjuventud.es\\\/#website\"},\"primaryImageOfPage\":{\"@id\":\"https:\\\/\\\/www.editorialjuventud.es\\\/la-nina-que-odiaba-los-libros-9788426134073\\\/#primaryimage\"},\"image\":{\"@id\":\"https:\\\/\\\/www.editorialjuventud.es\\\/la-nina-que-odiaba-los-libros-9788426134073\\\/#primaryimage\"},\"thumbnailUrl\":\"https:\\\/\\\/www.editorialjuventud.es\\\/wp-content\\\/uploads\\\/9788426134073.jpg\",\"datePublished\":\"2018-08-24T08:43:03+00:00\",\"dateModified\":\"2026-01-29T14:05:17+00:00\",\"description\":\"Hab\u00eda una vez una ni\u00f1a llamada Meena que odiaba los libros. Sus padres dejaban libros por todas partes: en los armarios, cajones, escritorios, sillas,\",\"breadcrumb\":{\"@id\":\"https:\\\/\\\/www.editorialjuventud.es\\\/la-nina-que-odiaba-los-libros-9788426134073\\\/#breadcrumb\"},\"inLanguage\":\"ca\",\"potentialAction\":[{\"@type\":\"ReadAction\",\"target\":[\"https:\\\/\\\/www.editorialjuventud.es\\\/la-nina-que-odiaba-los-libros-9788426134073\\\/\"]}]},{\"@type\":\"ImageObject\",\"inLanguage\":\"ca\",\"@id\":\"https:\\\/\\\/www.editorialjuventud.es\\\/la-nina-que-odiaba-los-libros-9788426134073\\\/#primaryimage\",\"url\":\"https:\\\/\\\/www.editorialjuventud.es\\\/wp-content\\\/uploads\\\/9788426134073.jpg\",\"contentUrl\":\"https:\\\/\\\/www.editorialjuventud.es\\\/wp-content\\\/uploads\\\/9788426134073.jpg\",\"width\":354,\"height\":338,\"caption\":\"9788426134073.jpg\"},{\"@type\":\"BreadcrumbList\",\"@id\":\"https:\\\/\\\/www.editorialjuventud.es\\\/la-nina-que-odiaba-los-libros-9788426134073\\\/#breadcrumb\",\"itemListElement\":[{\"@type\":\"ListItem\",\"position\":1,\"name\":\"Portada\",\"item\":\"https:\\\/\\\/www.editorialjuventud.es\\\/\"},{\"@type\":\"ListItem\",\"position\":2,\"name\":\"cat\u00e1logo\",\"item\":\"https:\\\/\\\/www.editorialjuventud.es\\\/coleccion\\\/catalogo\\\/\"},{\"@type\":\"ListItem\",\"position\":3,\"name\":\"castellano\",\"item\":\"https:\\\/\\\/www.editorialjuventud.es\\\/coleccion\\\/castellano\\\/\"},{\"@type\":\"ListItem\",\"position\":4,\"name\":\"\u00c1lbumes Ilustrados\",\"item\":\"https:\\\/\\\/www.editorialjuventud.es\\\/coleccion\\\/albumes-ilustrados\\\/\"},{\"@type\":\"ListItem\",\"position\":5,\"name\":\"La ni\u00f1a que odiaba los libros\"}]},{\"@type\":\"WebSite\",\"@id\":\"https:\\\/\\\/www.editorialjuventud.es\\\/#website\",\"url\":\"https:\\\/\\\/www.editorialjuventud.es\\\/\",\"name\":\"Editorial Juventud\",\"description\":\"\",\"potentialAction\":[{\"@type\":\"SearchAction\",\"target\":{\"@type\":\"EntryPoint\",\"urlTemplate\":\"https:\\\/\\\/www.editorialjuventud.es\\\/?s={search_term_string}\"},\"query-input\":{\"@type\":\"PropertyValueSpecification\",\"valueRequired\":true,\"valueName\":\"search_term_string\"}}],\"inLanguage\":\"ca\"}]}<\/script>\n<!-- \/ Yoast SEO plugin. -->","yoast_head_json":{"title":"La ni\u00f1a que odiaba los libros - Editorial Juventud","description":"Hab\u00eda una vez una ni\u00f1a llamada Meena que odiaba los libros. Sus padres dejaban libros por todas partes: en los armarios, cajones, escritorios, sillas,","robots":{"index":"index","follow":"follow","max-snippet":"max-snippet:-1","max-image-preview":"max-image-preview:large","max-video-preview":"max-video-preview:-1"},"canonical":"https:\/\/www.editorialjuventud.es\/la-nina-que-odiaba-los-libros-9788426134073\/","og_locale":"ca_ES","og_type":"article","og_title":"La ni\u00f1a que odiaba los libros - Editorial Juventud","og_description":"Hab\u00eda una vez una ni\u00f1a llamada Meena que odiaba los libros. Sus padres dejaban libros por todas partes: en los armarios, cajones, escritorios, sillas,","og_url":"https:\/\/www.editorialjuventud.es\/la-nina-que-odiaba-los-libros-9788426134073\/","og_site_name":"Editorial Juventud","article_modified_time":"2026-01-29T14:05:17+00:00","og_image":[{"width":354,"height":338,"url":"https:\/\/www.editorialjuventud.es\/wp-content\/uploads\/9788426134073.jpg","type":"image\/jpeg"}],"twitter_card":"summary_large_image","twitter_misc":{"Temps estimat de lectura":"1 minut"},"schema":{"@context":"https:\/\/schema.org","@graph":[{"@type":"WebPage","@id":"https:\/\/www.editorialjuventud.es\/la-nina-que-odiaba-los-libros-9788426134073\/","url":"https:\/\/www.editorialjuventud.es\/la-nina-que-odiaba-los-libros-9788426134073\/","name":"La ni\u00f1a que odiaba los libros - Editorial Juventud","isPartOf":{"@id":"https:\/\/www.editorialjuventud.es\/#website"},"primaryImageOfPage":{"@id":"https:\/\/www.editorialjuventud.es\/la-nina-que-odiaba-los-libros-9788426134073\/#primaryimage"},"image":{"@id":"https:\/\/www.editorialjuventud.es\/la-nina-que-odiaba-los-libros-9788426134073\/#primaryimage"},"thumbnailUrl":"https:\/\/www.editorialjuventud.es\/wp-content\/uploads\/9788426134073.jpg","datePublished":"2018-08-24T08:43:03+00:00","dateModified":"2026-01-29T14:05:17+00:00","description":"Hab\u00eda una vez una ni\u00f1a llamada Meena que odiaba los libros. Sus padres dejaban libros por todas partes: en los armarios, cajones, escritorios, sillas,","breadcrumb":{"@id":"https:\/\/www.editorialjuventud.es\/la-nina-que-odiaba-los-libros-9788426134073\/#breadcrumb"},"inLanguage":"ca","potentialAction":[{"@type":"ReadAction","target":["https:\/\/www.editorialjuventud.es\/la-nina-que-odiaba-los-libros-9788426134073\/"]}]},{"@type":"ImageObject","inLanguage":"ca","@id":"https:\/\/www.editorialjuventud.es\/la-nina-que-odiaba-los-libros-9788426134073\/#primaryimage","url":"https:\/\/www.editorialjuventud.es\/wp-content\/uploads\/9788426134073.jpg","contentUrl":"https:\/\/www.editorialjuventud.es\/wp-content\/uploads\/9788426134073.jpg","width":354,"height":338,"caption":"9788426134073.jpg"},{"@type":"BreadcrumbList","@id":"https:\/\/www.editorialjuventud.es\/la-nina-que-odiaba-los-libros-9788426134073\/#breadcrumb","itemListElement":[{"@type":"ListItem","position":1,"name":"Portada","item":"https:\/\/www.editorialjuventud.es\/"},{"@type":"ListItem","position":2,"name":"cat\u00e1logo","item":"https:\/\/www.editorialjuventud.es\/coleccion\/catalogo\/"},{"@type":"ListItem","position":3,"name":"castellano","item":"https:\/\/www.editorialjuventud.es\/coleccion\/castellano\/"},{"@type":"ListItem","position":4,"name":"\u00c1lbumes Ilustrados","item":"https:\/\/www.editorialjuventud.es\/coleccion\/albumes-ilustrados\/"},{"@type":"ListItem","position":5,"name":"La ni\u00f1a que odiaba los libros"}]},{"@type":"WebSite","@id":"https:\/\/www.editorialjuventud.es\/#website","url":"https:\/\/www.editorialjuventud.es\/","name":"Editorial Juventud","description":"","potentialAction":[{"@type":"SearchAction","target":{"@type":"EntryPoint","urlTemplate":"https:\/\/www.editorialjuventud.es\/?s={search_term_string}"},"query-input":{"@type":"PropertyValueSpecification","valueRequired":true,"valueName":"search_term_string"}}],"inLanguage":"ca"}]}},"_links":{"self":[{"href":"https:\/\/www.editorialjuventud.es\/ca\/wp-json\/wp\/v2\/product\/5347","targetHints":{"allow":["GET"]}}],"collection":[{"href":"https:\/\/www.editorialjuventud.es\/ca\/wp-json\/wp\/v2\/product"}],"about":[{"href":"https:\/\/www.editorialjuventud.es\/ca\/wp-json\/wp\/v2\/types\/product"}],"wp:featuredmedia":[{"embeddable":true,"href":"https:\/\/www.editorialjuventud.es\/ca\/wp-json\/wp\/v2\/media\/15703"}],"wp:attachment":[{"href":"https:\/\/www.editorialjuventud.es\/ca\/wp-json\/wp\/v2\/media?parent=5347"}],"wp:term":[{"taxonomy":"product_brand","embeddable":true,"href":"https:\/\/www.editorialjuventud.es\/ca\/wp-json\/wp\/v2\/product_brand?post=5347"},{"taxonomy":"product_cat","embeddable":true,"href":"https:\/\/www.editorialjuventud.es\/ca\/wp-json\/wp\/v2\/product_cat?post=5347"},{"taxonomy":"product_tag","embeddable":true,"href":"https:\/\/www.editorialjuventud.es\/ca\/wp-json\/wp\/v2\/product_tag?post=5347"},{"taxonomy":"coleccion","embeddable":true,"href":"https:\/\/www.editorialjuventud.es\/ca\/wp-json\/wp\/v2\/coleccion?post=5347"}],"curies":[{"name":"wp","href":"https:\/\/api.w.org\/{rel}","templated":true}]}}