{"id":5341,"date":"2018-08-24T10:42:31","date_gmt":"2018-08-24T08:42:31","guid":{"rendered":"http:\/\/www.editorialjuventud.es\/david-copperfield\/"},"modified":"2019-10-10T11:31:12","modified_gmt":"2019-10-10T09:31:12","slug":"david-copperfield-9788426134004","status":"publish","type":"product","link":"https:\/\/www.editorialjuventud.es\/ca\/david-copperfield-9788426134004\/","title":{"rendered":"David Copperfield"},"content":{"rendered":"<p>Charles Dickens se nutri\u00f3 de su experiencia infantil como obrero en una f\u00e1brica para escribir uno de los cl\u00e1sicos de la literatura universal: David Copperfield, considerado su obra maestra. La infancia del protagonista, narrada maravillosamente por el novelista ingl\u00e9s, basta para llenar las p\u00e1ginas de mayor contenido humano que posiblemente se hayan escrito nunca. Es un claro ejemplo de la sociedad inglesa victoriana, lleno de realismo, variedad de personajes de distintas procedencias sociales que se entrelazan unos con otros en el caracter\u00edstico discurso narrativo de Dickens que provoca en el lector una profunda mirada introspectiva. Una obra que pone a la vista las mejores virtudes del ser humano, su capacidad y af\u00e1n de superaci\u00f3n, y tambi\u00e9n sus peores acciones frente al individuo y la sociedad. El mejor Dickens y el m\u00e1s autobiogr\u00e1fico. Una mirada cr\u00edtica a la sociedad victoriana e industrial y una aguda percepci\u00f3n de la naturaleza humana. Edici\u00f3n \u00edntegra, revisada y actualizada.<\/p>\n","protected":false},"excerpt":{"rendered":"Charles Dickens se nutri\u00f3 de su experiencia infantil como obrero en una f\u00e1brica para escribir uno de los cl\u00e1sicos de la literatura universal: David Copperfield, considerado su obra maestra. La infancia del protagonista, narrada maravillosamente por el novelista ingl\u00e9s, basta [&hellip;]","protected":false},"featured_media":8887,"template":"","meta":{"_acf_changed":false,"_exactmetrics_skip_tracking":false,"_exactmetrics_sitenote_active":false,"_exactmetrics_sitenote_note":"","_exactmetrics_sitenote_category":0},"product_brand":[],"product_cat":[905,892,1115,1118],"product_tag":[],"coleccion":[916,1007,938,1085],"class_list":{"0":"post-5341","1":"product","2":"type-product","3":"status-publish","4":"has-post-thumbnail","6":"product_cat-adulto","7":"product_cat-edades","8":"product_cat-generos","9":"product_cat-literatura-clasica","10":"coleccion-castellano","11":"coleccion-coleccion-z","12":"coleccion-libros-de-bolsillo","13":"coleccion-novela","15":"first","16":"instock","17":"taxable","18":"shipping-taxable","19":"purchasable","20":"product-type-simple"},"acf":{"autores-libros":[16326],"traductores-libros":[27074]},"yoast_head":"<!-- This site is optimized with the Yoast SEO plugin v27.5 - https:\/\/yoast.com\/product\/yoast-seo-wordpress\/ -->\n<title>David Copperfield - Editorial Juventud<\/title>\n<meta name=\"description\" content=\"Charles Dickens se nutri\u00f3 de su experiencia infantil como obrero en una f\u00e1brica para escribir uno de los cl\u00e1sicos de la literatura universal: David\" \/>\n<meta name=\"robots\" content=\"index, follow, max-snippet:-1, max-image-preview:large, max-video-preview:-1\" \/>\n<link rel=\"canonical\" href=\"https:\/\/www.editorialjuventud.es\/david-copperfield-9788426134004\/\" \/>\n<meta property=\"og:locale\" content=\"ca_ES\" \/>\n<meta property=\"og:type\" content=\"article\" \/>\n<meta property=\"og:title\" content=\"David Copperfield - Editorial Juventud\" \/>\n<meta property=\"og:description\" content=\"Charles Dickens se nutri\u00f3 de su experiencia infantil como obrero en una f\u00e1brica para escribir uno de los cl\u00e1sicos de la literatura universal: David\" \/>\n<meta property=\"og:url\" content=\"https:\/\/www.editorialjuventud.es\/david-copperfield-9788426134004\/\" \/>\n<meta property=\"og:site_name\" content=\"Editorial Juventud\" \/>\n<meta property=\"article:modified_time\" content=\"2019-10-10T09:31:12+00:00\" \/>\n<meta property=\"og:image\" content=\"https:\/\/www.editorialjuventud.es\/wp-content\/uploads\/3400.jpg\" \/>\n\t<meta property=\"og:image:width\" content=\"296\" \/>\n\t<meta property=\"og:image:height\" content=\"450\" \/>\n\t<meta property=\"og:image:type\" content=\"image\/jpeg\" \/>\n<meta name=\"twitter:card\" content=\"summary_large_image\" \/>\n<meta name=\"twitter:label1\" content=\"Temps estimat de lectura\" \/>\n\t<meta name=\"twitter:data1\" content=\"1 minut\" \/>\n<script type=\"application\/ld+json\" class=\"yoast-schema-graph\">{\"@context\":\"https:\\\/\\\/schema.org\",\"@graph\":[{\"@type\":\"WebPage\",\"@id\":\"https:\\\/\\\/www.editorialjuventud.es\\\/david-copperfield-9788426134004\\\/\",\"url\":\"https:\\\/\\\/www.editorialjuventud.es\\\/david-copperfield-9788426134004\\\/\",\"name\":\"David Copperfield - Editorial Juventud\",\"isPartOf\":{\"@id\":\"https:\\\/\\\/www.editorialjuventud.es\\\/#website\"},\"primaryImageOfPage\":{\"@id\":\"https:\\\/\\\/www.editorialjuventud.es\\\/david-copperfield-9788426134004\\\/#primaryimage\"},\"image\":{\"@id\":\"https:\\\/\\\/www.editorialjuventud.es\\\/david-copperfield-9788426134004\\\/#primaryimage\"},\"thumbnailUrl\":\"https:\\\/\\\/www.editorialjuventud.es\\\/wp-content\\\/uploads\\\/3400.jpg\",\"datePublished\":\"2018-08-24T08:42:31+00:00\",\"dateModified\":\"2019-10-10T09:31:12+00:00\",\"description\":\"Charles Dickens se nutri\u00f3 de su experiencia infantil como obrero en una f\u00e1brica para escribir uno de los cl\u00e1sicos de la literatura universal: David\",\"breadcrumb\":{\"@id\":\"https:\\\/\\\/www.editorialjuventud.es\\\/david-copperfield-9788426134004\\\/#breadcrumb\"},\"inLanguage\":\"ca\",\"potentialAction\":[{\"@type\":\"ReadAction\",\"target\":[\"https:\\\/\\\/www.editorialjuventud.es\\\/david-copperfield-9788426134004\\\/\"]}]},{\"@type\":\"ImageObject\",\"inLanguage\":\"ca\",\"@id\":\"https:\\\/\\\/www.editorialjuventud.es\\\/david-copperfield-9788426134004\\\/#primaryimage\",\"url\":\"https:\\\/\\\/www.editorialjuventud.es\\\/wp-content\\\/uploads\\\/3400.jpg\",\"contentUrl\":\"https:\\\/\\\/www.editorialjuventud.es\\\/wp-content\\\/uploads\\\/3400.jpg\",\"width\":296,\"height\":450,\"caption\":\"3400.jpg\"},{\"@type\":\"BreadcrumbList\",\"@id\":\"https:\\\/\\\/www.editorialjuventud.es\\\/david-copperfield-9788426134004\\\/#breadcrumb\",\"itemListElement\":[{\"@type\":\"ListItem\",\"position\":1,\"name\":\"Portada\",\"item\":\"https:\\\/\\\/www.editorialjuventud.es\\\/\"},{\"@type\":\"ListItem\",\"position\":2,\"name\":\"cat\u00e1logo\",\"item\":\"https:\\\/\\\/www.editorialjuventud.es\\\/coleccion\\\/catalogo\\\/\"},{\"@type\":\"ListItem\",\"position\":3,\"name\":\"castellano\",\"item\":\"https:\\\/\\\/www.editorialjuventud.es\\\/coleccion\\\/castellano\\\/\"},{\"@type\":\"ListItem\",\"position\":4,\"name\":\"Libros de Bolsillo\",\"item\":\"https:\\\/\\\/www.editorialjuventud.es\\\/coleccion\\\/libros-de-bolsillo\\\/\"},{\"@type\":\"ListItem\",\"position\":5,\"name\":\"Colecci\u00f3n Z\",\"item\":\"https:\\\/\\\/www.editorialjuventud.es\\\/coleccion\\\/coleccion-z\\\/\"},{\"@type\":\"ListItem\",\"position\":6,\"name\":\"Novela\",\"item\":\"https:\\\/\\\/www.editorialjuventud.es\\\/coleccion\\\/novela\\\/\"},{\"@type\":\"ListItem\",\"position\":7,\"name\":\"David Copperfield\"}]},{\"@type\":\"WebSite\",\"@id\":\"https:\\\/\\\/www.editorialjuventud.es\\\/#website\",\"url\":\"https:\\\/\\\/www.editorialjuventud.es\\\/\",\"name\":\"Editorial Juventud\",\"description\":\"\",\"potentialAction\":[{\"@type\":\"SearchAction\",\"target\":{\"@type\":\"EntryPoint\",\"urlTemplate\":\"https:\\\/\\\/www.editorialjuventud.es\\\/?s={search_term_string}\"},\"query-input\":{\"@type\":\"PropertyValueSpecification\",\"valueRequired\":true,\"valueName\":\"search_term_string\"}}],\"inLanguage\":\"ca\"}]}<\/script>\n<!-- \/ Yoast SEO plugin. -->","yoast_head_json":{"title":"David Copperfield - Editorial Juventud","description":"Charles Dickens se nutri\u00f3 de su experiencia infantil como obrero en una f\u00e1brica para escribir uno de los cl\u00e1sicos de la literatura universal: David","robots":{"index":"index","follow":"follow","max-snippet":"max-snippet:-1","max-image-preview":"max-image-preview:large","max-video-preview":"max-video-preview:-1"},"canonical":"https:\/\/www.editorialjuventud.es\/david-copperfield-9788426134004\/","og_locale":"ca_ES","og_type":"article","og_title":"David Copperfield - Editorial Juventud","og_description":"Charles Dickens se nutri\u00f3 de su experiencia infantil como obrero en una f\u00e1brica para escribir uno de los cl\u00e1sicos de la literatura universal: David","og_url":"https:\/\/www.editorialjuventud.es\/david-copperfield-9788426134004\/","og_site_name":"Editorial Juventud","article_modified_time":"2019-10-10T09:31:12+00:00","og_image":[{"width":296,"height":450,"url":"https:\/\/www.editorialjuventud.es\/wp-content\/uploads\/3400.jpg","type":"image\/jpeg"}],"twitter_card":"summary_large_image","twitter_misc":{"Temps estimat de lectura":"1 minut"},"schema":{"@context":"https:\/\/schema.org","@graph":[{"@type":"WebPage","@id":"https:\/\/www.editorialjuventud.es\/david-copperfield-9788426134004\/","url":"https:\/\/www.editorialjuventud.es\/david-copperfield-9788426134004\/","name":"David Copperfield - Editorial Juventud","isPartOf":{"@id":"https:\/\/www.editorialjuventud.es\/#website"},"primaryImageOfPage":{"@id":"https:\/\/www.editorialjuventud.es\/david-copperfield-9788426134004\/#primaryimage"},"image":{"@id":"https:\/\/www.editorialjuventud.es\/david-copperfield-9788426134004\/#primaryimage"},"thumbnailUrl":"https:\/\/www.editorialjuventud.es\/wp-content\/uploads\/3400.jpg","datePublished":"2018-08-24T08:42:31+00:00","dateModified":"2019-10-10T09:31:12+00:00","description":"Charles Dickens se nutri\u00f3 de su experiencia infantil como obrero en una f\u00e1brica para escribir uno de los cl\u00e1sicos de la literatura universal: David","breadcrumb":{"@id":"https:\/\/www.editorialjuventud.es\/david-copperfield-9788426134004\/#breadcrumb"},"inLanguage":"ca","potentialAction":[{"@type":"ReadAction","target":["https:\/\/www.editorialjuventud.es\/david-copperfield-9788426134004\/"]}]},{"@type":"ImageObject","inLanguage":"ca","@id":"https:\/\/www.editorialjuventud.es\/david-copperfield-9788426134004\/#primaryimage","url":"https:\/\/www.editorialjuventud.es\/wp-content\/uploads\/3400.jpg","contentUrl":"https:\/\/www.editorialjuventud.es\/wp-content\/uploads\/3400.jpg","width":296,"height":450,"caption":"3400.jpg"},{"@type":"BreadcrumbList","@id":"https:\/\/www.editorialjuventud.es\/david-copperfield-9788426134004\/#breadcrumb","itemListElement":[{"@type":"ListItem","position":1,"name":"Portada","item":"https:\/\/www.editorialjuventud.es\/"},{"@type":"ListItem","position":2,"name":"cat\u00e1logo","item":"https:\/\/www.editorialjuventud.es\/coleccion\/catalogo\/"},{"@type":"ListItem","position":3,"name":"castellano","item":"https:\/\/www.editorialjuventud.es\/coleccion\/castellano\/"},{"@type":"ListItem","position":4,"name":"Libros de Bolsillo","item":"https:\/\/www.editorialjuventud.es\/coleccion\/libros-de-bolsillo\/"},{"@type":"ListItem","position":5,"name":"Colecci\u00f3n Z","item":"https:\/\/www.editorialjuventud.es\/coleccion\/coleccion-z\/"},{"@type":"ListItem","position":6,"name":"Novela","item":"https:\/\/www.editorialjuventud.es\/coleccion\/novela\/"},{"@type":"ListItem","position":7,"name":"David Copperfield"}]},{"@type":"WebSite","@id":"https:\/\/www.editorialjuventud.es\/#website","url":"https:\/\/www.editorialjuventud.es\/","name":"Editorial Juventud","description":"","potentialAction":[{"@type":"SearchAction","target":{"@type":"EntryPoint","urlTemplate":"https:\/\/www.editorialjuventud.es\/?s={search_term_string}"},"query-input":{"@type":"PropertyValueSpecification","valueRequired":true,"valueName":"search_term_string"}}],"inLanguage":"ca"}]}},"_links":{"self":[{"href":"https:\/\/www.editorialjuventud.es\/ca\/wp-json\/wp\/v2\/product\/5341","targetHints":{"allow":["GET"]}}],"collection":[{"href":"https:\/\/www.editorialjuventud.es\/ca\/wp-json\/wp\/v2\/product"}],"about":[{"href":"https:\/\/www.editorialjuventud.es\/ca\/wp-json\/wp\/v2\/types\/product"}],"wp:featuredmedia":[{"embeddable":true,"href":"https:\/\/www.editorialjuventud.es\/ca\/wp-json\/wp\/v2\/media\/8887"}],"wp:attachment":[{"href":"https:\/\/www.editorialjuventud.es\/ca\/wp-json\/wp\/v2\/media?parent=5341"}],"wp:term":[{"taxonomy":"product_brand","embeddable":true,"href":"https:\/\/www.editorialjuventud.es\/ca\/wp-json\/wp\/v2\/product_brand?post=5341"},{"taxonomy":"product_cat","embeddable":true,"href":"https:\/\/www.editorialjuventud.es\/ca\/wp-json\/wp\/v2\/product_cat?post=5341"},{"taxonomy":"product_tag","embeddable":true,"href":"https:\/\/www.editorialjuventud.es\/ca\/wp-json\/wp\/v2\/product_tag?post=5341"},{"taxonomy":"coleccion","embeddable":true,"href":"https:\/\/www.editorialjuventud.es\/ca\/wp-json\/wp\/v2\/coleccion?post=5341"}],"curies":[{"name":"wp","href":"https:\/\/api.w.org\/{rel}","templated":true}]}}