{"id":5339,"date":"2018-08-24T10:42:21","date_gmt":"2018-08-24T08:42:21","guid":{"rendered":"http:\/\/www.editorialjuventud.es\/el-viento-en-los-sauces\/"},"modified":"2020-02-03T12:03:21","modified_gmt":"2020-02-03T11:03:21","slug":"el-viento-en-los-sauces-9788426133991","status":"publish","type":"product","link":"https:\/\/www.editorialjuventud.es\/ca\/el-viento-en-los-sauces-9788426133991\/","title":{"rendered":"El viento en los sauces"},"content":{"rendered":"<p>El d\u00eda que el hijo de Kenneth Grahame, Alastair, cumpl\u00eda cuatro a\u00f1os, lloraba desconsoladamente. Su padre prometi\u00f3 contarle todos los cuentos que quisiera. El hijo escogi\u00f3 a los protagonistas y el padre acept\u00f3 el desaf\u00edo. Y estuvo cont\u00e1ndole aventuras hasta las doce de la noche. Sigui\u00f3 con estas aventuras muchas noches de los tres siguientes a\u00f1os. El resultado fue la aparici\u00f3n en 1908, de El viento en los sauces. En la orilla del r\u00edo, Topo, Rata, Tej\u00f3n y Sapo son buenos amigos y viven apaciblemente, pero entre ellos discrepan sobre la necesidad de abandonar la tranquilidad de su hogar y vivir aventuras. La orilla del r\u00edo, s\u00edmbolo de lo conocido y seguro, y el ancho mundo que representa lo desconocido y peligroso, pero tambi\u00e9n la libertad, constituyen el escenario de este relato sobre el encanto de la vida sencilla y la amistad, todo ello ba\u00f1ado con humor y poes\u00eda. El humor, muy sutil, abunda en los di\u00e1logos y en las peripecias de los personajes; la poes\u00eda impregna todo el relato pero muy especialmente las descripciones de la naturaleza, cuyo realismo el autor equilibra con bellas im\u00e1genes y met\u00e1foras.<\/p>\n","protected":false},"excerpt":{"rendered":"El d\u00eda que el hijo de Kenneth Grahame, Alastair, cumpl\u00eda cuatro a\u00f1os, lloraba desconsoladamente. Su padre prometi\u00f3 contarle todos los cuentos que quisiera. El hijo escogi\u00f3 a los protagonistas y el padre acept\u00f3 el desaf\u00edo. Y estuvo cont\u00e1ndole aventuras hasta [&hellip;]","protected":false},"featured_media":8877,"template":"","meta":{"_acf_changed":false,"_exactmetrics_skip_tracking":false,"_exactmetrics_sitenote_active":false,"_exactmetrics_sitenote_note":"","_exactmetrics_sitenote_category":0},"product_brand":[],"product_cat":[894,1142,892,1174,1115,1119,1201,1128],"product_tag":[],"coleccion":[916,1025,1086],"class_list":{"0":"post-5339","1":"product","2":"type-product","3":"status-publish","4":"has-post-thumbnail","6":"product_cat-a-partir-de-10-anos","7":"product_cat-aventura","8":"product_cat-edades","9":"product_cat-estaciones","10":"product_cat-generos","11":"product_cat-narrativa-juvenil","12":"product_cat-naturaleza-biodiversidad","13":"product_cat-tematica","14":"coleccion-castellano","15":"coleccion-coleccion-juventud","16":"coleccion-narrativa-juvenil-castellano","18":"first","19":"instock","20":"taxable","21":"shipping-taxable","22":"purchasable","23":"product-type-simple"},"acf":{"autor":"GRAHAME","codart":"3399-1","ediciones":"0","encuadernacion":"FlexiBook","fecha_de_publicacion":"01\/01\/2010","novedad":"0","paginas":"242","subtitulo":"","texto_web_adicional":"","texto_web_novedad":"","orden":"999","portada":"0","texto_web_resaltado":"","indice":"","autores-libros":[16376],"ilustradores-libros":[18104],"traductores-libros":"","fecha_de_reimpresion":"","descripcion_corta":"","recomendamos":"","mas_vendido":"","idioma-libro":"","color":false,"formato":"","mas_informacion_del_producto":false,"premios":false,"deshabilitar_compra":["deshabilitar"],"texto_enlace_cubierta":"","enlace_cubierta":false,"texto_enlace_ficha_tecnica":"","enlace_ficha_tecnica":false,"ficheros":false,"titulo-fr":"","texto-fr":""},"yoast_head":"<!-- This site is optimized with the Yoast SEO plugin v27.5 - https:\/\/yoast.com\/product\/yoast-seo-wordpress\/ -->\n<title>El viento en los sauces - Editorial Juventud<\/title>\n<meta name=\"description\" content=\"El d\u00eda que el hijo de Kenneth Grahame, Alastair, cumpl\u00eda cuatro a\u00f1os, lloraba desconsoladamente. Su padre prometi\u00f3 contarle todos los cuentos que\" \/>\n<meta name=\"robots\" content=\"index, follow, max-snippet:-1, max-image-preview:large, max-video-preview:-1\" \/>\n<link rel=\"canonical\" href=\"https:\/\/www.editorialjuventud.es\/el-viento-en-los-sauces-9788426133991\/\" \/>\n<meta property=\"og:locale\" content=\"ca_ES\" \/>\n<meta property=\"og:type\" content=\"article\" \/>\n<meta property=\"og:title\" content=\"El viento en los sauces - Editorial Juventud\" \/>\n<meta property=\"og:description\" content=\"El d\u00eda que el hijo de Kenneth Grahame, Alastair, cumpl\u00eda cuatro a\u00f1os, lloraba desconsoladamente. Su padre prometi\u00f3 contarle todos los cuentos que\" \/>\n<meta property=\"og:url\" content=\"https:\/\/www.editorialjuventud.es\/el-viento-en-los-sauces-9788426133991\/\" \/>\n<meta property=\"og:site_name\" content=\"Editorial Juventud\" \/>\n<meta property=\"article:modified_time\" content=\"2020-02-03T11:03:21+00:00\" \/>\n<meta property=\"og:image\" content=\"https:\/\/www.editorialjuventud.es\/wp-content\/uploads\/3399.jpg\" \/>\n\t<meta property=\"og:image:width\" content=\"278\" \/>\n\t<meta property=\"og:image:height\" content=\"450\" \/>\n\t<meta property=\"og:image:type\" content=\"image\/jpeg\" \/>\n<meta name=\"twitter:card\" content=\"summary_large_image\" \/>\n<meta name=\"twitter:label1\" content=\"Temps estimat de lectura\" \/>\n\t<meta name=\"twitter:data1\" content=\"1 minut\" \/>\n<script type=\"application\/ld+json\" class=\"yoast-schema-graph\">{\"@context\":\"https:\\\/\\\/schema.org\",\"@graph\":[{\"@type\":\"WebPage\",\"@id\":\"https:\\\/\\\/www.editorialjuventud.es\\\/el-viento-en-los-sauces-9788426133991\\\/\",\"url\":\"https:\\\/\\\/www.editorialjuventud.es\\\/el-viento-en-los-sauces-9788426133991\\\/\",\"name\":\"El viento en los sauces - Editorial Juventud\",\"isPartOf\":{\"@id\":\"https:\\\/\\\/www.editorialjuventud.es\\\/#website\"},\"primaryImageOfPage\":{\"@id\":\"https:\\\/\\\/www.editorialjuventud.es\\\/el-viento-en-los-sauces-9788426133991\\\/#primaryimage\"},\"image\":{\"@id\":\"https:\\\/\\\/www.editorialjuventud.es\\\/el-viento-en-los-sauces-9788426133991\\\/#primaryimage\"},\"thumbnailUrl\":\"https:\\\/\\\/www.editorialjuventud.es\\\/wp-content\\\/uploads\\\/3399.jpg\",\"datePublished\":\"2018-08-24T08:42:21+00:00\",\"dateModified\":\"2020-02-03T11:03:21+00:00\",\"description\":\"El d\u00eda que el hijo de Kenneth Grahame, Alastair, cumpl\u00eda cuatro a\u00f1os, lloraba desconsoladamente. Su padre prometi\u00f3 contarle todos los cuentos que\",\"breadcrumb\":{\"@id\":\"https:\\\/\\\/www.editorialjuventud.es\\\/el-viento-en-los-sauces-9788426133991\\\/#breadcrumb\"},\"inLanguage\":\"ca\",\"potentialAction\":[{\"@type\":\"ReadAction\",\"target\":[\"https:\\\/\\\/www.editorialjuventud.es\\\/el-viento-en-los-sauces-9788426133991\\\/\"]}]},{\"@type\":\"ImageObject\",\"inLanguage\":\"ca\",\"@id\":\"https:\\\/\\\/www.editorialjuventud.es\\\/el-viento-en-los-sauces-9788426133991\\\/#primaryimage\",\"url\":\"https:\\\/\\\/www.editorialjuventud.es\\\/wp-content\\\/uploads\\\/3399.jpg\",\"contentUrl\":\"https:\\\/\\\/www.editorialjuventud.es\\\/wp-content\\\/uploads\\\/3399.jpg\",\"width\":278,\"height\":450,\"caption\":\"3399.jpg\"},{\"@type\":\"BreadcrumbList\",\"@id\":\"https:\\\/\\\/www.editorialjuventud.es\\\/el-viento-en-los-sauces-9788426133991\\\/#breadcrumb\",\"itemListElement\":[{\"@type\":\"ListItem\",\"position\":1,\"name\":\"Portada\",\"item\":\"https:\\\/\\\/www.editorialjuventud.es\\\/\"},{\"@type\":\"ListItem\",\"position\":2,\"name\":\"cat\u00e1logo\",\"item\":\"https:\\\/\\\/www.editorialjuventud.es\\\/coleccion\\\/catalogo\\\/\"},{\"@type\":\"ListItem\",\"position\":3,\"name\":\"castellano\",\"item\":\"https:\\\/\\\/www.editorialjuventud.es\\\/coleccion\\\/castellano\\\/\"},{\"@type\":\"ListItem\",\"position\":4,\"name\":\"Narrativa Juvenil\",\"item\":\"https:\\\/\\\/www.editorialjuventud.es\\\/coleccion\\\/narrativa-juvenil-castellano\\\/\"},{\"@type\":\"ListItem\",\"position\":5,\"name\":\"Colecci\u00f3n Juventud\",\"item\":\"https:\\\/\\\/www.editorialjuventud.es\\\/coleccion\\\/coleccion-juventud\\\/\"},{\"@type\":\"ListItem\",\"position\":6,\"name\":\"El viento en los sauces\"}]},{\"@type\":\"WebSite\",\"@id\":\"https:\\\/\\\/www.editorialjuventud.es\\\/#website\",\"url\":\"https:\\\/\\\/www.editorialjuventud.es\\\/\",\"name\":\"Editorial Juventud\",\"description\":\"\",\"potentialAction\":[{\"@type\":\"SearchAction\",\"target\":{\"@type\":\"EntryPoint\",\"urlTemplate\":\"https:\\\/\\\/www.editorialjuventud.es\\\/?s={search_term_string}\"},\"query-input\":{\"@type\":\"PropertyValueSpecification\",\"valueRequired\":true,\"valueName\":\"search_term_string\"}}],\"inLanguage\":\"ca\"}]}<\/script>\n<!-- \/ Yoast SEO plugin. -->","yoast_head_json":{"title":"El viento en los sauces - Editorial Juventud","description":"El d\u00eda que el hijo de Kenneth Grahame, Alastair, cumpl\u00eda cuatro a\u00f1os, lloraba desconsoladamente. Su padre prometi\u00f3 contarle todos los cuentos que","robots":{"index":"index","follow":"follow","max-snippet":"max-snippet:-1","max-image-preview":"max-image-preview:large","max-video-preview":"max-video-preview:-1"},"canonical":"https:\/\/www.editorialjuventud.es\/el-viento-en-los-sauces-9788426133991\/","og_locale":"ca_ES","og_type":"article","og_title":"El viento en los sauces - Editorial Juventud","og_description":"El d\u00eda que el hijo de Kenneth Grahame, Alastair, cumpl\u00eda cuatro a\u00f1os, lloraba desconsoladamente. Su padre prometi\u00f3 contarle todos los cuentos que","og_url":"https:\/\/www.editorialjuventud.es\/el-viento-en-los-sauces-9788426133991\/","og_site_name":"Editorial Juventud","article_modified_time":"2020-02-03T11:03:21+00:00","og_image":[{"width":278,"height":450,"url":"https:\/\/www.editorialjuventud.es\/wp-content\/uploads\/3399.jpg","type":"image\/jpeg"}],"twitter_card":"summary_large_image","twitter_misc":{"Temps estimat de lectura":"1 minut"},"schema":{"@context":"https:\/\/schema.org","@graph":[{"@type":"WebPage","@id":"https:\/\/www.editorialjuventud.es\/el-viento-en-los-sauces-9788426133991\/","url":"https:\/\/www.editorialjuventud.es\/el-viento-en-los-sauces-9788426133991\/","name":"El viento en los sauces - Editorial Juventud","isPartOf":{"@id":"https:\/\/www.editorialjuventud.es\/#website"},"primaryImageOfPage":{"@id":"https:\/\/www.editorialjuventud.es\/el-viento-en-los-sauces-9788426133991\/#primaryimage"},"image":{"@id":"https:\/\/www.editorialjuventud.es\/el-viento-en-los-sauces-9788426133991\/#primaryimage"},"thumbnailUrl":"https:\/\/www.editorialjuventud.es\/wp-content\/uploads\/3399.jpg","datePublished":"2018-08-24T08:42:21+00:00","dateModified":"2020-02-03T11:03:21+00:00","description":"El d\u00eda que el hijo de Kenneth Grahame, Alastair, cumpl\u00eda cuatro a\u00f1os, lloraba desconsoladamente. Su padre prometi\u00f3 contarle todos los cuentos que","breadcrumb":{"@id":"https:\/\/www.editorialjuventud.es\/el-viento-en-los-sauces-9788426133991\/#breadcrumb"},"inLanguage":"ca","potentialAction":[{"@type":"ReadAction","target":["https:\/\/www.editorialjuventud.es\/el-viento-en-los-sauces-9788426133991\/"]}]},{"@type":"ImageObject","inLanguage":"ca","@id":"https:\/\/www.editorialjuventud.es\/el-viento-en-los-sauces-9788426133991\/#primaryimage","url":"https:\/\/www.editorialjuventud.es\/wp-content\/uploads\/3399.jpg","contentUrl":"https:\/\/www.editorialjuventud.es\/wp-content\/uploads\/3399.jpg","width":278,"height":450,"caption":"3399.jpg"},{"@type":"BreadcrumbList","@id":"https:\/\/www.editorialjuventud.es\/el-viento-en-los-sauces-9788426133991\/#breadcrumb","itemListElement":[{"@type":"ListItem","position":1,"name":"Portada","item":"https:\/\/www.editorialjuventud.es\/"},{"@type":"ListItem","position":2,"name":"cat\u00e1logo","item":"https:\/\/www.editorialjuventud.es\/coleccion\/catalogo\/"},{"@type":"ListItem","position":3,"name":"castellano","item":"https:\/\/www.editorialjuventud.es\/coleccion\/castellano\/"},{"@type":"ListItem","position":4,"name":"Narrativa Juvenil","item":"https:\/\/www.editorialjuventud.es\/coleccion\/narrativa-juvenil-castellano\/"},{"@type":"ListItem","position":5,"name":"Colecci\u00f3n Juventud","item":"https:\/\/www.editorialjuventud.es\/coleccion\/coleccion-juventud\/"},{"@type":"ListItem","position":6,"name":"El viento en los sauces"}]},{"@type":"WebSite","@id":"https:\/\/www.editorialjuventud.es\/#website","url":"https:\/\/www.editorialjuventud.es\/","name":"Editorial Juventud","description":"","potentialAction":[{"@type":"SearchAction","target":{"@type":"EntryPoint","urlTemplate":"https:\/\/www.editorialjuventud.es\/?s={search_term_string}"},"query-input":{"@type":"PropertyValueSpecification","valueRequired":true,"valueName":"search_term_string"}}],"inLanguage":"ca"}]}},"_links":{"self":[{"href":"https:\/\/www.editorialjuventud.es\/ca\/wp-json\/wp\/v2\/product\/5339","targetHints":{"allow":["GET"]}}],"collection":[{"href":"https:\/\/www.editorialjuventud.es\/ca\/wp-json\/wp\/v2\/product"}],"about":[{"href":"https:\/\/www.editorialjuventud.es\/ca\/wp-json\/wp\/v2\/types\/product"}],"wp:featuredmedia":[{"embeddable":true,"href":"https:\/\/www.editorialjuventud.es\/ca\/wp-json\/wp\/v2\/media\/8877"}],"wp:attachment":[{"href":"https:\/\/www.editorialjuventud.es\/ca\/wp-json\/wp\/v2\/media?parent=5339"}],"wp:term":[{"taxonomy":"product_brand","embeddable":true,"href":"https:\/\/www.editorialjuventud.es\/ca\/wp-json\/wp\/v2\/product_brand?post=5339"},{"taxonomy":"product_cat","embeddable":true,"href":"https:\/\/www.editorialjuventud.es\/ca\/wp-json\/wp\/v2\/product_cat?post=5339"},{"taxonomy":"product_tag","embeddable":true,"href":"https:\/\/www.editorialjuventud.es\/ca\/wp-json\/wp\/v2\/product_tag?post=5339"},{"taxonomy":"coleccion","embeddable":true,"href":"https:\/\/www.editorialjuventud.es\/ca\/wp-json\/wp\/v2\/coleccion?post=5339"}],"curies":[{"name":"wp","href":"https:\/\/api.w.org\/{rel}","templated":true}]}}