{"id":5329,"date":"2018-08-24T10:41:26","date_gmt":"2018-08-24T08:41:26","guid":{"rendered":"http:\/\/www.editorialjuventud.es\/peter-pan-y-wendy\/"},"modified":"2021-09-02T13:12:51","modified_gmt":"2021-09-02T11:12:51","slug":"peter-pan-y-wendy-9788426133892","status":"publish","type":"product","link":"https:\/\/www.editorialjuventud.es\/ca\/peter-pan-y-wendy-9788426133892\/","title":{"rendered":"Peter Pan y Wendy"},"content":{"rendered":"<p>\u00abTodas las primaveras, excepto cuando se le olvida, viene Peter Pan a buscar a Wendy para llev\u00e1rsela al Pa\u00eds del Nunca Jam\u00e1s, donde ella le cuenta mil cuentos de los que \u00e9l mismo es el h\u00e9roe, y que Peter escucha con ansiedad. Cuando Wendy crezca, tendr\u00e1 una ni\u00f1a que, a su vez, ser\u00e1 la madrecita de Peter Pan; y as\u00ed suceder\u00e1 siempre, siempre, mientras los ni\u00f1os sean alegres, inocentes&#8230;y un poquito ego\u00edstas\u00bb. As\u00ed termina la fascinante aventura de Peter Pan, el ni\u00f1o que no quer\u00eda crecer, y la de Wendy, la ni\u00f1a que despu\u00e9s creci\u00f3; de c\u00f3mo viajaron con la celosa hada Campanilla al para\u00edso de la fantas\u00eda; de c\u00f3mo conocieron a los ni\u00f1os perdidos a quienes Wendy contaba historias todas las noches, y de c\u00f3mo se enfrentaron a los terribles piratas y al rencoroso capit\u00e1n Garfio.<br \/>\nPeter Pan y Wendy es una novela fant\u00e1stica que ha cautivado a ni\u00f1os y adultos, generaci\u00f3n tras generaci\u00f3n, quiz\u00e1 porque Peter Pan es el s\u00edmbolo de la eterna infancia y el h\u00e9roe que todos los ni\u00f1os y adultos quisieran ser.<\/p>\n","protected":false},"excerpt":{"rendered":"\u00abTodas las primaveras, excepto cuando se le olvida, viene Peter Pan a buscar a Wendy para llev\u00e1rsela al Pa\u00eds del Nunca Jam\u00e1s, donde ella le cuenta mil cuentos de los que \u00e9l mismo es el h\u00e9roe, y que Peter escucha [&hellip;]","protected":false},"featured_media":15685,"template":"","meta":{"_acf_changed":false,"_exactmetrics_skip_tracking":false,"_exactmetrics_sitenote_active":false,"_exactmetrics_sitenote_note":"","_exactmetrics_sitenote_category":0},"product_brand":[],"product_cat":[894,1142,892,1115,1119,1128],"product_tag":[],"coleccion":[916,1025,1086],"class_list":{"0":"post-5329","1":"product","2":"type-product","3":"status-publish","4":"has-post-thumbnail","6":"product_cat-a-partir-de-10-anos","7":"product_cat-aventura","8":"product_cat-edades","9":"product_cat-generos","10":"product_cat-narrativa-juvenil","11":"product_cat-tematica","12":"coleccion-castellano","13":"coleccion-coleccion-juventud","14":"coleccion-narrativa-juvenil-castellano","16":"first","17":"instock","18":"taxable","19":"shipping-taxable","20":"purchasable","21":"product-type-simple"},"acf":{"autor":"BARRIE","codart":"3389-4","ediciones":"0","encuadernacion":"FlexiBook","fecha_de_publicacion":"01\/01\/2010","novedad":"0","paginas":"236","subtitulo":"","texto_web_adicional":"","texto_web_novedad":"","orden":"999","portada":"0","texto_web_resaltado":"","indice":"","autores-libros":[16211],"ilustradores-libros":[17371],"traductores-libros":[16513],"fecha_de_reimpresion":"","descripcion_corta":"","recomendamos":"","mas_vendido":"","idioma-libro":"","color":false,"formato":"","mas_informacion_del_producto":false,"premios":false,"deshabilitar_compra":["deshabilitar"],"texto_enlace_cubierta":"","enlace_cubierta":false,"texto_enlace_ficha_tecnica":"","enlace_ficha_tecnica":false,"ficheros":false,"titulo-fr":"","texto-fr":""},"yoast_head":"<!-- This site is optimized with the Yoast SEO plugin v27.5 - https:\/\/yoast.com\/product\/yoast-seo-wordpress\/ -->\n<title>Peter Pan y Wendy - Editorial Juventud<\/title>\n<meta name=\"description\" content=\"\u00abTodas las primaveras, excepto cuando se le olvida, viene Peter Pan a buscar a Wendy para llev\u00e1rsela al Pa\u00eds del Nunca Jam\u00e1s, donde ella le cuenta mil\" \/>\n<meta name=\"robots\" content=\"index, follow, max-snippet:-1, max-image-preview:large, max-video-preview:-1\" \/>\n<link rel=\"canonical\" href=\"https:\/\/www.editorialjuventud.es\/peter-pan-y-wendy-9788426133892\/\" \/>\n<meta property=\"og:locale\" content=\"ca_ES\" \/>\n<meta property=\"og:type\" content=\"article\" \/>\n<meta property=\"og:title\" content=\"Peter Pan y Wendy - Editorial Juventud\" \/>\n<meta property=\"og:description\" content=\"\u00abTodas las primaveras, excepto cuando se le olvida, viene Peter Pan a buscar a Wendy para llev\u00e1rsela al Pa\u00eds del Nunca Jam\u00e1s, donde ella le cuenta mil\" \/>\n<meta property=\"og:url\" content=\"https:\/\/www.editorialjuventud.es\/peter-pan-y-wendy-9788426133892\/\" \/>\n<meta property=\"og:site_name\" content=\"Editorial Juventud\" \/>\n<meta property=\"article:modified_time\" content=\"2021-09-02T11:12:51+00:00\" \/>\n<meta property=\"og:image\" content=\"https:\/\/www.editorialjuventud.es\/wp-content\/uploads\/9788426133892.jpg\" \/>\n\t<meta property=\"og:image:width\" content=\"241\" \/>\n\t<meta property=\"og:image:height\" content=\"400\" \/>\n\t<meta property=\"og:image:type\" content=\"image\/jpeg\" \/>\n<meta name=\"twitter:card\" content=\"summary_large_image\" \/>\n<meta name=\"twitter:label1\" content=\"Temps estimat de lectura\" \/>\n\t<meta name=\"twitter:data1\" content=\"1 minut\" \/>\n<script type=\"application\/ld+json\" class=\"yoast-schema-graph\">{\"@context\":\"https:\\\/\\\/schema.org\",\"@graph\":[{\"@type\":\"WebPage\",\"@id\":\"https:\\\/\\\/www.editorialjuventud.es\\\/peter-pan-y-wendy-9788426133892\\\/\",\"url\":\"https:\\\/\\\/www.editorialjuventud.es\\\/peter-pan-y-wendy-9788426133892\\\/\",\"name\":\"Peter Pan y Wendy - Editorial Juventud\",\"isPartOf\":{\"@id\":\"https:\\\/\\\/www.editorialjuventud.es\\\/#website\"},\"primaryImageOfPage\":{\"@id\":\"https:\\\/\\\/www.editorialjuventud.es\\\/peter-pan-y-wendy-9788426133892\\\/#primaryimage\"},\"image\":{\"@id\":\"https:\\\/\\\/www.editorialjuventud.es\\\/peter-pan-y-wendy-9788426133892\\\/#primaryimage\"},\"thumbnailUrl\":\"https:\\\/\\\/www.editorialjuventud.es\\\/wp-content\\\/uploads\\\/9788426133892.jpg\",\"datePublished\":\"2018-08-24T08:41:26+00:00\",\"dateModified\":\"2021-09-02T11:12:51+00:00\",\"description\":\"\u00abTodas las primaveras, excepto cuando se le olvida, viene Peter Pan a buscar a Wendy para llev\u00e1rsela al Pa\u00eds del Nunca Jam\u00e1s, donde ella le cuenta mil\",\"breadcrumb\":{\"@id\":\"https:\\\/\\\/www.editorialjuventud.es\\\/peter-pan-y-wendy-9788426133892\\\/#breadcrumb\"},\"inLanguage\":\"ca\",\"potentialAction\":[{\"@type\":\"ReadAction\",\"target\":[\"https:\\\/\\\/www.editorialjuventud.es\\\/peter-pan-y-wendy-9788426133892\\\/\"]}]},{\"@type\":\"ImageObject\",\"inLanguage\":\"ca\",\"@id\":\"https:\\\/\\\/www.editorialjuventud.es\\\/peter-pan-y-wendy-9788426133892\\\/#primaryimage\",\"url\":\"https:\\\/\\\/www.editorialjuventud.es\\\/wp-content\\\/uploads\\\/9788426133892.jpg\",\"contentUrl\":\"https:\\\/\\\/www.editorialjuventud.es\\\/wp-content\\\/uploads\\\/9788426133892.jpg\",\"width\":241,\"height\":400,\"caption\":\"9788426133892.jpg\"},{\"@type\":\"BreadcrumbList\",\"@id\":\"https:\\\/\\\/www.editorialjuventud.es\\\/peter-pan-y-wendy-9788426133892\\\/#breadcrumb\",\"itemListElement\":[{\"@type\":\"ListItem\",\"position\":1,\"name\":\"Portada\",\"item\":\"https:\\\/\\\/www.editorialjuventud.es\\\/\"},{\"@type\":\"ListItem\",\"position\":2,\"name\":\"cat\u00e1logo\",\"item\":\"https:\\\/\\\/www.editorialjuventud.es\\\/coleccion\\\/catalogo\\\/\"},{\"@type\":\"ListItem\",\"position\":3,\"name\":\"castellano\",\"item\":\"https:\\\/\\\/www.editorialjuventud.es\\\/coleccion\\\/castellano\\\/\"},{\"@type\":\"ListItem\",\"position\":4,\"name\":\"Narrativa Juvenil\",\"item\":\"https:\\\/\\\/www.editorialjuventud.es\\\/coleccion\\\/narrativa-juvenil-castellano\\\/\"},{\"@type\":\"ListItem\",\"position\":5,\"name\":\"Colecci\u00f3n Juventud\",\"item\":\"https:\\\/\\\/www.editorialjuventud.es\\\/coleccion\\\/coleccion-juventud\\\/\"},{\"@type\":\"ListItem\",\"position\":6,\"name\":\"Peter Pan y Wendy\"}]},{\"@type\":\"WebSite\",\"@id\":\"https:\\\/\\\/www.editorialjuventud.es\\\/#website\",\"url\":\"https:\\\/\\\/www.editorialjuventud.es\\\/\",\"name\":\"Editorial Juventud\",\"description\":\"\",\"potentialAction\":[{\"@type\":\"SearchAction\",\"target\":{\"@type\":\"EntryPoint\",\"urlTemplate\":\"https:\\\/\\\/www.editorialjuventud.es\\\/?s={search_term_string}\"},\"query-input\":{\"@type\":\"PropertyValueSpecification\",\"valueRequired\":true,\"valueName\":\"search_term_string\"}}],\"inLanguage\":\"ca\"}]}<\/script>\n<!-- \/ Yoast SEO plugin. -->","yoast_head_json":{"title":"Peter Pan y Wendy - Editorial Juventud","description":"\u00abTodas las primaveras, excepto cuando se le olvida, viene Peter Pan a buscar a Wendy para llev\u00e1rsela al Pa\u00eds del Nunca Jam\u00e1s, donde ella le cuenta mil","robots":{"index":"index","follow":"follow","max-snippet":"max-snippet:-1","max-image-preview":"max-image-preview:large","max-video-preview":"max-video-preview:-1"},"canonical":"https:\/\/www.editorialjuventud.es\/peter-pan-y-wendy-9788426133892\/","og_locale":"ca_ES","og_type":"article","og_title":"Peter Pan y Wendy - Editorial Juventud","og_description":"\u00abTodas las primaveras, excepto cuando se le olvida, viene Peter Pan a buscar a Wendy para llev\u00e1rsela al Pa\u00eds del Nunca Jam\u00e1s, donde ella le cuenta mil","og_url":"https:\/\/www.editorialjuventud.es\/peter-pan-y-wendy-9788426133892\/","og_site_name":"Editorial Juventud","article_modified_time":"2021-09-02T11:12:51+00:00","og_image":[{"width":241,"height":400,"url":"https:\/\/www.editorialjuventud.es\/wp-content\/uploads\/9788426133892.jpg","type":"image\/jpeg"}],"twitter_card":"summary_large_image","twitter_misc":{"Temps estimat de lectura":"1 minut"},"schema":{"@context":"https:\/\/schema.org","@graph":[{"@type":"WebPage","@id":"https:\/\/www.editorialjuventud.es\/peter-pan-y-wendy-9788426133892\/","url":"https:\/\/www.editorialjuventud.es\/peter-pan-y-wendy-9788426133892\/","name":"Peter Pan y Wendy - Editorial Juventud","isPartOf":{"@id":"https:\/\/www.editorialjuventud.es\/#website"},"primaryImageOfPage":{"@id":"https:\/\/www.editorialjuventud.es\/peter-pan-y-wendy-9788426133892\/#primaryimage"},"image":{"@id":"https:\/\/www.editorialjuventud.es\/peter-pan-y-wendy-9788426133892\/#primaryimage"},"thumbnailUrl":"https:\/\/www.editorialjuventud.es\/wp-content\/uploads\/9788426133892.jpg","datePublished":"2018-08-24T08:41:26+00:00","dateModified":"2021-09-02T11:12:51+00:00","description":"\u00abTodas las primaveras, excepto cuando se le olvida, viene Peter Pan a buscar a Wendy para llev\u00e1rsela al Pa\u00eds del Nunca Jam\u00e1s, donde ella le cuenta mil","breadcrumb":{"@id":"https:\/\/www.editorialjuventud.es\/peter-pan-y-wendy-9788426133892\/#breadcrumb"},"inLanguage":"ca","potentialAction":[{"@type":"ReadAction","target":["https:\/\/www.editorialjuventud.es\/peter-pan-y-wendy-9788426133892\/"]}]},{"@type":"ImageObject","inLanguage":"ca","@id":"https:\/\/www.editorialjuventud.es\/peter-pan-y-wendy-9788426133892\/#primaryimage","url":"https:\/\/www.editorialjuventud.es\/wp-content\/uploads\/9788426133892.jpg","contentUrl":"https:\/\/www.editorialjuventud.es\/wp-content\/uploads\/9788426133892.jpg","width":241,"height":400,"caption":"9788426133892.jpg"},{"@type":"BreadcrumbList","@id":"https:\/\/www.editorialjuventud.es\/peter-pan-y-wendy-9788426133892\/#breadcrumb","itemListElement":[{"@type":"ListItem","position":1,"name":"Portada","item":"https:\/\/www.editorialjuventud.es\/"},{"@type":"ListItem","position":2,"name":"cat\u00e1logo","item":"https:\/\/www.editorialjuventud.es\/coleccion\/catalogo\/"},{"@type":"ListItem","position":3,"name":"castellano","item":"https:\/\/www.editorialjuventud.es\/coleccion\/castellano\/"},{"@type":"ListItem","position":4,"name":"Narrativa Juvenil","item":"https:\/\/www.editorialjuventud.es\/coleccion\/narrativa-juvenil-castellano\/"},{"@type":"ListItem","position":5,"name":"Colecci\u00f3n Juventud","item":"https:\/\/www.editorialjuventud.es\/coleccion\/coleccion-juventud\/"},{"@type":"ListItem","position":6,"name":"Peter Pan y Wendy"}]},{"@type":"WebSite","@id":"https:\/\/www.editorialjuventud.es\/#website","url":"https:\/\/www.editorialjuventud.es\/","name":"Editorial Juventud","description":"","potentialAction":[{"@type":"SearchAction","target":{"@type":"EntryPoint","urlTemplate":"https:\/\/www.editorialjuventud.es\/?s={search_term_string}"},"query-input":{"@type":"PropertyValueSpecification","valueRequired":true,"valueName":"search_term_string"}}],"inLanguage":"ca"}]}},"_links":{"self":[{"href":"https:\/\/www.editorialjuventud.es\/ca\/wp-json\/wp\/v2\/product\/5329","targetHints":{"allow":["GET"]}}],"collection":[{"href":"https:\/\/www.editorialjuventud.es\/ca\/wp-json\/wp\/v2\/product"}],"about":[{"href":"https:\/\/www.editorialjuventud.es\/ca\/wp-json\/wp\/v2\/types\/product"}],"wp:featuredmedia":[{"embeddable":true,"href":"https:\/\/www.editorialjuventud.es\/ca\/wp-json\/wp\/v2\/media\/15685"}],"wp:attachment":[{"href":"https:\/\/www.editorialjuventud.es\/ca\/wp-json\/wp\/v2\/media?parent=5329"}],"wp:term":[{"taxonomy":"product_brand","embeddable":true,"href":"https:\/\/www.editorialjuventud.es\/ca\/wp-json\/wp\/v2\/product_brand?post=5329"},{"taxonomy":"product_cat","embeddable":true,"href":"https:\/\/www.editorialjuventud.es\/ca\/wp-json\/wp\/v2\/product_cat?post=5329"},{"taxonomy":"product_tag","embeddable":true,"href":"https:\/\/www.editorialjuventud.es\/ca\/wp-json\/wp\/v2\/product_tag?post=5329"},{"taxonomy":"coleccion","embeddable":true,"href":"https:\/\/www.editorialjuventud.es\/ca\/wp-json\/wp\/v2\/coleccion?post=5329"}],"curies":[{"name":"wp","href":"https:\/\/api.w.org\/{rel}","templated":true}]}}