{"id":53142,"date":"2021-05-04T12:48:56","date_gmt":"2021-05-04T10:48:56","guid":{"rendered":"https:\/\/www.editorialjuventud.es\/ciutats-perdudes-9788426147226\/"},"modified":"2025-01-22T13:55:07","modified_gmt":"2025-01-22T12:55:07","slug":"ciutats-perdudes-9788426147226","status":"publish","type":"product","link":"https:\/\/www.editorialjuventud.es\/ca\/ciutats-perdudes-9788426147226\/","title":{"rendered":"Ciutats perdudes"},"content":{"rendered":"<p>Als cims m\u00e9s alts o en illes llunyanes, vora deserts, rius o mars&#8230;, temps enrere van prosperar antigues ciutats. Algunes formaven part de grans imperis; d&#8217;altres eren petites i independents. Moltes van perdurar durant segles, fins i tot mil\u00b7lennis, i van experimentar grans canvis fins que van acabar desapareixent. Per\u00f2 a les ru\u00efnes dels seus edificis i monuments podem trobar pistes sobre el seu passat.<br \/>Qui vivia en aquelles ciutats? Per qu\u00e8 les van construir tal com s\u00f3n? Per qu\u00e8 les ciutats es van perdre en l&#8217;oblit? I qui les va retrobar?<\/p>\n<p>La resoluci\u00f3 d&#8217;aquests antics misteris comen\u00e7a amb una senzilla pregunta: Com era la vida abans? Moltes de les ciutats que es recorren en aquest llibre van caure en l&#8217;oblit. Per\u00f2 les seves ru\u00efnes poden donar-nos pistes sobre el passat i les extraordin\u00e0ries vides dels seus habitants.<br \/>Les belles il\u00b7lustracions en relleu, creades magistralment amb capes de paper retallat, conviden a caminar per aquestes antigues ciutats i passar un dia fascinant en la pell de les persones que van viure all\u00ed milers d&#8217;anys enrere.<\/p>\n","protected":false},"excerpt":{"rendered":"Als cims m\u00e9s alts o en illes llunyanes, vora deserts, rius o mars&#8230;, temps enrere van prosperar antigues ciutats. Algunes formaven part de grans imperis; d&#8217;altres eren petites i independents. Moltes van perdurar durant segles, fins i tot mil\u00b7lennis, i [&hellip;]","protected":false},"featured_media":53143,"template":"","meta":{"_acf_changed":false,"_exactmetrics_skip_tracking":false,"_exactmetrics_sitenote_active":false,"_exactmetrics_sitenote_note":"","_exactmetrics_sitenote_category":0},"product_brand":[],"product_cat":[902,1139,1183,1123,910],"product_tag":[],"coleccion":[946],"class_list":{"0":"post-53142","1":"product","2":"type-product","3":"status-publish","4":"has-post-thumbnail","6":"product_cat-a-partir-de-7-anos","7":"product_cat-arquitectura","8":"product_cat-historia","9":"product_cat-libros-informativos-infantil","10":"product_cat-ultimas-novedades","11":"coleccion-com-i-per-que","13":"first","14":"instock","15":"taxable","16":"shipping-taxable","17":"purchasable","18":"product-type-simple"},"acf":{"indice":"","autor":"Laroche, Giles","codart":"4722","ediciones":"1","encuadernacion":"Carton\u00e9","fecha_de_publicacion":"01\/05\/2021","fecha_de_reimpresion":"","novedad":"0","paginas":"40","subtitulo":"","texto_web_adicional":"","autores-libros":[16453],"ilustradores-libros":[16453],"texto_web_novedad":"","orden":"999","portada":"0","texto_web_resaltado":"","traductores-libros":[18265],"descripcion_corta":"","recomendamos":"","mas_vendido":"","idioma-libro":"","color":false,"formato":"","mas_informacion_del_producto":false,"premios":false,"deshabilitar_compra":[],"texto_enlace_cubierta":"","enlace_cubierta":{"ID":53259,"id":53259,"title":"cover+logo FSC CIUTATS PERDUDES.indd","filename":"CiutatsPerdudas_Cover_300px_CAT.jpg","filesize":3353571,"url":"https:\/\/www.editorialjuventud.es\/wp-content\/uploads\/CiutatsPerdudas_Cover_300px_CAT.jpg","link":"https:\/\/www.editorialjuventud.es\/ca\/?attachment_id=53259","alt":"","author":"50","description":"","caption":"","name":"coverlogo-fsc-ciutats-perdudes-indd-2","status":"inherit","uploaded_to":53142,"date":"2021-05-06 12:15:14","modified":"2021-05-06 12:15:14","menu_order":0,"mime_type":"image\/jpeg","type":"image","subtype":"jpeg","icon":"https:\/\/www.editorialjuventud.es\/wp-includes\/images\/media\/default.png","width":3673,"height":3225,"sizes":{"thumbnail":"https:\/\/www.editorialjuventud.es\/wp-content\/uploads\/CiutatsPerdudas_Cover_300px_CAT-200x200.jpg","thumbnail-width":200,"thumbnail-height":200,"medium":"https:\/\/www.editorialjuventud.es\/wp-content\/uploads\/CiutatsPerdudas_Cover_300px_CAT.jpg","medium-width":3673,"medium-height":3225,"medium_large":"https:\/\/www.editorialjuventud.es\/wp-content\/uploads\/CiutatsPerdudas_Cover_300px_CAT-768x674.jpg","medium_large-width":768,"medium_large-height":674,"large":"https:\/\/www.editorialjuventud.es\/wp-content\/uploads\/CiutatsPerdudas_Cover_300px_CAT.jpg","large-width":3673,"large-height":3225,"1536x1536":"https:\/\/www.editorialjuventud.es\/wp-content\/uploads\/CiutatsPerdudas_Cover_300px_CAT.jpg","1536x1536-width":1536,"1536x1536-height":1349,"2048x2048":"https:\/\/www.editorialjuventud.es\/wp-content\/uploads\/CiutatsPerdudas_Cover_300px_CAT.jpg","2048x2048-width":2048,"2048x2048-height":1798,"woocommerce_thumbnail":"https:\/\/www.editorialjuventud.es\/wp-content\/uploads\/CiutatsPerdudas_Cover_300px_CAT-350x307.jpg","woocommerce_thumbnail-width":350,"woocommerce_thumbnail-height":307,"woocommerce_single":"https:\/\/www.editorialjuventud.es\/wp-content\/uploads\/CiutatsPerdudas_Cover_300px_CAT-900x790.jpg","woocommerce_single-width":900,"woocommerce_single-height":790,"woocommerce_gallery_thumbnail":"https:\/\/www.editorialjuventud.es\/wp-content\/uploads\/CiutatsPerdudas_Cover_300px_CAT-100x100.jpg","woocommerce_gallery_thumbnail-width":100,"woocommerce_gallery_thumbnail-height":100,"ppec_logo_image_size":"https:\/\/www.editorialjuventud.es\/wp-content\/uploads\/CiutatsPerdudas_Cover_300px_CAT.jpg","ppec_logo_image_size-width":68,"ppec_logo_image_size-height":60,"ppec_header_image_size":"https:\/\/www.editorialjuventud.es\/wp-content\/uploads\/CiutatsPerdudas_Cover_300px_CAT.jpg","ppec_header_image_size-width":103,"ppec_header_image_size-height":90}},"texto_enlace_ficha_tecnica":"","enlace_ficha_tecnica":{"ID":53302,"id":53302,"title":"Ciutat Perduda","filename":"Ciutat-Perduda.pdf","filesize":1176343,"url":"https:\/\/www.editorialjuventud.es\/wp-content\/uploads\/Ciutat-Perduda.pdf","link":"https:\/\/www.editorialjuventud.es\/ca\/?attachment_id=53302","alt":"","author":"50","description":"","caption":"","name":"ciutat-perduda","status":"inherit","uploaded_to":53142,"date":"2021-05-07 10:54:24","modified":"2021-05-07 10:54:24","menu_order":0,"mime_type":"application\/pdf","type":"application","subtype":"pdf","icon":"https:\/\/www.editorialjuventud.es\/wp-includes\/images\/media\/document.png"},"ficheros":false,"titulo-fr":"","texto-fr":""},"yoast_head":"<!-- This site is optimized with the Yoast SEO plugin v27.3 - https:\/\/yoast.com\/product\/yoast-seo-wordpress\/ -->\n<title>Ciutats perdudes - Editorial Juventud<\/title>\n<meta name=\"description\" content=\"Als cims m\u00e9s alts o en illes llunyanes, vora deserts, rius o mars..., temps enrere van prosperar antigues ciutats. Algunes formaven part de grans imperis;\" \/>\n<meta name=\"robots\" content=\"index, follow, max-snippet:-1, max-image-preview:large, max-video-preview:-1\" \/>\n<link rel=\"canonical\" href=\"https:\/\/www.editorialjuventud.es\/ciutats-perdudes-9788426147226\/\" \/>\n<meta property=\"og:locale\" content=\"ca_ES\" \/>\n<meta property=\"og:type\" content=\"article\" \/>\n<meta property=\"og:title\" content=\"Ciutats perdudes - Editorial Juventud\" \/>\n<meta property=\"og:description\" content=\"Als cims m\u00e9s alts o en illes llunyanes, vora deserts, rius o mars..., temps enrere van prosperar antigues ciutats. Algunes formaven part de grans imperis;\" \/>\n<meta property=\"og:url\" content=\"https:\/\/www.editorialjuventud.es\/ciutats-perdudes-9788426147226\/\" \/>\n<meta property=\"og:site_name\" content=\"Editorial Juventud\" \/>\n<meta property=\"article:modified_time\" content=\"2025-01-22T12:55:07+00:00\" \/>\n<meta property=\"og:image\" content=\"https:\/\/www.editorialjuventud.es\/wp-content\/uploads\/9788426147226.jpg\" \/>\n\t<meta property=\"og:image:width\" content=\"1200\" \/>\n\t<meta property=\"og:image:height\" content=\"1054\" \/>\n\t<meta property=\"og:image:type\" content=\"image\/jpeg\" \/>\n<meta name=\"twitter:card\" content=\"summary_large_image\" \/>\n<meta name=\"twitter:label1\" content=\"Temps estimat de lectura\" \/>\n\t<meta name=\"twitter:data1\" content=\"1 minut\" \/>\n<script type=\"application\/ld+json\" class=\"yoast-schema-graph\">{\"@context\":\"https:\\\/\\\/schema.org\",\"@graph\":[{\"@type\":\"WebPage\",\"@id\":\"https:\\\/\\\/www.editorialjuventud.es\\\/ciutats-perdudes-9788426147226\\\/\",\"url\":\"https:\\\/\\\/www.editorialjuventud.es\\\/ciutats-perdudes-9788426147226\\\/\",\"name\":\"Ciutats perdudes - Editorial Juventud\",\"isPartOf\":{\"@id\":\"https:\\\/\\\/www.editorialjuventud.es\\\/#website\"},\"primaryImageOfPage\":{\"@id\":\"https:\\\/\\\/www.editorialjuventud.es\\\/ciutats-perdudes-9788426147226\\\/#primaryimage\"},\"image\":{\"@id\":\"https:\\\/\\\/www.editorialjuventud.es\\\/ciutats-perdudes-9788426147226\\\/#primaryimage\"},\"thumbnailUrl\":\"https:\\\/\\\/www.editorialjuventud.es\\\/wp-content\\\/uploads\\\/9788426147226.jpg\",\"datePublished\":\"2021-05-04T10:48:56+00:00\",\"dateModified\":\"2025-01-22T12:55:07+00:00\",\"description\":\"Als cims m\u00e9s alts o en illes llunyanes, vora deserts, rius o mars..., temps enrere van prosperar antigues ciutats. Algunes formaven part de grans imperis;\",\"breadcrumb\":{\"@id\":\"https:\\\/\\\/www.editorialjuventud.es\\\/ciutats-perdudes-9788426147226\\\/#breadcrumb\"},\"inLanguage\":\"ca\",\"potentialAction\":[{\"@type\":\"ReadAction\",\"target\":[\"https:\\\/\\\/www.editorialjuventud.es\\\/ciutats-perdudes-9788426147226\\\/\"]}]},{\"@type\":\"ImageObject\",\"inLanguage\":\"ca\",\"@id\":\"https:\\\/\\\/www.editorialjuventud.es\\\/ciutats-perdudes-9788426147226\\\/#primaryimage\",\"url\":\"https:\\\/\\\/www.editorialjuventud.es\\\/wp-content\\\/uploads\\\/9788426147226.jpg\",\"contentUrl\":\"https:\\\/\\\/www.editorialjuventud.es\\\/wp-content\\\/uploads\\\/9788426147226.jpg\",\"width\":1200,\"height\":1054,\"caption\":\"9788426147226.jpg\"},{\"@type\":\"BreadcrumbList\",\"@id\":\"https:\\\/\\\/www.editorialjuventud.es\\\/ciutats-perdudes-9788426147226\\\/#breadcrumb\",\"itemListElement\":[{\"@type\":\"ListItem\",\"position\":1,\"name\":\"Portada\",\"item\":\"https:\\\/\\\/www.editorialjuventud.es\\\/\"},{\"@type\":\"ListItem\",\"position\":2,\"name\":\"cat\u00e1logo\",\"item\":\"https:\\\/\\\/www.editorialjuventud.es\\\/coleccion\\\/catalogo\\\/\"},{\"@type\":\"ListItem\",\"position\":3,\"name\":\"catal\u00e0\",\"item\":\"https:\\\/\\\/www.editorialjuventud.es\\\/coleccion\\\/catala\\\/\"},{\"@type\":\"ListItem\",\"position\":4,\"name\":\"\u00c0lbums Il\u00b7lustrats\",\"item\":\"https:\\\/\\\/www.editorialjuventud.es\\\/coleccion\\\/albums-il%c2%b7lustrats\\\/\"},{\"@type\":\"ListItem\",\"position\":5,\"name\":\"Com i Per qu\u00e8\",\"item\":\"https:\\\/\\\/www.editorialjuventud.es\\\/coleccion\\\/com-i-per-que\\\/\"},{\"@type\":\"ListItem\",\"position\":6,\"name\":\"Ciutats perdudes\"}]},{\"@type\":\"WebSite\",\"@id\":\"https:\\\/\\\/www.editorialjuventud.es\\\/#website\",\"url\":\"https:\\\/\\\/www.editorialjuventud.es\\\/\",\"name\":\"Editorial Juventud\",\"description\":\"\",\"potentialAction\":[{\"@type\":\"SearchAction\",\"target\":{\"@type\":\"EntryPoint\",\"urlTemplate\":\"https:\\\/\\\/www.editorialjuventud.es\\\/?s={search_term_string}\"},\"query-input\":{\"@type\":\"PropertyValueSpecification\",\"valueRequired\":true,\"valueName\":\"search_term_string\"}}],\"inLanguage\":\"ca\"}]}<\/script>\n<!-- \/ Yoast SEO plugin. -->","yoast_head_json":{"title":"Ciutats perdudes - Editorial Juventud","description":"Als cims m\u00e9s alts o en illes llunyanes, vora deserts, rius o mars..., temps enrere van prosperar antigues ciutats. Algunes formaven part de grans imperis;","robots":{"index":"index","follow":"follow","max-snippet":"max-snippet:-1","max-image-preview":"max-image-preview:large","max-video-preview":"max-video-preview:-1"},"canonical":"https:\/\/www.editorialjuventud.es\/ciutats-perdudes-9788426147226\/","og_locale":"ca_ES","og_type":"article","og_title":"Ciutats perdudes - Editorial Juventud","og_description":"Als cims m\u00e9s alts o en illes llunyanes, vora deserts, rius o mars..., temps enrere van prosperar antigues ciutats. Algunes formaven part de grans imperis;","og_url":"https:\/\/www.editorialjuventud.es\/ciutats-perdudes-9788426147226\/","og_site_name":"Editorial Juventud","article_modified_time":"2025-01-22T12:55:07+00:00","og_image":[{"width":1200,"height":1054,"url":"https:\/\/www.editorialjuventud.es\/wp-content\/uploads\/9788426147226.jpg","type":"image\/jpeg"}],"twitter_card":"summary_large_image","twitter_misc":{"Temps estimat de lectura":"1 minut"},"schema":{"@context":"https:\/\/schema.org","@graph":[{"@type":"WebPage","@id":"https:\/\/www.editorialjuventud.es\/ciutats-perdudes-9788426147226\/","url":"https:\/\/www.editorialjuventud.es\/ciutats-perdudes-9788426147226\/","name":"Ciutats perdudes - Editorial Juventud","isPartOf":{"@id":"https:\/\/www.editorialjuventud.es\/#website"},"primaryImageOfPage":{"@id":"https:\/\/www.editorialjuventud.es\/ciutats-perdudes-9788426147226\/#primaryimage"},"image":{"@id":"https:\/\/www.editorialjuventud.es\/ciutats-perdudes-9788426147226\/#primaryimage"},"thumbnailUrl":"https:\/\/www.editorialjuventud.es\/wp-content\/uploads\/9788426147226.jpg","datePublished":"2021-05-04T10:48:56+00:00","dateModified":"2025-01-22T12:55:07+00:00","description":"Als cims m\u00e9s alts o en illes llunyanes, vora deserts, rius o mars..., temps enrere van prosperar antigues ciutats. Algunes formaven part de grans imperis;","breadcrumb":{"@id":"https:\/\/www.editorialjuventud.es\/ciutats-perdudes-9788426147226\/#breadcrumb"},"inLanguage":"ca","potentialAction":[{"@type":"ReadAction","target":["https:\/\/www.editorialjuventud.es\/ciutats-perdudes-9788426147226\/"]}]},{"@type":"ImageObject","inLanguage":"ca","@id":"https:\/\/www.editorialjuventud.es\/ciutats-perdudes-9788426147226\/#primaryimage","url":"https:\/\/www.editorialjuventud.es\/wp-content\/uploads\/9788426147226.jpg","contentUrl":"https:\/\/www.editorialjuventud.es\/wp-content\/uploads\/9788426147226.jpg","width":1200,"height":1054,"caption":"9788426147226.jpg"},{"@type":"BreadcrumbList","@id":"https:\/\/www.editorialjuventud.es\/ciutats-perdudes-9788426147226\/#breadcrumb","itemListElement":[{"@type":"ListItem","position":1,"name":"Portada","item":"https:\/\/www.editorialjuventud.es\/"},{"@type":"ListItem","position":2,"name":"cat\u00e1logo","item":"https:\/\/www.editorialjuventud.es\/coleccion\/catalogo\/"},{"@type":"ListItem","position":3,"name":"catal\u00e0","item":"https:\/\/www.editorialjuventud.es\/coleccion\/catala\/"},{"@type":"ListItem","position":4,"name":"\u00c0lbums Il\u00b7lustrats","item":"https:\/\/www.editorialjuventud.es\/coleccion\/albums-il%c2%b7lustrats\/"},{"@type":"ListItem","position":5,"name":"Com i Per qu\u00e8","item":"https:\/\/www.editorialjuventud.es\/coleccion\/com-i-per-que\/"},{"@type":"ListItem","position":6,"name":"Ciutats perdudes"}]},{"@type":"WebSite","@id":"https:\/\/www.editorialjuventud.es\/#website","url":"https:\/\/www.editorialjuventud.es\/","name":"Editorial Juventud","description":"","potentialAction":[{"@type":"SearchAction","target":{"@type":"EntryPoint","urlTemplate":"https:\/\/www.editorialjuventud.es\/?s={search_term_string}"},"query-input":{"@type":"PropertyValueSpecification","valueRequired":true,"valueName":"search_term_string"}}],"inLanguage":"ca"}]}},"_links":{"self":[{"href":"https:\/\/www.editorialjuventud.es\/ca\/wp-json\/wp\/v2\/product\/53142","targetHints":{"allow":["GET"]}}],"collection":[{"href":"https:\/\/www.editorialjuventud.es\/ca\/wp-json\/wp\/v2\/product"}],"about":[{"href":"https:\/\/www.editorialjuventud.es\/ca\/wp-json\/wp\/v2\/types\/product"}],"wp:featuredmedia":[{"embeddable":true,"href":"https:\/\/www.editorialjuventud.es\/ca\/wp-json\/wp\/v2\/media\/53143"}],"wp:attachment":[{"href":"https:\/\/www.editorialjuventud.es\/ca\/wp-json\/wp\/v2\/media?parent=53142"}],"wp:term":[{"taxonomy":"product_brand","embeddable":true,"href":"https:\/\/www.editorialjuventud.es\/ca\/wp-json\/wp\/v2\/product_brand?post=53142"},{"taxonomy":"product_cat","embeddable":true,"href":"https:\/\/www.editorialjuventud.es\/ca\/wp-json\/wp\/v2\/product_cat?post=53142"},{"taxonomy":"product_tag","embeddable":true,"href":"https:\/\/www.editorialjuventud.es\/ca\/wp-json\/wp\/v2\/product_tag?post=53142"},{"taxonomy":"coleccion","embeddable":true,"href":"https:\/\/www.editorialjuventud.es\/ca\/wp-json\/wp\/v2\/coleccion?post=53142"}],"curies":[{"name":"wp","href":"https:\/\/api.w.org\/{rel}","templated":true}]}}