{"id":5311,"date":"2018-08-24T10:39:19","date_gmt":"2018-08-24T08:39:19","guid":{"rendered":"http:\/\/www.editorialjuventud.es\/los-dali\/"},"modified":"2019-10-10T04:07:42","modified_gmt":"2019-10-10T02:07:42","slug":"los-dali-historia-de-una-familia-9788426133632","status":"publish","type":"product","link":"https:\/\/www.editorialjuventud.es\/ca\/los-dali-historia-de-una-familia-9788426133632\/","title":{"rendered":"Los Dal\u00ed. Historia de una familia"},"content":{"rendered":"<p>Lali Bas Dal\u00ed es en la actualidad la \u00fanica descendiente de la familia Dal\u00ed. Hija de Montserrat Dal\u00ed, prima del pintor, es la depositaria de la memoria de una familia que ha trascendido por la popularidad del pintor surrealista mas genial del siglo XX.<br \/>\nEn este libro a modo de \u00e1lbum familiar, Lali nos desvela sus recuerdos y nos muestra documentos y fotograf\u00edas familiares in\u00e9ditas que ha conservado celosamente, con la conciencia de su valor hist\u00f3rico. Ella nos aporta una visi\u00f3n de Salvador a trav\u00e9s de cada uno de los Dal\u00ed, desde el abuelo hasta ella misma, hecho tras hecho, an\u00e9cdota tras an\u00e9cdota. Encontramos la trasgresi\u00f3n premonitoria del abuelo Galo; la furia del padre notario; la afabilidad del t\u00edo Rafael; la sensibilidad tr\u00e1gica de su hermana Anna Maria; el glamour inteligente de su prima Montserrat; y, finalmente, la experiencia natural de la propia Lali.<br \/>\nDesmitificando el esc\u00e1ndalo y la morbosidad que siempre han acompa\u00f1ado a Salvador Dal\u00ed, este libro nos presenta al Dal\u00ed familiar, en el sentido estricto de la palabra. Seguramente es el m\u00e1s aut\u00e9ntico, el m\u00e1s sincero consigo mismo; el que se deja fotografiar con Lali de peque\u00f1a en su regazo y el que por la tarde, despu\u00e9s de pintar, pasea tranquilamente por Portlligat.<br \/>\nUna reconstrucci\u00f3n ins\u00f3lita de su vida, a trav\u00e9s de los ojos familiares, a trav\u00e9s de la historia de cada uno de ellos, suficientemente interesante por s\u00ed misma, y que se entrelaza con la del pintor con la espontaneidad de las personas que viven sin pensar en la trascendencia de su existencia.<br \/>\nFotograf\u00edas e ilustraciones: archivo Lali Bas Dal\u00ed.<\/p>\n","protected":false},"excerpt":{"rendered":"Lali Bas Dal\u00ed es en la actualidad la \u00fanica descendiente de la familia Dal\u00ed. Hija de Montserrat Dal\u00ed, prima del pintor, es la depositaria de la memoria de una familia que ha trascendido por la popularidad del pintor surrealista mas [&hellip;]","protected":false},"featured_media":8737,"template":"","meta":{"_acf_changed":false,"_exactmetrics_skip_tracking":false,"_exactmetrics_sitenote_active":false,"_exactmetrics_sitenote_note":"","_exactmetrics_sitenote_category":0},"product_brand":[],"product_cat":[905,1125,1116,892,1115,1117,1207,1128],"product_tag":[],"coleccion":[929,916],"class_list":{"0":"post-5311","1":"product","2":"type-product","3":"status-publish","4":"has-post-thumbnail","6":"product_cat-adulto","7":"product_cat-arte","8":"product_cat-biografia","9":"product_cat-edades","10":"product_cat-generos","11":"product_cat-no-ficcion-adulto","12":"product_cat-personajes-reales","13":"product_cat-tematica","14":"coleccion-biografias-y-otros-relatos","15":"coleccion-castellano","17":"first","18":"instock","19":"taxable","20":"shipping-taxable","21":"purchasable","22":"product-type-simple"},"acf":{"autores-libros":[16213]},"yoast_head":"<!-- This site is optimized with the Yoast SEO plugin v27.5 - https:\/\/yoast.com\/product\/yoast-seo-wordpress\/ -->\n<title>Los Dal\u00ed. Historia de una familia - Editorial Juventud<\/title>\n<meta name=\"description\" content=\"Lali Bas Dal\u00ed es en la actualidad la \u00fanica descendiente de la familia Dal\u00ed. Hija de Montserrat Dal\u00ed, prima del pintor, es la depositaria de la memoria de\" \/>\n<meta name=\"robots\" content=\"index, follow, max-snippet:-1, max-image-preview:large, max-video-preview:-1\" \/>\n<link rel=\"canonical\" href=\"https:\/\/www.editorialjuventud.es\/los-dali-historia-de-una-familia-9788426133632\/\" \/>\n<meta property=\"og:locale\" content=\"ca_ES\" \/>\n<meta property=\"og:type\" content=\"article\" \/>\n<meta property=\"og:title\" content=\"Los Dal\u00ed. Historia de una familia - Editorial Juventud\" \/>\n<meta property=\"og:description\" content=\"Lali Bas Dal\u00ed es en la actualidad la \u00fanica descendiente de la familia Dal\u00ed. Hija de Montserrat Dal\u00ed, prima del pintor, es la depositaria de la memoria de\" \/>\n<meta property=\"og:url\" content=\"https:\/\/www.editorialjuventud.es\/los-dali-historia-de-una-familia-9788426133632\/\" \/>\n<meta property=\"og:site_name\" content=\"Editorial Juventud\" \/>\n<meta property=\"article:modified_time\" content=\"2019-10-10T02:07:42+00:00\" \/>\n<meta property=\"og:image\" content=\"https:\/\/www.editorialjuventud.es\/wp-content\/uploads\/3363.jpg\" \/>\n\t<meta property=\"og:image:width\" content=\"436\" \/>\n\t<meta property=\"og:image:height\" content=\"450\" \/>\n\t<meta property=\"og:image:type\" content=\"image\/jpeg\" \/>\n<meta name=\"twitter:card\" content=\"summary_large_image\" \/>\n<meta name=\"twitter:label1\" content=\"Temps estimat de lectura\" \/>\n\t<meta name=\"twitter:data1\" content=\"1 minut\" \/>\n<script type=\"application\/ld+json\" class=\"yoast-schema-graph\">{\"@context\":\"https:\\\/\\\/schema.org\",\"@graph\":[{\"@type\":\"WebPage\",\"@id\":\"https:\\\/\\\/www.editorialjuventud.es\\\/los-dali-historia-de-una-familia-9788426133632\\\/\",\"url\":\"https:\\\/\\\/www.editorialjuventud.es\\\/los-dali-historia-de-una-familia-9788426133632\\\/\",\"name\":\"Los Dal\u00ed. Historia de una familia - Editorial Juventud\",\"isPartOf\":{\"@id\":\"https:\\\/\\\/www.editorialjuventud.es\\\/#website\"},\"primaryImageOfPage\":{\"@id\":\"https:\\\/\\\/www.editorialjuventud.es\\\/los-dali-historia-de-una-familia-9788426133632\\\/#primaryimage\"},\"image\":{\"@id\":\"https:\\\/\\\/www.editorialjuventud.es\\\/los-dali-historia-de-una-familia-9788426133632\\\/#primaryimage\"},\"thumbnailUrl\":\"https:\\\/\\\/www.editorialjuventud.es\\\/wp-content\\\/uploads\\\/3363.jpg\",\"datePublished\":\"2018-08-24T08:39:19+00:00\",\"dateModified\":\"2019-10-10T02:07:42+00:00\",\"description\":\"Lali Bas Dal\u00ed es en la actualidad la \u00fanica descendiente de la familia Dal\u00ed. Hija de Montserrat Dal\u00ed, prima del pintor, es la depositaria de la memoria de\",\"breadcrumb\":{\"@id\":\"https:\\\/\\\/www.editorialjuventud.es\\\/los-dali-historia-de-una-familia-9788426133632\\\/#breadcrumb\"},\"inLanguage\":\"ca\",\"potentialAction\":[{\"@type\":\"ReadAction\",\"target\":[\"https:\\\/\\\/www.editorialjuventud.es\\\/los-dali-historia-de-una-familia-9788426133632\\\/\"]}]},{\"@type\":\"ImageObject\",\"inLanguage\":\"ca\",\"@id\":\"https:\\\/\\\/www.editorialjuventud.es\\\/los-dali-historia-de-una-familia-9788426133632\\\/#primaryimage\",\"url\":\"https:\\\/\\\/www.editorialjuventud.es\\\/wp-content\\\/uploads\\\/3363.jpg\",\"contentUrl\":\"https:\\\/\\\/www.editorialjuventud.es\\\/wp-content\\\/uploads\\\/3363.jpg\",\"width\":436,\"height\":450,\"caption\":\"3363.jpg\"},{\"@type\":\"BreadcrumbList\",\"@id\":\"https:\\\/\\\/www.editorialjuventud.es\\\/los-dali-historia-de-una-familia-9788426133632\\\/#breadcrumb\",\"itemListElement\":[{\"@type\":\"ListItem\",\"position\":1,\"name\":\"Portada\",\"item\":\"https:\\\/\\\/www.editorialjuventud.es\\\/\"},{\"@type\":\"ListItem\",\"position\":2,\"name\":\"cat\u00e1logo\",\"item\":\"https:\\\/\\\/www.editorialjuventud.es\\\/coleccion\\\/catalogo\\\/\"},{\"@type\":\"ListItem\",\"position\":3,\"name\":\"castellano\",\"item\":\"https:\\\/\\\/www.editorialjuventud.es\\\/coleccion\\\/castellano\\\/\"},{\"@type\":\"ListItem\",\"position\":4,\"name\":\"Biograf\u00edas y otros Relatos\",\"item\":\"https:\\\/\\\/www.editorialjuventud.es\\\/coleccion\\\/biografias-y-otros-relatos\\\/\"},{\"@type\":\"ListItem\",\"position\":5,\"name\":\"Los Dal\u00ed. Historia de una familia\"}]},{\"@type\":\"WebSite\",\"@id\":\"https:\\\/\\\/www.editorialjuventud.es\\\/#website\",\"url\":\"https:\\\/\\\/www.editorialjuventud.es\\\/\",\"name\":\"Editorial Juventud\",\"description\":\"\",\"potentialAction\":[{\"@type\":\"SearchAction\",\"target\":{\"@type\":\"EntryPoint\",\"urlTemplate\":\"https:\\\/\\\/www.editorialjuventud.es\\\/?s={search_term_string}\"},\"query-input\":{\"@type\":\"PropertyValueSpecification\",\"valueRequired\":true,\"valueName\":\"search_term_string\"}}],\"inLanguage\":\"ca\"}]}<\/script>\n<!-- \/ Yoast SEO plugin. -->","yoast_head_json":{"title":"Los Dal\u00ed. Historia de una familia - Editorial Juventud","description":"Lali Bas Dal\u00ed es en la actualidad la \u00fanica descendiente de la familia Dal\u00ed. Hija de Montserrat Dal\u00ed, prima del pintor, es la depositaria de la memoria de","robots":{"index":"index","follow":"follow","max-snippet":"max-snippet:-1","max-image-preview":"max-image-preview:large","max-video-preview":"max-video-preview:-1"},"canonical":"https:\/\/www.editorialjuventud.es\/los-dali-historia-de-una-familia-9788426133632\/","og_locale":"ca_ES","og_type":"article","og_title":"Los Dal\u00ed. Historia de una familia - Editorial Juventud","og_description":"Lali Bas Dal\u00ed es en la actualidad la \u00fanica descendiente de la familia Dal\u00ed. Hija de Montserrat Dal\u00ed, prima del pintor, es la depositaria de la memoria de","og_url":"https:\/\/www.editorialjuventud.es\/los-dali-historia-de-una-familia-9788426133632\/","og_site_name":"Editorial Juventud","article_modified_time":"2019-10-10T02:07:42+00:00","og_image":[{"width":436,"height":450,"url":"https:\/\/www.editorialjuventud.es\/wp-content\/uploads\/3363.jpg","type":"image\/jpeg"}],"twitter_card":"summary_large_image","twitter_misc":{"Temps estimat de lectura":"1 minut"},"schema":{"@context":"https:\/\/schema.org","@graph":[{"@type":"WebPage","@id":"https:\/\/www.editorialjuventud.es\/los-dali-historia-de-una-familia-9788426133632\/","url":"https:\/\/www.editorialjuventud.es\/los-dali-historia-de-una-familia-9788426133632\/","name":"Los Dal\u00ed. Historia de una familia - Editorial Juventud","isPartOf":{"@id":"https:\/\/www.editorialjuventud.es\/#website"},"primaryImageOfPage":{"@id":"https:\/\/www.editorialjuventud.es\/los-dali-historia-de-una-familia-9788426133632\/#primaryimage"},"image":{"@id":"https:\/\/www.editorialjuventud.es\/los-dali-historia-de-una-familia-9788426133632\/#primaryimage"},"thumbnailUrl":"https:\/\/www.editorialjuventud.es\/wp-content\/uploads\/3363.jpg","datePublished":"2018-08-24T08:39:19+00:00","dateModified":"2019-10-10T02:07:42+00:00","description":"Lali Bas Dal\u00ed es en la actualidad la \u00fanica descendiente de la familia Dal\u00ed. Hija de Montserrat Dal\u00ed, prima del pintor, es la depositaria de la memoria de","breadcrumb":{"@id":"https:\/\/www.editorialjuventud.es\/los-dali-historia-de-una-familia-9788426133632\/#breadcrumb"},"inLanguage":"ca","potentialAction":[{"@type":"ReadAction","target":["https:\/\/www.editorialjuventud.es\/los-dali-historia-de-una-familia-9788426133632\/"]}]},{"@type":"ImageObject","inLanguage":"ca","@id":"https:\/\/www.editorialjuventud.es\/los-dali-historia-de-una-familia-9788426133632\/#primaryimage","url":"https:\/\/www.editorialjuventud.es\/wp-content\/uploads\/3363.jpg","contentUrl":"https:\/\/www.editorialjuventud.es\/wp-content\/uploads\/3363.jpg","width":436,"height":450,"caption":"3363.jpg"},{"@type":"BreadcrumbList","@id":"https:\/\/www.editorialjuventud.es\/los-dali-historia-de-una-familia-9788426133632\/#breadcrumb","itemListElement":[{"@type":"ListItem","position":1,"name":"Portada","item":"https:\/\/www.editorialjuventud.es\/"},{"@type":"ListItem","position":2,"name":"cat\u00e1logo","item":"https:\/\/www.editorialjuventud.es\/coleccion\/catalogo\/"},{"@type":"ListItem","position":3,"name":"castellano","item":"https:\/\/www.editorialjuventud.es\/coleccion\/castellano\/"},{"@type":"ListItem","position":4,"name":"Biograf\u00edas y otros Relatos","item":"https:\/\/www.editorialjuventud.es\/coleccion\/biografias-y-otros-relatos\/"},{"@type":"ListItem","position":5,"name":"Los Dal\u00ed. Historia de una familia"}]},{"@type":"WebSite","@id":"https:\/\/www.editorialjuventud.es\/#website","url":"https:\/\/www.editorialjuventud.es\/","name":"Editorial Juventud","description":"","potentialAction":[{"@type":"SearchAction","target":{"@type":"EntryPoint","urlTemplate":"https:\/\/www.editorialjuventud.es\/?s={search_term_string}"},"query-input":{"@type":"PropertyValueSpecification","valueRequired":true,"valueName":"search_term_string"}}],"inLanguage":"ca"}]}},"_links":{"self":[{"href":"https:\/\/www.editorialjuventud.es\/ca\/wp-json\/wp\/v2\/product\/5311","targetHints":{"allow":["GET"]}}],"collection":[{"href":"https:\/\/www.editorialjuventud.es\/ca\/wp-json\/wp\/v2\/product"}],"about":[{"href":"https:\/\/www.editorialjuventud.es\/ca\/wp-json\/wp\/v2\/types\/product"}],"wp:featuredmedia":[{"embeddable":true,"href":"https:\/\/www.editorialjuventud.es\/ca\/wp-json\/wp\/v2\/media\/8737"}],"wp:attachment":[{"href":"https:\/\/www.editorialjuventud.es\/ca\/wp-json\/wp\/v2\/media?parent=5311"}],"wp:term":[{"taxonomy":"product_brand","embeddable":true,"href":"https:\/\/www.editorialjuventud.es\/ca\/wp-json\/wp\/v2\/product_brand?post=5311"},{"taxonomy":"product_cat","embeddable":true,"href":"https:\/\/www.editorialjuventud.es\/ca\/wp-json\/wp\/v2\/product_cat?post=5311"},{"taxonomy":"product_tag","embeddable":true,"href":"https:\/\/www.editorialjuventud.es\/ca\/wp-json\/wp\/v2\/product_tag?post=5311"},{"taxonomy":"coleccion","embeddable":true,"href":"https:\/\/www.editorialjuventud.es\/ca\/wp-json\/wp\/v2\/coleccion?post=5311"}],"curies":[{"name":"wp","href":"https:\/\/api.w.org\/{rel}","templated":true}]}}