{"id":5308,"date":"2018-08-24T12:39:03","date_gmt":"2018-08-24T08:39:03","guid":{"rendered":"http:\/\/www.editorialjuventud.es\/home-de-color\/"},"modified":"2023-06-19T13:12:40","modified_gmt":"2023-06-19T11:12:40","slug":"home-de-color-9788426133588","status":"publish","type":"product","link":"https:\/\/www.editorialjuventud.es\/ca\/home-de-color-9788426133588\/","title":{"rendered":"Home de color!"},"content":{"rendered":"<p>Jo, home de color quan vaig n\u00e9ixer era negre. Vaig cr\u00e9ixer sent negre. Si prenc el sol, o tinc por, o estic malalt, segueixo sent negre. Mentre que tu home blanc, vas n\u00e9ixer de color rosa, si prens el sol et poses vermell, si tens fred et tornes blau, i si est\u00e0s malalt et poses groc . \u00bfI tu em dius a mi home de color?<br \/>\nMalgrat que la pell negra tamb\u00e9 t\u00e9 diferents pigmentacions, aquest llibre posa de manifest que blanc i negre s\u00f3n en definitiva colors, aix\u00ed doncs tots som homes de color.<br \/>\nUn \u00e0lbum en to cr\u00edtic, encara que ple d&#8217;humor i tendresa.<br \/>\nUn conte-poema transm\u00e8s de generaci\u00f3 en generaci\u00f3 per la tradici\u00f3 oral africana contra les expressions racistes, els signes de domini econ\u00f2mic i cultural i que q\u00fcestiona els prejudicis i les idees preconcebudes.<\/p>\n","protected":false},"excerpt":{"rendered":"Jo, home de color quan vaig n\u00e9ixer era negre. Vaig cr\u00e9ixer sent negre. Si prenc el sol, o tinc por, o estic malalt, segueixo sent negre. Mentre que tu home blanc, vas n\u00e9ixer de color rosa, si prens el sol [&hellip;]","protected":false},"featured_media":15661,"template":"","meta":{"_acf_changed":false,"_exactmetrics_skip_tracking":false,"_exactmetrics_sitenote_active":false,"_exactmetrics_sitenote_note":"","_exactmetrics_sitenote_category":0},"product_brand":[],"product_cat":[900,1132,1121,1220,892,1115,1217,1128],"product_tag":[],"coleccion":[917,915,948,1046],"class_list":{"0":"post-5308","1":"product","2":"type-product","3":"status-publish","4":"has-post-thumbnail","6":"product_cat-a-partir-de-5-anos","7":"product_cat-africa","8":"product_cat-albumes-ilustrados","9":"product_cat-convivencia-relaciones-interculturales","10":"product_cat-edades","11":"product_cat-generos","12":"product_cat-racismo-xenofobia","13":"product_cat-tematica","14":"coleccion-albums-illustrats","15":"coleccion-catala","16":"coleccion-convivencia-i-multiculturalitat","17":"coleccion-un-mon-de-diferencies","19":"first","20":"instock","21":"taxable","22":"shipping-taxable","23":"purchasable","24":"product-type-simple"},"acf":{"autor":"Ruillier, J\u00e9r\u00f4me","codart":"3358-4","ediciones":"1","encuadernacion":"Carton\u00e9","fecha_de_publicacion":"01\/01\/2010","novedad":"0","paginas":"32","subtitulo":"","texto_web_adicional":"","texto_web_novedad":"","orden":"999","portada":"0","texto_web_resaltado":"","indice":"","autores-libros":[16591],"ilustradores-libros":[16591],"traductores-libros":[58416],"descripcion_corta":"","recomendamos":"","mas_vendido":"","idioma-libro":"","color":false,"formato":"","mas_informacion_del_producto":false,"premios":false,"texto_enlace_cubierta":"","enlace_cubierta":false,"texto_enlace_ficha_tecnica":"","enlace_ficha_tecnica":false,"ficheros":false,"titulo-fr":"","texto-fr":"","fecha_de_reimpresion":"","deshabilitar_compra":["deshabilitar"]},"yoast_head":"<!-- This site is optimized with the Yoast SEO plugin v27.5 - https:\/\/yoast.com\/product\/yoast-seo-wordpress\/ -->\n<title>Home de color! - Editorial Juventud<\/title>\n<meta name=\"description\" content=\"Jo, home de color quan vaig n\u00e9ixer era negre. Vaig cr\u00e9ixer sent negre. Si prenc el sol, o tinc por, o estic malalt, segueixo sent negre. Mentre que tu\" \/>\n<meta name=\"robots\" content=\"index, follow, max-snippet:-1, max-image-preview:large, max-video-preview:-1\" \/>\n<link rel=\"canonical\" href=\"https:\/\/www.editorialjuventud.es\/home-de-color-9788426133588\/\" \/>\n<meta property=\"og:locale\" content=\"ca_ES\" \/>\n<meta property=\"og:type\" content=\"article\" \/>\n<meta property=\"og:title\" content=\"Home de color! - Editorial Juventud\" \/>\n<meta property=\"og:description\" content=\"Jo, home de color quan vaig n\u00e9ixer era negre. Vaig cr\u00e9ixer sent negre. Si prenc el sol, o tinc por, o estic malalt, segueixo sent negre. Mentre que tu\" \/>\n<meta property=\"og:url\" content=\"https:\/\/www.editorialjuventud.es\/home-de-color-9788426133588\/\" \/>\n<meta property=\"og:site_name\" content=\"Editorial Juventud\" \/>\n<meta property=\"article:modified_time\" content=\"2023-06-19T11:12:40+00:00\" \/>\n<meta property=\"og:image\" content=\"https:\/\/www.editorialjuventud.es\/wp-content\/uploads\/9788426133588.jpg\" \/>\n\t<meta property=\"og:image:width\" content=\"320\" \/>\n\t<meta property=\"og:image:height\" content=\"350\" \/>\n\t<meta property=\"og:image:type\" content=\"image\/jpeg\" \/>\n<meta name=\"twitter:card\" content=\"summary_large_image\" \/>\n<meta name=\"twitter:label1\" content=\"Temps estimat de lectura\" \/>\n\t<meta name=\"twitter:data1\" content=\"1 minut\" \/>\n<script type=\"application\/ld+json\" class=\"yoast-schema-graph\">{\"@context\":\"https:\\\/\\\/schema.org\",\"@graph\":[{\"@type\":\"WebPage\",\"@id\":\"https:\\\/\\\/www.editorialjuventud.es\\\/home-de-color-9788426133588\\\/\",\"url\":\"https:\\\/\\\/www.editorialjuventud.es\\\/home-de-color-9788426133588\\\/\",\"name\":\"Home de color! - Editorial Juventud\",\"isPartOf\":{\"@id\":\"https:\\\/\\\/www.editorialjuventud.es\\\/#website\"},\"primaryImageOfPage\":{\"@id\":\"https:\\\/\\\/www.editorialjuventud.es\\\/home-de-color-9788426133588\\\/#primaryimage\"},\"image\":{\"@id\":\"https:\\\/\\\/www.editorialjuventud.es\\\/home-de-color-9788426133588\\\/#primaryimage\"},\"thumbnailUrl\":\"https:\\\/\\\/www.editorialjuventud.es\\\/wp-content\\\/uploads\\\/9788426133588.jpg\",\"datePublished\":\"2018-08-24T08:39:03+00:00\",\"dateModified\":\"2023-06-19T11:12:40+00:00\",\"description\":\"Jo, home de color quan vaig n\u00e9ixer era negre. Vaig cr\u00e9ixer sent negre. Si prenc el sol, o tinc por, o estic malalt, segueixo sent negre. Mentre que tu\",\"breadcrumb\":{\"@id\":\"https:\\\/\\\/www.editorialjuventud.es\\\/home-de-color-9788426133588\\\/#breadcrumb\"},\"inLanguage\":\"ca\",\"potentialAction\":[{\"@type\":\"ReadAction\",\"target\":[\"https:\\\/\\\/www.editorialjuventud.es\\\/home-de-color-9788426133588\\\/\"]}]},{\"@type\":\"ImageObject\",\"inLanguage\":\"ca\",\"@id\":\"https:\\\/\\\/www.editorialjuventud.es\\\/home-de-color-9788426133588\\\/#primaryimage\",\"url\":\"https:\\\/\\\/www.editorialjuventud.es\\\/wp-content\\\/uploads\\\/9788426133588.jpg\",\"contentUrl\":\"https:\\\/\\\/www.editorialjuventud.es\\\/wp-content\\\/uploads\\\/9788426133588.jpg\",\"width\":320,\"height\":350,\"caption\":\"9788426133588.jpg\"},{\"@type\":\"BreadcrumbList\",\"@id\":\"https:\\\/\\\/www.editorialjuventud.es\\\/home-de-color-9788426133588\\\/#breadcrumb\",\"itemListElement\":[{\"@type\":\"ListItem\",\"position\":1,\"name\":\"Portada\",\"item\":\"https:\\\/\\\/www.editorialjuventud.es\\\/\"},{\"@type\":\"ListItem\",\"position\":2,\"name\":\"cat\u00e1logo\",\"item\":\"https:\\\/\\\/www.editorialjuventud.es\\\/coleccion\\\/catalogo\\\/\"},{\"@type\":\"ListItem\",\"position\":3,\"name\":\"catal\u00e0\",\"item\":\"https:\\\/\\\/www.editorialjuventud.es\\\/coleccion\\\/catala\\\/\"},{\"@type\":\"ListItem\",\"position\":4,\"name\":\"\u00c0lbums Il\u00b7lustrats\",\"item\":\"https:\\\/\\\/www.editorialjuventud.es\\\/coleccion\\\/albums-il%c2%b7lustrats\\\/\"},{\"@type\":\"ListItem\",\"position\":5,\"name\":\"Conviv\u00e8ncia i Multiculturalitat\",\"item\":\"https:\\\/\\\/www.editorialjuventud.es\\\/coleccion\\\/convivencia-i-multiculturalitat\\\/\"},{\"@type\":\"ListItem\",\"position\":6,\"name\":\"Un M\u00f3n de Difer\u00e8ncies\",\"item\":\"https:\\\/\\\/www.editorialjuventud.es\\\/coleccion\\\/un-mon-de-diferencies\\\/\"},{\"@type\":\"ListItem\",\"position\":7,\"name\":\"Home de color!\"}]},{\"@type\":\"WebSite\",\"@id\":\"https:\\\/\\\/www.editorialjuventud.es\\\/#website\",\"url\":\"https:\\\/\\\/www.editorialjuventud.es\\\/\",\"name\":\"Editorial Juventud\",\"description\":\"\",\"potentialAction\":[{\"@type\":\"SearchAction\",\"target\":{\"@type\":\"EntryPoint\",\"urlTemplate\":\"https:\\\/\\\/www.editorialjuventud.es\\\/?s={search_term_string}\"},\"query-input\":{\"@type\":\"PropertyValueSpecification\",\"valueRequired\":true,\"valueName\":\"search_term_string\"}}],\"inLanguage\":\"ca\"}]}<\/script>\n<!-- \/ Yoast SEO plugin. -->","yoast_head_json":{"title":"Home de color! - Editorial Juventud","description":"Jo, home de color quan vaig n\u00e9ixer era negre. Vaig cr\u00e9ixer sent negre. Si prenc el sol, o tinc por, o estic malalt, segueixo sent negre. Mentre que tu","robots":{"index":"index","follow":"follow","max-snippet":"max-snippet:-1","max-image-preview":"max-image-preview:large","max-video-preview":"max-video-preview:-1"},"canonical":"https:\/\/www.editorialjuventud.es\/home-de-color-9788426133588\/","og_locale":"ca_ES","og_type":"article","og_title":"Home de color! - Editorial Juventud","og_description":"Jo, home de color quan vaig n\u00e9ixer era negre. Vaig cr\u00e9ixer sent negre. Si prenc el sol, o tinc por, o estic malalt, segueixo sent negre. Mentre que tu","og_url":"https:\/\/www.editorialjuventud.es\/home-de-color-9788426133588\/","og_site_name":"Editorial Juventud","article_modified_time":"2023-06-19T11:12:40+00:00","og_image":[{"width":320,"height":350,"url":"https:\/\/www.editorialjuventud.es\/wp-content\/uploads\/9788426133588.jpg","type":"image\/jpeg"}],"twitter_card":"summary_large_image","twitter_misc":{"Temps estimat de lectura":"1 minut"},"schema":{"@context":"https:\/\/schema.org","@graph":[{"@type":"WebPage","@id":"https:\/\/www.editorialjuventud.es\/home-de-color-9788426133588\/","url":"https:\/\/www.editorialjuventud.es\/home-de-color-9788426133588\/","name":"Home de color! - Editorial Juventud","isPartOf":{"@id":"https:\/\/www.editorialjuventud.es\/#website"},"primaryImageOfPage":{"@id":"https:\/\/www.editorialjuventud.es\/home-de-color-9788426133588\/#primaryimage"},"image":{"@id":"https:\/\/www.editorialjuventud.es\/home-de-color-9788426133588\/#primaryimage"},"thumbnailUrl":"https:\/\/www.editorialjuventud.es\/wp-content\/uploads\/9788426133588.jpg","datePublished":"2018-08-24T08:39:03+00:00","dateModified":"2023-06-19T11:12:40+00:00","description":"Jo, home de color quan vaig n\u00e9ixer era negre. Vaig cr\u00e9ixer sent negre. Si prenc el sol, o tinc por, o estic malalt, segueixo sent negre. Mentre que tu","breadcrumb":{"@id":"https:\/\/www.editorialjuventud.es\/home-de-color-9788426133588\/#breadcrumb"},"inLanguage":"ca","potentialAction":[{"@type":"ReadAction","target":["https:\/\/www.editorialjuventud.es\/home-de-color-9788426133588\/"]}]},{"@type":"ImageObject","inLanguage":"ca","@id":"https:\/\/www.editorialjuventud.es\/home-de-color-9788426133588\/#primaryimage","url":"https:\/\/www.editorialjuventud.es\/wp-content\/uploads\/9788426133588.jpg","contentUrl":"https:\/\/www.editorialjuventud.es\/wp-content\/uploads\/9788426133588.jpg","width":320,"height":350,"caption":"9788426133588.jpg"},{"@type":"BreadcrumbList","@id":"https:\/\/www.editorialjuventud.es\/home-de-color-9788426133588\/#breadcrumb","itemListElement":[{"@type":"ListItem","position":1,"name":"Portada","item":"https:\/\/www.editorialjuventud.es\/"},{"@type":"ListItem","position":2,"name":"cat\u00e1logo","item":"https:\/\/www.editorialjuventud.es\/coleccion\/catalogo\/"},{"@type":"ListItem","position":3,"name":"catal\u00e0","item":"https:\/\/www.editorialjuventud.es\/coleccion\/catala\/"},{"@type":"ListItem","position":4,"name":"\u00c0lbums Il\u00b7lustrats","item":"https:\/\/www.editorialjuventud.es\/coleccion\/albums-il%c2%b7lustrats\/"},{"@type":"ListItem","position":5,"name":"Conviv\u00e8ncia i Multiculturalitat","item":"https:\/\/www.editorialjuventud.es\/coleccion\/convivencia-i-multiculturalitat\/"},{"@type":"ListItem","position":6,"name":"Un M\u00f3n de Difer\u00e8ncies","item":"https:\/\/www.editorialjuventud.es\/coleccion\/un-mon-de-diferencies\/"},{"@type":"ListItem","position":7,"name":"Home de color!"}]},{"@type":"WebSite","@id":"https:\/\/www.editorialjuventud.es\/#website","url":"https:\/\/www.editorialjuventud.es\/","name":"Editorial Juventud","description":"","potentialAction":[{"@type":"SearchAction","target":{"@type":"EntryPoint","urlTemplate":"https:\/\/www.editorialjuventud.es\/?s={search_term_string}"},"query-input":{"@type":"PropertyValueSpecification","valueRequired":true,"valueName":"search_term_string"}}],"inLanguage":"ca"}]}},"_links":{"self":[{"href":"https:\/\/www.editorialjuventud.es\/ca\/wp-json\/wp\/v2\/product\/5308","targetHints":{"allow":["GET"]}}],"collection":[{"href":"https:\/\/www.editorialjuventud.es\/ca\/wp-json\/wp\/v2\/product"}],"about":[{"href":"https:\/\/www.editorialjuventud.es\/ca\/wp-json\/wp\/v2\/types\/product"}],"wp:featuredmedia":[{"embeddable":true,"href":"https:\/\/www.editorialjuventud.es\/ca\/wp-json\/wp\/v2\/media\/15661"}],"wp:attachment":[{"href":"https:\/\/www.editorialjuventud.es\/ca\/wp-json\/wp\/v2\/media?parent=5308"}],"wp:term":[{"taxonomy":"product_brand","embeddable":true,"href":"https:\/\/www.editorialjuventud.es\/ca\/wp-json\/wp\/v2\/product_brand?post=5308"},{"taxonomy":"product_cat","embeddable":true,"href":"https:\/\/www.editorialjuventud.es\/ca\/wp-json\/wp\/v2\/product_cat?post=5308"},{"taxonomy":"product_tag","embeddable":true,"href":"https:\/\/www.editorialjuventud.es\/ca\/wp-json\/wp\/v2\/product_tag?post=5308"},{"taxonomy":"coleccion","embeddable":true,"href":"https:\/\/www.editorialjuventud.es\/ca\/wp-json\/wp\/v2\/coleccion?post=5308"}],"curies":[{"name":"wp","href":"https:\/\/api.w.org\/{rel}","templated":true}]}}