{"id":5307,"date":"2018-08-24T12:38:58","date_gmt":"2018-08-24T08:38:58","guid":{"rendered":"http:\/\/www.editorialjuventud.es\/hombre-de-color\/"},"modified":"2025-01-22T13:42:06","modified_gmt":"2025-01-22T12:42:06","slug":"hombre-de-color-9788426133571","status":"publish","type":"product","link":"https:\/\/www.editorialjuventud.es\/ca\/hombre-de-color-9788426133571\/","title":{"rendered":"\u00a1Hombre de color!"},"content":{"rendered":"<p>Yo, hombre de color, cuando nac\u00ed era negro. Crec\u00ed siendo negro. Si tomo el sol o tengo miedo, o enfermo, sigo siendo negro. Mientras que t\u00fa hombre blanco, naciste sonrosado, si tomas el sol enrojeces, si tienes fr\u00edo te vuelves azul y si enfermas amarilleas. \u00bfY t\u00fa me llamas a m\u00ed hombre de color? A pesar que la piel negra tambi\u00e9n tiene diferentes pigmentaciones, este libro pone de manifiesto que blanco y negro son en definitiva colores, as\u00ed pues todos somos hombres de color. Un \u00e1lbum en tono cr\u00edtico, aunque lleno de humor y ternura. Un cuento-poema transmitido de generaci\u00f3n en generaci\u00f3n por la tradici\u00f3n oral africana contra las expresiones racistas, los signos de dominio econ\u00f3mico y cultural, y que cuestiona los prejuicios y las ideas preconcebidas.<\/p>\n","protected":false},"excerpt":{"rendered":"Yo, hombre de color, cuando nac\u00ed era negro. Crec\u00ed siendo negro. Si tomo el sol o tengo miedo, o enfermo, sigo siendo negro. Mientras que t\u00fa hombre blanco, naciste sonrosado, si tomas el sol enrojeces, si tienes fr\u00edo te vuelves [&hellip;]","protected":false},"featured_media":15659,"template":"","meta":{"_acf_changed":false,"_exactmetrics_skip_tracking":false,"_exactmetrics_sitenote_active":false,"_exactmetrics_sitenote_note":"","_exactmetrics_sitenote_category":0},"product_brand":[],"product_cat":[900,1132,1121,1220,1217],"product_tag":[],"coleccion":[],"class_list":{"0":"post-5307","1":"product","2":"type-product","3":"status-publish","4":"has-post-thumbnail","6":"product_cat-a-partir-de-5-anos","7":"product_cat-africa","8":"product_cat-albumes-ilustrados","9":"product_cat-convivencia-relaciones-interculturales","10":"product_cat-racismo-xenofobia","12":"first","13":"instock","14":"taxable","15":"shipping-taxable","16":"purchasable","17":"product-type-simple"},"acf":{"autor":"Ruillier, J\u00e9r\u00f4me","codart":"3357-6","ediciones":"7","encuadernacion":"Carton\u00e9","fecha_de_publicacion":"01\/06\/2006","novedad":"0","paginas":"32","subtitulo":"","texto_web_adicional":"","texto_web_novedad":"","orden":"999","portada":"0","texto_web_resaltado":"","indice":"","autores-libros":[16591],"ilustradores-libros":[16591],"traductores-libros":"","descripcion_corta":"","recomendamos":"","mas_vendido":"","idioma-libro":"","color":false,"formato":"","mas_informacion_del_producto":false,"premios":false,"texto_enlace_cubierta":"","enlace_cubierta":false,"texto_enlace_ficha_tecnica":"","enlace_ficha_tecnica":false,"ficheros":false,"titulo-fr":"","texto-fr":""},"yoast_head":"<!-- This site is optimized with the Yoast SEO plugin v27.5 - https:\/\/yoast.com\/product\/yoast-seo-wordpress\/ -->\n<title>\u00a1Hombre de color! - Editorial Juventud<\/title>\n<meta name=\"description\" content=\"Yo, hombre de color, cuando nac\u00ed era negro. Crec\u00ed siendo negro. Si tomo el sol o tengo miedo, o enfermo, sigo siendo negro. Mientras que t\u00fa hombre blanco,\" \/>\n<meta name=\"robots\" content=\"index, follow, max-snippet:-1, max-image-preview:large, max-video-preview:-1\" \/>\n<link rel=\"canonical\" href=\"https:\/\/www.editorialjuventud.es\/hombre-de-color-9788426133571\/\" \/>\n<meta property=\"og:locale\" content=\"ca_ES\" \/>\n<meta property=\"og:type\" content=\"article\" \/>\n<meta property=\"og:title\" content=\"\u00a1Hombre de color! - Editorial Juventud\" \/>\n<meta property=\"og:description\" content=\"Yo, hombre de color, cuando nac\u00ed era negro. Crec\u00ed siendo negro. Si tomo el sol o tengo miedo, o enfermo, sigo siendo negro. Mientras que t\u00fa hombre blanco,\" \/>\n<meta property=\"og:url\" content=\"https:\/\/www.editorialjuventud.es\/hombre-de-color-9788426133571\/\" \/>\n<meta property=\"og:site_name\" content=\"Editorial Juventud\" \/>\n<meta property=\"article:modified_time\" content=\"2025-01-22T12:42:06+00:00\" \/>\n<meta property=\"og:image\" content=\"https:\/\/www.editorialjuventud.es\/wp-content\/uploads\/9788426133571.jpg\" \/>\n\t<meta property=\"og:image:width\" content=\"362\" \/>\n\t<meta property=\"og:image:height\" content=\"400\" \/>\n\t<meta property=\"og:image:type\" content=\"image\/jpeg\" \/>\n<meta name=\"twitter:card\" content=\"summary_large_image\" \/>\n<meta name=\"twitter:label1\" content=\"Temps estimat de lectura\" \/>\n\t<meta name=\"twitter:data1\" content=\"1 minut\" \/>\n<script type=\"application\/ld+json\" class=\"yoast-schema-graph\">{\"@context\":\"https:\\\/\\\/schema.org\",\"@graph\":[{\"@type\":\"WebPage\",\"@id\":\"https:\\\/\\\/www.editorialjuventud.es\\\/hombre-de-color-9788426133571\\\/\",\"url\":\"https:\\\/\\\/www.editorialjuventud.es\\\/hombre-de-color-9788426133571\\\/\",\"name\":\"\u00a1Hombre de color! - Editorial Juventud\",\"isPartOf\":{\"@id\":\"https:\\\/\\\/www.editorialjuventud.es\\\/#website\"},\"primaryImageOfPage\":{\"@id\":\"https:\\\/\\\/www.editorialjuventud.es\\\/hombre-de-color-9788426133571\\\/#primaryimage\"},\"image\":{\"@id\":\"https:\\\/\\\/www.editorialjuventud.es\\\/hombre-de-color-9788426133571\\\/#primaryimage\"},\"thumbnailUrl\":\"https:\\\/\\\/www.editorialjuventud.es\\\/wp-content\\\/uploads\\\/9788426133571.jpg\",\"datePublished\":\"2018-08-24T08:38:58+00:00\",\"dateModified\":\"2025-01-22T12:42:06+00:00\",\"description\":\"Yo, hombre de color, cuando nac\u00ed era negro. Crec\u00ed siendo negro. Si tomo el sol o tengo miedo, o enfermo, sigo siendo negro. Mientras que t\u00fa hombre blanco,\",\"breadcrumb\":{\"@id\":\"https:\\\/\\\/www.editorialjuventud.es\\\/hombre-de-color-9788426133571\\\/#breadcrumb\"},\"inLanguage\":\"ca\",\"potentialAction\":[{\"@type\":\"ReadAction\",\"target\":[\"https:\\\/\\\/www.editorialjuventud.es\\\/hombre-de-color-9788426133571\\\/\"]}]},{\"@type\":\"ImageObject\",\"inLanguage\":\"ca\",\"@id\":\"https:\\\/\\\/www.editorialjuventud.es\\\/hombre-de-color-9788426133571\\\/#primaryimage\",\"url\":\"https:\\\/\\\/www.editorialjuventud.es\\\/wp-content\\\/uploads\\\/9788426133571.jpg\",\"contentUrl\":\"https:\\\/\\\/www.editorialjuventud.es\\\/wp-content\\\/uploads\\\/9788426133571.jpg\",\"width\":362,\"height\":400,\"caption\":\"9788426133571.jpg\"},{\"@type\":\"BreadcrumbList\",\"@id\":\"https:\\\/\\\/www.editorialjuventud.es\\\/hombre-de-color-9788426133571\\\/#breadcrumb\",\"itemListElement\":[{\"@type\":\"ListItem\",\"position\":1,\"name\":\"Portada\",\"item\":\"https:\\\/\\\/www.editorialjuventud.es\\\/\"},{\"@type\":\"ListItem\",\"position\":2,\"name\":\"cat\u00e1logo\",\"item\":\"https:\\\/\\\/www.editorialjuventud.es\\\/coleccion\\\/catalogo\\\/\"},{\"@type\":\"ListItem\",\"position\":3,\"name\":\"castellano\",\"item\":\"https:\\\/\\\/www.editorialjuventud.es\\\/coleccion\\\/castellano\\\/\"},{\"@type\":\"ListItem\",\"position\":4,\"name\":\"\u00c1lbumes Ilustrados\",\"item\":\"https:\\\/\\\/www.editorialjuventud.es\\\/coleccion\\\/albumes-ilustrados\\\/\"},{\"@type\":\"ListItem\",\"position\":5,\"name\":\"Convivencia y Multiculturalidad\",\"item\":\"https:\\\/\\\/www.editorialjuventud.es\\\/coleccion\\\/convivencia-y-multiculturalidad\\\/\"},{\"@type\":\"ListItem\",\"position\":6,\"name\":\"Un Mundo de Diferencias\",\"item\":\"https:\\\/\\\/www.editorialjuventud.es\\\/coleccion\\\/un-mundo-de-diferencias\\\/\"},{\"@type\":\"ListItem\",\"position\":7,\"name\":\"\u00a1Hombre de color!\"}]},{\"@type\":\"WebSite\",\"@id\":\"https:\\\/\\\/www.editorialjuventud.es\\\/#website\",\"url\":\"https:\\\/\\\/www.editorialjuventud.es\\\/\",\"name\":\"Editorial Juventud\",\"description\":\"\",\"potentialAction\":[{\"@type\":\"SearchAction\",\"target\":{\"@type\":\"EntryPoint\",\"urlTemplate\":\"https:\\\/\\\/www.editorialjuventud.es\\\/?s={search_term_string}\"},\"query-input\":{\"@type\":\"PropertyValueSpecification\",\"valueRequired\":true,\"valueName\":\"search_term_string\"}}],\"inLanguage\":\"ca\"}]}<\/script>\n<!-- \/ Yoast SEO plugin. -->","yoast_head_json":{"title":"\u00a1Hombre de color! - Editorial Juventud","description":"Yo, hombre de color, cuando nac\u00ed era negro. Crec\u00ed siendo negro. Si tomo el sol o tengo miedo, o enfermo, sigo siendo negro. Mientras que t\u00fa hombre blanco,","robots":{"index":"index","follow":"follow","max-snippet":"max-snippet:-1","max-image-preview":"max-image-preview:large","max-video-preview":"max-video-preview:-1"},"canonical":"https:\/\/www.editorialjuventud.es\/hombre-de-color-9788426133571\/","og_locale":"ca_ES","og_type":"article","og_title":"\u00a1Hombre de color! - Editorial Juventud","og_description":"Yo, hombre de color, cuando nac\u00ed era negro. Crec\u00ed siendo negro. Si tomo el sol o tengo miedo, o enfermo, sigo siendo negro. Mientras que t\u00fa hombre blanco,","og_url":"https:\/\/www.editorialjuventud.es\/hombre-de-color-9788426133571\/","og_site_name":"Editorial Juventud","article_modified_time":"2025-01-22T12:42:06+00:00","og_image":[{"width":362,"height":400,"url":"https:\/\/www.editorialjuventud.es\/wp-content\/uploads\/9788426133571.jpg","type":"image\/jpeg"}],"twitter_card":"summary_large_image","twitter_misc":{"Temps estimat de lectura":"1 minut"},"schema":{"@context":"https:\/\/schema.org","@graph":[{"@type":"WebPage","@id":"https:\/\/www.editorialjuventud.es\/hombre-de-color-9788426133571\/","url":"https:\/\/www.editorialjuventud.es\/hombre-de-color-9788426133571\/","name":"\u00a1Hombre de color! - Editorial Juventud","isPartOf":{"@id":"https:\/\/www.editorialjuventud.es\/#website"},"primaryImageOfPage":{"@id":"https:\/\/www.editorialjuventud.es\/hombre-de-color-9788426133571\/#primaryimage"},"image":{"@id":"https:\/\/www.editorialjuventud.es\/hombre-de-color-9788426133571\/#primaryimage"},"thumbnailUrl":"https:\/\/www.editorialjuventud.es\/wp-content\/uploads\/9788426133571.jpg","datePublished":"2018-08-24T08:38:58+00:00","dateModified":"2025-01-22T12:42:06+00:00","description":"Yo, hombre de color, cuando nac\u00ed era negro. Crec\u00ed siendo negro. Si tomo el sol o tengo miedo, o enfermo, sigo siendo negro. Mientras que t\u00fa hombre blanco,","breadcrumb":{"@id":"https:\/\/www.editorialjuventud.es\/hombre-de-color-9788426133571\/#breadcrumb"},"inLanguage":"ca","potentialAction":[{"@type":"ReadAction","target":["https:\/\/www.editorialjuventud.es\/hombre-de-color-9788426133571\/"]}]},{"@type":"ImageObject","inLanguage":"ca","@id":"https:\/\/www.editorialjuventud.es\/hombre-de-color-9788426133571\/#primaryimage","url":"https:\/\/www.editorialjuventud.es\/wp-content\/uploads\/9788426133571.jpg","contentUrl":"https:\/\/www.editorialjuventud.es\/wp-content\/uploads\/9788426133571.jpg","width":362,"height":400,"caption":"9788426133571.jpg"},{"@type":"BreadcrumbList","@id":"https:\/\/www.editorialjuventud.es\/hombre-de-color-9788426133571\/#breadcrumb","itemListElement":[{"@type":"ListItem","position":1,"name":"Portada","item":"https:\/\/www.editorialjuventud.es\/"},{"@type":"ListItem","position":2,"name":"cat\u00e1logo","item":"https:\/\/www.editorialjuventud.es\/coleccion\/catalogo\/"},{"@type":"ListItem","position":3,"name":"castellano","item":"https:\/\/www.editorialjuventud.es\/coleccion\/castellano\/"},{"@type":"ListItem","position":4,"name":"\u00c1lbumes Ilustrados","item":"https:\/\/www.editorialjuventud.es\/coleccion\/albumes-ilustrados\/"},{"@type":"ListItem","position":5,"name":"Convivencia y Multiculturalidad","item":"https:\/\/www.editorialjuventud.es\/coleccion\/convivencia-y-multiculturalidad\/"},{"@type":"ListItem","position":6,"name":"Un Mundo de Diferencias","item":"https:\/\/www.editorialjuventud.es\/coleccion\/un-mundo-de-diferencias\/"},{"@type":"ListItem","position":7,"name":"\u00a1Hombre de color!"}]},{"@type":"WebSite","@id":"https:\/\/www.editorialjuventud.es\/#website","url":"https:\/\/www.editorialjuventud.es\/","name":"Editorial Juventud","description":"","potentialAction":[{"@type":"SearchAction","target":{"@type":"EntryPoint","urlTemplate":"https:\/\/www.editorialjuventud.es\/?s={search_term_string}"},"query-input":{"@type":"PropertyValueSpecification","valueRequired":true,"valueName":"search_term_string"}}],"inLanguage":"ca"}]}},"_links":{"self":[{"href":"https:\/\/www.editorialjuventud.es\/ca\/wp-json\/wp\/v2\/product\/5307","targetHints":{"allow":["GET"]}}],"collection":[{"href":"https:\/\/www.editorialjuventud.es\/ca\/wp-json\/wp\/v2\/product"}],"about":[{"href":"https:\/\/www.editorialjuventud.es\/ca\/wp-json\/wp\/v2\/types\/product"}],"wp:featuredmedia":[{"embeddable":true,"href":"https:\/\/www.editorialjuventud.es\/ca\/wp-json\/wp\/v2\/media\/15659"}],"wp:attachment":[{"href":"https:\/\/www.editorialjuventud.es\/ca\/wp-json\/wp\/v2\/media?parent=5307"}],"wp:term":[{"taxonomy":"product_brand","embeddable":true,"href":"https:\/\/www.editorialjuventud.es\/ca\/wp-json\/wp\/v2\/product_brand?post=5307"},{"taxonomy":"product_cat","embeddable":true,"href":"https:\/\/www.editorialjuventud.es\/ca\/wp-json\/wp\/v2\/product_cat?post=5307"},{"taxonomy":"product_tag","embeddable":true,"href":"https:\/\/www.editorialjuventud.es\/ca\/wp-json\/wp\/v2\/product_tag?post=5307"},{"taxonomy":"coleccion","embeddable":true,"href":"https:\/\/www.editorialjuventud.es\/ca\/wp-json\/wp\/v2\/coleccion?post=5307"}],"curies":[{"name":"wp","href":"https:\/\/api.w.org\/{rel}","templated":true}]}}