{"id":5306,"date":"2018-08-24T12:38:54","date_gmt":"2018-08-24T08:38:54","guid":{"rendered":"http:\/\/www.editorialjuventud.es\/la-travesia-del-hachis\/"},"modified":"2025-07-23T09:25:32","modified_gmt":"2025-07-23T07:25:32","slug":"la-travesia-del-hachis-9788426133564","status":"publish","type":"product","link":"https:\/\/www.editorialjuventud.es\/ca\/la-travesia-del-hachis-9788426133564\/","title":{"rendered":"La traves\u00eda del hach\u00eds"},"content":{"rendered":"<p>Tras un fracaso con sus negocios en las colonias francesas de \u00c1frica, que le produjo cuantiosas p\u00e9rdidas, Henry de Monfried se entera de algunos detalles sobre el contrabando de hach\u00eds en Egipto. Sin pens\u00e1rselo dos veces decide al instante llevar hasta Suez un gran cargamento en su barco. Pero de momento solo sabe dos cosas del hach\u00eds: Se produce en Grecia y se vende muy caro en Egipto. Este es el relato de dicha empresa, tras la compra del hach\u00eds en una granja griega hasta su retorno a Djibuti. Una aventura audaz y accidentada en el misterioso mundo de los contrabandistas del golfo de Suez que tiene \u00e9xito, como reconoce el propio autor, precisamente porqu\u00e9 es una locura.<\/p>\n","protected":false},"excerpt":{"rendered":"Tras un fracaso con sus negocios en las colonias francesas de \u00c1frica, que le produjo cuantiosas p\u00e9rdidas, Henry de Monfried se entera de algunos detalles sobre el contrabando de hach\u00eds en Egipto. Sin pens\u00e1rselo dos veces decide al instante llevar [&hellip;]","protected":false},"featured_media":8721,"template":"","meta":{"_acf_changed":false,"_exactmetrics_skip_tracking":false,"_exactmetrics_sitenote_active":false,"_exactmetrics_sitenote_note":"","_exactmetrics_sitenote_category":0},"product_brand":[],"product_cat":[905,1120,1117],"product_tag":[],"coleccion":[916,936,1363],"class_list":{"0":"post-5306","1":"product","2":"type-product","3":"status-publish","4":"has-post-thumbnail","6":"product_cat-adulto","7":"product_cat-nautica","8":"product_cat-no-ficcion-adulto","9":"coleccion-castellano","10":"coleccion-lecturas-en-torno-al-mar","11":"coleccion-viajes-aventuras-y-expediciones-lecturas-en-torno-al-mar","13":"first","14":"outofstock","15":"taxable","16":"shipping-taxable","17":"purchasable","18":"product-type-simple"},"acf":{"autor":"Monfreid","codart":"3356-8","ediciones":"1","encuadernacion":"R\u00fastica","fecha_de_publicacion":"01\/01\/2010","novedad":"0","paginas":"304","subtitulo":"","texto_web_adicional":"","texto_web_novedad":"","orden":"999","portada":"0","texto_web_resaltado":"","indice":"","autores-libros":[16317],"ilustradores-libros":"","traductores-libros":"","descripcion_corta":"","recomendamos":"","mas_vendido":"","color":false,"formato":"","mas_informacion_del_producto":false,"premios":false,"texto_enlace_cubierta":"","enlace_cubierta":false,"texto_enlace_ficha_tecnica":"","enlace_ficha_tecnica":false,"ficheros":false,"titulo-fr":"","texto-fr":""},"yoast_head":"<!-- This site is optimized with the Yoast SEO plugin v27.3 - https:\/\/yoast.com\/product\/yoast-seo-wordpress\/ -->\n<title>La traves\u00eda del hach\u00eds - Editorial Juventud<\/title>\n<meta name=\"description\" content=\"Tras un fracaso con sus negocios en las colonias francesas de \u00c1frica, que le produjo cuantiosas p\u00e9rdidas, Henry de Monfried se entera de algunos detalles\" \/>\n<meta name=\"robots\" content=\"index, follow, max-snippet:-1, max-image-preview:large, max-video-preview:-1\" \/>\n<link rel=\"canonical\" href=\"https:\/\/www.editorialjuventud.es\/la-travesia-del-hachis-9788426133564\/\" \/>\n<meta property=\"og:locale\" content=\"ca_ES\" \/>\n<meta property=\"og:type\" content=\"article\" \/>\n<meta property=\"og:title\" content=\"La traves\u00eda del hach\u00eds - Editorial Juventud\" \/>\n<meta property=\"og:description\" content=\"Tras un fracaso con sus negocios en las colonias francesas de \u00c1frica, que le produjo cuantiosas p\u00e9rdidas, Henry de Monfried se entera de algunos detalles\" \/>\n<meta property=\"og:url\" content=\"https:\/\/www.editorialjuventud.es\/la-travesia-del-hachis-9788426133564\/\" \/>\n<meta property=\"og:site_name\" content=\"Editorial Juventud\" \/>\n<meta property=\"article:modified_time\" content=\"2025-07-23T07:25:32+00:00\" \/>\n<meta property=\"og:image\" content=\"https:\/\/www.editorialjuventud.es\/wp-content\/uploads\/3356.jpg\" \/>\n\t<meta property=\"og:image:width\" content=\"296\" \/>\n\t<meta property=\"og:image:height\" content=\"446\" \/>\n\t<meta property=\"og:image:type\" content=\"image\/jpeg\" \/>\n<meta name=\"twitter:card\" content=\"summary_large_image\" \/>\n<meta name=\"twitter:label1\" content=\"Temps estimat de lectura\" \/>\n\t<meta name=\"twitter:data1\" content=\"1 minut\" \/>\n<script type=\"application\/ld+json\" class=\"yoast-schema-graph\">{\"@context\":\"https:\\\/\\\/schema.org\",\"@graph\":[{\"@type\":\"WebPage\",\"@id\":\"https:\\\/\\\/www.editorialjuventud.es\\\/la-travesia-del-hachis-9788426133564\\\/\",\"url\":\"https:\\\/\\\/www.editorialjuventud.es\\\/la-travesia-del-hachis-9788426133564\\\/\",\"name\":\"La traves\u00eda del hach\u00eds - Editorial Juventud\",\"isPartOf\":{\"@id\":\"https:\\\/\\\/www.editorialjuventud.es\\\/#website\"},\"primaryImageOfPage\":{\"@id\":\"https:\\\/\\\/www.editorialjuventud.es\\\/la-travesia-del-hachis-9788426133564\\\/#primaryimage\"},\"image\":{\"@id\":\"https:\\\/\\\/www.editorialjuventud.es\\\/la-travesia-del-hachis-9788426133564\\\/#primaryimage\"},\"thumbnailUrl\":\"https:\\\/\\\/www.editorialjuventud.es\\\/wp-content\\\/uploads\\\/3356.jpg\",\"datePublished\":\"2018-08-24T08:38:54+00:00\",\"dateModified\":\"2025-07-23T07:25:32+00:00\",\"description\":\"Tras un fracaso con sus negocios en las colonias francesas de \u00c1frica, que le produjo cuantiosas p\u00e9rdidas, Henry de Monfried se entera de algunos detalles\",\"breadcrumb\":{\"@id\":\"https:\\\/\\\/www.editorialjuventud.es\\\/la-travesia-del-hachis-9788426133564\\\/#breadcrumb\"},\"inLanguage\":\"ca\",\"potentialAction\":[{\"@type\":\"ReadAction\",\"target\":[\"https:\\\/\\\/www.editorialjuventud.es\\\/la-travesia-del-hachis-9788426133564\\\/\"]}]},{\"@type\":\"ImageObject\",\"inLanguage\":\"ca\",\"@id\":\"https:\\\/\\\/www.editorialjuventud.es\\\/la-travesia-del-hachis-9788426133564\\\/#primaryimage\",\"url\":\"https:\\\/\\\/www.editorialjuventud.es\\\/wp-content\\\/uploads\\\/3356.jpg\",\"contentUrl\":\"https:\\\/\\\/www.editorialjuventud.es\\\/wp-content\\\/uploads\\\/3356.jpg\",\"width\":296,\"height\":446,\"caption\":\"3356.jpg\"},{\"@type\":\"BreadcrumbList\",\"@id\":\"https:\\\/\\\/www.editorialjuventud.es\\\/la-travesia-del-hachis-9788426133564\\\/#breadcrumb\",\"itemListElement\":[{\"@type\":\"ListItem\",\"position\":1,\"name\":\"Portada\",\"item\":\"https:\\\/\\\/www.editorialjuventud.es\\\/\"},{\"@type\":\"ListItem\",\"position\":2,\"name\":\"cat\u00e1logo\",\"item\":\"https:\\\/\\\/www.editorialjuventud.es\\\/coleccion\\\/catalogo\\\/\"},{\"@type\":\"ListItem\",\"position\":3,\"name\":\"castellano\",\"item\":\"https:\\\/\\\/www.editorialjuventud.es\\\/coleccion\\\/castellano\\\/\"},{\"@type\":\"ListItem\",\"position\":4,\"name\":\"Lecturas En torno al Mar\",\"item\":\"https:\\\/\\\/www.editorialjuventud.es\\\/coleccion\\\/lecturas-en-torno-al-mar\\\/\"},{\"@type\":\"ListItem\",\"position\":5,\"name\":\"Viajes, Aventuras y Expediciones\",\"item\":\"https:\\\/\\\/www.editorialjuventud.es\\\/coleccion\\\/viajes-aventuras-y-expediciones-lecturas-en-torno-al-mar\\\/\"},{\"@type\":\"ListItem\",\"position\":6,\"name\":\"La traves\u00eda del hach\u00eds\"}]},{\"@type\":\"WebSite\",\"@id\":\"https:\\\/\\\/www.editorialjuventud.es\\\/#website\",\"url\":\"https:\\\/\\\/www.editorialjuventud.es\\\/\",\"name\":\"Editorial Juventud\",\"description\":\"\",\"potentialAction\":[{\"@type\":\"SearchAction\",\"target\":{\"@type\":\"EntryPoint\",\"urlTemplate\":\"https:\\\/\\\/www.editorialjuventud.es\\\/?s={search_term_string}\"},\"query-input\":{\"@type\":\"PropertyValueSpecification\",\"valueRequired\":true,\"valueName\":\"search_term_string\"}}],\"inLanguage\":\"ca\"}]}<\/script>\n<!-- \/ Yoast SEO plugin. -->","yoast_head_json":{"title":"La traves\u00eda del hach\u00eds - Editorial Juventud","description":"Tras un fracaso con sus negocios en las colonias francesas de \u00c1frica, que le produjo cuantiosas p\u00e9rdidas, Henry de Monfried se entera de algunos detalles","robots":{"index":"index","follow":"follow","max-snippet":"max-snippet:-1","max-image-preview":"max-image-preview:large","max-video-preview":"max-video-preview:-1"},"canonical":"https:\/\/www.editorialjuventud.es\/la-travesia-del-hachis-9788426133564\/","og_locale":"ca_ES","og_type":"article","og_title":"La traves\u00eda del hach\u00eds - Editorial Juventud","og_description":"Tras un fracaso con sus negocios en las colonias francesas de \u00c1frica, que le produjo cuantiosas p\u00e9rdidas, Henry de Monfried se entera de algunos detalles","og_url":"https:\/\/www.editorialjuventud.es\/la-travesia-del-hachis-9788426133564\/","og_site_name":"Editorial Juventud","article_modified_time":"2025-07-23T07:25:32+00:00","og_image":[{"width":296,"height":446,"url":"https:\/\/www.editorialjuventud.es\/wp-content\/uploads\/3356.jpg","type":"image\/jpeg"}],"twitter_card":"summary_large_image","twitter_misc":{"Temps estimat de lectura":"1 minut"},"schema":{"@context":"https:\/\/schema.org","@graph":[{"@type":"WebPage","@id":"https:\/\/www.editorialjuventud.es\/la-travesia-del-hachis-9788426133564\/","url":"https:\/\/www.editorialjuventud.es\/la-travesia-del-hachis-9788426133564\/","name":"La traves\u00eda del hach\u00eds - Editorial Juventud","isPartOf":{"@id":"https:\/\/www.editorialjuventud.es\/#website"},"primaryImageOfPage":{"@id":"https:\/\/www.editorialjuventud.es\/la-travesia-del-hachis-9788426133564\/#primaryimage"},"image":{"@id":"https:\/\/www.editorialjuventud.es\/la-travesia-del-hachis-9788426133564\/#primaryimage"},"thumbnailUrl":"https:\/\/www.editorialjuventud.es\/wp-content\/uploads\/3356.jpg","datePublished":"2018-08-24T08:38:54+00:00","dateModified":"2025-07-23T07:25:32+00:00","description":"Tras un fracaso con sus negocios en las colonias francesas de \u00c1frica, que le produjo cuantiosas p\u00e9rdidas, Henry de Monfried se entera de algunos detalles","breadcrumb":{"@id":"https:\/\/www.editorialjuventud.es\/la-travesia-del-hachis-9788426133564\/#breadcrumb"},"inLanguage":"ca","potentialAction":[{"@type":"ReadAction","target":["https:\/\/www.editorialjuventud.es\/la-travesia-del-hachis-9788426133564\/"]}]},{"@type":"ImageObject","inLanguage":"ca","@id":"https:\/\/www.editorialjuventud.es\/la-travesia-del-hachis-9788426133564\/#primaryimage","url":"https:\/\/www.editorialjuventud.es\/wp-content\/uploads\/3356.jpg","contentUrl":"https:\/\/www.editorialjuventud.es\/wp-content\/uploads\/3356.jpg","width":296,"height":446,"caption":"3356.jpg"},{"@type":"BreadcrumbList","@id":"https:\/\/www.editorialjuventud.es\/la-travesia-del-hachis-9788426133564\/#breadcrumb","itemListElement":[{"@type":"ListItem","position":1,"name":"Portada","item":"https:\/\/www.editorialjuventud.es\/"},{"@type":"ListItem","position":2,"name":"cat\u00e1logo","item":"https:\/\/www.editorialjuventud.es\/coleccion\/catalogo\/"},{"@type":"ListItem","position":3,"name":"castellano","item":"https:\/\/www.editorialjuventud.es\/coleccion\/castellano\/"},{"@type":"ListItem","position":4,"name":"Lecturas En torno al Mar","item":"https:\/\/www.editorialjuventud.es\/coleccion\/lecturas-en-torno-al-mar\/"},{"@type":"ListItem","position":5,"name":"Viajes, Aventuras y Expediciones","item":"https:\/\/www.editorialjuventud.es\/coleccion\/viajes-aventuras-y-expediciones-lecturas-en-torno-al-mar\/"},{"@type":"ListItem","position":6,"name":"La traves\u00eda del hach\u00eds"}]},{"@type":"WebSite","@id":"https:\/\/www.editorialjuventud.es\/#website","url":"https:\/\/www.editorialjuventud.es\/","name":"Editorial Juventud","description":"","potentialAction":[{"@type":"SearchAction","target":{"@type":"EntryPoint","urlTemplate":"https:\/\/www.editorialjuventud.es\/?s={search_term_string}"},"query-input":{"@type":"PropertyValueSpecification","valueRequired":true,"valueName":"search_term_string"}}],"inLanguage":"ca"}]}},"_links":{"self":[{"href":"https:\/\/www.editorialjuventud.es\/ca\/wp-json\/wp\/v2\/product\/5306","targetHints":{"allow":["GET"]}}],"collection":[{"href":"https:\/\/www.editorialjuventud.es\/ca\/wp-json\/wp\/v2\/product"}],"about":[{"href":"https:\/\/www.editorialjuventud.es\/ca\/wp-json\/wp\/v2\/types\/product"}],"wp:featuredmedia":[{"embeddable":true,"href":"https:\/\/www.editorialjuventud.es\/ca\/wp-json\/wp\/v2\/media\/8721"}],"wp:attachment":[{"href":"https:\/\/www.editorialjuventud.es\/ca\/wp-json\/wp\/v2\/media?parent=5306"}],"wp:term":[{"taxonomy":"product_brand","embeddable":true,"href":"https:\/\/www.editorialjuventud.es\/ca\/wp-json\/wp\/v2\/product_brand?post=5306"},{"taxonomy":"product_cat","embeddable":true,"href":"https:\/\/www.editorialjuventud.es\/ca\/wp-json\/wp\/v2\/product_cat?post=5306"},{"taxonomy":"product_tag","embeddable":true,"href":"https:\/\/www.editorialjuventud.es\/ca\/wp-json\/wp\/v2\/product_tag?post=5306"},{"taxonomy":"coleccion","embeddable":true,"href":"https:\/\/www.editorialjuventud.es\/ca\/wp-json\/wp\/v2\/coleccion?post=5306"}],"curies":[{"name":"wp","href":"https:\/\/api.w.org\/{rel}","templated":true}]}}