{"id":5304,"date":"2018-08-24T10:38:46","date_gmt":"2018-08-24T08:38:46","guid":{"rendered":"http:\/\/www.editorialjuventud.es\/dos-ranas\/"},"modified":"2025-01-22T13:42:20","modified_gmt":"2025-01-22T12:42:20","slug":"dos-ranas-9788426133540","status":"publish","type":"product","link":"https:\/\/www.editorialjuventud.es\/ca\/dos-ranas-9788426133540\/","title":{"rendered":"Dos ranas"},"content":{"rendered":"<p>Dos ranas sentadas en una hoja de nen\u00fafar en medio de un estanque, charlan sobre los peligros que les rodean. Una lleva un palo, por seguridad dice, para hacer huir al perro; pero no hay ning\u00fan perro. La otra rana piensa que la \u00fanica amenaza real son los lucios y las garzas y en su acalorado debate con su amiga se r\u00ede tanto, que accidentalmente cae al agua. Al o\u00edr el chapoteo, un lucio est\u00e1 a punto de trag\u00e1rselas, pero en el mismo instante una garza las coge con su pico a las dos. As\u00ed empiezan sus desventuras que, con un poco de fortuna, se resuelven gracias a un final divertido y sorprendente. Un texto breve con di\u00e1logos incisivos, e ilustrado con unos primeros planos de las dos ranas de gran expresividad. Una historia que ilustra con humor la actitud infantil de querer tener siempre la \u00faltima palabra. <\/p>\n","protected":false},"excerpt":{"rendered":"Dos ranas sentadas en una hoja de nen\u00fafar en medio de un estanque, charlan sobre los peligros que les rodean. Una lleva un palo, por seguridad dice, para hacer huir al perro; pero no hay ning\u00fan perro. La otra rana [&hellip;]","protected":false},"featured_media":8705,"template":"","meta":{"_acf_changed":false,"_exactmetrics_skip_tracking":false,"_exactmetrics_sitenote_active":false,"_exactmetrics_sitenote_note":"","_exactmetrics_sitenote_category":0},"product_brand":[],"product_cat":[900,1121,1184,1223],"product_tag":[],"coleccion":[993],"class_list":{"0":"post-5304","1":"product","2":"type-product","3":"status-publish","4":"has-post-thumbnail","6":"product_cat-a-partir-de-5-anos","7":"product_cat-albumes-ilustrados","8":"product_cat-humor","9":"product_cat-supervivencia","10":"coleccion-leer-entre-risas","12":"first","13":"instock","14":"taxable","15":"shipping-taxable","16":"purchasable","17":"product-type-simple"},"acf":{"autor":"Worwell","codart":"3354-1","ediciones":"0","encuadernacion":"Carton\u00e9","fecha_de_publicacion":"01\/01\/2010","novedad":"0","paginas":"32","subtitulo":"","texto_web_adicional":"","texto_web_novedad":"","orden":"999","portada":"0","texto_web_resaltado":"","autores-libros":[16692],"ilustradores-libros":[16692]},"yoast_head":"<!-- This site is optimized with the Yoast SEO plugin v27.5 - https:\/\/yoast.com\/product\/yoast-seo-wordpress\/ -->\n<title>Dos ranas - Editorial Juventud<\/title>\n<meta name=\"description\" content=\"Dos ranas sentadas en una hoja de nen\u00fafar en medio de un estanque, charlan sobre los peligros que les rodean. Una lleva un palo, por seguridad dice, para\" \/>\n<meta name=\"robots\" content=\"index, follow, max-snippet:-1, max-image-preview:large, max-video-preview:-1\" \/>\n<link rel=\"canonical\" href=\"https:\/\/www.editorialjuventud.es\/dos-ranas-9788426133540\/\" \/>\n<meta property=\"og:locale\" content=\"ca_ES\" \/>\n<meta property=\"og:type\" content=\"article\" \/>\n<meta property=\"og:title\" content=\"Dos ranas - Editorial Juventud\" \/>\n<meta property=\"og:description\" content=\"Dos ranas sentadas en una hoja de nen\u00fafar en medio de un estanque, charlan sobre los peligros que les rodean. Una lleva un palo, por seguridad dice, para\" \/>\n<meta property=\"og:url\" content=\"https:\/\/www.editorialjuventud.es\/dos-ranas-9788426133540\/\" \/>\n<meta property=\"og:site_name\" content=\"Editorial Juventud\" \/>\n<meta property=\"article:modified_time\" content=\"2025-01-22T12:42:20+00:00\" \/>\n<meta property=\"og:image\" content=\"https:\/\/www.editorialjuventud.es\/wp-content\/uploads\/3354.jpg\" \/>\n\t<meta property=\"og:image:width\" content=\"338\" \/>\n\t<meta property=\"og:image:height\" content=\"350\" \/>\n\t<meta property=\"og:image:type\" content=\"image\/jpeg\" \/>\n<meta name=\"twitter:card\" content=\"summary_large_image\" \/>\n<meta name=\"twitter:label1\" content=\"Temps estimat de lectura\" \/>\n\t<meta name=\"twitter:data1\" content=\"1 minut\" \/>\n<script type=\"application\/ld+json\" class=\"yoast-schema-graph\">{\"@context\":\"https:\\\/\\\/schema.org\",\"@graph\":[{\"@type\":\"WebPage\",\"@id\":\"https:\\\/\\\/www.editorialjuventud.es\\\/dos-ranas-9788426133540\\\/\",\"url\":\"https:\\\/\\\/www.editorialjuventud.es\\\/dos-ranas-9788426133540\\\/\",\"name\":\"Dos ranas - Editorial Juventud\",\"isPartOf\":{\"@id\":\"https:\\\/\\\/www.editorialjuventud.es\\\/#website\"},\"primaryImageOfPage\":{\"@id\":\"https:\\\/\\\/www.editorialjuventud.es\\\/dos-ranas-9788426133540\\\/#primaryimage\"},\"image\":{\"@id\":\"https:\\\/\\\/www.editorialjuventud.es\\\/dos-ranas-9788426133540\\\/#primaryimage\"},\"thumbnailUrl\":\"https:\\\/\\\/www.editorialjuventud.es\\\/wp-content\\\/uploads\\\/3354.jpg\",\"datePublished\":\"2018-08-24T08:38:46+00:00\",\"dateModified\":\"2025-01-22T12:42:20+00:00\",\"description\":\"Dos ranas sentadas en una hoja de nen\u00fafar en medio de un estanque, charlan sobre los peligros que les rodean. Una lleva un palo, por seguridad dice, para\",\"breadcrumb\":{\"@id\":\"https:\\\/\\\/www.editorialjuventud.es\\\/dos-ranas-9788426133540\\\/#breadcrumb\"},\"inLanguage\":\"ca\",\"potentialAction\":[{\"@type\":\"ReadAction\",\"target\":[\"https:\\\/\\\/www.editorialjuventud.es\\\/dos-ranas-9788426133540\\\/\"]}]},{\"@type\":\"ImageObject\",\"inLanguage\":\"ca\",\"@id\":\"https:\\\/\\\/www.editorialjuventud.es\\\/dos-ranas-9788426133540\\\/#primaryimage\",\"url\":\"https:\\\/\\\/www.editorialjuventud.es\\\/wp-content\\\/uploads\\\/3354.jpg\",\"contentUrl\":\"https:\\\/\\\/www.editorialjuventud.es\\\/wp-content\\\/uploads\\\/3354.jpg\",\"width\":338,\"height\":350,\"caption\":\"3354.jpg\"},{\"@type\":\"BreadcrumbList\",\"@id\":\"https:\\\/\\\/www.editorialjuventud.es\\\/dos-ranas-9788426133540\\\/#breadcrumb\",\"itemListElement\":[{\"@type\":\"ListItem\",\"position\":1,\"name\":\"Portada\",\"item\":\"https:\\\/\\\/www.editorialjuventud.es\\\/\"},{\"@type\":\"ListItem\",\"position\":2,\"name\":\"cat\u00e1logo\",\"item\":\"https:\\\/\\\/www.editorialjuventud.es\\\/coleccion\\\/catalogo\\\/\"},{\"@type\":\"ListItem\",\"position\":3,\"name\":\"castellano\",\"item\":\"https:\\\/\\\/www.editorialjuventud.es\\\/coleccion\\\/castellano\\\/\"},{\"@type\":\"ListItem\",\"position\":4,\"name\":\"\u00c1lbumes Ilustrados\",\"item\":\"https:\\\/\\\/www.editorialjuventud.es\\\/coleccion\\\/albumes-ilustrados\\\/\"},{\"@type\":\"ListItem\",\"position\":5,\"name\":\"Leer entre Risas\",\"item\":\"https:\\\/\\\/www.editorialjuventud.es\\\/coleccion\\\/leer-entre-risas\\\/\"},{\"@type\":\"ListItem\",\"position\":6,\"name\":\"Dos ranas\"}]},{\"@type\":\"WebSite\",\"@id\":\"https:\\\/\\\/www.editorialjuventud.es\\\/#website\",\"url\":\"https:\\\/\\\/www.editorialjuventud.es\\\/\",\"name\":\"Editorial Juventud\",\"description\":\"\",\"potentialAction\":[{\"@type\":\"SearchAction\",\"target\":{\"@type\":\"EntryPoint\",\"urlTemplate\":\"https:\\\/\\\/www.editorialjuventud.es\\\/?s={search_term_string}\"},\"query-input\":{\"@type\":\"PropertyValueSpecification\",\"valueRequired\":true,\"valueName\":\"search_term_string\"}}],\"inLanguage\":\"ca\"}]}<\/script>\n<!-- \/ Yoast SEO plugin. -->","yoast_head_json":{"title":"Dos ranas - Editorial Juventud","description":"Dos ranas sentadas en una hoja de nen\u00fafar en medio de un estanque, charlan sobre los peligros que les rodean. Una lleva un palo, por seguridad dice, para","robots":{"index":"index","follow":"follow","max-snippet":"max-snippet:-1","max-image-preview":"max-image-preview:large","max-video-preview":"max-video-preview:-1"},"canonical":"https:\/\/www.editorialjuventud.es\/dos-ranas-9788426133540\/","og_locale":"ca_ES","og_type":"article","og_title":"Dos ranas - Editorial Juventud","og_description":"Dos ranas sentadas en una hoja de nen\u00fafar en medio de un estanque, charlan sobre los peligros que les rodean. Una lleva un palo, por seguridad dice, para","og_url":"https:\/\/www.editorialjuventud.es\/dos-ranas-9788426133540\/","og_site_name":"Editorial Juventud","article_modified_time":"2025-01-22T12:42:20+00:00","og_image":[{"width":338,"height":350,"url":"https:\/\/www.editorialjuventud.es\/wp-content\/uploads\/3354.jpg","type":"image\/jpeg"}],"twitter_card":"summary_large_image","twitter_misc":{"Temps estimat de lectura":"1 minut"},"schema":{"@context":"https:\/\/schema.org","@graph":[{"@type":"WebPage","@id":"https:\/\/www.editorialjuventud.es\/dos-ranas-9788426133540\/","url":"https:\/\/www.editorialjuventud.es\/dos-ranas-9788426133540\/","name":"Dos ranas - Editorial Juventud","isPartOf":{"@id":"https:\/\/www.editorialjuventud.es\/#website"},"primaryImageOfPage":{"@id":"https:\/\/www.editorialjuventud.es\/dos-ranas-9788426133540\/#primaryimage"},"image":{"@id":"https:\/\/www.editorialjuventud.es\/dos-ranas-9788426133540\/#primaryimage"},"thumbnailUrl":"https:\/\/www.editorialjuventud.es\/wp-content\/uploads\/3354.jpg","datePublished":"2018-08-24T08:38:46+00:00","dateModified":"2025-01-22T12:42:20+00:00","description":"Dos ranas sentadas en una hoja de nen\u00fafar en medio de un estanque, charlan sobre los peligros que les rodean. Una lleva un palo, por seguridad dice, para","breadcrumb":{"@id":"https:\/\/www.editorialjuventud.es\/dos-ranas-9788426133540\/#breadcrumb"},"inLanguage":"ca","potentialAction":[{"@type":"ReadAction","target":["https:\/\/www.editorialjuventud.es\/dos-ranas-9788426133540\/"]}]},{"@type":"ImageObject","inLanguage":"ca","@id":"https:\/\/www.editorialjuventud.es\/dos-ranas-9788426133540\/#primaryimage","url":"https:\/\/www.editorialjuventud.es\/wp-content\/uploads\/3354.jpg","contentUrl":"https:\/\/www.editorialjuventud.es\/wp-content\/uploads\/3354.jpg","width":338,"height":350,"caption":"3354.jpg"},{"@type":"BreadcrumbList","@id":"https:\/\/www.editorialjuventud.es\/dos-ranas-9788426133540\/#breadcrumb","itemListElement":[{"@type":"ListItem","position":1,"name":"Portada","item":"https:\/\/www.editorialjuventud.es\/"},{"@type":"ListItem","position":2,"name":"cat\u00e1logo","item":"https:\/\/www.editorialjuventud.es\/coleccion\/catalogo\/"},{"@type":"ListItem","position":3,"name":"castellano","item":"https:\/\/www.editorialjuventud.es\/coleccion\/castellano\/"},{"@type":"ListItem","position":4,"name":"\u00c1lbumes Ilustrados","item":"https:\/\/www.editorialjuventud.es\/coleccion\/albumes-ilustrados\/"},{"@type":"ListItem","position":5,"name":"Leer entre Risas","item":"https:\/\/www.editorialjuventud.es\/coleccion\/leer-entre-risas\/"},{"@type":"ListItem","position":6,"name":"Dos ranas"}]},{"@type":"WebSite","@id":"https:\/\/www.editorialjuventud.es\/#website","url":"https:\/\/www.editorialjuventud.es\/","name":"Editorial Juventud","description":"","potentialAction":[{"@type":"SearchAction","target":{"@type":"EntryPoint","urlTemplate":"https:\/\/www.editorialjuventud.es\/?s={search_term_string}"},"query-input":{"@type":"PropertyValueSpecification","valueRequired":true,"valueName":"search_term_string"}}],"inLanguage":"ca"}]}},"_links":{"self":[{"href":"https:\/\/www.editorialjuventud.es\/ca\/wp-json\/wp\/v2\/product\/5304","targetHints":{"allow":["GET"]}}],"collection":[{"href":"https:\/\/www.editorialjuventud.es\/ca\/wp-json\/wp\/v2\/product"}],"about":[{"href":"https:\/\/www.editorialjuventud.es\/ca\/wp-json\/wp\/v2\/types\/product"}],"wp:featuredmedia":[{"embeddable":true,"href":"https:\/\/www.editorialjuventud.es\/ca\/wp-json\/wp\/v2\/media\/8705"}],"wp:attachment":[{"href":"https:\/\/www.editorialjuventud.es\/ca\/wp-json\/wp\/v2\/media?parent=5304"}],"wp:term":[{"taxonomy":"product_brand","embeddable":true,"href":"https:\/\/www.editorialjuventud.es\/ca\/wp-json\/wp\/v2\/product_brand?post=5304"},{"taxonomy":"product_cat","embeddable":true,"href":"https:\/\/www.editorialjuventud.es\/ca\/wp-json\/wp\/v2\/product_cat?post=5304"},{"taxonomy":"product_tag","embeddable":true,"href":"https:\/\/www.editorialjuventud.es\/ca\/wp-json\/wp\/v2\/product_tag?post=5304"},{"taxonomy":"coleccion","embeddable":true,"href":"https:\/\/www.editorialjuventud.es\/ca\/wp-json\/wp\/v2\/coleccion?post=5304"}],"curies":[{"name":"wp","href":"https:\/\/api.w.org\/{rel}","templated":true}]}}