{"id":5302,"date":"2018-08-24T12:38:38","date_gmt":"2018-08-24T08:38:38","guid":{"rendered":"http:\/\/www.editorialjuventud.es\/siete-eslabones\/"},"modified":"2025-07-23T09:55:08","modified_gmt":"2025-07-23T07:55:08","slug":"siete-eslabones-9788426133496","status":"publish","type":"product","link":"https:\/\/www.editorialjuventud.es\/ca\/siete-eslabones-9788426133496\/","title":{"rendered":"Siete eslabones"},"content":{"rendered":"<p>Siete eslabones es un conjunto de narraciones, todas ellas ambientadas en escenarios de la marina de los a\u00f1os cincuenta. Siete relatos cuyos protagonistas se mueven en el exiguo espacio de muelles y cubiertas de barco, llevando a cabo un destino no siempre triunfante.<br \/>\nEscritos por alguien que conoce el mar y ha tenido el tiempo necesario para la observaci\u00f3n, estos siete relatos sin m\u00e1s conexi\u00f3n entre s\u00ed que la tem\u00e1tica marinera, conservan un ritmo \u00e1gil de principio a fin.<\/p>\n","protected":false},"excerpt":{"rendered":"Siete eslabones es un conjunto de narraciones, todas ellas ambientadas en escenarios de la marina de los a\u00f1os cincuenta. Siete relatos cuyos protagonistas se mueven en el exiguo espacio de muelles y cubiertas de barco, llevando a cabo un destino [&hellip;]","protected":false},"featured_media":8701,"template":"","meta":{"_acf_changed":false,"_exactmetrics_skip_tracking":false,"_exactmetrics_sitenote_active":false,"_exactmetrics_sitenote_note":"","_exactmetrics_sitenote_category":0},"product_brand":[],"product_cat":[905,1120],"product_tag":[],"coleccion":[936,1088,1081],"class_list":{"0":"post-5302","1":"product","2":"type-product","3":"status-publish","4":"has-post-thumbnail","6":"product_cat-adulto","7":"product_cat-nautica","8":"coleccion-lecturas-en-torno-al-mar","9":"coleccion-narrativa-maritima-lecturas-entorno-al-mar","10":"coleccion-nostromo-la-aventura-maritima","12":"first","13":"outofstock","14":"taxable","15":"shipping-taxable","16":"purchasable","17":"product-type-simple"},"acf":{"autor":"Fontdecabra","codart":"3349-5","ediciones":"1","encuadernacion":"R\u00fastica","fecha_de_publicacion":"01\/01\/2003","novedad":"0","paginas":"208","subtitulo":"","texto_web_adicional":"","texto_web_novedad":"","orden":"999","portada":"0","texto_web_resaltado":"","autores-libros":[16360],"traductores-libros":[18369]},"yoast_head":"<!-- This site is optimized with the Yoast SEO plugin v27.3 - https:\/\/yoast.com\/product\/yoast-seo-wordpress\/ -->\n<title>Siete eslabones - Editorial Juventud<\/title>\n<meta name=\"description\" content=\"Siete eslabones es un conjunto de narraciones, todas ellas ambientadas en escenarios de la marina de los a\u00f1os cincuenta. Siete relatos cuyos protagonistas\" \/>\n<meta name=\"robots\" content=\"index, follow, max-snippet:-1, max-image-preview:large, max-video-preview:-1\" \/>\n<link rel=\"canonical\" href=\"https:\/\/www.editorialjuventud.es\/siete-eslabones-9788426133496\/\" \/>\n<meta property=\"og:locale\" content=\"ca_ES\" \/>\n<meta property=\"og:type\" content=\"article\" \/>\n<meta property=\"og:title\" content=\"Siete eslabones - Editorial Juventud\" \/>\n<meta property=\"og:description\" content=\"Siete eslabones es un conjunto de narraciones, todas ellas ambientadas en escenarios de la marina de los a\u00f1os cincuenta. Siete relatos cuyos protagonistas\" \/>\n<meta property=\"og:url\" content=\"https:\/\/www.editorialjuventud.es\/siete-eslabones-9788426133496\/\" \/>\n<meta property=\"og:site_name\" content=\"Editorial Juventud\" \/>\n<meta property=\"article:modified_time\" content=\"2025-07-23T07:55:08+00:00\" \/>\n<meta property=\"og:image\" content=\"https:\/\/www.editorialjuventud.es\/wp-content\/uploads\/3349.jpg\" \/>\n\t<meta property=\"og:image:width\" content=\"253\" \/>\n\t<meta property=\"og:image:height\" content=\"398\" \/>\n\t<meta property=\"og:image:type\" content=\"image\/jpeg\" \/>\n<meta name=\"twitter:card\" content=\"summary_large_image\" \/>\n<script type=\"application\/ld+json\" class=\"yoast-schema-graph\">{\"@context\":\"https:\\\/\\\/schema.org\",\"@graph\":[{\"@type\":\"WebPage\",\"@id\":\"https:\\\/\\\/www.editorialjuventud.es\\\/siete-eslabones-9788426133496\\\/\",\"url\":\"https:\\\/\\\/www.editorialjuventud.es\\\/siete-eslabones-9788426133496\\\/\",\"name\":\"Siete eslabones - Editorial Juventud\",\"isPartOf\":{\"@id\":\"https:\\\/\\\/www.editorialjuventud.es\\\/#website\"},\"primaryImageOfPage\":{\"@id\":\"https:\\\/\\\/www.editorialjuventud.es\\\/siete-eslabones-9788426133496\\\/#primaryimage\"},\"image\":{\"@id\":\"https:\\\/\\\/www.editorialjuventud.es\\\/siete-eslabones-9788426133496\\\/#primaryimage\"},\"thumbnailUrl\":\"https:\\\/\\\/www.editorialjuventud.es\\\/wp-content\\\/uploads\\\/3349.jpg\",\"datePublished\":\"2018-08-24T08:38:38+00:00\",\"dateModified\":\"2025-07-23T07:55:08+00:00\",\"description\":\"Siete eslabones es un conjunto de narraciones, todas ellas ambientadas en escenarios de la marina de los a\u00f1os cincuenta. Siete relatos cuyos protagonistas\",\"breadcrumb\":{\"@id\":\"https:\\\/\\\/www.editorialjuventud.es\\\/siete-eslabones-9788426133496\\\/#breadcrumb\"},\"inLanguage\":\"ca\",\"potentialAction\":[{\"@type\":\"ReadAction\",\"target\":[\"https:\\\/\\\/www.editorialjuventud.es\\\/siete-eslabones-9788426133496\\\/\"]}]},{\"@type\":\"ImageObject\",\"inLanguage\":\"ca\",\"@id\":\"https:\\\/\\\/www.editorialjuventud.es\\\/siete-eslabones-9788426133496\\\/#primaryimage\",\"url\":\"https:\\\/\\\/www.editorialjuventud.es\\\/wp-content\\\/uploads\\\/3349.jpg\",\"contentUrl\":\"https:\\\/\\\/www.editorialjuventud.es\\\/wp-content\\\/uploads\\\/3349.jpg\",\"width\":253,\"height\":398,\"caption\":\"3349.jpg\"},{\"@type\":\"BreadcrumbList\",\"@id\":\"https:\\\/\\\/www.editorialjuventud.es\\\/siete-eslabones-9788426133496\\\/#breadcrumb\",\"itemListElement\":[{\"@type\":\"ListItem\",\"position\":1,\"name\":\"Portada\",\"item\":\"https:\\\/\\\/www.editorialjuventud.es\\\/\"},{\"@type\":\"ListItem\",\"position\":2,\"name\":\"cat\u00e1logo\",\"item\":\"https:\\\/\\\/www.editorialjuventud.es\\\/coleccion\\\/catalogo\\\/\"},{\"@type\":\"ListItem\",\"position\":3,\"name\":\"castellano\",\"item\":\"https:\\\/\\\/www.editorialjuventud.es\\\/coleccion\\\/castellano\\\/\"},{\"@type\":\"ListItem\",\"position\":4,\"name\":\"Lecturas En torno al Mar\",\"item\":\"https:\\\/\\\/www.editorialjuventud.es\\\/coleccion\\\/lecturas-en-torno-al-mar\\\/\"},{\"@type\":\"ListItem\",\"position\":5,\"name\":\"Narrativa Mar\u00edtima\",\"item\":\"https:\\\/\\\/www.editorialjuventud.es\\\/ca\\\/coleccion\\\/narrativa-maritima-lecturas-entorno-al-mar\\\/\"},{\"@type\":\"ListItem\",\"position\":6,\"name\":\"Nostromo. La Aventura Mar\u00edtima\",\"item\":\"https:\\\/\\\/www.editorialjuventud.es\\\/ca\\\/coleccion\\\/nostromo-la-aventura-maritima\\\/\"},{\"@type\":\"ListItem\",\"position\":7,\"name\":\"Siete eslabones\"}]},{\"@type\":\"WebSite\",\"@id\":\"https:\\\/\\\/www.editorialjuventud.es\\\/#website\",\"url\":\"https:\\\/\\\/www.editorialjuventud.es\\\/\",\"name\":\"Editorial Juventud\",\"description\":\"\",\"potentialAction\":[{\"@type\":\"SearchAction\",\"target\":{\"@type\":\"EntryPoint\",\"urlTemplate\":\"https:\\\/\\\/www.editorialjuventud.es\\\/?s={search_term_string}\"},\"query-input\":{\"@type\":\"PropertyValueSpecification\",\"valueRequired\":true,\"valueName\":\"search_term_string\"}}],\"inLanguage\":\"ca\"}]}<\/script>\n<!-- \/ Yoast SEO plugin. -->","yoast_head_json":{"title":"Siete eslabones - Editorial Juventud","description":"Siete eslabones es un conjunto de narraciones, todas ellas ambientadas en escenarios de la marina de los a\u00f1os cincuenta. Siete relatos cuyos protagonistas","robots":{"index":"index","follow":"follow","max-snippet":"max-snippet:-1","max-image-preview":"max-image-preview:large","max-video-preview":"max-video-preview:-1"},"canonical":"https:\/\/www.editorialjuventud.es\/siete-eslabones-9788426133496\/","og_locale":"ca_ES","og_type":"article","og_title":"Siete eslabones - Editorial Juventud","og_description":"Siete eslabones es un conjunto de narraciones, todas ellas ambientadas en escenarios de la marina de los a\u00f1os cincuenta. Siete relatos cuyos protagonistas","og_url":"https:\/\/www.editorialjuventud.es\/siete-eslabones-9788426133496\/","og_site_name":"Editorial Juventud","article_modified_time":"2025-07-23T07:55:08+00:00","og_image":[{"width":253,"height":398,"url":"https:\/\/www.editorialjuventud.es\/wp-content\/uploads\/3349.jpg","type":"image\/jpeg"}],"twitter_card":"summary_large_image","schema":{"@context":"https:\/\/schema.org","@graph":[{"@type":"WebPage","@id":"https:\/\/www.editorialjuventud.es\/siete-eslabones-9788426133496\/","url":"https:\/\/www.editorialjuventud.es\/siete-eslabones-9788426133496\/","name":"Siete eslabones - Editorial Juventud","isPartOf":{"@id":"https:\/\/www.editorialjuventud.es\/#website"},"primaryImageOfPage":{"@id":"https:\/\/www.editorialjuventud.es\/siete-eslabones-9788426133496\/#primaryimage"},"image":{"@id":"https:\/\/www.editorialjuventud.es\/siete-eslabones-9788426133496\/#primaryimage"},"thumbnailUrl":"https:\/\/www.editorialjuventud.es\/wp-content\/uploads\/3349.jpg","datePublished":"2018-08-24T08:38:38+00:00","dateModified":"2025-07-23T07:55:08+00:00","description":"Siete eslabones es un conjunto de narraciones, todas ellas ambientadas en escenarios de la marina de los a\u00f1os cincuenta. Siete relatos cuyos protagonistas","breadcrumb":{"@id":"https:\/\/www.editorialjuventud.es\/siete-eslabones-9788426133496\/#breadcrumb"},"inLanguage":"ca","potentialAction":[{"@type":"ReadAction","target":["https:\/\/www.editorialjuventud.es\/siete-eslabones-9788426133496\/"]}]},{"@type":"ImageObject","inLanguage":"ca","@id":"https:\/\/www.editorialjuventud.es\/siete-eslabones-9788426133496\/#primaryimage","url":"https:\/\/www.editorialjuventud.es\/wp-content\/uploads\/3349.jpg","contentUrl":"https:\/\/www.editorialjuventud.es\/wp-content\/uploads\/3349.jpg","width":253,"height":398,"caption":"3349.jpg"},{"@type":"BreadcrumbList","@id":"https:\/\/www.editorialjuventud.es\/siete-eslabones-9788426133496\/#breadcrumb","itemListElement":[{"@type":"ListItem","position":1,"name":"Portada","item":"https:\/\/www.editorialjuventud.es\/"},{"@type":"ListItem","position":2,"name":"cat\u00e1logo","item":"https:\/\/www.editorialjuventud.es\/coleccion\/catalogo\/"},{"@type":"ListItem","position":3,"name":"castellano","item":"https:\/\/www.editorialjuventud.es\/coleccion\/castellano\/"},{"@type":"ListItem","position":4,"name":"Lecturas En torno al Mar","item":"https:\/\/www.editorialjuventud.es\/coleccion\/lecturas-en-torno-al-mar\/"},{"@type":"ListItem","position":5,"name":"Narrativa Mar\u00edtima","item":"https:\/\/www.editorialjuventud.es\/ca\/coleccion\/narrativa-maritima-lecturas-entorno-al-mar\/"},{"@type":"ListItem","position":6,"name":"Nostromo. La Aventura Mar\u00edtima","item":"https:\/\/www.editorialjuventud.es\/ca\/coleccion\/nostromo-la-aventura-maritima\/"},{"@type":"ListItem","position":7,"name":"Siete eslabones"}]},{"@type":"WebSite","@id":"https:\/\/www.editorialjuventud.es\/#website","url":"https:\/\/www.editorialjuventud.es\/","name":"Editorial Juventud","description":"","potentialAction":[{"@type":"SearchAction","target":{"@type":"EntryPoint","urlTemplate":"https:\/\/www.editorialjuventud.es\/?s={search_term_string}"},"query-input":{"@type":"PropertyValueSpecification","valueRequired":true,"valueName":"search_term_string"}}],"inLanguage":"ca"}]}},"_links":{"self":[{"href":"https:\/\/www.editorialjuventud.es\/ca\/wp-json\/wp\/v2\/product\/5302","targetHints":{"allow":["GET"]}}],"collection":[{"href":"https:\/\/www.editorialjuventud.es\/ca\/wp-json\/wp\/v2\/product"}],"about":[{"href":"https:\/\/www.editorialjuventud.es\/ca\/wp-json\/wp\/v2\/types\/product"}],"wp:featuredmedia":[{"embeddable":true,"href":"https:\/\/www.editorialjuventud.es\/ca\/wp-json\/wp\/v2\/media\/8701"}],"wp:attachment":[{"href":"https:\/\/www.editorialjuventud.es\/ca\/wp-json\/wp\/v2\/media?parent=5302"}],"wp:term":[{"taxonomy":"product_brand","embeddable":true,"href":"https:\/\/www.editorialjuventud.es\/ca\/wp-json\/wp\/v2\/product_brand?post=5302"},{"taxonomy":"product_cat","embeddable":true,"href":"https:\/\/www.editorialjuventud.es\/ca\/wp-json\/wp\/v2\/product_cat?post=5302"},{"taxonomy":"product_tag","embeddable":true,"href":"https:\/\/www.editorialjuventud.es\/ca\/wp-json\/wp\/v2\/product_tag?post=5302"},{"taxonomy":"coleccion","embeddable":true,"href":"https:\/\/www.editorialjuventud.es\/ca\/wp-json\/wp\/v2\/coleccion?post=5302"}],"curies":[{"name":"wp","href":"https:\/\/api.w.org\/{rel}","templated":true}]}}