{"id":5297,"date":"2018-08-24T10:38:14","date_gmt":"2018-08-24T08:38:14","guid":{"rendered":"http:\/\/www.editorialjuventud.es\/la-gallina-hambrienta\/"},"modified":"2025-01-22T13:42:31","modified_gmt":"2025-01-22T12:42:31","slug":"la-gallina-hambrienta-9788426133397","status":"publish","type":"product","link":"https:\/\/www.editorialjuventud.es\/ca\/la-gallina-hambrienta-9788426133397\/","title":{"rendered":"La gallina hambrienta"},"content":{"rendered":"<p>\u00c9rase una vez una gallina muy hambrienta, que com\u00eda y com\u00eda, y crec\u00eda y crec\u00eda, y cuanto m\u00e1s com\u00eda, m\u00e1s crec\u00eda. En lo alto de una colina un zorro la observaba relami\u00e9ndose los labios, esperando d\u00eda a d\u00eda a que la gallina fuera engordando, hasta que un d\u00eda no pudo aguantar m\u00e1s? Un f\u00e1bula con un final inesperado.  <\/p>\n","protected":false},"excerpt":{"rendered":"\u00c9rase una vez una gallina muy hambrienta, que com\u00eda y com\u00eda, y crec\u00eda y crec\u00eda, y cuanto m\u00e1s com\u00eda, m\u00e1s crec\u00eda. En lo alto de una colina un zorro la observaba relami\u00e9ndose los labios, esperando d\u00eda a d\u00eda a que [&hellip;]","protected":false},"featured_media":8673,"template":"","meta":{"_acf_changed":false,"_exactmetrics_skip_tracking":false,"_exactmetrics_sitenote_active":false,"_exactmetrics_sitenote_note":"","_exactmetrics_sitenote_category":0},"product_brand":[],"product_cat":[900,1121,1179,1184],"product_tag":[],"coleccion":[993],"class_list":{"0":"post-5297","1":"product","2":"type-product","3":"status-publish","4":"has-post-thumbnail","6":"product_cat-a-partir-de-5-anos","7":"product_cat-albumes-ilustrados","8":"product_cat-granja","9":"product_cat-humor","10":"coleccion-leer-entre-risas","12":"first","13":"instock","14":"taxable","15":"shipping-taxable","16":"purchasable","17":"product-type-simple"},"acf":{"autor":"Waring, Richard  - Jayne Church, Carolina","codart":"3339-8","ediciones":"3","encuadernacion":"Carton\u00e9","fecha_de_publicacion":"01\/11\/2015","novedad":"0","paginas":"28","subtitulo":"","texto_web_adicional":"","texto_web_novedad":"","orden":"999","portada":"0","texto_web_resaltado":"","autores-libros":[16677],"ilustradores-libros":[17469],"traductores-libros":[16176]},"yoast_head":"<!-- This site is optimized with the Yoast SEO plugin v27.3 - https:\/\/yoast.com\/product\/yoast-seo-wordpress\/ -->\n<title>La gallina hambrienta - Editorial Juventud<\/title>\n<meta name=\"description\" content=\"\u00c9rase una vez una gallina muy hambrienta, que com\u00eda y com\u00eda, y crec\u00eda y crec\u00eda, y cuanto m\u00e1s com\u00eda, m\u00e1s crec\u00eda. En lo alto de una colina un zorro la\" \/>\n<meta name=\"robots\" content=\"index, follow, max-snippet:-1, max-image-preview:large, max-video-preview:-1\" \/>\n<link rel=\"canonical\" href=\"https:\/\/www.editorialjuventud.es\/la-gallina-hambrienta-9788426133397\/\" \/>\n<meta property=\"og:locale\" content=\"ca_ES\" \/>\n<meta property=\"og:type\" content=\"article\" \/>\n<meta property=\"og:title\" content=\"La gallina hambrienta - Editorial Juventud\" \/>\n<meta property=\"og:description\" content=\"\u00c9rase una vez una gallina muy hambrienta, que com\u00eda y com\u00eda, y crec\u00eda y crec\u00eda, y cuanto m\u00e1s com\u00eda, m\u00e1s crec\u00eda. En lo alto de una colina un zorro la\" \/>\n<meta property=\"og:url\" content=\"https:\/\/www.editorialjuventud.es\/la-gallina-hambrienta-9788426133397\/\" \/>\n<meta property=\"og:site_name\" content=\"Editorial Juventud\" \/>\n<meta property=\"article:modified_time\" content=\"2025-01-22T12:42:31+00:00\" \/>\n<meta property=\"og:image\" content=\"https:\/\/www.editorialjuventud.es\/wp-content\/uploads\/3339.jpg\" \/>\n\t<meta property=\"og:image:width\" content=\"449\" \/>\n\t<meta property=\"og:image:height\" content=\"450\" \/>\n\t<meta property=\"og:image:type\" content=\"image\/jpeg\" \/>\n<meta name=\"twitter:card\" content=\"summary_large_image\" \/>\n<script type=\"application\/ld+json\" class=\"yoast-schema-graph\">{\"@context\":\"https:\\\/\\\/schema.org\",\"@graph\":[{\"@type\":\"WebPage\",\"@id\":\"https:\\\/\\\/www.editorialjuventud.es\\\/la-gallina-hambrienta-9788426133397\\\/\",\"url\":\"https:\\\/\\\/www.editorialjuventud.es\\\/la-gallina-hambrienta-9788426133397\\\/\",\"name\":\"La gallina hambrienta - Editorial Juventud\",\"isPartOf\":{\"@id\":\"https:\\\/\\\/www.editorialjuventud.es\\\/#website\"},\"primaryImageOfPage\":{\"@id\":\"https:\\\/\\\/www.editorialjuventud.es\\\/la-gallina-hambrienta-9788426133397\\\/#primaryimage\"},\"image\":{\"@id\":\"https:\\\/\\\/www.editorialjuventud.es\\\/la-gallina-hambrienta-9788426133397\\\/#primaryimage\"},\"thumbnailUrl\":\"https:\\\/\\\/www.editorialjuventud.es\\\/wp-content\\\/uploads\\\/3339.jpg\",\"datePublished\":\"2018-08-24T08:38:14+00:00\",\"dateModified\":\"2025-01-22T12:42:31+00:00\",\"description\":\"\u00c9rase una vez una gallina muy hambrienta, que com\u00eda y com\u00eda, y crec\u00eda y crec\u00eda, y cuanto m\u00e1s com\u00eda, m\u00e1s crec\u00eda. En lo alto de una colina un zorro la\",\"breadcrumb\":{\"@id\":\"https:\\\/\\\/www.editorialjuventud.es\\\/la-gallina-hambrienta-9788426133397\\\/#breadcrumb\"},\"inLanguage\":\"ca\",\"potentialAction\":[{\"@type\":\"ReadAction\",\"target\":[\"https:\\\/\\\/www.editorialjuventud.es\\\/la-gallina-hambrienta-9788426133397\\\/\"]}]},{\"@type\":\"ImageObject\",\"inLanguage\":\"ca\",\"@id\":\"https:\\\/\\\/www.editorialjuventud.es\\\/la-gallina-hambrienta-9788426133397\\\/#primaryimage\",\"url\":\"https:\\\/\\\/www.editorialjuventud.es\\\/wp-content\\\/uploads\\\/3339.jpg\",\"contentUrl\":\"https:\\\/\\\/www.editorialjuventud.es\\\/wp-content\\\/uploads\\\/3339.jpg\",\"width\":449,\"height\":450,\"caption\":\"3339.jpg\"},{\"@type\":\"BreadcrumbList\",\"@id\":\"https:\\\/\\\/www.editorialjuventud.es\\\/la-gallina-hambrienta-9788426133397\\\/#breadcrumb\",\"itemListElement\":[{\"@type\":\"ListItem\",\"position\":1,\"name\":\"Portada\",\"item\":\"https:\\\/\\\/www.editorialjuventud.es\\\/\"},{\"@type\":\"ListItem\",\"position\":2,\"name\":\"cat\u00e1logo\",\"item\":\"https:\\\/\\\/www.editorialjuventud.es\\\/coleccion\\\/catalogo\\\/\"},{\"@type\":\"ListItem\",\"position\":3,\"name\":\"castellano\",\"item\":\"https:\\\/\\\/www.editorialjuventud.es\\\/coleccion\\\/castellano\\\/\"},{\"@type\":\"ListItem\",\"position\":4,\"name\":\"\u00c1lbumes Ilustrados\",\"item\":\"https:\\\/\\\/www.editorialjuventud.es\\\/coleccion\\\/albumes-ilustrados\\\/\"},{\"@type\":\"ListItem\",\"position\":5,\"name\":\"Leer entre Risas\",\"item\":\"https:\\\/\\\/www.editorialjuventud.es\\\/coleccion\\\/leer-entre-risas\\\/\"},{\"@type\":\"ListItem\",\"position\":6,\"name\":\"La gallina hambrienta\"}]},{\"@type\":\"WebSite\",\"@id\":\"https:\\\/\\\/www.editorialjuventud.es\\\/#website\",\"url\":\"https:\\\/\\\/www.editorialjuventud.es\\\/\",\"name\":\"Editorial Juventud\",\"description\":\"\",\"potentialAction\":[{\"@type\":\"SearchAction\",\"target\":{\"@type\":\"EntryPoint\",\"urlTemplate\":\"https:\\\/\\\/www.editorialjuventud.es\\\/?s={search_term_string}\"},\"query-input\":{\"@type\":\"PropertyValueSpecification\",\"valueRequired\":true,\"valueName\":\"search_term_string\"}}],\"inLanguage\":\"ca\"}]}<\/script>\n<!-- \/ Yoast SEO plugin. -->","yoast_head_json":{"title":"La gallina hambrienta - Editorial Juventud","description":"\u00c9rase una vez una gallina muy hambrienta, que com\u00eda y com\u00eda, y crec\u00eda y crec\u00eda, y cuanto m\u00e1s com\u00eda, m\u00e1s crec\u00eda. En lo alto de una colina un zorro la","robots":{"index":"index","follow":"follow","max-snippet":"max-snippet:-1","max-image-preview":"max-image-preview:large","max-video-preview":"max-video-preview:-1"},"canonical":"https:\/\/www.editorialjuventud.es\/la-gallina-hambrienta-9788426133397\/","og_locale":"ca_ES","og_type":"article","og_title":"La gallina hambrienta - Editorial Juventud","og_description":"\u00c9rase una vez una gallina muy hambrienta, que com\u00eda y com\u00eda, y crec\u00eda y crec\u00eda, y cuanto m\u00e1s com\u00eda, m\u00e1s crec\u00eda. En lo alto de una colina un zorro la","og_url":"https:\/\/www.editorialjuventud.es\/la-gallina-hambrienta-9788426133397\/","og_site_name":"Editorial Juventud","article_modified_time":"2025-01-22T12:42:31+00:00","og_image":[{"width":449,"height":450,"url":"https:\/\/www.editorialjuventud.es\/wp-content\/uploads\/3339.jpg","type":"image\/jpeg"}],"twitter_card":"summary_large_image","schema":{"@context":"https:\/\/schema.org","@graph":[{"@type":"WebPage","@id":"https:\/\/www.editorialjuventud.es\/la-gallina-hambrienta-9788426133397\/","url":"https:\/\/www.editorialjuventud.es\/la-gallina-hambrienta-9788426133397\/","name":"La gallina hambrienta - Editorial Juventud","isPartOf":{"@id":"https:\/\/www.editorialjuventud.es\/#website"},"primaryImageOfPage":{"@id":"https:\/\/www.editorialjuventud.es\/la-gallina-hambrienta-9788426133397\/#primaryimage"},"image":{"@id":"https:\/\/www.editorialjuventud.es\/la-gallina-hambrienta-9788426133397\/#primaryimage"},"thumbnailUrl":"https:\/\/www.editorialjuventud.es\/wp-content\/uploads\/3339.jpg","datePublished":"2018-08-24T08:38:14+00:00","dateModified":"2025-01-22T12:42:31+00:00","description":"\u00c9rase una vez una gallina muy hambrienta, que com\u00eda y com\u00eda, y crec\u00eda y crec\u00eda, y cuanto m\u00e1s com\u00eda, m\u00e1s crec\u00eda. En lo alto de una colina un zorro la","breadcrumb":{"@id":"https:\/\/www.editorialjuventud.es\/la-gallina-hambrienta-9788426133397\/#breadcrumb"},"inLanguage":"ca","potentialAction":[{"@type":"ReadAction","target":["https:\/\/www.editorialjuventud.es\/la-gallina-hambrienta-9788426133397\/"]}]},{"@type":"ImageObject","inLanguage":"ca","@id":"https:\/\/www.editorialjuventud.es\/la-gallina-hambrienta-9788426133397\/#primaryimage","url":"https:\/\/www.editorialjuventud.es\/wp-content\/uploads\/3339.jpg","contentUrl":"https:\/\/www.editorialjuventud.es\/wp-content\/uploads\/3339.jpg","width":449,"height":450,"caption":"3339.jpg"},{"@type":"BreadcrumbList","@id":"https:\/\/www.editorialjuventud.es\/la-gallina-hambrienta-9788426133397\/#breadcrumb","itemListElement":[{"@type":"ListItem","position":1,"name":"Portada","item":"https:\/\/www.editorialjuventud.es\/"},{"@type":"ListItem","position":2,"name":"cat\u00e1logo","item":"https:\/\/www.editorialjuventud.es\/coleccion\/catalogo\/"},{"@type":"ListItem","position":3,"name":"castellano","item":"https:\/\/www.editorialjuventud.es\/coleccion\/castellano\/"},{"@type":"ListItem","position":4,"name":"\u00c1lbumes Ilustrados","item":"https:\/\/www.editorialjuventud.es\/coleccion\/albumes-ilustrados\/"},{"@type":"ListItem","position":5,"name":"Leer entre Risas","item":"https:\/\/www.editorialjuventud.es\/coleccion\/leer-entre-risas\/"},{"@type":"ListItem","position":6,"name":"La gallina hambrienta"}]},{"@type":"WebSite","@id":"https:\/\/www.editorialjuventud.es\/#website","url":"https:\/\/www.editorialjuventud.es\/","name":"Editorial Juventud","description":"","potentialAction":[{"@type":"SearchAction","target":{"@type":"EntryPoint","urlTemplate":"https:\/\/www.editorialjuventud.es\/?s={search_term_string}"},"query-input":{"@type":"PropertyValueSpecification","valueRequired":true,"valueName":"search_term_string"}}],"inLanguage":"ca"}]}},"_links":{"self":[{"href":"https:\/\/www.editorialjuventud.es\/ca\/wp-json\/wp\/v2\/product\/5297","targetHints":{"allow":["GET"]}}],"collection":[{"href":"https:\/\/www.editorialjuventud.es\/ca\/wp-json\/wp\/v2\/product"}],"about":[{"href":"https:\/\/www.editorialjuventud.es\/ca\/wp-json\/wp\/v2\/types\/product"}],"wp:featuredmedia":[{"embeddable":true,"href":"https:\/\/www.editorialjuventud.es\/ca\/wp-json\/wp\/v2\/media\/8673"}],"wp:attachment":[{"href":"https:\/\/www.editorialjuventud.es\/ca\/wp-json\/wp\/v2\/media?parent=5297"}],"wp:term":[{"taxonomy":"product_brand","embeddable":true,"href":"https:\/\/www.editorialjuventud.es\/ca\/wp-json\/wp\/v2\/product_brand?post=5297"},{"taxonomy":"product_cat","embeddable":true,"href":"https:\/\/www.editorialjuventud.es\/ca\/wp-json\/wp\/v2\/product_cat?post=5297"},{"taxonomy":"product_tag","embeddable":true,"href":"https:\/\/www.editorialjuventud.es\/ca\/wp-json\/wp\/v2\/product_tag?post=5297"},{"taxonomy":"coleccion","embeddable":true,"href":"https:\/\/www.editorialjuventud.es\/ca\/wp-json\/wp\/v2\/coleccion?post=5297"}],"curies":[{"name":"wp","href":"https:\/\/api.w.org\/{rel}","templated":true}]}}