{"id":5292,"date":"2018-08-24T10:37:49","date_gmt":"2018-08-24T08:37:49","guid":{"rendered":"http:\/\/www.editorialjuventud.es\/los-besitos\/"},"modified":"2025-01-22T13:43:06","modified_gmt":"2025-01-22T12:43:06","slug":"los-besitos-9788426133328","status":"publish","type":"product","link":"https:\/\/www.editorialjuventud.es\/ca\/los-besitos-9788426133328\/","title":{"rendered":"Los besitos"},"content":{"rendered":"<p>Esta colecci\u00f3n de peque\u00f1os libros de cart\u00f3n presenta diferentes animales y sus cr\u00edas, su forma de dormir, ba\u00f1arse, comunicarse\u2026 A partir de hermosas ilustraciones, estos seis libros ense\u00f1an a los m\u00e1s peque\u00f1os sus primeros conceptos de la manera m\u00e1s dulce.<\/p>\n","protected":false},"excerpt":{"rendered":"Esta colecci\u00f3n de peque\u00f1os libros de cart\u00f3n presenta diferentes animales y sus cr\u00edas, su forma de dormir, ba\u00f1arse, comunicarse\u2026 A partir de hermosas ilustraciones, estos seis libros ense\u00f1an a los m\u00e1s peque\u00f1os sus primeros conceptos de la manera m\u00e1s dulce.","protected":false},"featured_media":8633,"template":"","meta":{"_acf_changed":false,"_exactmetrics_skip_tracking":false,"_exactmetrics_sitenote_active":false,"_exactmetrics_sitenote_note":"","_exactmetrics_sitenote_category":0},"product_brand":[],"product_cat":[913,1137,1138,1281,907,892,1122,1123],"product_tag":[],"coleccion":[916,1350,1296],"class_list":{"0":"post-5292","1":"product","2":"type-product","3":"status-publish","4":"has-post-thumbnail","6":"product_cat-a-partir-de-12-meses","7":"product_cat-amor","8":"product_cat-animales","9":"product_cat-aprendizaje","10":"product_cat-de-0-a-2-anos","11":"product_cat-edades","12":"product_cat-libros-de-carton","13":"product_cat-libros-informativos-infantil","14":"coleccion-castellano","15":"coleccion-mira-mira-mis-primeros-libros-castellano","16":"coleccion-mis-primeros-libros","18":"first","19":"instock","20":"taxable","21":"shipping-taxable","22":"purchasable","23":"product-type-simple"},"acf":{"autor":"Gutman, Anne","codart":"3332-0","ediciones":"2","encuadernacion":"Cart\u00f3n","fecha_de_publicacion":"01\/02\/2010","novedad":"0","paginas":"16","subtitulo":"","texto_web_adicional":"","texto_web_novedad":"","orden":"999","portada":"0","texto_web_resaltado":"","indice":"","autores-libros":[16391],"ilustradores-libros":[17755],"traductores-libros":"","fecha_de_reimpresion":"","descripcion_corta":"","recomendamos":"","mas_vendido":"","idioma-libro":"","color":false,"formato":"","mas_informacion_del_producto":false,"premios":false,"deshabilitar_compra":["deshabilitar"],"texto_enlace_cubierta":"","enlace_cubierta":false,"texto_enlace_ficha_tecnica":"","enlace_ficha_tecnica":false,"ficheros":false,"titulo-fr":"","texto-fr":""},"yoast_head":"<!-- This site is optimized with the Yoast SEO plugin v27.3 - https:\/\/yoast.com\/product\/yoast-seo-wordpress\/ -->\n<title>Los besitos - Editorial Juventud<\/title>\n<meta name=\"description\" content=\"Esta colecci\u00f3n de peque\u00f1os libros de cart\u00f3n presenta diferentes animales y sus cr\u00edas, su forma de dormir, ba\u00f1arse, comunicarse\u2026 A partir de hermosas\" \/>\n<meta name=\"robots\" content=\"index, follow, max-snippet:-1, max-image-preview:large, max-video-preview:-1\" \/>\n<link rel=\"canonical\" href=\"https:\/\/www.editorialjuventud.es\/los-besitos-9788426133328\/\" \/>\n<meta property=\"og:locale\" content=\"ca_ES\" \/>\n<meta property=\"og:type\" content=\"article\" \/>\n<meta property=\"og:title\" content=\"Los besitos - Editorial Juventud\" \/>\n<meta property=\"og:description\" content=\"Esta colecci\u00f3n de peque\u00f1os libros de cart\u00f3n presenta diferentes animales y sus cr\u00edas, su forma de dormir, ba\u00f1arse, comunicarse\u2026 A partir de hermosas\" \/>\n<meta property=\"og:url\" content=\"https:\/\/www.editorialjuventud.es\/los-besitos-9788426133328\/\" \/>\n<meta property=\"og:site_name\" content=\"Editorial Juventud\" \/>\n<meta property=\"article:modified_time\" content=\"2025-01-22T12:43:06+00:00\" \/>\n<meta property=\"og:image\" content=\"https:\/\/www.editorialjuventud.es\/wp-content\/uploads\/3332.jpg\" \/>\n\t<meta property=\"og:image:width\" content=\"445\" \/>\n\t<meta property=\"og:image:height\" content=\"450\" \/>\n\t<meta property=\"og:image:type\" content=\"image\/jpeg\" \/>\n<meta name=\"twitter:card\" content=\"summary_large_image\" \/>\n<script type=\"application\/ld+json\" class=\"yoast-schema-graph\">{\"@context\":\"https:\\\/\\\/schema.org\",\"@graph\":[{\"@type\":\"WebPage\",\"@id\":\"https:\\\/\\\/www.editorialjuventud.es\\\/los-besitos-9788426133328\\\/\",\"url\":\"https:\\\/\\\/www.editorialjuventud.es\\\/los-besitos-9788426133328\\\/\",\"name\":\"Los besitos - Editorial Juventud\",\"isPartOf\":{\"@id\":\"https:\\\/\\\/www.editorialjuventud.es\\\/#website\"},\"primaryImageOfPage\":{\"@id\":\"https:\\\/\\\/www.editorialjuventud.es\\\/los-besitos-9788426133328\\\/#primaryimage\"},\"image\":{\"@id\":\"https:\\\/\\\/www.editorialjuventud.es\\\/los-besitos-9788426133328\\\/#primaryimage\"},\"thumbnailUrl\":\"https:\\\/\\\/www.editorialjuventud.es\\\/wp-content\\\/uploads\\\/3332.jpg\",\"datePublished\":\"2018-08-24T08:37:49+00:00\",\"dateModified\":\"2025-01-22T12:43:06+00:00\",\"description\":\"Esta colecci\u00f3n de peque\u00f1os libros de cart\u00f3n presenta diferentes animales y sus cr\u00edas, su forma de dormir, ba\u00f1arse, comunicarse\u2026 A partir de hermosas\",\"breadcrumb\":{\"@id\":\"https:\\\/\\\/www.editorialjuventud.es\\\/los-besitos-9788426133328\\\/#breadcrumb\"},\"inLanguage\":\"ca\",\"potentialAction\":[{\"@type\":\"ReadAction\",\"target\":[\"https:\\\/\\\/www.editorialjuventud.es\\\/los-besitos-9788426133328\\\/\"]}]},{\"@type\":\"ImageObject\",\"inLanguage\":\"ca\",\"@id\":\"https:\\\/\\\/www.editorialjuventud.es\\\/los-besitos-9788426133328\\\/#primaryimage\",\"url\":\"https:\\\/\\\/www.editorialjuventud.es\\\/wp-content\\\/uploads\\\/3332.jpg\",\"contentUrl\":\"https:\\\/\\\/www.editorialjuventud.es\\\/wp-content\\\/uploads\\\/3332.jpg\",\"width\":445,\"height\":450,\"caption\":\"3332.jpg\"},{\"@type\":\"BreadcrumbList\",\"@id\":\"https:\\\/\\\/www.editorialjuventud.es\\\/los-besitos-9788426133328\\\/#breadcrumb\",\"itemListElement\":[{\"@type\":\"ListItem\",\"position\":1,\"name\":\"Portada\",\"item\":\"https:\\\/\\\/www.editorialjuventud.es\\\/\"},{\"@type\":\"ListItem\",\"position\":2,\"name\":\"cat\u00e1logo\",\"item\":\"https:\\\/\\\/www.editorialjuventud.es\\\/coleccion\\\/catalogo\\\/\"},{\"@type\":\"ListItem\",\"position\":3,\"name\":\"castellano\",\"item\":\"https:\\\/\\\/www.editorialjuventud.es\\\/coleccion\\\/castellano\\\/\"},{\"@type\":\"ListItem\",\"position\":4,\"name\":\"Mis Primeros Libros\",\"item\":\"https:\\\/\\\/www.editorialjuventud.es\\\/coleccion\\\/mis-primeros-libros\\\/\"},{\"@type\":\"ListItem\",\"position\":5,\"name\":\"Mira, Mira\",\"item\":\"https:\\\/\\\/www.editorialjuventud.es\\\/coleccion\\\/mira-mira-mis-primeros-libros-castellano\\\/\"},{\"@type\":\"ListItem\",\"position\":6,\"name\":\"Los besitos\"}]},{\"@type\":\"WebSite\",\"@id\":\"https:\\\/\\\/www.editorialjuventud.es\\\/#website\",\"url\":\"https:\\\/\\\/www.editorialjuventud.es\\\/\",\"name\":\"Editorial Juventud\",\"description\":\"\",\"potentialAction\":[{\"@type\":\"SearchAction\",\"target\":{\"@type\":\"EntryPoint\",\"urlTemplate\":\"https:\\\/\\\/www.editorialjuventud.es\\\/?s={search_term_string}\"},\"query-input\":{\"@type\":\"PropertyValueSpecification\",\"valueRequired\":true,\"valueName\":\"search_term_string\"}}],\"inLanguage\":\"ca\"}]}<\/script>\n<!-- \/ Yoast SEO plugin. -->","yoast_head_json":{"title":"Los besitos - Editorial Juventud","description":"Esta colecci\u00f3n de peque\u00f1os libros de cart\u00f3n presenta diferentes animales y sus cr\u00edas, su forma de dormir, ba\u00f1arse, comunicarse\u2026 A partir de hermosas","robots":{"index":"index","follow":"follow","max-snippet":"max-snippet:-1","max-image-preview":"max-image-preview:large","max-video-preview":"max-video-preview:-1"},"canonical":"https:\/\/www.editorialjuventud.es\/los-besitos-9788426133328\/","og_locale":"ca_ES","og_type":"article","og_title":"Los besitos - Editorial Juventud","og_description":"Esta colecci\u00f3n de peque\u00f1os libros de cart\u00f3n presenta diferentes animales y sus cr\u00edas, su forma de dormir, ba\u00f1arse, comunicarse\u2026 A partir de hermosas","og_url":"https:\/\/www.editorialjuventud.es\/los-besitos-9788426133328\/","og_site_name":"Editorial Juventud","article_modified_time":"2025-01-22T12:43:06+00:00","og_image":[{"width":445,"height":450,"url":"https:\/\/www.editorialjuventud.es\/wp-content\/uploads\/3332.jpg","type":"image\/jpeg"}],"twitter_card":"summary_large_image","schema":{"@context":"https:\/\/schema.org","@graph":[{"@type":"WebPage","@id":"https:\/\/www.editorialjuventud.es\/los-besitos-9788426133328\/","url":"https:\/\/www.editorialjuventud.es\/los-besitos-9788426133328\/","name":"Los besitos - Editorial Juventud","isPartOf":{"@id":"https:\/\/www.editorialjuventud.es\/#website"},"primaryImageOfPage":{"@id":"https:\/\/www.editorialjuventud.es\/los-besitos-9788426133328\/#primaryimage"},"image":{"@id":"https:\/\/www.editorialjuventud.es\/los-besitos-9788426133328\/#primaryimage"},"thumbnailUrl":"https:\/\/www.editorialjuventud.es\/wp-content\/uploads\/3332.jpg","datePublished":"2018-08-24T08:37:49+00:00","dateModified":"2025-01-22T12:43:06+00:00","description":"Esta colecci\u00f3n de peque\u00f1os libros de cart\u00f3n presenta diferentes animales y sus cr\u00edas, su forma de dormir, ba\u00f1arse, comunicarse\u2026 A partir de hermosas","breadcrumb":{"@id":"https:\/\/www.editorialjuventud.es\/los-besitos-9788426133328\/#breadcrumb"},"inLanguage":"ca","potentialAction":[{"@type":"ReadAction","target":["https:\/\/www.editorialjuventud.es\/los-besitos-9788426133328\/"]}]},{"@type":"ImageObject","inLanguage":"ca","@id":"https:\/\/www.editorialjuventud.es\/los-besitos-9788426133328\/#primaryimage","url":"https:\/\/www.editorialjuventud.es\/wp-content\/uploads\/3332.jpg","contentUrl":"https:\/\/www.editorialjuventud.es\/wp-content\/uploads\/3332.jpg","width":445,"height":450,"caption":"3332.jpg"},{"@type":"BreadcrumbList","@id":"https:\/\/www.editorialjuventud.es\/los-besitos-9788426133328\/#breadcrumb","itemListElement":[{"@type":"ListItem","position":1,"name":"Portada","item":"https:\/\/www.editorialjuventud.es\/"},{"@type":"ListItem","position":2,"name":"cat\u00e1logo","item":"https:\/\/www.editorialjuventud.es\/coleccion\/catalogo\/"},{"@type":"ListItem","position":3,"name":"castellano","item":"https:\/\/www.editorialjuventud.es\/coleccion\/castellano\/"},{"@type":"ListItem","position":4,"name":"Mis Primeros Libros","item":"https:\/\/www.editorialjuventud.es\/coleccion\/mis-primeros-libros\/"},{"@type":"ListItem","position":5,"name":"Mira, Mira","item":"https:\/\/www.editorialjuventud.es\/coleccion\/mira-mira-mis-primeros-libros-castellano\/"},{"@type":"ListItem","position":6,"name":"Los besitos"}]},{"@type":"WebSite","@id":"https:\/\/www.editorialjuventud.es\/#website","url":"https:\/\/www.editorialjuventud.es\/","name":"Editorial Juventud","description":"","potentialAction":[{"@type":"SearchAction","target":{"@type":"EntryPoint","urlTemplate":"https:\/\/www.editorialjuventud.es\/?s={search_term_string}"},"query-input":{"@type":"PropertyValueSpecification","valueRequired":true,"valueName":"search_term_string"}}],"inLanguage":"ca"}]}},"_links":{"self":[{"href":"https:\/\/www.editorialjuventud.es\/ca\/wp-json\/wp\/v2\/product\/5292","targetHints":{"allow":["GET"]}}],"collection":[{"href":"https:\/\/www.editorialjuventud.es\/ca\/wp-json\/wp\/v2\/product"}],"about":[{"href":"https:\/\/www.editorialjuventud.es\/ca\/wp-json\/wp\/v2\/types\/product"}],"wp:featuredmedia":[{"embeddable":true,"href":"https:\/\/www.editorialjuventud.es\/ca\/wp-json\/wp\/v2\/media\/8633"}],"wp:attachment":[{"href":"https:\/\/www.editorialjuventud.es\/ca\/wp-json\/wp\/v2\/media?parent=5292"}],"wp:term":[{"taxonomy":"product_brand","embeddable":true,"href":"https:\/\/www.editorialjuventud.es\/ca\/wp-json\/wp\/v2\/product_brand?post=5292"},{"taxonomy":"product_cat","embeddable":true,"href":"https:\/\/www.editorialjuventud.es\/ca\/wp-json\/wp\/v2\/product_cat?post=5292"},{"taxonomy":"product_tag","embeddable":true,"href":"https:\/\/www.editorialjuventud.es\/ca\/wp-json\/wp\/v2\/product_tag?post=5292"},{"taxonomy":"coleccion","embeddable":true,"href":"https:\/\/www.editorialjuventud.es\/ca\/wp-json\/wp\/v2\/coleccion?post=5292"}],"curies":[{"name":"wp","href":"https:\/\/api.w.org\/{rel}","templated":true}]}}