{"id":5289,"date":"2018-08-24T12:37:36","date_gmt":"2018-08-24T08:37:36","guid":{"rendered":"http:\/\/www.editorialjuventud.es\/els-numeros\/"},"modified":"2025-01-22T13:43:19","modified_gmt":"2025-01-22T12:43:19","slug":"els-numeros-9788426133298","status":"publish","type":"product","link":"https:\/\/www.editorialjuventud.es\/ca\/els-numeros-9788426133298\/","title":{"rendered":"Els n\u00fameros"},"content":{"rendered":"<p>La col\u00b7lecci\u00f3 Mira, Mira reuneix en sis llibrets de fulls de cartr\u00f3 destinats als m\u00e9s menuts de la casa, informaci\u00f3 sobre diferents animals, la seva forma de dormir, banyar-se, acariciar-se, i els inicia en els colors, els nombres i els sons.<\/p>\n","protected":false},"excerpt":{"rendered":"La col\u00b7lecci\u00f3 Mira, Mira reuneix en sis llibrets de fulls de cartr\u00f3 destinats als m\u00e9s menuts de la casa, informaci\u00f3 sobre diferents animals, la seva forma de dormir, banyar-se, acariciar-se, i els inicia en els colors, els nombres i els [&hellip;]","protected":false},"featured_media":8595,"template":"","meta":{"_acf_changed":false,"_exactmetrics_skip_tracking":false,"_exactmetrics_sitenote_active":false,"_exactmetrics_sitenote_note":"","_exactmetrics_sitenote_category":0},"product_brand":[],"product_cat":[913,1138,1281,907,1122,1123,1213,1128],"product_tag":[],"coleccion":[920,973],"class_list":{"0":"post-5289","1":"product","2":"type-product","3":"status-publish","4":"has-post-thumbnail","6":"product_cat-a-partir-de-12-meses","7":"product_cat-animales","8":"product_cat-aprendizaje","9":"product_cat-de-0-a-2-anos","10":"product_cat-libros-de-carton","11":"product_cat-libros-informativos-infantil","12":"product_cat-primeros-conceptos","13":"product_cat-tematica","14":"coleccion-els-meus-primers-llibres","15":"coleccion-mira-mira","17":"first","18":"instock","19":"taxable","20":"shipping-taxable","21":"purchasable","22":"product-type-simple"},"acf":{"autor":"Gutman, Anne","codart":"3329-0","ediciones":"0","encuadernacion":"Cart\u00f3n","fecha_de_publicacion":"01\/01\/2010","novedad":"0","paginas":"16","subtitulo":"","texto_web_adicional":"","texto_web_novedad":"","orden":"999","portada":"0","texto_web_resaltado":"","autores-libros":[16391],"ilustradores-libros":[17755],"traductores-libros":[58416]},"yoast_head":"<!-- This site is optimized with the Yoast SEO plugin v27.3 - https:\/\/yoast.com\/product\/yoast-seo-wordpress\/ -->\n<title>Els n\u00fameros - Editorial Juventud<\/title>\n<meta name=\"description\" content=\"La col\u00b7lecci\u00f3 Mira, Mira reuneix en sis llibrets de fulls de cartr\u00f3 destinats als m\u00e9s menuts de la casa, informaci\u00f3 sobre diferents animals, la seva forma\" \/>\n<meta name=\"robots\" content=\"index, follow, max-snippet:-1, max-image-preview:large, max-video-preview:-1\" \/>\n<link rel=\"canonical\" href=\"https:\/\/www.editorialjuventud.es\/els-numeros-9788426133298\/\" \/>\n<meta property=\"og:locale\" content=\"ca_ES\" \/>\n<meta property=\"og:type\" content=\"article\" \/>\n<meta property=\"og:title\" content=\"Els n\u00fameros - Editorial Juventud\" \/>\n<meta property=\"og:description\" content=\"La col\u00b7lecci\u00f3 Mira, Mira reuneix en sis llibrets de fulls de cartr\u00f3 destinats als m\u00e9s menuts de la casa, informaci\u00f3 sobre diferents animals, la seva forma\" \/>\n<meta property=\"og:url\" content=\"https:\/\/www.editorialjuventud.es\/els-numeros-9788426133298\/\" \/>\n<meta property=\"og:site_name\" content=\"Editorial Juventud\" \/>\n<meta property=\"article:modified_time\" content=\"2025-01-22T12:43:19+00:00\" \/>\n<meta property=\"og:image\" content=\"https:\/\/www.editorialjuventud.es\/wp-content\/uploads\/3329.jpg\" \/>\n\t<meta property=\"og:image:width\" content=\"448\" \/>\n\t<meta property=\"og:image:height\" content=\"450\" \/>\n\t<meta property=\"og:image:type\" content=\"image\/jpeg\" \/>\n<meta name=\"twitter:card\" content=\"summary_large_image\" \/>\n<script type=\"application\/ld+json\" class=\"yoast-schema-graph\">{\"@context\":\"https:\\\/\\\/schema.org\",\"@graph\":[{\"@type\":\"WebPage\",\"@id\":\"https:\\\/\\\/www.editorialjuventud.es\\\/els-numeros-9788426133298\\\/\",\"url\":\"https:\\\/\\\/www.editorialjuventud.es\\\/els-numeros-9788426133298\\\/\",\"name\":\"Els n\u00fameros - Editorial Juventud\",\"isPartOf\":{\"@id\":\"https:\\\/\\\/www.editorialjuventud.es\\\/#website\"},\"primaryImageOfPage\":{\"@id\":\"https:\\\/\\\/www.editorialjuventud.es\\\/els-numeros-9788426133298\\\/#primaryimage\"},\"image\":{\"@id\":\"https:\\\/\\\/www.editorialjuventud.es\\\/els-numeros-9788426133298\\\/#primaryimage\"},\"thumbnailUrl\":\"https:\\\/\\\/www.editorialjuventud.es\\\/wp-content\\\/uploads\\\/3329.jpg\",\"datePublished\":\"2018-08-24T08:37:36+00:00\",\"dateModified\":\"2025-01-22T12:43:19+00:00\",\"description\":\"La col\u00b7lecci\u00f3 Mira, Mira reuneix en sis llibrets de fulls de cartr\u00f3 destinats als m\u00e9s menuts de la casa, informaci\u00f3 sobre diferents animals, la seva forma\",\"breadcrumb\":{\"@id\":\"https:\\\/\\\/www.editorialjuventud.es\\\/els-numeros-9788426133298\\\/#breadcrumb\"},\"inLanguage\":\"ca\",\"potentialAction\":[{\"@type\":\"ReadAction\",\"target\":[\"https:\\\/\\\/www.editorialjuventud.es\\\/els-numeros-9788426133298\\\/\"]}]},{\"@type\":\"ImageObject\",\"inLanguage\":\"ca\",\"@id\":\"https:\\\/\\\/www.editorialjuventud.es\\\/els-numeros-9788426133298\\\/#primaryimage\",\"url\":\"https:\\\/\\\/www.editorialjuventud.es\\\/wp-content\\\/uploads\\\/3329.jpg\",\"contentUrl\":\"https:\\\/\\\/www.editorialjuventud.es\\\/wp-content\\\/uploads\\\/3329.jpg\",\"width\":448,\"height\":450,\"caption\":\"3329.jpg\"},{\"@type\":\"BreadcrumbList\",\"@id\":\"https:\\\/\\\/www.editorialjuventud.es\\\/els-numeros-9788426133298\\\/#breadcrumb\",\"itemListElement\":[{\"@type\":\"ListItem\",\"position\":1,\"name\":\"Portada\",\"item\":\"https:\\\/\\\/www.editorialjuventud.es\\\/\"},{\"@type\":\"ListItem\",\"position\":2,\"name\":\"cat\u00e1logo\",\"item\":\"https:\\\/\\\/www.editorialjuventud.es\\\/coleccion\\\/catalogo\\\/\"},{\"@type\":\"ListItem\",\"position\":3,\"name\":\"catal\u00e0\",\"item\":\"https:\\\/\\\/www.editorialjuventud.es\\\/coleccion\\\/catala\\\/\"},{\"@type\":\"ListItem\",\"position\":4,\"name\":\"Els Meus Primers Llibres\",\"item\":\"https:\\\/\\\/www.editorialjuventud.es\\\/ca\\\/coleccion\\\/els-meus-primers-llibres\\\/\"},{\"@type\":\"ListItem\",\"position\":5,\"name\":\"Mira, Mira\",\"item\":\"https:\\\/\\\/www.editorialjuventud.es\\\/coleccion\\\/mira-mira\\\/\"},{\"@type\":\"ListItem\",\"position\":6,\"name\":\"Els n\u00fameros\"}]},{\"@type\":\"WebSite\",\"@id\":\"https:\\\/\\\/www.editorialjuventud.es\\\/#website\",\"url\":\"https:\\\/\\\/www.editorialjuventud.es\\\/\",\"name\":\"Editorial Juventud\",\"description\":\"\",\"potentialAction\":[{\"@type\":\"SearchAction\",\"target\":{\"@type\":\"EntryPoint\",\"urlTemplate\":\"https:\\\/\\\/www.editorialjuventud.es\\\/?s={search_term_string}\"},\"query-input\":{\"@type\":\"PropertyValueSpecification\",\"valueRequired\":true,\"valueName\":\"search_term_string\"}}],\"inLanguage\":\"ca\"}]}<\/script>\n<!-- \/ Yoast SEO plugin. -->","yoast_head_json":{"title":"Els n\u00fameros - Editorial Juventud","description":"La col\u00b7lecci\u00f3 Mira, Mira reuneix en sis llibrets de fulls de cartr\u00f3 destinats als m\u00e9s menuts de la casa, informaci\u00f3 sobre diferents animals, la seva forma","robots":{"index":"index","follow":"follow","max-snippet":"max-snippet:-1","max-image-preview":"max-image-preview:large","max-video-preview":"max-video-preview:-1"},"canonical":"https:\/\/www.editorialjuventud.es\/els-numeros-9788426133298\/","og_locale":"ca_ES","og_type":"article","og_title":"Els n\u00fameros - Editorial Juventud","og_description":"La col\u00b7lecci\u00f3 Mira, Mira reuneix en sis llibrets de fulls de cartr\u00f3 destinats als m\u00e9s menuts de la casa, informaci\u00f3 sobre diferents animals, la seva forma","og_url":"https:\/\/www.editorialjuventud.es\/els-numeros-9788426133298\/","og_site_name":"Editorial Juventud","article_modified_time":"2025-01-22T12:43:19+00:00","og_image":[{"width":448,"height":450,"url":"https:\/\/www.editorialjuventud.es\/wp-content\/uploads\/3329.jpg","type":"image\/jpeg"}],"twitter_card":"summary_large_image","schema":{"@context":"https:\/\/schema.org","@graph":[{"@type":"WebPage","@id":"https:\/\/www.editorialjuventud.es\/els-numeros-9788426133298\/","url":"https:\/\/www.editorialjuventud.es\/els-numeros-9788426133298\/","name":"Els n\u00fameros - Editorial Juventud","isPartOf":{"@id":"https:\/\/www.editorialjuventud.es\/#website"},"primaryImageOfPage":{"@id":"https:\/\/www.editorialjuventud.es\/els-numeros-9788426133298\/#primaryimage"},"image":{"@id":"https:\/\/www.editorialjuventud.es\/els-numeros-9788426133298\/#primaryimage"},"thumbnailUrl":"https:\/\/www.editorialjuventud.es\/wp-content\/uploads\/3329.jpg","datePublished":"2018-08-24T08:37:36+00:00","dateModified":"2025-01-22T12:43:19+00:00","description":"La col\u00b7lecci\u00f3 Mira, Mira reuneix en sis llibrets de fulls de cartr\u00f3 destinats als m\u00e9s menuts de la casa, informaci\u00f3 sobre diferents animals, la seva forma","breadcrumb":{"@id":"https:\/\/www.editorialjuventud.es\/els-numeros-9788426133298\/#breadcrumb"},"inLanguage":"ca","potentialAction":[{"@type":"ReadAction","target":["https:\/\/www.editorialjuventud.es\/els-numeros-9788426133298\/"]}]},{"@type":"ImageObject","inLanguage":"ca","@id":"https:\/\/www.editorialjuventud.es\/els-numeros-9788426133298\/#primaryimage","url":"https:\/\/www.editorialjuventud.es\/wp-content\/uploads\/3329.jpg","contentUrl":"https:\/\/www.editorialjuventud.es\/wp-content\/uploads\/3329.jpg","width":448,"height":450,"caption":"3329.jpg"},{"@type":"BreadcrumbList","@id":"https:\/\/www.editorialjuventud.es\/els-numeros-9788426133298\/#breadcrumb","itemListElement":[{"@type":"ListItem","position":1,"name":"Portada","item":"https:\/\/www.editorialjuventud.es\/"},{"@type":"ListItem","position":2,"name":"cat\u00e1logo","item":"https:\/\/www.editorialjuventud.es\/coleccion\/catalogo\/"},{"@type":"ListItem","position":3,"name":"catal\u00e0","item":"https:\/\/www.editorialjuventud.es\/coleccion\/catala\/"},{"@type":"ListItem","position":4,"name":"Els Meus Primers Llibres","item":"https:\/\/www.editorialjuventud.es\/ca\/coleccion\/els-meus-primers-llibres\/"},{"@type":"ListItem","position":5,"name":"Mira, Mira","item":"https:\/\/www.editorialjuventud.es\/coleccion\/mira-mira\/"},{"@type":"ListItem","position":6,"name":"Els n\u00fameros"}]},{"@type":"WebSite","@id":"https:\/\/www.editorialjuventud.es\/#website","url":"https:\/\/www.editorialjuventud.es\/","name":"Editorial Juventud","description":"","potentialAction":[{"@type":"SearchAction","target":{"@type":"EntryPoint","urlTemplate":"https:\/\/www.editorialjuventud.es\/?s={search_term_string}"},"query-input":{"@type":"PropertyValueSpecification","valueRequired":true,"valueName":"search_term_string"}}],"inLanguage":"ca"}]}},"_links":{"self":[{"href":"https:\/\/www.editorialjuventud.es\/ca\/wp-json\/wp\/v2\/product\/5289","targetHints":{"allow":["GET"]}}],"collection":[{"href":"https:\/\/www.editorialjuventud.es\/ca\/wp-json\/wp\/v2\/product"}],"about":[{"href":"https:\/\/www.editorialjuventud.es\/ca\/wp-json\/wp\/v2\/types\/product"}],"wp:featuredmedia":[{"embeddable":true,"href":"https:\/\/www.editorialjuventud.es\/ca\/wp-json\/wp\/v2\/media\/8595"}],"wp:attachment":[{"href":"https:\/\/www.editorialjuventud.es\/ca\/wp-json\/wp\/v2\/media?parent=5289"}],"wp:term":[{"taxonomy":"product_brand","embeddable":true,"href":"https:\/\/www.editorialjuventud.es\/ca\/wp-json\/wp\/v2\/product_brand?post=5289"},{"taxonomy":"product_cat","embeddable":true,"href":"https:\/\/www.editorialjuventud.es\/ca\/wp-json\/wp\/v2\/product_cat?post=5289"},{"taxonomy":"product_tag","embeddable":true,"href":"https:\/\/www.editorialjuventud.es\/ca\/wp-json\/wp\/v2\/product_tag?post=5289"},{"taxonomy":"coleccion","embeddable":true,"href":"https:\/\/www.editorialjuventud.es\/ca\/wp-json\/wp\/v2\/coleccion?post=5289"}],"curies":[{"name":"wp","href":"https:\/\/api.w.org\/{rel}","templated":true}]}}