{"id":5282,"date":"2018-08-24T10:37:05","date_gmt":"2018-08-24T08:37:05","guid":{"rendered":"http:\/\/www.editorialjuventud.es\/los-banos\/"},"modified":"2025-01-22T13:44:06","modified_gmt":"2025-01-22T12:44:06","slug":"los-banos-9788426133229","status":"publish","type":"product","link":"https:\/\/www.editorialjuventud.es\/ca\/los-banos-9788426133229\/","title":{"rendered":"Los ba\u00f1os"},"content":{"rendered":"<p>Esta colecci\u00f3n de peque\u00f1os libros de cart\u00f3n presenta diferentes animales y sus cr\u00edas, su forma de dormir, ba\u00f1arse, comunicarse\u2026 A partir de hermosas ilustraciones, estos seis libros ense\u00f1an a los m\u00e1s peque\u00f1os sus primeros conceptos de la manera m\u00e1s dulce.<\/p>\n","protected":false},"excerpt":{"rendered":"Esta colecci\u00f3n de peque\u00f1os libros de cart\u00f3n presenta diferentes animales y sus cr\u00edas, su forma de dormir, ba\u00f1arse, comunicarse\u2026 A partir de hermosas ilustraciones, estos seis libros ense\u00f1an a los m\u00e1s peque\u00f1os sus primeros conceptos de la manera m\u00e1s dulce.","protected":false},"featured_media":8525,"template":"","meta":{"_acf_changed":false,"_exactmetrics_skip_tracking":false,"_exactmetrics_sitenote_active":false,"_exactmetrics_sitenote_note":"","_exactmetrics_sitenote_category":0},"product_brand":[],"product_cat":[913,1138,1281,907,1122,1123,1213,1128],"product_tag":[],"coleccion":[916,1350,1296],"class_list":{"0":"post-5282","1":"product","2":"type-product","3":"status-publish","4":"has-post-thumbnail","6":"product_cat-a-partir-de-12-meses","7":"product_cat-animales","8":"product_cat-aprendizaje","9":"product_cat-de-0-a-2-anos","10":"product_cat-libros-de-carton","11":"product_cat-libros-informativos-infantil","12":"product_cat-primeros-conceptos","13":"product_cat-tematica","14":"coleccion-castellano","15":"coleccion-mira-mira-mis-primeros-libros-castellano","16":"coleccion-mis-primeros-libros","18":"first","19":"instock","20":"taxable","21":"shipping-taxable","22":"purchasable","23":"product-type-simple"},"acf":{"autor":"Gutman, Anne","codart":"3322-3","ediciones":"0","encuadernacion":"Cart\u00f3n","fecha_de_publicacion":"01\/01\/2010","novedad":"0","paginas":"16","subtitulo":"","texto_web_adicional":"","texto_web_novedad":"","orden":"999","portada":"0","texto_web_resaltado":"","indice":"","autores-libros":[16391],"ilustradores-libros":[17755],"traductores-libros":[16176],"descripcion_corta":"","recomendamos":"","mas_vendido":"","idioma-libro":"","color":false,"formato":"","mas_informacion_del_producto":false,"premios":false,"texto_enlace_cubierta":"","enlace_cubierta":{"ID":24506,"id":24506,"title":"los ba\u00f1os","filename":"los-ba\u00f1os.jpg","filesize":37947,"url":"https:\/\/www.editorialjuventud.es\/wp-content\/uploads\/los-ba\u00f1os.jpg","link":"https:\/\/www.editorialjuventud.es\/ca\/?attachment_id=24506","alt":"","author":"47","description":"","caption":"","name":"los-banos","status":"inherit","uploaded_to":5282,"date":"2019-04-19 10:21:45","modified":"2019-04-19 10:21:45","menu_order":0,"mime_type":"image\/jpeg","type":"image","subtype":"jpeg","icon":"https:\/\/www.editorialjuventud.es\/wp-includes\/images\/media\/default.png","width":441,"height":450,"sizes":{"thumbnail":"https:\/\/www.editorialjuventud.es\/wp-content\/uploads\/los-ba\u00f1os-200x200.jpg","thumbnail-width":200,"thumbnail-height":200,"medium":"https:\/\/www.editorialjuventud.es\/wp-content\/uploads\/los-ba\u00f1os.jpg","medium-width":441,"medium-height":450,"medium_large":"https:\/\/www.editorialjuventud.es\/wp-content\/uploads\/los-ba\u00f1os.jpg","medium_large-width":441,"medium_large-height":450,"large":"https:\/\/www.editorialjuventud.es\/wp-content\/uploads\/los-ba\u00f1os.jpg","large-width":441,"large-height":450,"1536x1536":"https:\/\/www.editorialjuventud.es\/wp-content\/uploads\/los-ba\u00f1os.jpg","1536x1536-width":441,"1536x1536-height":450,"2048x2048":"https:\/\/www.editorialjuventud.es\/wp-content\/uploads\/los-ba\u00f1os.jpg","2048x2048-width":441,"2048x2048-height":450,"woocommerce_thumbnail":"https:\/\/www.editorialjuventud.es\/wp-content\/uploads\/los-ba\u00f1os-350x357.jpg","woocommerce_thumbnail-width":350,"woocommerce_thumbnail-height":357,"woocommerce_single":"https:\/\/www.editorialjuventud.es\/wp-content\/uploads\/los-ba\u00f1os.jpg","woocommerce_single-width":441,"woocommerce_single-height":450,"woocommerce_gallery_thumbnail":"https:\/\/www.editorialjuventud.es\/wp-content\/uploads\/los-ba\u00f1os-100x100.jpg","woocommerce_gallery_thumbnail-width":100,"woocommerce_gallery_thumbnail-height":100,"ppec_logo_image_size":"https:\/\/www.editorialjuventud.es\/wp-content\/uploads\/los-ba\u00f1os.jpg","ppec_logo_image_size-width":59,"ppec_logo_image_size-height":60,"ppec_header_image_size":"https:\/\/www.editorialjuventud.es\/wp-content\/uploads\/los-ba\u00f1os.jpg","ppec_header_image_size-width":88,"ppec_header_image_size-height":90}},"texto_enlace_ficha_tecnica":"","enlace_ficha_tecnica":false,"ficheros":false,"titulo-fr":"","texto-fr":""},"yoast_head":"<!-- This site is optimized with the Yoast SEO plugin v27.3 - https:\/\/yoast.com\/product\/yoast-seo-wordpress\/ -->\n<title>Los ba\u00f1os - Editorial Juventud<\/title>\n<meta name=\"description\" content=\"Esta colecci\u00f3n de peque\u00f1os libros de cart\u00f3n presenta diferentes animales y sus cr\u00edas, su forma de dormir, ba\u00f1arse, comunicarse\u2026 A partir de hermosas\" \/>\n<meta name=\"robots\" content=\"index, follow, max-snippet:-1, max-image-preview:large, max-video-preview:-1\" \/>\n<link rel=\"canonical\" href=\"https:\/\/www.editorialjuventud.es\/los-banos-9788426133229\/\" \/>\n<meta property=\"og:locale\" content=\"ca_ES\" \/>\n<meta property=\"og:type\" content=\"article\" \/>\n<meta property=\"og:title\" content=\"Los ba\u00f1os - Editorial Juventud\" \/>\n<meta property=\"og:description\" content=\"Esta colecci\u00f3n de peque\u00f1os libros de cart\u00f3n presenta diferentes animales y sus cr\u00edas, su forma de dormir, ba\u00f1arse, comunicarse\u2026 A partir de hermosas\" \/>\n<meta property=\"og:url\" content=\"https:\/\/www.editorialjuventud.es\/los-banos-9788426133229\/\" \/>\n<meta property=\"og:site_name\" content=\"Editorial Juventud\" \/>\n<meta property=\"article:modified_time\" content=\"2025-01-22T12:44:06+00:00\" \/>\n<meta property=\"og:image\" content=\"https:\/\/www.editorialjuventud.es\/wp-content\/uploads\/3322.jpg\" \/>\n\t<meta property=\"og:image:width\" content=\"441\" \/>\n\t<meta property=\"og:image:height\" content=\"450\" \/>\n\t<meta property=\"og:image:type\" content=\"image\/jpeg\" \/>\n<meta name=\"twitter:card\" content=\"summary_large_image\" \/>\n<script type=\"application\/ld+json\" class=\"yoast-schema-graph\">{\"@context\":\"https:\\\/\\\/schema.org\",\"@graph\":[{\"@type\":\"WebPage\",\"@id\":\"https:\\\/\\\/www.editorialjuventud.es\\\/los-banos-9788426133229\\\/\",\"url\":\"https:\\\/\\\/www.editorialjuventud.es\\\/los-banos-9788426133229\\\/\",\"name\":\"Los ba\u00f1os - Editorial Juventud\",\"isPartOf\":{\"@id\":\"https:\\\/\\\/www.editorialjuventud.es\\\/#website\"},\"primaryImageOfPage\":{\"@id\":\"https:\\\/\\\/www.editorialjuventud.es\\\/los-banos-9788426133229\\\/#primaryimage\"},\"image\":{\"@id\":\"https:\\\/\\\/www.editorialjuventud.es\\\/los-banos-9788426133229\\\/#primaryimage\"},\"thumbnailUrl\":\"https:\\\/\\\/www.editorialjuventud.es\\\/wp-content\\\/uploads\\\/3322.jpg\",\"datePublished\":\"2018-08-24T08:37:05+00:00\",\"dateModified\":\"2025-01-22T12:44:06+00:00\",\"description\":\"Esta colecci\u00f3n de peque\u00f1os libros de cart\u00f3n presenta diferentes animales y sus cr\u00edas, su forma de dormir, ba\u00f1arse, comunicarse\u2026 A partir de hermosas\",\"breadcrumb\":{\"@id\":\"https:\\\/\\\/www.editorialjuventud.es\\\/los-banos-9788426133229\\\/#breadcrumb\"},\"inLanguage\":\"ca\",\"potentialAction\":[{\"@type\":\"ReadAction\",\"target\":[\"https:\\\/\\\/www.editorialjuventud.es\\\/los-banos-9788426133229\\\/\"]}]},{\"@type\":\"ImageObject\",\"inLanguage\":\"ca\",\"@id\":\"https:\\\/\\\/www.editorialjuventud.es\\\/los-banos-9788426133229\\\/#primaryimage\",\"url\":\"https:\\\/\\\/www.editorialjuventud.es\\\/wp-content\\\/uploads\\\/3322.jpg\",\"contentUrl\":\"https:\\\/\\\/www.editorialjuventud.es\\\/wp-content\\\/uploads\\\/3322.jpg\",\"width\":441,\"height\":450,\"caption\":\"3322.jpg\"},{\"@type\":\"BreadcrumbList\",\"@id\":\"https:\\\/\\\/www.editorialjuventud.es\\\/los-banos-9788426133229\\\/#breadcrumb\",\"itemListElement\":[{\"@type\":\"ListItem\",\"position\":1,\"name\":\"Portada\",\"item\":\"https:\\\/\\\/www.editorialjuventud.es\\\/\"},{\"@type\":\"ListItem\",\"position\":2,\"name\":\"cat\u00e1logo\",\"item\":\"https:\\\/\\\/www.editorialjuventud.es\\\/coleccion\\\/catalogo\\\/\"},{\"@type\":\"ListItem\",\"position\":3,\"name\":\"castellano\",\"item\":\"https:\\\/\\\/www.editorialjuventud.es\\\/coleccion\\\/castellano\\\/\"},{\"@type\":\"ListItem\",\"position\":4,\"name\":\"Mis Primeros Libros\",\"item\":\"https:\\\/\\\/www.editorialjuventud.es\\\/coleccion\\\/mis-primeros-libros\\\/\"},{\"@type\":\"ListItem\",\"position\":5,\"name\":\"Mira, Mira\",\"item\":\"https:\\\/\\\/www.editorialjuventud.es\\\/coleccion\\\/mira-mira-mis-primeros-libros-castellano\\\/\"},{\"@type\":\"ListItem\",\"position\":6,\"name\":\"Los ba\u00f1os\"}]},{\"@type\":\"WebSite\",\"@id\":\"https:\\\/\\\/www.editorialjuventud.es\\\/#website\",\"url\":\"https:\\\/\\\/www.editorialjuventud.es\\\/\",\"name\":\"Editorial Juventud\",\"description\":\"\",\"potentialAction\":[{\"@type\":\"SearchAction\",\"target\":{\"@type\":\"EntryPoint\",\"urlTemplate\":\"https:\\\/\\\/www.editorialjuventud.es\\\/?s={search_term_string}\"},\"query-input\":{\"@type\":\"PropertyValueSpecification\",\"valueRequired\":true,\"valueName\":\"search_term_string\"}}],\"inLanguage\":\"ca\"}]}<\/script>\n<!-- \/ Yoast SEO plugin. -->","yoast_head_json":{"title":"Los ba\u00f1os - Editorial Juventud","description":"Esta colecci\u00f3n de peque\u00f1os libros de cart\u00f3n presenta diferentes animales y sus cr\u00edas, su forma de dormir, ba\u00f1arse, comunicarse\u2026 A partir de hermosas","robots":{"index":"index","follow":"follow","max-snippet":"max-snippet:-1","max-image-preview":"max-image-preview:large","max-video-preview":"max-video-preview:-1"},"canonical":"https:\/\/www.editorialjuventud.es\/los-banos-9788426133229\/","og_locale":"ca_ES","og_type":"article","og_title":"Los ba\u00f1os - Editorial Juventud","og_description":"Esta colecci\u00f3n de peque\u00f1os libros de cart\u00f3n presenta diferentes animales y sus cr\u00edas, su forma de dormir, ba\u00f1arse, comunicarse\u2026 A partir de hermosas","og_url":"https:\/\/www.editorialjuventud.es\/los-banos-9788426133229\/","og_site_name":"Editorial Juventud","article_modified_time":"2025-01-22T12:44:06+00:00","og_image":[{"width":441,"height":450,"url":"https:\/\/www.editorialjuventud.es\/wp-content\/uploads\/3322.jpg","type":"image\/jpeg"}],"twitter_card":"summary_large_image","schema":{"@context":"https:\/\/schema.org","@graph":[{"@type":"WebPage","@id":"https:\/\/www.editorialjuventud.es\/los-banos-9788426133229\/","url":"https:\/\/www.editorialjuventud.es\/los-banos-9788426133229\/","name":"Los ba\u00f1os - Editorial Juventud","isPartOf":{"@id":"https:\/\/www.editorialjuventud.es\/#website"},"primaryImageOfPage":{"@id":"https:\/\/www.editorialjuventud.es\/los-banos-9788426133229\/#primaryimage"},"image":{"@id":"https:\/\/www.editorialjuventud.es\/los-banos-9788426133229\/#primaryimage"},"thumbnailUrl":"https:\/\/www.editorialjuventud.es\/wp-content\/uploads\/3322.jpg","datePublished":"2018-08-24T08:37:05+00:00","dateModified":"2025-01-22T12:44:06+00:00","description":"Esta colecci\u00f3n de peque\u00f1os libros de cart\u00f3n presenta diferentes animales y sus cr\u00edas, su forma de dormir, ba\u00f1arse, comunicarse\u2026 A partir de hermosas","breadcrumb":{"@id":"https:\/\/www.editorialjuventud.es\/los-banos-9788426133229\/#breadcrumb"},"inLanguage":"ca","potentialAction":[{"@type":"ReadAction","target":["https:\/\/www.editorialjuventud.es\/los-banos-9788426133229\/"]}]},{"@type":"ImageObject","inLanguage":"ca","@id":"https:\/\/www.editorialjuventud.es\/los-banos-9788426133229\/#primaryimage","url":"https:\/\/www.editorialjuventud.es\/wp-content\/uploads\/3322.jpg","contentUrl":"https:\/\/www.editorialjuventud.es\/wp-content\/uploads\/3322.jpg","width":441,"height":450,"caption":"3322.jpg"},{"@type":"BreadcrumbList","@id":"https:\/\/www.editorialjuventud.es\/los-banos-9788426133229\/#breadcrumb","itemListElement":[{"@type":"ListItem","position":1,"name":"Portada","item":"https:\/\/www.editorialjuventud.es\/"},{"@type":"ListItem","position":2,"name":"cat\u00e1logo","item":"https:\/\/www.editorialjuventud.es\/coleccion\/catalogo\/"},{"@type":"ListItem","position":3,"name":"castellano","item":"https:\/\/www.editorialjuventud.es\/coleccion\/castellano\/"},{"@type":"ListItem","position":4,"name":"Mis Primeros Libros","item":"https:\/\/www.editorialjuventud.es\/coleccion\/mis-primeros-libros\/"},{"@type":"ListItem","position":5,"name":"Mira, Mira","item":"https:\/\/www.editorialjuventud.es\/coleccion\/mira-mira-mis-primeros-libros-castellano\/"},{"@type":"ListItem","position":6,"name":"Los ba\u00f1os"}]},{"@type":"WebSite","@id":"https:\/\/www.editorialjuventud.es\/#website","url":"https:\/\/www.editorialjuventud.es\/","name":"Editorial Juventud","description":"","potentialAction":[{"@type":"SearchAction","target":{"@type":"EntryPoint","urlTemplate":"https:\/\/www.editorialjuventud.es\/?s={search_term_string}"},"query-input":{"@type":"PropertyValueSpecification","valueRequired":true,"valueName":"search_term_string"}}],"inLanguage":"ca"}]}},"_links":{"self":[{"href":"https:\/\/www.editorialjuventud.es\/ca\/wp-json\/wp\/v2\/product\/5282","targetHints":{"allow":["GET"]}}],"collection":[{"href":"https:\/\/www.editorialjuventud.es\/ca\/wp-json\/wp\/v2\/product"}],"about":[{"href":"https:\/\/www.editorialjuventud.es\/ca\/wp-json\/wp\/v2\/types\/product"}],"wp:featuredmedia":[{"embeddable":true,"href":"https:\/\/www.editorialjuventud.es\/ca\/wp-json\/wp\/v2\/media\/8525"}],"wp:attachment":[{"href":"https:\/\/www.editorialjuventud.es\/ca\/wp-json\/wp\/v2\/media?parent=5282"}],"wp:term":[{"taxonomy":"product_brand","embeddable":true,"href":"https:\/\/www.editorialjuventud.es\/ca\/wp-json\/wp\/v2\/product_brand?post=5282"},{"taxonomy":"product_cat","embeddable":true,"href":"https:\/\/www.editorialjuventud.es\/ca\/wp-json\/wp\/v2\/product_cat?post=5282"},{"taxonomy":"product_tag","embeddable":true,"href":"https:\/\/www.editorialjuventud.es\/ca\/wp-json\/wp\/v2\/product_tag?post=5282"},{"taxonomy":"coleccion","embeddable":true,"href":"https:\/\/www.editorialjuventud.es\/ca\/wp-json\/wp\/v2\/coleccion?post=5282"}],"curies":[{"name":"wp","href":"https:\/\/api.w.org\/{rel}","templated":true}]}}