{"id":5279,"date":"2018-08-24T12:36:53","date_gmt":"2018-08-24T08:36:53","guid":{"rendered":"http:\/\/www.editorialjuventud.es\/las-velas\/"},"modified":"2025-01-22T13:43:59","modified_gmt":"2025-01-22T12:43:59","slug":"las-velas-comprension-trimado-y-optimizacion-9788426133175","status":"publish","type":"product","link":"https:\/\/www.editorialjuventud.es\/ca\/las-velas-comprension-trimado-y-optimizacion-9788426133175\/","title":{"rendered":"Las velas. Comprensi\u00f3n, trimado y optimizaci\u00f3n"},"content":{"rendered":"<p>Hay pocos libros t\u00e9cnicos que sean una referencia en vela. Menos a\u00fan los que, apoy\u00e1ndose en treinta a\u00f1os de experiencia, hayan sabido transmitir los conocimientos fundamentales haci\u00e9ndolos comprensibles para todos los que practican este deporte, sean debutantes o expertos navegantes, apasionados por la regata o simplemente amantes del crucero. Este libro, con un lenguaje sencillo y numerosas ilustraciones te ayudar\u00e1 a: comprender la mec\u00e1nica de fluidos, el dise\u00f1o y fabricaci\u00f3n de una vela, los criterios de selecci\u00f3n y utilizaci\u00f3n; trimar de la mejor manera posible las velas, mejorar el rendimiento del barco, as\u00ed como asegurar la seguridad a bordo y prolongar la vida \u00fatil de la jarcia; optimizar el conjunto de par\u00e1metros que influyen en el juego sutil del viento y las velas, desarrollar el sentido de observaci\u00f3n y an\u00e1lisis, adaptar de forma id\u00f3nea la jarcia y el velamen, y asociar \u00absaber\u00bb e \u00abintuici\u00f3n\u00bb, necesarios por igual a bordo de un velero.<\/p>\n","protected":false},"excerpt":{"rendered":"Hay pocos libros t\u00e9cnicos que sean una referencia en vela. Menos a\u00fan los que, apoy\u00e1ndose en treinta a\u00f1os de experiencia, hayan sabido transmitir los conocimientos fundamentales haci\u00e9ndolos comprensibles para todos los que practican este deporte, sean debutantes o expertos navegantes, [&hellip;]","protected":false},"featured_media":8523,"template":"","meta":{"_acf_changed":false,"_exactmetrics_skip_tracking":false,"_exactmetrics_sitenote_active":false,"_exactmetrics_sitenote_note":"","_exactmetrics_sitenote_category":0},"product_brand":[],"product_cat":[905,1120],"product_tag":[],"coleccion":[1078,936,1006],"class_list":{"0":"post-5279","1":"product","2":"type-product","3":"status-publish","4":"has-post-thumbnail","6":"product_cat-adulto","7":"product_cat-nautica","8":"coleccion-baluma","9":"coleccion-lecturas-en-torno-al-mar","10":"coleccion-libros-tecnicos","12":"first","13":"instock","14":"taxable","15":"shipping-taxable","16":"purchasable","17":"product-type-simple"},"acf":{"autor":"Cheret","codart":"3317-7","ediciones":"2","encuadernacion":"FlexiBook","fecha_de_publicacion":"29\/07\/2008","novedad":"0","paginas":"512","subtitulo":"","texto_web_adicional":"","texto_web_novedad":"","orden":"999","portada":"0","texto_web_resaltado":"","indice":"","autores-libros":[16275],"ilustradores-libros":"","traductores-libros":[18280],"fecha_de_reimpresion":"","descripcion_corta":"","recomendamos":"","mas_vendido":"","idioma-libro":"","color":false,"formato":"","mas_informacion_del_producto":false,"premios":false,"deshabilitar_compra":["deshabilitar"],"texto_enlace_cubierta":"","enlace_cubierta":false,"texto_enlace_ficha_tecnica":"","enlace_ficha_tecnica":false,"ficheros":false,"titulo-fr":"","texto-fr":""},"yoast_head":"<!-- This site is optimized with the Yoast SEO plugin v27.5 - https:\/\/yoast.com\/product\/yoast-seo-wordpress\/ -->\n<title>Las velas. Comprensi\u00f3n, trimado y optimizaci\u00f3n - Editorial Juventud<\/title>\n<meta name=\"description\" content=\"Hay pocos libros t\u00e9cnicos que sean una referencia en vela. Menos a\u00fan los que, apoy\u00e1ndose en treinta a\u00f1os de experiencia, hayan sabido transmitir los\" \/>\n<meta name=\"robots\" content=\"index, follow, max-snippet:-1, max-image-preview:large, max-video-preview:-1\" \/>\n<link rel=\"canonical\" href=\"https:\/\/www.editorialjuventud.es\/las-velas-comprension-trimado-y-optimizacion-9788426133175\/\" \/>\n<meta property=\"og:locale\" content=\"ca_ES\" \/>\n<meta property=\"og:type\" content=\"article\" \/>\n<meta property=\"og:title\" content=\"Las velas. Comprensi\u00f3n, trimado y optimizaci\u00f3n - Editorial Juventud\" \/>\n<meta property=\"og:description\" content=\"Hay pocos libros t\u00e9cnicos que sean una referencia en vela. Menos a\u00fan los que, apoy\u00e1ndose en treinta a\u00f1os de experiencia, hayan sabido transmitir los\" \/>\n<meta property=\"og:url\" content=\"https:\/\/www.editorialjuventud.es\/las-velas-comprension-trimado-y-optimizacion-9788426133175\/\" \/>\n<meta property=\"og:site_name\" content=\"Editorial Juventud\" \/>\n<meta property=\"article:modified_time\" content=\"2025-01-22T12:43:59+00:00\" \/>\n<meta property=\"og:image\" content=\"https:\/\/www.editorialjuventud.es\/wp-content\/uploads\/3317.jpg\" \/>\n\t<meta property=\"og:image:width\" content=\"319\" \/>\n\t<meta property=\"og:image:height\" content=\"450\" \/>\n\t<meta property=\"og:image:type\" content=\"image\/jpeg\" \/>\n<meta name=\"twitter:card\" content=\"summary_large_image\" \/>\n<meta name=\"twitter:label1\" content=\"Temps estimat de lectura\" \/>\n\t<meta name=\"twitter:data1\" content=\"1 minut\" \/>\n<script type=\"application\/ld+json\" class=\"yoast-schema-graph\">{\"@context\":\"https:\\\/\\\/schema.org\",\"@graph\":[{\"@type\":\"WebPage\",\"@id\":\"https:\\\/\\\/www.editorialjuventud.es\\\/las-velas-comprension-trimado-y-optimizacion-9788426133175\\\/\",\"url\":\"https:\\\/\\\/www.editorialjuventud.es\\\/las-velas-comprension-trimado-y-optimizacion-9788426133175\\\/\",\"name\":\"Las velas. Comprensi\u00f3n, trimado y optimizaci\u00f3n - Editorial Juventud\",\"isPartOf\":{\"@id\":\"https:\\\/\\\/www.editorialjuventud.es\\\/#website\"},\"primaryImageOfPage\":{\"@id\":\"https:\\\/\\\/www.editorialjuventud.es\\\/las-velas-comprension-trimado-y-optimizacion-9788426133175\\\/#primaryimage\"},\"image\":{\"@id\":\"https:\\\/\\\/www.editorialjuventud.es\\\/las-velas-comprension-trimado-y-optimizacion-9788426133175\\\/#primaryimage\"},\"thumbnailUrl\":\"https:\\\/\\\/www.editorialjuventud.es\\\/wp-content\\\/uploads\\\/3317.jpg\",\"datePublished\":\"2018-08-24T08:36:53+00:00\",\"dateModified\":\"2025-01-22T12:43:59+00:00\",\"description\":\"Hay pocos libros t\u00e9cnicos que sean una referencia en vela. Menos a\u00fan los que, apoy\u00e1ndose en treinta a\u00f1os de experiencia, hayan sabido transmitir los\",\"breadcrumb\":{\"@id\":\"https:\\\/\\\/www.editorialjuventud.es\\\/las-velas-comprension-trimado-y-optimizacion-9788426133175\\\/#breadcrumb\"},\"inLanguage\":\"ca\",\"potentialAction\":[{\"@type\":\"ReadAction\",\"target\":[\"https:\\\/\\\/www.editorialjuventud.es\\\/las-velas-comprension-trimado-y-optimizacion-9788426133175\\\/\"]}]},{\"@type\":\"ImageObject\",\"inLanguage\":\"ca\",\"@id\":\"https:\\\/\\\/www.editorialjuventud.es\\\/las-velas-comprension-trimado-y-optimizacion-9788426133175\\\/#primaryimage\",\"url\":\"https:\\\/\\\/www.editorialjuventud.es\\\/wp-content\\\/uploads\\\/3317.jpg\",\"contentUrl\":\"https:\\\/\\\/www.editorialjuventud.es\\\/wp-content\\\/uploads\\\/3317.jpg\",\"width\":319,\"height\":450,\"caption\":\"3317.jpg\"},{\"@type\":\"BreadcrumbList\",\"@id\":\"https:\\\/\\\/www.editorialjuventud.es\\\/las-velas-comprension-trimado-y-optimizacion-9788426133175\\\/#breadcrumb\",\"itemListElement\":[{\"@type\":\"ListItem\",\"position\":1,\"name\":\"Portada\",\"item\":\"https:\\\/\\\/www.editorialjuventud.es\\\/\"},{\"@type\":\"ListItem\",\"position\":2,\"name\":\"cat\u00e1logo\",\"item\":\"https:\\\/\\\/www.editorialjuventud.es\\\/coleccion\\\/catalogo\\\/\"},{\"@type\":\"ListItem\",\"position\":3,\"name\":\"castellano\",\"item\":\"https:\\\/\\\/www.editorialjuventud.es\\\/coleccion\\\/castellano\\\/\"},{\"@type\":\"ListItem\",\"position\":4,\"name\":\"Lecturas En torno al Mar\",\"item\":\"https:\\\/\\\/www.editorialjuventud.es\\\/coleccion\\\/lecturas-en-torno-al-mar\\\/\"},{\"@type\":\"ListItem\",\"position\":5,\"name\":\"Libros T\u00e9cnicos\",\"item\":\"https:\\\/\\\/www.editorialjuventud.es\\\/coleccion\\\/libros-tecnicos\\\/\"},{\"@type\":\"ListItem\",\"position\":6,\"name\":\"Baluma\",\"item\":\"https:\\\/\\\/www.editorialjuventud.es\\\/ca\\\/coleccion\\\/baluma\\\/\"},{\"@type\":\"ListItem\",\"position\":7,\"name\":\"Las velas. Comprensi\u00f3n, trimado y optimizaci\u00f3n\"}]},{\"@type\":\"WebSite\",\"@id\":\"https:\\\/\\\/www.editorialjuventud.es\\\/#website\",\"url\":\"https:\\\/\\\/www.editorialjuventud.es\\\/\",\"name\":\"Editorial Juventud\",\"description\":\"\",\"potentialAction\":[{\"@type\":\"SearchAction\",\"target\":{\"@type\":\"EntryPoint\",\"urlTemplate\":\"https:\\\/\\\/www.editorialjuventud.es\\\/?s={search_term_string}\"},\"query-input\":{\"@type\":\"PropertyValueSpecification\",\"valueRequired\":true,\"valueName\":\"search_term_string\"}}],\"inLanguage\":\"ca\"}]}<\/script>\n<!-- \/ Yoast SEO plugin. -->","yoast_head_json":{"title":"Las velas. Comprensi\u00f3n, trimado y optimizaci\u00f3n - Editorial Juventud","description":"Hay pocos libros t\u00e9cnicos que sean una referencia en vela. Menos a\u00fan los que, apoy\u00e1ndose en treinta a\u00f1os de experiencia, hayan sabido transmitir los","robots":{"index":"index","follow":"follow","max-snippet":"max-snippet:-1","max-image-preview":"max-image-preview:large","max-video-preview":"max-video-preview:-1"},"canonical":"https:\/\/www.editorialjuventud.es\/las-velas-comprension-trimado-y-optimizacion-9788426133175\/","og_locale":"ca_ES","og_type":"article","og_title":"Las velas. Comprensi\u00f3n, trimado y optimizaci\u00f3n - Editorial Juventud","og_description":"Hay pocos libros t\u00e9cnicos que sean una referencia en vela. Menos a\u00fan los que, apoy\u00e1ndose en treinta a\u00f1os de experiencia, hayan sabido transmitir los","og_url":"https:\/\/www.editorialjuventud.es\/las-velas-comprension-trimado-y-optimizacion-9788426133175\/","og_site_name":"Editorial Juventud","article_modified_time":"2025-01-22T12:43:59+00:00","og_image":[{"width":319,"height":450,"url":"https:\/\/www.editorialjuventud.es\/wp-content\/uploads\/3317.jpg","type":"image\/jpeg"}],"twitter_card":"summary_large_image","twitter_misc":{"Temps estimat de lectura":"1 minut"},"schema":{"@context":"https:\/\/schema.org","@graph":[{"@type":"WebPage","@id":"https:\/\/www.editorialjuventud.es\/las-velas-comprension-trimado-y-optimizacion-9788426133175\/","url":"https:\/\/www.editorialjuventud.es\/las-velas-comprension-trimado-y-optimizacion-9788426133175\/","name":"Las velas. Comprensi\u00f3n, trimado y optimizaci\u00f3n - Editorial Juventud","isPartOf":{"@id":"https:\/\/www.editorialjuventud.es\/#website"},"primaryImageOfPage":{"@id":"https:\/\/www.editorialjuventud.es\/las-velas-comprension-trimado-y-optimizacion-9788426133175\/#primaryimage"},"image":{"@id":"https:\/\/www.editorialjuventud.es\/las-velas-comprension-trimado-y-optimizacion-9788426133175\/#primaryimage"},"thumbnailUrl":"https:\/\/www.editorialjuventud.es\/wp-content\/uploads\/3317.jpg","datePublished":"2018-08-24T08:36:53+00:00","dateModified":"2025-01-22T12:43:59+00:00","description":"Hay pocos libros t\u00e9cnicos que sean una referencia en vela. Menos a\u00fan los que, apoy\u00e1ndose en treinta a\u00f1os de experiencia, hayan sabido transmitir los","breadcrumb":{"@id":"https:\/\/www.editorialjuventud.es\/las-velas-comprension-trimado-y-optimizacion-9788426133175\/#breadcrumb"},"inLanguage":"ca","potentialAction":[{"@type":"ReadAction","target":["https:\/\/www.editorialjuventud.es\/las-velas-comprension-trimado-y-optimizacion-9788426133175\/"]}]},{"@type":"ImageObject","inLanguage":"ca","@id":"https:\/\/www.editorialjuventud.es\/las-velas-comprension-trimado-y-optimizacion-9788426133175\/#primaryimage","url":"https:\/\/www.editorialjuventud.es\/wp-content\/uploads\/3317.jpg","contentUrl":"https:\/\/www.editorialjuventud.es\/wp-content\/uploads\/3317.jpg","width":319,"height":450,"caption":"3317.jpg"},{"@type":"BreadcrumbList","@id":"https:\/\/www.editorialjuventud.es\/las-velas-comprension-trimado-y-optimizacion-9788426133175\/#breadcrumb","itemListElement":[{"@type":"ListItem","position":1,"name":"Portada","item":"https:\/\/www.editorialjuventud.es\/"},{"@type":"ListItem","position":2,"name":"cat\u00e1logo","item":"https:\/\/www.editorialjuventud.es\/coleccion\/catalogo\/"},{"@type":"ListItem","position":3,"name":"castellano","item":"https:\/\/www.editorialjuventud.es\/coleccion\/castellano\/"},{"@type":"ListItem","position":4,"name":"Lecturas En torno al Mar","item":"https:\/\/www.editorialjuventud.es\/coleccion\/lecturas-en-torno-al-mar\/"},{"@type":"ListItem","position":5,"name":"Libros T\u00e9cnicos","item":"https:\/\/www.editorialjuventud.es\/coleccion\/libros-tecnicos\/"},{"@type":"ListItem","position":6,"name":"Baluma","item":"https:\/\/www.editorialjuventud.es\/ca\/coleccion\/baluma\/"},{"@type":"ListItem","position":7,"name":"Las velas. Comprensi\u00f3n, trimado y optimizaci\u00f3n"}]},{"@type":"WebSite","@id":"https:\/\/www.editorialjuventud.es\/#website","url":"https:\/\/www.editorialjuventud.es\/","name":"Editorial Juventud","description":"","potentialAction":[{"@type":"SearchAction","target":{"@type":"EntryPoint","urlTemplate":"https:\/\/www.editorialjuventud.es\/?s={search_term_string}"},"query-input":{"@type":"PropertyValueSpecification","valueRequired":true,"valueName":"search_term_string"}}],"inLanguage":"ca"}]}},"_links":{"self":[{"href":"https:\/\/www.editorialjuventud.es\/ca\/wp-json\/wp\/v2\/product\/5279","targetHints":{"allow":["GET"]}}],"collection":[{"href":"https:\/\/www.editorialjuventud.es\/ca\/wp-json\/wp\/v2\/product"}],"about":[{"href":"https:\/\/www.editorialjuventud.es\/ca\/wp-json\/wp\/v2\/types\/product"}],"wp:featuredmedia":[{"embeddable":true,"href":"https:\/\/www.editorialjuventud.es\/ca\/wp-json\/wp\/v2\/media\/8523"}],"wp:attachment":[{"href":"https:\/\/www.editorialjuventud.es\/ca\/wp-json\/wp\/v2\/media?parent=5279"}],"wp:term":[{"taxonomy":"product_brand","embeddable":true,"href":"https:\/\/www.editorialjuventud.es\/ca\/wp-json\/wp\/v2\/product_brand?post=5279"},{"taxonomy":"product_cat","embeddable":true,"href":"https:\/\/www.editorialjuventud.es\/ca\/wp-json\/wp\/v2\/product_cat?post=5279"},{"taxonomy":"product_tag","embeddable":true,"href":"https:\/\/www.editorialjuventud.es\/ca\/wp-json\/wp\/v2\/product_tag?post=5279"},{"taxonomy":"coleccion","embeddable":true,"href":"https:\/\/www.editorialjuventud.es\/ca\/wp-json\/wp\/v2\/coleccion?post=5279"}],"curies":[{"name":"wp","href":"https:\/\/api.w.org\/{rel}","templated":true}]}}