{"id":5264,"date":"2018-08-24T12:35:45","date_gmt":"2018-08-24T08:35:45","guid":{"rendered":"http:\/\/www.editorialjuventud.es\/les-aventures-den-pinotxo\/"},"modified":"2022-06-15T15:58:02","modified_gmt":"2022-06-15T13:58:02","slug":"les-aventures-den-pinotxo-9788426132901","status":"publish","type":"product","link":"https:\/\/www.editorialjuventud.es\/ca\/les-aventures-den-pinotxo-9788426132901\/","title":{"rendered":"Les aventures d&#8217;en Pinotxo"},"content":{"rendered":"<p>El desig m\u00e9s gran d\u0092en Pinotxo \u00e9s esdevenir un noi de deb\u00f2, per\u00f2 nom\u00e9s \u00e9s un putxinel\u00b7li entremaliat, insensat i tossut, que sempre defuig les seves obligacions, i que inevitablement es veur\u00e0 embolicat en una s\u00e8rie d\u0092aventures calamitoses. El simp\u00e0tic Pinotxo finalment es convertir\u00e0 en un noi de deb\u00f2 gr\u00e0cies a la seva bondat i valentia.<br \/>\nEls nenes d\u0092arreu del m\u00f3n desitgen una exist\u00e8ncia lliure de preocupacions, per\u00f2 la vida els sotmet constantment a prova i els presenta m\u00faltiples desafiaments, forces irresistibles que desperten la seva imaginaci\u00f3.<br \/>\nNarrada amb senzillesa i humor, la hist\u00f2ria intemporal de Pinotxo ha conservat el seu pols sempre vibrant i entretingut des de la seva publicaci\u00f3 fa 120 anys.<\/p>\n","protected":false},"excerpt":{"rendered":"El desig m\u00e9s gran d\u0092en Pinotxo \u00e9s esdevenir un noi de deb\u00f2, per\u00f2 nom\u00e9s \u00e9s un putxinel\u00b7li entremaliat, insensat i tossut, que sempre defuig les seves obligacions, i que inevitablement es veur\u00e0 embolicat en una s\u00e8rie d\u0092aventures calamitoses. El simp\u00e0tic [&hellip;]","protected":false},"featured_media":8387,"template":"","meta":{"_acf_changed":false,"_exactmetrics_skip_tracking":false,"_exactmetrics_sitenote_active":false,"_exactmetrics_sitenote_note":"","_exactmetrics_sitenote_category":0},"product_brand":[],"product_cat":[904,1142,892,1115,1119,1222,1128,908],"product_tag":[],"coleccion":[915,918],"class_list":{"0":"post-5264","1":"product","2":"type-product","3":"status-publish","4":"has-post-thumbnail","6":"product_cat-a-partir-de-9-anos","7":"product_cat-aventura","8":"product_cat-edades","9":"product_cat-generos","10":"product_cat-narrativa-juvenil","11":"product_cat-superacion","12":"product_cat-tematica","13":"product_cat-todas-las-edades","14":"coleccion-catala","15":"coleccion-contes-universals","17":"first","18":"instock","19":"taxable","20":"shipping-taxable","21":"purchasable","22":"product-type-simple"},"acf":{"autores-libros":[16292],"ilustradores-libros":[17700],"traductores-libros":[18076]},"yoast_head":"<!-- This site is optimized with the Yoast SEO plugin v27.5 - https:\/\/yoast.com\/product\/yoast-seo-wordpress\/ -->\n<title>Les aventures d&#039;en Pinotxo - Editorial Juventud<\/title>\n<meta name=\"description\" content=\"El desig m\u00e9s gran d\u0092en Pinotxo \u00e9s esdevenir un noi de deb\u00f2, per\u00f2 nom\u00e9s \u00e9s un putxinel\u00b7li entremaliat, insensat i tossut, que sempre defuig les seves\" \/>\n<meta name=\"robots\" content=\"index, follow, max-snippet:-1, max-image-preview:large, max-video-preview:-1\" \/>\n<link rel=\"canonical\" href=\"https:\/\/www.editorialjuventud.es\/les-aventures-den-pinotxo-9788426132901\/\" \/>\n<meta property=\"og:locale\" content=\"ca_ES\" \/>\n<meta property=\"og:type\" content=\"article\" \/>\n<meta property=\"og:title\" content=\"Les aventures d&#039;en Pinotxo - Editorial Juventud\" \/>\n<meta property=\"og:description\" content=\"El desig m\u00e9s gran d\u0092en Pinotxo \u00e9s esdevenir un noi de deb\u00f2, per\u00f2 nom\u00e9s \u00e9s un putxinel\u00b7li entremaliat, insensat i tossut, que sempre defuig les seves\" \/>\n<meta property=\"og:url\" content=\"https:\/\/www.editorialjuventud.es\/les-aventures-den-pinotxo-9788426132901\/\" \/>\n<meta property=\"og:site_name\" content=\"Editorial Juventud\" \/>\n<meta property=\"article:modified_time\" content=\"2022-06-15T13:58:02+00:00\" \/>\n<meta property=\"og:image\" content=\"https:\/\/www.editorialjuventud.es\/wp-content\/uploads\/3290-1.jpg\" \/>\n\t<meta property=\"og:image:width\" content=\"335\" \/>\n\t<meta property=\"og:image:height\" content=\"450\" \/>\n\t<meta property=\"og:image:type\" content=\"image\/jpeg\" \/>\n<meta name=\"twitter:card\" content=\"summary_large_image\" \/>\n<meta name=\"twitter:label1\" content=\"Temps estimat de lectura\" \/>\n\t<meta name=\"twitter:data1\" content=\"1 minut\" \/>\n<script type=\"application\/ld+json\" class=\"yoast-schema-graph\">{\"@context\":\"https:\\\/\\\/schema.org\",\"@graph\":[{\"@type\":\"WebPage\",\"@id\":\"https:\\\/\\\/www.editorialjuventud.es\\\/les-aventures-den-pinotxo-9788426132901\\\/\",\"url\":\"https:\\\/\\\/www.editorialjuventud.es\\\/les-aventures-den-pinotxo-9788426132901\\\/\",\"name\":\"Les aventures d'en Pinotxo - Editorial Juventud\",\"isPartOf\":{\"@id\":\"https:\\\/\\\/www.editorialjuventud.es\\\/#website\"},\"primaryImageOfPage\":{\"@id\":\"https:\\\/\\\/www.editorialjuventud.es\\\/les-aventures-den-pinotxo-9788426132901\\\/#primaryimage\"},\"image\":{\"@id\":\"https:\\\/\\\/www.editorialjuventud.es\\\/les-aventures-den-pinotxo-9788426132901\\\/#primaryimage\"},\"thumbnailUrl\":\"https:\\\/\\\/www.editorialjuventud.es\\\/wp-content\\\/uploads\\\/3290-1.jpg\",\"datePublished\":\"2018-08-24T08:35:45+00:00\",\"dateModified\":\"2022-06-15T13:58:02+00:00\",\"description\":\"El desig m\u00e9s gran d\u0092en Pinotxo \u00e9s esdevenir un noi de deb\u00f2, per\u00f2 nom\u00e9s \u00e9s un putxinel\u00b7li entremaliat, insensat i tossut, que sempre defuig les seves\",\"breadcrumb\":{\"@id\":\"https:\\\/\\\/www.editorialjuventud.es\\\/les-aventures-den-pinotxo-9788426132901\\\/#breadcrumb\"},\"inLanguage\":\"ca\",\"potentialAction\":[{\"@type\":\"ReadAction\",\"target\":[\"https:\\\/\\\/www.editorialjuventud.es\\\/les-aventures-den-pinotxo-9788426132901\\\/\"]}]},{\"@type\":\"ImageObject\",\"inLanguage\":\"ca\",\"@id\":\"https:\\\/\\\/www.editorialjuventud.es\\\/les-aventures-den-pinotxo-9788426132901\\\/#primaryimage\",\"url\":\"https:\\\/\\\/www.editorialjuventud.es\\\/wp-content\\\/uploads\\\/3290-1.jpg\",\"contentUrl\":\"https:\\\/\\\/www.editorialjuventud.es\\\/wp-content\\\/uploads\\\/3290-1.jpg\",\"width\":335,\"height\":450,\"caption\":\"3290.jpg\"},{\"@type\":\"BreadcrumbList\",\"@id\":\"https:\\\/\\\/www.editorialjuventud.es\\\/les-aventures-den-pinotxo-9788426132901\\\/#breadcrumb\",\"itemListElement\":[{\"@type\":\"ListItem\",\"position\":1,\"name\":\"Portada\",\"item\":\"https:\\\/\\\/www.editorialjuventud.es\\\/\"},{\"@type\":\"ListItem\",\"position\":2,\"name\":\"cat\u00e1logo\",\"item\":\"https:\\\/\\\/www.editorialjuventud.es\\\/coleccion\\\/catalogo\\\/\"},{\"@type\":\"ListItem\",\"position\":3,\"name\":\"catal\u00e0\",\"item\":\"https:\\\/\\\/www.editorialjuventud.es\\\/coleccion\\\/catala\\\/\"},{\"@type\":\"ListItem\",\"position\":4,\"name\":\"Contes Universals\",\"item\":\"https:\\\/\\\/www.editorialjuventud.es\\\/coleccion\\\/contes-universals\\\/\"},{\"@type\":\"ListItem\",\"position\":5,\"name\":\"Les aventures d&#8217;en Pinotxo\"}]},{\"@type\":\"WebSite\",\"@id\":\"https:\\\/\\\/www.editorialjuventud.es\\\/#website\",\"url\":\"https:\\\/\\\/www.editorialjuventud.es\\\/\",\"name\":\"Editorial Juventud\",\"description\":\"\",\"potentialAction\":[{\"@type\":\"SearchAction\",\"target\":{\"@type\":\"EntryPoint\",\"urlTemplate\":\"https:\\\/\\\/www.editorialjuventud.es\\\/?s={search_term_string}\"},\"query-input\":{\"@type\":\"PropertyValueSpecification\",\"valueRequired\":true,\"valueName\":\"search_term_string\"}}],\"inLanguage\":\"ca\"}]}<\/script>\n<!-- \/ Yoast SEO plugin. -->","yoast_head_json":{"title":"Les aventures d'en Pinotxo - Editorial Juventud","description":"El desig m\u00e9s gran d\u0092en Pinotxo \u00e9s esdevenir un noi de deb\u00f2, per\u00f2 nom\u00e9s \u00e9s un putxinel\u00b7li entremaliat, insensat i tossut, que sempre defuig les seves","robots":{"index":"index","follow":"follow","max-snippet":"max-snippet:-1","max-image-preview":"max-image-preview:large","max-video-preview":"max-video-preview:-1"},"canonical":"https:\/\/www.editorialjuventud.es\/les-aventures-den-pinotxo-9788426132901\/","og_locale":"ca_ES","og_type":"article","og_title":"Les aventures d'en Pinotxo - Editorial Juventud","og_description":"El desig m\u00e9s gran d\u0092en Pinotxo \u00e9s esdevenir un noi de deb\u00f2, per\u00f2 nom\u00e9s \u00e9s un putxinel\u00b7li entremaliat, insensat i tossut, que sempre defuig les seves","og_url":"https:\/\/www.editorialjuventud.es\/les-aventures-den-pinotxo-9788426132901\/","og_site_name":"Editorial Juventud","article_modified_time":"2022-06-15T13:58:02+00:00","og_image":[{"width":335,"height":450,"url":"https:\/\/www.editorialjuventud.es\/wp-content\/uploads\/3290-1.jpg","type":"image\/jpeg"}],"twitter_card":"summary_large_image","twitter_misc":{"Temps estimat de lectura":"1 minut"},"schema":{"@context":"https:\/\/schema.org","@graph":[{"@type":"WebPage","@id":"https:\/\/www.editorialjuventud.es\/les-aventures-den-pinotxo-9788426132901\/","url":"https:\/\/www.editorialjuventud.es\/les-aventures-den-pinotxo-9788426132901\/","name":"Les aventures d'en Pinotxo - Editorial Juventud","isPartOf":{"@id":"https:\/\/www.editorialjuventud.es\/#website"},"primaryImageOfPage":{"@id":"https:\/\/www.editorialjuventud.es\/les-aventures-den-pinotxo-9788426132901\/#primaryimage"},"image":{"@id":"https:\/\/www.editorialjuventud.es\/les-aventures-den-pinotxo-9788426132901\/#primaryimage"},"thumbnailUrl":"https:\/\/www.editorialjuventud.es\/wp-content\/uploads\/3290-1.jpg","datePublished":"2018-08-24T08:35:45+00:00","dateModified":"2022-06-15T13:58:02+00:00","description":"El desig m\u00e9s gran d\u0092en Pinotxo \u00e9s esdevenir un noi de deb\u00f2, per\u00f2 nom\u00e9s \u00e9s un putxinel\u00b7li entremaliat, insensat i tossut, que sempre defuig les seves","breadcrumb":{"@id":"https:\/\/www.editorialjuventud.es\/les-aventures-den-pinotxo-9788426132901\/#breadcrumb"},"inLanguage":"ca","potentialAction":[{"@type":"ReadAction","target":["https:\/\/www.editorialjuventud.es\/les-aventures-den-pinotxo-9788426132901\/"]}]},{"@type":"ImageObject","inLanguage":"ca","@id":"https:\/\/www.editorialjuventud.es\/les-aventures-den-pinotxo-9788426132901\/#primaryimage","url":"https:\/\/www.editorialjuventud.es\/wp-content\/uploads\/3290-1.jpg","contentUrl":"https:\/\/www.editorialjuventud.es\/wp-content\/uploads\/3290-1.jpg","width":335,"height":450,"caption":"3290.jpg"},{"@type":"BreadcrumbList","@id":"https:\/\/www.editorialjuventud.es\/les-aventures-den-pinotxo-9788426132901\/#breadcrumb","itemListElement":[{"@type":"ListItem","position":1,"name":"Portada","item":"https:\/\/www.editorialjuventud.es\/"},{"@type":"ListItem","position":2,"name":"cat\u00e1logo","item":"https:\/\/www.editorialjuventud.es\/coleccion\/catalogo\/"},{"@type":"ListItem","position":3,"name":"catal\u00e0","item":"https:\/\/www.editorialjuventud.es\/coleccion\/catala\/"},{"@type":"ListItem","position":4,"name":"Contes Universals","item":"https:\/\/www.editorialjuventud.es\/coleccion\/contes-universals\/"},{"@type":"ListItem","position":5,"name":"Les aventures d&#8217;en Pinotxo"}]},{"@type":"WebSite","@id":"https:\/\/www.editorialjuventud.es\/#website","url":"https:\/\/www.editorialjuventud.es\/","name":"Editorial Juventud","description":"","potentialAction":[{"@type":"SearchAction","target":{"@type":"EntryPoint","urlTemplate":"https:\/\/www.editorialjuventud.es\/?s={search_term_string}"},"query-input":{"@type":"PropertyValueSpecification","valueRequired":true,"valueName":"search_term_string"}}],"inLanguage":"ca"}]}},"_links":{"self":[{"href":"https:\/\/www.editorialjuventud.es\/ca\/wp-json\/wp\/v2\/product\/5264","targetHints":{"allow":["GET"]}}],"collection":[{"href":"https:\/\/www.editorialjuventud.es\/ca\/wp-json\/wp\/v2\/product"}],"about":[{"href":"https:\/\/www.editorialjuventud.es\/ca\/wp-json\/wp\/v2\/types\/product"}],"wp:featuredmedia":[{"embeddable":true,"href":"https:\/\/www.editorialjuventud.es\/ca\/wp-json\/wp\/v2\/media\/8387"}],"wp:attachment":[{"href":"https:\/\/www.editorialjuventud.es\/ca\/wp-json\/wp\/v2\/media?parent=5264"}],"wp:term":[{"taxonomy":"product_brand","embeddable":true,"href":"https:\/\/www.editorialjuventud.es\/ca\/wp-json\/wp\/v2\/product_brand?post=5264"},{"taxonomy":"product_cat","embeddable":true,"href":"https:\/\/www.editorialjuventud.es\/ca\/wp-json\/wp\/v2\/product_cat?post=5264"},{"taxonomy":"product_tag","embeddable":true,"href":"https:\/\/www.editorialjuventud.es\/ca\/wp-json\/wp\/v2\/product_tag?post=5264"},{"taxonomy":"coleccion","embeddable":true,"href":"https:\/\/www.editorialjuventud.es\/ca\/wp-json\/wp\/v2\/coleccion?post=5264"}],"curies":[{"name":"wp","href":"https:\/\/api.w.org\/{rel}","templated":true}]}}