{"id":5260,"date":"2018-08-24T12:35:22","date_gmt":"2018-08-24T08:35:22","guid":{"rendered":"http:\/\/www.editorialjuventud.es\/alicia-en-el-pais-de-las-maravillas-2\/"},"modified":"2022-09-27T14:08:48","modified_gmt":"2022-09-27T12:08:48","slug":"alicia-en-el-pais-de-las-maravillas-9788426132857","status":"publish","type":"product","link":"https:\/\/www.editorialjuventud.es\/ca\/alicia-en-el-pais-de-las-maravillas-9788426132857\/","title":{"rendered":"Alicia en el Pa\u00eds de las Maravillas"},"content":{"rendered":"<p>Alicia est\u00e1 aburrida en la orilla del r\u00edo, cuando de repente ve un conejo blanco que pasa corriendo \u00a1y hablando! Curiosa, lo sigue hasta su madriguera, salta dentro y cae, cae, cae&#8230; en un pa\u00eds donde las cosas parecen no tener ning\u00fan sentido ni ninguna l\u00f3gica y donde todo es posible. All\u00ed viven las criaturas m\u00e1s extravagantes, como el Gato de Cheshire, cuya afici\u00f3n por los enigmas solo es igualada por su tendencia a desaparecer; la cruel Reina de Corazones, el Sombrerero o la Liebre Marce\u00f1a. Un cl\u00e1sico para todas las edades que nos adentra en el maravilloso mundo de lo absurdo, lo on\u00edrico y los dobles sentidos de la mano de Alicia y de los m\u00e1s variopintos personajes.<\/p>\n","protected":false},"excerpt":{"rendered":"Alicia est\u00e1 aburrida en la orilla del r\u00edo, cuando de repente ve un conejo blanco que pasa corriendo \u00a1y hablando! Curiosa, lo sigue hasta su madriguera, salta dentro y cae, cae, cae&#8230; en un pa\u00eds donde las cosas parecen no [&hellip;]","protected":false},"featured_media":15639,"template":"","meta":{"_acf_changed":false,"_exactmetrics_skip_tracking":false,"_exactmetrics_sitenote_active":false,"_exactmetrics_sitenote_note":"","_exactmetrics_sitenote_category":0},"product_brand":[],"product_cat":[897,892,1115,1119],"product_tag":[],"coleccion":[916,1025,1086],"class_list":{"0":"post-5260","1":"product","2":"type-product","3":"status-publish","4":"has-post-thumbnail","6":"product_cat-a-partir-de-13-anos","7":"product_cat-edades","8":"product_cat-generos","9":"product_cat-narrativa-juvenil","10":"coleccion-castellano","11":"coleccion-coleccion-juventud","12":"coleccion-narrativa-juvenil-castellano","14":"first","15":"instock","16":"taxable","17":"shipping-taxable","18":"purchasable","19":"product-type-simple"},"acf":{"autores-libros":[16269],"ilustradores-libros":[17350],"traductores-libros":[26931]},"yoast_head":"<!-- This site is optimized with the Yoast SEO plugin v27.5 - https:\/\/yoast.com\/product\/yoast-seo-wordpress\/ -->\n<title>Alicia en el Pa\u00eds de las Maravillas - Editorial Juventud<\/title>\n<meta name=\"description\" content=\"Alicia est\u00e1 aburrida en la orilla del r\u00edo, cuando de repente ve un conejo blanco que pasa corriendo \u00a1y hablando! Curiosa, lo sigue hasta su madriguera,\" \/>\n<meta name=\"robots\" content=\"index, follow, max-snippet:-1, max-image-preview:large, max-video-preview:-1\" \/>\n<link rel=\"canonical\" href=\"https:\/\/www.editorialjuventud.es\/alicia-en-el-pais-de-las-maravillas-9788426132857\/\" \/>\n<meta property=\"og:locale\" content=\"ca_ES\" \/>\n<meta property=\"og:type\" content=\"article\" \/>\n<meta property=\"og:title\" content=\"Alicia en el Pa\u00eds de las Maravillas - Editorial Juventud\" \/>\n<meta property=\"og:description\" content=\"Alicia est\u00e1 aburrida en la orilla del r\u00edo, cuando de repente ve un conejo blanco que pasa corriendo \u00a1y hablando! Curiosa, lo sigue hasta su madriguera,\" \/>\n<meta property=\"og:url\" content=\"https:\/\/www.editorialjuventud.es\/alicia-en-el-pais-de-las-maravillas-9788426132857\/\" \/>\n<meta property=\"og:site_name\" content=\"Editorial Juventud\" \/>\n<meta property=\"article:modified_time\" content=\"2022-09-27T12:08:48+00:00\" \/>\n<meta property=\"og:image\" content=\"https:\/\/www.editorialjuventud.es\/wp-content\/uploads\/9788426132857.jpg\" \/>\n\t<meta property=\"og:image:width\" content=\"271\" \/>\n\t<meta property=\"og:image:height\" content=\"450\" \/>\n\t<meta property=\"og:image:type\" content=\"image\/jpeg\" \/>\n<meta name=\"twitter:card\" content=\"summary_large_image\" \/>\n<meta name=\"twitter:label1\" content=\"Temps estimat de lectura\" \/>\n\t<meta name=\"twitter:data1\" content=\"1 minut\" \/>\n<script type=\"application\/ld+json\" class=\"yoast-schema-graph\">{\"@context\":\"https:\\\/\\\/schema.org\",\"@graph\":[{\"@type\":\"WebPage\",\"@id\":\"https:\\\/\\\/www.editorialjuventud.es\\\/alicia-en-el-pais-de-las-maravillas-9788426132857\\\/\",\"url\":\"https:\\\/\\\/www.editorialjuventud.es\\\/alicia-en-el-pais-de-las-maravillas-9788426132857\\\/\",\"name\":\"Alicia en el Pa\u00eds de las Maravillas - Editorial Juventud\",\"isPartOf\":{\"@id\":\"https:\\\/\\\/www.editorialjuventud.es\\\/#website\"},\"primaryImageOfPage\":{\"@id\":\"https:\\\/\\\/www.editorialjuventud.es\\\/alicia-en-el-pais-de-las-maravillas-9788426132857\\\/#primaryimage\"},\"image\":{\"@id\":\"https:\\\/\\\/www.editorialjuventud.es\\\/alicia-en-el-pais-de-las-maravillas-9788426132857\\\/#primaryimage\"},\"thumbnailUrl\":\"https:\\\/\\\/www.editorialjuventud.es\\\/wp-content\\\/uploads\\\/9788426132857.jpg\",\"datePublished\":\"2018-08-24T08:35:22+00:00\",\"dateModified\":\"2022-09-27T12:08:48+00:00\",\"description\":\"Alicia est\u00e1 aburrida en la orilla del r\u00edo, cuando de repente ve un conejo blanco que pasa corriendo \u00a1y hablando! Curiosa, lo sigue hasta su madriguera,\",\"breadcrumb\":{\"@id\":\"https:\\\/\\\/www.editorialjuventud.es\\\/alicia-en-el-pais-de-las-maravillas-9788426132857\\\/#breadcrumb\"},\"inLanguage\":\"ca\",\"potentialAction\":[{\"@type\":\"ReadAction\",\"target\":[\"https:\\\/\\\/www.editorialjuventud.es\\\/alicia-en-el-pais-de-las-maravillas-9788426132857\\\/\"]}]},{\"@type\":\"ImageObject\",\"inLanguage\":\"ca\",\"@id\":\"https:\\\/\\\/www.editorialjuventud.es\\\/alicia-en-el-pais-de-las-maravillas-9788426132857\\\/#primaryimage\",\"url\":\"https:\\\/\\\/www.editorialjuventud.es\\\/wp-content\\\/uploads\\\/9788426132857.jpg\",\"contentUrl\":\"https:\\\/\\\/www.editorialjuventud.es\\\/wp-content\\\/uploads\\\/9788426132857.jpg\",\"width\":271,\"height\":450,\"caption\":\"9788426132857.jpg\"},{\"@type\":\"BreadcrumbList\",\"@id\":\"https:\\\/\\\/www.editorialjuventud.es\\\/alicia-en-el-pais-de-las-maravillas-9788426132857\\\/#breadcrumb\",\"itemListElement\":[{\"@type\":\"ListItem\",\"position\":1,\"name\":\"Portada\",\"item\":\"https:\\\/\\\/www.editorialjuventud.es\\\/\"},{\"@type\":\"ListItem\",\"position\":2,\"name\":\"cat\u00e1logo\",\"item\":\"https:\\\/\\\/www.editorialjuventud.es\\\/coleccion\\\/catalogo\\\/\"},{\"@type\":\"ListItem\",\"position\":3,\"name\":\"castellano\",\"item\":\"https:\\\/\\\/www.editorialjuventud.es\\\/coleccion\\\/castellano\\\/\"},{\"@type\":\"ListItem\",\"position\":4,\"name\":\"Narrativa Juvenil\",\"item\":\"https:\\\/\\\/www.editorialjuventud.es\\\/coleccion\\\/narrativa-juvenil-castellano\\\/\"},{\"@type\":\"ListItem\",\"position\":5,\"name\":\"Colecci\u00f3n Juventud\",\"item\":\"https:\\\/\\\/www.editorialjuventud.es\\\/coleccion\\\/coleccion-juventud\\\/\"},{\"@type\":\"ListItem\",\"position\":6,\"name\":\"Alicia en el Pa\u00eds de las Maravillas\"}]},{\"@type\":\"WebSite\",\"@id\":\"https:\\\/\\\/www.editorialjuventud.es\\\/#website\",\"url\":\"https:\\\/\\\/www.editorialjuventud.es\\\/\",\"name\":\"Editorial Juventud\",\"description\":\"\",\"potentialAction\":[{\"@type\":\"SearchAction\",\"target\":{\"@type\":\"EntryPoint\",\"urlTemplate\":\"https:\\\/\\\/www.editorialjuventud.es\\\/?s={search_term_string}\"},\"query-input\":{\"@type\":\"PropertyValueSpecification\",\"valueRequired\":true,\"valueName\":\"search_term_string\"}}],\"inLanguage\":\"ca\"}]}<\/script>\n<!-- \/ Yoast SEO plugin. -->","yoast_head_json":{"title":"Alicia en el Pa\u00eds de las Maravillas - Editorial Juventud","description":"Alicia est\u00e1 aburrida en la orilla del r\u00edo, cuando de repente ve un conejo blanco que pasa corriendo \u00a1y hablando! Curiosa, lo sigue hasta su madriguera,","robots":{"index":"index","follow":"follow","max-snippet":"max-snippet:-1","max-image-preview":"max-image-preview:large","max-video-preview":"max-video-preview:-1"},"canonical":"https:\/\/www.editorialjuventud.es\/alicia-en-el-pais-de-las-maravillas-9788426132857\/","og_locale":"ca_ES","og_type":"article","og_title":"Alicia en el Pa\u00eds de las Maravillas - Editorial Juventud","og_description":"Alicia est\u00e1 aburrida en la orilla del r\u00edo, cuando de repente ve un conejo blanco que pasa corriendo \u00a1y hablando! Curiosa, lo sigue hasta su madriguera,","og_url":"https:\/\/www.editorialjuventud.es\/alicia-en-el-pais-de-las-maravillas-9788426132857\/","og_site_name":"Editorial Juventud","article_modified_time":"2022-09-27T12:08:48+00:00","og_image":[{"width":271,"height":450,"url":"https:\/\/www.editorialjuventud.es\/wp-content\/uploads\/9788426132857.jpg","type":"image\/jpeg"}],"twitter_card":"summary_large_image","twitter_misc":{"Temps estimat de lectura":"1 minut"},"schema":{"@context":"https:\/\/schema.org","@graph":[{"@type":"WebPage","@id":"https:\/\/www.editorialjuventud.es\/alicia-en-el-pais-de-las-maravillas-9788426132857\/","url":"https:\/\/www.editorialjuventud.es\/alicia-en-el-pais-de-las-maravillas-9788426132857\/","name":"Alicia en el Pa\u00eds de las Maravillas - Editorial Juventud","isPartOf":{"@id":"https:\/\/www.editorialjuventud.es\/#website"},"primaryImageOfPage":{"@id":"https:\/\/www.editorialjuventud.es\/alicia-en-el-pais-de-las-maravillas-9788426132857\/#primaryimage"},"image":{"@id":"https:\/\/www.editorialjuventud.es\/alicia-en-el-pais-de-las-maravillas-9788426132857\/#primaryimage"},"thumbnailUrl":"https:\/\/www.editorialjuventud.es\/wp-content\/uploads\/9788426132857.jpg","datePublished":"2018-08-24T08:35:22+00:00","dateModified":"2022-09-27T12:08:48+00:00","description":"Alicia est\u00e1 aburrida en la orilla del r\u00edo, cuando de repente ve un conejo blanco que pasa corriendo \u00a1y hablando! Curiosa, lo sigue hasta su madriguera,","breadcrumb":{"@id":"https:\/\/www.editorialjuventud.es\/alicia-en-el-pais-de-las-maravillas-9788426132857\/#breadcrumb"},"inLanguage":"ca","potentialAction":[{"@type":"ReadAction","target":["https:\/\/www.editorialjuventud.es\/alicia-en-el-pais-de-las-maravillas-9788426132857\/"]}]},{"@type":"ImageObject","inLanguage":"ca","@id":"https:\/\/www.editorialjuventud.es\/alicia-en-el-pais-de-las-maravillas-9788426132857\/#primaryimage","url":"https:\/\/www.editorialjuventud.es\/wp-content\/uploads\/9788426132857.jpg","contentUrl":"https:\/\/www.editorialjuventud.es\/wp-content\/uploads\/9788426132857.jpg","width":271,"height":450,"caption":"9788426132857.jpg"},{"@type":"BreadcrumbList","@id":"https:\/\/www.editorialjuventud.es\/alicia-en-el-pais-de-las-maravillas-9788426132857\/#breadcrumb","itemListElement":[{"@type":"ListItem","position":1,"name":"Portada","item":"https:\/\/www.editorialjuventud.es\/"},{"@type":"ListItem","position":2,"name":"cat\u00e1logo","item":"https:\/\/www.editorialjuventud.es\/coleccion\/catalogo\/"},{"@type":"ListItem","position":3,"name":"castellano","item":"https:\/\/www.editorialjuventud.es\/coleccion\/castellano\/"},{"@type":"ListItem","position":4,"name":"Narrativa Juvenil","item":"https:\/\/www.editorialjuventud.es\/coleccion\/narrativa-juvenil-castellano\/"},{"@type":"ListItem","position":5,"name":"Colecci\u00f3n Juventud","item":"https:\/\/www.editorialjuventud.es\/coleccion\/coleccion-juventud\/"},{"@type":"ListItem","position":6,"name":"Alicia en el Pa\u00eds de las Maravillas"}]},{"@type":"WebSite","@id":"https:\/\/www.editorialjuventud.es\/#website","url":"https:\/\/www.editorialjuventud.es\/","name":"Editorial Juventud","description":"","potentialAction":[{"@type":"SearchAction","target":{"@type":"EntryPoint","urlTemplate":"https:\/\/www.editorialjuventud.es\/?s={search_term_string}"},"query-input":{"@type":"PropertyValueSpecification","valueRequired":true,"valueName":"search_term_string"}}],"inLanguage":"ca"}]}},"_links":{"self":[{"href":"https:\/\/www.editorialjuventud.es\/ca\/wp-json\/wp\/v2\/product\/5260","targetHints":{"allow":["GET"]}}],"collection":[{"href":"https:\/\/www.editorialjuventud.es\/ca\/wp-json\/wp\/v2\/product"}],"about":[{"href":"https:\/\/www.editorialjuventud.es\/ca\/wp-json\/wp\/v2\/types\/product"}],"wp:featuredmedia":[{"embeddable":true,"href":"https:\/\/www.editorialjuventud.es\/ca\/wp-json\/wp\/v2\/media\/15639"}],"wp:attachment":[{"href":"https:\/\/www.editorialjuventud.es\/ca\/wp-json\/wp\/v2\/media?parent=5260"}],"wp:term":[{"taxonomy":"product_brand","embeddable":true,"href":"https:\/\/www.editorialjuventud.es\/ca\/wp-json\/wp\/v2\/product_brand?post=5260"},{"taxonomy":"product_cat","embeddable":true,"href":"https:\/\/www.editorialjuventud.es\/ca\/wp-json\/wp\/v2\/product_cat?post=5260"},{"taxonomy":"product_tag","embeddable":true,"href":"https:\/\/www.editorialjuventud.es\/ca\/wp-json\/wp\/v2\/product_tag?post=5260"},{"taxonomy":"coleccion","embeddable":true,"href":"https:\/\/www.editorialjuventud.es\/ca\/wp-json\/wp\/v2\/coleccion?post=5260"}],"curies":[{"name":"wp","href":"https:\/\/api.w.org\/{rel}","templated":true}]}}