{"id":5246,"date":"2018-08-24T12:34:08","date_gmt":"2018-08-24T08:34:08","guid":{"rendered":"http:\/\/www.editorialjuventud.es\/oscar-agente-secreto\/"},"modified":"2023-07-04T13:22:06","modified_gmt":"2023-07-04T11:22:06","slug":"oscar-agente-secreto-9788426132598","status":"publish","type":"product","link":"https:\/\/www.editorialjuventud.es\/ca\/oscar-agente-secreto-9788426132598\/","title":{"rendered":"\u00d3scar, agente secreto"},"content":{"rendered":"<p>\u00d3scar es un chico de un barrio cualquiera de cualquier ciudad. Esta vez se ve envuelto en una trama incre\u00edble que lo lleva a convertirse en agente secreto. \u00d3scar es siempre divertido, generoso e insospechado y su aventura atrapa al lector hasta el final del libro. Las ilustraciones de Odile, hija de Carmen Kurtz, reflejan con simplicidad y humor el ambiente y los personajes.<\/p>\n","protected":false},"excerpt":{"rendered":"\u00d3scar es un chico de un barrio cualquiera de cualquier ciudad. Esta vez se ve envuelto en una trama incre\u00edble que lo lleva a convertirse en agente secreto. \u00d3scar es siempre divertido, generoso e insospechado y su aventura atrapa al [&hellip;]","protected":false},"featured_media":8073,"template":"","meta":{"_acf_changed":false,"_exactmetrics_skip_tracking":false,"_exactmetrics_sitenote_active":false,"_exactmetrics_sitenote_note":"","_exactmetrics_sitenote_category":0},"product_brand":[],"product_cat":[902,1142,1158,892,1115,1119,1128,1229],"product_tag":[],"coleccion":[916,1025,1086],"class_list":{"0":"post-5246","1":"product","2":"type-product","3":"status-publish","4":"has-post-thumbnail","6":"product_cat-a-partir-de-7-anos","7":"product_cat-aventura","8":"product_cat-critica-social","9":"product_cat-edades","10":"product_cat-generos","11":"product_cat-narrativa-juvenil","12":"product_cat-tematica","13":"product_cat-vacaciones-viajes","14":"coleccion-castellano","15":"coleccion-coleccion-juventud","16":"coleccion-narrativa-juvenil-castellano","18":"first","19":"instock","20":"taxable","21":"shipping-taxable","22":"purchasable","23":"product-type-simple"},"acf":{"autores-libros":[16449],"ilustradores-libros":[17454,17828]},"yoast_head":"<!-- This site is optimized with the Yoast SEO plugin v27.5 - https:\/\/yoast.com\/product\/yoast-seo-wordpress\/ -->\n<title>\u00d3scar, agente secreto - Editorial Juventud<\/title>\n<meta name=\"description\" content=\"\u00d3scar es un chico de un barrio cualquiera de cualquier ciudad. Esta vez se ve envuelto en una trama incre\u00edble que lo lleva a convertirse en agente\" \/>\n<meta name=\"robots\" content=\"index, follow, max-snippet:-1, max-image-preview:large, max-video-preview:-1\" \/>\n<link rel=\"canonical\" href=\"https:\/\/www.editorialjuventud.es\/oscar-agente-secreto-9788426132598\/\" \/>\n<meta property=\"og:locale\" content=\"ca_ES\" \/>\n<meta property=\"og:type\" content=\"article\" \/>\n<meta property=\"og:title\" content=\"\u00d3scar, agente secreto - Editorial Juventud\" \/>\n<meta property=\"og:description\" content=\"\u00d3scar es un chico de un barrio cualquiera de cualquier ciudad. Esta vez se ve envuelto en una trama incre\u00edble que lo lleva a convertirse en agente\" \/>\n<meta property=\"og:url\" content=\"https:\/\/www.editorialjuventud.es\/oscar-agente-secreto-9788426132598\/\" \/>\n<meta property=\"og:site_name\" content=\"Editorial Juventud\" \/>\n<meta property=\"article:modified_time\" content=\"2023-07-04T11:22:06+00:00\" \/>\n<meta property=\"og:image\" content=\"https:\/\/www.editorialjuventud.es\/wp-content\/uploads\/3259-1.jpg\" \/>\n\t<meta property=\"og:image:width\" content=\"274\" \/>\n\t<meta property=\"og:image:height\" content=\"450\" \/>\n\t<meta property=\"og:image:type\" content=\"image\/jpeg\" \/>\n<meta name=\"twitter:card\" content=\"summary_large_image\" \/>\n<script type=\"application\/ld+json\" class=\"yoast-schema-graph\">{\"@context\":\"https:\\\/\\\/schema.org\",\"@graph\":[{\"@type\":\"WebPage\",\"@id\":\"https:\\\/\\\/www.editorialjuventud.es\\\/oscar-agente-secreto-9788426132598\\\/\",\"url\":\"https:\\\/\\\/www.editorialjuventud.es\\\/oscar-agente-secreto-9788426132598\\\/\",\"name\":\"\u00d3scar, agente secreto - Editorial Juventud\",\"isPartOf\":{\"@id\":\"https:\\\/\\\/www.editorialjuventud.es\\\/#website\"},\"primaryImageOfPage\":{\"@id\":\"https:\\\/\\\/www.editorialjuventud.es\\\/oscar-agente-secreto-9788426132598\\\/#primaryimage\"},\"image\":{\"@id\":\"https:\\\/\\\/www.editorialjuventud.es\\\/oscar-agente-secreto-9788426132598\\\/#primaryimage\"},\"thumbnailUrl\":\"https:\\\/\\\/www.editorialjuventud.es\\\/wp-content\\\/uploads\\\/3259-1.jpg\",\"datePublished\":\"2018-08-24T08:34:08+00:00\",\"dateModified\":\"2023-07-04T11:22:06+00:00\",\"description\":\"\u00d3scar es un chico de un barrio cualquiera de cualquier ciudad. Esta vez se ve envuelto en una trama incre\u00edble que lo lleva a convertirse en agente\",\"breadcrumb\":{\"@id\":\"https:\\\/\\\/www.editorialjuventud.es\\\/oscar-agente-secreto-9788426132598\\\/#breadcrumb\"},\"inLanguage\":\"ca\",\"potentialAction\":[{\"@type\":\"ReadAction\",\"target\":[\"https:\\\/\\\/www.editorialjuventud.es\\\/oscar-agente-secreto-9788426132598\\\/\"]}]},{\"@type\":\"ImageObject\",\"inLanguage\":\"ca\",\"@id\":\"https:\\\/\\\/www.editorialjuventud.es\\\/oscar-agente-secreto-9788426132598\\\/#primaryimage\",\"url\":\"https:\\\/\\\/www.editorialjuventud.es\\\/wp-content\\\/uploads\\\/3259-1.jpg\",\"contentUrl\":\"https:\\\/\\\/www.editorialjuventud.es\\\/wp-content\\\/uploads\\\/3259-1.jpg\",\"width\":274,\"height\":450,\"caption\":\"3259.jpg\"},{\"@type\":\"BreadcrumbList\",\"@id\":\"https:\\\/\\\/www.editorialjuventud.es\\\/oscar-agente-secreto-9788426132598\\\/#breadcrumb\",\"itemListElement\":[{\"@type\":\"ListItem\",\"position\":1,\"name\":\"Portada\",\"item\":\"https:\\\/\\\/www.editorialjuventud.es\\\/\"},{\"@type\":\"ListItem\",\"position\":2,\"name\":\"cat\u00e1logo\",\"item\":\"https:\\\/\\\/www.editorialjuventud.es\\\/coleccion\\\/catalogo\\\/\"},{\"@type\":\"ListItem\",\"position\":3,\"name\":\"castellano\",\"item\":\"https:\\\/\\\/www.editorialjuventud.es\\\/coleccion\\\/castellano\\\/\"},{\"@type\":\"ListItem\",\"position\":4,\"name\":\"Narrativa Juvenil\",\"item\":\"https:\\\/\\\/www.editorialjuventud.es\\\/coleccion\\\/narrativa-juvenil-castellano\\\/\"},{\"@type\":\"ListItem\",\"position\":5,\"name\":\"Colecci\u00f3n Juventud\",\"item\":\"https:\\\/\\\/www.editorialjuventud.es\\\/coleccion\\\/coleccion-juventud\\\/\"},{\"@type\":\"ListItem\",\"position\":6,\"name\":\"\u00d3scar, agente secreto\"}]},{\"@type\":\"WebSite\",\"@id\":\"https:\\\/\\\/www.editorialjuventud.es\\\/#website\",\"url\":\"https:\\\/\\\/www.editorialjuventud.es\\\/\",\"name\":\"Editorial Juventud\",\"description\":\"\",\"potentialAction\":[{\"@type\":\"SearchAction\",\"target\":{\"@type\":\"EntryPoint\",\"urlTemplate\":\"https:\\\/\\\/www.editorialjuventud.es\\\/?s={search_term_string}\"},\"query-input\":{\"@type\":\"PropertyValueSpecification\",\"valueRequired\":true,\"valueName\":\"search_term_string\"}}],\"inLanguage\":\"ca\"}]}<\/script>\n<!-- \/ Yoast SEO plugin. -->","yoast_head_json":{"title":"\u00d3scar, agente secreto - Editorial Juventud","description":"\u00d3scar es un chico de un barrio cualquiera de cualquier ciudad. Esta vez se ve envuelto en una trama incre\u00edble que lo lleva a convertirse en agente","robots":{"index":"index","follow":"follow","max-snippet":"max-snippet:-1","max-image-preview":"max-image-preview:large","max-video-preview":"max-video-preview:-1"},"canonical":"https:\/\/www.editorialjuventud.es\/oscar-agente-secreto-9788426132598\/","og_locale":"ca_ES","og_type":"article","og_title":"\u00d3scar, agente secreto - Editorial Juventud","og_description":"\u00d3scar es un chico de un barrio cualquiera de cualquier ciudad. Esta vez se ve envuelto en una trama incre\u00edble que lo lleva a convertirse en agente","og_url":"https:\/\/www.editorialjuventud.es\/oscar-agente-secreto-9788426132598\/","og_site_name":"Editorial Juventud","article_modified_time":"2023-07-04T11:22:06+00:00","og_image":[{"width":274,"height":450,"url":"https:\/\/www.editorialjuventud.es\/wp-content\/uploads\/3259-1.jpg","type":"image\/jpeg"}],"twitter_card":"summary_large_image","schema":{"@context":"https:\/\/schema.org","@graph":[{"@type":"WebPage","@id":"https:\/\/www.editorialjuventud.es\/oscar-agente-secreto-9788426132598\/","url":"https:\/\/www.editorialjuventud.es\/oscar-agente-secreto-9788426132598\/","name":"\u00d3scar, agente secreto - Editorial Juventud","isPartOf":{"@id":"https:\/\/www.editorialjuventud.es\/#website"},"primaryImageOfPage":{"@id":"https:\/\/www.editorialjuventud.es\/oscar-agente-secreto-9788426132598\/#primaryimage"},"image":{"@id":"https:\/\/www.editorialjuventud.es\/oscar-agente-secreto-9788426132598\/#primaryimage"},"thumbnailUrl":"https:\/\/www.editorialjuventud.es\/wp-content\/uploads\/3259-1.jpg","datePublished":"2018-08-24T08:34:08+00:00","dateModified":"2023-07-04T11:22:06+00:00","description":"\u00d3scar es un chico de un barrio cualquiera de cualquier ciudad. Esta vez se ve envuelto en una trama incre\u00edble que lo lleva a convertirse en agente","breadcrumb":{"@id":"https:\/\/www.editorialjuventud.es\/oscar-agente-secreto-9788426132598\/#breadcrumb"},"inLanguage":"ca","potentialAction":[{"@type":"ReadAction","target":["https:\/\/www.editorialjuventud.es\/oscar-agente-secreto-9788426132598\/"]}]},{"@type":"ImageObject","inLanguage":"ca","@id":"https:\/\/www.editorialjuventud.es\/oscar-agente-secreto-9788426132598\/#primaryimage","url":"https:\/\/www.editorialjuventud.es\/wp-content\/uploads\/3259-1.jpg","contentUrl":"https:\/\/www.editorialjuventud.es\/wp-content\/uploads\/3259-1.jpg","width":274,"height":450,"caption":"3259.jpg"},{"@type":"BreadcrumbList","@id":"https:\/\/www.editorialjuventud.es\/oscar-agente-secreto-9788426132598\/#breadcrumb","itemListElement":[{"@type":"ListItem","position":1,"name":"Portada","item":"https:\/\/www.editorialjuventud.es\/"},{"@type":"ListItem","position":2,"name":"cat\u00e1logo","item":"https:\/\/www.editorialjuventud.es\/coleccion\/catalogo\/"},{"@type":"ListItem","position":3,"name":"castellano","item":"https:\/\/www.editorialjuventud.es\/coleccion\/castellano\/"},{"@type":"ListItem","position":4,"name":"Narrativa Juvenil","item":"https:\/\/www.editorialjuventud.es\/coleccion\/narrativa-juvenil-castellano\/"},{"@type":"ListItem","position":5,"name":"Colecci\u00f3n Juventud","item":"https:\/\/www.editorialjuventud.es\/coleccion\/coleccion-juventud\/"},{"@type":"ListItem","position":6,"name":"\u00d3scar, agente secreto"}]},{"@type":"WebSite","@id":"https:\/\/www.editorialjuventud.es\/#website","url":"https:\/\/www.editorialjuventud.es\/","name":"Editorial Juventud","description":"","potentialAction":[{"@type":"SearchAction","target":{"@type":"EntryPoint","urlTemplate":"https:\/\/www.editorialjuventud.es\/?s={search_term_string}"},"query-input":{"@type":"PropertyValueSpecification","valueRequired":true,"valueName":"search_term_string"}}],"inLanguage":"ca"}]}},"_links":{"self":[{"href":"https:\/\/www.editorialjuventud.es\/ca\/wp-json\/wp\/v2\/product\/5246","targetHints":{"allow":["GET"]}}],"collection":[{"href":"https:\/\/www.editorialjuventud.es\/ca\/wp-json\/wp\/v2\/product"}],"about":[{"href":"https:\/\/www.editorialjuventud.es\/ca\/wp-json\/wp\/v2\/types\/product"}],"wp:featuredmedia":[{"embeddable":true,"href":"https:\/\/www.editorialjuventud.es\/ca\/wp-json\/wp\/v2\/media\/8073"}],"wp:attachment":[{"href":"https:\/\/www.editorialjuventud.es\/ca\/wp-json\/wp\/v2\/media?parent=5246"}],"wp:term":[{"taxonomy":"product_brand","embeddable":true,"href":"https:\/\/www.editorialjuventud.es\/ca\/wp-json\/wp\/v2\/product_brand?post=5246"},{"taxonomy":"product_cat","embeddable":true,"href":"https:\/\/www.editorialjuventud.es\/ca\/wp-json\/wp\/v2\/product_cat?post=5246"},{"taxonomy":"product_tag","embeddable":true,"href":"https:\/\/www.editorialjuventud.es\/ca\/wp-json\/wp\/v2\/product_tag?post=5246"},{"taxonomy":"coleccion","embeddable":true,"href":"https:\/\/www.editorialjuventud.es\/ca\/wp-json\/wp\/v2\/coleccion?post=5246"}],"curies":[{"name":"wp","href":"https:\/\/api.w.org\/{rel}","templated":true}]}}