{"id":52240,"date":"2021-04-12T09:45:42","date_gmt":"2021-04-12T07:45:42","guid":{"rendered":"https:\/\/www.editorialjuventud.es\/vecinos-9788426147134\/"},"modified":"2025-01-22T12:46:24","modified_gmt":"2025-01-22T11:46:24","slug":"vecinos-9788426147134","status":"publish","type":"product","link":"https:\/\/www.editorialjuventud.es\/ca\/vecinos-9788426147134\/","title":{"rendered":"Vecinos"},"content":{"rendered":"<p>Si te paras a pensarlo&#8230;<br \/>Mi techo es el suelo de alguien<br \/>y mi suelo es el techo de alguien.<br \/>Y si mi mano pudiera atravesar esta pared,<br \/>podr\u00eda tocar a alguien.<br \/>\u00a1Y este alguien ser\u00eda mi nueva vecina!<\/p>\n<p>Nuestros vecinos est\u00e1n por todas partes: al lado de nuestra habitaci\u00f3n, encima del comedor o debajo de nuestra cocina. Lo m\u00e1s frecuente es que sean un misterio; una presencia tan solo detectada por ruidos indescifrables, pisadas o, tal vez, una puerta cerrada. Este libro explora las formas en que nos imaginamos su existencia (y la nuestra) mientras son unos desconocidos, y nos impulsa a tomar la valiente decisi\u00f3n de conectarnos con ellos.<\/p>\n","protected":false},"excerpt":{"rendered":"Si te paras a pensarlo&#8230;Mi techo es el suelo de alguieny mi suelo es el techo de alguien.Y si mi mano pudiera atravesar esta pared,podr\u00eda tocar a alguien.\u00a1Y este alguien ser\u00eda mi nueva vecina! Nuestros vecinos est\u00e1n por todas partes: [&hellip;]","protected":false},"featured_media":52241,"template":"","meta":{"_acf_changed":false,"_exactmetrics_skip_tracking":false,"_exactmetrics_sitenote_active":false,"_exactmetrics_sitenote_note":"","_exactmetrics_sitenote_category":0},"product_brand":[],"product_cat":[900,1121,1285,1172,910],"product_tag":[],"coleccion":[988],"class_list":{"0":"post-52240","1":"product","2":"type-product","3":"status-publish","4":"has-post-thumbnail","6":"product_cat-a-partir-de-5-anos","7":"product_cat-albumes-ilustrados","8":"product_cat-diversidad-integracion","9":"product_cat-emociones","10":"product_cat-ultimas-novedades","11":"coleccion-convivencia-y-multiculturalidad","13":"first","14":"instock","15":"taxable","16":"shipping-taxable","17":"purchasable","18":"product-type-simple"},"acf":{"indice":"","autor":"Denisevich, Kasya","codart":"4713","ediciones":"1","encuadernacion":"Carton\u00e9","fecha_de_publicacion":"01\/04\/2021","fecha_de_reimpresion":"","novedad":"0","paginas":"34","subtitulo":"","texto_web_adicional":"","autores-libros":[52227],"ilustradores-libros":[52227],"texto_web_novedad":"","orden":"999","portada":"0","texto_web_resaltado":"","traductores-libros":[17430],"descripcion_corta":"","recomendamos":"","mas_vendido":"","idioma-libro":"","color":false,"formato":"","mas_informacion_del_producto":false,"premios":[{"premio":"Ganador Opera Prima Bologna Ragazzi Award","anyo_del_premio":"2021","pais_del_premio":"It\u00e0lia"}],"deshabilitar_compra":[],"texto_enlace_cubierta":"","enlace_cubierta":{"ID":52292,"id":52292,"title":"cover VECINOS (2 idiomas).indd","filename":"VECINOS-COVER.jpg","filesize":1850004,"url":"https:\/\/www.editorialjuventud.es\/wp-content\/uploads\/VECINOS-COVER.jpg","link":"https:\/\/www.editorialjuventud.es\/ca\/?attachment_id=52292","alt":"","author":"49","description":"","caption":"","name":"cover-vecinos-2-idiomas-indd-2","status":"inherit","uploaded_to":52240,"date":"2021-04-12 11:00:33","modified":"2021-04-12 11:00:33","menu_order":0,"mime_type":"image\/jpeg","type":"image","subtype":"jpeg","icon":"https:\/\/www.editorialjuventud.es\/wp-includes\/images\/media\/default.png","width":2450,"height":3360,"sizes":{"thumbnail":"https:\/\/www.editorialjuventud.es\/wp-content\/uploads\/VECINOS-COVER-200x200.jpg","thumbnail-width":200,"thumbnail-height":200,"medium":"https:\/\/www.editorialjuventud.es\/wp-content\/uploads\/VECINOS-COVER.jpg","medium-width":2450,"medium-height":3360,"medium_large":"https:\/\/www.editorialjuventud.es\/wp-content\/uploads\/VECINOS-COVER-768x1053.jpg","medium_large-width":768,"medium_large-height":1053,"large":"https:\/\/www.editorialjuventud.es\/wp-content\/uploads\/VECINOS-COVER.jpg","large-width":2450,"large-height":3360,"1536x1536":"https:\/\/www.editorialjuventud.es\/wp-content\/uploads\/VECINOS-COVER.jpg","1536x1536-width":1120,"1536x1536-height":1536,"2048x2048":"https:\/\/www.editorialjuventud.es\/wp-content\/uploads\/VECINOS-COVER.jpg","2048x2048-width":1493,"2048x2048-height":2048,"woocommerce_thumbnail":"https:\/\/www.editorialjuventud.es\/wp-content\/uploads\/VECINOS-COVER-350x480.jpg","woocommerce_thumbnail-width":350,"woocommerce_thumbnail-height":480,"woocommerce_single":"https:\/\/www.editorialjuventud.es\/wp-content\/uploads\/VECINOS-COVER-900x1234.jpg","woocommerce_single-width":900,"woocommerce_single-height":1234,"woocommerce_gallery_thumbnail":"https:\/\/www.editorialjuventud.es\/wp-content\/uploads\/VECINOS-COVER-100x100.jpg","woocommerce_gallery_thumbnail-width":100,"woocommerce_gallery_thumbnail-height":100,"ppec_logo_image_size":"https:\/\/www.editorialjuventud.es\/wp-content\/uploads\/VECINOS-COVER.jpg","ppec_logo_image_size-width":44,"ppec_logo_image_size-height":60,"ppec_header_image_size":"https:\/\/www.editorialjuventud.es\/wp-content\/uploads\/VECINOS-COVER.jpg","ppec_header_image_size-width":66,"ppec_header_image_size-height":90}},"texto_enlace_ficha_tecnica":"","enlace_ficha_tecnica":{"ID":52611,"id":52611,"title":"Ficha_Vecinos","filename":"Ficha_Vecinos.pdf","filesize":914852,"url":"https:\/\/www.editorialjuventud.es\/wp-content\/uploads\/Ficha_Vecinos.pdf","link":"https:\/\/www.editorialjuventud.es\/ca\/?attachment_id=52611","alt":"","author":"47","description":"","caption":"","name":"ficha_vecinos","status":"inherit","uploaded_to":52240,"date":"2021-04-19 12:20:59","modified":"2021-04-19 12:20:59","menu_order":0,"mime_type":"application\/pdf","type":"application","subtype":"pdf","icon":"https:\/\/www.editorialjuventud.es\/wp-includes\/images\/media\/document.png"},"ficheros":false,"titulo-fr":"","texto-fr":""},"yoast_head":"<!-- This site is optimized with the Yoast SEO plugin v27.5 - https:\/\/yoast.com\/product\/yoast-seo-wordpress\/ -->\n<title>Vecinos - Editorial Juventud<\/title>\n<meta name=\"description\" content=\"Si te paras a pensarlo...Mi techo es el suelo de alguieny mi suelo es el techo de alguien.Y si mi mano pudiera atravesar esta pared,podr\u00eda tocar a\" \/>\n<meta name=\"robots\" content=\"index, follow, max-snippet:-1, max-image-preview:large, max-video-preview:-1\" \/>\n<link rel=\"canonical\" href=\"https:\/\/www.editorialjuventud.es\/vecinos-9788426147134\/\" \/>\n<meta property=\"og:locale\" content=\"ca_ES\" \/>\n<meta property=\"og:type\" content=\"article\" \/>\n<meta property=\"og:title\" content=\"Vecinos - Editorial Juventud\" \/>\n<meta property=\"og:description\" content=\"Si te paras a pensarlo...Mi techo es el suelo de alguieny mi suelo es el techo de alguien.Y si mi mano pudiera atravesar esta pared,podr\u00eda tocar a\" \/>\n<meta property=\"og:url\" content=\"https:\/\/www.editorialjuventud.es\/vecinos-9788426147134\/\" \/>\n<meta property=\"og:site_name\" content=\"Editorial Juventud\" \/>\n<meta property=\"article:modified_time\" content=\"2025-01-22T11:46:24+00:00\" \/>\n<meta property=\"og:image\" content=\"https:\/\/www.editorialjuventud.es\/wp-content\/uploads\/9788426147134.jpg\" \/>\n\t<meta property=\"og:image:width\" content=\"875\" \/>\n\t<meta property=\"og:image:height\" content=\"1200\" \/>\n\t<meta property=\"og:image:type\" content=\"image\/jpeg\" \/>\n<meta name=\"twitter:card\" content=\"summary_large_image\" \/>\n<meta name=\"twitter:label1\" content=\"Temps estimat de lectura\" \/>\n\t<meta name=\"twitter:data1\" content=\"1 minut\" \/>\n<script type=\"application\/ld+json\" class=\"yoast-schema-graph\">{\"@context\":\"https:\\\/\\\/schema.org\",\"@graph\":[{\"@type\":\"WebPage\",\"@id\":\"https:\\\/\\\/www.editorialjuventud.es\\\/vecinos-9788426147134\\\/\",\"url\":\"https:\\\/\\\/www.editorialjuventud.es\\\/vecinos-9788426147134\\\/\",\"name\":\"Vecinos - Editorial Juventud\",\"isPartOf\":{\"@id\":\"https:\\\/\\\/www.editorialjuventud.es\\\/#website\"},\"primaryImageOfPage\":{\"@id\":\"https:\\\/\\\/www.editorialjuventud.es\\\/vecinos-9788426147134\\\/#primaryimage\"},\"image\":{\"@id\":\"https:\\\/\\\/www.editorialjuventud.es\\\/vecinos-9788426147134\\\/#primaryimage\"},\"thumbnailUrl\":\"https:\\\/\\\/www.editorialjuventud.es\\\/wp-content\\\/uploads\\\/9788426147134.jpg\",\"datePublished\":\"2021-04-12T07:45:42+00:00\",\"dateModified\":\"2025-01-22T11:46:24+00:00\",\"description\":\"Si te paras a pensarlo...Mi techo es el suelo de alguieny mi suelo es el techo de alguien.Y si mi mano pudiera atravesar esta pared,podr\u00eda tocar a\",\"breadcrumb\":{\"@id\":\"https:\\\/\\\/www.editorialjuventud.es\\\/vecinos-9788426147134\\\/#breadcrumb\"},\"inLanguage\":\"ca\",\"potentialAction\":[{\"@type\":\"ReadAction\",\"target\":[\"https:\\\/\\\/www.editorialjuventud.es\\\/vecinos-9788426147134\\\/\"]}]},{\"@type\":\"ImageObject\",\"inLanguage\":\"ca\",\"@id\":\"https:\\\/\\\/www.editorialjuventud.es\\\/vecinos-9788426147134\\\/#primaryimage\",\"url\":\"https:\\\/\\\/www.editorialjuventud.es\\\/wp-content\\\/uploads\\\/9788426147134.jpg\",\"contentUrl\":\"https:\\\/\\\/www.editorialjuventud.es\\\/wp-content\\\/uploads\\\/9788426147134.jpg\",\"width\":875,\"height\":1200,\"caption\":\"9788426147134.jpg\"},{\"@type\":\"BreadcrumbList\",\"@id\":\"https:\\\/\\\/www.editorialjuventud.es\\\/vecinos-9788426147134\\\/#breadcrumb\",\"itemListElement\":[{\"@type\":\"ListItem\",\"position\":1,\"name\":\"Portada\",\"item\":\"https:\\\/\\\/www.editorialjuventud.es\\\/\"},{\"@type\":\"ListItem\",\"position\":2,\"name\":\"cat\u00e1logo\",\"item\":\"https:\\\/\\\/www.editorialjuventud.es\\\/coleccion\\\/catalogo\\\/\"},{\"@type\":\"ListItem\",\"position\":3,\"name\":\"castellano\",\"item\":\"https:\\\/\\\/www.editorialjuventud.es\\\/coleccion\\\/castellano\\\/\"},{\"@type\":\"ListItem\",\"position\":4,\"name\":\"\u00c1lbumes Ilustrados\",\"item\":\"https:\\\/\\\/www.editorialjuventud.es\\\/coleccion\\\/albumes-ilustrados\\\/\"},{\"@type\":\"ListItem\",\"position\":5,\"name\":\"Convivencia y Multiculturalidad\",\"item\":\"https:\\\/\\\/www.editorialjuventud.es\\\/coleccion\\\/convivencia-y-multiculturalidad\\\/\"},{\"@type\":\"ListItem\",\"position\":6,\"name\":\"Vecinos\"}]},{\"@type\":\"WebSite\",\"@id\":\"https:\\\/\\\/www.editorialjuventud.es\\\/#website\",\"url\":\"https:\\\/\\\/www.editorialjuventud.es\\\/\",\"name\":\"Editorial Juventud\",\"description\":\"\",\"potentialAction\":[{\"@type\":\"SearchAction\",\"target\":{\"@type\":\"EntryPoint\",\"urlTemplate\":\"https:\\\/\\\/www.editorialjuventud.es\\\/?s={search_term_string}\"},\"query-input\":{\"@type\":\"PropertyValueSpecification\",\"valueRequired\":true,\"valueName\":\"search_term_string\"}}],\"inLanguage\":\"ca\"}]}<\/script>\n<!-- \/ Yoast SEO plugin. -->","yoast_head_json":{"title":"Vecinos - Editorial Juventud","description":"Si te paras a pensarlo...Mi techo es el suelo de alguieny mi suelo es el techo de alguien.Y si mi mano pudiera atravesar esta pared,podr\u00eda tocar a","robots":{"index":"index","follow":"follow","max-snippet":"max-snippet:-1","max-image-preview":"max-image-preview:large","max-video-preview":"max-video-preview:-1"},"canonical":"https:\/\/www.editorialjuventud.es\/vecinos-9788426147134\/","og_locale":"ca_ES","og_type":"article","og_title":"Vecinos - Editorial Juventud","og_description":"Si te paras a pensarlo...Mi techo es el suelo de alguieny mi suelo es el techo de alguien.Y si mi mano pudiera atravesar esta pared,podr\u00eda tocar a","og_url":"https:\/\/www.editorialjuventud.es\/vecinos-9788426147134\/","og_site_name":"Editorial Juventud","article_modified_time":"2025-01-22T11:46:24+00:00","og_image":[{"width":875,"height":1200,"url":"https:\/\/www.editorialjuventud.es\/wp-content\/uploads\/9788426147134.jpg","type":"image\/jpeg"}],"twitter_card":"summary_large_image","twitter_misc":{"Temps estimat de lectura":"1 minut"},"schema":{"@context":"https:\/\/schema.org","@graph":[{"@type":"WebPage","@id":"https:\/\/www.editorialjuventud.es\/vecinos-9788426147134\/","url":"https:\/\/www.editorialjuventud.es\/vecinos-9788426147134\/","name":"Vecinos - Editorial Juventud","isPartOf":{"@id":"https:\/\/www.editorialjuventud.es\/#website"},"primaryImageOfPage":{"@id":"https:\/\/www.editorialjuventud.es\/vecinos-9788426147134\/#primaryimage"},"image":{"@id":"https:\/\/www.editorialjuventud.es\/vecinos-9788426147134\/#primaryimage"},"thumbnailUrl":"https:\/\/www.editorialjuventud.es\/wp-content\/uploads\/9788426147134.jpg","datePublished":"2021-04-12T07:45:42+00:00","dateModified":"2025-01-22T11:46:24+00:00","description":"Si te paras a pensarlo...Mi techo es el suelo de alguieny mi suelo es el techo de alguien.Y si mi mano pudiera atravesar esta pared,podr\u00eda tocar a","breadcrumb":{"@id":"https:\/\/www.editorialjuventud.es\/vecinos-9788426147134\/#breadcrumb"},"inLanguage":"ca","potentialAction":[{"@type":"ReadAction","target":["https:\/\/www.editorialjuventud.es\/vecinos-9788426147134\/"]}]},{"@type":"ImageObject","inLanguage":"ca","@id":"https:\/\/www.editorialjuventud.es\/vecinos-9788426147134\/#primaryimage","url":"https:\/\/www.editorialjuventud.es\/wp-content\/uploads\/9788426147134.jpg","contentUrl":"https:\/\/www.editorialjuventud.es\/wp-content\/uploads\/9788426147134.jpg","width":875,"height":1200,"caption":"9788426147134.jpg"},{"@type":"BreadcrumbList","@id":"https:\/\/www.editorialjuventud.es\/vecinos-9788426147134\/#breadcrumb","itemListElement":[{"@type":"ListItem","position":1,"name":"Portada","item":"https:\/\/www.editorialjuventud.es\/"},{"@type":"ListItem","position":2,"name":"cat\u00e1logo","item":"https:\/\/www.editorialjuventud.es\/coleccion\/catalogo\/"},{"@type":"ListItem","position":3,"name":"castellano","item":"https:\/\/www.editorialjuventud.es\/coleccion\/castellano\/"},{"@type":"ListItem","position":4,"name":"\u00c1lbumes Ilustrados","item":"https:\/\/www.editorialjuventud.es\/coleccion\/albumes-ilustrados\/"},{"@type":"ListItem","position":5,"name":"Convivencia y Multiculturalidad","item":"https:\/\/www.editorialjuventud.es\/coleccion\/convivencia-y-multiculturalidad\/"},{"@type":"ListItem","position":6,"name":"Vecinos"}]},{"@type":"WebSite","@id":"https:\/\/www.editorialjuventud.es\/#website","url":"https:\/\/www.editorialjuventud.es\/","name":"Editorial Juventud","description":"","potentialAction":[{"@type":"SearchAction","target":{"@type":"EntryPoint","urlTemplate":"https:\/\/www.editorialjuventud.es\/?s={search_term_string}"},"query-input":{"@type":"PropertyValueSpecification","valueRequired":true,"valueName":"search_term_string"}}],"inLanguage":"ca"}]}},"_links":{"self":[{"href":"https:\/\/www.editorialjuventud.es\/ca\/wp-json\/wp\/v2\/product\/52240","targetHints":{"allow":["GET"]}}],"collection":[{"href":"https:\/\/www.editorialjuventud.es\/ca\/wp-json\/wp\/v2\/product"}],"about":[{"href":"https:\/\/www.editorialjuventud.es\/ca\/wp-json\/wp\/v2\/types\/product"}],"wp:featuredmedia":[{"embeddable":true,"href":"https:\/\/www.editorialjuventud.es\/ca\/wp-json\/wp\/v2\/media\/52241"}],"wp:attachment":[{"href":"https:\/\/www.editorialjuventud.es\/ca\/wp-json\/wp\/v2\/media?parent=52240"}],"wp:term":[{"taxonomy":"product_brand","embeddable":true,"href":"https:\/\/www.editorialjuventud.es\/ca\/wp-json\/wp\/v2\/product_brand?post=52240"},{"taxonomy":"product_cat","embeddable":true,"href":"https:\/\/www.editorialjuventud.es\/ca\/wp-json\/wp\/v2\/product_cat?post=52240"},{"taxonomy":"product_tag","embeddable":true,"href":"https:\/\/www.editorialjuventud.es\/ca\/wp-json\/wp\/v2\/product_tag?post=52240"},{"taxonomy":"coleccion","embeddable":true,"href":"https:\/\/www.editorialjuventud.es\/ca\/wp-json\/wp\/v2\/coleccion?post=52240"}],"curies":[{"name":"wp","href":"https:\/\/api.w.org\/{rel}","templated":true}]}}