{"id":52228,"date":"2021-04-12T09:43:53","date_gmt":"2021-04-12T07:43:53","guid":{"rendered":"https:\/\/www.editorialjuventud.es\/don-osito-el-osito-de-los-dali-y-garcia-lorca-9788426147059\/"},"modified":"2025-01-22T12:47:19","modified_gmt":"2025-01-22T11:47:19","slug":"don-osito-el-osito-de-los-dali-y-garcia-lorca-9788426147059","status":"publish","type":"product","link":"https:\/\/www.editorialjuventud.es\/ca\/don-osito-el-osito-de-los-dali-y-garcia-lorca-9788426147059\/","title":{"rendered":"Don Osito. El osito de los Dal\u00ed y Garc\u00eda Lorca"},"content":{"rendered":"<p>A trav\u00e9s de la historia de este juguete que por poco cae en el olvido, somos testigos de algunos de los a\u00f1os m\u00e1s dulces de la infancia y juventud de los Dal\u00ed y Garc\u00eda Lorca. <\/p>\n<p>Don Osito Marquina es un juguete precioso cargado de historia, poes\u00eda, ternura y magia. Naci\u00f3 en una f\u00e1brica alemana donde estuvo hasta que le llevaron a una tienda de Par\u00eds. All\u00ed los padres de Anna Maria y Salvador Dal\u00ed lo compraron y desde entonces se convirtieron en compa\u00f1eros de juegos inseparables. Un d\u00eda Salvador invit\u00f3 a su nuevo amigo, Federico Garc\u00eda Lorca, a pasar unos d\u00edas al Ampurd\u00e1n. Fue entonces cuando Anna Maria y Lorca se hicieron grandes amigos y empezaron a escribirse cartas donde el poeta nunca dejaba de preguntar por el osito de la familia, al que bautizaron Don Osito Marquina. <\/p>\n<p>Un precioso \u00e1lbum ilustrado narrado a modo epistolar por Don Osito Marquina, que es testigo de la vida de los hermanos Dal\u00ed. Las ilustraciones de Zuzanna Celej, usando de manera magistral la t\u00e9cnica del collage, convierten este \u00e1lbum en una obra de arte. En la actualidad, se puede visitar a Don Osito Marquina en el Museo del Juguete de Figueras. <\/p>\n","protected":false},"excerpt":{"rendered":"A trav\u00e9s de la historia de este juguete que por poco cae en el olvido, somos testigos de algunos de los a\u00f1os m\u00e1s dulces de la infancia y juventud de los Dal\u00ed y Garc\u00eda Lorca. Don Osito Marquina es un [&hellip;]","protected":false},"featured_media":52229,"template":"","meta":{"_acf_changed":false,"_exactmetrics_skip_tracking":false,"_exactmetrics_sitenote_active":false,"_exactmetrics_sitenote_note":"","_exactmetrics_sitenote_category":0},"product_brand":[],"product_cat":[902,1121,1136,1125,1140,1157,1207,910],"product_tag":[],"coleccion":[986],"class_list":{"0":"post-52228","1":"product","2":"type-product","3":"status-publish","4":"has-post-thumbnail","6":"product_cat-a-partir-de-7-anos","7":"product_cat-albumes-ilustrados","8":"product_cat-amistad","9":"product_cat-arte","10":"product_cat-arte-y-creatividad","11":"product_cat-crecer","12":"product_cat-personajes-reales","13":"product_cat-ultimas-novedades","14":"coleccion-arte-y-creatividad","16":"first","17":"instock","18":"taxable","19":"shipping-taxable","20":"purchasable","21":"product-type-simple"},"acf":{"indice":"","autor":"Soldevilla, Joan Manuel","codart":"4705","ediciones":"1","encuadernacion":"Carton\u00e9","fecha_de_publicacion":"01\/04\/2021","fecha_de_reimpresion":"","novedad":"0","paginas":"40","subtitulo":"","texto_web_adicional":"","autores-libros":[52222],"ilustradores-libros":[17459],"texto_web_novedad":"","orden":"999","portada":"0","texto_web_resaltado":"","traductores-libros":"","descripcion_corta":"","recomendamos":"","mas_vendido":"","idioma-libro":"","color":false,"formato":"","mas_informacion_del_producto":false,"premios":false,"deshabilitar_compra":[],"texto_enlace_cubierta":"","enlace_cubierta":{"ID":52327,"id":52327,"title":"cover OSITO MARQUINA (2 idiomas).indd","filename":"DON-OSITO.-EL-OSITO-DE-LOS-DALI-Y-GARCIA-LORCA-COVER.jpg","filesize":1450220,"url":"https:\/\/www.editorialjuventud.es\/wp-content\/uploads\/DON-OSITO.-EL-OSITO-DE-LOS-DALI-Y-GARCIA-LORCA-COVER.jpg","link":"https:\/\/www.editorialjuventud.es\/ca\/?attachment_id=52327","alt":"","author":"49","description":"","caption":"","name":"cover-osito-marquina-2-idiomas-indd-2","status":"inherit","uploaded_to":52228,"date":"2021-04-12 11:06:36","modified":"2021-04-12 11:06:36","menu_order":0,"mime_type":"image\/jpeg","type":"image","subtype":"jpeg","icon":"https:\/\/www.editorialjuventud.es\/wp-includes\/images\/media\/default.png","width":3075,"height":3556,"sizes":{"thumbnail":"https:\/\/www.editorialjuventud.es\/wp-content\/uploads\/DON-OSITO.-EL-OSITO-DE-LOS-DALI-Y-GARCIA-LORCA-COVER-200x200.jpg","thumbnail-width":200,"thumbnail-height":200,"medium":"https:\/\/www.editorialjuventud.es\/wp-content\/uploads\/DON-OSITO.-EL-OSITO-DE-LOS-DALI-Y-GARCIA-LORCA-COVER.jpg","medium-width":3075,"medium-height":3556,"medium_large":"https:\/\/www.editorialjuventud.es\/wp-content\/uploads\/DON-OSITO.-EL-OSITO-DE-LOS-DALI-Y-GARCIA-LORCA-COVER-768x888.jpg","medium_large-width":768,"medium_large-height":888,"large":"https:\/\/www.editorialjuventud.es\/wp-content\/uploads\/DON-OSITO.-EL-OSITO-DE-LOS-DALI-Y-GARCIA-LORCA-COVER.jpg","large-width":3075,"large-height":3556,"1536x1536":"https:\/\/www.editorialjuventud.es\/wp-content\/uploads\/DON-OSITO.-EL-OSITO-DE-LOS-DALI-Y-GARCIA-LORCA-COVER.jpg","1536x1536-width":1328,"1536x1536-height":1536,"2048x2048":"https:\/\/www.editorialjuventud.es\/wp-content\/uploads\/DON-OSITO.-EL-OSITO-DE-LOS-DALI-Y-GARCIA-LORCA-COVER.jpg","2048x2048-width":1771,"2048x2048-height":2048,"woocommerce_thumbnail":"https:\/\/www.editorialjuventud.es\/wp-content\/uploads\/DON-OSITO.-EL-OSITO-DE-LOS-DALI-Y-GARCIA-LORCA-COVER-350x405.jpg","woocommerce_thumbnail-width":350,"woocommerce_thumbnail-height":405,"woocommerce_single":"https:\/\/www.editorialjuventud.es\/wp-content\/uploads\/DON-OSITO.-EL-OSITO-DE-LOS-DALI-Y-GARCIA-LORCA-COVER-900x1041.jpg","woocommerce_single-width":900,"woocommerce_single-height":1041,"woocommerce_gallery_thumbnail":"https:\/\/www.editorialjuventud.es\/wp-content\/uploads\/DON-OSITO.-EL-OSITO-DE-LOS-DALI-Y-GARCIA-LORCA-COVER-100x100.jpg","woocommerce_gallery_thumbnail-width":100,"woocommerce_gallery_thumbnail-height":100,"ppec_logo_image_size":"https:\/\/www.editorialjuventud.es\/wp-content\/uploads\/DON-OSITO.-EL-OSITO-DE-LOS-DALI-Y-GARCIA-LORCA-COVER.jpg","ppec_logo_image_size-width":52,"ppec_logo_image_size-height":60,"ppec_header_image_size":"https:\/\/www.editorialjuventud.es\/wp-content\/uploads\/DON-OSITO.-EL-OSITO-DE-LOS-DALI-Y-GARCIA-LORCA-COVER.jpg","ppec_header_image_size-width":78,"ppec_header_image_size-height":90}},"texto_enlace_ficha_tecnica":"","enlace_ficha_tecnica":{"ID":52617,"id":52617,"title":"Ficha_Don_osito_esp","filename":"Ficha_Don_osito_esp.pdf","filesize":232878,"url":"https:\/\/www.editorialjuventud.es\/wp-content\/uploads\/Ficha_Don_osito_esp.pdf","link":"https:\/\/www.editorialjuventud.es\/ca\/?attachment_id=52617","alt":"","author":"47","description":"","caption":"","name":"ficha_don_osito_esp","status":"inherit","uploaded_to":52228,"date":"2021-04-19 12:25:40","modified":"2021-04-19 12:25:40","menu_order":0,"mime_type":"application\/pdf","type":"application","subtype":"pdf","icon":"https:\/\/www.editorialjuventud.es\/wp-includes\/images\/media\/document.png"},"ficheros":false,"titulo-fr":"Don Osito. The Dal\u00ed and Lorca's Teddy Bear","texto-fr":"<p>Don Osito Marquina is a beautiful teddy bear that contains history, poetry, tenderness and magic. He was born in a German factory and there it stayed until it was taken to a shop in Paris. One day the parents of Anna Maria and Salvador Dali bought it and it became the siblings\u2019 inseparable playmate. Years later Salvador Dal\u00ed invited a new friend of his, Federico Garc\u00eda Lorca, to spend a couple of days in the Empord\u00e0. Was back then when Anna Maria and Lorca became great friends and they started exchanging letters in which he never forgot asking about the teddy bear and its family, and he named it Don Osito Marquina.<\/p>\n<p>A charming picture book narrated in an epistolary form by Don Osito Marquina, a witness of the life of the Dal\u00ed siblings. We can visit the bear plush in the Toy Museum of Catalunya in Figueres.<\/p>\n"},"yoast_head":"<!-- This site is optimized with the Yoast SEO plugin v27.3 - https:\/\/yoast.com\/product\/yoast-seo-wordpress\/ -->\n<title>Don Osito. El osito de los Dal\u00ed y Garc\u00eda Lorca - Editorial Juventud<\/title>\n<meta name=\"description\" content=\"A trav\u00e9s de la historia de este juguete que por poco cae en el olvido, somos testigos de algunos de los a\u00f1os m\u00e1s dulces de la infancia y juventud de los\" \/>\n<meta name=\"robots\" content=\"index, follow, max-snippet:-1, max-image-preview:large, max-video-preview:-1\" \/>\n<link rel=\"canonical\" href=\"https:\/\/www.editorialjuventud.es\/don-osito-el-osito-de-los-dali-y-garcia-lorca-9788426147059\/\" \/>\n<meta property=\"og:locale\" content=\"ca_ES\" \/>\n<meta property=\"og:type\" content=\"article\" \/>\n<meta property=\"og:title\" content=\"Don Osito. El osito de los Dal\u00ed y Garc\u00eda Lorca - Editorial Juventud\" \/>\n<meta property=\"og:description\" content=\"A trav\u00e9s de la historia de este juguete que por poco cae en el olvido, somos testigos de algunos de los a\u00f1os m\u00e1s dulces de la infancia y juventud de los\" \/>\n<meta property=\"og:url\" content=\"https:\/\/www.editorialjuventud.es\/don-osito-el-osito-de-los-dali-y-garcia-lorca-9788426147059\/\" \/>\n<meta property=\"og:site_name\" content=\"Editorial Juventud\" \/>\n<meta property=\"article:modified_time\" content=\"2025-01-22T11:47:19+00:00\" \/>\n<meta property=\"og:image\" content=\"https:\/\/www.editorialjuventud.es\/wp-content\/uploads\/9788426147059.jpg\" \/>\n\t<meta property=\"og:image:width\" content=\"1038\" \/>\n\t<meta property=\"og:image:height\" content=\"1200\" \/>\n\t<meta property=\"og:image:type\" content=\"image\/jpeg\" \/>\n<meta name=\"twitter:card\" content=\"summary_large_image\" \/>\n<meta name=\"twitter:label1\" content=\"Temps estimat de lectura\" \/>\n\t<meta name=\"twitter:data1\" content=\"1 minut\" \/>\n<script type=\"application\/ld+json\" class=\"yoast-schema-graph\">{\"@context\":\"https:\\\/\\\/schema.org\",\"@graph\":[{\"@type\":\"WebPage\",\"@id\":\"https:\\\/\\\/www.editorialjuventud.es\\\/don-osito-el-osito-de-los-dali-y-garcia-lorca-9788426147059\\\/\",\"url\":\"https:\\\/\\\/www.editorialjuventud.es\\\/don-osito-el-osito-de-los-dali-y-garcia-lorca-9788426147059\\\/\",\"name\":\"Don Osito. El osito de los Dal\u00ed y Garc\u00eda Lorca - Editorial Juventud\",\"isPartOf\":{\"@id\":\"https:\\\/\\\/www.editorialjuventud.es\\\/#website\"},\"primaryImageOfPage\":{\"@id\":\"https:\\\/\\\/www.editorialjuventud.es\\\/don-osito-el-osito-de-los-dali-y-garcia-lorca-9788426147059\\\/#primaryimage\"},\"image\":{\"@id\":\"https:\\\/\\\/www.editorialjuventud.es\\\/don-osito-el-osito-de-los-dali-y-garcia-lorca-9788426147059\\\/#primaryimage\"},\"thumbnailUrl\":\"https:\\\/\\\/www.editorialjuventud.es\\\/wp-content\\\/uploads\\\/9788426147059.jpg\",\"datePublished\":\"2021-04-12T07:43:53+00:00\",\"dateModified\":\"2025-01-22T11:47:19+00:00\",\"description\":\"A trav\u00e9s de la historia de este juguete que por poco cae en el olvido, somos testigos de algunos de los a\u00f1os m\u00e1s dulces de la infancia y juventud de los\",\"breadcrumb\":{\"@id\":\"https:\\\/\\\/www.editorialjuventud.es\\\/don-osito-el-osito-de-los-dali-y-garcia-lorca-9788426147059\\\/#breadcrumb\"},\"inLanguage\":\"ca\",\"potentialAction\":[{\"@type\":\"ReadAction\",\"target\":[\"https:\\\/\\\/www.editorialjuventud.es\\\/don-osito-el-osito-de-los-dali-y-garcia-lorca-9788426147059\\\/\"]}]},{\"@type\":\"ImageObject\",\"inLanguage\":\"ca\",\"@id\":\"https:\\\/\\\/www.editorialjuventud.es\\\/don-osito-el-osito-de-los-dali-y-garcia-lorca-9788426147059\\\/#primaryimage\",\"url\":\"https:\\\/\\\/www.editorialjuventud.es\\\/wp-content\\\/uploads\\\/9788426147059.jpg\",\"contentUrl\":\"https:\\\/\\\/www.editorialjuventud.es\\\/wp-content\\\/uploads\\\/9788426147059.jpg\",\"width\":1038,\"height\":1200,\"caption\":\"9788426147059.jpg\"},{\"@type\":\"BreadcrumbList\",\"@id\":\"https:\\\/\\\/www.editorialjuventud.es\\\/don-osito-el-osito-de-los-dali-y-garcia-lorca-9788426147059\\\/#breadcrumb\",\"itemListElement\":[{\"@type\":\"ListItem\",\"position\":1,\"name\":\"Portada\",\"item\":\"https:\\\/\\\/www.editorialjuventud.es\\\/\"},{\"@type\":\"ListItem\",\"position\":2,\"name\":\"cat\u00e1logo\",\"item\":\"https:\\\/\\\/www.editorialjuventud.es\\\/coleccion\\\/catalogo\\\/\"},{\"@type\":\"ListItem\",\"position\":3,\"name\":\"castellano\",\"item\":\"https:\\\/\\\/www.editorialjuventud.es\\\/coleccion\\\/castellano\\\/\"},{\"@type\":\"ListItem\",\"position\":4,\"name\":\"\u00c1lbumes Ilustrados\",\"item\":\"https:\\\/\\\/www.editorialjuventud.es\\\/coleccion\\\/albumes-ilustrados\\\/\"},{\"@type\":\"ListItem\",\"position\":5,\"name\":\"Arte y Creatividad\",\"item\":\"https:\\\/\\\/www.editorialjuventud.es\\\/ca\\\/coleccion\\\/arte-y-creatividad\\\/\"},{\"@type\":\"ListItem\",\"position\":6,\"name\":\"Don Osito. El osito de los Dal\u00ed y Garc\u00eda Lorca\"}]},{\"@type\":\"WebSite\",\"@id\":\"https:\\\/\\\/www.editorialjuventud.es\\\/#website\",\"url\":\"https:\\\/\\\/www.editorialjuventud.es\\\/\",\"name\":\"Editorial Juventud\",\"description\":\"\",\"potentialAction\":[{\"@type\":\"SearchAction\",\"target\":{\"@type\":\"EntryPoint\",\"urlTemplate\":\"https:\\\/\\\/www.editorialjuventud.es\\\/?s={search_term_string}\"},\"query-input\":{\"@type\":\"PropertyValueSpecification\",\"valueRequired\":true,\"valueName\":\"search_term_string\"}}],\"inLanguage\":\"ca\"}]}<\/script>\n<!-- \/ Yoast SEO plugin. -->","yoast_head_json":{"title":"Don Osito. El osito de los Dal\u00ed y Garc\u00eda Lorca - Editorial Juventud","description":"A trav\u00e9s de la historia de este juguete que por poco cae en el olvido, somos testigos de algunos de los a\u00f1os m\u00e1s dulces de la infancia y juventud de los","robots":{"index":"index","follow":"follow","max-snippet":"max-snippet:-1","max-image-preview":"max-image-preview:large","max-video-preview":"max-video-preview:-1"},"canonical":"https:\/\/www.editorialjuventud.es\/don-osito-el-osito-de-los-dali-y-garcia-lorca-9788426147059\/","og_locale":"ca_ES","og_type":"article","og_title":"Don Osito. El osito de los Dal\u00ed y Garc\u00eda Lorca - Editorial Juventud","og_description":"A trav\u00e9s de la historia de este juguete que por poco cae en el olvido, somos testigos de algunos de los a\u00f1os m\u00e1s dulces de la infancia y juventud de los","og_url":"https:\/\/www.editorialjuventud.es\/don-osito-el-osito-de-los-dali-y-garcia-lorca-9788426147059\/","og_site_name":"Editorial Juventud","article_modified_time":"2025-01-22T11:47:19+00:00","og_image":[{"width":1038,"height":1200,"url":"https:\/\/www.editorialjuventud.es\/wp-content\/uploads\/9788426147059.jpg","type":"image\/jpeg"}],"twitter_card":"summary_large_image","twitter_misc":{"Temps estimat de lectura":"1 minut"},"schema":{"@context":"https:\/\/schema.org","@graph":[{"@type":"WebPage","@id":"https:\/\/www.editorialjuventud.es\/don-osito-el-osito-de-los-dali-y-garcia-lorca-9788426147059\/","url":"https:\/\/www.editorialjuventud.es\/don-osito-el-osito-de-los-dali-y-garcia-lorca-9788426147059\/","name":"Don Osito. El osito de los Dal\u00ed y Garc\u00eda Lorca - Editorial Juventud","isPartOf":{"@id":"https:\/\/www.editorialjuventud.es\/#website"},"primaryImageOfPage":{"@id":"https:\/\/www.editorialjuventud.es\/don-osito-el-osito-de-los-dali-y-garcia-lorca-9788426147059\/#primaryimage"},"image":{"@id":"https:\/\/www.editorialjuventud.es\/don-osito-el-osito-de-los-dali-y-garcia-lorca-9788426147059\/#primaryimage"},"thumbnailUrl":"https:\/\/www.editorialjuventud.es\/wp-content\/uploads\/9788426147059.jpg","datePublished":"2021-04-12T07:43:53+00:00","dateModified":"2025-01-22T11:47:19+00:00","description":"A trav\u00e9s de la historia de este juguete que por poco cae en el olvido, somos testigos de algunos de los a\u00f1os m\u00e1s dulces de la infancia y juventud de los","breadcrumb":{"@id":"https:\/\/www.editorialjuventud.es\/don-osito-el-osito-de-los-dali-y-garcia-lorca-9788426147059\/#breadcrumb"},"inLanguage":"ca","potentialAction":[{"@type":"ReadAction","target":["https:\/\/www.editorialjuventud.es\/don-osito-el-osito-de-los-dali-y-garcia-lorca-9788426147059\/"]}]},{"@type":"ImageObject","inLanguage":"ca","@id":"https:\/\/www.editorialjuventud.es\/don-osito-el-osito-de-los-dali-y-garcia-lorca-9788426147059\/#primaryimage","url":"https:\/\/www.editorialjuventud.es\/wp-content\/uploads\/9788426147059.jpg","contentUrl":"https:\/\/www.editorialjuventud.es\/wp-content\/uploads\/9788426147059.jpg","width":1038,"height":1200,"caption":"9788426147059.jpg"},{"@type":"BreadcrumbList","@id":"https:\/\/www.editorialjuventud.es\/don-osito-el-osito-de-los-dali-y-garcia-lorca-9788426147059\/#breadcrumb","itemListElement":[{"@type":"ListItem","position":1,"name":"Portada","item":"https:\/\/www.editorialjuventud.es\/"},{"@type":"ListItem","position":2,"name":"cat\u00e1logo","item":"https:\/\/www.editorialjuventud.es\/coleccion\/catalogo\/"},{"@type":"ListItem","position":3,"name":"castellano","item":"https:\/\/www.editorialjuventud.es\/coleccion\/castellano\/"},{"@type":"ListItem","position":4,"name":"\u00c1lbumes Ilustrados","item":"https:\/\/www.editorialjuventud.es\/coleccion\/albumes-ilustrados\/"},{"@type":"ListItem","position":5,"name":"Arte y Creatividad","item":"https:\/\/www.editorialjuventud.es\/ca\/coleccion\/arte-y-creatividad\/"},{"@type":"ListItem","position":6,"name":"Don Osito. El osito de los Dal\u00ed y Garc\u00eda Lorca"}]},{"@type":"WebSite","@id":"https:\/\/www.editorialjuventud.es\/#website","url":"https:\/\/www.editorialjuventud.es\/","name":"Editorial Juventud","description":"","potentialAction":[{"@type":"SearchAction","target":{"@type":"EntryPoint","urlTemplate":"https:\/\/www.editorialjuventud.es\/?s={search_term_string}"},"query-input":{"@type":"PropertyValueSpecification","valueRequired":true,"valueName":"search_term_string"}}],"inLanguage":"ca"}]}},"_links":{"self":[{"href":"https:\/\/www.editorialjuventud.es\/ca\/wp-json\/wp\/v2\/product\/52228","targetHints":{"allow":["GET"]}}],"collection":[{"href":"https:\/\/www.editorialjuventud.es\/ca\/wp-json\/wp\/v2\/product"}],"about":[{"href":"https:\/\/www.editorialjuventud.es\/ca\/wp-json\/wp\/v2\/types\/product"}],"wp:featuredmedia":[{"embeddable":true,"href":"https:\/\/www.editorialjuventud.es\/ca\/wp-json\/wp\/v2\/media\/52229"}],"wp:attachment":[{"href":"https:\/\/www.editorialjuventud.es\/ca\/wp-json\/wp\/v2\/media?parent=52228"}],"wp:term":[{"taxonomy":"product_brand","embeddable":true,"href":"https:\/\/www.editorialjuventud.es\/ca\/wp-json\/wp\/v2\/product_brand?post=52228"},{"taxonomy":"product_cat","embeddable":true,"href":"https:\/\/www.editorialjuventud.es\/ca\/wp-json\/wp\/v2\/product_cat?post=52228"},{"taxonomy":"product_tag","embeddable":true,"href":"https:\/\/www.editorialjuventud.es\/ca\/wp-json\/wp\/v2\/product_tag?post=52228"},{"taxonomy":"coleccion","embeddable":true,"href":"https:\/\/www.editorialjuventud.es\/ca\/wp-json\/wp\/v2\/coleccion?post=52228"}],"curies":[{"name":"wp","href":"https:\/\/api.w.org\/{rel}","templated":true}]}}