{"id":5221,"date":"2018-08-24T10:32:09","date_gmt":"2018-08-24T08:32:09","guid":{"rendered":"http:\/\/www.editorialjuventud.es\/la-abuelita-en-el-manzano\/"},"modified":"2025-01-22T13:45:33","modified_gmt":"2025-01-22T12:45:33","slug":"la-abuelita-en-el-manzano-9788426132253","status":"publish","type":"product","link":"https:\/\/www.editorialjuventud.es\/ca\/la-abuelita-en-el-manzano-9788426132253\/","title":{"rendered":"La abuelita en el manzano"},"content":{"rendered":"<p>\u00bfQu\u00e9 puede hacer un ni\u00f1o si no tiene abuela? \u00a1Pues inventarla! Es lo que hace Andi, un ni\u00f1o lleno de imaginaci\u00f3n que anhela tener una abuela como todos los dem\u00e1s. Y encuentra una muy especial cada vez que se esconde en el manzano para alejarse de sus problemas&#8230; Con ella, Andi vive unas fant\u00e1sticas aventuras: un viaje en coche con muchos sobresaltos, una visita por la feria&#8230; Hasta que un d\u00eda, se muda a una casa de la vecindad la se\u00f1ora Fink, aquejada de reuma, y Andi se da cuenta de que con esa abuela no solo se pueden vivir aventuras, sino que tambi\u00e9n se puede confiar en ella y compartir muchas cosas.<\/p>\n<p>La abuelita en el manzano es un libro lleno de sentimiento, humor, ternura y fantas\u00eda. Mira Lobe describe con gran maestr\u00eda y delicadeza las preocupaciones de los ni\u00f1os, y entusiasmar\u00e1 a todos los lectores, peque\u00f1os y grandes.<br \/>La abuelita en el manzano obtuvo el premio al Mejor Libro Infantil en Austria en 1965.<\/p>\n","protected":false},"excerpt":{"rendered":"\u00bfQu\u00e9 puede hacer un ni\u00f1o si no tiene abuela? \u00a1Pues inventarla! Es lo que hace Andi, un ni\u00f1o lleno de imaginaci\u00f3n que anhela tener una abuela como todos los dem\u00e1s. Y encuentra una muy especial cada vez que se esconde [&hellip;]","protected":false},"featured_media":34808,"template":"","meta":{"_acf_changed":false,"_exactmetrics_skip_tracking":false,"_exactmetrics_sitenote_active":false,"_exactmetrics_sitenote_note":"","_exactmetrics_sitenote_category":0},"product_brand":[],"product_cat":[902,1129,1136,1119],"product_tag":[],"coleccion":[1025,1086],"class_list":{"0":"post-5221","1":"product","2":"type-product","3":"status-publish","4":"has-post-thumbnail","6":"product_cat-a-partir-de-7-anos","7":"product_cat-abuelos","8":"product_cat-amistad","9":"product_cat-narrativa-juvenil","10":"coleccion-coleccion-juventud","11":"coleccion-narrativa-juvenil-castellano","13":"first","14":"instock","15":"taxable","16":"shipping-taxable","17":"purchasable","18":"product-type-simple"},"acf":{"autor":"Mira Lobe","codart":"3225-1","ediciones":"13","encuadernacion":"Carton\u00e9","fecha_de_publicacion":"01\/01\/2010","novedad":"0","paginas":"128","subtitulo":"","texto_web_adicional":"","texto_web_novedad":"","orden":"999","portada":"0","texto_web_resaltado":"","indice":"","autores-libros":[16468],"ilustradores-libros":[18352],"traductores-libros":[17969],"descripcion_corta":"\u00bfQu\u00e9 puede hacer un ni\u00f1o si no tiene abuela? \u00a1Pues inventarla!","recomendamos":"","mas_vendido":"","idioma-libro":"","color":false,"formato":"","mas_informacion_del_producto":false,"premios":false,"texto_enlace_cubierta":"","enlace_cubierta":{"ID":36416,"id":36416,"title":"LaAbuelitaEnElManzano_Cover_300px_CAST","filename":"LaAbuelitaEnElManzano_Cover_300px_CAST.jpg","filesize":467149,"url":"https:\/\/www.editorialjuventud.es\/wp-content\/uploads\/LaAbuelitaEnElManzano_Cover_300px_CAST.jpg","link":"https:\/\/www.editorialjuventud.es\/ca\/?attachment_id=36416","alt":"","author":"50","description":"","caption":"","name":"laabuelitaenelmanzano_cover_300px_cast","status":"inherit","uploaded_to":5221,"date":"2020-01-13 21:38:32","modified":"2020-01-13 21:38:32","menu_order":0,"mime_type":"image\/jpeg","type":"image","subtype":"jpeg","icon":"https:\/\/www.editorialjuventud.es\/wp-includes\/images\/media\/default.png","width":1559,"height":2540,"sizes":{"thumbnail":"https:\/\/www.editorialjuventud.es\/wp-content\/uploads\/LaAbuelitaEnElManzano_Cover_300px_CAST-200x200.jpg","thumbnail-width":200,"thumbnail-height":200,"medium":"https:\/\/www.editorialjuventud.es\/wp-content\/uploads\/LaAbuelitaEnElManzano_Cover_300px_CAST.jpg","medium-width":1559,"medium-height":2540,"medium_large":"https:\/\/www.editorialjuventud.es\/wp-content\/uploads\/LaAbuelitaEnElManzano_Cover_300px_CAST-768x1251.jpg","medium_large-width":768,"medium_large-height":1251,"large":"https:\/\/www.editorialjuventud.es\/wp-content\/uploads\/LaAbuelitaEnElManzano_Cover_300px_CAST.jpg","large-width":1559,"large-height":2540,"1536x1536":"https:\/\/www.editorialjuventud.es\/wp-content\/uploads\/LaAbuelitaEnElManzano_Cover_300px_CAST.jpg","1536x1536-width":943,"1536x1536-height":1536,"2048x2048":"https:\/\/www.editorialjuventud.es\/wp-content\/uploads\/LaAbuelitaEnElManzano_Cover_300px_CAST.jpg","2048x2048-width":1257,"2048x2048-height":2048,"woocommerce_thumbnail":"https:\/\/www.editorialjuventud.es\/wp-content\/uploads\/LaAbuelitaEnElManzano_Cover_300px_CAST-350x570.jpg","woocommerce_thumbnail-width":350,"woocommerce_thumbnail-height":570,"woocommerce_single":"https:\/\/www.editorialjuventud.es\/wp-content\/uploads\/LaAbuelitaEnElManzano_Cover_300px_CAST-900x1466.jpg","woocommerce_single-width":900,"woocommerce_single-height":1466,"woocommerce_gallery_thumbnail":"https:\/\/www.editorialjuventud.es\/wp-content\/uploads\/LaAbuelitaEnElManzano_Cover_300px_CAST-100x100.jpg","woocommerce_gallery_thumbnail-width":100,"woocommerce_gallery_thumbnail-height":100,"ppec_logo_image_size":"https:\/\/www.editorialjuventud.es\/wp-content\/uploads\/LaAbuelitaEnElManzano_Cover_300px_CAST.jpg","ppec_logo_image_size-width":37,"ppec_logo_image_size-height":60,"ppec_header_image_size":"https:\/\/www.editorialjuventud.es\/wp-content\/uploads\/LaAbuelitaEnElManzano_Cover_300px_CAST.jpg","ppec_header_image_size-width":55,"ppec_header_image_size-height":90}},"texto_enlace_ficha_tecnica":"","enlace_ficha_tecnica":{"ID":36389,"id":36389,"title":"La abuelita en el manzano_Ficha","filename":"La-abuelita-en-el-manzano_Ficha.pdf","filesize":1359474,"url":"https:\/\/www.editorialjuventud.es\/wp-content\/uploads\/La-abuelita-en-el-manzano_Ficha.pdf","link":"https:\/\/www.editorialjuventud.es\/ca\/?attachment_id=36389","alt":"","author":"47","description":"","caption":"","name":"la-abuelita-en-el-manzano_ficha","status":"inherit","uploaded_to":5221,"date":"2020-01-13 17:27:10","modified":"2020-01-13 17:27:10","menu_order":0,"mime_type":"application\/pdf","type":"application","subtype":"pdf","icon":"https:\/\/www.editorialjuventud.es\/wp-includes\/images\/media\/document.png"},"ficheros":false,"titulo-fr":"","texto-fr":"","fecha_de_reimpresion":"01\/01\/2020"},"yoast_head":"<!-- This site is optimized with the Yoast SEO plugin v27.5 - https:\/\/yoast.com\/product\/yoast-seo-wordpress\/ -->\n<title>La abuelita en el manzano - Editorial Juventud<\/title>\n<meta name=\"description\" content=\"\u00bfQu\u00e9 puede hacer un ni\u00f1o si no tiene abuela? \u00a1Pues inventarla! Es lo que hace Andi, un ni\u00f1o lleno de imaginaci\u00f3n que anhela tener una abuela como todos\" \/>\n<meta name=\"robots\" content=\"index, follow, max-snippet:-1, max-image-preview:large, max-video-preview:-1\" \/>\n<link rel=\"canonical\" href=\"https:\/\/www.editorialjuventud.es\/la-abuelita-en-el-manzano-9788426132253\/\" \/>\n<meta property=\"og:locale\" content=\"ca_ES\" \/>\n<meta property=\"og:type\" content=\"article\" \/>\n<meta property=\"og:title\" content=\"La abuelita en el manzano - Editorial Juventud\" \/>\n<meta property=\"og:description\" content=\"\u00bfQu\u00e9 puede hacer un ni\u00f1o si no tiene abuela? \u00a1Pues inventarla! Es lo que hace Andi, un ni\u00f1o lleno de imaginaci\u00f3n que anhela tener una abuela como todos\" \/>\n<meta property=\"og:url\" content=\"https:\/\/www.editorialjuventud.es\/la-abuelita-en-el-manzano-9788426132253\/\" \/>\n<meta property=\"og:site_name\" content=\"Editorial Juventud\" \/>\n<meta property=\"article:modified_time\" content=\"2025-01-22T12:45:33+00:00\" \/>\n<meta property=\"og:image\" content=\"https:\/\/www.editorialjuventud.es\/wp-content\/uploads\/LaAbuelitaEnElManzano_Cover_72px_CAST.jpg\" \/>\n\t<meta property=\"og:image:width\" content=\"374\" \/>\n\t<meta property=\"og:image:height\" content=\"610\" \/>\n\t<meta property=\"og:image:type\" content=\"image\/jpeg\" \/>\n<meta name=\"twitter:card\" content=\"summary_large_image\" \/>\n<meta name=\"twitter:label1\" content=\"Temps estimat de lectura\" \/>\n\t<meta name=\"twitter:data1\" content=\"1 minut\" \/>\n<script type=\"application\/ld+json\" class=\"yoast-schema-graph\">{\"@context\":\"https:\\\/\\\/schema.org\",\"@graph\":[{\"@type\":\"WebPage\",\"@id\":\"https:\\\/\\\/www.editorialjuventud.es\\\/la-abuelita-en-el-manzano-9788426132253\\\/\",\"url\":\"https:\\\/\\\/www.editorialjuventud.es\\\/la-abuelita-en-el-manzano-9788426132253\\\/\",\"name\":\"La abuelita en el manzano - Editorial Juventud\",\"isPartOf\":{\"@id\":\"https:\\\/\\\/www.editorialjuventud.es\\\/#website\"},\"primaryImageOfPage\":{\"@id\":\"https:\\\/\\\/www.editorialjuventud.es\\\/la-abuelita-en-el-manzano-9788426132253\\\/#primaryimage\"},\"image\":{\"@id\":\"https:\\\/\\\/www.editorialjuventud.es\\\/la-abuelita-en-el-manzano-9788426132253\\\/#primaryimage\"},\"thumbnailUrl\":\"https:\\\/\\\/www.editorialjuventud.es\\\/wp-content\\\/uploads\\\/LaAbuelitaEnElManzano_Cover_72px_CAST.jpg\",\"datePublished\":\"2018-08-24T08:32:09+00:00\",\"dateModified\":\"2025-01-22T12:45:33+00:00\",\"description\":\"\u00bfQu\u00e9 puede hacer un ni\u00f1o si no tiene abuela? \u00a1Pues inventarla! Es lo que hace Andi, un ni\u00f1o lleno de imaginaci\u00f3n que anhela tener una abuela como todos\",\"breadcrumb\":{\"@id\":\"https:\\\/\\\/www.editorialjuventud.es\\\/la-abuelita-en-el-manzano-9788426132253\\\/#breadcrumb\"},\"inLanguage\":\"ca\",\"potentialAction\":[{\"@type\":\"ReadAction\",\"target\":[\"https:\\\/\\\/www.editorialjuventud.es\\\/la-abuelita-en-el-manzano-9788426132253\\\/\"]}]},{\"@type\":\"ImageObject\",\"inLanguage\":\"ca\",\"@id\":\"https:\\\/\\\/www.editorialjuventud.es\\\/la-abuelita-en-el-manzano-9788426132253\\\/#primaryimage\",\"url\":\"https:\\\/\\\/www.editorialjuventud.es\\\/wp-content\\\/uploads\\\/LaAbuelitaEnElManzano_Cover_72px_CAST.jpg\",\"contentUrl\":\"https:\\\/\\\/www.editorialjuventud.es\\\/wp-content\\\/uploads\\\/LaAbuelitaEnElManzano_Cover_72px_CAST.jpg\",\"width\":374,\"height\":610},{\"@type\":\"BreadcrumbList\",\"@id\":\"https:\\\/\\\/www.editorialjuventud.es\\\/la-abuelita-en-el-manzano-9788426132253\\\/#breadcrumb\",\"itemListElement\":[{\"@type\":\"ListItem\",\"position\":1,\"name\":\"Portada\",\"item\":\"https:\\\/\\\/www.editorialjuventud.es\\\/\"},{\"@type\":\"ListItem\",\"position\":2,\"name\":\"cat\u00e1logo\",\"item\":\"https:\\\/\\\/www.editorialjuventud.es\\\/coleccion\\\/catalogo\\\/\"},{\"@type\":\"ListItem\",\"position\":3,\"name\":\"castellano\",\"item\":\"https:\\\/\\\/www.editorialjuventud.es\\\/coleccion\\\/castellano\\\/\"},{\"@type\":\"ListItem\",\"position\":4,\"name\":\"Narrativa Juvenil\",\"item\":\"https:\\\/\\\/www.editorialjuventud.es\\\/coleccion\\\/narrativa-juvenil-castellano\\\/\"},{\"@type\":\"ListItem\",\"position\":5,\"name\":\"Colecci\u00f3n Juventud\",\"item\":\"https:\\\/\\\/www.editorialjuventud.es\\\/coleccion\\\/coleccion-juventud\\\/\"},{\"@type\":\"ListItem\",\"position\":6,\"name\":\"La abuelita en el manzano\"}]},{\"@type\":\"WebSite\",\"@id\":\"https:\\\/\\\/www.editorialjuventud.es\\\/#website\",\"url\":\"https:\\\/\\\/www.editorialjuventud.es\\\/\",\"name\":\"Editorial Juventud\",\"description\":\"\",\"potentialAction\":[{\"@type\":\"SearchAction\",\"target\":{\"@type\":\"EntryPoint\",\"urlTemplate\":\"https:\\\/\\\/www.editorialjuventud.es\\\/?s={search_term_string}\"},\"query-input\":{\"@type\":\"PropertyValueSpecification\",\"valueRequired\":true,\"valueName\":\"search_term_string\"}}],\"inLanguage\":\"ca\"}]}<\/script>\n<!-- \/ Yoast SEO plugin. -->","yoast_head_json":{"title":"La abuelita en el manzano - Editorial Juventud","description":"\u00bfQu\u00e9 puede hacer un ni\u00f1o si no tiene abuela? \u00a1Pues inventarla! Es lo que hace Andi, un ni\u00f1o lleno de imaginaci\u00f3n que anhela tener una abuela como todos","robots":{"index":"index","follow":"follow","max-snippet":"max-snippet:-1","max-image-preview":"max-image-preview:large","max-video-preview":"max-video-preview:-1"},"canonical":"https:\/\/www.editorialjuventud.es\/la-abuelita-en-el-manzano-9788426132253\/","og_locale":"ca_ES","og_type":"article","og_title":"La abuelita en el manzano - Editorial Juventud","og_description":"\u00bfQu\u00e9 puede hacer un ni\u00f1o si no tiene abuela? \u00a1Pues inventarla! Es lo que hace Andi, un ni\u00f1o lleno de imaginaci\u00f3n que anhela tener una abuela como todos","og_url":"https:\/\/www.editorialjuventud.es\/la-abuelita-en-el-manzano-9788426132253\/","og_site_name":"Editorial Juventud","article_modified_time":"2025-01-22T12:45:33+00:00","og_image":[{"width":374,"height":610,"url":"https:\/\/www.editorialjuventud.es\/wp-content\/uploads\/LaAbuelitaEnElManzano_Cover_72px_CAST.jpg","type":"image\/jpeg"}],"twitter_card":"summary_large_image","twitter_misc":{"Temps estimat de lectura":"1 minut"},"schema":{"@context":"https:\/\/schema.org","@graph":[{"@type":"WebPage","@id":"https:\/\/www.editorialjuventud.es\/la-abuelita-en-el-manzano-9788426132253\/","url":"https:\/\/www.editorialjuventud.es\/la-abuelita-en-el-manzano-9788426132253\/","name":"La abuelita en el manzano - Editorial Juventud","isPartOf":{"@id":"https:\/\/www.editorialjuventud.es\/#website"},"primaryImageOfPage":{"@id":"https:\/\/www.editorialjuventud.es\/la-abuelita-en-el-manzano-9788426132253\/#primaryimage"},"image":{"@id":"https:\/\/www.editorialjuventud.es\/la-abuelita-en-el-manzano-9788426132253\/#primaryimage"},"thumbnailUrl":"https:\/\/www.editorialjuventud.es\/wp-content\/uploads\/LaAbuelitaEnElManzano_Cover_72px_CAST.jpg","datePublished":"2018-08-24T08:32:09+00:00","dateModified":"2025-01-22T12:45:33+00:00","description":"\u00bfQu\u00e9 puede hacer un ni\u00f1o si no tiene abuela? \u00a1Pues inventarla! Es lo que hace Andi, un ni\u00f1o lleno de imaginaci\u00f3n que anhela tener una abuela como todos","breadcrumb":{"@id":"https:\/\/www.editorialjuventud.es\/la-abuelita-en-el-manzano-9788426132253\/#breadcrumb"},"inLanguage":"ca","potentialAction":[{"@type":"ReadAction","target":["https:\/\/www.editorialjuventud.es\/la-abuelita-en-el-manzano-9788426132253\/"]}]},{"@type":"ImageObject","inLanguage":"ca","@id":"https:\/\/www.editorialjuventud.es\/la-abuelita-en-el-manzano-9788426132253\/#primaryimage","url":"https:\/\/www.editorialjuventud.es\/wp-content\/uploads\/LaAbuelitaEnElManzano_Cover_72px_CAST.jpg","contentUrl":"https:\/\/www.editorialjuventud.es\/wp-content\/uploads\/LaAbuelitaEnElManzano_Cover_72px_CAST.jpg","width":374,"height":610},{"@type":"BreadcrumbList","@id":"https:\/\/www.editorialjuventud.es\/la-abuelita-en-el-manzano-9788426132253\/#breadcrumb","itemListElement":[{"@type":"ListItem","position":1,"name":"Portada","item":"https:\/\/www.editorialjuventud.es\/"},{"@type":"ListItem","position":2,"name":"cat\u00e1logo","item":"https:\/\/www.editorialjuventud.es\/coleccion\/catalogo\/"},{"@type":"ListItem","position":3,"name":"castellano","item":"https:\/\/www.editorialjuventud.es\/coleccion\/castellano\/"},{"@type":"ListItem","position":4,"name":"Narrativa Juvenil","item":"https:\/\/www.editorialjuventud.es\/coleccion\/narrativa-juvenil-castellano\/"},{"@type":"ListItem","position":5,"name":"Colecci\u00f3n Juventud","item":"https:\/\/www.editorialjuventud.es\/coleccion\/coleccion-juventud\/"},{"@type":"ListItem","position":6,"name":"La abuelita en el manzano"}]},{"@type":"WebSite","@id":"https:\/\/www.editorialjuventud.es\/#website","url":"https:\/\/www.editorialjuventud.es\/","name":"Editorial Juventud","description":"","potentialAction":[{"@type":"SearchAction","target":{"@type":"EntryPoint","urlTemplate":"https:\/\/www.editorialjuventud.es\/?s={search_term_string}"},"query-input":{"@type":"PropertyValueSpecification","valueRequired":true,"valueName":"search_term_string"}}],"inLanguage":"ca"}]}},"_links":{"self":[{"href":"https:\/\/www.editorialjuventud.es\/ca\/wp-json\/wp\/v2\/product\/5221","targetHints":{"allow":["GET"]}}],"collection":[{"href":"https:\/\/www.editorialjuventud.es\/ca\/wp-json\/wp\/v2\/product"}],"about":[{"href":"https:\/\/www.editorialjuventud.es\/ca\/wp-json\/wp\/v2\/types\/product"}],"wp:featuredmedia":[{"embeddable":true,"href":"https:\/\/www.editorialjuventud.es\/ca\/wp-json\/wp\/v2\/media\/34808"}],"wp:attachment":[{"href":"https:\/\/www.editorialjuventud.es\/ca\/wp-json\/wp\/v2\/media?parent=5221"}],"wp:term":[{"taxonomy":"product_brand","embeddable":true,"href":"https:\/\/www.editorialjuventud.es\/ca\/wp-json\/wp\/v2\/product_brand?post=5221"},{"taxonomy":"product_cat","embeddable":true,"href":"https:\/\/www.editorialjuventud.es\/ca\/wp-json\/wp\/v2\/product_cat?post=5221"},{"taxonomy":"product_tag","embeddable":true,"href":"https:\/\/www.editorialjuventud.es\/ca\/wp-json\/wp\/v2\/product_tag?post=5221"},{"taxonomy":"coleccion","embeddable":true,"href":"https:\/\/www.editorialjuventud.es\/ca\/wp-json\/wp\/v2\/coleccion?post=5221"}],"curies":[{"name":"wp","href":"https:\/\/api.w.org\/{rel}","templated":true}]}}