{"id":5211,"date":"2018-08-24T12:31:24","date_gmt":"2018-08-24T08:31:24","guid":{"rendered":"http:\/\/www.editorialjuventud.es\/las-aventuras-de-tom-sawyer\/"},"modified":"2024-01-31T14:34:25","modified_gmt":"2024-01-31T13:34:25","slug":"las-aventuras-de-tom-sawyer-9788426132031","status":"publish","type":"product","link":"https:\/\/www.editorialjuventud.es\/ca\/las-aventuras-de-tom-sawyer-9788426132031\/","title":{"rendered":"Las aventuras de Tom Sawyer"},"content":{"rendered":"<p>Tom Sawyer es un chico que vive a orillas del r\u00edo Misisipi con su t\u00eda Polly. Travieso, valiente, espabilado y con gran imaginaci\u00f3n, lo que m\u00e1s le gusta es imitar a los personajes legendarios de sus libros, ya sean piratas o bandoleros.<br \/>\nJunto a Huckleberry Finn, hu\u00e9rfano como \u00e9l, y Joe Harper multiplican las aventuras, algunas para tratar de impresionar a su adorada Becky Thatcher, hasta que una noche son testigos de un asesinato\u0085<br \/>\n&#8220;La mayor\u00eda de las aventuras que refiero en este libro son reflejo de la realidad; una o dos me han ocurrido a m\u00ed mismo; el resto son an\u00e9cdotas de otros ni\u00f1os, compa\u00f1eros m\u00edos de la escuela. Huck Finn ha existido; Tom Sawyer tambi\u00e9n, si bien no se trata de un solo individuo; es una combinaci\u00f3n de las caracter\u00edsticas de tres chiquillos amigos. Las raras supersticiones de las que doy fe prevalec\u00edan entre los ni\u00f1os y los esclavos del Oeste en la \u00e9poca de este relato.&#8221; MARK TWAIN<\/p>\n","protected":false},"excerpt":{"rendered":"Tom Sawyer es un chico que vive a orillas del r\u00edo Misisipi con su t\u00eda Polly. Travieso, valiente, espabilado y con gran imaginaci\u00f3n, lo que m\u00e1s le gusta es imitar a los personajes legendarios de sus libros, ya sean piratas [&hellip;]","protected":false},"featured_media":7708,"template":"","meta":{"_acf_changed":false,"_exactmetrics_skip_tracking":false,"_exactmetrics_sitenote_active":false,"_exactmetrics_sitenote_note":"","_exactmetrics_sitenote_category":0},"product_brand":[],"product_cat":[897,1134,1142,892,1115,1119,1209,1217,1128],"product_tag":[],"coleccion":[916,1025,1086],"class_list":{"0":"post-5211","1":"product","2":"type-product","3":"status-publish","4":"has-post-thumbnail","6":"product_cat-a-partir-de-13-anos","7":"product_cat-america-del-norte","8":"product_cat-aventura","9":"product_cat-edades","10":"product_cat-generos","11":"product_cat-narrativa-juvenil","12":"product_cat-picardia-astucia","13":"product_cat-racismo-xenofobia","14":"product_cat-tematica","15":"coleccion-castellano","16":"coleccion-coleccion-juventud","17":"coleccion-narrativa-juvenil-castellano","19":"first","20":"instock","21":"taxable","22":"shipping-taxable","23":"purchasable","24":"product-type-simple"},"acf":{"autores-libros":[16654],"ilustradores-libros":[18284],"traductores-libros":[18277]},"yoast_head":"<!-- This site is optimized with the Yoast SEO plugin v27.5 - https:\/\/yoast.com\/product\/yoast-seo-wordpress\/ -->\n<title>Las aventuras de Tom Sawyer - Editorial Juventud<\/title>\n<meta name=\"description\" content=\"Tom Sawyer es un chico que vive a orillas del r\u00edo Misisipi con su t\u00eda Polly. Travieso, valiente, espabilado y con gran imaginaci\u00f3n, lo que m\u00e1s le gusta es\" \/>\n<meta name=\"robots\" content=\"index, follow, max-snippet:-1, max-image-preview:large, max-video-preview:-1\" \/>\n<link rel=\"canonical\" href=\"https:\/\/www.editorialjuventud.es\/ca\/las-aventuras-de-tom-sawyer-9788426132031\/\" \/>\n<meta property=\"og:locale\" content=\"ca_ES\" \/>\n<meta property=\"og:type\" content=\"article\" \/>\n<meta property=\"og:title\" content=\"Las aventuras de Tom Sawyer - Editorial Juventud\" \/>\n<meta property=\"og:description\" content=\"Tom Sawyer es un chico que vive a orillas del r\u00edo Misisipi con su t\u00eda Polly. Travieso, valiente, espabilado y con gran imaginaci\u00f3n, lo que m\u00e1s le gusta es\" \/>\n<meta property=\"og:url\" content=\"https:\/\/www.editorialjuventud.es\/ca\/las-aventuras-de-tom-sawyer-9788426132031\/\" \/>\n<meta property=\"og:site_name\" content=\"Editorial Juventud\" \/>\n<meta property=\"article:modified_time\" content=\"2024-01-31T13:34:25+00:00\" \/>\n<meta property=\"og:image\" content=\"https:\/\/www.editorialjuventud.es\/wp-content\/uploads\/3203-1.jpg\" \/>\n\t<meta property=\"og:image:width\" content=\"275\" \/>\n\t<meta property=\"og:image:height\" content=\"450\" \/>\n\t<meta property=\"og:image:type\" content=\"image\/jpeg\" \/>\n<meta name=\"twitter:card\" content=\"summary_large_image\" \/>\n<meta name=\"twitter:label1\" content=\"Temps estimat de lectura\" \/>\n\t<meta name=\"twitter:data1\" content=\"1 minut\" \/>\n<script type=\"application\/ld+json\" class=\"yoast-schema-graph\">{\"@context\":\"https:\\\/\\\/schema.org\",\"@graph\":[{\"@type\":\"WebPage\",\"@id\":\"https:\\\/\\\/www.editorialjuventud.es\\\/ca\\\/las-aventuras-de-tom-sawyer-9788426132031\\\/\",\"url\":\"https:\\\/\\\/www.editorialjuventud.es\\\/ca\\\/las-aventuras-de-tom-sawyer-9788426132031\\\/\",\"name\":\"Las aventuras de Tom Sawyer - Editorial Juventud\",\"isPartOf\":{\"@id\":\"https:\\\/\\\/www.editorialjuventud.es\\\/#website\"},\"primaryImageOfPage\":{\"@id\":\"https:\\\/\\\/www.editorialjuventud.es\\\/ca\\\/las-aventuras-de-tom-sawyer-9788426132031\\\/#primaryimage\"},\"image\":{\"@id\":\"https:\\\/\\\/www.editorialjuventud.es\\\/ca\\\/las-aventuras-de-tom-sawyer-9788426132031\\\/#primaryimage\"},\"thumbnailUrl\":\"https:\\\/\\\/www.editorialjuventud.es\\\/wp-content\\\/uploads\\\/3203-1.jpg\",\"datePublished\":\"2018-08-24T08:31:24+00:00\",\"dateModified\":\"2024-01-31T13:34:25+00:00\",\"description\":\"Tom Sawyer es un chico que vive a orillas del r\u00edo Misisipi con su t\u00eda Polly. Travieso, valiente, espabilado y con gran imaginaci\u00f3n, lo que m\u00e1s le gusta es\",\"breadcrumb\":{\"@id\":\"https:\\\/\\\/www.editorialjuventud.es\\\/ca\\\/las-aventuras-de-tom-sawyer-9788426132031\\\/#breadcrumb\"},\"inLanguage\":\"ca\",\"potentialAction\":[{\"@type\":\"ReadAction\",\"target\":[\"https:\\\/\\\/www.editorialjuventud.es\\\/ca\\\/las-aventuras-de-tom-sawyer-9788426132031\\\/\"]}]},{\"@type\":\"ImageObject\",\"inLanguage\":\"ca\",\"@id\":\"https:\\\/\\\/www.editorialjuventud.es\\\/ca\\\/las-aventuras-de-tom-sawyer-9788426132031\\\/#primaryimage\",\"url\":\"https:\\\/\\\/www.editorialjuventud.es\\\/wp-content\\\/uploads\\\/3203-1.jpg\",\"contentUrl\":\"https:\\\/\\\/www.editorialjuventud.es\\\/wp-content\\\/uploads\\\/3203-1.jpg\",\"width\":275,\"height\":450,\"caption\":\"3203.jpg\"},{\"@type\":\"BreadcrumbList\",\"@id\":\"https:\\\/\\\/www.editorialjuventud.es\\\/ca\\\/las-aventuras-de-tom-sawyer-9788426132031\\\/#breadcrumb\",\"itemListElement\":[{\"@type\":\"ListItem\",\"position\":1,\"name\":\"Portada\",\"item\":\"https:\\\/\\\/www.editorialjuventud.es\\\/\"},{\"@type\":\"ListItem\",\"position\":2,\"name\":\"cat\u00e1logo\",\"item\":\"https:\\\/\\\/www.editorialjuventud.es\\\/coleccion\\\/catalogo\\\/\"},{\"@type\":\"ListItem\",\"position\":3,\"name\":\"castellano\",\"item\":\"https:\\\/\\\/www.editorialjuventud.es\\\/coleccion\\\/castellano\\\/\"},{\"@type\":\"ListItem\",\"position\":4,\"name\":\"Narrativa Juvenil\",\"item\":\"https:\\\/\\\/www.editorialjuventud.es\\\/coleccion\\\/narrativa-juvenil-castellano\\\/\"},{\"@type\":\"ListItem\",\"position\":5,\"name\":\"Colecci\u00f3n Juventud\",\"item\":\"https:\\\/\\\/www.editorialjuventud.es\\\/coleccion\\\/coleccion-juventud\\\/\"},{\"@type\":\"ListItem\",\"position\":6,\"name\":\"Las aventuras de Tom Sawyer\"}]},{\"@type\":\"WebSite\",\"@id\":\"https:\\\/\\\/www.editorialjuventud.es\\\/#website\",\"url\":\"https:\\\/\\\/www.editorialjuventud.es\\\/\",\"name\":\"Editorial Juventud\",\"description\":\"\",\"potentialAction\":[{\"@type\":\"SearchAction\",\"target\":{\"@type\":\"EntryPoint\",\"urlTemplate\":\"https:\\\/\\\/www.editorialjuventud.es\\\/?s={search_term_string}\"},\"query-input\":{\"@type\":\"PropertyValueSpecification\",\"valueRequired\":true,\"valueName\":\"search_term_string\"}}],\"inLanguage\":\"ca\"}]}<\/script>\n<!-- \/ Yoast SEO plugin. -->","yoast_head_json":{"title":"Las aventuras de Tom Sawyer - Editorial Juventud","description":"Tom Sawyer es un chico que vive a orillas del r\u00edo Misisipi con su t\u00eda Polly. Travieso, valiente, espabilado y con gran imaginaci\u00f3n, lo que m\u00e1s le gusta es","robots":{"index":"index","follow":"follow","max-snippet":"max-snippet:-1","max-image-preview":"max-image-preview:large","max-video-preview":"max-video-preview:-1"},"canonical":"https:\/\/www.editorialjuventud.es\/ca\/las-aventuras-de-tom-sawyer-9788426132031\/","og_locale":"ca_ES","og_type":"article","og_title":"Las aventuras de Tom Sawyer - Editorial Juventud","og_description":"Tom Sawyer es un chico que vive a orillas del r\u00edo Misisipi con su t\u00eda Polly. Travieso, valiente, espabilado y con gran imaginaci\u00f3n, lo que m\u00e1s le gusta es","og_url":"https:\/\/www.editorialjuventud.es\/ca\/las-aventuras-de-tom-sawyer-9788426132031\/","og_site_name":"Editorial Juventud","article_modified_time":"2024-01-31T13:34:25+00:00","og_image":[{"width":275,"height":450,"url":"https:\/\/www.editorialjuventud.es\/wp-content\/uploads\/3203-1.jpg","type":"image\/jpeg"}],"twitter_card":"summary_large_image","twitter_misc":{"Temps estimat de lectura":"1 minut"},"schema":{"@context":"https:\/\/schema.org","@graph":[{"@type":"WebPage","@id":"https:\/\/www.editorialjuventud.es\/ca\/las-aventuras-de-tom-sawyer-9788426132031\/","url":"https:\/\/www.editorialjuventud.es\/ca\/las-aventuras-de-tom-sawyer-9788426132031\/","name":"Las aventuras de Tom Sawyer - Editorial Juventud","isPartOf":{"@id":"https:\/\/www.editorialjuventud.es\/#website"},"primaryImageOfPage":{"@id":"https:\/\/www.editorialjuventud.es\/ca\/las-aventuras-de-tom-sawyer-9788426132031\/#primaryimage"},"image":{"@id":"https:\/\/www.editorialjuventud.es\/ca\/las-aventuras-de-tom-sawyer-9788426132031\/#primaryimage"},"thumbnailUrl":"https:\/\/www.editorialjuventud.es\/wp-content\/uploads\/3203-1.jpg","datePublished":"2018-08-24T08:31:24+00:00","dateModified":"2024-01-31T13:34:25+00:00","description":"Tom Sawyer es un chico que vive a orillas del r\u00edo Misisipi con su t\u00eda Polly. Travieso, valiente, espabilado y con gran imaginaci\u00f3n, lo que m\u00e1s le gusta es","breadcrumb":{"@id":"https:\/\/www.editorialjuventud.es\/ca\/las-aventuras-de-tom-sawyer-9788426132031\/#breadcrumb"},"inLanguage":"ca","potentialAction":[{"@type":"ReadAction","target":["https:\/\/www.editorialjuventud.es\/ca\/las-aventuras-de-tom-sawyer-9788426132031\/"]}]},{"@type":"ImageObject","inLanguage":"ca","@id":"https:\/\/www.editorialjuventud.es\/ca\/las-aventuras-de-tom-sawyer-9788426132031\/#primaryimage","url":"https:\/\/www.editorialjuventud.es\/wp-content\/uploads\/3203-1.jpg","contentUrl":"https:\/\/www.editorialjuventud.es\/wp-content\/uploads\/3203-1.jpg","width":275,"height":450,"caption":"3203.jpg"},{"@type":"BreadcrumbList","@id":"https:\/\/www.editorialjuventud.es\/ca\/las-aventuras-de-tom-sawyer-9788426132031\/#breadcrumb","itemListElement":[{"@type":"ListItem","position":1,"name":"Portada","item":"https:\/\/www.editorialjuventud.es\/"},{"@type":"ListItem","position":2,"name":"cat\u00e1logo","item":"https:\/\/www.editorialjuventud.es\/coleccion\/catalogo\/"},{"@type":"ListItem","position":3,"name":"castellano","item":"https:\/\/www.editorialjuventud.es\/coleccion\/castellano\/"},{"@type":"ListItem","position":4,"name":"Narrativa Juvenil","item":"https:\/\/www.editorialjuventud.es\/coleccion\/narrativa-juvenil-castellano\/"},{"@type":"ListItem","position":5,"name":"Colecci\u00f3n Juventud","item":"https:\/\/www.editorialjuventud.es\/coleccion\/coleccion-juventud\/"},{"@type":"ListItem","position":6,"name":"Las aventuras de Tom Sawyer"}]},{"@type":"WebSite","@id":"https:\/\/www.editorialjuventud.es\/#website","url":"https:\/\/www.editorialjuventud.es\/","name":"Editorial Juventud","description":"","potentialAction":[{"@type":"SearchAction","target":{"@type":"EntryPoint","urlTemplate":"https:\/\/www.editorialjuventud.es\/?s={search_term_string}"},"query-input":{"@type":"PropertyValueSpecification","valueRequired":true,"valueName":"search_term_string"}}],"inLanguage":"ca"}]}},"_links":{"self":[{"href":"https:\/\/www.editorialjuventud.es\/ca\/wp-json\/wp\/v2\/product\/5211","targetHints":{"allow":["GET"]}}],"collection":[{"href":"https:\/\/www.editorialjuventud.es\/ca\/wp-json\/wp\/v2\/product"}],"about":[{"href":"https:\/\/www.editorialjuventud.es\/ca\/wp-json\/wp\/v2\/types\/product"}],"wp:featuredmedia":[{"embeddable":true,"href":"https:\/\/www.editorialjuventud.es\/ca\/wp-json\/wp\/v2\/media\/7708"}],"wp:attachment":[{"href":"https:\/\/www.editorialjuventud.es\/ca\/wp-json\/wp\/v2\/media?parent=5211"}],"wp:term":[{"taxonomy":"product_brand","embeddable":true,"href":"https:\/\/www.editorialjuventud.es\/ca\/wp-json\/wp\/v2\/product_brand?post=5211"},{"taxonomy":"product_cat","embeddable":true,"href":"https:\/\/www.editorialjuventud.es\/ca\/wp-json\/wp\/v2\/product_cat?post=5211"},{"taxonomy":"product_tag","embeddable":true,"href":"https:\/\/www.editorialjuventud.es\/ca\/wp-json\/wp\/v2\/product_tag?post=5211"},{"taxonomy":"coleccion","embeddable":true,"href":"https:\/\/www.editorialjuventud.es\/ca\/wp-json\/wp\/v2\/coleccion?post=5211"}],"curies":[{"name":"wp","href":"https:\/\/api.w.org\/{rel}","templated":true}]}}