{"id":5203,"date":"2018-08-24T12:30:49","date_gmt":"2018-08-24T08:30:49","guid":{"rendered":"http:\/\/www.editorialjuventud.es\/los-ninos-no-quieren-la-guerra\/"},"modified":"2025-01-22T13:45:49","modified_gmt":"2025-01-22T12:45:49","slug":"los-ninos-no-quieren-la-guerra-9788426131881","status":"publish","type":"product","link":"https:\/\/www.editorialjuventud.es\/ca\/los-ninos-no-quieren-la-guerra-9788426131881\/","title":{"rendered":"Los ni\u00f1os no quieren la guerra"},"content":{"rendered":"<p>\u00a1Qu\u00e9 hermoso era aquel pa\u00eds donde se hab\u00edan instalado! All\u00ed hab\u00edan construido dos castillos, uno tan bonito como el otro. Pero un d\u00eda, los dos reyes decidieron declararse la guerra. \u00bfPod\u00e9is creer que todo empez\u00f3 por culpa de un p\u00e1jaro? Un libro infantil que refleja de manera sutil la absurdidad de la guerra, y de los motivos que generan los conflictos. Este original \u00e1lbum har\u00e1 reflexionar a los m\u00e1s peque\u00f1os.<\/p>\n","protected":false},"excerpt":{"rendered":"\u00a1Qu\u00e9 hermoso era aquel pa\u00eds donde se hab\u00edan instalado! All\u00ed hab\u00edan construido dos castillos, uno tan bonito como el otro. Pero un d\u00eda, los dos reyes decidieron declararse la guerra. \u00bfPod\u00e9is creer que todo empez\u00f3 por culpa de un p\u00e1jaro? [&hellip;]","protected":false},"featured_media":7586,"template":"","meta":{"_acf_changed":false,"_exactmetrics_skip_tracking":false,"_exactmetrics_sitenote_active":false,"_exactmetrics_sitenote_note":"","_exactmetrics_sitenote_category":0},"product_brand":[],"product_cat":[900,1121,1180],"product_tag":[],"coleccion":[988],"class_list":{"0":"post-5203","1":"product","2":"type-product","3":"status-publish","4":"has-post-thumbnail","6":"product_cat-a-partir-de-5-anos","7":"product_cat-albumes-ilustrados","8":"product_cat-guerra","9":"coleccion-convivencia-y-multiculturalidad","11":"first","12":"instock","13":"taxable","14":"shipping-taxable","15":"purchasable","16":"product-type-simple"},"acf":{"autor":"Battut, Eric","codart":"3188-3","ediciones":"0","encuadernacion":"Carton\u00e9","fecha_de_publicacion":"30\/03\/2001","novedad":"0","paginas":"32","subtitulo":"","texto_web_adicional":"","texto_web_novedad":"","orden":"999","portada":"0","texto_web_resaltado":"","indice":"","autores-libros":[16216],"ilustradores-libros":[16216],"traductores-libros":[16176],"fecha_de_reimpresion":"","descripcion_corta":"","recomendamos":"","mas_vendido":"","idioma-libro":"","color":false,"formato":"","mas_informacion_del_producto":false,"premios":false,"deshabilitar_compra":["deshabilitar"],"texto_enlace_cubierta":"","enlace_cubierta":false,"texto_enlace_ficha_tecnica":"","enlace_ficha_tecnica":false,"ficheros":false,"titulo-fr":"","texto-fr":""},"yoast_head":"<!-- This site is optimized with the Yoast SEO plugin v27.3 - https:\/\/yoast.com\/product\/yoast-seo-wordpress\/ -->\n<title>Los ni\u00f1os no quieren la guerra - Editorial Juventud<\/title>\n<meta name=\"description\" content=\"\u00a1Qu\u00e9 hermoso era aquel pa\u00eds donde se hab\u00edan instalado! All\u00ed hab\u00edan construido dos castillos, uno tan bonito como el otro. Pero un d\u00eda, los dos reyes\" \/>\n<meta name=\"robots\" content=\"index, follow, max-snippet:-1, max-image-preview:large, max-video-preview:-1\" \/>\n<link rel=\"canonical\" href=\"https:\/\/www.editorialjuventud.es\/los-ninos-no-quieren-la-guerra-9788426131881\/\" \/>\n<meta property=\"og:locale\" content=\"ca_ES\" \/>\n<meta property=\"og:type\" content=\"article\" \/>\n<meta property=\"og:title\" content=\"Los ni\u00f1os no quieren la guerra - Editorial Juventud\" \/>\n<meta property=\"og:description\" content=\"\u00a1Qu\u00e9 hermoso era aquel pa\u00eds donde se hab\u00edan instalado! All\u00ed hab\u00edan construido dos castillos, uno tan bonito como el otro. Pero un d\u00eda, los dos reyes\" \/>\n<meta property=\"og:url\" content=\"https:\/\/www.editorialjuventud.es\/los-ninos-no-quieren-la-guerra-9788426131881\/\" \/>\n<meta property=\"og:site_name\" content=\"Editorial Juventud\" \/>\n<meta property=\"article:modified_time\" content=\"2025-01-22T12:45:49+00:00\" \/>\n<meta property=\"og:image\" content=\"https:\/\/www.editorialjuventud.es\/wp-content\/uploads\/3188-1.jpg\" \/>\n\t<meta property=\"og:image:width\" content=\"538\" \/>\n\t<meta property=\"og:image:height\" content=\"450\" \/>\n\t<meta property=\"og:image:type\" content=\"image\/jpeg\" \/>\n<meta name=\"twitter:card\" content=\"summary_large_image\" \/>\n<script type=\"application\/ld+json\" class=\"yoast-schema-graph\">{\"@context\":\"https:\\\/\\\/schema.org\",\"@graph\":[{\"@type\":\"WebPage\",\"@id\":\"https:\\\/\\\/www.editorialjuventud.es\\\/los-ninos-no-quieren-la-guerra-9788426131881\\\/\",\"url\":\"https:\\\/\\\/www.editorialjuventud.es\\\/los-ninos-no-quieren-la-guerra-9788426131881\\\/\",\"name\":\"Los ni\u00f1os no quieren la guerra - Editorial Juventud\",\"isPartOf\":{\"@id\":\"https:\\\/\\\/www.editorialjuventud.es\\\/#website\"},\"primaryImageOfPage\":{\"@id\":\"https:\\\/\\\/www.editorialjuventud.es\\\/los-ninos-no-quieren-la-guerra-9788426131881\\\/#primaryimage\"},\"image\":{\"@id\":\"https:\\\/\\\/www.editorialjuventud.es\\\/los-ninos-no-quieren-la-guerra-9788426131881\\\/#primaryimage\"},\"thumbnailUrl\":\"https:\\\/\\\/www.editorialjuventud.es\\\/wp-content\\\/uploads\\\/3188-1.jpg\",\"datePublished\":\"2018-08-24T08:30:49+00:00\",\"dateModified\":\"2025-01-22T12:45:49+00:00\",\"description\":\"\u00a1Qu\u00e9 hermoso era aquel pa\u00eds donde se hab\u00edan instalado! All\u00ed hab\u00edan construido dos castillos, uno tan bonito como el otro. Pero un d\u00eda, los dos reyes\",\"breadcrumb\":{\"@id\":\"https:\\\/\\\/www.editorialjuventud.es\\\/los-ninos-no-quieren-la-guerra-9788426131881\\\/#breadcrumb\"},\"inLanguage\":\"ca\",\"potentialAction\":[{\"@type\":\"ReadAction\",\"target\":[\"https:\\\/\\\/www.editorialjuventud.es\\\/los-ninos-no-quieren-la-guerra-9788426131881\\\/\"]}]},{\"@type\":\"ImageObject\",\"inLanguage\":\"ca\",\"@id\":\"https:\\\/\\\/www.editorialjuventud.es\\\/los-ninos-no-quieren-la-guerra-9788426131881\\\/#primaryimage\",\"url\":\"https:\\\/\\\/www.editorialjuventud.es\\\/wp-content\\\/uploads\\\/3188-1.jpg\",\"contentUrl\":\"https:\\\/\\\/www.editorialjuventud.es\\\/wp-content\\\/uploads\\\/3188-1.jpg\",\"width\":538,\"height\":450,\"caption\":\"3188.jpg\"},{\"@type\":\"BreadcrumbList\",\"@id\":\"https:\\\/\\\/www.editorialjuventud.es\\\/los-ninos-no-quieren-la-guerra-9788426131881\\\/#breadcrumb\",\"itemListElement\":[{\"@type\":\"ListItem\",\"position\":1,\"name\":\"Portada\",\"item\":\"https:\\\/\\\/www.editorialjuventud.es\\\/\"},{\"@type\":\"ListItem\",\"position\":2,\"name\":\"cat\u00e1logo\",\"item\":\"https:\\\/\\\/www.editorialjuventud.es\\\/coleccion\\\/catalogo\\\/\"},{\"@type\":\"ListItem\",\"position\":3,\"name\":\"castellano\",\"item\":\"https:\\\/\\\/www.editorialjuventud.es\\\/coleccion\\\/castellano\\\/\"},{\"@type\":\"ListItem\",\"position\":4,\"name\":\"\u00c1lbumes Ilustrados\",\"item\":\"https:\\\/\\\/www.editorialjuventud.es\\\/coleccion\\\/albumes-ilustrados\\\/\"},{\"@type\":\"ListItem\",\"position\":5,\"name\":\"Convivencia y Multiculturalidad\",\"item\":\"https:\\\/\\\/www.editorialjuventud.es\\\/coleccion\\\/convivencia-y-multiculturalidad\\\/\"},{\"@type\":\"ListItem\",\"position\":6,\"name\":\"Los ni\u00f1os no quieren la guerra\"}]},{\"@type\":\"WebSite\",\"@id\":\"https:\\\/\\\/www.editorialjuventud.es\\\/#website\",\"url\":\"https:\\\/\\\/www.editorialjuventud.es\\\/\",\"name\":\"Editorial Juventud\",\"description\":\"\",\"potentialAction\":[{\"@type\":\"SearchAction\",\"target\":{\"@type\":\"EntryPoint\",\"urlTemplate\":\"https:\\\/\\\/www.editorialjuventud.es\\\/?s={search_term_string}\"},\"query-input\":{\"@type\":\"PropertyValueSpecification\",\"valueRequired\":true,\"valueName\":\"search_term_string\"}}],\"inLanguage\":\"ca\"}]}<\/script>\n<!-- \/ Yoast SEO plugin. -->","yoast_head_json":{"title":"Los ni\u00f1os no quieren la guerra - Editorial Juventud","description":"\u00a1Qu\u00e9 hermoso era aquel pa\u00eds donde se hab\u00edan instalado! All\u00ed hab\u00edan construido dos castillos, uno tan bonito como el otro. Pero un d\u00eda, los dos reyes","robots":{"index":"index","follow":"follow","max-snippet":"max-snippet:-1","max-image-preview":"max-image-preview:large","max-video-preview":"max-video-preview:-1"},"canonical":"https:\/\/www.editorialjuventud.es\/los-ninos-no-quieren-la-guerra-9788426131881\/","og_locale":"ca_ES","og_type":"article","og_title":"Los ni\u00f1os no quieren la guerra - Editorial Juventud","og_description":"\u00a1Qu\u00e9 hermoso era aquel pa\u00eds donde se hab\u00edan instalado! All\u00ed hab\u00edan construido dos castillos, uno tan bonito como el otro. Pero un d\u00eda, los dos reyes","og_url":"https:\/\/www.editorialjuventud.es\/los-ninos-no-quieren-la-guerra-9788426131881\/","og_site_name":"Editorial Juventud","article_modified_time":"2025-01-22T12:45:49+00:00","og_image":[{"width":538,"height":450,"url":"https:\/\/www.editorialjuventud.es\/wp-content\/uploads\/3188-1.jpg","type":"image\/jpeg"}],"twitter_card":"summary_large_image","schema":{"@context":"https:\/\/schema.org","@graph":[{"@type":"WebPage","@id":"https:\/\/www.editorialjuventud.es\/los-ninos-no-quieren-la-guerra-9788426131881\/","url":"https:\/\/www.editorialjuventud.es\/los-ninos-no-quieren-la-guerra-9788426131881\/","name":"Los ni\u00f1os no quieren la guerra - Editorial Juventud","isPartOf":{"@id":"https:\/\/www.editorialjuventud.es\/#website"},"primaryImageOfPage":{"@id":"https:\/\/www.editorialjuventud.es\/los-ninos-no-quieren-la-guerra-9788426131881\/#primaryimage"},"image":{"@id":"https:\/\/www.editorialjuventud.es\/los-ninos-no-quieren-la-guerra-9788426131881\/#primaryimage"},"thumbnailUrl":"https:\/\/www.editorialjuventud.es\/wp-content\/uploads\/3188-1.jpg","datePublished":"2018-08-24T08:30:49+00:00","dateModified":"2025-01-22T12:45:49+00:00","description":"\u00a1Qu\u00e9 hermoso era aquel pa\u00eds donde se hab\u00edan instalado! All\u00ed hab\u00edan construido dos castillos, uno tan bonito como el otro. Pero un d\u00eda, los dos reyes","breadcrumb":{"@id":"https:\/\/www.editorialjuventud.es\/los-ninos-no-quieren-la-guerra-9788426131881\/#breadcrumb"},"inLanguage":"ca","potentialAction":[{"@type":"ReadAction","target":["https:\/\/www.editorialjuventud.es\/los-ninos-no-quieren-la-guerra-9788426131881\/"]}]},{"@type":"ImageObject","inLanguage":"ca","@id":"https:\/\/www.editorialjuventud.es\/los-ninos-no-quieren-la-guerra-9788426131881\/#primaryimage","url":"https:\/\/www.editorialjuventud.es\/wp-content\/uploads\/3188-1.jpg","contentUrl":"https:\/\/www.editorialjuventud.es\/wp-content\/uploads\/3188-1.jpg","width":538,"height":450,"caption":"3188.jpg"},{"@type":"BreadcrumbList","@id":"https:\/\/www.editorialjuventud.es\/los-ninos-no-quieren-la-guerra-9788426131881\/#breadcrumb","itemListElement":[{"@type":"ListItem","position":1,"name":"Portada","item":"https:\/\/www.editorialjuventud.es\/"},{"@type":"ListItem","position":2,"name":"cat\u00e1logo","item":"https:\/\/www.editorialjuventud.es\/coleccion\/catalogo\/"},{"@type":"ListItem","position":3,"name":"castellano","item":"https:\/\/www.editorialjuventud.es\/coleccion\/castellano\/"},{"@type":"ListItem","position":4,"name":"\u00c1lbumes Ilustrados","item":"https:\/\/www.editorialjuventud.es\/coleccion\/albumes-ilustrados\/"},{"@type":"ListItem","position":5,"name":"Convivencia y Multiculturalidad","item":"https:\/\/www.editorialjuventud.es\/coleccion\/convivencia-y-multiculturalidad\/"},{"@type":"ListItem","position":6,"name":"Los ni\u00f1os no quieren la guerra"}]},{"@type":"WebSite","@id":"https:\/\/www.editorialjuventud.es\/#website","url":"https:\/\/www.editorialjuventud.es\/","name":"Editorial Juventud","description":"","potentialAction":[{"@type":"SearchAction","target":{"@type":"EntryPoint","urlTemplate":"https:\/\/www.editorialjuventud.es\/?s={search_term_string}"},"query-input":{"@type":"PropertyValueSpecification","valueRequired":true,"valueName":"search_term_string"}}],"inLanguage":"ca"}]}},"_links":{"self":[{"href":"https:\/\/www.editorialjuventud.es\/ca\/wp-json\/wp\/v2\/product\/5203","targetHints":{"allow":["GET"]}}],"collection":[{"href":"https:\/\/www.editorialjuventud.es\/ca\/wp-json\/wp\/v2\/product"}],"about":[{"href":"https:\/\/www.editorialjuventud.es\/ca\/wp-json\/wp\/v2\/types\/product"}],"wp:featuredmedia":[{"embeddable":true,"href":"https:\/\/www.editorialjuventud.es\/ca\/wp-json\/wp\/v2\/media\/7586"}],"wp:attachment":[{"href":"https:\/\/www.editorialjuventud.es\/ca\/wp-json\/wp\/v2\/media?parent=5203"}],"wp:term":[{"taxonomy":"product_brand","embeddable":true,"href":"https:\/\/www.editorialjuventud.es\/ca\/wp-json\/wp\/v2\/product_brand?post=5203"},{"taxonomy":"product_cat","embeddable":true,"href":"https:\/\/www.editorialjuventud.es\/ca\/wp-json\/wp\/v2\/product_cat?post=5203"},{"taxonomy":"product_tag","embeddable":true,"href":"https:\/\/www.editorialjuventud.es\/ca\/wp-json\/wp\/v2\/product_tag?post=5203"},{"taxonomy":"coleccion","embeddable":true,"href":"https:\/\/www.editorialjuventud.es\/ca\/wp-json\/wp\/v2\/coleccion?post=5203"}],"curies":[{"name":"wp","href":"https:\/\/api.w.org\/{rel}","templated":true}]}}