{"id":5200,"date":"2018-08-24T12:30:36","date_gmt":"2018-08-24T08:30:36","guid":{"rendered":"http:\/\/www.editorialjuventud.es\/dioses-y-heroes-de-la-grecia-antigua\/"},"modified":"2026-05-11T09:05:08","modified_gmt":"2026-05-11T07:05:08","slug":"dioses-y-heroes-de-la-grecia-antigua-9788426131829","status":"publish","type":"product","link":"https:\/\/www.editorialjuventud.es\/ca\/dioses-y-heroes-de-la-grecia-antigua-9788426131829\/","title":{"rendered":"Dioses y h\u00e9roes de la Grecia antigua"},"content":{"rendered":"<p>Cuando unos mil a\u00f1os despu\u00e9s de la ca\u00edda de Roma, el Renacimiento rescat\u00f3 del olvido las grandes obras de los antiguos, sac\u00f3 de nuevo a la luz la mitolog\u00eda y la mostr\u00f3 en toda su plenitud, utiliz\u00e1ndola una vez m\u00e1s como fuente de inspiraci\u00f3n de las artes y las letras. De entre las muchas obras destinadas a ofrecer una imagen de conjunto de este inagotable patrimonio, destaca la que entre 1838 y 1840, y pensando en lectores j\u00f3venes, publicara el erudito y poeta alem\u00e1n Gustav Schwab con el t\u00edtulo Las m\u00e1s bellas leyendas de la antig\u00fcedad cl\u00e1sica, y que forma la base de este. Las m\u00e1s bellas leyendas de la antig\u00fcedad cl\u00e1sica ha gozado siempre de una merecida popularidad, y ha sido considerada como un medio excelente para introducir a j\u00f3venes y adultos en los vericuetos de la mitolog\u00eda cl\u00e1sica.<\/p>\n","protected":false},"excerpt":{"rendered":"Cuando unos mil a\u00f1os despu\u00e9s de la ca\u00edda de Roma, el Renacimiento rescat\u00f3 del olvido las grandes obras de los antiguos, sac\u00f3 de nuevo a la luz la mitolog\u00eda y la mostr\u00f3 en toda su plenitud, utiliz\u00e1ndola una vez m\u00e1s [&hellip;]","protected":false},"featured_media":7562,"template":"","meta":{"_acf_changed":false,"_exactmetrics_skip_tracking":false,"_exactmetrics_sitenote_active":false,"_exactmetrics_sitenote_note":"","_exactmetrics_sitenote_category":0},"product_brand":[],"product_cat":[896,1197,1119,908],"product_tag":[],"coleccion":[931],"class_list":{"0":"post-5200","1":"product","2":"type-product","3":"status-publish","4":"has-post-thumbnail","6":"product_cat-a-partir-de-12-anos","7":"product_cat-mitologia","8":"product_cat-narrativa-juvenil","9":"product_cat-todas-las-edades","10":"coleccion-cuentos-universales","12":"first","13":"instock","14":"taxable","15":"shipping-taxable","16":"purchasable","17":"product-type-simple"},"acf":{"autor":"Prada\/Dominguez","codart":"3182-4","ediciones":"6","encuadernacion":"Geltex","fecha_de_publicacion":"30\/11\/2000","novedad":"0","paginas":"192","subtitulo":"","texto_web_adicional":"","texto_web_novedad":"","orden":"999","portada":"0","texto_web_resaltado":"","indice":"","autores-libros":[16606],"ilustradores-libros":[16328],"traductores-libros":[77938],"descripcion_corta":"","recomendamos":"","mas_vendido":"","idioma-libro":"","color":false,"formato":"","mas_informacion_del_producto":false,"premios":false,"texto_enlace_cubierta":"","enlace_cubierta":false,"texto_enlace_ficha_tecnica":"","enlace_ficha_tecnica":false,"ficheros":false,"titulo-fr":"","texto-fr":""},"yoast_head":"<!-- This site is optimized with the Yoast SEO plugin v27.5 - https:\/\/yoast.com\/product\/yoast-seo-wordpress\/ -->\n<title>Dioses y h\u00e9roes de la Grecia antigua - Editorial Juventud<\/title>\n<meta name=\"description\" content=\"Cuando unos mil a\u00f1os despu\u00e9s de la ca\u00edda de Roma, el Renacimiento rescat\u00f3 del olvido las grandes obras de los antiguos, sac\u00f3 de nuevo a la luz la\" \/>\n<meta name=\"robots\" content=\"index, follow, max-snippet:-1, max-image-preview:large, max-video-preview:-1\" \/>\n<link rel=\"canonical\" href=\"https:\/\/www.editorialjuventud.es\/dioses-y-heroes-de-la-grecia-antigua-9788426131829\/\" \/>\n<meta property=\"og:locale\" content=\"ca_ES\" \/>\n<meta property=\"og:type\" content=\"article\" \/>\n<meta property=\"og:title\" content=\"Dioses y h\u00e9roes de la Grecia antigua - Editorial Juventud\" \/>\n<meta property=\"og:description\" content=\"Cuando unos mil a\u00f1os despu\u00e9s de la ca\u00edda de Roma, el Renacimiento rescat\u00f3 del olvido las grandes obras de los antiguos, sac\u00f3 de nuevo a la luz la\" \/>\n<meta property=\"og:url\" content=\"https:\/\/www.editorialjuventud.es\/dioses-y-heroes-de-la-grecia-antigua-9788426131829\/\" \/>\n<meta property=\"og:site_name\" content=\"Editorial Juventud\" \/>\n<meta property=\"article:modified_time\" content=\"2026-05-11T07:05:08+00:00\" \/>\n<meta property=\"og:image\" content=\"https:\/\/www.editorialjuventud.es\/wp-content\/uploads\/3182-1.jpg\" \/>\n\t<meta property=\"og:image:width\" content=\"331\" \/>\n\t<meta property=\"og:image:height\" content=\"450\" \/>\n\t<meta property=\"og:image:type\" content=\"image\/jpeg\" \/>\n<meta name=\"twitter:card\" content=\"summary_large_image\" \/>\n<meta name=\"twitter:label1\" content=\"Temps estimat de lectura\" \/>\n\t<meta name=\"twitter:data1\" content=\"1 minut\" \/>\n<script type=\"application\/ld+json\" class=\"yoast-schema-graph\">{\"@context\":\"https:\\\/\\\/schema.org\",\"@graph\":[{\"@type\":\"WebPage\",\"@id\":\"https:\\\/\\\/www.editorialjuventud.es\\\/dioses-y-heroes-de-la-grecia-antigua-9788426131829\\\/\",\"url\":\"https:\\\/\\\/www.editorialjuventud.es\\\/dioses-y-heroes-de-la-grecia-antigua-9788426131829\\\/\",\"name\":\"Dioses y h\u00e9roes de la Grecia antigua - Editorial Juventud\",\"isPartOf\":{\"@id\":\"https:\\\/\\\/www.editorialjuventud.es\\\/#website\"},\"primaryImageOfPage\":{\"@id\":\"https:\\\/\\\/www.editorialjuventud.es\\\/dioses-y-heroes-de-la-grecia-antigua-9788426131829\\\/#primaryimage\"},\"image\":{\"@id\":\"https:\\\/\\\/www.editorialjuventud.es\\\/dioses-y-heroes-de-la-grecia-antigua-9788426131829\\\/#primaryimage\"},\"thumbnailUrl\":\"https:\\\/\\\/www.editorialjuventud.es\\\/wp-content\\\/uploads\\\/3182-1.jpg\",\"datePublished\":\"2018-08-24T08:30:36+00:00\",\"dateModified\":\"2026-05-11T07:05:08+00:00\",\"description\":\"Cuando unos mil a\u00f1os despu\u00e9s de la ca\u00edda de Roma, el Renacimiento rescat\u00f3 del olvido las grandes obras de los antiguos, sac\u00f3 de nuevo a la luz la\",\"breadcrumb\":{\"@id\":\"https:\\\/\\\/www.editorialjuventud.es\\\/dioses-y-heroes-de-la-grecia-antigua-9788426131829\\\/#breadcrumb\"},\"inLanguage\":\"ca\",\"potentialAction\":[{\"@type\":\"ReadAction\",\"target\":[\"https:\\\/\\\/www.editorialjuventud.es\\\/dioses-y-heroes-de-la-grecia-antigua-9788426131829\\\/\"]}]},{\"@type\":\"ImageObject\",\"inLanguage\":\"ca\",\"@id\":\"https:\\\/\\\/www.editorialjuventud.es\\\/dioses-y-heroes-de-la-grecia-antigua-9788426131829\\\/#primaryimage\",\"url\":\"https:\\\/\\\/www.editorialjuventud.es\\\/wp-content\\\/uploads\\\/3182-1.jpg\",\"contentUrl\":\"https:\\\/\\\/www.editorialjuventud.es\\\/wp-content\\\/uploads\\\/3182-1.jpg\",\"width\":331,\"height\":450,\"caption\":\"3182.jpg\"},{\"@type\":\"BreadcrumbList\",\"@id\":\"https:\\\/\\\/www.editorialjuventud.es\\\/dioses-y-heroes-de-la-grecia-antigua-9788426131829\\\/#breadcrumb\",\"itemListElement\":[{\"@type\":\"ListItem\",\"position\":1,\"name\":\"Portada\",\"item\":\"https:\\\/\\\/www.editorialjuventud.es\\\/\"},{\"@type\":\"ListItem\",\"position\":2,\"name\":\"cat\u00e1logo\",\"item\":\"https:\\\/\\\/www.editorialjuventud.es\\\/coleccion\\\/catalogo\\\/\"},{\"@type\":\"ListItem\",\"position\":3,\"name\":\"castellano\",\"item\":\"https:\\\/\\\/www.editorialjuventud.es\\\/coleccion\\\/castellano\\\/\"},{\"@type\":\"ListItem\",\"position\":4,\"name\":\"Cuentos Universales\",\"item\":\"https:\\\/\\\/www.editorialjuventud.es\\\/coleccion\\\/cuentos-universales\\\/\"},{\"@type\":\"ListItem\",\"position\":5,\"name\":\"Dioses y h\u00e9roes de la Grecia antigua\"}]},{\"@type\":\"WebSite\",\"@id\":\"https:\\\/\\\/www.editorialjuventud.es\\\/#website\",\"url\":\"https:\\\/\\\/www.editorialjuventud.es\\\/\",\"name\":\"Editorial Juventud\",\"description\":\"\",\"potentialAction\":[{\"@type\":\"SearchAction\",\"target\":{\"@type\":\"EntryPoint\",\"urlTemplate\":\"https:\\\/\\\/www.editorialjuventud.es\\\/?s={search_term_string}\"},\"query-input\":{\"@type\":\"PropertyValueSpecification\",\"valueRequired\":true,\"valueName\":\"search_term_string\"}}],\"inLanguage\":\"ca\"}]}<\/script>\n<!-- \/ Yoast SEO plugin. -->","yoast_head_json":{"title":"Dioses y h\u00e9roes de la Grecia antigua - Editorial Juventud","description":"Cuando unos mil a\u00f1os despu\u00e9s de la ca\u00edda de Roma, el Renacimiento rescat\u00f3 del olvido las grandes obras de los antiguos, sac\u00f3 de nuevo a la luz la","robots":{"index":"index","follow":"follow","max-snippet":"max-snippet:-1","max-image-preview":"max-image-preview:large","max-video-preview":"max-video-preview:-1"},"canonical":"https:\/\/www.editorialjuventud.es\/dioses-y-heroes-de-la-grecia-antigua-9788426131829\/","og_locale":"ca_ES","og_type":"article","og_title":"Dioses y h\u00e9roes de la Grecia antigua - Editorial Juventud","og_description":"Cuando unos mil a\u00f1os despu\u00e9s de la ca\u00edda de Roma, el Renacimiento rescat\u00f3 del olvido las grandes obras de los antiguos, sac\u00f3 de nuevo a la luz la","og_url":"https:\/\/www.editorialjuventud.es\/dioses-y-heroes-de-la-grecia-antigua-9788426131829\/","og_site_name":"Editorial Juventud","article_modified_time":"2026-05-11T07:05:08+00:00","og_image":[{"width":331,"height":450,"url":"https:\/\/www.editorialjuventud.es\/wp-content\/uploads\/3182-1.jpg","type":"image\/jpeg"}],"twitter_card":"summary_large_image","twitter_misc":{"Temps estimat de lectura":"1 minut"},"schema":{"@context":"https:\/\/schema.org","@graph":[{"@type":"WebPage","@id":"https:\/\/www.editorialjuventud.es\/dioses-y-heroes-de-la-grecia-antigua-9788426131829\/","url":"https:\/\/www.editorialjuventud.es\/dioses-y-heroes-de-la-grecia-antigua-9788426131829\/","name":"Dioses y h\u00e9roes de la Grecia antigua - Editorial Juventud","isPartOf":{"@id":"https:\/\/www.editorialjuventud.es\/#website"},"primaryImageOfPage":{"@id":"https:\/\/www.editorialjuventud.es\/dioses-y-heroes-de-la-grecia-antigua-9788426131829\/#primaryimage"},"image":{"@id":"https:\/\/www.editorialjuventud.es\/dioses-y-heroes-de-la-grecia-antigua-9788426131829\/#primaryimage"},"thumbnailUrl":"https:\/\/www.editorialjuventud.es\/wp-content\/uploads\/3182-1.jpg","datePublished":"2018-08-24T08:30:36+00:00","dateModified":"2026-05-11T07:05:08+00:00","description":"Cuando unos mil a\u00f1os despu\u00e9s de la ca\u00edda de Roma, el Renacimiento rescat\u00f3 del olvido las grandes obras de los antiguos, sac\u00f3 de nuevo a la luz la","breadcrumb":{"@id":"https:\/\/www.editorialjuventud.es\/dioses-y-heroes-de-la-grecia-antigua-9788426131829\/#breadcrumb"},"inLanguage":"ca","potentialAction":[{"@type":"ReadAction","target":["https:\/\/www.editorialjuventud.es\/dioses-y-heroes-de-la-grecia-antigua-9788426131829\/"]}]},{"@type":"ImageObject","inLanguage":"ca","@id":"https:\/\/www.editorialjuventud.es\/dioses-y-heroes-de-la-grecia-antigua-9788426131829\/#primaryimage","url":"https:\/\/www.editorialjuventud.es\/wp-content\/uploads\/3182-1.jpg","contentUrl":"https:\/\/www.editorialjuventud.es\/wp-content\/uploads\/3182-1.jpg","width":331,"height":450,"caption":"3182.jpg"},{"@type":"BreadcrumbList","@id":"https:\/\/www.editorialjuventud.es\/dioses-y-heroes-de-la-grecia-antigua-9788426131829\/#breadcrumb","itemListElement":[{"@type":"ListItem","position":1,"name":"Portada","item":"https:\/\/www.editorialjuventud.es\/"},{"@type":"ListItem","position":2,"name":"cat\u00e1logo","item":"https:\/\/www.editorialjuventud.es\/coleccion\/catalogo\/"},{"@type":"ListItem","position":3,"name":"castellano","item":"https:\/\/www.editorialjuventud.es\/coleccion\/castellano\/"},{"@type":"ListItem","position":4,"name":"Cuentos Universales","item":"https:\/\/www.editorialjuventud.es\/coleccion\/cuentos-universales\/"},{"@type":"ListItem","position":5,"name":"Dioses y h\u00e9roes de la Grecia antigua"}]},{"@type":"WebSite","@id":"https:\/\/www.editorialjuventud.es\/#website","url":"https:\/\/www.editorialjuventud.es\/","name":"Editorial Juventud","description":"","potentialAction":[{"@type":"SearchAction","target":{"@type":"EntryPoint","urlTemplate":"https:\/\/www.editorialjuventud.es\/?s={search_term_string}"},"query-input":{"@type":"PropertyValueSpecification","valueRequired":true,"valueName":"search_term_string"}}],"inLanguage":"ca"}]}},"_links":{"self":[{"href":"https:\/\/www.editorialjuventud.es\/ca\/wp-json\/wp\/v2\/product\/5200","targetHints":{"allow":["GET"]}}],"collection":[{"href":"https:\/\/www.editorialjuventud.es\/ca\/wp-json\/wp\/v2\/product"}],"about":[{"href":"https:\/\/www.editorialjuventud.es\/ca\/wp-json\/wp\/v2\/types\/product"}],"wp:featuredmedia":[{"embeddable":true,"href":"https:\/\/www.editorialjuventud.es\/ca\/wp-json\/wp\/v2\/media\/7562"}],"wp:attachment":[{"href":"https:\/\/www.editorialjuventud.es\/ca\/wp-json\/wp\/v2\/media?parent=5200"}],"wp:term":[{"taxonomy":"product_brand","embeddable":true,"href":"https:\/\/www.editorialjuventud.es\/ca\/wp-json\/wp\/v2\/product_brand?post=5200"},{"taxonomy":"product_cat","embeddable":true,"href":"https:\/\/www.editorialjuventud.es\/ca\/wp-json\/wp\/v2\/product_cat?post=5200"},{"taxonomy":"product_tag","embeddable":true,"href":"https:\/\/www.editorialjuventud.es\/ca\/wp-json\/wp\/v2\/product_tag?post=5200"},{"taxonomy":"coleccion","embeddable":true,"href":"https:\/\/www.editorialjuventud.es\/ca\/wp-json\/wp\/v2\/coleccion?post=5200"}],"curies":[{"name":"wp","href":"https:\/\/api.w.org\/{rel}","templated":true}]}}