{"id":5187,"date":"2018-08-24T12:29:32","date_gmt":"2018-08-24T08:29:32","guid":{"rendered":"http:\/\/www.editorialjuventud.es\/el-crucero-del-snark\/"},"modified":"2022-11-25T09:15:38","modified_gmt":"2022-11-25T08:15:38","slug":"el-crucero-del-snark-9788426131584","status":"publish","type":"product","link":"https:\/\/www.editorialjuventud.es\/ca\/el-crucero-del-snark-9788426131584\/","title":{"rendered":"El crucero del Snark"},"content":{"rendered":"<p>Jack London, un maestro de las novelas de aventuras, nos relata aqu\u00ed una aventura real: su propio viaje a trav\u00e9s del oc\u00e9ano Pac\u00edfico. La permanente b\u00fasqueda de nuevas vivencias lo llev\u00f3 a encargar la construcci\u00f3n de un velero de quince metros aparejado en queche, en el que emple\u00f3 una verdadera fortuna y no menos paciencia.<br \/>\nSin saber mucho de navegaci\u00f3n, zarp\u00f3 de San Francisco a bordo del Snark cuyos defectos inclu\u00edan la falta de estanqueidad y la incapacidad de orzar y ponerse proa al viento. Le acompa\u00f1aron su mujer y unos amigos. La determinaci\u00f3n y el esp\u00edritu aventurero que los guiaba los llev\u00f3 hasta Hawai, de all\u00ed a las islas Marquesas y m\u00e1s tarde hasta las islas Salom\u00f3n; en todos estos lugares se vieron desbordados por la hospitalidad de la gente de los Mares del Sur.<br \/>\nJack London nos narra la vida de las islas y la dureza y los peligros de una singladura oce\u00e1nica de dos a\u00f1os de duraci\u00f3n, en este apasionante relato donde se combinan la aventura y la navegaci\u00f3n con el inter\u00e9s cient\u00edfico de un verdadero antrop\u00f3logo.<\/p>\n","protected":false},"excerpt":{"rendered":"Jack London, un maestro de las novelas de aventuras, nos relata aqu\u00ed una aventura real: su propio viaje a trav\u00e9s del oc\u00e9ano Pac\u00edfico. La permanente b\u00fasqueda de nuevas vivencias lo llev\u00f3 a encargar la construcci\u00f3n de un velero de quince [&hellip;]","protected":false},"featured_media":7440,"template":"","meta":{"_acf_changed":false,"_exactmetrics_skip_tracking":false,"_exactmetrics_sitenote_active":false,"_exactmetrics_sitenote_note":"","_exactmetrics_sitenote_category":0},"product_brand":[],"product_cat":[905,892,1115,1120,1117],"product_tag":[],"coleccion":[916,936,1363],"class_list":{"0":"post-5187","1":"product","2":"type-product","3":"status-publish","4":"has-post-thumbnail","6":"product_cat-adulto","7":"product_cat-edades","8":"product_cat-generos","9":"product_cat-nautica","10":"product_cat-no-ficcion-adulto","11":"coleccion-castellano","12":"coleccion-lecturas-en-torno-al-mar","13":"coleccion-viajes-aventuras-y-expediciones-lecturas-en-torno-al-mar","15":"first","16":"instock","17":"taxable","18":"shipping-taxable","19":"purchasable","20":"product-type-simple"},"acf":{"autor":"LONDON, JACK","codart":"3158-1","ediciones":"1","encuadernacion":"R\u00fastica","fecha_de_publicacion":"20\/06\/2000","novedad":"0","paginas":"240","subtitulo":"Hacia la aventura en el pacifico sur","texto_web_adicional":"","texto_web_novedad":"","orden":"999","portada":"0","texto_web_resaltado":"","indice":"","autores-libros":[16470],"ilustradores-libros":"","traductores-libros":[17495],"fecha_de_reimpresion":"","descripcion_corta":"","recomendamos":"","mas_vendido":"","idioma-libro":"","color":false,"formato":"","mas_informacion_del_producto":false,"premios":false,"deshabilitar_compra":["deshabilitar"],"texto_enlace_cubierta":"","enlace_cubierta":false,"texto_enlace_ficha_tecnica":"","enlace_ficha_tecnica":false,"ficheros":false,"titulo-fr":"","texto-fr":""},"yoast_head":"<!-- This site is optimized with the Yoast SEO plugin v27.5 - https:\/\/yoast.com\/product\/yoast-seo-wordpress\/ -->\n<title>El crucero del Snark - Editorial Juventud<\/title>\n<meta name=\"description\" content=\"Jack London, un maestro de las novelas de aventuras, nos relata aqu\u00ed una aventura real: su propio viaje a trav\u00e9s del oc\u00e9ano Pac\u00edfico. La permanente\" \/>\n<meta name=\"robots\" content=\"index, follow, max-snippet:-1, max-image-preview:large, max-video-preview:-1\" \/>\n<link rel=\"canonical\" href=\"https:\/\/www.editorialjuventud.es\/el-crucero-del-snark-9788426131584\/\" \/>\n<meta property=\"og:locale\" content=\"ca_ES\" \/>\n<meta property=\"og:type\" content=\"article\" \/>\n<meta property=\"og:title\" content=\"El crucero del Snark - Editorial Juventud\" \/>\n<meta property=\"og:description\" content=\"Jack London, un maestro de las novelas de aventuras, nos relata aqu\u00ed una aventura real: su propio viaje a trav\u00e9s del oc\u00e9ano Pac\u00edfico. La permanente\" \/>\n<meta property=\"og:url\" content=\"https:\/\/www.editorialjuventud.es\/el-crucero-del-snark-9788426131584\/\" \/>\n<meta property=\"og:site_name\" content=\"Editorial Juventud\" \/>\n<meta property=\"article:modified_time\" content=\"2022-11-25T08:15:38+00:00\" \/>\n<meta property=\"og:image\" content=\"https:\/\/www.editorialjuventud.es\/wp-content\/uploads\/3158-1.jpg\" \/>\n\t<meta property=\"og:image:width\" content=\"261\" \/>\n\t<meta property=\"og:image:height\" content=\"400\" \/>\n\t<meta property=\"og:image:type\" content=\"image\/jpeg\" \/>\n<meta name=\"twitter:card\" content=\"summary_large_image\" \/>\n<meta name=\"twitter:label1\" content=\"Temps estimat de lectura\" \/>\n\t<meta name=\"twitter:data1\" content=\"1 minut\" \/>\n<script type=\"application\/ld+json\" class=\"yoast-schema-graph\">{\"@context\":\"https:\\\/\\\/schema.org\",\"@graph\":[{\"@type\":\"WebPage\",\"@id\":\"https:\\\/\\\/www.editorialjuventud.es\\\/el-crucero-del-snark-9788426131584\\\/\",\"url\":\"https:\\\/\\\/www.editorialjuventud.es\\\/el-crucero-del-snark-9788426131584\\\/\",\"name\":\"El crucero del Snark - Editorial Juventud\",\"isPartOf\":{\"@id\":\"https:\\\/\\\/www.editorialjuventud.es\\\/#website\"},\"primaryImageOfPage\":{\"@id\":\"https:\\\/\\\/www.editorialjuventud.es\\\/el-crucero-del-snark-9788426131584\\\/#primaryimage\"},\"image\":{\"@id\":\"https:\\\/\\\/www.editorialjuventud.es\\\/el-crucero-del-snark-9788426131584\\\/#primaryimage\"},\"thumbnailUrl\":\"https:\\\/\\\/www.editorialjuventud.es\\\/wp-content\\\/uploads\\\/3158-1.jpg\",\"datePublished\":\"2018-08-24T08:29:32+00:00\",\"dateModified\":\"2022-11-25T08:15:38+00:00\",\"description\":\"Jack London, un maestro de las novelas de aventuras, nos relata aqu\u00ed una aventura real: su propio viaje a trav\u00e9s del oc\u00e9ano Pac\u00edfico. La permanente\",\"breadcrumb\":{\"@id\":\"https:\\\/\\\/www.editorialjuventud.es\\\/el-crucero-del-snark-9788426131584\\\/#breadcrumb\"},\"inLanguage\":\"ca\",\"potentialAction\":[{\"@type\":\"ReadAction\",\"target\":[\"https:\\\/\\\/www.editorialjuventud.es\\\/el-crucero-del-snark-9788426131584\\\/\"]}]},{\"@type\":\"ImageObject\",\"inLanguage\":\"ca\",\"@id\":\"https:\\\/\\\/www.editorialjuventud.es\\\/el-crucero-del-snark-9788426131584\\\/#primaryimage\",\"url\":\"https:\\\/\\\/www.editorialjuventud.es\\\/wp-content\\\/uploads\\\/3158-1.jpg\",\"contentUrl\":\"https:\\\/\\\/www.editorialjuventud.es\\\/wp-content\\\/uploads\\\/3158-1.jpg\",\"width\":261,\"height\":400,\"caption\":\"3158.jpg\"},{\"@type\":\"BreadcrumbList\",\"@id\":\"https:\\\/\\\/www.editorialjuventud.es\\\/el-crucero-del-snark-9788426131584\\\/#breadcrumb\",\"itemListElement\":[{\"@type\":\"ListItem\",\"position\":1,\"name\":\"Portada\",\"item\":\"https:\\\/\\\/www.editorialjuventud.es\\\/\"},{\"@type\":\"ListItem\",\"position\":2,\"name\":\"cat\u00e1logo\",\"item\":\"https:\\\/\\\/www.editorialjuventud.es\\\/coleccion\\\/catalogo\\\/\"},{\"@type\":\"ListItem\",\"position\":3,\"name\":\"castellano\",\"item\":\"https:\\\/\\\/www.editorialjuventud.es\\\/coleccion\\\/castellano\\\/\"},{\"@type\":\"ListItem\",\"position\":4,\"name\":\"Lecturas En torno al Mar\",\"item\":\"https:\\\/\\\/www.editorialjuventud.es\\\/coleccion\\\/lecturas-en-torno-al-mar\\\/\"},{\"@type\":\"ListItem\",\"position\":5,\"name\":\"Viajes, Aventuras y Expediciones\",\"item\":\"https:\\\/\\\/www.editorialjuventud.es\\\/coleccion\\\/viajes-aventuras-y-expediciones-lecturas-en-torno-al-mar\\\/\"},{\"@type\":\"ListItem\",\"position\":6,\"name\":\"El crucero del Snark\"}]},{\"@type\":\"WebSite\",\"@id\":\"https:\\\/\\\/www.editorialjuventud.es\\\/#website\",\"url\":\"https:\\\/\\\/www.editorialjuventud.es\\\/\",\"name\":\"Editorial Juventud\",\"description\":\"\",\"potentialAction\":[{\"@type\":\"SearchAction\",\"target\":{\"@type\":\"EntryPoint\",\"urlTemplate\":\"https:\\\/\\\/www.editorialjuventud.es\\\/?s={search_term_string}\"},\"query-input\":{\"@type\":\"PropertyValueSpecification\",\"valueRequired\":true,\"valueName\":\"search_term_string\"}}],\"inLanguage\":\"ca\"}]}<\/script>\n<!-- \/ Yoast SEO plugin. -->","yoast_head_json":{"title":"El crucero del Snark - Editorial Juventud","description":"Jack London, un maestro de las novelas de aventuras, nos relata aqu\u00ed una aventura real: su propio viaje a trav\u00e9s del oc\u00e9ano Pac\u00edfico. La permanente","robots":{"index":"index","follow":"follow","max-snippet":"max-snippet:-1","max-image-preview":"max-image-preview:large","max-video-preview":"max-video-preview:-1"},"canonical":"https:\/\/www.editorialjuventud.es\/el-crucero-del-snark-9788426131584\/","og_locale":"ca_ES","og_type":"article","og_title":"El crucero del Snark - Editorial Juventud","og_description":"Jack London, un maestro de las novelas de aventuras, nos relata aqu\u00ed una aventura real: su propio viaje a trav\u00e9s del oc\u00e9ano Pac\u00edfico. La permanente","og_url":"https:\/\/www.editorialjuventud.es\/el-crucero-del-snark-9788426131584\/","og_site_name":"Editorial Juventud","article_modified_time":"2022-11-25T08:15:38+00:00","og_image":[{"width":261,"height":400,"url":"https:\/\/www.editorialjuventud.es\/wp-content\/uploads\/3158-1.jpg","type":"image\/jpeg"}],"twitter_card":"summary_large_image","twitter_misc":{"Temps estimat de lectura":"1 minut"},"schema":{"@context":"https:\/\/schema.org","@graph":[{"@type":"WebPage","@id":"https:\/\/www.editorialjuventud.es\/el-crucero-del-snark-9788426131584\/","url":"https:\/\/www.editorialjuventud.es\/el-crucero-del-snark-9788426131584\/","name":"El crucero del Snark - Editorial Juventud","isPartOf":{"@id":"https:\/\/www.editorialjuventud.es\/#website"},"primaryImageOfPage":{"@id":"https:\/\/www.editorialjuventud.es\/el-crucero-del-snark-9788426131584\/#primaryimage"},"image":{"@id":"https:\/\/www.editorialjuventud.es\/el-crucero-del-snark-9788426131584\/#primaryimage"},"thumbnailUrl":"https:\/\/www.editorialjuventud.es\/wp-content\/uploads\/3158-1.jpg","datePublished":"2018-08-24T08:29:32+00:00","dateModified":"2022-11-25T08:15:38+00:00","description":"Jack London, un maestro de las novelas de aventuras, nos relata aqu\u00ed una aventura real: su propio viaje a trav\u00e9s del oc\u00e9ano Pac\u00edfico. La permanente","breadcrumb":{"@id":"https:\/\/www.editorialjuventud.es\/el-crucero-del-snark-9788426131584\/#breadcrumb"},"inLanguage":"ca","potentialAction":[{"@type":"ReadAction","target":["https:\/\/www.editorialjuventud.es\/el-crucero-del-snark-9788426131584\/"]}]},{"@type":"ImageObject","inLanguage":"ca","@id":"https:\/\/www.editorialjuventud.es\/el-crucero-del-snark-9788426131584\/#primaryimage","url":"https:\/\/www.editorialjuventud.es\/wp-content\/uploads\/3158-1.jpg","contentUrl":"https:\/\/www.editorialjuventud.es\/wp-content\/uploads\/3158-1.jpg","width":261,"height":400,"caption":"3158.jpg"},{"@type":"BreadcrumbList","@id":"https:\/\/www.editorialjuventud.es\/el-crucero-del-snark-9788426131584\/#breadcrumb","itemListElement":[{"@type":"ListItem","position":1,"name":"Portada","item":"https:\/\/www.editorialjuventud.es\/"},{"@type":"ListItem","position":2,"name":"cat\u00e1logo","item":"https:\/\/www.editorialjuventud.es\/coleccion\/catalogo\/"},{"@type":"ListItem","position":3,"name":"castellano","item":"https:\/\/www.editorialjuventud.es\/coleccion\/castellano\/"},{"@type":"ListItem","position":4,"name":"Lecturas En torno al Mar","item":"https:\/\/www.editorialjuventud.es\/coleccion\/lecturas-en-torno-al-mar\/"},{"@type":"ListItem","position":5,"name":"Viajes, Aventuras y Expediciones","item":"https:\/\/www.editorialjuventud.es\/coleccion\/viajes-aventuras-y-expediciones-lecturas-en-torno-al-mar\/"},{"@type":"ListItem","position":6,"name":"El crucero del Snark"}]},{"@type":"WebSite","@id":"https:\/\/www.editorialjuventud.es\/#website","url":"https:\/\/www.editorialjuventud.es\/","name":"Editorial Juventud","description":"","potentialAction":[{"@type":"SearchAction","target":{"@type":"EntryPoint","urlTemplate":"https:\/\/www.editorialjuventud.es\/?s={search_term_string}"},"query-input":{"@type":"PropertyValueSpecification","valueRequired":true,"valueName":"search_term_string"}}],"inLanguage":"ca"}]}},"_links":{"self":[{"href":"https:\/\/www.editorialjuventud.es\/ca\/wp-json\/wp\/v2\/product\/5187","targetHints":{"allow":["GET"]}}],"collection":[{"href":"https:\/\/www.editorialjuventud.es\/ca\/wp-json\/wp\/v2\/product"}],"about":[{"href":"https:\/\/www.editorialjuventud.es\/ca\/wp-json\/wp\/v2\/types\/product"}],"wp:featuredmedia":[{"embeddable":true,"href":"https:\/\/www.editorialjuventud.es\/ca\/wp-json\/wp\/v2\/media\/7440"}],"wp:attachment":[{"href":"https:\/\/www.editorialjuventud.es\/ca\/wp-json\/wp\/v2\/media?parent=5187"}],"wp:term":[{"taxonomy":"product_brand","embeddable":true,"href":"https:\/\/www.editorialjuventud.es\/ca\/wp-json\/wp\/v2\/product_brand?post=5187"},{"taxonomy":"product_cat","embeddable":true,"href":"https:\/\/www.editorialjuventud.es\/ca\/wp-json\/wp\/v2\/product_cat?post=5187"},{"taxonomy":"product_tag","embeddable":true,"href":"https:\/\/www.editorialjuventud.es\/ca\/wp-json\/wp\/v2\/product_tag?post=5187"},{"taxonomy":"coleccion","embeddable":true,"href":"https:\/\/www.editorialjuventud.es\/ca\/wp-json\/wp\/v2\/coleccion?post=5187"}],"curies":[{"name":"wp","href":"https:\/\/api.w.org\/{rel}","templated":true}]}}