{"id":5171,"date":"2018-08-24T10:28:23","date_gmt":"2018-08-24T08:28:23","guid":{"rendered":"http:\/\/www.editorialjuventud.es\/on-es-el-llibre-de-la-clara\/"},"modified":"2025-01-22T13:46:31","modified_gmt":"2025-01-22T12:46:31","slug":"on-es-el-llibre-de-la-clara-9788426131195","status":"publish","type":"product","link":"https:\/\/www.editorialjuventud.es\/ca\/on-es-el-llibre-de-la-clara-9788426131195\/","title":{"rendered":"On \u00e9s el llibre de la Clara?"},"content":{"rendered":"<p>La Clara ha perdut el llibre de la biblioteca que t\u00e9 en pr\u00e9stec, i pensa en com decebr\u00e0 la Nat\u00e0lia, la bibliotec\u00e0ria. Tan sols t\u00e9 unes hores per tornar-lo a la biblioteca, i la Clara est\u00e0 desesperada, no el troba enlloc. El seu pare l&#8217;ajuda: \u00abOn l&#8217;has vist per \u00faltima vegada?\u00bb li pregunta, per\u00f2 no hi ha res a fer, el llibre ha desaparegut? El germ\u00e0 de la Clara ha llegit el llibre, el carter i la ve\u00efna tamb\u00e9, i molts m\u00e9s: la Clara i els seus companys continuen durant llargues hores la pista del llibre deixat per poder tornar-lo a l&#8217;hora prevista i no defraudar la confian\u00e7a de la bibliotec\u00e0ria.<\/p>\n","protected":false},"excerpt":{"rendered":"La Clara ha perdut el llibre de la biblioteca que t\u00e9 en pr\u00e9stec, i pensa en com decebr\u00e0 la Nat\u00e0lia, la bibliotec\u00e0ria. Tan sols t\u00e9 unes hores per tornar-lo a la biblioteca, i la Clara est\u00e0 desesperada, no el troba [&hellip;]","protected":false},"featured_media":15587,"template":"","meta":{"_acf_changed":false,"_exactmetrics_skip_tracking":false,"_exactmetrics_sitenote_active":false,"_exactmetrics_sitenote_note":"","_exactmetrics_sitenote_category":0},"product_brand":[],"product_cat":[900,1121],"product_tag":[],"coleccion":[955],"class_list":{"0":"post-5171","1":"product","2":"type-product","3":"status-publish","4":"has-post-thumbnail","6":"product_cat-a-partir-de-5-anos","7":"product_cat-albumes-ilustrados","8":"coleccion-llibres-i-biblioteques","10":"first","11":"outofstock","12":"taxable","13":"shipping-taxable","14":"purchasable","15":"product-type-simple"},"acf":{"autor":"Campbell, Lisa","codart":"3119-0","ediciones":"0","encuadernacion":"Carton\u00e9","fecha_de_publicacion":"14\/06\/1999","novedad":"0","paginas":"32","subtitulo":"","texto_web_adicional":"","texto_web_novedad":"","orden":"999","portada":"0","texto_web_resaltado":"","indice":"","autores-libros":[16261],"ilustradores-libros":[16261],"traductores-libros":[58416],"descripcion_corta":"","recomendamos":"","mas_vendido":"","idioma-libro":"","color":false,"formato":"","mas_informacion_del_producto":false,"premios":false,"texto_enlace_cubierta":"","enlace_cubierta":{"ID":24470,"id":24470,"title":"cover3119","filename":"cover3119.jpg","filesize":43903,"url":"https:\/\/www.editorialjuventud.es\/wp-content\/uploads\/cover3119.jpg","link":"https:\/\/www.editorialjuventud.es\/ca\/?attachment_id=24470","alt":"","author":"47","description":"","caption":"","name":"cover3119","status":"inherit","uploaded_to":5171,"date":"2019-04-17 10:58:26","modified":"2019-04-17 10:58:26","menu_order":0,"mime_type":"image\/jpeg","type":"image","subtype":"jpeg","icon":"https:\/\/www.editorialjuventud.es\/wp-includes\/images\/media\/default.png","width":495,"height":450,"sizes":{"thumbnail":"https:\/\/www.editorialjuventud.es\/wp-content\/uploads\/cover3119-200x200.jpg","thumbnail-width":200,"thumbnail-height":200,"medium":"https:\/\/www.editorialjuventud.es\/wp-content\/uploads\/cover3119.jpg","medium-width":495,"medium-height":450,"medium_large":"https:\/\/www.editorialjuventud.es\/wp-content\/uploads\/cover3119.jpg","medium_large-width":495,"medium_large-height":450,"large":"https:\/\/www.editorialjuventud.es\/wp-content\/uploads\/cover3119.jpg","large-width":495,"large-height":450,"1536x1536":"https:\/\/www.editorialjuventud.es\/wp-content\/uploads\/cover3119.jpg","1536x1536-width":495,"1536x1536-height":450,"2048x2048":"https:\/\/www.editorialjuventud.es\/wp-content\/uploads\/cover3119.jpg","2048x2048-width":495,"2048x2048-height":450,"woocommerce_thumbnail":"https:\/\/www.editorialjuventud.es\/wp-content\/uploads\/cover3119-350x318.jpg","woocommerce_thumbnail-width":350,"woocommerce_thumbnail-height":318,"woocommerce_single":"https:\/\/www.editorialjuventud.es\/wp-content\/uploads\/cover3119.jpg","woocommerce_single-width":495,"woocommerce_single-height":450,"woocommerce_gallery_thumbnail":"https:\/\/www.editorialjuventud.es\/wp-content\/uploads\/cover3119-100x100.jpg","woocommerce_gallery_thumbnail-width":100,"woocommerce_gallery_thumbnail-height":100,"ppec_logo_image_size":"https:\/\/www.editorialjuventud.es\/wp-content\/uploads\/cover3119.jpg","ppec_logo_image_size-width":66,"ppec_logo_image_size-height":60,"ppec_header_image_size":"https:\/\/www.editorialjuventud.es\/wp-content\/uploads\/cover3119.jpg","ppec_header_image_size-width":99,"ppec_header_image_size-height":90}},"texto_enlace_ficha_tecnica":"","enlace_ficha_tecnica":false,"ficheros":false,"titulo-fr":"","texto-fr":""},"yoast_head":"<!-- This site is optimized with the Yoast SEO plugin v27.5 - https:\/\/yoast.com\/product\/yoast-seo-wordpress\/ -->\n<title>On \u00e9s el llibre de la Clara? - Editorial Juventud<\/title>\n<meta name=\"description\" content=\"La Clara ha perdut el llibre de la biblioteca que t\u00e9 en pr\u00e9stec, i pensa en com decebr\u00e0 la Nat\u00e0lia, la bibliotec\u00e0ria. Tan sols t\u00e9 unes hores per tornar-lo\" \/>\n<meta name=\"robots\" content=\"index, follow, max-snippet:-1, max-image-preview:large, max-video-preview:-1\" \/>\n<link rel=\"canonical\" href=\"https:\/\/www.editorialjuventud.es\/on-es-el-llibre-de-la-clara-9788426131195\/\" \/>\n<meta property=\"og:locale\" content=\"ca_ES\" \/>\n<meta property=\"og:type\" content=\"article\" \/>\n<meta property=\"og:title\" content=\"On \u00e9s el llibre de la Clara? - Editorial Juventud\" \/>\n<meta property=\"og:description\" content=\"La Clara ha perdut el llibre de la biblioteca que t\u00e9 en pr\u00e9stec, i pensa en com decebr\u00e0 la Nat\u00e0lia, la bibliotec\u00e0ria. Tan sols t\u00e9 unes hores per tornar-lo\" \/>\n<meta property=\"og:url\" content=\"https:\/\/www.editorialjuventud.es\/on-es-el-llibre-de-la-clara-9788426131195\/\" \/>\n<meta property=\"og:site_name\" content=\"Editorial Juventud\" \/>\n<meta property=\"article:modified_time\" content=\"2025-01-22T12:46:31+00:00\" \/>\n<meta property=\"og:image\" content=\"https:\/\/www.editorialjuventud.es\/wp-content\/uploads\/9788426131195.jpg\" \/>\n\t<meta property=\"og:image:width\" content=\"495\" \/>\n\t<meta property=\"og:image:height\" content=\"450\" \/>\n\t<meta property=\"og:image:type\" content=\"image\/jpeg\" \/>\n<meta name=\"twitter:card\" content=\"summary_large_image\" \/>\n<meta name=\"twitter:label1\" content=\"Temps estimat de lectura\" \/>\n\t<meta name=\"twitter:data1\" content=\"1 minut\" \/>\n<script type=\"application\/ld+json\" class=\"yoast-schema-graph\">{\"@context\":\"https:\\\/\\\/schema.org\",\"@graph\":[{\"@type\":\"WebPage\",\"@id\":\"https:\\\/\\\/www.editorialjuventud.es\\\/on-es-el-llibre-de-la-clara-9788426131195\\\/\",\"url\":\"https:\\\/\\\/www.editorialjuventud.es\\\/on-es-el-llibre-de-la-clara-9788426131195\\\/\",\"name\":\"On \u00e9s el llibre de la Clara? - Editorial Juventud\",\"isPartOf\":{\"@id\":\"https:\\\/\\\/www.editorialjuventud.es\\\/#website\"},\"primaryImageOfPage\":{\"@id\":\"https:\\\/\\\/www.editorialjuventud.es\\\/on-es-el-llibre-de-la-clara-9788426131195\\\/#primaryimage\"},\"image\":{\"@id\":\"https:\\\/\\\/www.editorialjuventud.es\\\/on-es-el-llibre-de-la-clara-9788426131195\\\/#primaryimage\"},\"thumbnailUrl\":\"https:\\\/\\\/www.editorialjuventud.es\\\/wp-content\\\/uploads\\\/9788426131195.jpg\",\"datePublished\":\"2018-08-24T08:28:23+00:00\",\"dateModified\":\"2025-01-22T12:46:31+00:00\",\"description\":\"La Clara ha perdut el llibre de la biblioteca que t\u00e9 en pr\u00e9stec, i pensa en com decebr\u00e0 la Nat\u00e0lia, la bibliotec\u00e0ria. Tan sols t\u00e9 unes hores per tornar-lo\",\"breadcrumb\":{\"@id\":\"https:\\\/\\\/www.editorialjuventud.es\\\/on-es-el-llibre-de-la-clara-9788426131195\\\/#breadcrumb\"},\"inLanguage\":\"ca\",\"potentialAction\":[{\"@type\":\"ReadAction\",\"target\":[\"https:\\\/\\\/www.editorialjuventud.es\\\/on-es-el-llibre-de-la-clara-9788426131195\\\/\"]}]},{\"@type\":\"ImageObject\",\"inLanguage\":\"ca\",\"@id\":\"https:\\\/\\\/www.editorialjuventud.es\\\/on-es-el-llibre-de-la-clara-9788426131195\\\/#primaryimage\",\"url\":\"https:\\\/\\\/www.editorialjuventud.es\\\/wp-content\\\/uploads\\\/9788426131195.jpg\",\"contentUrl\":\"https:\\\/\\\/www.editorialjuventud.es\\\/wp-content\\\/uploads\\\/9788426131195.jpg\",\"width\":495,\"height\":450,\"caption\":\"9788426131195.jpg\"},{\"@type\":\"BreadcrumbList\",\"@id\":\"https:\\\/\\\/www.editorialjuventud.es\\\/on-es-el-llibre-de-la-clara-9788426131195\\\/#breadcrumb\",\"itemListElement\":[{\"@type\":\"ListItem\",\"position\":1,\"name\":\"Portada\",\"item\":\"https:\\\/\\\/www.editorialjuventud.es\\\/\"},{\"@type\":\"ListItem\",\"position\":2,\"name\":\"cat\u00e1logo\",\"item\":\"https:\\\/\\\/www.editorialjuventud.es\\\/coleccion\\\/catalogo\\\/\"},{\"@type\":\"ListItem\",\"position\":3,\"name\":\"catal\u00e0\",\"item\":\"https:\\\/\\\/www.editorialjuventud.es\\\/coleccion\\\/catala\\\/\"},{\"@type\":\"ListItem\",\"position\":4,\"name\":\"\u00c0lbums Il\u00b7lustrats\",\"item\":\"https:\\\/\\\/www.editorialjuventud.es\\\/coleccion\\\/albums-il%c2%b7lustrats\\\/\"},{\"@type\":\"ListItem\",\"position\":5,\"name\":\"Llibres i Biblioteques\",\"item\":\"https:\\\/\\\/www.editorialjuventud.es\\\/coleccion\\\/llibres-i-biblioteques\\\/\"},{\"@type\":\"ListItem\",\"position\":6,\"name\":\"On \u00e9s el llibre de la Clara?\"}]},{\"@type\":\"WebSite\",\"@id\":\"https:\\\/\\\/www.editorialjuventud.es\\\/#website\",\"url\":\"https:\\\/\\\/www.editorialjuventud.es\\\/\",\"name\":\"Editorial Juventud\",\"description\":\"\",\"potentialAction\":[{\"@type\":\"SearchAction\",\"target\":{\"@type\":\"EntryPoint\",\"urlTemplate\":\"https:\\\/\\\/www.editorialjuventud.es\\\/?s={search_term_string}\"},\"query-input\":{\"@type\":\"PropertyValueSpecification\",\"valueRequired\":true,\"valueName\":\"search_term_string\"}}],\"inLanguage\":\"ca\"}]}<\/script>\n<!-- \/ Yoast SEO plugin. -->","yoast_head_json":{"title":"On \u00e9s el llibre de la Clara? - Editorial Juventud","description":"La Clara ha perdut el llibre de la biblioteca que t\u00e9 en pr\u00e9stec, i pensa en com decebr\u00e0 la Nat\u00e0lia, la bibliotec\u00e0ria. Tan sols t\u00e9 unes hores per tornar-lo","robots":{"index":"index","follow":"follow","max-snippet":"max-snippet:-1","max-image-preview":"max-image-preview:large","max-video-preview":"max-video-preview:-1"},"canonical":"https:\/\/www.editorialjuventud.es\/on-es-el-llibre-de-la-clara-9788426131195\/","og_locale":"ca_ES","og_type":"article","og_title":"On \u00e9s el llibre de la Clara? - Editorial Juventud","og_description":"La Clara ha perdut el llibre de la biblioteca que t\u00e9 en pr\u00e9stec, i pensa en com decebr\u00e0 la Nat\u00e0lia, la bibliotec\u00e0ria. Tan sols t\u00e9 unes hores per tornar-lo","og_url":"https:\/\/www.editorialjuventud.es\/on-es-el-llibre-de-la-clara-9788426131195\/","og_site_name":"Editorial Juventud","article_modified_time":"2025-01-22T12:46:31+00:00","og_image":[{"width":495,"height":450,"url":"https:\/\/www.editorialjuventud.es\/wp-content\/uploads\/9788426131195.jpg","type":"image\/jpeg"}],"twitter_card":"summary_large_image","twitter_misc":{"Temps estimat de lectura":"1 minut"},"schema":{"@context":"https:\/\/schema.org","@graph":[{"@type":"WebPage","@id":"https:\/\/www.editorialjuventud.es\/on-es-el-llibre-de-la-clara-9788426131195\/","url":"https:\/\/www.editorialjuventud.es\/on-es-el-llibre-de-la-clara-9788426131195\/","name":"On \u00e9s el llibre de la Clara? - Editorial Juventud","isPartOf":{"@id":"https:\/\/www.editorialjuventud.es\/#website"},"primaryImageOfPage":{"@id":"https:\/\/www.editorialjuventud.es\/on-es-el-llibre-de-la-clara-9788426131195\/#primaryimage"},"image":{"@id":"https:\/\/www.editorialjuventud.es\/on-es-el-llibre-de-la-clara-9788426131195\/#primaryimage"},"thumbnailUrl":"https:\/\/www.editorialjuventud.es\/wp-content\/uploads\/9788426131195.jpg","datePublished":"2018-08-24T08:28:23+00:00","dateModified":"2025-01-22T12:46:31+00:00","description":"La Clara ha perdut el llibre de la biblioteca que t\u00e9 en pr\u00e9stec, i pensa en com decebr\u00e0 la Nat\u00e0lia, la bibliotec\u00e0ria. Tan sols t\u00e9 unes hores per tornar-lo","breadcrumb":{"@id":"https:\/\/www.editorialjuventud.es\/on-es-el-llibre-de-la-clara-9788426131195\/#breadcrumb"},"inLanguage":"ca","potentialAction":[{"@type":"ReadAction","target":["https:\/\/www.editorialjuventud.es\/on-es-el-llibre-de-la-clara-9788426131195\/"]}]},{"@type":"ImageObject","inLanguage":"ca","@id":"https:\/\/www.editorialjuventud.es\/on-es-el-llibre-de-la-clara-9788426131195\/#primaryimage","url":"https:\/\/www.editorialjuventud.es\/wp-content\/uploads\/9788426131195.jpg","contentUrl":"https:\/\/www.editorialjuventud.es\/wp-content\/uploads\/9788426131195.jpg","width":495,"height":450,"caption":"9788426131195.jpg"},{"@type":"BreadcrumbList","@id":"https:\/\/www.editorialjuventud.es\/on-es-el-llibre-de-la-clara-9788426131195\/#breadcrumb","itemListElement":[{"@type":"ListItem","position":1,"name":"Portada","item":"https:\/\/www.editorialjuventud.es\/"},{"@type":"ListItem","position":2,"name":"cat\u00e1logo","item":"https:\/\/www.editorialjuventud.es\/coleccion\/catalogo\/"},{"@type":"ListItem","position":3,"name":"catal\u00e0","item":"https:\/\/www.editorialjuventud.es\/coleccion\/catala\/"},{"@type":"ListItem","position":4,"name":"\u00c0lbums Il\u00b7lustrats","item":"https:\/\/www.editorialjuventud.es\/coleccion\/albums-il%c2%b7lustrats\/"},{"@type":"ListItem","position":5,"name":"Llibres i Biblioteques","item":"https:\/\/www.editorialjuventud.es\/coleccion\/llibres-i-biblioteques\/"},{"@type":"ListItem","position":6,"name":"On \u00e9s el llibre de la Clara?"}]},{"@type":"WebSite","@id":"https:\/\/www.editorialjuventud.es\/#website","url":"https:\/\/www.editorialjuventud.es\/","name":"Editorial Juventud","description":"","potentialAction":[{"@type":"SearchAction","target":{"@type":"EntryPoint","urlTemplate":"https:\/\/www.editorialjuventud.es\/?s={search_term_string}"},"query-input":{"@type":"PropertyValueSpecification","valueRequired":true,"valueName":"search_term_string"}}],"inLanguage":"ca"}]}},"_links":{"self":[{"href":"https:\/\/www.editorialjuventud.es\/ca\/wp-json\/wp\/v2\/product\/5171","targetHints":{"allow":["GET"]}}],"collection":[{"href":"https:\/\/www.editorialjuventud.es\/ca\/wp-json\/wp\/v2\/product"}],"about":[{"href":"https:\/\/www.editorialjuventud.es\/ca\/wp-json\/wp\/v2\/types\/product"}],"wp:featuredmedia":[{"embeddable":true,"href":"https:\/\/www.editorialjuventud.es\/ca\/wp-json\/wp\/v2\/media\/15587"}],"wp:attachment":[{"href":"https:\/\/www.editorialjuventud.es\/ca\/wp-json\/wp\/v2\/media?parent=5171"}],"wp:term":[{"taxonomy":"product_brand","embeddable":true,"href":"https:\/\/www.editorialjuventud.es\/ca\/wp-json\/wp\/v2\/product_brand?post=5171"},{"taxonomy":"product_cat","embeddable":true,"href":"https:\/\/www.editorialjuventud.es\/ca\/wp-json\/wp\/v2\/product_cat?post=5171"},{"taxonomy":"product_tag","embeddable":true,"href":"https:\/\/www.editorialjuventud.es\/ca\/wp-json\/wp\/v2\/product_tag?post=5171"},{"taxonomy":"coleccion","embeddable":true,"href":"https:\/\/www.editorialjuventud.es\/ca\/wp-json\/wp\/v2\/coleccion?post=5171"}],"curies":[{"name":"wp","href":"https:\/\/api.w.org\/{rel}","templated":true}]}}