{"id":5161,"date":"2018-08-24T10:27:34","date_gmt":"2018-08-24T08:27:34","guid":{"rendered":"http:\/\/www.editorialjuventud.es\/tengo-piojos\/"},"modified":"2022-06-02T11:32:32","modified_gmt":"2022-06-02T09:32:32","slug":"tengo-piojos-9788426130983","status":"publish","type":"product","link":"https:\/\/www.editorialjuventud.es\/ca\/tengo-piojos-9788426130983\/","title":{"rendered":"\u00a1Tengo piojos!"},"content":{"rendered":"<p>\u00bfQu\u00e9 pasa cuando una familia descubre que en su casa han entrado piojos? Este libro explica de manera divertida y detallada de d\u00f3nde vienen los piojos, c\u00f3mo reconocerlos y sobre todo c\u00f3mo deshacerse de ellos y \u00bfc\u00f3mo evitarlos? Una manera entretenida de estar prevenido y de no asustarse.<\/p>\n","protected":false},"excerpt":{"rendered":"\u00bfQu\u00e9 pasa cuando una familia descubre que en su casa han entrado piojos? Este libro explica de manera divertida y detallada de d\u00f3nde vienen los piojos, c\u00f3mo reconocerlos y sobre todo c\u00f3mo deshacerse de ellos y \u00bfc\u00f3mo evitarlos? Una manera [&hellip;]","protected":false},"featured_media":15571,"template":"","meta":{"_acf_changed":false,"_exactmetrics_skip_tracking":false,"_exactmetrics_sitenote_active":false,"_exactmetrics_sitenote_note":"","_exactmetrics_sitenote_category":0},"product_brand":[],"product_cat":[900,1121,892,1173,1115,1128],"product_tag":[],"coleccion":[928,916,998],"class_list":{"0":"post-5161","1":"product","2":"type-product","3":"status-publish","4":"has-post-thumbnail","6":"product_cat-a-partir-de-5-anos","7":"product_cat-albumes-ilustrados","8":"product_cat-edades","9":"product_cat-escuela","10":"product_cat-generos","11":"product_cat-tematica","12":"coleccion-albumes-ilustrados","13":"coleccion-castellano","14":"coleccion-para-hablar-en-familia","16":"first","17":"instock","18":"taxable","19":"shipping-taxable","20":"purchasable","21":"product-type-simple"},"acf":{"autor":"CAFFEY, DONA","codart":"3098-4","ediciones":"1","encuadernacion":"Carton\u00e9","fecha_de_publicacion":"10\/08\/1998","novedad":"0","paginas":"32","subtitulo":"","texto_web_adicional":"","texto_web_novedad":"","orden":"999","portada":"0","texto_web_resaltado":"","indice":"","autores-libros":[16256],"ilustradores-libros":[17705],"traductores-libros":"","descripcion_corta":"","recomendamos":"","mas_vendido":"","idioma-libro":"","color":false,"formato":"","mas_informacion_del_producto":false,"premios":false,"texto_enlace_cubierta":"","enlace_cubierta":false,"texto_enlace_ficha_tecnica":"","enlace_ficha_tecnica":false,"ficheros":false,"titulo-fr":"","texto-fr":""},"yoast_head":"<!-- This site is optimized with the Yoast SEO plugin v27.3 - https:\/\/yoast.com\/product\/yoast-seo-wordpress\/ -->\n<title>\u00a1Tengo piojos! - Editorial Juventud<\/title>\n<meta name=\"description\" content=\"\u00bfQu\u00e9 pasa cuando una familia descubre que en su casa han entrado piojos? Este libro explica de manera divertida y detallada de d\u00f3nde vienen los piojos,\" \/>\n<meta name=\"robots\" content=\"index, follow, max-snippet:-1, max-image-preview:large, max-video-preview:-1\" \/>\n<link rel=\"canonical\" href=\"https:\/\/www.editorialjuventud.es\/ca\/tengo-piojos-9788426130983\/\" \/>\n<meta property=\"og:locale\" content=\"ca_ES\" \/>\n<meta property=\"og:type\" content=\"article\" \/>\n<meta property=\"og:title\" content=\"\u00a1Tengo piojos! - Editorial Juventud\" \/>\n<meta property=\"og:description\" content=\"\u00bfQu\u00e9 pasa cuando una familia descubre que en su casa han entrado piojos? Este libro explica de manera divertida y detallada de d\u00f3nde vienen los piojos,\" \/>\n<meta property=\"og:url\" content=\"https:\/\/www.editorialjuventud.es\/ca\/tengo-piojos-9788426130983\/\" \/>\n<meta property=\"og:site_name\" content=\"Editorial Juventud\" \/>\n<meta property=\"article:modified_time\" content=\"2022-06-02T09:32:32+00:00\" \/>\n<meta property=\"og:image\" content=\"https:\/\/www.editorialjuventud.es\/wp-content\/uploads\/9788426130983.jpg\" \/>\n\t<meta property=\"og:image:width\" content=\"250\" \/>\n\t<meta property=\"og:image:height\" content=\"300\" \/>\n\t<meta property=\"og:image:type\" content=\"image\/jpeg\" \/>\n<meta name=\"twitter:card\" content=\"summary_large_image\" \/>\n<script type=\"application\/ld+json\" class=\"yoast-schema-graph\">{\"@context\":\"https:\\\/\\\/schema.org\",\"@graph\":[{\"@type\":\"WebPage\",\"@id\":\"https:\\\/\\\/www.editorialjuventud.es\\\/ca\\\/tengo-piojos-9788426130983\\\/\",\"url\":\"https:\\\/\\\/www.editorialjuventud.es\\\/ca\\\/tengo-piojos-9788426130983\\\/\",\"name\":\"\u00a1Tengo piojos! - Editorial Juventud\",\"isPartOf\":{\"@id\":\"https:\\\/\\\/www.editorialjuventud.es\\\/#website\"},\"primaryImageOfPage\":{\"@id\":\"https:\\\/\\\/www.editorialjuventud.es\\\/ca\\\/tengo-piojos-9788426130983\\\/#primaryimage\"},\"image\":{\"@id\":\"https:\\\/\\\/www.editorialjuventud.es\\\/ca\\\/tengo-piojos-9788426130983\\\/#primaryimage\"},\"thumbnailUrl\":\"https:\\\/\\\/www.editorialjuventud.es\\\/wp-content\\\/uploads\\\/9788426130983.jpg\",\"datePublished\":\"2018-08-24T08:27:34+00:00\",\"dateModified\":\"2022-06-02T09:32:32+00:00\",\"description\":\"\u00bfQu\u00e9 pasa cuando una familia descubre que en su casa han entrado piojos? Este libro explica de manera divertida y detallada de d\u00f3nde vienen los piojos,\",\"breadcrumb\":{\"@id\":\"https:\\\/\\\/www.editorialjuventud.es\\\/ca\\\/tengo-piojos-9788426130983\\\/#breadcrumb\"},\"inLanguage\":\"ca\",\"potentialAction\":[{\"@type\":\"ReadAction\",\"target\":[\"https:\\\/\\\/www.editorialjuventud.es\\\/ca\\\/tengo-piojos-9788426130983\\\/\"]}]},{\"@type\":\"ImageObject\",\"inLanguage\":\"ca\",\"@id\":\"https:\\\/\\\/www.editorialjuventud.es\\\/ca\\\/tengo-piojos-9788426130983\\\/#primaryimage\",\"url\":\"https:\\\/\\\/www.editorialjuventud.es\\\/wp-content\\\/uploads\\\/9788426130983.jpg\",\"contentUrl\":\"https:\\\/\\\/www.editorialjuventud.es\\\/wp-content\\\/uploads\\\/9788426130983.jpg\",\"width\":250,\"height\":300,\"caption\":\"9788426130983.jpg\"},{\"@type\":\"BreadcrumbList\",\"@id\":\"https:\\\/\\\/www.editorialjuventud.es\\\/ca\\\/tengo-piojos-9788426130983\\\/#breadcrumb\",\"itemListElement\":[{\"@type\":\"ListItem\",\"position\":1,\"name\":\"Portada\",\"item\":\"https:\\\/\\\/www.editorialjuventud.es\\\/\"},{\"@type\":\"ListItem\",\"position\":2,\"name\":\"cat\u00e1logo\",\"item\":\"https:\\\/\\\/www.editorialjuventud.es\\\/coleccion\\\/catalogo\\\/\"},{\"@type\":\"ListItem\",\"position\":3,\"name\":\"castellano\",\"item\":\"https:\\\/\\\/www.editorialjuventud.es\\\/coleccion\\\/castellano\\\/\"},{\"@type\":\"ListItem\",\"position\":4,\"name\":\"\u00c1lbumes Ilustrados\",\"item\":\"https:\\\/\\\/www.editorialjuventud.es\\\/coleccion\\\/albumes-ilustrados\\\/\"},{\"@type\":\"ListItem\",\"position\":5,\"name\":\"Para Hablar en Familia\",\"item\":\"https:\\\/\\\/www.editorialjuventud.es\\\/coleccion\\\/para-hablar-en-familia\\\/\"},{\"@type\":\"ListItem\",\"position\":6,\"name\":\"\u00a1Tengo piojos!\"}]},{\"@type\":\"WebSite\",\"@id\":\"https:\\\/\\\/www.editorialjuventud.es\\\/#website\",\"url\":\"https:\\\/\\\/www.editorialjuventud.es\\\/\",\"name\":\"Editorial Juventud\",\"description\":\"\",\"potentialAction\":[{\"@type\":\"SearchAction\",\"target\":{\"@type\":\"EntryPoint\",\"urlTemplate\":\"https:\\\/\\\/www.editorialjuventud.es\\\/?s={search_term_string}\"},\"query-input\":{\"@type\":\"PropertyValueSpecification\",\"valueRequired\":true,\"valueName\":\"search_term_string\"}}],\"inLanguage\":\"ca\"}]}<\/script>\n<!-- \/ Yoast SEO plugin. -->","yoast_head_json":{"title":"\u00a1Tengo piojos! - Editorial Juventud","description":"\u00bfQu\u00e9 pasa cuando una familia descubre que en su casa han entrado piojos? Este libro explica de manera divertida y detallada de d\u00f3nde vienen los piojos,","robots":{"index":"index","follow":"follow","max-snippet":"max-snippet:-1","max-image-preview":"max-image-preview:large","max-video-preview":"max-video-preview:-1"},"canonical":"https:\/\/www.editorialjuventud.es\/ca\/tengo-piojos-9788426130983\/","og_locale":"ca_ES","og_type":"article","og_title":"\u00a1Tengo piojos! - Editorial Juventud","og_description":"\u00bfQu\u00e9 pasa cuando una familia descubre que en su casa han entrado piojos? Este libro explica de manera divertida y detallada de d\u00f3nde vienen los piojos,","og_url":"https:\/\/www.editorialjuventud.es\/ca\/tengo-piojos-9788426130983\/","og_site_name":"Editorial Juventud","article_modified_time":"2022-06-02T09:32:32+00:00","og_image":[{"width":250,"height":300,"url":"https:\/\/www.editorialjuventud.es\/wp-content\/uploads\/9788426130983.jpg","type":"image\/jpeg"}],"twitter_card":"summary_large_image","schema":{"@context":"https:\/\/schema.org","@graph":[{"@type":"WebPage","@id":"https:\/\/www.editorialjuventud.es\/ca\/tengo-piojos-9788426130983\/","url":"https:\/\/www.editorialjuventud.es\/ca\/tengo-piojos-9788426130983\/","name":"\u00a1Tengo piojos! - Editorial Juventud","isPartOf":{"@id":"https:\/\/www.editorialjuventud.es\/#website"},"primaryImageOfPage":{"@id":"https:\/\/www.editorialjuventud.es\/ca\/tengo-piojos-9788426130983\/#primaryimage"},"image":{"@id":"https:\/\/www.editorialjuventud.es\/ca\/tengo-piojos-9788426130983\/#primaryimage"},"thumbnailUrl":"https:\/\/www.editorialjuventud.es\/wp-content\/uploads\/9788426130983.jpg","datePublished":"2018-08-24T08:27:34+00:00","dateModified":"2022-06-02T09:32:32+00:00","description":"\u00bfQu\u00e9 pasa cuando una familia descubre que en su casa han entrado piojos? Este libro explica de manera divertida y detallada de d\u00f3nde vienen los piojos,","breadcrumb":{"@id":"https:\/\/www.editorialjuventud.es\/ca\/tengo-piojos-9788426130983\/#breadcrumb"},"inLanguage":"ca","potentialAction":[{"@type":"ReadAction","target":["https:\/\/www.editorialjuventud.es\/ca\/tengo-piojos-9788426130983\/"]}]},{"@type":"ImageObject","inLanguage":"ca","@id":"https:\/\/www.editorialjuventud.es\/ca\/tengo-piojos-9788426130983\/#primaryimage","url":"https:\/\/www.editorialjuventud.es\/wp-content\/uploads\/9788426130983.jpg","contentUrl":"https:\/\/www.editorialjuventud.es\/wp-content\/uploads\/9788426130983.jpg","width":250,"height":300,"caption":"9788426130983.jpg"},{"@type":"BreadcrumbList","@id":"https:\/\/www.editorialjuventud.es\/ca\/tengo-piojos-9788426130983\/#breadcrumb","itemListElement":[{"@type":"ListItem","position":1,"name":"Portada","item":"https:\/\/www.editorialjuventud.es\/"},{"@type":"ListItem","position":2,"name":"cat\u00e1logo","item":"https:\/\/www.editorialjuventud.es\/coleccion\/catalogo\/"},{"@type":"ListItem","position":3,"name":"castellano","item":"https:\/\/www.editorialjuventud.es\/coleccion\/castellano\/"},{"@type":"ListItem","position":4,"name":"\u00c1lbumes Ilustrados","item":"https:\/\/www.editorialjuventud.es\/coleccion\/albumes-ilustrados\/"},{"@type":"ListItem","position":5,"name":"Para Hablar en Familia","item":"https:\/\/www.editorialjuventud.es\/coleccion\/para-hablar-en-familia\/"},{"@type":"ListItem","position":6,"name":"\u00a1Tengo piojos!"}]},{"@type":"WebSite","@id":"https:\/\/www.editorialjuventud.es\/#website","url":"https:\/\/www.editorialjuventud.es\/","name":"Editorial Juventud","description":"","potentialAction":[{"@type":"SearchAction","target":{"@type":"EntryPoint","urlTemplate":"https:\/\/www.editorialjuventud.es\/?s={search_term_string}"},"query-input":{"@type":"PropertyValueSpecification","valueRequired":true,"valueName":"search_term_string"}}],"inLanguage":"ca"}]}},"_links":{"self":[{"href":"https:\/\/www.editorialjuventud.es\/ca\/wp-json\/wp\/v2\/product\/5161","targetHints":{"allow":["GET"]}}],"collection":[{"href":"https:\/\/www.editorialjuventud.es\/ca\/wp-json\/wp\/v2\/product"}],"about":[{"href":"https:\/\/www.editorialjuventud.es\/ca\/wp-json\/wp\/v2\/types\/product"}],"wp:featuredmedia":[{"embeddable":true,"href":"https:\/\/www.editorialjuventud.es\/ca\/wp-json\/wp\/v2\/media\/15571"}],"wp:attachment":[{"href":"https:\/\/www.editorialjuventud.es\/ca\/wp-json\/wp\/v2\/media?parent=5161"}],"wp:term":[{"taxonomy":"product_brand","embeddable":true,"href":"https:\/\/www.editorialjuventud.es\/ca\/wp-json\/wp\/v2\/product_brand?post=5161"},{"taxonomy":"product_cat","embeddable":true,"href":"https:\/\/www.editorialjuventud.es\/ca\/wp-json\/wp\/v2\/product_cat?post=5161"},{"taxonomy":"product_tag","embeddable":true,"href":"https:\/\/www.editorialjuventud.es\/ca\/wp-json\/wp\/v2\/product_tag?post=5161"},{"taxonomy":"coleccion","embeddable":true,"href":"https:\/\/www.editorialjuventud.es\/ca\/wp-json\/wp\/v2\/coleccion?post=5161"}],"curies":[{"name":"wp","href":"https:\/\/api.w.org\/{rel}","templated":true}]}}