{"id":5159,"date":"2018-08-24T12:27:26","date_gmt":"2018-08-24T08:27:26","guid":{"rendered":"http:\/\/www.editorialjuventud.es\/sopa-de-carbassa\/"},"modified":"2026-03-25T12:25:34","modified_gmt":"2026-03-25T11:25:34","slug":"sopa-de-carbassa-9788426130969","status":"publish","type":"product","link":"https:\/\/www.editorialjuventud.es\/ca\/sopa-de-carbassa-9788426130969\/","title":{"rendered":"Sopa de carbassa"},"content":{"rendered":"<p>Enmig d&#8217;un bosc, en una bonica cabanya hi viuen un Gat, un Esquirol i un \u00c0nec. Cada dia fan sopa de carbassa per sopar: el Gat trosseja la carbassa, l&#8217;Esquirol remou la sopa i l&#8217;\u00c0nec li posa la sal. Viuen els tres molt feli\u00e7os, tot tenint cadascun la seva tasca di\u00e0ria. Per\u00f2 un dia l&#8217;\u00c0nec decideix canviar els papers, i s\u00b4organitza un gran embolic entre els tres amics\u0085<\/p>\n<p>El tema de la conviv\u00e8ncia i l\u00b4amistat dels amics floreix en aquest \u00e0lbum il\u00b7lustrat per la gran artista que \u00e9s Helen Cooper.<\/p>\n","protected":false},"excerpt":{"rendered":"Enmig d&#8217;un bosc, en una bonica cabanya hi viuen un Gat, un Esquirol i un \u00c0nec. Cada dia fan sopa de carbassa per sopar: el Gat trosseja la carbassa, l&#8217;Esquirol remou la sopa i l&#8217;\u00c0nec li posa la sal. Viuen [&hellip;]","protected":false},"featured_media":15567,"template":"","meta":{"_acf_changed":false,"_exactmetrics_skip_tracking":false,"_exactmetrics_sitenote_active":false,"_exactmetrics_sitenote_note":"","_exactmetrics_sitenote_category":0},"product_brand":[],"product_cat":[899,1121,1155,1220,1222,1128],"product_tag":[],"coleccion":[1048],"class_list":{"0":"post-5159","1":"product","2":"type-product","3":"status-publish","4":"has-post-thumbnail","6":"product_cat-a-partir-de-3-anos","7":"product_cat-albumes-ilustrados","8":"product_cat-conflictos","9":"product_cat-convivencia-relaciones-interculturales","10":"product_cat-superacion","11":"product_cat-tematica","12":"coleccion-sopa-de-contes","14":"first","15":"instock","16":"taxable","17":"shipping-taxable","18":"purchasable","19":"product-type-simple"},"acf":{"autor":"Cooper, Helen","codart":"3096-8","ediciones":"7","encuadernacion":"Carton\u00e9","fecha_de_publicacion":"19\/10\/1998","novedad":"0","paginas":"32","subtitulo":"","texto_web_adicional":"","texto_web_novedad":"","orden":"999","portada":"0","texto_web_resaltado":"","indice":"","autores-libros":[16297],"ilustradores-libros":[16297],"traductores-libros":[58416],"descripcion_corta":"","recomendamos":"","mas_vendido":"","idioma-libro":"","color":false,"formato":"","mas_informacion_del_producto":false,"premios":false,"texto_enlace_cubierta":"","enlace_cubierta":false,"texto_enlace_ficha_tecnica":"","enlace_ficha_tecnica":false,"ficheros":false,"titulo-fr":"","texto-fr":"","fecha_de_reimpresion":"01\/04\/2023","deshabilitar_compra":[]},"yoast_head":"<!-- This site is optimized with the Yoast SEO plugin v27.5 - https:\/\/yoast.com\/product\/yoast-seo-wordpress\/ -->\n<title>Sopa de carbassa - Editorial Joventut - \u00c0lbum Il\u00b7lustrat<\/title>\n<meta name=\"description\" content=\"Enmig d&#039;un bosc, en una bonica cabanya hi viuen un Gat, un Esquirol i un \u00c0nec. Cada dia fan sopa de carbassa per sopar: el Gat trosseja la carbassa, l&#039;Esquirol remou la sopa i l&#039;\u00c0nec li posa la sal.\" \/>\n<meta name=\"robots\" content=\"index, follow, max-snippet:-1, max-image-preview:large, max-video-preview:-1\" \/>\n<link rel=\"canonical\" href=\"https:\/\/www.editorialjuventud.es\/sopa-de-carbassa-9788426130969\/\" \/>\n<meta property=\"og:locale\" content=\"ca_ES\" \/>\n<meta property=\"og:type\" content=\"article\" \/>\n<meta property=\"og:title\" content=\"Sopa de carbassa - Editorial Joventut - \u00c0lbum Il\u00b7lustrat\" \/>\n<meta property=\"og:description\" content=\"Enmig d&#039;un bosc, en una bonica cabanya hi viuen un Gat, un Esquirol i un \u00c0nec. Cada dia fan sopa de carbassa per sopar: el Gat trosseja la carbassa, l&#039;Esquirol remou la sopa i l&#039;\u00c0nec li posa la sal.\" \/>\n<meta property=\"og:url\" content=\"https:\/\/www.editorialjuventud.es\/sopa-de-carbassa-9788426130969\/\" \/>\n<meta property=\"og:site_name\" content=\"Editorial Juventud\" \/>\n<meta property=\"article:modified_time\" content=\"2026-03-25T11:25:34+00:00\" \/>\n<meta property=\"og:image\" content=\"https:\/\/www.editorialjuventud.es\/wp-content\/uploads\/9788426130969.jpg\" \/>\n\t<meta property=\"og:image:width\" content=\"444\" \/>\n\t<meta property=\"og:image:height\" content=\"450\" \/>\n\t<meta property=\"og:image:type\" content=\"image\/jpeg\" \/>\n<meta name=\"twitter:card\" content=\"summary_large_image\" \/>\n<meta name=\"twitter:label1\" content=\"Temps estimat de lectura\" \/>\n\t<meta name=\"twitter:data1\" content=\"1 minut\" \/>\n<script type=\"application\/ld+json\" class=\"yoast-schema-graph\">{\"@context\":\"https:\\\/\\\/schema.org\",\"@graph\":[{\"@type\":\"WebPage\",\"@id\":\"https:\\\/\\\/www.editorialjuventud.es\\\/sopa-de-carbassa-9788426130969\\\/\",\"url\":\"https:\\\/\\\/www.editorialjuventud.es\\\/sopa-de-carbassa-9788426130969\\\/\",\"name\":\"Sopa de carbassa - Editorial Joventut - \u00c0lbum Il\u00b7lustrat\",\"isPartOf\":{\"@id\":\"https:\\\/\\\/www.editorialjuventud.es\\\/#website\"},\"primaryImageOfPage\":{\"@id\":\"https:\\\/\\\/www.editorialjuventud.es\\\/sopa-de-carbassa-9788426130969\\\/#primaryimage\"},\"image\":{\"@id\":\"https:\\\/\\\/www.editorialjuventud.es\\\/sopa-de-carbassa-9788426130969\\\/#primaryimage\"},\"thumbnailUrl\":\"https:\\\/\\\/www.editorialjuventud.es\\\/wp-content\\\/uploads\\\/9788426130969.jpg\",\"datePublished\":\"2018-08-24T08:27:26+00:00\",\"dateModified\":\"2026-03-25T11:25:34+00:00\",\"description\":\"Enmig d'un bosc, en una bonica cabanya hi viuen un Gat, un Esquirol i un \u00c0nec. Cada dia fan sopa de carbassa per sopar: el Gat trosseja la carbassa, l'Esquirol remou la sopa i l'\u00c0nec li posa la sal.\",\"breadcrumb\":{\"@id\":\"https:\\\/\\\/www.editorialjuventud.es\\\/sopa-de-carbassa-9788426130969\\\/#breadcrumb\"},\"inLanguage\":\"ca\",\"potentialAction\":[{\"@type\":\"ReadAction\",\"target\":[\"https:\\\/\\\/www.editorialjuventud.es\\\/sopa-de-carbassa-9788426130969\\\/\"]}]},{\"@type\":\"ImageObject\",\"inLanguage\":\"ca\",\"@id\":\"https:\\\/\\\/www.editorialjuventud.es\\\/sopa-de-carbassa-9788426130969\\\/#primaryimage\",\"url\":\"https:\\\/\\\/www.editorialjuventud.es\\\/wp-content\\\/uploads\\\/9788426130969.jpg\",\"contentUrl\":\"https:\\\/\\\/www.editorialjuventud.es\\\/wp-content\\\/uploads\\\/9788426130969.jpg\",\"width\":444,\"height\":450,\"caption\":\"9788426130969.jpg\"},{\"@type\":\"BreadcrumbList\",\"@id\":\"https:\\\/\\\/www.editorialjuventud.es\\\/sopa-de-carbassa-9788426130969\\\/#breadcrumb\",\"itemListElement\":[{\"@type\":\"ListItem\",\"position\":1,\"name\":\"Portada\",\"item\":\"https:\\\/\\\/www.editorialjuventud.es\\\/\"},{\"@type\":\"ListItem\",\"position\":2,\"name\":\"cat\u00e1logo\",\"item\":\"https:\\\/\\\/www.editorialjuventud.es\\\/coleccion\\\/catalogo\\\/\"},{\"@type\":\"ListItem\",\"position\":3,\"name\":\"catal\u00e0\",\"item\":\"https:\\\/\\\/www.editorialjuventud.es\\\/coleccion\\\/catala\\\/\"},{\"@type\":\"ListItem\",\"position\":4,\"name\":\"\u00c0lbums Il\u00b7lustrats\",\"item\":\"https:\\\/\\\/www.editorialjuventud.es\\\/coleccion\\\/albums-il%c2%b7lustrats\\\/\"},{\"@type\":\"ListItem\",\"position\":5,\"name\":\"Cr\u00e9ixer en Valors\",\"item\":\"https:\\\/\\\/www.editorialjuventud.es\\\/ca\\\/coleccion\\\/creixer-en-valors\\\/\"},{\"@type\":\"ListItem\",\"position\":6,\"name\":\"Sopa de Contes\",\"item\":\"https:\\\/\\\/www.editorialjuventud.es\\\/coleccion\\\/sopa-de-contes\\\/\"},{\"@type\":\"ListItem\",\"position\":7,\"name\":\"Sopa de carbassa\"}]},{\"@type\":\"WebSite\",\"@id\":\"https:\\\/\\\/www.editorialjuventud.es\\\/#website\",\"url\":\"https:\\\/\\\/www.editorialjuventud.es\\\/\",\"name\":\"Editorial Juventud\",\"description\":\"\",\"potentialAction\":[{\"@type\":\"SearchAction\",\"target\":{\"@type\":\"EntryPoint\",\"urlTemplate\":\"https:\\\/\\\/www.editorialjuventud.es\\\/?s={search_term_string}\"},\"query-input\":{\"@type\":\"PropertyValueSpecification\",\"valueRequired\":true,\"valueName\":\"search_term_string\"}}],\"inLanguage\":\"ca\"}]}<\/script>\n<!-- \/ Yoast SEO plugin. -->","yoast_head_json":{"title":"Sopa de carbassa - Editorial Joventut - \u00c0lbum Il\u00b7lustrat","description":"Enmig d'un bosc, en una bonica cabanya hi viuen un Gat, un Esquirol i un \u00c0nec. Cada dia fan sopa de carbassa per sopar: el Gat trosseja la carbassa, l'Esquirol remou la sopa i l'\u00c0nec li posa la sal.","robots":{"index":"index","follow":"follow","max-snippet":"max-snippet:-1","max-image-preview":"max-image-preview:large","max-video-preview":"max-video-preview:-1"},"canonical":"https:\/\/www.editorialjuventud.es\/sopa-de-carbassa-9788426130969\/","og_locale":"ca_ES","og_type":"article","og_title":"Sopa de carbassa - Editorial Joventut - \u00c0lbum Il\u00b7lustrat","og_description":"Enmig d'un bosc, en una bonica cabanya hi viuen un Gat, un Esquirol i un \u00c0nec. Cada dia fan sopa de carbassa per sopar: el Gat trosseja la carbassa, l'Esquirol remou la sopa i l'\u00c0nec li posa la sal.","og_url":"https:\/\/www.editorialjuventud.es\/sopa-de-carbassa-9788426130969\/","og_site_name":"Editorial Juventud","article_modified_time":"2026-03-25T11:25:34+00:00","og_image":[{"width":444,"height":450,"url":"https:\/\/www.editorialjuventud.es\/wp-content\/uploads\/9788426130969.jpg","type":"image\/jpeg"}],"twitter_card":"summary_large_image","twitter_misc":{"Temps estimat de lectura":"1 minut"},"schema":{"@context":"https:\/\/schema.org","@graph":[{"@type":"WebPage","@id":"https:\/\/www.editorialjuventud.es\/sopa-de-carbassa-9788426130969\/","url":"https:\/\/www.editorialjuventud.es\/sopa-de-carbassa-9788426130969\/","name":"Sopa de carbassa - Editorial Joventut - \u00c0lbum Il\u00b7lustrat","isPartOf":{"@id":"https:\/\/www.editorialjuventud.es\/#website"},"primaryImageOfPage":{"@id":"https:\/\/www.editorialjuventud.es\/sopa-de-carbassa-9788426130969\/#primaryimage"},"image":{"@id":"https:\/\/www.editorialjuventud.es\/sopa-de-carbassa-9788426130969\/#primaryimage"},"thumbnailUrl":"https:\/\/www.editorialjuventud.es\/wp-content\/uploads\/9788426130969.jpg","datePublished":"2018-08-24T08:27:26+00:00","dateModified":"2026-03-25T11:25:34+00:00","description":"Enmig d'un bosc, en una bonica cabanya hi viuen un Gat, un Esquirol i un \u00c0nec. Cada dia fan sopa de carbassa per sopar: el Gat trosseja la carbassa, l'Esquirol remou la sopa i l'\u00c0nec li posa la sal.","breadcrumb":{"@id":"https:\/\/www.editorialjuventud.es\/sopa-de-carbassa-9788426130969\/#breadcrumb"},"inLanguage":"ca","potentialAction":[{"@type":"ReadAction","target":["https:\/\/www.editorialjuventud.es\/sopa-de-carbassa-9788426130969\/"]}]},{"@type":"ImageObject","inLanguage":"ca","@id":"https:\/\/www.editorialjuventud.es\/sopa-de-carbassa-9788426130969\/#primaryimage","url":"https:\/\/www.editorialjuventud.es\/wp-content\/uploads\/9788426130969.jpg","contentUrl":"https:\/\/www.editorialjuventud.es\/wp-content\/uploads\/9788426130969.jpg","width":444,"height":450,"caption":"9788426130969.jpg"},{"@type":"BreadcrumbList","@id":"https:\/\/www.editorialjuventud.es\/sopa-de-carbassa-9788426130969\/#breadcrumb","itemListElement":[{"@type":"ListItem","position":1,"name":"Portada","item":"https:\/\/www.editorialjuventud.es\/"},{"@type":"ListItem","position":2,"name":"cat\u00e1logo","item":"https:\/\/www.editorialjuventud.es\/coleccion\/catalogo\/"},{"@type":"ListItem","position":3,"name":"catal\u00e0","item":"https:\/\/www.editorialjuventud.es\/coleccion\/catala\/"},{"@type":"ListItem","position":4,"name":"\u00c0lbums Il\u00b7lustrats","item":"https:\/\/www.editorialjuventud.es\/coleccion\/albums-il%c2%b7lustrats\/"},{"@type":"ListItem","position":5,"name":"Cr\u00e9ixer en Valors","item":"https:\/\/www.editorialjuventud.es\/ca\/coleccion\/creixer-en-valors\/"},{"@type":"ListItem","position":6,"name":"Sopa de Contes","item":"https:\/\/www.editorialjuventud.es\/coleccion\/sopa-de-contes\/"},{"@type":"ListItem","position":7,"name":"Sopa de carbassa"}]},{"@type":"WebSite","@id":"https:\/\/www.editorialjuventud.es\/#website","url":"https:\/\/www.editorialjuventud.es\/","name":"Editorial Juventud","description":"","potentialAction":[{"@type":"SearchAction","target":{"@type":"EntryPoint","urlTemplate":"https:\/\/www.editorialjuventud.es\/?s={search_term_string}"},"query-input":{"@type":"PropertyValueSpecification","valueRequired":true,"valueName":"search_term_string"}}],"inLanguage":"ca"}]}},"_links":{"self":[{"href":"https:\/\/www.editorialjuventud.es\/ca\/wp-json\/wp\/v2\/product\/5159","targetHints":{"allow":["GET"]}}],"collection":[{"href":"https:\/\/www.editorialjuventud.es\/ca\/wp-json\/wp\/v2\/product"}],"about":[{"href":"https:\/\/www.editorialjuventud.es\/ca\/wp-json\/wp\/v2\/types\/product"}],"wp:featuredmedia":[{"embeddable":true,"href":"https:\/\/www.editorialjuventud.es\/ca\/wp-json\/wp\/v2\/media\/15567"}],"wp:attachment":[{"href":"https:\/\/www.editorialjuventud.es\/ca\/wp-json\/wp\/v2\/media?parent=5159"}],"wp:term":[{"taxonomy":"product_brand","embeddable":true,"href":"https:\/\/www.editorialjuventud.es\/ca\/wp-json\/wp\/v2\/product_brand?post=5159"},{"taxonomy":"product_cat","embeddable":true,"href":"https:\/\/www.editorialjuventud.es\/ca\/wp-json\/wp\/v2\/product_cat?post=5159"},{"taxonomy":"product_tag","embeddable":true,"href":"https:\/\/www.editorialjuventud.es\/ca\/wp-json\/wp\/v2\/product_tag?post=5159"},{"taxonomy":"coleccion","embeddable":true,"href":"https:\/\/www.editorialjuventud.es\/ca\/wp-json\/wp\/v2\/coleccion?post=5159"}],"curies":[{"name":"wp","href":"https:\/\/api.w.org\/{rel}","templated":true}]}}