{"id":5143,"date":"2018-08-24T12:26:12","date_gmt":"2018-08-24T08:26:12","guid":{"rendered":"http:\/\/www.editorialjuventud.es\/cuentos-para-ir-a-dormir\/"},"modified":"2024-02-01T13:39:36","modified_gmt":"2024-02-01T12:39:36","slug":"cuentos-para-ir-a-dormir-9788426130587","status":"publish","type":"product","link":"https:\/\/www.editorialjuventud.es\/ca\/cuentos-para-ir-a-dormir-9788426130587\/","title":{"rendered":"Cuentos para ir a dormir"},"content":{"rendered":"<p>Las tiernas y simp\u00e1ticas ilustraciones de Mabel Lucie Atwell acompa\u00f1an este precioso libro, el mejor aliado de los padres a la hora de acostar a sus hijos. Recoge cuentos cortos y sencillos que hablan de duendes, hadas y mu\u00f1ecas; nanas y versos, para ser le\u00eddos a los m\u00e1s peque\u00f1os, justo antes de que se los lleve el sue\u00f1o. Attwell es la autora de todas las ilustraciones de este libro, as\u00ed como de dos de los cuentos que en \u00e9l aparecen. Los dem\u00e1s textos que aparecen en esta obra, cuentos, refranes y expresiones populares, fueron recopilados y reescritos por la autora y el editor original.<\/p>\n","protected":false},"excerpt":{"rendered":"Las tiernas y simp\u00e1ticas ilustraciones de Mabel Lucie Atwell acompa\u00f1an este precioso libro, el mejor aliado de los padres a la hora de acostar a sus hijos. Recoge cuentos cortos y sencillos que hablan de duendes, hadas y mu\u00f1ecas; nanas [&hellip;]","protected":false},"featured_media":15551,"template":"","meta":{"_acf_changed":false,"_exactmetrics_skip_tracking":false,"_exactmetrics_sitenote_active":false,"_exactmetrics_sitenote_note":"","_exactmetrics_sitenote_category":0},"product_brand":[],"product_cat":[900,1165,892,1175,1115,1119,1128],"product_tag":[],"coleccion":[916,931],"class_list":{"0":"post-5143","1":"product","2":"type-product","3":"status-publish","4":"has-post-thumbnail","6":"product_cat-a-partir-de-5-anos","7":"product_cat-dormir-sueno","8":"product_cat-edades","9":"product_cat-fabulas","10":"product_cat-generos","11":"product_cat-narrativa-juvenil","12":"product_cat-tematica","13":"coleccion-castellano","14":"coleccion-cuentos-universales","16":"first","17":"instock","18":"taxable","19":"shipping-taxable","20":"purchasable","21":"product-type-simple"},"acf":{"autor":"MARIA LUCIE ATWELL","codart":"3058-5","ediciones":"0","encuadernacion":"Geltex","fecha_de_publicacion":"17\/12\/1997","novedad":"0","paginas":"128","subtitulo":"","texto_web_adicional":"","texto_web_novedad":"","orden":"999","portada":"0","texto_web_resaltado":"","indice":"","autores-libros":[17371],"ilustradores-libros":[17371],"traductores-libros":[77937],"descripcion_corta":"","recomendamos":"","mas_vendido":"","idioma-libro":"","color":false,"formato":"","mas_informacion_del_producto":false,"premios":false,"texto_enlace_cubierta":"","enlace_cubierta":false,"texto_enlace_ficha_tecnica":"","enlace_ficha_tecnica":false,"ficheros":false,"titulo-fr":"","texto-fr":""},"yoast_head":"<!-- This site is optimized with the Yoast SEO plugin v27.5 - https:\/\/yoast.com\/product\/yoast-seo-wordpress\/ -->\n<title>Cuentos para ir a dormir - Editorial Juventud<\/title>\n<meta name=\"description\" content=\"Las tiernas y simp\u00e1ticas ilustraciones de Mabel Lucie Atwell acompa\u00f1an este precioso libro, el mejor aliado de los padres a la hora de acostar a sus\" \/>\n<meta name=\"robots\" content=\"index, follow, max-snippet:-1, max-image-preview:large, max-video-preview:-1\" \/>\n<link rel=\"canonical\" href=\"https:\/\/www.editorialjuventud.es\/cuentos-para-ir-a-dormir-9788426130587\/\" \/>\n<meta property=\"og:locale\" content=\"ca_ES\" \/>\n<meta property=\"og:type\" content=\"article\" \/>\n<meta property=\"og:title\" content=\"Cuentos para ir a dormir - Editorial Juventud\" \/>\n<meta property=\"og:description\" content=\"Las tiernas y simp\u00e1ticas ilustraciones de Mabel Lucie Atwell acompa\u00f1an este precioso libro, el mejor aliado de los padres a la hora de acostar a sus\" \/>\n<meta property=\"og:url\" content=\"https:\/\/www.editorialjuventud.es\/cuentos-para-ir-a-dormir-9788426130587\/\" \/>\n<meta property=\"og:site_name\" content=\"Editorial Juventud\" \/>\n<meta property=\"article:modified_time\" content=\"2024-02-01T12:39:36+00:00\" \/>\n<meta property=\"og:image\" content=\"https:\/\/www.editorialjuventud.es\/wp-content\/uploads\/9788426130587.jpg\" \/>\n\t<meta property=\"og:image:width\" content=\"341\" \/>\n\t<meta property=\"og:image:height\" content=\"450\" \/>\n\t<meta property=\"og:image:type\" content=\"image\/jpeg\" \/>\n<meta name=\"twitter:card\" content=\"summary_large_image\" \/>\n<meta name=\"twitter:label1\" content=\"Temps estimat de lectura\" \/>\n\t<meta name=\"twitter:data1\" content=\"1 minut\" \/>\n<script type=\"application\/ld+json\" class=\"yoast-schema-graph\">{\"@context\":\"https:\\\/\\\/schema.org\",\"@graph\":[{\"@type\":\"WebPage\",\"@id\":\"https:\\\/\\\/www.editorialjuventud.es\\\/cuentos-para-ir-a-dormir-9788426130587\\\/\",\"url\":\"https:\\\/\\\/www.editorialjuventud.es\\\/cuentos-para-ir-a-dormir-9788426130587\\\/\",\"name\":\"Cuentos para ir a dormir - Editorial Juventud\",\"isPartOf\":{\"@id\":\"https:\\\/\\\/www.editorialjuventud.es\\\/#website\"},\"primaryImageOfPage\":{\"@id\":\"https:\\\/\\\/www.editorialjuventud.es\\\/cuentos-para-ir-a-dormir-9788426130587\\\/#primaryimage\"},\"image\":{\"@id\":\"https:\\\/\\\/www.editorialjuventud.es\\\/cuentos-para-ir-a-dormir-9788426130587\\\/#primaryimage\"},\"thumbnailUrl\":\"https:\\\/\\\/www.editorialjuventud.es\\\/wp-content\\\/uploads\\\/9788426130587.jpg\",\"datePublished\":\"2018-08-24T08:26:12+00:00\",\"dateModified\":\"2024-02-01T12:39:36+00:00\",\"description\":\"Las tiernas y simp\u00e1ticas ilustraciones de Mabel Lucie Atwell acompa\u00f1an este precioso libro, el mejor aliado de los padres a la hora de acostar a sus\",\"breadcrumb\":{\"@id\":\"https:\\\/\\\/www.editorialjuventud.es\\\/cuentos-para-ir-a-dormir-9788426130587\\\/#breadcrumb\"},\"inLanguage\":\"ca\",\"potentialAction\":[{\"@type\":\"ReadAction\",\"target\":[\"https:\\\/\\\/www.editorialjuventud.es\\\/cuentos-para-ir-a-dormir-9788426130587\\\/\"]}]},{\"@type\":\"ImageObject\",\"inLanguage\":\"ca\",\"@id\":\"https:\\\/\\\/www.editorialjuventud.es\\\/cuentos-para-ir-a-dormir-9788426130587\\\/#primaryimage\",\"url\":\"https:\\\/\\\/www.editorialjuventud.es\\\/wp-content\\\/uploads\\\/9788426130587.jpg\",\"contentUrl\":\"https:\\\/\\\/www.editorialjuventud.es\\\/wp-content\\\/uploads\\\/9788426130587.jpg\",\"width\":341,\"height\":450,\"caption\":\"9788426130587.jpg\"},{\"@type\":\"BreadcrumbList\",\"@id\":\"https:\\\/\\\/www.editorialjuventud.es\\\/cuentos-para-ir-a-dormir-9788426130587\\\/#breadcrumb\",\"itemListElement\":[{\"@type\":\"ListItem\",\"position\":1,\"name\":\"Portada\",\"item\":\"https:\\\/\\\/www.editorialjuventud.es\\\/\"},{\"@type\":\"ListItem\",\"position\":2,\"name\":\"cat\u00e1logo\",\"item\":\"https:\\\/\\\/www.editorialjuventud.es\\\/coleccion\\\/catalogo\\\/\"},{\"@type\":\"ListItem\",\"position\":3,\"name\":\"castellano\",\"item\":\"https:\\\/\\\/www.editorialjuventud.es\\\/coleccion\\\/castellano\\\/\"},{\"@type\":\"ListItem\",\"position\":4,\"name\":\"Cuentos Universales\",\"item\":\"https:\\\/\\\/www.editorialjuventud.es\\\/coleccion\\\/cuentos-universales\\\/\"},{\"@type\":\"ListItem\",\"position\":5,\"name\":\"Cuentos para ir a dormir\"}]},{\"@type\":\"WebSite\",\"@id\":\"https:\\\/\\\/www.editorialjuventud.es\\\/#website\",\"url\":\"https:\\\/\\\/www.editorialjuventud.es\\\/\",\"name\":\"Editorial Juventud\",\"description\":\"\",\"potentialAction\":[{\"@type\":\"SearchAction\",\"target\":{\"@type\":\"EntryPoint\",\"urlTemplate\":\"https:\\\/\\\/www.editorialjuventud.es\\\/?s={search_term_string}\"},\"query-input\":{\"@type\":\"PropertyValueSpecification\",\"valueRequired\":true,\"valueName\":\"search_term_string\"}}],\"inLanguage\":\"ca\"}]}<\/script>\n<!-- \/ Yoast SEO plugin. -->","yoast_head_json":{"title":"Cuentos para ir a dormir - Editorial Juventud","description":"Las tiernas y simp\u00e1ticas ilustraciones de Mabel Lucie Atwell acompa\u00f1an este precioso libro, el mejor aliado de los padres a la hora de acostar a sus","robots":{"index":"index","follow":"follow","max-snippet":"max-snippet:-1","max-image-preview":"max-image-preview:large","max-video-preview":"max-video-preview:-1"},"canonical":"https:\/\/www.editorialjuventud.es\/cuentos-para-ir-a-dormir-9788426130587\/","og_locale":"ca_ES","og_type":"article","og_title":"Cuentos para ir a dormir - Editorial Juventud","og_description":"Las tiernas y simp\u00e1ticas ilustraciones de Mabel Lucie Atwell acompa\u00f1an este precioso libro, el mejor aliado de los padres a la hora de acostar a sus","og_url":"https:\/\/www.editorialjuventud.es\/cuentos-para-ir-a-dormir-9788426130587\/","og_site_name":"Editorial Juventud","article_modified_time":"2024-02-01T12:39:36+00:00","og_image":[{"width":341,"height":450,"url":"https:\/\/www.editorialjuventud.es\/wp-content\/uploads\/9788426130587.jpg","type":"image\/jpeg"}],"twitter_card":"summary_large_image","twitter_misc":{"Temps estimat de lectura":"1 minut"},"schema":{"@context":"https:\/\/schema.org","@graph":[{"@type":"WebPage","@id":"https:\/\/www.editorialjuventud.es\/cuentos-para-ir-a-dormir-9788426130587\/","url":"https:\/\/www.editorialjuventud.es\/cuentos-para-ir-a-dormir-9788426130587\/","name":"Cuentos para ir a dormir - Editorial Juventud","isPartOf":{"@id":"https:\/\/www.editorialjuventud.es\/#website"},"primaryImageOfPage":{"@id":"https:\/\/www.editorialjuventud.es\/cuentos-para-ir-a-dormir-9788426130587\/#primaryimage"},"image":{"@id":"https:\/\/www.editorialjuventud.es\/cuentos-para-ir-a-dormir-9788426130587\/#primaryimage"},"thumbnailUrl":"https:\/\/www.editorialjuventud.es\/wp-content\/uploads\/9788426130587.jpg","datePublished":"2018-08-24T08:26:12+00:00","dateModified":"2024-02-01T12:39:36+00:00","description":"Las tiernas y simp\u00e1ticas ilustraciones de Mabel Lucie Atwell acompa\u00f1an este precioso libro, el mejor aliado de los padres a la hora de acostar a sus","breadcrumb":{"@id":"https:\/\/www.editorialjuventud.es\/cuentos-para-ir-a-dormir-9788426130587\/#breadcrumb"},"inLanguage":"ca","potentialAction":[{"@type":"ReadAction","target":["https:\/\/www.editorialjuventud.es\/cuentos-para-ir-a-dormir-9788426130587\/"]}]},{"@type":"ImageObject","inLanguage":"ca","@id":"https:\/\/www.editorialjuventud.es\/cuentos-para-ir-a-dormir-9788426130587\/#primaryimage","url":"https:\/\/www.editorialjuventud.es\/wp-content\/uploads\/9788426130587.jpg","contentUrl":"https:\/\/www.editorialjuventud.es\/wp-content\/uploads\/9788426130587.jpg","width":341,"height":450,"caption":"9788426130587.jpg"},{"@type":"BreadcrumbList","@id":"https:\/\/www.editorialjuventud.es\/cuentos-para-ir-a-dormir-9788426130587\/#breadcrumb","itemListElement":[{"@type":"ListItem","position":1,"name":"Portada","item":"https:\/\/www.editorialjuventud.es\/"},{"@type":"ListItem","position":2,"name":"cat\u00e1logo","item":"https:\/\/www.editorialjuventud.es\/coleccion\/catalogo\/"},{"@type":"ListItem","position":3,"name":"castellano","item":"https:\/\/www.editorialjuventud.es\/coleccion\/castellano\/"},{"@type":"ListItem","position":4,"name":"Cuentos Universales","item":"https:\/\/www.editorialjuventud.es\/coleccion\/cuentos-universales\/"},{"@type":"ListItem","position":5,"name":"Cuentos para ir a dormir"}]},{"@type":"WebSite","@id":"https:\/\/www.editorialjuventud.es\/#website","url":"https:\/\/www.editorialjuventud.es\/","name":"Editorial Juventud","description":"","potentialAction":[{"@type":"SearchAction","target":{"@type":"EntryPoint","urlTemplate":"https:\/\/www.editorialjuventud.es\/?s={search_term_string}"},"query-input":{"@type":"PropertyValueSpecification","valueRequired":true,"valueName":"search_term_string"}}],"inLanguage":"ca"}]}},"_links":{"self":[{"href":"https:\/\/www.editorialjuventud.es\/ca\/wp-json\/wp\/v2\/product\/5143","targetHints":{"allow":["GET"]}}],"collection":[{"href":"https:\/\/www.editorialjuventud.es\/ca\/wp-json\/wp\/v2\/product"}],"about":[{"href":"https:\/\/www.editorialjuventud.es\/ca\/wp-json\/wp\/v2\/types\/product"}],"wp:featuredmedia":[{"embeddable":true,"href":"https:\/\/www.editorialjuventud.es\/ca\/wp-json\/wp\/v2\/media\/15551"}],"wp:attachment":[{"href":"https:\/\/www.editorialjuventud.es\/ca\/wp-json\/wp\/v2\/media?parent=5143"}],"wp:term":[{"taxonomy":"product_brand","embeddable":true,"href":"https:\/\/www.editorialjuventud.es\/ca\/wp-json\/wp\/v2\/product_brand?post=5143"},{"taxonomy":"product_cat","embeddable":true,"href":"https:\/\/www.editorialjuventud.es\/ca\/wp-json\/wp\/v2\/product_cat?post=5143"},{"taxonomy":"product_tag","embeddable":true,"href":"https:\/\/www.editorialjuventud.es\/ca\/wp-json\/wp\/v2\/product_tag?post=5143"},{"taxonomy":"coleccion","embeddable":true,"href":"https:\/\/www.editorialjuventud.es\/ca\/wp-json\/wp\/v2\/coleccion?post=5143"}],"curies":[{"name":"wp","href":"https:\/\/api.w.org\/{rel}","templated":true}]}}