{"id":5138,"date":"2018-08-24T10:25:48","date_gmt":"2018-08-24T08:25:48","guid":{"rendered":"http:\/\/www.editorialjuventud.es\/verdi\/"},"modified":"2026-04-08T11:55:08","modified_gmt":"2026-04-08T09:55:08","slug":"verdi-9788426130419","status":"publish","type":"product","link":"https:\/\/www.editorialjuventud.es\/ca\/verdi-9788426130419\/","title":{"rendered":"Verdi"},"content":{"rendered":"<p>&#8216;\u00bfPara qu\u00e9 tanta prisa en crecer y volverse verde?&#8217;, pregunta Verdi, una peque\u00f1a pit\u00f3n, desde su isla tropical. Verdi no quiere hacerse mayor pero con el tiempo comprende que crecer no significa dejar de ser uno mismo. Una obra de arte convertida en \u00e1lbum ilustrado, un cuento que gustar\u00e1 tanto a los ni\u00f1os y ni\u00f1as como a los mayores y despertar\u00e1 su sensibilidad art\u00edstica por las cosas bellas y su creaci\u00f3n. Al final del libro, Janell Cannon nos ofrece unas documentadas observaciones sobre las serpientes.<\/p>\n","protected":false},"excerpt":{"rendered":"&#8216;\u00bfPara qu\u00e9 tanta prisa en crecer y volverse verde?&#8217;, pregunta Verdi, una peque\u00f1a pit\u00f3n, desde su isla tropical. Verdi no quiere hacerse mayor pero con el tiempo comprende que crecer no significa dejar de ser uno mismo. Una obra de [&hellip;]","protected":false},"featured_media":7256,"template":"","meta":{"_acf_changed":false,"_exactmetrics_skip_tracking":false,"_exactmetrics_sitenote_active":false,"_exactmetrics_sitenote_note":"","_exactmetrics_sitenote_category":0},"product_brand":[],"product_cat":[902,1121,1141],"product_tag":[],"coleccion":[928,916,989],"class_list":{"0":"post-5138","1":"product","2":"type-product","3":"status-publish","4":"has-post-thumbnail","6":"product_cat-a-partir-de-7-anos","7":"product_cat-albumes-ilustrados","8":"product_cat-autoestima","9":"coleccion-albumes-ilustrados","10":"coleccion-castellano","11":"coleccion-crecer-en-valores","13":"first","14":"outofstock","15":"taxable","16":"shipping-taxable","17":"purchasable","18":"product-type-simple"},"acf":{"autor":"Cannon","codart":"3041-0","ediciones":"0","encuadernacion":"Carton\u00e9","fecha_de_publicacion":"08\/10\/1997","novedad":"0","paginas":"48","subtitulo":"","texto_web_adicional":"","texto_web_novedad":"","orden":"999","portada":"0","texto_web_resaltado":"","indice":"","autores-libros":[16262],"ilustradores-libros":[16262],"traductores-libros":[17494],"fecha_de_reimpresion":"","descripcion_corta":"","recomendamos":"","mas_vendido":"","idioma-libro":"","color":false,"formato":"","mas_informacion_del_producto":false,"premios":false,"deshabilitar_compra":["deshabilitar"],"texto_enlace_cubierta":"","enlace_cubierta":false,"texto_enlace_ficha_tecnica":"","enlace_ficha_tecnica":false,"ficheros":false,"titulo-fr":"","texto-fr":""},"yoast_head":"<!-- This site is optimized with the Yoast SEO plugin v27.5 - https:\/\/yoast.com\/product\/yoast-seo-wordpress\/ -->\n<title>Verdi - Editorial Juventud<\/title>\n<meta name=\"description\" content=\"&#039;\u00bfPara qu\u00e9 tanta prisa en crecer y volverse verde?&#039;, pregunta Verdi, una peque\u00f1a pit\u00f3n, desde su isla tropical. Verdi no quiere hacerse mayor pero con el\" \/>\n<meta name=\"robots\" content=\"index, follow, max-snippet:-1, max-image-preview:large, max-video-preview:-1\" \/>\n<link rel=\"canonical\" href=\"https:\/\/www.editorialjuventud.es\/verdi-9788426130419\/\" \/>\n<meta property=\"og:locale\" content=\"ca_ES\" \/>\n<meta property=\"og:type\" content=\"article\" \/>\n<meta property=\"og:title\" content=\"Verdi - Editorial Juventud\" \/>\n<meta property=\"og:description\" content=\"&#039;\u00bfPara qu\u00e9 tanta prisa en crecer y volverse verde?&#039;, pregunta Verdi, una peque\u00f1a pit\u00f3n, desde su isla tropical. Verdi no quiere hacerse mayor pero con el\" \/>\n<meta property=\"og:url\" content=\"https:\/\/www.editorialjuventud.es\/verdi-9788426130419\/\" \/>\n<meta property=\"og:site_name\" content=\"Editorial Juventud\" \/>\n<meta property=\"article:modified_time\" content=\"2026-04-08T09:55:08+00:00\" \/>\n<meta property=\"og:image\" content=\"https:\/\/www.editorialjuventud.es\/wp-content\/uploads\/3041.jpg\" \/>\n\t<meta property=\"og:image:width\" content=\"435\" \/>\n\t<meta property=\"og:image:height\" content=\"450\" \/>\n\t<meta property=\"og:image:type\" content=\"image\/jpeg\" \/>\n<meta name=\"twitter:card\" content=\"summary_large_image\" \/>\n<meta name=\"twitter:label1\" content=\"Temps estimat de lectura\" \/>\n\t<meta name=\"twitter:data1\" content=\"1 minut\" \/>\n<script type=\"application\/ld+json\" class=\"yoast-schema-graph\">{\"@context\":\"https:\\\/\\\/schema.org\",\"@graph\":[{\"@type\":\"WebPage\",\"@id\":\"https:\\\/\\\/www.editorialjuventud.es\\\/verdi-9788426130419\\\/\",\"url\":\"https:\\\/\\\/www.editorialjuventud.es\\\/verdi-9788426130419\\\/\",\"name\":\"Verdi - Editorial Juventud\",\"isPartOf\":{\"@id\":\"https:\\\/\\\/www.editorialjuventud.es\\\/#website\"},\"primaryImageOfPage\":{\"@id\":\"https:\\\/\\\/www.editorialjuventud.es\\\/verdi-9788426130419\\\/#primaryimage\"},\"image\":{\"@id\":\"https:\\\/\\\/www.editorialjuventud.es\\\/verdi-9788426130419\\\/#primaryimage\"},\"thumbnailUrl\":\"https:\\\/\\\/www.editorialjuventud.es\\\/wp-content\\\/uploads\\\/3041.jpg\",\"datePublished\":\"2018-08-24T08:25:48+00:00\",\"dateModified\":\"2026-04-08T09:55:08+00:00\",\"description\":\"'\u00bfPara qu\u00e9 tanta prisa en crecer y volverse verde?', pregunta Verdi, una peque\u00f1a pit\u00f3n, desde su isla tropical. Verdi no quiere hacerse mayor pero con el\",\"breadcrumb\":{\"@id\":\"https:\\\/\\\/www.editorialjuventud.es\\\/verdi-9788426130419\\\/#breadcrumb\"},\"inLanguage\":\"ca\",\"potentialAction\":[{\"@type\":\"ReadAction\",\"target\":[\"https:\\\/\\\/www.editorialjuventud.es\\\/verdi-9788426130419\\\/\"]}]},{\"@type\":\"ImageObject\",\"inLanguage\":\"ca\",\"@id\":\"https:\\\/\\\/www.editorialjuventud.es\\\/verdi-9788426130419\\\/#primaryimage\",\"url\":\"https:\\\/\\\/www.editorialjuventud.es\\\/wp-content\\\/uploads\\\/3041.jpg\",\"contentUrl\":\"https:\\\/\\\/www.editorialjuventud.es\\\/wp-content\\\/uploads\\\/3041.jpg\",\"width\":435,\"height\":450,\"caption\":\"3041.jpg\"},{\"@type\":\"BreadcrumbList\",\"@id\":\"https:\\\/\\\/www.editorialjuventud.es\\\/verdi-9788426130419\\\/#breadcrumb\",\"itemListElement\":[{\"@type\":\"ListItem\",\"position\":1,\"name\":\"Portada\",\"item\":\"https:\\\/\\\/www.editorialjuventud.es\\\/\"},{\"@type\":\"ListItem\",\"position\":2,\"name\":\"cat\u00e1logo\",\"item\":\"https:\\\/\\\/www.editorialjuventud.es\\\/coleccion\\\/catalogo\\\/\"},{\"@type\":\"ListItem\",\"position\":3,\"name\":\"castellano\",\"item\":\"https:\\\/\\\/www.editorialjuventud.es\\\/coleccion\\\/castellano\\\/\"},{\"@type\":\"ListItem\",\"position\":4,\"name\":\"\u00c1lbumes Ilustrados\",\"item\":\"https:\\\/\\\/www.editorialjuventud.es\\\/coleccion\\\/albumes-ilustrados\\\/\"},{\"@type\":\"ListItem\",\"position\":5,\"name\":\"Crecer en Valores\",\"item\":\"https:\\\/\\\/www.editorialjuventud.es\\\/coleccion\\\/crecer-en-valores\\\/\"},{\"@type\":\"ListItem\",\"position\":6,\"name\":\"Verdi\"}]},{\"@type\":\"WebSite\",\"@id\":\"https:\\\/\\\/www.editorialjuventud.es\\\/#website\",\"url\":\"https:\\\/\\\/www.editorialjuventud.es\\\/\",\"name\":\"Editorial Juventud\",\"description\":\"\",\"potentialAction\":[{\"@type\":\"SearchAction\",\"target\":{\"@type\":\"EntryPoint\",\"urlTemplate\":\"https:\\\/\\\/www.editorialjuventud.es\\\/?s={search_term_string}\"},\"query-input\":{\"@type\":\"PropertyValueSpecification\",\"valueRequired\":true,\"valueName\":\"search_term_string\"}}],\"inLanguage\":\"ca\"}]}<\/script>\n<!-- \/ Yoast SEO plugin. -->","yoast_head_json":{"title":"Verdi - Editorial Juventud","description":"'\u00bfPara qu\u00e9 tanta prisa en crecer y volverse verde?', pregunta Verdi, una peque\u00f1a pit\u00f3n, desde su isla tropical. Verdi no quiere hacerse mayor pero con el","robots":{"index":"index","follow":"follow","max-snippet":"max-snippet:-1","max-image-preview":"max-image-preview:large","max-video-preview":"max-video-preview:-1"},"canonical":"https:\/\/www.editorialjuventud.es\/verdi-9788426130419\/","og_locale":"ca_ES","og_type":"article","og_title":"Verdi - Editorial Juventud","og_description":"'\u00bfPara qu\u00e9 tanta prisa en crecer y volverse verde?', pregunta Verdi, una peque\u00f1a pit\u00f3n, desde su isla tropical. Verdi no quiere hacerse mayor pero con el","og_url":"https:\/\/www.editorialjuventud.es\/verdi-9788426130419\/","og_site_name":"Editorial Juventud","article_modified_time":"2026-04-08T09:55:08+00:00","og_image":[{"width":435,"height":450,"url":"https:\/\/www.editorialjuventud.es\/wp-content\/uploads\/3041.jpg","type":"image\/jpeg"}],"twitter_card":"summary_large_image","twitter_misc":{"Temps estimat de lectura":"1 minut"},"schema":{"@context":"https:\/\/schema.org","@graph":[{"@type":"WebPage","@id":"https:\/\/www.editorialjuventud.es\/verdi-9788426130419\/","url":"https:\/\/www.editorialjuventud.es\/verdi-9788426130419\/","name":"Verdi - Editorial Juventud","isPartOf":{"@id":"https:\/\/www.editorialjuventud.es\/#website"},"primaryImageOfPage":{"@id":"https:\/\/www.editorialjuventud.es\/verdi-9788426130419\/#primaryimage"},"image":{"@id":"https:\/\/www.editorialjuventud.es\/verdi-9788426130419\/#primaryimage"},"thumbnailUrl":"https:\/\/www.editorialjuventud.es\/wp-content\/uploads\/3041.jpg","datePublished":"2018-08-24T08:25:48+00:00","dateModified":"2026-04-08T09:55:08+00:00","description":"'\u00bfPara qu\u00e9 tanta prisa en crecer y volverse verde?', pregunta Verdi, una peque\u00f1a pit\u00f3n, desde su isla tropical. Verdi no quiere hacerse mayor pero con el","breadcrumb":{"@id":"https:\/\/www.editorialjuventud.es\/verdi-9788426130419\/#breadcrumb"},"inLanguage":"ca","potentialAction":[{"@type":"ReadAction","target":["https:\/\/www.editorialjuventud.es\/verdi-9788426130419\/"]}]},{"@type":"ImageObject","inLanguage":"ca","@id":"https:\/\/www.editorialjuventud.es\/verdi-9788426130419\/#primaryimage","url":"https:\/\/www.editorialjuventud.es\/wp-content\/uploads\/3041.jpg","contentUrl":"https:\/\/www.editorialjuventud.es\/wp-content\/uploads\/3041.jpg","width":435,"height":450,"caption":"3041.jpg"},{"@type":"BreadcrumbList","@id":"https:\/\/www.editorialjuventud.es\/verdi-9788426130419\/#breadcrumb","itemListElement":[{"@type":"ListItem","position":1,"name":"Portada","item":"https:\/\/www.editorialjuventud.es\/"},{"@type":"ListItem","position":2,"name":"cat\u00e1logo","item":"https:\/\/www.editorialjuventud.es\/coleccion\/catalogo\/"},{"@type":"ListItem","position":3,"name":"castellano","item":"https:\/\/www.editorialjuventud.es\/coleccion\/castellano\/"},{"@type":"ListItem","position":4,"name":"\u00c1lbumes Ilustrados","item":"https:\/\/www.editorialjuventud.es\/coleccion\/albumes-ilustrados\/"},{"@type":"ListItem","position":5,"name":"Crecer en Valores","item":"https:\/\/www.editorialjuventud.es\/coleccion\/crecer-en-valores\/"},{"@type":"ListItem","position":6,"name":"Verdi"}]},{"@type":"WebSite","@id":"https:\/\/www.editorialjuventud.es\/#website","url":"https:\/\/www.editorialjuventud.es\/","name":"Editorial Juventud","description":"","potentialAction":[{"@type":"SearchAction","target":{"@type":"EntryPoint","urlTemplate":"https:\/\/www.editorialjuventud.es\/?s={search_term_string}"},"query-input":{"@type":"PropertyValueSpecification","valueRequired":true,"valueName":"search_term_string"}}],"inLanguage":"ca"}]}},"_links":{"self":[{"href":"https:\/\/www.editorialjuventud.es\/ca\/wp-json\/wp\/v2\/product\/5138","targetHints":{"allow":["GET"]}}],"collection":[{"href":"https:\/\/www.editorialjuventud.es\/ca\/wp-json\/wp\/v2\/product"}],"about":[{"href":"https:\/\/www.editorialjuventud.es\/ca\/wp-json\/wp\/v2\/types\/product"}],"wp:featuredmedia":[{"embeddable":true,"href":"https:\/\/www.editorialjuventud.es\/ca\/wp-json\/wp\/v2\/media\/7256"}],"wp:attachment":[{"href":"https:\/\/www.editorialjuventud.es\/ca\/wp-json\/wp\/v2\/media?parent=5138"}],"wp:term":[{"taxonomy":"product_brand","embeddable":true,"href":"https:\/\/www.editorialjuventud.es\/ca\/wp-json\/wp\/v2\/product_brand?post=5138"},{"taxonomy":"product_cat","embeddable":true,"href":"https:\/\/www.editorialjuventud.es\/ca\/wp-json\/wp\/v2\/product_cat?post=5138"},{"taxonomy":"product_tag","embeddable":true,"href":"https:\/\/www.editorialjuventud.es\/ca\/wp-json\/wp\/v2\/product_tag?post=5138"},{"taxonomy":"coleccion","embeddable":true,"href":"https:\/\/www.editorialjuventud.es\/ca\/wp-json\/wp\/v2\/coleccion?post=5138"}],"curies":[{"name":"wp","href":"https:\/\/api.w.org\/{rel}","templated":true}]}}