{"id":5129,"date":"2018-08-24T12:25:03","date_gmt":"2018-08-24T08:25:03","guid":{"rendered":"http:\/\/www.editorialjuventud.es\/nuestra-vela-latina\/"},"modified":"2026-02-20T09:33:46","modified_gmt":"2026-02-20T08:33:46","slug":"nuestra-vela-latina-9788426129864","status":"publish","type":"product","link":"https:\/\/www.editorialjuventud.es\/ca\/nuestra-vela-latina-9788426129864\/","title":{"rendered":"Nuestra vela latina"},"content":{"rendered":"<p>La vela latina tiene una antig\u00fcedad estimada en 2.000 a\u00f1os. Con ella navegaron los romanos, bizantinos y \u00e1rabes, de los que nosotros hemos adquirido sus conocimientos. De su evoluci\u00f3n, nacieron las velas actuales. Tuvo un gran protagonismo en el cabotaje y la pesca de todos los mares. La perfecci\u00f3n de su dise\u00f1o le ha permitido permanecer hasta nuestros d\u00edas. Esta obra ha sido concebida como un estudio te\u00f3rico-pr\u00e1ctico que pretende dar a conocer no solo la historia de la vela latina, sino tambi\u00e9n su pr\u00e1ctica. Cualquier persona que tenga inter\u00e9s en recuperar este viejo y entra\u00f1able arte de navegar, encontrar\u00e1 la informaci\u00f3n necesaria para aparejarse su embarcaci\u00f3n y salir a navegar. Encontrar\u00e1 as\u00ed mismo documentados, diversos tipos de embarcaciones tradicionales del Mediterr\u00e1neo y la nomenclatura tanto de aparejo como de casco con la terminolog\u00eda local. El amante de la navegaci\u00f3n encontrar\u00e1 un extenso cap\u00edtulo sobre las diversas maniobras y t\u00e9cnicas de navegaci\u00f3n con este tipo de aparejo. Extensamente ilustrado, el amante del mar en general, se deleitar\u00e1 con im\u00e1genes que pertenecen ya a la historia de la navegaci\u00f3n. Este libro pretende ser un elemento dinamizador del movimiento de recuperaci\u00f3n de la vela latina.<\/p>\n","protected":false},"excerpt":{"rendered":"La vela latina tiene una antig\u00fcedad estimada en 2.000 a\u00f1os. Con ella navegaron los romanos, bizantinos y \u00e1rabes, de los que nosotros hemos adquirido sus conocimientos. De su evoluci\u00f3n, nacieron las velas actuales. Tuvo un gran protagonismo en el cabotaje [&hellip;]","protected":false},"featured_media":7220,"template":"","meta":{"_acf_changed":false,"_exactmetrics_skip_tracking":false,"_exactmetrics_sitenote_active":false,"_exactmetrics_sitenote_note":"","_exactmetrics_sitenote_category":0},"product_brand":[],"product_cat":[905,1120],"product_tag":[],"coleccion":[916,936,1088],"class_list":{"0":"post-5129","1":"product","2":"type-product","3":"status-publish","4":"has-post-thumbnail","6":"product_cat-adulto","7":"product_cat-nautica","8":"coleccion-castellano","9":"coleccion-lecturas-en-torno-al-mar","10":"coleccion-narrativa-maritima-lecturas-entorno-al-mar","12":"first","13":"instock","14":"taxable","15":"shipping-taxable","16":"purchasable","17":"product-type-simple"},"acf":{"autor":"Oller Daza\/Garcia Delgado","codart":"2986-2","ediciones":"2","encuadernacion":"Carton\u00e9","fecha_de_publicacion":"05\/07\/1996","novedad":"0","paginas":"238","subtitulo":"","texto_web_adicional":"","texto_web_novedad":"","orden":"999","portada":"0","texto_web_resaltado":"","indice":"","autores-libros":[16527],"ilustradores-libros":"","traductores-libros":[17494],"fecha_de_reimpresion":"","descripcion_corta":"","recomendamos":"","mas_vendido":"","idioma-libro":"","color":false,"formato":"","mas_informacion_del_producto":false,"premios":false,"deshabilitar_compra":[],"texto_enlace_cubierta":"","enlace_cubierta":false,"texto_enlace_ficha_tecnica":"","enlace_ficha_tecnica":false,"ficheros":false,"titulo-fr":"","texto-fr":""},"yoast_head":"<!-- This site is optimized with the Yoast SEO plugin v27.5 - https:\/\/yoast.com\/product\/yoast-seo-wordpress\/ -->\n<title>Nuestra vela latina - Editorial Juventud<\/title>\n<meta name=\"description\" content=\"La vela latina tiene una antig\u00fcedad estimada en 2.000 a\u00f1os. Con ella navegaron los romanos, bizantinos y \u00e1rabes, de los que nosotros hemos adquirido sus\" \/>\n<meta name=\"robots\" content=\"index, follow, max-snippet:-1, max-image-preview:large, max-video-preview:-1\" \/>\n<link rel=\"canonical\" href=\"https:\/\/www.editorialjuventud.es\/nuestra-vela-latina-9788426129864\/\" \/>\n<meta property=\"og:locale\" content=\"ca_ES\" \/>\n<meta property=\"og:type\" content=\"article\" \/>\n<meta property=\"og:title\" content=\"Nuestra vela latina - Editorial Juventud\" \/>\n<meta property=\"og:description\" content=\"La vela latina tiene una antig\u00fcedad estimada en 2.000 a\u00f1os. Con ella navegaron los romanos, bizantinos y \u00e1rabes, de los que nosotros hemos adquirido sus\" \/>\n<meta property=\"og:url\" content=\"https:\/\/www.editorialjuventud.es\/nuestra-vela-latina-9788426129864\/\" \/>\n<meta property=\"og:site_name\" content=\"Editorial Juventud\" \/>\n<meta property=\"article:modified_time\" content=\"2026-02-20T08:33:46+00:00\" \/>\n<meta property=\"og:image\" content=\"https:\/\/www.editorialjuventud.es\/wp-content\/uploads\/2986.jpg\" \/>\n\t<meta property=\"og:image:width\" content=\"349\" \/>\n\t<meta property=\"og:image:height\" content=\"400\" \/>\n\t<meta property=\"og:image:type\" content=\"image\/jpeg\" \/>\n<meta name=\"twitter:card\" content=\"summary_large_image\" \/>\n<meta name=\"twitter:label1\" content=\"Temps estimat de lectura\" \/>\n\t<meta name=\"twitter:data1\" content=\"2 minuts\" \/>\n<script type=\"application\/ld+json\" class=\"yoast-schema-graph\">{\"@context\":\"https:\\\/\\\/schema.org\",\"@graph\":[{\"@type\":\"WebPage\",\"@id\":\"https:\\\/\\\/www.editorialjuventud.es\\\/nuestra-vela-latina-9788426129864\\\/\",\"url\":\"https:\\\/\\\/www.editorialjuventud.es\\\/nuestra-vela-latina-9788426129864\\\/\",\"name\":\"Nuestra vela latina - Editorial Juventud\",\"isPartOf\":{\"@id\":\"https:\\\/\\\/www.editorialjuventud.es\\\/#website\"},\"primaryImageOfPage\":{\"@id\":\"https:\\\/\\\/www.editorialjuventud.es\\\/nuestra-vela-latina-9788426129864\\\/#primaryimage\"},\"image\":{\"@id\":\"https:\\\/\\\/www.editorialjuventud.es\\\/nuestra-vela-latina-9788426129864\\\/#primaryimage\"},\"thumbnailUrl\":\"https:\\\/\\\/www.editorialjuventud.es\\\/wp-content\\\/uploads\\\/2986.jpg\",\"datePublished\":\"2018-08-24T08:25:03+00:00\",\"dateModified\":\"2026-02-20T08:33:46+00:00\",\"description\":\"La vela latina tiene una antig\u00fcedad estimada en 2.000 a\u00f1os. Con ella navegaron los romanos, bizantinos y \u00e1rabes, de los que nosotros hemos adquirido sus\",\"breadcrumb\":{\"@id\":\"https:\\\/\\\/www.editorialjuventud.es\\\/nuestra-vela-latina-9788426129864\\\/#breadcrumb\"},\"inLanguage\":\"ca\",\"potentialAction\":[{\"@type\":\"ReadAction\",\"target\":[\"https:\\\/\\\/www.editorialjuventud.es\\\/nuestra-vela-latina-9788426129864\\\/\"]}]},{\"@type\":\"ImageObject\",\"inLanguage\":\"ca\",\"@id\":\"https:\\\/\\\/www.editorialjuventud.es\\\/nuestra-vela-latina-9788426129864\\\/#primaryimage\",\"url\":\"https:\\\/\\\/www.editorialjuventud.es\\\/wp-content\\\/uploads\\\/2986.jpg\",\"contentUrl\":\"https:\\\/\\\/www.editorialjuventud.es\\\/wp-content\\\/uploads\\\/2986.jpg\",\"width\":349,\"height\":400,\"caption\":\"2986.jpg\"},{\"@type\":\"BreadcrumbList\",\"@id\":\"https:\\\/\\\/www.editorialjuventud.es\\\/nuestra-vela-latina-9788426129864\\\/#breadcrumb\",\"itemListElement\":[{\"@type\":\"ListItem\",\"position\":1,\"name\":\"Portada\",\"item\":\"https:\\\/\\\/www.editorialjuventud.es\\\/\"},{\"@type\":\"ListItem\",\"position\":2,\"name\":\"cat\u00e1logo\",\"item\":\"https:\\\/\\\/www.editorialjuventud.es\\\/coleccion\\\/catalogo\\\/\"},{\"@type\":\"ListItem\",\"position\":3,\"name\":\"castellano\",\"item\":\"https:\\\/\\\/www.editorialjuventud.es\\\/coleccion\\\/castellano\\\/\"},{\"@type\":\"ListItem\",\"position\":4,\"name\":\"Lecturas En torno al Mar\",\"item\":\"https:\\\/\\\/www.editorialjuventud.es\\\/coleccion\\\/lecturas-en-torno-al-mar\\\/\"},{\"@type\":\"ListItem\",\"position\":5,\"name\":\"Narrativa Mar\u00edtima\",\"item\":\"https:\\\/\\\/www.editorialjuventud.es\\\/ca\\\/coleccion\\\/narrativa-maritima-lecturas-entorno-al-mar\\\/\"},{\"@type\":\"ListItem\",\"position\":6,\"name\":\"Nuestra vela latina\"}]},{\"@type\":\"WebSite\",\"@id\":\"https:\\\/\\\/www.editorialjuventud.es\\\/#website\",\"url\":\"https:\\\/\\\/www.editorialjuventud.es\\\/\",\"name\":\"Editorial Juventud\",\"description\":\"\",\"potentialAction\":[{\"@type\":\"SearchAction\",\"target\":{\"@type\":\"EntryPoint\",\"urlTemplate\":\"https:\\\/\\\/www.editorialjuventud.es\\\/?s={search_term_string}\"},\"query-input\":{\"@type\":\"PropertyValueSpecification\",\"valueRequired\":true,\"valueName\":\"search_term_string\"}}],\"inLanguage\":\"ca\"}]}<\/script>\n<!-- \/ Yoast SEO plugin. -->","yoast_head_json":{"title":"Nuestra vela latina - Editorial Juventud","description":"La vela latina tiene una antig\u00fcedad estimada en 2.000 a\u00f1os. Con ella navegaron los romanos, bizantinos y \u00e1rabes, de los que nosotros hemos adquirido sus","robots":{"index":"index","follow":"follow","max-snippet":"max-snippet:-1","max-image-preview":"max-image-preview:large","max-video-preview":"max-video-preview:-1"},"canonical":"https:\/\/www.editorialjuventud.es\/nuestra-vela-latina-9788426129864\/","og_locale":"ca_ES","og_type":"article","og_title":"Nuestra vela latina - Editorial Juventud","og_description":"La vela latina tiene una antig\u00fcedad estimada en 2.000 a\u00f1os. Con ella navegaron los romanos, bizantinos y \u00e1rabes, de los que nosotros hemos adquirido sus","og_url":"https:\/\/www.editorialjuventud.es\/nuestra-vela-latina-9788426129864\/","og_site_name":"Editorial Juventud","article_modified_time":"2026-02-20T08:33:46+00:00","og_image":[{"width":349,"height":400,"url":"https:\/\/www.editorialjuventud.es\/wp-content\/uploads\/2986.jpg","type":"image\/jpeg"}],"twitter_card":"summary_large_image","twitter_misc":{"Temps estimat de lectura":"2 minuts"},"schema":{"@context":"https:\/\/schema.org","@graph":[{"@type":"WebPage","@id":"https:\/\/www.editorialjuventud.es\/nuestra-vela-latina-9788426129864\/","url":"https:\/\/www.editorialjuventud.es\/nuestra-vela-latina-9788426129864\/","name":"Nuestra vela latina - Editorial Juventud","isPartOf":{"@id":"https:\/\/www.editorialjuventud.es\/#website"},"primaryImageOfPage":{"@id":"https:\/\/www.editorialjuventud.es\/nuestra-vela-latina-9788426129864\/#primaryimage"},"image":{"@id":"https:\/\/www.editorialjuventud.es\/nuestra-vela-latina-9788426129864\/#primaryimage"},"thumbnailUrl":"https:\/\/www.editorialjuventud.es\/wp-content\/uploads\/2986.jpg","datePublished":"2018-08-24T08:25:03+00:00","dateModified":"2026-02-20T08:33:46+00:00","description":"La vela latina tiene una antig\u00fcedad estimada en 2.000 a\u00f1os. Con ella navegaron los romanos, bizantinos y \u00e1rabes, de los que nosotros hemos adquirido sus","breadcrumb":{"@id":"https:\/\/www.editorialjuventud.es\/nuestra-vela-latina-9788426129864\/#breadcrumb"},"inLanguage":"ca","potentialAction":[{"@type":"ReadAction","target":["https:\/\/www.editorialjuventud.es\/nuestra-vela-latina-9788426129864\/"]}]},{"@type":"ImageObject","inLanguage":"ca","@id":"https:\/\/www.editorialjuventud.es\/nuestra-vela-latina-9788426129864\/#primaryimage","url":"https:\/\/www.editorialjuventud.es\/wp-content\/uploads\/2986.jpg","contentUrl":"https:\/\/www.editorialjuventud.es\/wp-content\/uploads\/2986.jpg","width":349,"height":400,"caption":"2986.jpg"},{"@type":"BreadcrumbList","@id":"https:\/\/www.editorialjuventud.es\/nuestra-vela-latina-9788426129864\/#breadcrumb","itemListElement":[{"@type":"ListItem","position":1,"name":"Portada","item":"https:\/\/www.editorialjuventud.es\/"},{"@type":"ListItem","position":2,"name":"cat\u00e1logo","item":"https:\/\/www.editorialjuventud.es\/coleccion\/catalogo\/"},{"@type":"ListItem","position":3,"name":"castellano","item":"https:\/\/www.editorialjuventud.es\/coleccion\/castellano\/"},{"@type":"ListItem","position":4,"name":"Lecturas En torno al Mar","item":"https:\/\/www.editorialjuventud.es\/coleccion\/lecturas-en-torno-al-mar\/"},{"@type":"ListItem","position":5,"name":"Narrativa Mar\u00edtima","item":"https:\/\/www.editorialjuventud.es\/ca\/coleccion\/narrativa-maritima-lecturas-entorno-al-mar\/"},{"@type":"ListItem","position":6,"name":"Nuestra vela latina"}]},{"@type":"WebSite","@id":"https:\/\/www.editorialjuventud.es\/#website","url":"https:\/\/www.editorialjuventud.es\/","name":"Editorial Juventud","description":"","potentialAction":[{"@type":"SearchAction","target":{"@type":"EntryPoint","urlTemplate":"https:\/\/www.editorialjuventud.es\/?s={search_term_string}"},"query-input":{"@type":"PropertyValueSpecification","valueRequired":true,"valueName":"search_term_string"}}],"inLanguage":"ca"}]}},"_links":{"self":[{"href":"https:\/\/www.editorialjuventud.es\/ca\/wp-json\/wp\/v2\/product\/5129","targetHints":{"allow":["GET"]}}],"collection":[{"href":"https:\/\/www.editorialjuventud.es\/ca\/wp-json\/wp\/v2\/product"}],"about":[{"href":"https:\/\/www.editorialjuventud.es\/ca\/wp-json\/wp\/v2\/types\/product"}],"wp:featuredmedia":[{"embeddable":true,"href":"https:\/\/www.editorialjuventud.es\/ca\/wp-json\/wp\/v2\/media\/7220"}],"wp:attachment":[{"href":"https:\/\/www.editorialjuventud.es\/ca\/wp-json\/wp\/v2\/media?parent=5129"}],"wp:term":[{"taxonomy":"product_brand","embeddable":true,"href":"https:\/\/www.editorialjuventud.es\/ca\/wp-json\/wp\/v2\/product_brand?post=5129"},{"taxonomy":"product_cat","embeddable":true,"href":"https:\/\/www.editorialjuventud.es\/ca\/wp-json\/wp\/v2\/product_cat?post=5129"},{"taxonomy":"product_tag","embeddable":true,"href":"https:\/\/www.editorialjuventud.es\/ca\/wp-json\/wp\/v2\/product_tag?post=5129"},{"taxonomy":"coleccion","embeddable":true,"href":"https:\/\/www.editorialjuventud.es\/ca\/wp-json\/wp\/v2\/coleccion?post=5129"}],"curies":[{"name":"wp","href":"https:\/\/api.w.org\/{rel}","templated":true}]}}