{"id":5120,"date":"2018-08-24T12:24:16","date_gmt":"2018-08-24T08:24:16","guid":{"rendered":"http:\/\/www.editorialjuventud.es\/cuando-hay-que-trabajar\/"},"modified":"2023-07-04T13:20:04","modified_gmt":"2023-07-04T11:20:04","slug":"cuando-hay-que-trabajar-9788426129352","status":"publish","type":"product","link":"https:\/\/www.editorialjuventud.es\/ca\/cuando-hay-que-trabajar-9788426129352\/","title":{"rendered":"Cuando hay que trabajar"},"content":{"rendered":"<p>Es muy importante animar a los peque\u00f1os a ayudar en lo que puedan, y que lo hagan de buena gana, como un juego. Aunque de momento, a veces su ayuda nos pueda dar m\u00e1s trabajo, ser\u00e1 la semilla de una verdadera colaboraci\u00f3n en las tareas de la casa para el d\u00eda de ma\u00f1ana. Los cuatro libros de la colecci\u00f3n &#8216;Mis Amigos&#8217; de Nick Butterworth son ideales para ni\u00f1os y ni\u00f1as a partir de un a\u00f1o. Las actividades de los siete divertidos amigos son claras y reconocibles para los peque\u00f1os, y la imaginaria amistad entre los amigos ser\u00e1 muy parecida a la de nuestros peque\u00f1os con sus propios juguetes.<\/p>\n","protected":false},"excerpt":{"rendered":"Es muy importante animar a los peque\u00f1os a ayudar en lo que puedan, y que lo hagan de buena gana, como un juego. Aunque de momento, a veces su ayuda nos pueda dar m\u00e1s trabajo, ser\u00e1 la semilla de una [&hellip;]","protected":false},"featured_media":7160,"template":"","meta":{"_acf_changed":false,"_exactmetrics_skip_tracking":false,"_exactmetrics_sitenote_active":false,"_exactmetrics_sitenote_note":"","_exactmetrics_sitenote_category":0},"product_brand":[],"product_cat":[913,907,892,1115,1181,1122,1213,1215,1128],"product_tag":[],"coleccion":[916,1022,1296],"class_list":{"0":"post-5120","1":"product","2":"type-product","3":"status-publish","4":"has-post-thumbnail","6":"product_cat-a-partir-de-12-meses","7":"product_cat-de-0-a-2-anos","8":"product_cat-edades","9":"product_cat-generos","10":"product_cat-habitos","11":"product_cat-libros-de-carton","12":"product_cat-primeros-conceptos","13":"product_cat-profesiones-trabajo","14":"product_cat-tematica","15":"coleccion-castellano","16":"coleccion-mis-amigos","17":"coleccion-mis-primeros-libros","19":"first","20":"instock","21":"taxable","22":"shipping-taxable","23":"purchasable","24":"product-type-simple"},"acf":{"autores-libros":[16254],"ilustradores-libros":[16254]},"yoast_head":"<!-- This site is optimized with the Yoast SEO plugin v27.5 - https:\/\/yoast.com\/product\/yoast-seo-wordpress\/ -->\n<title>Cuando hay que trabajar - Editorial Juventud<\/title>\n<meta name=\"description\" content=\"Es muy importante animar a los peque\u00f1os a ayudar en lo que puedan, y que lo hagan de buena gana, como un juego. Aunque de momento, a veces su ayuda nos\" \/>\n<meta name=\"robots\" content=\"index, follow, max-snippet:-1, max-image-preview:large, max-video-preview:-1\" \/>\n<link rel=\"canonical\" href=\"https:\/\/www.editorialjuventud.es\/ca\/cuando-hay-que-trabajar-9788426129352\/\" \/>\n<meta property=\"og:locale\" content=\"ca_ES\" \/>\n<meta property=\"og:type\" content=\"article\" \/>\n<meta property=\"og:title\" content=\"Cuando hay que trabajar - Editorial Juventud\" \/>\n<meta property=\"og:description\" content=\"Es muy importante animar a los peque\u00f1os a ayudar en lo que puedan, y que lo hagan de buena gana, como un juego. Aunque de momento, a veces su ayuda nos\" \/>\n<meta property=\"og:url\" content=\"https:\/\/www.editorialjuventud.es\/ca\/cuando-hay-que-trabajar-9788426129352\/\" \/>\n<meta property=\"og:site_name\" content=\"Editorial Juventud\" \/>\n<meta property=\"article:modified_time\" content=\"2023-07-04T11:20:04+00:00\" \/>\n<meta property=\"og:image\" content=\"https:\/\/www.editorialjuventud.es\/wp-content\/uploads\/2935.jpg\" \/>\n\t<meta property=\"og:image:width\" content=\"375\" \/>\n\t<meta property=\"og:image:height\" content=\"450\" \/>\n\t<meta property=\"og:image:type\" content=\"image\/jpeg\" \/>\n<meta name=\"twitter:card\" content=\"summary_large_image\" \/>\n<meta name=\"twitter:label1\" content=\"Temps estimat de lectura\" \/>\n\t<meta name=\"twitter:data1\" content=\"1 minut\" \/>\n<script type=\"application\/ld+json\" class=\"yoast-schema-graph\">{\"@context\":\"https:\\\/\\\/schema.org\",\"@graph\":[{\"@type\":\"WebPage\",\"@id\":\"https:\\\/\\\/www.editorialjuventud.es\\\/ca\\\/cuando-hay-que-trabajar-9788426129352\\\/\",\"url\":\"https:\\\/\\\/www.editorialjuventud.es\\\/ca\\\/cuando-hay-que-trabajar-9788426129352\\\/\",\"name\":\"Cuando hay que trabajar - Editorial Juventud\",\"isPartOf\":{\"@id\":\"https:\\\/\\\/www.editorialjuventud.es\\\/#website\"},\"primaryImageOfPage\":{\"@id\":\"https:\\\/\\\/www.editorialjuventud.es\\\/ca\\\/cuando-hay-que-trabajar-9788426129352\\\/#primaryimage\"},\"image\":{\"@id\":\"https:\\\/\\\/www.editorialjuventud.es\\\/ca\\\/cuando-hay-que-trabajar-9788426129352\\\/#primaryimage\"},\"thumbnailUrl\":\"https:\\\/\\\/www.editorialjuventud.es\\\/wp-content\\\/uploads\\\/2935.jpg\",\"datePublished\":\"2018-08-24T08:24:16+00:00\",\"dateModified\":\"2023-07-04T11:20:04+00:00\",\"description\":\"Es muy importante animar a los peque\u00f1os a ayudar en lo que puedan, y que lo hagan de buena gana, como un juego. Aunque de momento, a veces su ayuda nos\",\"breadcrumb\":{\"@id\":\"https:\\\/\\\/www.editorialjuventud.es\\\/ca\\\/cuando-hay-que-trabajar-9788426129352\\\/#breadcrumb\"},\"inLanguage\":\"ca\",\"potentialAction\":[{\"@type\":\"ReadAction\",\"target\":[\"https:\\\/\\\/www.editorialjuventud.es\\\/ca\\\/cuando-hay-que-trabajar-9788426129352\\\/\"]}]},{\"@type\":\"ImageObject\",\"inLanguage\":\"ca\",\"@id\":\"https:\\\/\\\/www.editorialjuventud.es\\\/ca\\\/cuando-hay-que-trabajar-9788426129352\\\/#primaryimage\",\"url\":\"https:\\\/\\\/www.editorialjuventud.es\\\/wp-content\\\/uploads\\\/2935.jpg\",\"contentUrl\":\"https:\\\/\\\/www.editorialjuventud.es\\\/wp-content\\\/uploads\\\/2935.jpg\",\"width\":375,\"height\":450,\"caption\":\"2935.jpg\"},{\"@type\":\"BreadcrumbList\",\"@id\":\"https:\\\/\\\/www.editorialjuventud.es\\\/ca\\\/cuando-hay-que-trabajar-9788426129352\\\/#breadcrumb\",\"itemListElement\":[{\"@type\":\"ListItem\",\"position\":1,\"name\":\"Portada\",\"item\":\"https:\\\/\\\/www.editorialjuventud.es\\\/\"},{\"@type\":\"ListItem\",\"position\":2,\"name\":\"cat\u00e1logo\",\"item\":\"https:\\\/\\\/www.editorialjuventud.es\\\/coleccion\\\/catalogo\\\/\"},{\"@type\":\"ListItem\",\"position\":3,\"name\":\"castellano\",\"item\":\"https:\\\/\\\/www.editorialjuventud.es\\\/coleccion\\\/castellano\\\/\"},{\"@type\":\"ListItem\",\"position\":4,\"name\":\"Mis Primeros Libros\",\"item\":\"https:\\\/\\\/www.editorialjuventud.es\\\/coleccion\\\/mis-primeros-libros\\\/\"},{\"@type\":\"ListItem\",\"position\":5,\"name\":\"Cuando hay que trabajar\"}]},{\"@type\":\"WebSite\",\"@id\":\"https:\\\/\\\/www.editorialjuventud.es\\\/#website\",\"url\":\"https:\\\/\\\/www.editorialjuventud.es\\\/\",\"name\":\"Editorial Juventud\",\"description\":\"\",\"potentialAction\":[{\"@type\":\"SearchAction\",\"target\":{\"@type\":\"EntryPoint\",\"urlTemplate\":\"https:\\\/\\\/www.editorialjuventud.es\\\/?s={search_term_string}\"},\"query-input\":{\"@type\":\"PropertyValueSpecification\",\"valueRequired\":true,\"valueName\":\"search_term_string\"}}],\"inLanguage\":\"ca\"}]}<\/script>\n<!-- \/ Yoast SEO plugin. -->","yoast_head_json":{"title":"Cuando hay que trabajar - Editorial Juventud","description":"Es muy importante animar a los peque\u00f1os a ayudar en lo que puedan, y que lo hagan de buena gana, como un juego. Aunque de momento, a veces su ayuda nos","robots":{"index":"index","follow":"follow","max-snippet":"max-snippet:-1","max-image-preview":"max-image-preview:large","max-video-preview":"max-video-preview:-1"},"canonical":"https:\/\/www.editorialjuventud.es\/ca\/cuando-hay-que-trabajar-9788426129352\/","og_locale":"ca_ES","og_type":"article","og_title":"Cuando hay que trabajar - Editorial Juventud","og_description":"Es muy importante animar a los peque\u00f1os a ayudar en lo que puedan, y que lo hagan de buena gana, como un juego. Aunque de momento, a veces su ayuda nos","og_url":"https:\/\/www.editorialjuventud.es\/ca\/cuando-hay-que-trabajar-9788426129352\/","og_site_name":"Editorial Juventud","article_modified_time":"2023-07-04T11:20:04+00:00","og_image":[{"width":375,"height":450,"url":"https:\/\/www.editorialjuventud.es\/wp-content\/uploads\/2935.jpg","type":"image\/jpeg"}],"twitter_card":"summary_large_image","twitter_misc":{"Temps estimat de lectura":"1 minut"},"schema":{"@context":"https:\/\/schema.org","@graph":[{"@type":"WebPage","@id":"https:\/\/www.editorialjuventud.es\/ca\/cuando-hay-que-trabajar-9788426129352\/","url":"https:\/\/www.editorialjuventud.es\/ca\/cuando-hay-que-trabajar-9788426129352\/","name":"Cuando hay que trabajar - Editorial Juventud","isPartOf":{"@id":"https:\/\/www.editorialjuventud.es\/#website"},"primaryImageOfPage":{"@id":"https:\/\/www.editorialjuventud.es\/ca\/cuando-hay-que-trabajar-9788426129352\/#primaryimage"},"image":{"@id":"https:\/\/www.editorialjuventud.es\/ca\/cuando-hay-que-trabajar-9788426129352\/#primaryimage"},"thumbnailUrl":"https:\/\/www.editorialjuventud.es\/wp-content\/uploads\/2935.jpg","datePublished":"2018-08-24T08:24:16+00:00","dateModified":"2023-07-04T11:20:04+00:00","description":"Es muy importante animar a los peque\u00f1os a ayudar en lo que puedan, y que lo hagan de buena gana, como un juego. Aunque de momento, a veces su ayuda nos","breadcrumb":{"@id":"https:\/\/www.editorialjuventud.es\/ca\/cuando-hay-que-trabajar-9788426129352\/#breadcrumb"},"inLanguage":"ca","potentialAction":[{"@type":"ReadAction","target":["https:\/\/www.editorialjuventud.es\/ca\/cuando-hay-que-trabajar-9788426129352\/"]}]},{"@type":"ImageObject","inLanguage":"ca","@id":"https:\/\/www.editorialjuventud.es\/ca\/cuando-hay-que-trabajar-9788426129352\/#primaryimage","url":"https:\/\/www.editorialjuventud.es\/wp-content\/uploads\/2935.jpg","contentUrl":"https:\/\/www.editorialjuventud.es\/wp-content\/uploads\/2935.jpg","width":375,"height":450,"caption":"2935.jpg"},{"@type":"BreadcrumbList","@id":"https:\/\/www.editorialjuventud.es\/ca\/cuando-hay-que-trabajar-9788426129352\/#breadcrumb","itemListElement":[{"@type":"ListItem","position":1,"name":"Portada","item":"https:\/\/www.editorialjuventud.es\/"},{"@type":"ListItem","position":2,"name":"cat\u00e1logo","item":"https:\/\/www.editorialjuventud.es\/coleccion\/catalogo\/"},{"@type":"ListItem","position":3,"name":"castellano","item":"https:\/\/www.editorialjuventud.es\/coleccion\/castellano\/"},{"@type":"ListItem","position":4,"name":"Mis Primeros Libros","item":"https:\/\/www.editorialjuventud.es\/coleccion\/mis-primeros-libros\/"},{"@type":"ListItem","position":5,"name":"Cuando hay que trabajar"}]},{"@type":"WebSite","@id":"https:\/\/www.editorialjuventud.es\/#website","url":"https:\/\/www.editorialjuventud.es\/","name":"Editorial Juventud","description":"","potentialAction":[{"@type":"SearchAction","target":{"@type":"EntryPoint","urlTemplate":"https:\/\/www.editorialjuventud.es\/?s={search_term_string}"},"query-input":{"@type":"PropertyValueSpecification","valueRequired":true,"valueName":"search_term_string"}}],"inLanguage":"ca"}]}},"_links":{"self":[{"href":"https:\/\/www.editorialjuventud.es\/ca\/wp-json\/wp\/v2\/product\/5120","targetHints":{"allow":["GET"]}}],"collection":[{"href":"https:\/\/www.editorialjuventud.es\/ca\/wp-json\/wp\/v2\/product"}],"about":[{"href":"https:\/\/www.editorialjuventud.es\/ca\/wp-json\/wp\/v2\/types\/product"}],"wp:featuredmedia":[{"embeddable":true,"href":"https:\/\/www.editorialjuventud.es\/ca\/wp-json\/wp\/v2\/media\/7160"}],"wp:attachment":[{"href":"https:\/\/www.editorialjuventud.es\/ca\/wp-json\/wp\/v2\/media?parent=5120"}],"wp:term":[{"taxonomy":"product_brand","embeddable":true,"href":"https:\/\/www.editorialjuventud.es\/ca\/wp-json\/wp\/v2\/product_brand?post=5120"},{"taxonomy":"product_cat","embeddable":true,"href":"https:\/\/www.editorialjuventud.es\/ca\/wp-json\/wp\/v2\/product_cat?post=5120"},{"taxonomy":"product_tag","embeddable":true,"href":"https:\/\/www.editorialjuventud.es\/ca\/wp-json\/wp\/v2\/product_tag?post=5120"},{"taxonomy":"coleccion","embeddable":true,"href":"https:\/\/www.editorialjuventud.es\/ca\/wp-json\/wp\/v2\/coleccion?post=5120"}],"curies":[{"name":"wp","href":"https:\/\/api.w.org\/{rel}","templated":true}]}}