{"id":5116,"date":"2018-08-24T12:23:55","date_gmt":"2018-08-24T08:23:55","guid":{"rendered":"http:\/\/www.editorialjuventud.es\/tamata-y-la-alianza\/"},"modified":"2022-11-23T17:37:04","modified_gmt":"2022-11-23T16:37:04","slug":"tamata-y-la-alianza-9788426129314","status":"publish","type":"product","link":"https:\/\/www.editorialjuventud.es\/ca\/tamata-y-la-alianza-9788426129314\/","title":{"rendered":"Tamata y la Alianza"},"content":{"rendered":"<p>Tamata y la Alianza es el relato de la aventura de una vida. Bajo la mirada atenta de los dioses de su Asia natal, Bernard Moitessier nos cuenta su m\u00e1gica juventud en Indochina. En su pueblo del golfo de Siam, que dej\u00f3 en \u00e9l una huella indeleble, oye por primera vez la llamada del mar. Despu\u00e9s se inicia una guerra fratricida entre franceses y vietnamitas, que le obliga a salir se su pa\u00eds hacia el inmenso horizonte a bordo de su junco Marie Ther\u00e8se. Inicia una aventura mar\u00edtima y humana con m\u00faltiples facetas, la de un pionero, marcada por continuas luchas por conquistar y preservar sus opciones fundamentales. Despu\u00e9s de cumplir los cuarenta a\u00f1os emprender\u00e1 el \u0093Largo viaje\u0094, asombrosa navegaci\u00f3n en solitario durante seis meses y sin escalas y de la que saldr\u00e1 transformado para siempre.<br \/>\nDespu\u00e9s de este giro fundamental y durante los siguientes veinticinco a\u00f1os, se esfuerza por transmitir (en Polinesia, en Am\u00e9rica y en Europa) las cosas esenciales que la vida le ha ense\u00f1ado: participar en la evoluci\u00f3n del mundo transformando nuestros sue\u00f1os en actos creadores.<br \/>\nTamata y la Alianza se lee como un cuento \u00e9pico en donde, en cada encrucijada de una existencia plena de vueltas imprevisibles, se enfrentan el ni\u00f1o mimado por los dioses y su terrible enemigo el Drag\u00f3n.<br \/>\nTamata y la Alianza es el resultado de una fe absoluta en nuestro libre albedr\u00edo: somos nosotros solos quienes, en vez de sufrirlo, guiamos nuestro destino. Moitessier, en este libro, lanza un grito de alarma a sus contempor\u00e1neos sobre la urgencia del despertar de las conciencias a nivel planetario.<br \/>\nTamata y la Alianza es la mirada serena de un hombre hojeando su \u00e1lbum de fotos, el recorrido de un vagabundo que se atreve a plantear objetivos m\u00e1s grandes que su propia persona. El \u00faltimo objetivo que ata\u00f1e a todos los humanos.<\/p>\n","protected":false},"excerpt":{"rendered":"Tamata y la Alianza es el relato de la aventura de una vida. Bajo la mirada atenta de los dioses de su Asia natal, Bernard Moitessier nos cuenta su m\u00e1gica juventud en Indochina. En su pueblo del golfo de Siam, [&hellip;]","protected":false},"featured_media":7140,"template":"","meta":{"_acf_changed":false,"_exactmetrics_skip_tracking":false,"_exactmetrics_sitenote_active":false,"_exactmetrics_sitenote_note":"","_exactmetrics_sitenote_category":0},"product_brand":[],"product_cat":[905,892,1115,1120,1117],"product_tag":[],"coleccion":[],"class_list":{"0":"post-5116","1":"product","2":"type-product","3":"status-publish","4":"has-post-thumbnail","6":"product_cat-adulto","7":"product_cat-edades","8":"product_cat-generos","9":"product_cat-nautica","10":"product_cat-no-ficcion-adulto","12":"first","13":"instock","14":"taxable","15":"shipping-taxable","16":"purchasable","17":"product-type-simple"},"acf":{"autor":"Moitessier, Bernard","codart":"2931-5","ediciones":"1","encuadernacion":"R\u00fastica","fecha_de_publicacion":"28\/11\/1995","novedad":"0","paginas":"398","subtitulo":"","texto_web_adicional":"","texto_web_novedad":"","orden":"999","portada":"0","texto_web_resaltado":"","indice":"","autores-libros":[16508],"ilustradores-libros":"","traductores-libros":"","fecha_de_reimpresion":"","descripcion_corta":"","recomendamos":"","mas_vendido":"","idioma-libro":"","color":false,"formato":"","mas_informacion_del_producto":false,"premios":false,"deshabilitar_compra":["deshabilitar"],"texto_enlace_cubierta":"","enlace_cubierta":false,"texto_enlace_ficha_tecnica":"","enlace_ficha_tecnica":false,"ficheros":false,"titulo-fr":"","texto-fr":""},"yoast_head":"<!-- This site is optimized with the Yoast SEO plugin v27.5 - https:\/\/yoast.com\/product\/yoast-seo-wordpress\/ -->\n<title>Tamata y la Alianza - Editorial Juventud<\/title>\n<meta name=\"description\" content=\"Tamata y la Alianza es el relato de la aventura de una vida. Bajo la mirada atenta de los dioses de su Asia natal, Bernard Moitessier nos cuenta su m\u00e1gica\" \/>\n<meta name=\"robots\" content=\"index, follow, max-snippet:-1, max-image-preview:large, max-video-preview:-1\" \/>\n<link rel=\"canonical\" href=\"https:\/\/www.editorialjuventud.es\/ca\/tamata-y-la-alianza-9788426129314\/\" \/>\n<meta property=\"og:locale\" content=\"ca_ES\" \/>\n<meta property=\"og:type\" content=\"article\" \/>\n<meta property=\"og:title\" content=\"Tamata y la Alianza - Editorial Juventud\" \/>\n<meta property=\"og:description\" content=\"Tamata y la Alianza es el relato de la aventura de una vida. Bajo la mirada atenta de los dioses de su Asia natal, Bernard Moitessier nos cuenta su m\u00e1gica\" \/>\n<meta property=\"og:url\" content=\"https:\/\/www.editorialjuventud.es\/ca\/tamata-y-la-alianza-9788426129314\/\" \/>\n<meta property=\"og:site_name\" content=\"Editorial Juventud\" \/>\n<meta property=\"article:modified_time\" content=\"2022-11-23T16:37:04+00:00\" \/>\n<meta property=\"og:image\" content=\"https:\/\/www.editorialjuventud.es\/wp-content\/uploads\/2931.jpg\" \/>\n\t<meta property=\"og:image:width\" content=\"302\" \/>\n\t<meta property=\"og:image:height\" content=\"450\" \/>\n\t<meta property=\"og:image:type\" content=\"image\/jpeg\" \/>\n<meta name=\"twitter:card\" content=\"summary_large_image\" \/>\n<meta name=\"twitter:label1\" content=\"Temps estimat de lectura\" \/>\n\t<meta name=\"twitter:data1\" content=\"2 minuts\" \/>\n<script type=\"application\/ld+json\" class=\"yoast-schema-graph\">{\"@context\":\"https:\\\/\\\/schema.org\",\"@graph\":[{\"@type\":\"WebPage\",\"@id\":\"https:\\\/\\\/www.editorialjuventud.es\\\/ca\\\/tamata-y-la-alianza-9788426129314\\\/\",\"url\":\"https:\\\/\\\/www.editorialjuventud.es\\\/ca\\\/tamata-y-la-alianza-9788426129314\\\/\",\"name\":\"Tamata y la Alianza - Editorial Juventud\",\"isPartOf\":{\"@id\":\"https:\\\/\\\/www.editorialjuventud.es\\\/#website\"},\"primaryImageOfPage\":{\"@id\":\"https:\\\/\\\/www.editorialjuventud.es\\\/ca\\\/tamata-y-la-alianza-9788426129314\\\/#primaryimage\"},\"image\":{\"@id\":\"https:\\\/\\\/www.editorialjuventud.es\\\/ca\\\/tamata-y-la-alianza-9788426129314\\\/#primaryimage\"},\"thumbnailUrl\":\"https:\\\/\\\/www.editorialjuventud.es\\\/wp-content\\\/uploads\\\/2931.jpg\",\"datePublished\":\"2018-08-24T08:23:55+00:00\",\"dateModified\":\"2022-11-23T16:37:04+00:00\",\"description\":\"Tamata y la Alianza es el relato de la aventura de una vida. Bajo la mirada atenta de los dioses de su Asia natal, Bernard Moitessier nos cuenta su m\u00e1gica\",\"breadcrumb\":{\"@id\":\"https:\\\/\\\/www.editorialjuventud.es\\\/ca\\\/tamata-y-la-alianza-9788426129314\\\/#breadcrumb\"},\"inLanguage\":\"ca\",\"potentialAction\":[{\"@type\":\"ReadAction\",\"target\":[\"https:\\\/\\\/www.editorialjuventud.es\\\/ca\\\/tamata-y-la-alianza-9788426129314\\\/\"]}]},{\"@type\":\"ImageObject\",\"inLanguage\":\"ca\",\"@id\":\"https:\\\/\\\/www.editorialjuventud.es\\\/ca\\\/tamata-y-la-alianza-9788426129314\\\/#primaryimage\",\"url\":\"https:\\\/\\\/www.editorialjuventud.es\\\/wp-content\\\/uploads\\\/2931.jpg\",\"contentUrl\":\"https:\\\/\\\/www.editorialjuventud.es\\\/wp-content\\\/uploads\\\/2931.jpg\",\"width\":302,\"height\":450,\"caption\":\"2931.jpg\"},{\"@type\":\"BreadcrumbList\",\"@id\":\"https:\\\/\\\/www.editorialjuventud.es\\\/ca\\\/tamata-y-la-alianza-9788426129314\\\/#breadcrumb\",\"itemListElement\":[{\"@type\":\"ListItem\",\"position\":1,\"name\":\"Portada\",\"item\":\"https:\\\/\\\/www.editorialjuventud.es\\\/\"},{\"@type\":\"ListItem\",\"position\":2,\"name\":\"Tamata y la Alianza\"}]},{\"@type\":\"WebSite\",\"@id\":\"https:\\\/\\\/www.editorialjuventud.es\\\/#website\",\"url\":\"https:\\\/\\\/www.editorialjuventud.es\\\/\",\"name\":\"Editorial Juventud\",\"description\":\"\",\"potentialAction\":[{\"@type\":\"SearchAction\",\"target\":{\"@type\":\"EntryPoint\",\"urlTemplate\":\"https:\\\/\\\/www.editorialjuventud.es\\\/?s={search_term_string}\"},\"query-input\":{\"@type\":\"PropertyValueSpecification\",\"valueRequired\":true,\"valueName\":\"search_term_string\"}}],\"inLanguage\":\"ca\"}]}<\/script>\n<!-- \/ Yoast SEO plugin. -->","yoast_head_json":{"title":"Tamata y la Alianza - Editorial Juventud","description":"Tamata y la Alianza es el relato de la aventura de una vida. Bajo la mirada atenta de los dioses de su Asia natal, Bernard Moitessier nos cuenta su m\u00e1gica","robots":{"index":"index","follow":"follow","max-snippet":"max-snippet:-1","max-image-preview":"max-image-preview:large","max-video-preview":"max-video-preview:-1"},"canonical":"https:\/\/www.editorialjuventud.es\/ca\/tamata-y-la-alianza-9788426129314\/","og_locale":"ca_ES","og_type":"article","og_title":"Tamata y la Alianza - Editorial Juventud","og_description":"Tamata y la Alianza es el relato de la aventura de una vida. Bajo la mirada atenta de los dioses de su Asia natal, Bernard Moitessier nos cuenta su m\u00e1gica","og_url":"https:\/\/www.editorialjuventud.es\/ca\/tamata-y-la-alianza-9788426129314\/","og_site_name":"Editorial Juventud","article_modified_time":"2022-11-23T16:37:04+00:00","og_image":[{"width":302,"height":450,"url":"https:\/\/www.editorialjuventud.es\/wp-content\/uploads\/2931.jpg","type":"image\/jpeg"}],"twitter_card":"summary_large_image","twitter_misc":{"Temps estimat de lectura":"2 minuts"},"schema":{"@context":"https:\/\/schema.org","@graph":[{"@type":"WebPage","@id":"https:\/\/www.editorialjuventud.es\/ca\/tamata-y-la-alianza-9788426129314\/","url":"https:\/\/www.editorialjuventud.es\/ca\/tamata-y-la-alianza-9788426129314\/","name":"Tamata y la Alianza - Editorial Juventud","isPartOf":{"@id":"https:\/\/www.editorialjuventud.es\/#website"},"primaryImageOfPage":{"@id":"https:\/\/www.editorialjuventud.es\/ca\/tamata-y-la-alianza-9788426129314\/#primaryimage"},"image":{"@id":"https:\/\/www.editorialjuventud.es\/ca\/tamata-y-la-alianza-9788426129314\/#primaryimage"},"thumbnailUrl":"https:\/\/www.editorialjuventud.es\/wp-content\/uploads\/2931.jpg","datePublished":"2018-08-24T08:23:55+00:00","dateModified":"2022-11-23T16:37:04+00:00","description":"Tamata y la Alianza es el relato de la aventura de una vida. Bajo la mirada atenta de los dioses de su Asia natal, Bernard Moitessier nos cuenta su m\u00e1gica","breadcrumb":{"@id":"https:\/\/www.editorialjuventud.es\/ca\/tamata-y-la-alianza-9788426129314\/#breadcrumb"},"inLanguage":"ca","potentialAction":[{"@type":"ReadAction","target":["https:\/\/www.editorialjuventud.es\/ca\/tamata-y-la-alianza-9788426129314\/"]}]},{"@type":"ImageObject","inLanguage":"ca","@id":"https:\/\/www.editorialjuventud.es\/ca\/tamata-y-la-alianza-9788426129314\/#primaryimage","url":"https:\/\/www.editorialjuventud.es\/wp-content\/uploads\/2931.jpg","contentUrl":"https:\/\/www.editorialjuventud.es\/wp-content\/uploads\/2931.jpg","width":302,"height":450,"caption":"2931.jpg"},{"@type":"BreadcrumbList","@id":"https:\/\/www.editorialjuventud.es\/ca\/tamata-y-la-alianza-9788426129314\/#breadcrumb","itemListElement":[{"@type":"ListItem","position":1,"name":"Portada","item":"https:\/\/www.editorialjuventud.es\/"},{"@type":"ListItem","position":2,"name":"Tamata y la Alianza"}]},{"@type":"WebSite","@id":"https:\/\/www.editorialjuventud.es\/#website","url":"https:\/\/www.editorialjuventud.es\/","name":"Editorial Juventud","description":"","potentialAction":[{"@type":"SearchAction","target":{"@type":"EntryPoint","urlTemplate":"https:\/\/www.editorialjuventud.es\/?s={search_term_string}"},"query-input":{"@type":"PropertyValueSpecification","valueRequired":true,"valueName":"search_term_string"}}],"inLanguage":"ca"}]}},"_links":{"self":[{"href":"https:\/\/www.editorialjuventud.es\/ca\/wp-json\/wp\/v2\/product\/5116","targetHints":{"allow":["GET"]}}],"collection":[{"href":"https:\/\/www.editorialjuventud.es\/ca\/wp-json\/wp\/v2\/product"}],"about":[{"href":"https:\/\/www.editorialjuventud.es\/ca\/wp-json\/wp\/v2\/types\/product"}],"wp:featuredmedia":[{"embeddable":true,"href":"https:\/\/www.editorialjuventud.es\/ca\/wp-json\/wp\/v2\/media\/7140"}],"wp:attachment":[{"href":"https:\/\/www.editorialjuventud.es\/ca\/wp-json\/wp\/v2\/media?parent=5116"}],"wp:term":[{"taxonomy":"product_brand","embeddable":true,"href":"https:\/\/www.editorialjuventud.es\/ca\/wp-json\/wp\/v2\/product_brand?post=5116"},{"taxonomy":"product_cat","embeddable":true,"href":"https:\/\/www.editorialjuventud.es\/ca\/wp-json\/wp\/v2\/product_cat?post=5116"},{"taxonomy":"product_tag","embeddable":true,"href":"https:\/\/www.editorialjuventud.es\/ca\/wp-json\/wp\/v2\/product_tag?post=5116"},{"taxonomy":"coleccion","embeddable":true,"href":"https:\/\/www.editorialjuventud.es\/ca\/wp-json\/wp\/v2\/coleccion?post=5116"}],"curies":[{"name":"wp","href":"https:\/\/api.w.org\/{rel}","templated":true}]}}